{"id":31,"date":"2020-06-17T10:17:29","date_gmt":"2020-06-17T08:17:29","guid":{"rendered":"https:\/\/forschung.fh-kaernten.at\/abms\/?page_id=31"},"modified":"2021-05-04T10:31:19","modified_gmt":"2021-05-04T08:31:19","slug":"ueber-uns","status":"publish","type":"page","link":"https:\/\/forschung.fh-kaernten.at\/abms\/","title":{"rendered":"\u00dcber uns"},"content":{"rendered":"<h2>\u00dcber uns<\/h2>\n<p>Nach heutigem Wissensstand gibt es keine M\u00f6glichkeit, chemische Energie ohne jegliches Risiko zu speichern. Jede Speichertechnologie erfordert ein st\u00e4ndiges \u00dcberwachen und ein effizientes Management, um Sicherheitsrisiken zu verringern. Dabei ist die Speichertechnologie ein Schl\u00fcsselelement f\u00fcr eine erfolgreiche Zukunft im Einklang mit den Ressourcen unseres Planeten. Die Forschungsgruppe ABMS arbeitet daher an Kernfragen rund um das Thema Management von Li-ionen Batterien (BMS), um deren Effizienz und Sicherheit weiter zu erh\u00f6hen.<\/p>\n<h2>Ziele<\/h2>\n<p>Im Rahmen der Forschungsarbeit haben wir uns zum Ziel gesetzt, die folgenden Kernfragen zu beantworten:<\/p>\n<ul>\n<li>Wie wirkt sich der Einsatz moderner BMS-Konzepte auf die Gewichtsoptimierung von Li-Zellen aus?<\/li>\n<li>L\u00e4sst sich mithilfe innovativer Steuerungskonzepte sowie einer neuartigen Leistungselektronik-Topologie die Lebenszeit einer LIB weiter erh\u00f6hen?<\/li>\n<li>Kann mithilfe von intelligentem System-Design die Anwender-Sicherheit garantiert oder sogar erh\u00f6ht werden?<\/li>\n<\/ul>\n<h2>Nutzen<\/h2>\n<p>Ein Beispiel: Lithium-Ionen-Batterien (LIBs) tragen massiv zum Gesamtgewicht eines batteriebetriebenen Fahrzeuges (BEV) bei. Im Vergleich zu konventionellen Antriebsstr\u00e4ngen mit Verbrennungsmotoren ist daher permanent mehr Energie notwendig, um ein BEV zu beschleunigen. Diese Fragestellung l\u00e4sst sich auf jegliche Anwendung \u00fcbertragen, welches ein hochdynamisches Lastkollektiv aufweist. Genau hier m\u00f6chten wir mit unserer Arbeit der LIB bei ihrem Durchbruch helfen und das Gesamtsystem weiter optimieren \u2013 zum Beispiel durch eine Intelligente Anpassung.<\/p>\n<h2>Ergebnisse<\/h2>\n<p>Erste Simulationen der erarbeiteten Topologie liefern vielversprechende Ergebnisse, Messungen am realen System sollen im Laufe dieses Jahres eine Best\u00e4tigung liefern.<\/p>\n<h2>Leitung<\/h2>\n<p><iframe scrolling=\"no\" marginheight=\"0\" marginwidth=\"0\" src=\"about:blank\" aria-label=\"FH K\u00e4rnten Europastra\u00dfe 4, 9524 Villach\" frameborder=\"0\" class=\"lazyload\" data-src=\"https:\/\/maps.google.com\/maps?q=FH%20K%C3%A4rnten%20Europastra%C3%9Fe%204%2C%209524%20Villach&amp;t=m&amp;z=14&amp;output=embed&amp;iwloc=near\"><\/iframe><\/p>\n<p>Dipl.-Ing. Dr. Wolfgang Werth<br \/>\nDr. Christoph Ungermanns<\/p>\n<p>KONTAKT:<br \/>\nCampus Villach 9524, Europastr.4<br \/>\nT: +43 5 \/ 90500 \u2013 2125<br \/>\nwww.fh-kaernten.at<\/p>\n<p>MITARBEITERINNEN:<br \/>\nHeinz-Peter Liechtenecker, BSc MSc<\/p>\n<p>KOOPERATIONSPARTNER:<br \/>\nTU Graz, Institut f\u00fcr Regelungs- und Automatisierungstechnik<\/p>\n","protected":false},"excerpt":{"rendered":"<p>\u00dcber uns Nach heutigem Wissensstand gibt es keine M\u00f6glichkeit, chemische Energie ohne jegliches Risiko zu speichern. Jede Speichertechnologie erfordert ein st\u00e4ndiges \u00dcberwachen [&hellip;]<\/p>\n","protected":false},"author":48,"featured_media":0,"parent":0,"menu_order":0,"comment_status":"closed","ping_status":"closed","template":"elementor_header_footer","meta":{"_crdt_document":"","inline_featured_image":false,"footnotes":""},"class_list":["post-31","page","type-page","status-publish","hentry"],"_links":{"self":[{"href":"https:\/\/forschung.fh-kaernten.at\/abms\/wp-json\/wp\/v2\/pages\/31","targetHints":{"allow":["GET"]}}],"collection":[{"href":"https:\/\/forschung.fh-kaernten.at\/abms\/wp-json\/wp\/v2\/pages"}],"about":[{"href":"https:\/\/forschung.fh-kaernten.at\/abms\/wp-json\/wp\/v2\/types\/page"}],"author":[{"embeddable":true,"href":"https:\/\/forschung.fh-kaernten.at\/abms\/wp-json\/wp\/v2\/users\/48"}],"replies":[{"embeddable":true,"href":"https:\/\/forschung.fh-kaernten.at\/abms\/wp-json\/wp\/v2\/comments?post=31"}],"version-history":[{"count":0,"href":"https:\/\/forschung.fh-kaernten.at\/abms\/wp-json\/wp\/v2\/pages\/31\/revisions"}],"wp:attachment":[{"href":"https:\/\/forschung.fh-kaernten.at\/abms\/wp-json\/wp\/v2\/media?parent=31"}],"curies":[{"name":"wp","href":"https:\/\/api.w.org\/{rel}","templated":true}]}}