{"id":115,"date":"2025-09-23T15:48:21","date_gmt":"2025-09-23T13:48:21","guid":{"rendered":"https:\/\/forschung.fh-kaernten.at\/angebotseinholung\/?page_id=115"},"modified":"2026-04-14T09:35:10","modified_gmt":"2026-04-14T07:35:10","slug":"uebersicht-2","status":"publish","type":"page","link":"https:\/\/forschung.fh-kaernten.at\/angebotseinholung\/","title":{"rendered":"\u00dcbersicht"},"content":{"rendered":"\t\t<div data-elementor-type=\"wp-page\" data-elementor-id=\"115\" class=\"elementor elementor-115\" data-elementor-post-type=\"page\">\n\t\t\t\t<div class=\"elementor-element elementor-element-5318ac3 e-flex e-con-boxed e-con e-parent\" data-id=\"5318ac3\" data-element_type=\"container\" data-e-type=\"container\">\n\t\t\t\t\t<div class=\"e-con-inner\">\n\t\t\t\t<div class=\"elementor-element elementor-element-4bf58df elementor-widget elementor-widget-text-editor\" data-id=\"4bf58df\" data-element_type=\"widget\" data-e-type=\"widget\" data-widget_type=\"text-editor.default\">\n\t\t\t\t<div class=\"elementor-widget-container\">\n\t\t\t\t\t\t\t\t\t<p>F\u00fcr das Infrastrukturprojekt BioDivTech Lab der FFG &#8211; F&amp;E Infrastrukturf\u00f6rderung Ausschreibung 2023 (FFG Projektnummer: FO999912144) l\u00e4dt die FH K\u00e4rnten gGmbH als Auftraggeber zur unverbindlichen Angebotseinholung ein. Wir freuen uns auf Ihr aussagekr\u00e4ftiges Angebot gem\u00e4\u00df den untenstehenden Daten. N\u00e4here Informationen sind via den angegebenen Kontakten m\u00f6glich.<\/p>\t\t\t\t\t\t\t\t<\/div>\n\t\t\t\t<\/div>\n\t\t\t\t\t<\/div>\n\t\t\t\t<\/div>\n\t\t<div class=\"elementor-element elementor-element-e035c5a e-flex e-con-boxed e-con e-parent\" data-id=\"e035c5a\" data-element_type=\"container\" data-e-type=\"container\">\n\t\t\t\t\t<div class=\"e-con-inner\">\n\t\t<div class=\"elementor-element elementor-element-94b8145 e-con-full e-flex e-con e-child\" data-id=\"94b8145\" data-element_type=\"container\" data-e-type=\"container\">\n\t\t\t\t<\/div>\n\t\t<div class=\"elementor-element elementor-element-8394d7d e-con-full e-flex e-con e-child\" data-id=\"8394d7d\" data-element_type=\"container\" data-e-type=\"container\">\n\t\t\t\t<div class=\"elementor-element elementor-element-4b3648c elementor-widget elementor-widget-image\" data-id=\"4b3648c\" data-element_type=\"widget\" data-e-type=\"widget\" data-widget_type=\"image.default\">\n\t\t\t\t<div class=\"elementor-widget-container\">\n\t\t\t\t\t\t\t\t\t\t\t\t\t\t\t<img fetchpriority=\"high\" decoding=\"async\" width=\"1024\" height=\"228\" src=\"data:image\/gif;base64,R0lGODlhAQABAAAAACH5BAEKAAEALAAAAAABAAEAAAICTAEAOw==\" class=\"attachment-large size-large wp-image-48 lazyload\" alt=\"\" sizes=\"(max-width: 1024px) 100vw, 1024px\" data-src=\"https:\/\/forschung.fh-kaernten.at\/angebotseinholung\/files\/2025\/05\/Co-fundedbytheEU-1024x228.jpg\" data-srcset=\"https:\/\/forschung.fh-kaernten.at\/angebotseinholung\/files\/2025\/05\/Co-fundedbytheEU-1024x228.jpg 1024w, https:\/\/forschung.fh-kaernten.at\/angebotseinholung\/files\/2025\/05\/Co-fundedbytheEU-300x67.jpg 300w, https:\/\/forschung.fh-kaernten.at\/angebotseinholung\/files\/2025\/05\/Co-fundedbytheEU-768x171.jpg 768w, https:\/\/forschung.fh-kaernten.at\/angebotseinholung\/files\/2025\/05\/Co-fundedbytheEU-1536x343.jpg 1536w, https:\/\/forschung.fh-kaernten.at\/angebotseinholung\/files\/2025\/05\/Co-fundedbytheEU-2048x457.jpg 2048w, https:\/\/forschung.fh-kaernten.at\/angebotseinholung\/files\/2025\/05\/Co-fundedbytheEU-1000x223.jpg 1000w, https:\/\/forschung.fh-kaernten.at\/angebotseinholung\/files\/2025\/05\/Co-fundedbytheEU-230x51.jpg 230w, https:\/\/forschung.fh-kaernten.at\/angebotseinholung\/files\/2025\/05\/Co-fundedbytheEU-350x78.jpg 350w, https:\/\/forschung.fh-kaernten.at\/angebotseinholung\/files\/2025\/05\/Co-fundedbytheEU-480x107.jpg 480w\">\t\t\t\t\t\t\t\t\t\t\t\t\t\t\t<\/div>\n\t\t\t\t<\/div>\n\t\t\t\t<\/div>\n\t\t<div class=\"elementor-element elementor-element-d9023a7 e-con-full e-flex e-con e-child\" data-id=\"d9023a7\" data-element_type=\"container\" data-e-type=\"container\">\n\t\t\t\t<div class=\"elementor-element elementor-element-6c3fb74 elementor-widget elementor-widget-image\" data-id=\"6c3fb74\" data-element_type=\"widget\" data-e-type=\"widget\" data-widget_type=\"image.default\">\n\t\t\t\t<div class=\"elementor-widget-container\">\n\t\t\t\t\t\t\t\t\t\t\t\t\t\t\t<img decoding=\"async\" width=\"1024\" height=\"228\" src=\"data:image\/gif;base64,R0lGODlhAQABAAAAACH5BAEKAAEALAAAAAABAAEAAAICTAEAOw==\" class=\"attachment-large size-large wp-image-49 lazyload\" alt=\"\" sizes=\"(max-width: 1024px) 100vw, 1024px\" data-src=\"https:\/\/forschung.fh-kaernten.at\/angebotseinholung\/files\/2025\/05\/logo-ffg-web-1024x228.jpg\" data-srcset=\"https:\/\/forschung.fh-kaernten.at\/angebotseinholung\/files\/2025\/05\/logo-ffg-web-1024x228.jpg 1024w, https:\/\/forschung.fh-kaernten.at\/angebotseinholung\/files\/2025\/05\/logo-ffg-web-300x67.jpg 300w, https:\/\/forschung.fh-kaernten.at\/angebotseinholung\/files\/2025\/05\/logo-ffg-web-768x171.jpg 768w, https:\/\/forschung.fh-kaernten.at\/angebotseinholung\/files\/2025\/05\/logo-ffg-web-1536x343.jpg 1536w, https:\/\/forschung.fh-kaernten.at\/angebotseinholung\/files\/2025\/05\/logo-ffg-web-2048x457.jpg 2048w, https:\/\/forschung.fh-kaernten.at\/angebotseinholung\/files\/2025\/05\/logo-ffg-web-1000x223.jpg 1000w, https:\/\/forschung.fh-kaernten.at\/angebotseinholung\/files\/2025\/05\/logo-ffg-web-230x51.jpg 230w, https:\/\/forschung.fh-kaernten.at\/angebotseinholung\/files\/2025\/05\/logo-ffg-web-350x78.jpg 350w, https:\/\/forschung.fh-kaernten.at\/angebotseinholung\/files\/2025\/05\/logo-ffg-web-480x107.jpg 480w\">\t\t\t\t\t\t\t\t\t\t\t\t\t\t\t<\/div>\n\t\t\t\t<\/div>\n\t\t\t\t<\/div>\n\t\t<div class=\"elementor-element elementor-element-facbb6a e-con-full e-flex e-con e-child\" data-id=\"facbb6a\" data-element_type=\"container\" data-e-type=\"container\">\n\t\t\t\t<\/div>\n\t\t\t\t\t<\/div>\n\t\t\t\t<\/div>\n\t\t<div class=\"elementor-element elementor-element-7049639 e-con-full e-flex e-con e-parent\" data-id=\"7049639\" data-element_type=\"container\" data-e-type=\"container\">\n\t\t\t\t<div class=\"elementor-element elementor-element-172e62ec elementor-widget elementor-widget-text-editor\" data-id=\"172e62ec\" data-element_type=\"widget\" data-e-type=\"widget\" data-widget_type=\"text-editor.default\">\n\t\t\t\t<div class=\"elementor-widget-container\">\n\t\t\t\t\t\t\t\t\t<table style=\"height: 201px;width: 90.5754%;border-collapse: collapse\">\n<tbody>\n<tr style=\"height: 48px\">\n<td style=\"width: 4.0713%;height: 48px\"><strong>Auftraggeber<\/strong><\/td>\n<td style=\"width: 15.7761%;height: 48px\"><strong>Gegenstand<\/strong><\/td>\n<td style=\"width: 63.2263%;height: 48px\"><strong>technische Spezifikation<\/strong><\/td>\n<td style=\"width: 1.12486%;height: 48px\"><strong>Zeitraum f\u00fcr Angebots\u00fcber-mittlung<\/strong><\/td>\n<td style=\"width: 24.2379%;height: 48px\"><strong>Kontakt<\/strong><\/td>\n<td style=\"width: 0.423729%;height: 48px\"><strong>Anmerkungen<\/strong>\u00a0<\/td>\n<\/tr>\n<tr style=\"height: 478px\">\n<td style=\"width: 4.0713%;height: 105px;text-align: left\"><span style=\"text-align: center\">FH K\u00e4rnten gGmbH<\/span><\/td>\n<td style=\"width: 15.7761%;height: 105px;text-align: left\">\u00a0<\/td>\n<td style=\"width: 63.2263%;height: 105px;text-align: left\">\n<p>\u00a0<\/p>\n<p>\u00a0<\/p>\n<\/td>\n<td style=\"width: 1.12486%;height: 105px;text-align: left\">\u00a0<\/td>\n<td style=\"width: 24.2379%;height: 105px\">\u00a0<\/td>\n<td style=\"width: 0.423729%;height: 105px\">\u00a0<\/td>\n<\/tr>\n<tr style=\"height: 48px\">\n<td style=\"width: 4.0713%;height: 48px\">FH K\u00e4rnten gGmbH<\/td>\n<td style=\"width: 15.7761%;height: 48px\">\u00a0<\/td>\n<td style=\"width: 63.2263%;height: 48px\">\u00a0<\/td>\n<td style=\"width: 1.12486%;height: 48px\">\u00a0<\/td>\n<td style=\"width: 24.2379%;height: 48px\">\u00a0<\/td>\n<td style=\"width: 0.423729%;height: 48px\">\u00a0<\/td>\n<\/tr>\n<\/tbody>\n<\/table>\n<figure><\/p>\n<\/figure>\n<p><!-- \/wp:gallery --><!-- wp:columns --><\/p>\n<div>\n<p><!-- wp:column {\"width\":\"100%\"} --><\/p>\n<div style=\"flex-basis: 100%\">\n<p><!-- wp:table --><\/p>\n<figure><\/figure>\n<p><!-- \/wp:table --><\/p>\n<\/div>\n<p><!-- \/wp:column --><\/p>\n<\/div>\t\t\t\t\t\t\t\t<\/div>\n\t\t\t\t<\/div>\n\t\t\t\t<\/div>\n\t\t<div class=\"elementor-element elementor-element-4e032ff e-con-full e-flex e-con e-parent\" data-id=\"4e032ff\" data-element_type=\"container\" data-e-type=\"container\">\n\t\t\t\t<div class=\"elementor-element elementor-element-af861bb elementor-widget elementor-widget-text-editor\" data-id=\"af861bb\" data-element_type=\"widget\" data-e-type=\"widget\" data-widget_type=\"text-editor.default\">\n\t\t\t\t<div class=\"elementor-widget-container\">\n\t\t\t\t\t\t\t\t\t<table style=\"width: 100%;border-collapse: collapse\">\n<tbody>\n<tr>\n<td style=\"width: 4.0713%\"><strong>Projekt<\/strong><\/td>\n<td style=\"width: 15.7761%\"><strong>F\u00f6rder-<br \/>geber<\/strong><\/td>\n<td style=\"width: 10.6038%\"><strong>Auftrag-<br \/>geber<\/strong><\/td>\n<td style=\"width: 8.9838%\"><strong>Gegen-<br \/>stand<\/strong><\/td>\n<td style=\"width: 18.4478%\"><strong>technische Spezifikation<\/strong><\/td>\n<td style=\"width: 4.89824%\">\n<p><strong>Zeitraum f\u00fcr Angebots-\u00fcbermittlung<\/strong><\/p>\n<\/td>\n<td style=\"width: 2.44912%\"><strong>Kontakt<\/strong><\/td>\n<td style=\"width: 2.44912%\"><strong>Anmerkungen<br \/><\/strong><\/td>\n<\/tr>\n<tr>\n<td style=\"width: 4.0713%;text-align: left\">SCORE, FFG Projektnummer FO999920335 \u00a0<\/td>\n<td style=\"width: 15.7761%;text-align: left\">\u00d6sterreichische Forschungs-f\u00f6rderungsgesellschaft mbH (FFG)<\/td>\n<td style=\"width: 10.6038%;text-align: left\">FH K\u00e4rnten gGmbH\u00a0<\/td>\n<td style=\"width: 8.9838%;text-align: left\">\n<p>Hydraulische Spannbacken\u00a0f\u00fcr einachsige Pr\u00fcfungen, bestehend aus:<\/p>\n<p>Spannbacken<\/p>\n<p>Externe Hydraulikeinheit einschlie\u00dflich Steuerung<\/p>\n<\/td>\n<td style=\"width: 18.4478%;text-align: left\">\n<p><strong>Spannbacken<\/strong><\/p>\n<p>Mindestens\u00a0500 kN dynamische und mindestens\u00a0550 kN statische axiale Belastungskapazit\u00e4t<\/p>\n<p>Geeignet f\u00fcr\u00a0statische und zyklische Belastung<\/p>\n<p>Geeignet f\u00fcr Zug-Druck-Wechsellastversuche mit Nulldurchgang<\/p>\n<p>Geeignet f\u00fcr Universalpr\u00fcfmaschine mit einem freien Innenraum von 94 \u00d7 105 cm (die erste Abmessung bezieht sich auf die Rahmenebene, die zweite auf die Richtung der T\u00fcren).<\/p>\n<p>Ausf\u00fchrung\u00a0zur Befestigung an einer Universalpr\u00fcfmaschine mittels Gewindestifts\u00a0mit 40 mm Nenndurchmesser<\/p>\n<p>Als Option ist eine\u00a0Ausf\u00fchrung zur Befestigung an einem Belastungsrahmen (z. B. mit Hilfe eines Stahladapters)<\/p>\n<p>Geeignet f\u00fcr Rundproben mit einem Durchmesserbereich von 5 mm bis 60\u00a0mm<\/p>\n<p>Geeignet f\u00fcr Flachproben bis zu einer Dicke von mindestens 40 mm (50 mm bevorzugt) sowie mit einer Spannfl\u00e4che von mindestens 125 mm \u00d7 100 mm, vorzugsweise \u2265 150 mm \u00d7 150 mm, optimal 200 mm H\u00f6he.<\/p>\n<p><strong>Externe Hydraulikeinheit einschlie\u00dflich Steuerung<\/strong><\/p>\n<p>Regelbarer Hydraulikdruck mit mindestens 400 bar Maximaldruck, vorzugsweise h\u00f6her (eine Spannkraft von etwa maximal 1000 kN)<\/p>\n<p style=\"text-align: left\">Bei den flachen Pr\u00fcfk\u00f6rpern handelt es sich in erster Linie um (bewehrte) Betonplatten, w\u00e4hrend die runden Pr\u00fcfk\u00f6rper aus Metall oder Verbundwerkstoffen\u00a0bestehen k\u00f6nnen.<\/p>\n<\/td>\n<td style=\"width: 4.89824%\">14.04. &#8211;\u00a0 28.04.2026<\/td>\n<td style=\"width: 2.44912%\"><a href=\"mailto:meszoely@fh-kaernten.at\">meszoely@fh-kaernten.at<\/a><\/td>\n<td style=\"width: 2.44912%\">\u00a0<\/td>\n<\/tr>\n<tr>\n<td style=\"width: 4.0713%\">\u00a0<\/td>\n<td style=\"width: 15.7761%\">\u00a0<\/td>\n<td style=\"width: 10.6038%\">\u00a0<\/td>\n<td style=\"width: 8.9838%\">\u00a0<\/td>\n<td style=\"width: 18.4478%\">\u00a0<\/td>\n<td style=\"width: 4.89824%\">\u00a0<\/td>\n<td style=\"width: 2.44912%\">\u00a0<\/td>\n<td style=\"width: 2.44912%\">\u00a0<\/td>\n<\/tr>\n<\/tbody>\n<\/table>\n<figure><!-- wp:image {\"id\":48,\"sizeSlug\":\"full\",\"linkDestination\":\"none\"} -->\n<p>\u00a0<\/p>\n<figure><\/figure>\n<p><!-- \/wp:image --><!-- wp:image {\"id\":49,\"sizeSlug\":\"full\",\"linkDestination\":\"none\"} --><\/p>\n<figure><\/figure>\n<p><!-- \/wp:image --><\/p>\n<\/figure>\n<p><!-- \/wp:gallery --><!-- wp:columns --><\/p>\n<div>\n<p><!-- wp:column {\"width\":\"100%\"} --><\/p>\n<div style=\"flex-basis: 100%\">\n<p><!-- wp:table --><\/p>\n<figure><\/figure>\n<p><!-- \/wp:table --><\/p>\n<\/div>\n<p><!-- \/wp:column --><\/p>\n<\/div>\t\t\t\t\t\t\t\t<\/div>\n\t\t\t\t<\/div>\n\t\t\t\t<\/div>\n\t\t\t\t<\/div>\n\t\t","protected":false},"excerpt":{"rendered":"<p>F\u00fcr das Infrastrukturprojekt BioDivTech Lab der FFG &#8211; F&amp;E Infrastrukturf\u00f6rderung Ausschreibung 2023 (FFG Projektnummer: FO999912144) l\u00e4dt die FH K\u00e4rnten gGmbH als Auftraggeber [&hellip;]<\/p>\n","protected":false},"author":48,"featured_media":0,"parent":0,"menu_order":0,"comment_status":"closed","ping_status":"closed","template":"elementor_header_footer","meta":{"_crdt_document":"","inline_featured_image":false,"footnotes":""},"class_list":["post-115","page","type-page","status-publish","hentry"],"yoast_head":"<!-- This site is optimized with the Yoast SEO plugin v27.5 - https:\/\/yoast.com\/product\/yoast-seo-wordpress\/ -->\n<title>\u00dcbersicht - Angebotseinholung<\/title>\n<meta name=\"robots\" content=\"index, follow, max-snippet:-1, max-image-preview:large, max-video-preview:-1\" \/>\n<link rel=\"canonical\" href=\"https:\/\/forschung.fh-kaernten.at\/angebotseinholung\/\" \/>\n<meta property=\"og:locale\" content=\"de_DE\" \/>\n<meta property=\"og:type\" content=\"article\" \/>\n<meta property=\"og:title\" content=\"\u00dcbersicht - Angebotseinholung\" \/>\n<meta property=\"og:description\" content=\"F\u00fcr das Infrastrukturprojekt BioDivTech Lab der FFG &#8211; F&amp;E Infrastrukturf\u00f6rderung Ausschreibung 2023 (FFG Projektnummer: FO999912144) l\u00e4dt die FH K\u00e4rnten gGmbH als Auftraggeber [&hellip;]\" \/>\n<meta property=\"og:url\" content=\"https:\/\/forschung.fh-kaernten.at\/angebotseinholung\/\" \/>\n<meta property=\"og:site_name\" content=\"Angebotseinholung\" \/>\n<meta property=\"article:modified_time\" content=\"2026-04-14T07:35:10+00:00\" \/>\n<meta property=\"og:image\" content=\"https:\/\/forschung.fh-kaernten.at\/angebotseinholung\/files\/2025\/05\/Co-fundedbytheEU-scaled.jpg\" \/>\n\t<meta property=\"og:image:width\" content=\"2560\" \/>\n\t<meta property=\"og:image:height\" content=\"571\" \/>\n\t<meta property=\"og:image:type\" content=\"image\/jpeg\" \/>\n<meta name=\"twitter:card\" content=\"summary_large_image\" \/>\n<meta name=\"twitter:label1\" content=\"Gesch\u00e4tzte Lesezeit\" \/>\n\t<meta name=\"twitter:data1\" content=\"2\u00a0Minuten\" \/>\n<script type=\"application\/ld+json\" class=\"yoast-schema-graph\">{\"@context\":\"https:\\\/\\\/schema.org\",\"@graph\":[{\"@type\":\"WebPage\",\"@id\":\"https:\\\/\\\/forschung.fh-kaernten.at\\\/angebotseinholung\\\/\",\"url\":\"https:\\\/\\\/forschung.fh-kaernten.at\\\/angebotseinholung\\\/\",\"name\":\"\u00dcbersicht - Angebotseinholung\",\"isPartOf\":{\"@id\":\"https:\\\/\\\/forschung.fh-kaernten.at\\\/angebotseinholung\\\/#website\"},\"primaryImageOfPage\":{\"@id\":\"https:\\\/\\\/forschung.fh-kaernten.at\\\/angebotseinholung\\\/#primaryimage\"},\"image\":{\"@id\":\"https:\\\/\\\/forschung.fh-kaernten.at\\\/angebotseinholung\\\/#primaryimage\"},\"thumbnailUrl\":\"https:\\\/\\\/forschung.fh-kaernten.at\\\/angebotseinholung\\\/files\\\/2025\\\/05\\\/Co-fundedbytheEU-1024x228.jpg\",\"datePublished\":\"2025-09-23T13:48:21+00:00\",\"dateModified\":\"2026-04-14T07:35:10+00:00\",\"breadcrumb\":{\"@id\":\"https:\\\/\\\/forschung.fh-kaernten.at\\\/angebotseinholung\\\/#breadcrumb\"},\"inLanguage\":\"de\",\"potentialAction\":[{\"@type\":\"ReadAction\",\"target\":[\"https:\\\/\\\/forschung.fh-kaernten.at\\\/angebotseinholung\\\/\"]}]},{\"@type\":\"ImageObject\",\"inLanguage\":\"de\",\"@id\":\"https:\\\/\\\/forschung.fh-kaernten.at\\\/angebotseinholung\\\/#primaryimage\",\"url\":\"https:\\\/\\\/forschung.fh-kaernten.at\\\/angebotseinholung\\\/files\\\/2025\\\/05\\\/Co-fundedbytheEU-scaled.jpg\",\"contentUrl\":\"https:\\\/\\\/forschung.fh-kaernten.at\\\/angebotseinholung\\\/files\\\/2025\\\/05\\\/Co-fundedbytheEU-scaled.jpg\",\"width\":2560,\"height\":571},{\"@type\":\"BreadcrumbList\",\"@id\":\"https:\\\/\\\/forschung.fh-kaernten.at\\\/angebotseinholung\\\/#breadcrumb\",\"itemListElement\":[{\"@type\":\"ListItem\",\"position\":1,\"name\":\"Startseite\",\"item\":\"https:\\\/\\\/forschung.fh-kaernten.at\\\/angebotseinholung\\\/\"},{\"@type\":\"ListItem\",\"position\":2,\"name\":\"\u00dcbersicht\"}]},{\"@type\":\"WebSite\",\"@id\":\"https:\\\/\\\/forschung.fh-kaernten.at\\\/angebotseinholung\\\/#website\",\"url\":\"https:\\\/\\\/forschung.fh-kaernten.at\\\/angebotseinholung\\\/\",\"name\":\"Angebotseinholung\",\"description\":\"Forschung @ FH K\u00e4rnten\",\"potentialAction\":[{\"@type\":\"SearchAction\",\"target\":{\"@type\":\"EntryPoint\",\"urlTemplate\":\"https:\\\/\\\/forschung.fh-kaernten.at\\\/angebotseinholung\\\/?s={search_term_string}\"},\"query-input\":{\"@type\":\"PropertyValueSpecification\",\"valueRequired\":true,\"valueName\":\"search_term_string\"}}],\"inLanguage\":\"de\"}]}<\/script>\n<!-- \/ Yoast SEO plugin. -->","yoast_head_json":{"title":"\u00dcbersicht - Angebotseinholung","robots":{"index":"index","follow":"follow","max-snippet":"max-snippet:-1","max-image-preview":"max-image-preview:large","max-video-preview":"max-video-preview:-1"},"canonical":"https:\/\/forschung.fh-kaernten.at\/angebotseinholung\/","og_locale":"de_DE","og_type":"article","og_title":"\u00dcbersicht - Angebotseinholung","og_description":"F\u00fcr das Infrastrukturprojekt BioDivTech Lab der FFG &#8211; F&amp;E Infrastrukturf\u00f6rderung Ausschreibung 2023 (FFG Projektnummer: FO999912144) l\u00e4dt die FH K\u00e4rnten gGmbH als Auftraggeber [&hellip;]","og_url":"https:\/\/forschung.fh-kaernten.at\/angebotseinholung\/","og_site_name":"Angebotseinholung","article_modified_time":"2026-04-14T07:35:10+00:00","og_image":[{"width":2560,"height":571,"url":"https:\/\/forschung.fh-kaernten.at\/angebotseinholung\/files\/2025\/05\/Co-fundedbytheEU-scaled.jpg","type":"image\/jpeg"}],"twitter_card":"summary_large_image","twitter_misc":{"Gesch\u00e4tzte Lesezeit":"2\u00a0Minuten"},"schema":{"@context":"https:\/\/schema.org","@graph":[{"@type":"WebPage","@id":"https:\/\/forschung.fh-kaernten.at\/angebotseinholung\/","url":"https:\/\/forschung.fh-kaernten.at\/angebotseinholung\/","name":"\u00dcbersicht - Angebotseinholung","isPartOf":{"@id":"https:\/\/forschung.fh-kaernten.at\/angebotseinholung\/#website"},"primaryImageOfPage":{"@id":"https:\/\/forschung.fh-kaernten.at\/angebotseinholung\/#primaryimage"},"image":{"@id":"https:\/\/forschung.fh-kaernten.at\/angebotseinholung\/#primaryimage"},"thumbnailUrl":"https:\/\/forschung.fh-kaernten.at\/angebotseinholung\/files\/2025\/05\/Co-fundedbytheEU-1024x228.jpg","datePublished":"2025-09-23T13:48:21+00:00","dateModified":"2026-04-14T07:35:10+00:00","breadcrumb":{"@id":"https:\/\/forschung.fh-kaernten.at\/angebotseinholung\/#breadcrumb"},"inLanguage":"de","potentialAction":[{"@type":"ReadAction","target":["https:\/\/forschung.fh-kaernten.at\/angebotseinholung\/"]}]},{"@type":"ImageObject","inLanguage":"de","@id":"https:\/\/forschung.fh-kaernten.at\/angebotseinholung\/#primaryimage","url":"https:\/\/forschung.fh-kaernten.at\/angebotseinholung\/files\/2025\/05\/Co-fundedbytheEU-scaled.jpg","contentUrl":"https:\/\/forschung.fh-kaernten.at\/angebotseinholung\/files\/2025\/05\/Co-fundedbytheEU-scaled.jpg","width":2560,"height":571},{"@type":"BreadcrumbList","@id":"https:\/\/forschung.fh-kaernten.at\/angebotseinholung\/#breadcrumb","itemListElement":[{"@type":"ListItem","position":1,"name":"Startseite","item":"https:\/\/forschung.fh-kaernten.at\/angebotseinholung\/"},{"@type":"ListItem","position":2,"name":"\u00dcbersicht"}]},{"@type":"WebSite","@id":"https:\/\/forschung.fh-kaernten.at\/angebotseinholung\/#website","url":"https:\/\/forschung.fh-kaernten.at\/angebotseinholung\/","name":"Angebotseinholung","description":"Forschung @ FH K\u00e4rnten","potentialAction":[{"@type":"SearchAction","target":{"@type":"EntryPoint","urlTemplate":"https:\/\/forschung.fh-kaernten.at\/angebotseinholung\/?s={search_term_string}"},"query-input":{"@type":"PropertyValueSpecification","valueRequired":true,"valueName":"search_term_string"}}],"inLanguage":"de"}]}},"_links":{"self":[{"href":"https:\/\/forschung.fh-kaernten.at\/angebotseinholung\/wp-json\/wp\/v2\/pages\/115","targetHints":{"allow":["GET"]}}],"collection":[{"href":"https:\/\/forschung.fh-kaernten.at\/angebotseinholung\/wp-json\/wp\/v2\/pages"}],"about":[{"href":"https:\/\/forschung.fh-kaernten.at\/angebotseinholung\/wp-json\/wp\/v2\/types\/page"}],"author":[{"embeddable":true,"href":"https:\/\/forschung.fh-kaernten.at\/angebotseinholung\/wp-json\/wp\/v2\/users\/48"}],"replies":[{"embeddable":true,"href":"https:\/\/forschung.fh-kaernten.at\/angebotseinholung\/wp-json\/wp\/v2\/comments?post=115"}],"version-history":[{"count":5,"href":"https:\/\/forschung.fh-kaernten.at\/angebotseinholung\/wp-json\/wp\/v2\/pages\/115\/revisions"}],"predecessor-version":[{"id":188,"href":"https:\/\/forschung.fh-kaernten.at\/angebotseinholung\/wp-json\/wp\/v2\/pages\/115\/revisions\/188"}],"wp:attachment":[{"href":"https:\/\/forschung.fh-kaernten.at\/angebotseinholung\/wp-json\/wp\/v2\/media?parent=115"}],"curies":[{"name":"wp","href":"https:\/\/api.w.org\/{rel}","templated":true}]}}