{"id":9,"date":"2025-05-14T14:21:55","date_gmt":"2025-05-14T12:21:55","guid":{"rendered":"https:\/\/forschung.fh-kaernten.at\/angebotseinholung\/?page_id=9"},"modified":"2025-09-23T15:33:33","modified_gmt":"2025-09-23T13:33:33","slug":"uebersicht","status":"publish","type":"page","link":"https:\/\/forschung.fh-kaernten.at\/angebotseinholung\/uebersicht\/","title":{"rendered":"\u00dcbersicht"},"content":{"rendered":"\n<p class=\"wp-block-paragraph\">F\u00fcr das Infrastrukturprojekt BioDivTech Lab der FFG &#8211; F&amp;E Infrastrukturf\u00f6rderung Ausschreibung 2023 (FFG Projektnummer: FO999912144) l\u00e4dt die FH K\u00e4rnten gGmbH als Auftraggeber zur unverbindlichen Angebotseinholung ein. Wir freuen uns auf Ihr aussagekr\u00e4ftiges Angebot gem\u00e4\u00df den untenstehenden Daten. N\u00e4here Informationen sind via den angegebenen Kontakten m\u00f6glich.<\/p>\n\n\n\n<figure class=\"wp-block-gallery has-nested-images columns-default is-cropped wp-block-gallery-1 is-layout-flex wp-block-gallery-is-layout-flex\">\n<figure class=\"wp-block-image size-full\"><img fetchpriority=\"high\" decoding=\"async\" width=\"2560\" height=\"571\" data-id=\"48\" src=\"data:image\/gif;base64,R0lGODlhAQABAAAAACH5BAEKAAEALAAAAAABAAEAAAICTAEAOw==\" alt=\"\" class=\"wp-image-48 lazyload\" sizes=\"(max-width: 2560px) 100vw, 2560px\" data-src=\"https:\/\/forschung.fh-kaernten.at\/angebotseinholung\/files\/2025\/05\/Co-fundedbytheEU-scaled.jpg\" data-srcset=\"https:\/\/forschung.fh-kaernten.at\/angebotseinholung\/files\/2025\/05\/Co-fundedbytheEU-scaled.jpg 2560w, https:\/\/forschung.fh-kaernten.at\/angebotseinholung\/files\/2025\/05\/Co-fundedbytheEU-300x67.jpg 300w, https:\/\/forschung.fh-kaernten.at\/angebotseinholung\/files\/2025\/05\/Co-fundedbytheEU-1024x228.jpg 1024w, https:\/\/forschung.fh-kaernten.at\/angebotseinholung\/files\/2025\/05\/Co-fundedbytheEU-768x171.jpg 768w, https:\/\/forschung.fh-kaernten.at\/angebotseinholung\/files\/2025\/05\/Co-fundedbytheEU-1536x343.jpg 1536w, https:\/\/forschung.fh-kaernten.at\/angebotseinholung\/files\/2025\/05\/Co-fundedbytheEU-2048x457.jpg 2048w, https:\/\/forschung.fh-kaernten.at\/angebotseinholung\/files\/2025\/05\/Co-fundedbytheEU-1000x223.jpg 1000w, https:\/\/forschung.fh-kaernten.at\/angebotseinholung\/files\/2025\/05\/Co-fundedbytheEU-230x51.jpg 230w, https:\/\/forschung.fh-kaernten.at\/angebotseinholung\/files\/2025\/05\/Co-fundedbytheEU-350x78.jpg 350w, https:\/\/forschung.fh-kaernten.at\/angebotseinholung\/files\/2025\/05\/Co-fundedbytheEU-480x107.jpg 480w\"><\/figure>\n\n\n\n<figure class=\"wp-block-image size-full\"><img decoding=\"async\" width=\"2560\" height=\"571\" data-id=\"49\" src=\"data:image\/gif;base64,R0lGODlhAQABAAAAACH5BAEKAAEALAAAAAABAAEAAAICTAEAOw==\" alt=\"\" class=\"wp-image-49 lazyload\" sizes=\"(max-width: 2560px) 100vw, 2560px\" data-src=\"https:\/\/forschung.fh-kaernten.at\/angebotseinholung\/files\/2025\/05\/logo-ffg-web-scaled.jpg\" data-srcset=\"https:\/\/forschung.fh-kaernten.at\/angebotseinholung\/files\/2025\/05\/logo-ffg-web-scaled.jpg 2560w, https:\/\/forschung.fh-kaernten.at\/angebotseinholung\/files\/2025\/05\/logo-ffg-web-300x67.jpg 300w, https:\/\/forschung.fh-kaernten.at\/angebotseinholung\/files\/2025\/05\/logo-ffg-web-1024x228.jpg 1024w, https:\/\/forschung.fh-kaernten.at\/angebotseinholung\/files\/2025\/05\/logo-ffg-web-768x171.jpg 768w, https:\/\/forschung.fh-kaernten.at\/angebotseinholung\/files\/2025\/05\/logo-ffg-web-1536x343.jpg 1536w, https:\/\/forschung.fh-kaernten.at\/angebotseinholung\/files\/2025\/05\/logo-ffg-web-2048x457.jpg 2048w, https:\/\/forschung.fh-kaernten.at\/angebotseinholung\/files\/2025\/05\/logo-ffg-web-1000x223.jpg 1000w, https:\/\/forschung.fh-kaernten.at\/angebotseinholung\/files\/2025\/05\/logo-ffg-web-230x51.jpg 230w, https:\/\/forschung.fh-kaernten.at\/angebotseinholung\/files\/2025\/05\/logo-ffg-web-350x78.jpg 350w, https:\/\/forschung.fh-kaernten.at\/angebotseinholung\/files\/2025\/05\/logo-ffg-web-480x107.jpg 480w\"><\/figure>\n<\/figure>\n\n\n\n<div class=\"wp-block-columns is-layout-flex wp-container-core-columns-is-layout-7387b849 wp-block-columns-is-layout-flex\">\n<div class=\"wp-block-column is-layout-flow wp-block-column-is-layout-flow\" style=\"flex-basis:100%\">\n<div class=\"wp-block-columns is-layout-flex wp-container-core-columns-is-layout-7387b849 wp-block-columns-is-layout-flex\">\n<div class=\"wp-block-column is-layout-flow wp-block-column-is-layout-flow\" style=\"flex-basis:100%\">\n<div class=\"wp-block-columns is-layout-flex wp-container-core-columns-is-layout-7387b849 wp-block-columns-is-layout-flex\">\n<div class=\"wp-block-column is-layout-flow wp-block-column-is-layout-flow\" style=\"flex-basis:100%\">\n<div class=\"wp-block-columns is-layout-flex wp-container-core-columns-is-layout-7387b849 wp-block-columns-is-layout-flex\">\n<div class=\"wp-block-column is-layout-flow wp-block-column-is-layout-flow\" style=\"flex-basis:100%\">\n<div class=\"wp-block-columns is-layout-flex wp-container-core-columns-is-layout-7387b849 wp-block-columns-is-layout-flex\">\n<div class=\"wp-block-column is-layout-flow wp-block-column-is-layout-flow\" style=\"flex-basis:100%\">\n<figure class=\"wp-block-table\"><table class=\"has-fixed-layout\"><thead><tr><th>Auftraggeber<\/th><th>Gegenstand<\/th><th>technische Spezifikation<\/th><th>Zeitraum f\u00fcr Angebots\u00fcbermittlung<\/th><th>Kontakt<\/th><th>Anmerkungen<\/th><\/tr><\/thead><tbody><tr><td>FH K\u00e4rnten gGmbH<\/td><td>Aufbau f\u00fcr Fahrgestell Ford Transit 2025.75 Fahrgestell Allrad Trend L2H1 350<\/td><td>Merkmale f\u00fcr den Aufbau:<br>L\u00e4nge Aussen ~ 3050mm<br>Breite Aussen ~2100mm<br>Innenh\u00f6he ~2050mm<br>eine einfl\u00fcgelige Sandwich Seitent\u00fcre ( in Rechter Seitenwand )<br>eine Sandwichklappe in Linker Seitenwand maximale L\u00e4nge &amp; H\u00f6he<br>2 Reihen Zurrschienen an den Seitenw\u00e4nden &amp; Vorderwand<br>umlaufender Palettenschutz<br>Ladebordwand mit folgenden Anforderungen:<br>\u2022 Hubkraft 750 Kg\/600mm Stahl \/ Alu<br>\u2022 Tragkraft: 750kg<br>\u2022 AluLite &#8211; Plattform<br>\u2022 Mit eingebauter Abrollsicherung in der Plattform<br>\u2022 2 St\u00fcck LED Warnblinkleuchten in der Plattform montiert<br>\u2022 Au\u00dfensteuerung als Zweihandsicherheitssteuerung mittels 2 Kreuzhebelschalter ausgef\u00fchrt<br>\u2022 Handsteuerung mit Spiralkabel und Fu\u00dfsteuerung zus\u00e4tzlich montiert<br>\u2022 Massekabel, Fahrerhauseinschaltung mit Kontrolllicht<br>\u2022 Automatische mechanische Schr\u00e4gstellung in Bodenn\u00e4he<br>\u2022 Leiselaufaggregat 12 Volt im Tragrohr gesch\u00fctzt montiert<br>\u2022 CE-Sicherheitsnormpaket inkl. Reflektierenden Warnflaggen<br>\u2022 Komplette Unterkonstruktion schwarz pulverbeschichtet<br>\u2022 Anh\u00e4ngerkupplung Kugel<br>Elektrische Ausr\u00fcstung:<br>\u2022 2 orange Grillblitzer in LED Technik im K\u00fchlergrill<br>\u2022 2 orange Heckblitzer in LED Technick<br>\u2022 Umfeldbeleuchtung 2 Stk. links, 2 Stk. rechts, 1 Stk. im Heck<br>\u2022 Laderaumbeleuchtung LED &#8211; Lichtband<br>\u2022 4 Stk. Steckdose 230 V im Aufbau<br>\u2022 Einspei\u00dfung 230 V und Ladung der Fahrzeugbatterie<\/td><td>24.09.2025 &#8211; 08.10.2025<\/td><td>g.pirker@fh-kaernten.at<\/td><td>&nbsp;<\/td><\/tr><tr><td>FH K\u00e4rnten gGmbH<\/td><td>2 Hand Laserscanner inkl. GNSS<br>Echtzeit Visualisierung<br>Farbige Punktwolken<\/td><td>Anwendungsgebiet:<br>Wald-Forstanalyse<br>Gel\u00e4ndemodellierung<br>Baustellendokumentation<br>erstellen von Digitalen Zwillingen<\/td><td>24.09.2025 &#8211; 08.10.2025<\/td><td>u.scherling@fh-kaernten.at<\/td><td><\/td><\/tr><tr><td><\/td><td><\/td><td><\/td><td><br><\/td><td><\/td><td><\/td><\/tr><\/tbody><\/table><\/figure>\n<\/div>\n<\/div>\n<\/div>\n<\/div>\n<\/div>\n<\/div>\n<\/div>\n<\/div>\n<\/div>\n<\/div>\n\n\n\n<p class=\"wp-block-paragraph\">&nbsp;<\/p>\n\n\n\n<p class=\"wp-block-paragraph\"><\/p>\n","protected":false},"excerpt":{"rendered":"<p>F\u00fcr das Infrastrukturprojekt BioDivTech Lab der FFG &#8211; F&amp;E Infrastrukturf\u00f6rderung Ausschreibung 2023 (FFG Projektnummer: FO999912144) l\u00e4dt die FH K\u00e4rnten gGmbH als Auftraggeber [&hellip;]<\/p>\n","protected":false},"author":48,"featured_media":0,"parent":0,"menu_order":0,"comment_status":"closed","ping_status":"closed","template":"page-templates\/page_fullwidth.php","meta":{"_crdt_document":"","inline_featured_image":false,"footnotes":""},"class_list":["post-9","page","type-page","status-publish","hentry"],"yoast_head":"<!-- This site is optimized with the Yoast SEO plugin v27.5 - https:\/\/yoast.com\/product\/yoast-seo-wordpress\/ -->\n<title>\u00dcbersicht - Angebotseinholung<\/title>\n<meta name=\"robots\" content=\"index, follow, max-snippet:-1, max-image-preview:large, max-video-preview:-1\" \/>\n<link rel=\"canonical\" href=\"https:\/\/forschung.fh-kaernten.at\/angebotseinholung\/uebersicht\/\" \/>\n<meta property=\"og:locale\" content=\"de_DE\" \/>\n<meta property=\"og:type\" content=\"article\" \/>\n<meta property=\"og:title\" content=\"\u00dcbersicht - Angebotseinholung\" \/>\n<meta property=\"og:description\" content=\"F\u00fcr das Infrastrukturprojekt BioDivTech Lab der FFG &#8211; F&amp;E Infrastrukturf\u00f6rderung Ausschreibung 2023 (FFG Projektnummer: FO999912144) l\u00e4dt die FH K\u00e4rnten gGmbH als Auftraggeber [&hellip;]\" \/>\n<meta property=\"og:url\" content=\"https:\/\/forschung.fh-kaernten.at\/angebotseinholung\/uebersicht\/\" \/>\n<meta property=\"og:site_name\" content=\"Angebotseinholung\" \/>\n<meta property=\"article:modified_time\" content=\"2025-09-23T13:33:33+00:00\" \/>\n<meta property=\"og:image\" content=\"https:\/\/forschung.fh-kaernten.at\/angebotseinholung\/files\/2025\/05\/Co-fundedbytheEU-scaled.jpg\" \/>\n\t<meta property=\"og:image:width\" content=\"2560\" \/>\n\t<meta property=\"og:image:height\" content=\"571\" \/>\n\t<meta property=\"og:image:type\" content=\"image\/jpeg\" \/>\n<meta name=\"twitter:card\" content=\"summary_large_image\" \/>\n<meta name=\"twitter:label1\" content=\"Gesch\u00e4tzte Lesezeit\" \/>\n\t<meta name=\"twitter:data1\" content=\"2\u00a0Minuten\" \/>\n<script type=\"application\/ld+json\" class=\"yoast-schema-graph\">{\"@context\":\"https:\\\/\\\/schema.org\",\"@graph\":[{\"@type\":\"WebPage\",\"@id\":\"https:\\\/\\\/forschung.fh-kaernten.at\\\/angebotseinholung\\\/uebersicht\\\/\",\"url\":\"https:\\\/\\\/forschung.fh-kaernten.at\\\/angebotseinholung\\\/uebersicht\\\/\",\"name\":\"\u00dcbersicht - Angebotseinholung\",\"isPartOf\":{\"@id\":\"https:\\\/\\\/forschung.fh-kaernten.at\\\/angebotseinholung\\\/#website\"},\"primaryImageOfPage\":{\"@id\":\"https:\\\/\\\/forschung.fh-kaernten.at\\\/angebotseinholung\\\/uebersicht\\\/#primaryimage\"},\"image\":{\"@id\":\"https:\\\/\\\/forschung.fh-kaernten.at\\\/angebotseinholung\\\/uebersicht\\\/#primaryimage\"},\"thumbnailUrl\":\"https:\\\/\\\/forschung.fh-kaernten.at\\\/angebotseinholung\\\/files\\\/2025\\\/05\\\/Co-fundedbytheEU-scaled.jpg\",\"datePublished\":\"2025-05-14T12:21:55+00:00\",\"dateModified\":\"2025-09-23T13:33:33+00:00\",\"breadcrumb\":{\"@id\":\"https:\\\/\\\/forschung.fh-kaernten.at\\\/angebotseinholung\\\/uebersicht\\\/#breadcrumb\"},\"inLanguage\":\"de\",\"potentialAction\":[{\"@type\":\"ReadAction\",\"target\":[\"https:\\\/\\\/forschung.fh-kaernten.at\\\/angebotseinholung\\\/uebersicht\\\/\"]}]},{\"@type\":\"ImageObject\",\"inLanguage\":\"de\",\"@id\":\"https:\\\/\\\/forschung.fh-kaernten.at\\\/angebotseinholung\\\/uebersicht\\\/#primaryimage\",\"url\":\"https:\\\/\\\/forschung.fh-kaernten.at\\\/angebotseinholung\\\/files\\\/2025\\\/05\\\/Co-fundedbytheEU-scaled.jpg\",\"contentUrl\":\"https:\\\/\\\/forschung.fh-kaernten.at\\\/angebotseinholung\\\/files\\\/2025\\\/05\\\/Co-fundedbytheEU-scaled.jpg\",\"width\":2560,\"height\":571},{\"@type\":\"BreadcrumbList\",\"@id\":\"https:\\\/\\\/forschung.fh-kaernten.at\\\/angebotseinholung\\\/uebersicht\\\/#breadcrumb\",\"itemListElement\":[{\"@type\":\"ListItem\",\"position\":1,\"name\":\"Startseite\",\"item\":\"https:\\\/\\\/forschung.fh-kaernten.at\\\/angebotseinholung\\\/\"},{\"@type\":\"ListItem\",\"position\":2,\"name\":\"\u00dcbersicht\"}]},{\"@type\":\"WebSite\",\"@id\":\"https:\\\/\\\/forschung.fh-kaernten.at\\\/angebotseinholung\\\/#website\",\"url\":\"https:\\\/\\\/forschung.fh-kaernten.at\\\/angebotseinholung\\\/\",\"name\":\"Angebotseinholung\",\"description\":\"Forschung @ FH K\u00e4rnten\",\"potentialAction\":[{\"@type\":\"SearchAction\",\"target\":{\"@type\":\"EntryPoint\",\"urlTemplate\":\"https:\\\/\\\/forschung.fh-kaernten.at\\\/angebotseinholung\\\/?s={search_term_string}\"},\"query-input\":{\"@type\":\"PropertyValueSpecification\",\"valueRequired\":true,\"valueName\":\"search_term_string\"}}],\"inLanguage\":\"de\"}]}<\/script>\n<!-- \/ Yoast SEO plugin. -->","yoast_head_json":{"title":"\u00dcbersicht - Angebotseinholung","robots":{"index":"index","follow":"follow","max-snippet":"max-snippet:-1","max-image-preview":"max-image-preview:large","max-video-preview":"max-video-preview:-1"},"canonical":"https:\/\/forschung.fh-kaernten.at\/angebotseinholung\/uebersicht\/","og_locale":"de_DE","og_type":"article","og_title":"\u00dcbersicht - Angebotseinholung","og_description":"F\u00fcr das Infrastrukturprojekt BioDivTech Lab der FFG &#8211; F&amp;E Infrastrukturf\u00f6rderung Ausschreibung 2023 (FFG Projektnummer: FO999912144) l\u00e4dt die FH K\u00e4rnten gGmbH als Auftraggeber [&hellip;]","og_url":"https:\/\/forschung.fh-kaernten.at\/angebotseinholung\/uebersicht\/","og_site_name":"Angebotseinholung","article_modified_time":"2025-09-23T13:33:33+00:00","og_image":[{"width":2560,"height":571,"url":"https:\/\/forschung.fh-kaernten.at\/angebotseinholung\/files\/2025\/05\/Co-fundedbytheEU-scaled.jpg","type":"image\/jpeg"}],"twitter_card":"summary_large_image","twitter_misc":{"Gesch\u00e4tzte Lesezeit":"2\u00a0Minuten"},"schema":{"@context":"https:\/\/schema.org","@graph":[{"@type":"WebPage","@id":"https:\/\/forschung.fh-kaernten.at\/angebotseinholung\/uebersicht\/","url":"https:\/\/forschung.fh-kaernten.at\/angebotseinholung\/uebersicht\/","name":"\u00dcbersicht - Angebotseinholung","isPartOf":{"@id":"https:\/\/forschung.fh-kaernten.at\/angebotseinholung\/#website"},"primaryImageOfPage":{"@id":"https:\/\/forschung.fh-kaernten.at\/angebotseinholung\/uebersicht\/#primaryimage"},"image":{"@id":"https:\/\/forschung.fh-kaernten.at\/angebotseinholung\/uebersicht\/#primaryimage"},"thumbnailUrl":"https:\/\/forschung.fh-kaernten.at\/angebotseinholung\/files\/2025\/05\/Co-fundedbytheEU-scaled.jpg","datePublished":"2025-05-14T12:21:55+00:00","dateModified":"2025-09-23T13:33:33+00:00","breadcrumb":{"@id":"https:\/\/forschung.fh-kaernten.at\/angebotseinholung\/uebersicht\/#breadcrumb"},"inLanguage":"de","potentialAction":[{"@type":"ReadAction","target":["https:\/\/forschung.fh-kaernten.at\/angebotseinholung\/uebersicht\/"]}]},{"@type":"ImageObject","inLanguage":"de","@id":"https:\/\/forschung.fh-kaernten.at\/angebotseinholung\/uebersicht\/#primaryimage","url":"https:\/\/forschung.fh-kaernten.at\/angebotseinholung\/files\/2025\/05\/Co-fundedbytheEU-scaled.jpg","contentUrl":"https:\/\/forschung.fh-kaernten.at\/angebotseinholung\/files\/2025\/05\/Co-fundedbytheEU-scaled.jpg","width":2560,"height":571},{"@type":"BreadcrumbList","@id":"https:\/\/forschung.fh-kaernten.at\/angebotseinholung\/uebersicht\/#breadcrumb","itemListElement":[{"@type":"ListItem","position":1,"name":"Startseite","item":"https:\/\/forschung.fh-kaernten.at\/angebotseinholung\/"},{"@type":"ListItem","position":2,"name":"\u00dcbersicht"}]},{"@type":"WebSite","@id":"https:\/\/forschung.fh-kaernten.at\/angebotseinholung\/#website","url":"https:\/\/forschung.fh-kaernten.at\/angebotseinholung\/","name":"Angebotseinholung","description":"Forschung @ FH K\u00e4rnten","potentialAction":[{"@type":"SearchAction","target":{"@type":"EntryPoint","urlTemplate":"https:\/\/forschung.fh-kaernten.at\/angebotseinholung\/?s={search_term_string}"},"query-input":{"@type":"PropertyValueSpecification","valueRequired":true,"valueName":"search_term_string"}}],"inLanguage":"de"}]}},"_links":{"self":[{"href":"https:\/\/forschung.fh-kaernten.at\/angebotseinholung\/wp-json\/wp\/v2\/pages\/9","targetHints":{"allow":["GET"]}}],"collection":[{"href":"https:\/\/forschung.fh-kaernten.at\/angebotseinholung\/wp-json\/wp\/v2\/pages"}],"about":[{"href":"https:\/\/forschung.fh-kaernten.at\/angebotseinholung\/wp-json\/wp\/v2\/types\/page"}],"author":[{"embeddable":true,"href":"https:\/\/forschung.fh-kaernten.at\/angebotseinholung\/wp-json\/wp\/v2\/users\/48"}],"replies":[{"embeddable":true,"href":"https:\/\/forschung.fh-kaernten.at\/angebotseinholung\/wp-json\/wp\/v2\/comments?post=9"}],"version-history":[{"count":0,"href":"https:\/\/forschung.fh-kaernten.at\/angebotseinholung\/wp-json\/wp\/v2\/pages\/9\/revisions"}],"wp:attachment":[{"href":"https:\/\/forschung.fh-kaernten.at\/angebotseinholung\/wp-json\/wp\/v2\/media?parent=9"}],"curies":[{"name":"wp","href":"https:\/\/api.w.org\/{rel}","templated":true}]}}