{"id":1255,"date":"2024-07-22T08:41:14","date_gmt":"2024-07-22T06:41:14","guid":{"rendered":"https:\/\/forschung.fh-kaernten.at\/autismus-freundlich\/?page_id=1255"},"modified":"2024-07-22T10:38:47","modified_gmt":"2024-07-22T08:38:47","slug":"senshome","status":"publish","type":"page","link":"https:\/\/forschung.fh-kaernten.at\/autismus-freundlich\/senshome\/","title":{"rendered":"Senshome"},"content":{"rendered":"\t\t<div data-elementor-type=\"wp-page\" data-elementor-id=\"1255\" class=\"elementor elementor-1255\">\n\t\t\t\t\t\t<section class=\"elementor-section elementor-top-section elementor-element elementor-element-61a5bf2 elementor-section-boxed elementor-section-height-default elementor-section-height-default\" data-id=\"61a5bf2\" data-element_type=\"section\" data-e-type=\"section\">\n\t\t\t\t\t\t<div class=\"elementor-container elementor-column-gap-default\">\n\t\t\t\t\t<div class=\"elementor-column elementor-col-100 elementor-top-column elementor-element elementor-element-2963e17\" data-id=\"2963e17\" data-element_type=\"column\" data-e-type=\"column\">\n\t\t\t<div class=\"elementor-widget-wrap elementor-element-populated\">\n\t\t\t\t\t\t<div class=\"elementor-element elementor-element-819082c elementor-widget elementor-widget-spacer\" data-id=\"819082c\" data-element_type=\"widget\" data-e-type=\"widget\" data-widget_type=\"spacer.default\">\n\t\t\t\t<div class=\"elementor-widget-container\">\n\t\t\t\t\t\t\t<div class=\"elementor-spacer\">\n\t\t\t<div class=\"elementor-spacer-inner\"><\/div>\n\t\t<\/div>\n\t\t\t\t\t\t<\/div>\n\t\t\t\t<\/div>\n\t\t\t\t\t<\/div>\n\t\t<\/div>\n\t\t\t\t\t<\/div>\n\t\t<\/section>\n\t\t\t\t<section class=\"elementor-section elementor-top-section elementor-element elementor-element-bd44f1c elementor-section-boxed elementor-section-height-default elementor-section-height-default\" data-id=\"bd44f1c\" data-element_type=\"section\" data-e-type=\"section\">\n\t\t\t\t\t\t<div class=\"elementor-container elementor-column-gap-default\">\n\t\t\t\t\t<div class=\"elementor-column elementor-col-100 elementor-top-column elementor-element elementor-element-9ef0eb3\" data-id=\"9ef0eb3\" data-element_type=\"column\" data-e-type=\"column\">\n\t\t\t<div class=\"elementor-widget-wrap elementor-element-populated\">\n\t\t\t\t\t\t<div class=\"elementor-element elementor-element-e05db53 elementor-widget elementor-widget-heading\" data-id=\"e05db53\" data-element_type=\"widget\" data-e-type=\"widget\" data-widget_type=\"heading.default\">\n\t\t\t\t<div class=\"elementor-widget-container\">\n\t\t\t\t\t<h2 class=\"elementor-heading-title elementor-size-default\">SENSHOME<\/h2>\t\t\t\t<\/div>\n\t\t\t\t<\/div>\n\t\t\t\t<div class=\"elementor-element elementor-element-33d4e9f elementor-widget-divider--view-line elementor-widget elementor-widget-divider\" data-id=\"33d4e9f\" data-element_type=\"widget\" data-e-type=\"widget\" data-widget_type=\"divider.default\">\n\t\t\t\t<div class=\"elementor-widget-container\">\n\t\t\t\t\t\t\t<div class=\"elementor-divider\">\n\t\t\t<span class=\"elementor-divider-separator\">\n\t\t\t\t\t\t<\/span>\n\t\t<\/div>\n\t\t\t\t\t\t<\/div>\n\t\t\t\t<\/div>\n\t\t\t\t<div class=\"elementor-element elementor-element-83a4a0a elementor-widget elementor-widget-text-editor\" data-id=\"83a4a0a\" data-element_type=\"widget\" data-e-type=\"widget\" data-widget_type=\"text-editor.default\">\n\t\t\t\t<div class=\"elementor-widget-container\">\n\t\t\t\t\t\t\t\t\t<p>In SENSHOME wurden passive Sensornetzwerke verwendet, um die Raumbedingungen (z. B. Temperatur, Luftfeuchtigkeit, Akustik usw.) zu beobachten und gegebenenfalls anzupassen, um den Komfort und das Wohlbefinden der Bewohner zu verbessern. Gleichzeitig sollten gef\u00e4hrliche Ereignisse automatisch erkannt werden. Das \u00fcbergeordnete Ziel war es, ein selbstbestimmtes, unabh\u00e4ngiges Leben f\u00fcr Menschen mit Autismus-Spektrum zu erm\u00f6glichen und ein hohes Ma\u00df an Privatsph\u00e4re zu gew\u00e4hrleisten. SENSHOME soll die L\u00fccke zwischen einer komplett unabh\u00e4ngiger Wohnumgebung und Pflegeheimen schlie\u00dfen, um betroffenen Nutzer, die einerseits auf ein gewisses Ma\u00df an Betreuung angewiesen sind, aber gleichzeitig keine st\u00e4ndige Pflege ben\u00f6tigen, zu unterst\u00fctzen. Grunds\u00e4tzlich sollte das Befinden von Personen mithilfe einer zentralen Architektur und Sensoren in der Wohnumgebung abgeleitet werden.<\/p>\t\t\t\t\t\t\t\t<\/div>\n\t\t\t\t<\/div>\n\t\t\t\t<div class=\"elementor-element elementor-element-803813d elementor-widget elementor-widget-image\" data-id=\"803813d\" data-element_type=\"widget\" data-e-type=\"widget\" data-widget_type=\"image.default\">\n\t\t\t\t<div class=\"elementor-widget-container\">\n\t\t\t\t\t\t\t\t\t\t\t\t\t\t\t<img decoding=\"async\" width=\"300\" height=\"63\" src=\"data:image\/gif;base64,R0lGODlhAQABAAAAACH5BAEKAAEALAAAAAABAAEAAAICTAEAOw==\" class=\"attachment-medium size-medium wp-image-1236 lazyload\" alt=\"\" sizes=\"(max-width: 300px) 100vw, 300px\" data-src=\"https:\/\/forschung.fh-kaernten.at\/autismus-freundlich\/files\/2024\/07\/senshome-full-1536x325-1-300x63.png\" data-srcset=\"https:\/\/forschung.fh-kaernten.at\/autismus-freundlich\/files\/2024\/07\/senshome-full-1536x325-1-300x63.png 300w, https:\/\/forschung.fh-kaernten.at\/autismus-freundlich\/files\/2024\/07\/senshome-full-1536x325-1-1024x217.png 1024w, https:\/\/forschung.fh-kaernten.at\/autismus-freundlich\/files\/2024\/07\/senshome-full-1536x325-1-768x163.png 768w, https:\/\/forschung.fh-kaernten.at\/autismus-freundlich\/files\/2024\/07\/senshome-full-1536x325-1-1000x212.png 1000w, https:\/\/forschung.fh-kaernten.at\/autismus-freundlich\/files\/2024\/07\/senshome-full-1536x325-1-230x49.png 230w, https:\/\/forschung.fh-kaernten.at\/autismus-freundlich\/files\/2024\/07\/senshome-full-1536x325-1-350x74.png 350w, https:\/\/forschung.fh-kaernten.at\/autismus-freundlich\/files\/2024\/07\/senshome-full-1536x325-1-480x102.png 480w, https:\/\/forschung.fh-kaernten.at\/autismus-freundlich\/files\/2024\/07\/senshome-full-1536x325-1.png 1536w\">\t\t\t\t\t\t\t\t\t\t\t\t\t\t\t<\/div>\n\t\t\t\t<\/div>\n\t\t\t\t<div class=\"elementor-element elementor-element-1eb3e00 elementor-widget elementor-widget-spacer\" data-id=\"1eb3e00\" data-element_type=\"widget\" data-e-type=\"widget\" data-widget_type=\"spacer.default\">\n\t\t\t\t<div class=\"elementor-widget-container\">\n\t\t\t\t\t\t\t<div class=\"elementor-spacer\">\n\t\t\t<div class=\"elementor-spacer-inner\"><\/div>\n\t\t<\/div>\n\t\t\t\t\t\t<\/div>\n\t\t\t\t<\/div>\n\t\t\t\t\t<\/div>\n\t\t<\/div>\n\t\t\t\t\t<\/div>\n\t\t<\/section>\n\t\t\t\t<section class=\"elementor-section elementor-top-section elementor-element elementor-element-0922c82 elementor-section-boxed elementor-section-height-default elementor-section-height-default\" data-id=\"0922c82\" data-element_type=\"section\" data-e-type=\"section\" data-settings=\"{&quot;background_background&quot;:&quot;classic&quot;}\">\n\t\t\t\t\t\t<div class=\"elementor-container elementor-column-gap-default\">\n\t\t\t\t\t<div class=\"elementor-column elementor-col-100 elementor-top-column elementor-element elementor-element-94cae96\" data-id=\"94cae96\" data-element_type=\"column\" data-e-type=\"column\">\n\t\t\t<div class=\"elementor-widget-wrap elementor-element-populated\">\n\t\t\t\t\t\t<div class=\"elementor-element elementor-element-0d68559 elementor-widget elementor-widget-spacer\" data-id=\"0d68559\" data-element_type=\"widget\" data-e-type=\"widget\" data-widget_type=\"spacer.default\">\n\t\t\t\t<div class=\"elementor-widget-container\">\n\t\t\t\t\t\t\t<div class=\"elementor-spacer\">\n\t\t\t<div class=\"elementor-spacer-inner\"><\/div>\n\t\t<\/div>\n\t\t\t\t\t\t<\/div>\n\t\t\t\t<\/div>\n\t\t\t\t<div class=\"elementor-element elementor-element-158be80 elementor-widget elementor-widget-heading\" data-id=\"158be80\" data-element_type=\"widget\" data-e-type=\"widget\" id=\"projektergebnisse\" data-widget_type=\"heading.default\">\n\t\t\t\t<div class=\"elementor-widget-container\">\n\t\t\t\t\t<h2 class=\"elementor-heading-title elementor-size-default\">Projektergebnisse<\/h2>\t\t\t\t<\/div>\n\t\t\t\t<\/div>\n\t\t\t\t<div class=\"elementor-element elementor-element-934cbd9 elementor-widget elementor-widget-spacer\" data-id=\"934cbd9\" data-element_type=\"widget\" data-e-type=\"widget\" data-widget_type=\"spacer.default\">\n\t\t\t\t<div class=\"elementor-widget-container\">\n\t\t\t\t\t\t\t<div class=\"elementor-spacer\">\n\t\t\t<div class=\"elementor-spacer-inner\"><\/div>\n\t\t<\/div>\n\t\t\t\t\t\t<\/div>\n\t\t\t\t<\/div>\n\t\t\t\t\t<\/div>\n\t\t<\/div>\n\t\t\t\t\t<\/div>\n\t\t<\/section>\n\t\t\t\t<section class=\"elementor-section elementor-top-section elementor-element elementor-element-d1af574 elementor-section-boxed elementor-section-height-default elementor-section-height-default\" data-id=\"d1af574\" data-element_type=\"section\" data-e-type=\"section\" data-settings=\"{&quot;background_background&quot;:&quot;classic&quot;}\">\n\t\t\t\t\t\t<div class=\"elementor-container elementor-column-gap-default\">\n\t\t\t\t\t<div class=\"elementor-column elementor-col-33 elementor-top-column elementor-element elementor-element-b8809ec\" data-id=\"b8809ec\" data-element_type=\"column\" data-e-type=\"column\">\n\t\t\t<div class=\"elementor-widget-wrap elementor-element-populated\">\n\t\t\t\t\t\t<div class=\"elementor-element elementor-element-ce90188 elementor-widget elementor-widget-text-editor\" data-id=\"ce90188\" data-element_type=\"widget\" data-e-type=\"widget\" data-widget_type=\"text-editor.default\">\n\t\t\t\t<div class=\"elementor-widget-container\">\n\t\t\t\t\t\t\t\t\t<p>Die Pr\u00e4sentationen der Abschlussveranstaltung und einige andere Videos die im Projekt SENSHOME entstanden sind, k\u00f6nnen auf unserer YouTube Seite der Forschungsgruppe ENABLE angeschaut werden:\u00a0<br \/><span style=\"color: #7792a3\">https:\/\/www.youtube.com\/@aal-communications2072<\/span><\/p><p>Weitere Projektinformationen auf der SENSHOME Website:\u00a0<br \/><span style=\"color: #7792a3\">https:\/\/senshome.projects.unibz.it\/<\/span><\/p>\t\t\t\t\t\t\t\t<\/div>\n\t\t\t\t<\/div>\n\t\t\t\t\t<\/div>\n\t\t<\/div>\n\t\t\t\t<div class=\"elementor-column elementor-col-66 elementor-top-column elementor-element elementor-element-248da5c\" data-id=\"248da5c\" data-element_type=\"column\" data-e-type=\"column\">\n\t\t\t<div class=\"elementor-widget-wrap elementor-element-populated\">\n\t\t\t\t\t\t<div class=\"elementor-element elementor-element-f64fe9c elementor-widget elementor-widget-video\" data-id=\"f64fe9c\" data-element_type=\"widget\" data-e-type=\"widget\" data-settings=\"{&quot;youtube_url&quot;:&quot;https:\\\/\\\/www.youtube.com\\\/watch?v=FGH09ny8Esg&quot;,&quot;video_type&quot;:&quot;youtube&quot;,&quot;controls&quot;:&quot;yes&quot;}\" data-widget_type=\"video.default\">\n\t\t\t\t<div class=\"elementor-widget-container\">\n\t\t\t\t\t\t\t<div class=\"elementor-wrapper elementor-open-inline\">\n\t\t\t<div class=\"elementor-video\"><\/div>\t\t<\/div>\n\t\t\t\t\t\t<\/div>\n\t\t\t\t<\/div>\n\t\t\t\t\t<\/div>\n\t\t<\/div>\n\t\t\t\t\t<\/div>\n\t\t<\/section>\n\t\t\t\t<section class=\"elementor-section elementor-top-section elementor-element elementor-element-8849cab elementor-section-boxed elementor-section-height-default elementor-section-height-default\" data-id=\"8849cab\" data-element_type=\"section\" data-e-type=\"section\" data-settings=\"{&quot;background_background&quot;:&quot;classic&quot;}\">\n\t\t\t\t\t\t<div class=\"elementor-container elementor-column-gap-default\">\n\t\t\t\t\t<div class=\"elementor-column elementor-col-100 elementor-top-column elementor-element elementor-element-6348c2d\" data-id=\"6348c2d\" data-element_type=\"column\" data-e-type=\"column\">\n\t\t\t<div class=\"elementor-widget-wrap elementor-element-populated\">\n\t\t\t\t\t\t<div class=\"elementor-element elementor-element-0842a5a elementor-widget elementor-widget-spacer\" data-id=\"0842a5a\" data-element_type=\"widget\" data-e-type=\"widget\" data-widget_type=\"spacer.default\">\n\t\t\t\t<div class=\"elementor-widget-container\">\n\t\t\t\t\t\t\t<div class=\"elementor-spacer\">\n\t\t\t<div class=\"elementor-spacer-inner\"><\/div>\n\t\t<\/div>\n\t\t\t\t\t\t<\/div>\n\t\t\t\t<\/div>\n\t\t\t\t\t<\/div>\n\t\t<\/div>\n\t\t\t\t\t<\/div>\n\t\t<\/section>\n\t\t\t\t<section class=\"elementor-section elementor-top-section elementor-element elementor-element-e8829d1 elementor-section-boxed elementor-section-height-default elementor-section-height-default\" data-id=\"e8829d1\" data-element_type=\"section\" data-e-type=\"section\">\n\t\t\t\t\t\t<div class=\"elementor-container elementor-column-gap-default\">\n\t\t\t\t\t<div class=\"elementor-column elementor-col-100 elementor-top-column elementor-element elementor-element-4620167\" data-id=\"4620167\" data-element_type=\"column\" data-e-type=\"column\">\n\t\t\t<div class=\"elementor-widget-wrap elementor-element-populated\">\n\t\t\t\t\t\t<div class=\"elementor-element elementor-element-c5059bc elementor-widget elementor-widget-spacer\" data-id=\"c5059bc\" data-element_type=\"widget\" data-e-type=\"widget\" data-widget_type=\"spacer.default\">\n\t\t\t\t<div class=\"elementor-widget-container\">\n\t\t\t\t\t\t\t<div class=\"elementor-spacer\">\n\t\t\t<div class=\"elementor-spacer-inner\"><\/div>\n\t\t<\/div>\n\t\t\t\t\t\t<\/div>\n\t\t\t\t<\/div>\n\t\t\t\t<div class=\"elementor-element elementor-element-b7de929 elementor-widget elementor-widget-text-editor\" data-id=\"b7de929\" data-element_type=\"widget\" data-e-type=\"widget\" data-widget_type=\"text-editor.default\">\n\t\t\t\t<div class=\"elementor-widget-container\">\n\t\t\t\t\t\t\t\t\t<p>Das Projekt SENSHOME wurde im Rahmen des Kooperationsprogramms Interreg V-A Italien-\u00d6sterreich aus dem Europ\u00e4ischen Fond f\u00fcr regionale Entwicklung kofinanziert.<\/p>\t\t\t\t\t\t\t\t<\/div>\n\t\t\t\t<\/div>\n\t\t\t\t<div class=\"elementor-element elementor-element-0c73bec elementor-widget elementor-widget-image\" data-id=\"0c73bec\" data-element_type=\"widget\" data-e-type=\"widget\" data-widget_type=\"image.default\">\n\t\t\t\t<div class=\"elementor-widget-container\">\n\t\t\t\t\t\t\t\t\t\t\t\t\t\t\t<img decoding=\"async\" width=\"300\" height=\"94\" src=\"data:image\/gif;base64,R0lGODlhAQABAAAAACH5BAEKAAEALAAAAAABAAEAAAICTAEAOw==\" class=\"attachment-medium size-medium wp-image-1257 lazyload\" alt=\"\" sizes=\"(max-width: 300px) 100vw, 300px\" data-src=\"https:\/\/forschung.fh-kaernten.at\/autismus-freundlich\/files\/2024\/07\/Interreg_Italia-O\u00a6esterreich-2017_4c-scaled-1-1536x479-1-300x94.png\" data-srcset=\"https:\/\/forschung.fh-kaernten.at\/autismus-freundlich\/files\/2024\/07\/Interreg_Italia-O\u00a6esterreich-2017_4c-scaled-1-1536x479-1-300x94.png 300w, https:\/\/forschung.fh-kaernten.at\/autismus-freundlich\/files\/2024\/07\/Interreg_Italia-O\u00a6esterreich-2017_4c-scaled-1-1536x479-1-1024x319.png 1024w, https:\/\/forschung.fh-kaernten.at\/autismus-freundlich\/files\/2024\/07\/Interreg_Italia-O\u00a6esterreich-2017_4c-scaled-1-1536x479-1-768x240.png 768w, https:\/\/forschung.fh-kaernten.at\/autismus-freundlich\/files\/2024\/07\/Interreg_Italia-O\u00a6esterreich-2017_4c-scaled-1-1536x479-1-1000x312.png 1000w, https:\/\/forschung.fh-kaernten.at\/autismus-freundlich\/files\/2024\/07\/Interreg_Italia-O\u00a6esterreich-2017_4c-scaled-1-1536x479-1-230x72.png 230w, https:\/\/forschung.fh-kaernten.at\/autismus-freundlich\/files\/2024\/07\/Interreg_Italia-O\u00a6esterreich-2017_4c-scaled-1-1536x479-1-350x109.png 350w, https:\/\/forschung.fh-kaernten.at\/autismus-freundlich\/files\/2024\/07\/Interreg_Italia-O\u00a6esterreich-2017_4c-scaled-1-1536x479-1-480x150.png 480w, https:\/\/forschung.fh-kaernten.at\/autismus-freundlich\/files\/2024\/07\/Interreg_Italia-O\u00a6esterreich-2017_4c-scaled-1-1536x479-1.png 1536w\">\t\t\t\t\t\t\t\t\t\t\t\t\t\t\t<\/div>\n\t\t\t\t<\/div>\n\t\t\t\t<div class=\"elementor-element elementor-element-0b9c475 elementor-widget elementor-widget-spacer\" data-id=\"0b9c475\" data-element_type=\"widget\" data-e-type=\"widget\" data-widget_type=\"spacer.default\">\n\t\t\t\t<div class=\"elementor-widget-container\">\n\t\t\t\t\t\t\t<div class=\"elementor-spacer\">\n\t\t\t<div class=\"elementor-spacer-inner\"><\/div>\n\t\t<\/div>\n\t\t\t\t\t\t<\/div>\n\t\t\t\t<\/div>\n\t\t\t\t\t<\/div>\n\t\t<\/div>\n\t\t\t\t\t<\/div>\n\t\t<\/section>\n\t\t\t\t<\/div>\n\t\t","protected":false},"excerpt":{"rendered":"<p>SENSHOME In SENSHOME wurden passive Sensornetzwerke verwendet, um die Raumbedingungen (z. B. Temperatur, Luftfeuchtigkeit, Akustik usw.) zu beobachten und gegebenenfalls anzupassen, um [&hellip;]<\/p>\n","protected":false},"author":236,"featured_media":0,"parent":0,"menu_order":0,"comment_status":"closed","ping_status":"closed","template":"page-templates\/page_front-page.php","meta":{"_crdt_document":"","inline_featured_image":false,"footnotes":""},"class_list":["post-1255","page","type-page","status-publish","hentry"],"yoast_head":"<!-- This site is optimized with the Yoast SEO plugin v27.5 - https:\/\/yoast.com\/product\/yoast-seo-wordpress\/ -->\n<title>Senshome - Autismus-freundlich<\/title>\n<meta name=\"robots\" content=\"index, follow, max-snippet:-1, max-image-preview:large, max-video-preview:-1\" \/>\n<link rel=\"canonical\" href=\"https:\/\/forschung.fh-kaernten.at\/autismus-freundlich\/senshome\/\" \/>\n<meta property=\"og:locale\" content=\"de_DE\" \/>\n<meta property=\"og:type\" content=\"article\" \/>\n<meta property=\"og:title\" content=\"Senshome - Autismus-freundlich\" \/>\n<meta property=\"og:description\" content=\"SENSHOME In SENSHOME wurden passive Sensornetzwerke verwendet, um die Raumbedingungen (z. B. Temperatur, Luftfeuchtigkeit, Akustik usw.) zu beobachten und gegebenenfalls anzupassen, um [&hellip;]\" \/>\n<meta property=\"og:url\" content=\"https:\/\/forschung.fh-kaernten.at\/autismus-freundlich\/senshome\/\" \/>\n<meta property=\"og:site_name\" content=\"Autismus-freundlich\" \/>\n<meta property=\"article:modified_time\" content=\"2024-07-22T08:38:47+00:00\" \/>\n<meta property=\"og:image\" content=\"https:\/\/forschung.fh-kaernten.at\/autismus-freundlich\/files\/2024\/07\/senshome-full-1536x325-1-300x63.png\" \/>\n<meta name=\"twitter:card\" content=\"summary_large_image\" \/>\n<meta name=\"twitter:label1\" content=\"Gesch\u00e4tzte Lesezeit\" \/>\n\t<meta name=\"twitter:data1\" content=\"2\u00a0Minuten\" \/>\n<script type=\"application\/ld+json\" class=\"yoast-schema-graph\">{\"@context\":\"https:\\\/\\\/schema.org\",\"@graph\":[{\"@type\":\"WebPage\",\"@id\":\"https:\\\/\\\/forschung.fh-kaernten.at\\\/autismus-freundlich\\\/senshome\\\/\",\"url\":\"https:\\\/\\\/forschung.fh-kaernten.at\\\/autismus-freundlich\\\/senshome\\\/\",\"name\":\"Senshome - Autismus-freundlich\",\"isPartOf\":{\"@id\":\"https:\\\/\\\/forschung.fh-kaernten.at\\\/autismus-freundlich\\\/#website\"},\"primaryImageOfPage\":{\"@id\":\"https:\\\/\\\/forschung.fh-kaernten.at\\\/autismus-freundlich\\\/senshome\\\/#primaryimage\"},\"image\":{\"@id\":\"https:\\\/\\\/forschung.fh-kaernten.at\\\/autismus-freundlich\\\/senshome\\\/#primaryimage\"},\"thumbnailUrl\":\"https:\\\/\\\/forschung.fh-kaernten.at\\\/autismus-freundlich\\\/files\\\/2024\\\/07\\\/senshome-full-1536x325-1-300x63.png\",\"datePublished\":\"2024-07-22T06:41:14+00:00\",\"dateModified\":\"2024-07-22T08:38:47+00:00\",\"breadcrumb\":{\"@id\":\"https:\\\/\\\/forschung.fh-kaernten.at\\\/autismus-freundlich\\\/senshome\\\/#breadcrumb\"},\"inLanguage\":\"de\",\"potentialAction\":[{\"@type\":\"ReadAction\",\"target\":[\"https:\\\/\\\/forschung.fh-kaernten.at\\\/autismus-freundlich\\\/senshome\\\/\"]}]},{\"@type\":\"ImageObject\",\"inLanguage\":\"de\",\"@id\":\"https:\\\/\\\/forschung.fh-kaernten.at\\\/autismus-freundlich\\\/senshome\\\/#primaryimage\",\"url\":\"https:\\\/\\\/forschung.fh-kaernten.at\\\/autismus-freundlich\\\/files\\\/2024\\\/07\\\/senshome-full-1536x325-1.png\",\"contentUrl\":\"https:\\\/\\\/forschung.fh-kaernten.at\\\/autismus-freundlich\\\/files\\\/2024\\\/07\\\/senshome-full-1536x325-1.png\",\"width\":1536,\"height\":325},{\"@type\":\"BreadcrumbList\",\"@id\":\"https:\\\/\\\/forschung.fh-kaernten.at\\\/autismus-freundlich\\\/senshome\\\/#breadcrumb\",\"itemListElement\":[{\"@type\":\"ListItem\",\"position\":1,\"name\":\"Startseite\",\"item\":\"https:\\\/\\\/forschung.fh-kaernten.at\\\/autismus-freundlich\\\/\"},{\"@type\":\"ListItem\",\"position\":2,\"name\":\"Senshome\"}]},{\"@type\":\"WebSite\",\"@id\":\"https:\\\/\\\/forschung.fh-kaernten.at\\\/autismus-freundlich\\\/#website\",\"url\":\"https:\\\/\\\/forschung.fh-kaernten.at\\\/autismus-freundlich\\\/\",\"name\":\"Autismus-freundlich\",\"description\":\"Gemeinsam f\u00fcr Autismus-freundliche Lebensumgebungen\",\"publisher\":{\"@id\":\"https:\\\/\\\/forschung.fh-kaernten.at\\\/autismus-freundlich\\\/#organization\"},\"potentialAction\":[{\"@type\":\"SearchAction\",\"target\":{\"@type\":\"EntryPoint\",\"urlTemplate\":\"https:\\\/\\\/forschung.fh-kaernten.at\\\/autismus-freundlich\\\/?s={search_term_string}\"},\"query-input\":{\"@type\":\"PropertyValueSpecification\",\"valueRequired\":true,\"valueName\":\"search_term_string\"}}],\"inLanguage\":\"de\"},{\"@type\":\"Organization\",\"@id\":\"https:\\\/\\\/forschung.fh-kaernten.at\\\/autismus-freundlich\\\/#organization\",\"name\":\"FH K\u00e4rnten - Forschung\",\"url\":\"https:\\\/\\\/forschung.fh-kaernten.at\\\/autismus-freundlich\\\/\",\"logo\":{\"@type\":\"ImageObject\",\"inLanguage\":\"de\",\"@id\":\"https:\\\/\\\/forschung.fh-kaernten.at\\\/autismus-freundlich\\\/#\\\/schema\\\/logo\\\/image\\\/\",\"url\":\"https:\\\/\\\/forschung.fh-kaernten.at\\\/autismus-freundlich\\\/files\\\/2022\\\/06\\\/Logo-4C-Solo-scaled.jpg\",\"contentUrl\":\"https:\\\/\\\/forschung.fh-kaernten.at\\\/autismus-freundlich\\\/files\\\/2022\\\/06\\\/Logo-4C-Solo-scaled.jpg\",\"width\":2560,\"height\":1174,\"caption\":\"FH K\u00e4rnten - Forschung\"},\"image\":{\"@id\":\"https:\\\/\\\/forschung.fh-kaernten.at\\\/autismus-freundlich\\\/#\\\/schema\\\/logo\\\/image\\\/\"}}]}<\/script>\n<!-- \/ Yoast SEO plugin. -->","yoast_head_json":{"title":"Senshome - Autismus-freundlich","robots":{"index":"index","follow":"follow","max-snippet":"max-snippet:-1","max-image-preview":"max-image-preview:large","max-video-preview":"max-video-preview:-1"},"canonical":"https:\/\/forschung.fh-kaernten.at\/autismus-freundlich\/senshome\/","og_locale":"de_DE","og_type":"article","og_title":"Senshome - Autismus-freundlich","og_description":"SENSHOME In SENSHOME wurden passive Sensornetzwerke verwendet, um die Raumbedingungen (z. B. Temperatur, Luftfeuchtigkeit, Akustik usw.) zu beobachten und gegebenenfalls anzupassen, um [&hellip;]","og_url":"https:\/\/forschung.fh-kaernten.at\/autismus-freundlich\/senshome\/","og_site_name":"Autismus-freundlich","article_modified_time":"2024-07-22T08:38:47+00:00","og_image":[{"url":"https:\/\/forschung.fh-kaernten.at\/autismus-freundlich\/files\/2024\/07\/senshome-full-1536x325-1-300x63.png","type":"","width":"","height":""}],"twitter_card":"summary_large_image","twitter_misc":{"Gesch\u00e4tzte Lesezeit":"2\u00a0Minuten"},"schema":{"@context":"https:\/\/schema.org","@graph":[{"@type":"WebPage","@id":"https:\/\/forschung.fh-kaernten.at\/autismus-freundlich\/senshome\/","url":"https:\/\/forschung.fh-kaernten.at\/autismus-freundlich\/senshome\/","name":"Senshome - Autismus-freundlich","isPartOf":{"@id":"https:\/\/forschung.fh-kaernten.at\/autismus-freundlich\/#website"},"primaryImageOfPage":{"@id":"https:\/\/forschung.fh-kaernten.at\/autismus-freundlich\/senshome\/#primaryimage"},"image":{"@id":"https:\/\/forschung.fh-kaernten.at\/autismus-freundlich\/senshome\/#primaryimage"},"thumbnailUrl":"https:\/\/forschung.fh-kaernten.at\/autismus-freundlich\/files\/2024\/07\/senshome-full-1536x325-1-300x63.png","datePublished":"2024-07-22T06:41:14+00:00","dateModified":"2024-07-22T08:38:47+00:00","breadcrumb":{"@id":"https:\/\/forschung.fh-kaernten.at\/autismus-freundlich\/senshome\/#breadcrumb"},"inLanguage":"de","potentialAction":[{"@type":"ReadAction","target":["https:\/\/forschung.fh-kaernten.at\/autismus-freundlich\/senshome\/"]}]},{"@type":"ImageObject","inLanguage":"de","@id":"https:\/\/forschung.fh-kaernten.at\/autismus-freundlich\/senshome\/#primaryimage","url":"https:\/\/forschung.fh-kaernten.at\/autismus-freundlich\/files\/2024\/07\/senshome-full-1536x325-1.png","contentUrl":"https:\/\/forschung.fh-kaernten.at\/autismus-freundlich\/files\/2024\/07\/senshome-full-1536x325-1.png","width":1536,"height":325},{"@type":"BreadcrumbList","@id":"https:\/\/forschung.fh-kaernten.at\/autismus-freundlich\/senshome\/#breadcrumb","itemListElement":[{"@type":"ListItem","position":1,"name":"Startseite","item":"https:\/\/forschung.fh-kaernten.at\/autismus-freundlich\/"},{"@type":"ListItem","position":2,"name":"Senshome"}]},{"@type":"WebSite","@id":"https:\/\/forschung.fh-kaernten.at\/autismus-freundlich\/#website","url":"https:\/\/forschung.fh-kaernten.at\/autismus-freundlich\/","name":"Autismus-freundlich","description":"Gemeinsam f\u00fcr Autismus-freundliche Lebensumgebungen","publisher":{"@id":"https:\/\/forschung.fh-kaernten.at\/autismus-freundlich\/#organization"},"potentialAction":[{"@type":"SearchAction","target":{"@type":"EntryPoint","urlTemplate":"https:\/\/forschung.fh-kaernten.at\/autismus-freundlich\/?s={search_term_string}"},"query-input":{"@type":"PropertyValueSpecification","valueRequired":true,"valueName":"search_term_string"}}],"inLanguage":"de"},{"@type":"Organization","@id":"https:\/\/forschung.fh-kaernten.at\/autismus-freundlich\/#organization","name":"FH K\u00e4rnten - Forschung","url":"https:\/\/forschung.fh-kaernten.at\/autismus-freundlich\/","logo":{"@type":"ImageObject","inLanguage":"de","@id":"https:\/\/forschung.fh-kaernten.at\/autismus-freundlich\/#\/schema\/logo\/image\/","url":"https:\/\/forschung.fh-kaernten.at\/autismus-freundlich\/files\/2022\/06\/Logo-4C-Solo-scaled.jpg","contentUrl":"https:\/\/forschung.fh-kaernten.at\/autismus-freundlich\/files\/2022\/06\/Logo-4C-Solo-scaled.jpg","width":2560,"height":1174,"caption":"FH K\u00e4rnten - Forschung"},"image":{"@id":"https:\/\/forschung.fh-kaernten.at\/autismus-freundlich\/#\/schema\/logo\/image\/"}}]}},"_links":{"self":[{"href":"https:\/\/forschung.fh-kaernten.at\/autismus-freundlich\/wp-json\/wp\/v2\/pages\/1255","targetHints":{"allow":["GET"]}}],"collection":[{"href":"https:\/\/forschung.fh-kaernten.at\/autismus-freundlich\/wp-json\/wp\/v2\/pages"}],"about":[{"href":"https:\/\/forschung.fh-kaernten.at\/autismus-freundlich\/wp-json\/wp\/v2\/types\/page"}],"author":[{"embeddable":true,"href":"https:\/\/forschung.fh-kaernten.at\/autismus-freundlich\/wp-json\/wp\/v2\/users\/236"}],"replies":[{"embeddable":true,"href":"https:\/\/forschung.fh-kaernten.at\/autismus-freundlich\/wp-json\/wp\/v2\/comments?post=1255"}],"version-history":[{"count":0,"href":"https:\/\/forschung.fh-kaernten.at\/autismus-freundlich\/wp-json\/wp\/v2\/pages\/1255\/revisions"}],"wp:attachment":[{"href":"https:\/\/forschung.fh-kaernten.at\/autismus-freundlich\/wp-json\/wp\/v2\/media?parent=1255"}],"curies":[{"name":"wp","href":"https:\/\/api.w.org\/{rel}","templated":true}]}}