{"id":1275,"date":"2024-07-22T08:40:32","date_gmt":"2024-07-22T06:40:32","guid":{"rendered":"https:\/\/forschung.fh-kaernten.at\/autismus-freundlich\/?page_id=1275"},"modified":"2024-07-31T08:08:23","modified_gmt":"2024-07-31T06:08:23","slug":"besenshome","status":"publish","type":"page","link":"https:\/\/forschung.fh-kaernten.at\/autismus-freundlich\/besenshome\/","title":{"rendered":"BeSENSHome"},"content":{"rendered":"\t\t<div data-elementor-type=\"wp-page\" data-elementor-id=\"1275\" class=\"elementor elementor-1275\">\n\t\t\t\t\t\t<section class=\"elementor-section elementor-top-section elementor-element elementor-element-2c19a20 elementor-section-boxed elementor-section-height-default elementor-section-height-default\" data-id=\"2c19a20\" data-element_type=\"section\" data-e-type=\"section\">\n\t\t\t\t\t\t<div class=\"elementor-container elementor-column-gap-default\">\n\t\t\t\t\t<div class=\"elementor-column elementor-col-100 elementor-top-column elementor-element elementor-element-79e1162\" data-id=\"79e1162\" data-element_type=\"column\" data-e-type=\"column\">\n\t\t\t<div class=\"elementor-widget-wrap elementor-element-populated\">\n\t\t\t\t\t\t<div class=\"elementor-element elementor-element-f980930 elementor-widget elementor-widget-spacer\" data-id=\"f980930\" data-element_type=\"widget\" data-e-type=\"widget\" data-widget_type=\"spacer.default\">\n\t\t\t\t<div class=\"elementor-widget-container\">\n\t\t\t\t\t\t\t<div class=\"elementor-spacer\">\n\t\t\t<div class=\"elementor-spacer-inner\"><\/div>\n\t\t<\/div>\n\t\t\t\t\t\t<\/div>\n\t\t\t\t<\/div>\n\t\t\t\t<div class=\"elementor-element elementor-element-a7bf984 elementor-widget elementor-widget-heading\" data-id=\"a7bf984\" data-element_type=\"widget\" data-e-type=\"widget\" data-widget_type=\"heading.default\">\n\t\t\t\t<div class=\"elementor-widget-container\">\n\t\t\t\t\t<h2 class=\"elementor-heading-title elementor-size-default\">BeSENSHome<\/h2>\t\t\t\t<\/div>\n\t\t\t\t<\/div>\n\t\t\t\t<div class=\"elementor-element elementor-element-80eb66c elementor-widget-divider--view-line elementor-widget elementor-widget-divider\" data-id=\"80eb66c\" data-element_type=\"widget\" data-e-type=\"widget\" data-widget_type=\"divider.default\">\n\t\t\t\t<div class=\"elementor-widget-container\">\n\t\t\t\t\t\t\t<div class=\"elementor-divider\">\n\t\t\t<span class=\"elementor-divider-separator\">\n\t\t\t\t\t\t<\/span>\n\t\t<\/div>\n\t\t\t\t\t\t<\/div>\n\t\t\t\t<\/div>\n\t\t\t\t<div class=\"elementor-element elementor-element-5c6f660 elementor-widget elementor-widget-text-editor\" data-id=\"5c6f660\" data-element_type=\"widget\" data-e-type=\"widget\" data-widget_type=\"text-editor.default\">\n\t\t\t\t<div class=\"elementor-widget-container\">\n\t\t\t\t\t\t\t\t\t<p>Das Projekt BeSENSHome (10\/2023-01\/2026) besch\u00e4ftigt sich mit der Entwicklung und Umsetzung einer intelligenten Umgebung f\u00fcr Menschen mit Neurodiversit\u00e4t (z.B. Autismus, ADHS).<br \/>Diese Umgebung soll mittels Umweltsensorik das Wohlbefinden, die Sicherheit und die Selbstst\u00e4ndigkeit erh\u00f6hen. Das System soll unter anderem im privaten und betreuten Wohnbereich als auch dem Arbeitsplatz einsetzbar sein.<\/p><p>Um diese Ziele zu erreichen, werden im Projekt die sp\u00e4teren Anwender*innen und andere Beteiligte in die Entwicklung miteinbezogen. Dadurch wird die Benutzerfreundlichkeit und N\u00fctzlichkeit des Systems gew\u00e4hrleistet. Weiters wird so eine genaue Anpassung an die Nutzer*innen und eine unauff\u00e4llige Integration in bestehende Wohn- oder Arbeitsumgebungen erm\u00f6glicht.<\/p><p>Durch die Entwicklung einer k\u00fcnstlichen Intelligenz (KI), die mit dem Sensornetz gekoppelt ist, wird das BeSENSHome System in der Lage sein, die Routinen und Anforderungen der Nutzer*innen zu erlernen. So k\u00f6nnen ung\u00fcnstige Umweltbedingungen erkannt und<br \/>die Bedingungen so angepasst werden, dass potentiell unangenehme oder gef\u00e4hrliche Situationen verhindert werden.<\/p>\t\t\t\t\t\t\t\t<\/div>\n\t\t\t\t<\/div>\n\t\t\t\t<div class=\"elementor-element elementor-element-0255e2b elementor-widget elementor-widget-spacer\" data-id=\"0255e2b\" data-element_type=\"widget\" data-e-type=\"widget\" data-widget_type=\"spacer.default\">\n\t\t\t\t<div class=\"elementor-widget-container\">\n\t\t\t\t\t\t\t<div class=\"elementor-spacer\">\n\t\t\t<div class=\"elementor-spacer-inner\"><\/div>\n\t\t<\/div>\n\t\t\t\t\t\t<\/div>\n\t\t\t\t<\/div>\n\t\t\t\t\t<\/div>\n\t\t<\/div>\n\t\t\t\t\t<\/div>\n\t\t<\/section>\n\t\t\t\t<section class=\"elementor-section elementor-top-section elementor-element elementor-element-2a2997f elementor-section-boxed elementor-section-height-default elementor-section-height-default\" data-id=\"2a2997f\" data-element_type=\"section\" data-e-type=\"section\">\n\t\t\t\t\t\t<div class=\"elementor-container elementor-column-gap-default\">\n\t\t\t\t\t<div class=\"elementor-column elementor-col-100 elementor-top-column elementor-element elementor-element-aeb0bca\" data-id=\"aeb0bca\" data-element_type=\"column\" data-e-type=\"column\">\n\t\t\t<div class=\"elementor-widget-wrap elementor-element-populated\">\n\t\t\t\t\t\t<div class=\"elementor-element elementor-element-4944d12 elementor-widget elementor-widget-text-editor\" data-id=\"4944d12\" data-element_type=\"widget\" data-e-type=\"widget\" data-widget_type=\"text-editor.default\">\n\t\t\t\t<div class=\"elementor-widget-container\">\n\t\t\t\t\t\t\t\t\t<p>Das Projekt BeSENSHome wird im Rahmen des Kooperationsprogramms Interreg VI-A Italien-\u00d6sterreich 2021-2027 aus dem Europ\u00e4ischen Fond f\u00fcr regionale Entwicklung kofinanziert.<\/p>\t\t\t\t\t\t\t\t<\/div>\n\t\t\t\t<\/div>\n\t\t\t\t<div class=\"elementor-element elementor-element-f3b610d elementor-widget elementor-widget-image\" data-id=\"f3b610d\" data-element_type=\"widget\" data-e-type=\"widget\" data-widget_type=\"image.default\">\n\t\t\t\t<div class=\"elementor-widget-container\">\n\t\t\t\t\t\t\t\t\t\t\t\t\t\t\t<img fetchpriority=\"high\" decoding=\"async\" width=\"768\" height=\"277\" src=\"data:image\/gif;base64,R0lGODlhAQABAAAAACH5BAEKAAEALAAAAAABAAEAAAICTAEAOw==\" class=\"attachment-medium_large size-medium_large wp-image-1277 lazyload\" alt=\"\" data-src=\"https:\/\/forschung.fh-kaernten.at\/autismus-freundlich\/files\/2024\/07\/logo-IR-BeSH-prova-1_HR-1.jpg\">\t\t\t\t\t\t\t\t\t\t\t\t\t\t\t<\/div>\n\t\t\t\t<\/div>\n\t\t\t\t\t<\/div>\n\t\t<\/div>\n\t\t\t\t\t<\/div>\n\t\t<\/section>\n\t\t\t\t<\/div>\n\t\t","protected":false},"excerpt":{"rendered":"<p>BeSENSHome Das Projekt BeSENSHome (10\/2023-01\/2026) besch\u00e4ftigt sich mit der Entwicklung und Umsetzung einer intelligenten Umgebung f\u00fcr Menschen mit Neurodiversit\u00e4t (z.B. Autismus, ADHS).Diese [&hellip;]<\/p>\n","protected":false},"author":236,"featured_media":0,"parent":0,"menu_order":0,"comment_status":"closed","ping_status":"closed","template":"page-templates\/page_front-page.php","meta":{"_crdt_document":"","inline_featured_image":false,"footnotes":""},"class_list":["post-1275","page","type-page","status-publish","hentry"],"yoast_head":"<!-- This site is optimized with the Yoast SEO plugin v27.5 - https:\/\/yoast.com\/product\/yoast-seo-wordpress\/ -->\n<title>BeSENSHome - Autismus-freundlich<\/title>\n<meta name=\"robots\" content=\"index, follow, max-snippet:-1, max-image-preview:large, max-video-preview:-1\" \/>\n<link rel=\"canonical\" href=\"https:\/\/forschung.fh-kaernten.at\/autismus-freundlich\/besenshome\/\" \/>\n<meta property=\"og:locale\" content=\"de_DE\" \/>\n<meta property=\"og:type\" content=\"article\" \/>\n<meta property=\"og:title\" content=\"BeSENSHome - Autismus-freundlich\" \/>\n<meta property=\"og:description\" content=\"BeSENSHome Das Projekt BeSENSHome (10\/2023-01\/2026) besch\u00e4ftigt sich mit der Entwicklung und Umsetzung einer intelligenten Umgebung f\u00fcr Menschen mit Neurodiversit\u00e4t (z.B. Autismus, ADHS).Diese [&hellip;]\" \/>\n<meta property=\"og:url\" content=\"https:\/\/forschung.fh-kaernten.at\/autismus-freundlich\/besenshome\/\" \/>\n<meta property=\"og:site_name\" content=\"Autismus-freundlich\" \/>\n<meta property=\"article:modified_time\" content=\"2024-07-31T06:08:23+00:00\" \/>\n<meta property=\"og:image\" content=\"https:\/\/forschung.fh-kaernten.at\/autismus-freundlich\/files\/2024\/07\/logo-IR-BeSH-prova-1_HR-1.jpg\" \/>\n<meta name=\"twitter:card\" content=\"summary_large_image\" \/>\n<meta name=\"twitter:label1\" content=\"Gesch\u00e4tzte Lesezeit\" \/>\n\t<meta name=\"twitter:data1\" content=\"2\u00a0Minuten\" \/>\n<script type=\"application\/ld+json\" class=\"yoast-schema-graph\">{\"@context\":\"https:\\\/\\\/schema.org\",\"@graph\":[{\"@type\":\"WebPage\",\"@id\":\"https:\\\/\\\/forschung.fh-kaernten.at\\\/autismus-freundlich\\\/besenshome\\\/\",\"url\":\"https:\\\/\\\/forschung.fh-kaernten.at\\\/autismus-freundlich\\\/besenshome\\\/\",\"name\":\"BeSENSHome - Autismus-freundlich\",\"isPartOf\":{\"@id\":\"https:\\\/\\\/forschung.fh-kaernten.at\\\/autismus-freundlich\\\/#website\"},\"primaryImageOfPage\":{\"@id\":\"https:\\\/\\\/forschung.fh-kaernten.at\\\/autismus-freundlich\\\/besenshome\\\/#primaryimage\"},\"image\":{\"@id\":\"https:\\\/\\\/forschung.fh-kaernten.at\\\/autismus-freundlich\\\/besenshome\\\/#primaryimage\"},\"thumbnailUrl\":\"https:\\\/\\\/forschung.fh-kaernten.at\\\/autismus-freundlich\\\/files\\\/2024\\\/07\\\/logo-IR-BeSH-prova-1_HR-1.jpg\",\"datePublished\":\"2024-07-22T06:40:32+00:00\",\"dateModified\":\"2024-07-31T06:08:23+00:00\",\"breadcrumb\":{\"@id\":\"https:\\\/\\\/forschung.fh-kaernten.at\\\/autismus-freundlich\\\/besenshome\\\/#breadcrumb\"},\"inLanguage\":\"de\",\"potentialAction\":[{\"@type\":\"ReadAction\",\"target\":[\"https:\\\/\\\/forschung.fh-kaernten.at\\\/autismus-freundlich\\\/besenshome\\\/\"]}]},{\"@type\":\"ImageObject\",\"inLanguage\":\"de\",\"@id\":\"https:\\\/\\\/forschung.fh-kaernten.at\\\/autismus-freundlich\\\/besenshome\\\/#primaryimage\",\"url\":\"https:\\\/\\\/forschung.fh-kaernten.at\\\/autismus-freundlich\\\/files\\\/2024\\\/07\\\/logo-IR-BeSH-prova-1_HR-1.jpg\",\"contentUrl\":\"https:\\\/\\\/forschung.fh-kaernten.at\\\/autismus-freundlich\\\/files\\\/2024\\\/07\\\/logo-IR-BeSH-prova-1_HR-1.jpg\",\"width\":20000,\"height\":7203},{\"@type\":\"BreadcrumbList\",\"@id\":\"https:\\\/\\\/forschung.fh-kaernten.at\\\/autismus-freundlich\\\/besenshome\\\/#breadcrumb\",\"itemListElement\":[{\"@type\":\"ListItem\",\"position\":1,\"name\":\"Startseite\",\"item\":\"https:\\\/\\\/forschung.fh-kaernten.at\\\/autismus-freundlich\\\/\"},{\"@type\":\"ListItem\",\"position\":2,\"name\":\"BeSENSHome\"}]},{\"@type\":\"WebSite\",\"@id\":\"https:\\\/\\\/forschung.fh-kaernten.at\\\/autismus-freundlich\\\/#website\",\"url\":\"https:\\\/\\\/forschung.fh-kaernten.at\\\/autismus-freundlich\\\/\",\"name\":\"Autismus-freundlich\",\"description\":\"Gemeinsam f\u00fcr Autismus-freundliche Lebensumgebungen\",\"publisher\":{\"@id\":\"https:\\\/\\\/forschung.fh-kaernten.at\\\/autismus-freundlich\\\/#organization\"},\"potentialAction\":[{\"@type\":\"SearchAction\",\"target\":{\"@type\":\"EntryPoint\",\"urlTemplate\":\"https:\\\/\\\/forschung.fh-kaernten.at\\\/autismus-freundlich\\\/?s={search_term_string}\"},\"query-input\":{\"@type\":\"PropertyValueSpecification\",\"valueRequired\":true,\"valueName\":\"search_term_string\"}}],\"inLanguage\":\"de\"},{\"@type\":\"Organization\",\"@id\":\"https:\\\/\\\/forschung.fh-kaernten.at\\\/autismus-freundlich\\\/#organization\",\"name\":\"FH K\u00e4rnten - Forschung\",\"url\":\"https:\\\/\\\/forschung.fh-kaernten.at\\\/autismus-freundlich\\\/\",\"logo\":{\"@type\":\"ImageObject\",\"inLanguage\":\"de\",\"@id\":\"https:\\\/\\\/forschung.fh-kaernten.at\\\/autismus-freundlich\\\/#\\\/schema\\\/logo\\\/image\\\/\",\"url\":\"https:\\\/\\\/forschung.fh-kaernten.at\\\/autismus-freundlich\\\/files\\\/2022\\\/06\\\/Logo-4C-Solo-scaled.jpg\",\"contentUrl\":\"https:\\\/\\\/forschung.fh-kaernten.at\\\/autismus-freundlich\\\/files\\\/2022\\\/06\\\/Logo-4C-Solo-scaled.jpg\",\"width\":2560,\"height\":1174,\"caption\":\"FH K\u00e4rnten - Forschung\"},\"image\":{\"@id\":\"https:\\\/\\\/forschung.fh-kaernten.at\\\/autismus-freundlich\\\/#\\\/schema\\\/logo\\\/image\\\/\"}}]}<\/script>\n<!-- \/ Yoast SEO plugin. -->","yoast_head_json":{"title":"BeSENSHome - Autismus-freundlich","robots":{"index":"index","follow":"follow","max-snippet":"max-snippet:-1","max-image-preview":"max-image-preview:large","max-video-preview":"max-video-preview:-1"},"canonical":"https:\/\/forschung.fh-kaernten.at\/autismus-freundlich\/besenshome\/","og_locale":"de_DE","og_type":"article","og_title":"BeSENSHome - Autismus-freundlich","og_description":"BeSENSHome Das Projekt BeSENSHome (10\/2023-01\/2026) besch\u00e4ftigt sich mit der Entwicklung und Umsetzung einer intelligenten Umgebung f\u00fcr Menschen mit Neurodiversit\u00e4t (z.B. Autismus, ADHS).Diese [&hellip;]","og_url":"https:\/\/forschung.fh-kaernten.at\/autismus-freundlich\/besenshome\/","og_site_name":"Autismus-freundlich","article_modified_time":"2024-07-31T06:08:23+00:00","og_image":[{"url":"https:\/\/forschung.fh-kaernten.at\/autismus-freundlich\/files\/2024\/07\/logo-IR-BeSH-prova-1_HR-1.jpg","type":"","width":"","height":""}],"twitter_card":"summary_large_image","twitter_misc":{"Gesch\u00e4tzte Lesezeit":"2\u00a0Minuten"},"schema":{"@context":"https:\/\/schema.org","@graph":[{"@type":"WebPage","@id":"https:\/\/forschung.fh-kaernten.at\/autismus-freundlich\/besenshome\/","url":"https:\/\/forschung.fh-kaernten.at\/autismus-freundlich\/besenshome\/","name":"BeSENSHome - Autismus-freundlich","isPartOf":{"@id":"https:\/\/forschung.fh-kaernten.at\/autismus-freundlich\/#website"},"primaryImageOfPage":{"@id":"https:\/\/forschung.fh-kaernten.at\/autismus-freundlich\/besenshome\/#primaryimage"},"image":{"@id":"https:\/\/forschung.fh-kaernten.at\/autismus-freundlich\/besenshome\/#primaryimage"},"thumbnailUrl":"https:\/\/forschung.fh-kaernten.at\/autismus-freundlich\/files\/2024\/07\/logo-IR-BeSH-prova-1_HR-1.jpg","datePublished":"2024-07-22T06:40:32+00:00","dateModified":"2024-07-31T06:08:23+00:00","breadcrumb":{"@id":"https:\/\/forschung.fh-kaernten.at\/autismus-freundlich\/besenshome\/#breadcrumb"},"inLanguage":"de","potentialAction":[{"@type":"ReadAction","target":["https:\/\/forschung.fh-kaernten.at\/autismus-freundlich\/besenshome\/"]}]},{"@type":"ImageObject","inLanguage":"de","@id":"https:\/\/forschung.fh-kaernten.at\/autismus-freundlich\/besenshome\/#primaryimage","url":"https:\/\/forschung.fh-kaernten.at\/autismus-freundlich\/files\/2024\/07\/logo-IR-BeSH-prova-1_HR-1.jpg","contentUrl":"https:\/\/forschung.fh-kaernten.at\/autismus-freundlich\/files\/2024\/07\/logo-IR-BeSH-prova-1_HR-1.jpg","width":20000,"height":7203},{"@type":"BreadcrumbList","@id":"https:\/\/forschung.fh-kaernten.at\/autismus-freundlich\/besenshome\/#breadcrumb","itemListElement":[{"@type":"ListItem","position":1,"name":"Startseite","item":"https:\/\/forschung.fh-kaernten.at\/autismus-freundlich\/"},{"@type":"ListItem","position":2,"name":"BeSENSHome"}]},{"@type":"WebSite","@id":"https:\/\/forschung.fh-kaernten.at\/autismus-freundlich\/#website","url":"https:\/\/forschung.fh-kaernten.at\/autismus-freundlich\/","name":"Autismus-freundlich","description":"Gemeinsam f\u00fcr Autismus-freundliche Lebensumgebungen","publisher":{"@id":"https:\/\/forschung.fh-kaernten.at\/autismus-freundlich\/#organization"},"potentialAction":[{"@type":"SearchAction","target":{"@type":"EntryPoint","urlTemplate":"https:\/\/forschung.fh-kaernten.at\/autismus-freundlich\/?s={search_term_string}"},"query-input":{"@type":"PropertyValueSpecification","valueRequired":true,"valueName":"search_term_string"}}],"inLanguage":"de"},{"@type":"Organization","@id":"https:\/\/forschung.fh-kaernten.at\/autismus-freundlich\/#organization","name":"FH K\u00e4rnten - Forschung","url":"https:\/\/forschung.fh-kaernten.at\/autismus-freundlich\/","logo":{"@type":"ImageObject","inLanguage":"de","@id":"https:\/\/forschung.fh-kaernten.at\/autismus-freundlich\/#\/schema\/logo\/image\/","url":"https:\/\/forschung.fh-kaernten.at\/autismus-freundlich\/files\/2022\/06\/Logo-4C-Solo-scaled.jpg","contentUrl":"https:\/\/forschung.fh-kaernten.at\/autismus-freundlich\/files\/2022\/06\/Logo-4C-Solo-scaled.jpg","width":2560,"height":1174,"caption":"FH K\u00e4rnten - Forschung"},"image":{"@id":"https:\/\/forschung.fh-kaernten.at\/autismus-freundlich\/#\/schema\/logo\/image\/"}}]}},"_links":{"self":[{"href":"https:\/\/forschung.fh-kaernten.at\/autismus-freundlich\/wp-json\/wp\/v2\/pages\/1275","targetHints":{"allow":["GET"]}}],"collection":[{"href":"https:\/\/forschung.fh-kaernten.at\/autismus-freundlich\/wp-json\/wp\/v2\/pages"}],"about":[{"href":"https:\/\/forschung.fh-kaernten.at\/autismus-freundlich\/wp-json\/wp\/v2\/types\/page"}],"author":[{"embeddable":true,"href":"https:\/\/forschung.fh-kaernten.at\/autismus-freundlich\/wp-json\/wp\/v2\/users\/236"}],"replies":[{"embeddable":true,"href":"https:\/\/forschung.fh-kaernten.at\/autismus-freundlich\/wp-json\/wp\/v2\/comments?post=1275"}],"version-history":[{"count":0,"href":"https:\/\/forschung.fh-kaernten.at\/autismus-freundlich\/wp-json\/wp\/v2\/pages\/1275\/revisions"}],"wp:attachment":[{"href":"https:\/\/forschung.fh-kaernten.at\/autismus-freundlich\/wp-json\/wp\/v2\/media?parent=1275"}],"curies":[{"name":"wp","href":"https:\/\/api.w.org\/{rel}","templated":true}]}}