{"id":1917,"date":"2025-05-20T14:55:51","date_gmt":"2025-05-20T12:55:51","guid":{"rendered":"https:\/\/forschung.fh-kaernten.at\/change\/?page_id=1917"},"modified":"2025-05-26T15:23:30","modified_gmt":"2025-05-26T13:23:30","slug":"publications","status":"publish","type":"page","link":"https:\/\/forschung.fh-kaernten.at\/change\/publications\/","title":{"rendered":"Publications"},"content":{"rendered":"\t\t<div data-elementor-type=\"wp-page\" data-elementor-id=\"1917\" class=\"elementor elementor-1917\" data-elementor-post-type=\"page\">\n\t\t\t\t<div class=\"elementor-element elementor-element-eaf2bb9 e-flex e-con-boxed e-con e-parent\" data-id=\"eaf2bb9\" data-element_type=\"container\" data-e-type=\"container\">\n\t\t\t\t\t<div class=\"e-con-inner\">\n\t\t\t\t<div class=\"elementor-element elementor-element-59485db elementor-widget elementor-widget-image\" data-id=\"59485db\" data-element_type=\"widget\" data-e-type=\"widget\" data-widget_type=\"image.default\">\n\t\t\t\t<div class=\"elementor-widget-container\">\n\t\t\t\t\t\t\t\t\t\t\t\t\t\t\t<img fetchpriority=\"high\" decoding=\"async\" width=\"768\" height=\"161\" src=\"data:image\/gif;base64,R0lGODlhAQABAAAAACH5BAEKAAEALAAAAAABAAEAAAICTAEAOw==\" class=\"attachment-medium_large size-medium_large wp-image-259 lazyload\" alt=\"\" sizes=\"(max-width: 768px) 100vw, 768px\" data-src=\"https:\/\/forschung.fh-kaernten.at\/change\/files\/2024\/02\/EN-Co-funded-by-the-EU_PANTONE-768x161.jpg\" data-srcset=\"https:\/\/forschung.fh-kaernten.at\/change\/files\/2024\/02\/EN-Co-funded-by-the-EU_PANTONE-768x161.jpg 768w, https:\/\/forschung.fh-kaernten.at\/change\/files\/2024\/02\/EN-Co-funded-by-the-EU_PANTONE-300x63.jpg 300w, https:\/\/forschung.fh-kaernten.at\/change\/files\/2024\/02\/EN-Co-funded-by-the-EU_PANTONE-1024x215.jpg 1024w, https:\/\/forschung.fh-kaernten.at\/change\/files\/2024\/02\/EN-Co-funded-by-the-EU_PANTONE-1536x322.jpg 1536w, https:\/\/forschung.fh-kaernten.at\/change\/files\/2024\/02\/EN-Co-funded-by-the-EU_PANTONE-2048x430.jpg 2048w\">\t\t\t\t\t\t\t\t\t\t\t\t\t\t\t<\/div>\n\t\t\t\t<\/div>\n\t\t\t\t\t<\/div>\n\t\t\t\t<\/div>\n\t\t<div class=\"elementor-element elementor-element-842611e e-flex e-con-boxed e-con e-parent\" data-id=\"842611e\" data-element_type=\"container\" data-e-type=\"container\">\n\t\t\t\t\t<div class=\"e-con-inner\">\n\t\t\t\t<div class=\"elementor-element elementor-element-0fcfef6 elementor-widget elementor-widget-text-editor\" data-id=\"0fcfef6\" data-element_type=\"widget\" data-e-type=\"widget\" data-widget_type=\"text-editor.default\">\n\t\t\t\t<div class=\"elementor-widget-container\">\n\t\t\t\t\t\t\t\t\t<p style=\"text-align: center\"><strong><span style=\"font-size: 14pt\">Please see our papers published to date:<\/span><\/strong><\/p>\t\t\t\t\t\t\t\t<\/div>\n\t\t\t\t<\/div>\n\t\t\t\t\t<\/div>\n\t\t\t\t<\/div>\n\t\t<div class=\"elementor-element elementor-element-3574140 e-flex e-con-boxed e-con e-parent\" data-id=\"3574140\" data-element_type=\"container\" data-e-type=\"container\">\n\t\t\t\t\t<div class=\"e-con-inner\">\n\t\t<div class=\"elementor-element elementor-element-56d91de e-grid e-con-full e-con e-child\" data-id=\"56d91de\" data-element_type=\"container\" data-e-type=\"container\">\n\t\t\t\t<div class=\"elementor-element elementor-element-e21f452 elementor-widget elementor-widget-image\" data-id=\"e21f452\" data-element_type=\"widget\" data-e-type=\"widget\" data-widget_type=\"image.default\">\n\t\t\t\t<div class=\"elementor-widget-container\">\n\t\t\t\t\t\t\t\t\t\t\t\t\t\t\t<img decoding=\"async\" width=\"300\" height=\"252\" src=\"data:image\/gif;base64,R0lGODlhAQABAAAAACH5BAEKAAEALAAAAAABAAEAAAICTAEAOw==\" class=\"attachment-medium size-medium wp-image-1920 lazyload\" alt=\"TKI-hankkeista yhteiskunnallisesti vaikuttavaa tietoa\" sizes=\"(max-width: 300px) 100vw, 300px\" data-src=\"https:\/\/forschung.fh-kaernten.at\/change\/files\/2025\/05\/Artikle_2-300x252.png\" data-srcset=\"https:\/\/forschung.fh-kaernten.at\/change\/files\/2025\/05\/Artikle_2-300x252.png 300w, https:\/\/forschung.fh-kaernten.at\/change\/files\/2025\/05\/Artikle_2-1024x862.png 1024w, https:\/\/forschung.fh-kaernten.at\/change\/files\/2025\/05\/Artikle_2-768x646.png 768w, https:\/\/forschung.fh-kaernten.at\/change\/files\/2025\/05\/Artikle_2.png 1129w\">\t\t\t\t\t\t\t\t\t\t\t\t\t\t\t<\/div>\n\t\t\t\t<\/div>\n\t\t\t\t<div class=\"elementor-element elementor-element-bb7d36d elementor-widget elementor-widget-text-editor\" data-id=\"bb7d36d\" data-element_type=\"widget\" data-e-type=\"widget\" data-widget_type=\"text-editor.default\">\n\t\t\t\t<div class=\"elementor-widget-container\">\n\t\t\t\t\t\t\t\t\t<p style=\"text-align: center\"><a href=\"https:\/\/www.karelia.fi\/2024\/11\/tki-hankkeista-yhteiskunnallisesti-vaikuttavaa-tietoa\/\" target=\"_blank\" rel=\"noopener\"><strong><span style=\"color: #b5c512\">TKI-hankkeista yhteiskunnallisesti vaikuttavaa tietoa<\/span><\/strong><\/a><\/p><p style=\"text-align: center\">Published: 5.11.2024<\/p>\t\t\t\t\t\t\t\t<\/div>\n\t\t\t\t<\/div>\n\t\t\t\t<div class=\"elementor-element elementor-element-dde8eb6 elementor-widget elementor-widget-image\" data-id=\"dde8eb6\" data-element_type=\"widget\" data-e-type=\"widget\" data-widget_type=\"image.default\">\n\t\t\t\t<div class=\"elementor-widget-container\">\n\t\t\t\t\t\t\t\t\t\t\t\t\t\t\t<img decoding=\"async\" width=\"300\" height=\"196\" src=\"data:image\/gif;base64,R0lGODlhAQABAAAAACH5BAEKAAEALAAAAAABAAEAAAICTAEAOw==\" class=\"attachment-medium size-medium wp-image-1919 lazyload\" alt=\"Muutos kohti kest\u00e4v\u00e4\u00e4 kehityst\u00e4\" sizes=\"(max-width: 300px) 100vw, 300px\" data-src=\"https:\/\/forschung.fh-kaernten.at\/change\/files\/2025\/05\/Artikle_1-300x196.png\" data-srcset=\"https:\/\/forschung.fh-kaernten.at\/change\/files\/2025\/05\/Artikle_1-300x196.png 300w, https:\/\/forschung.fh-kaernten.at\/change\/files\/2025\/05\/Artikle_1-1024x670.png 1024w, https:\/\/forschung.fh-kaernten.at\/change\/files\/2025\/05\/Artikle_1-768x502.png 768w, https:\/\/forschung.fh-kaernten.at\/change\/files\/2025\/05\/Artikle_1.png 1433w\">\t\t\t\t\t\t\t\t\t\t\t\t\t\t\t<\/div>\n\t\t\t\t<\/div>\n\t\t\t\t<div class=\"elementor-element elementor-element-9fbfdb7 elementor-widget elementor-widget-text-editor\" data-id=\"9fbfdb7\" data-element_type=\"widget\" data-e-type=\"widget\" data-widget_type=\"text-editor.default\">\n\t\t\t\t<div class=\"elementor-widget-container\">\n\t\t\t\t\t\t\t\t\t<p style=\"text-align: center\"><a href=\"https:\/\/www.karelia.fi\/2024\/03\/muutos-kohti-kestavaa-kehitysta-sote-alan-koulutuksella-osaamista-ikaihmisten-muuttuviin-tarpeisiin\/\" target=\"_blank\" rel=\"noopener\"><strong><span style=\"color: #61ce70\"><span style=\"color: #b5c512\">Muutos kohti kest\u00e4v\u00e4\u00e4 kehityst\u00e4 \u2013 Sote-alan koulutuksella osaamista ik\u00e4ihmisten muuttuviin tarpeisiin<\/span><\/span><\/strong><\/a><\/p><p style=\"text-align: center\">Published: 1.3.2024<\/p>\t\t\t\t\t\t\t\t<\/div>\n\t\t\t\t<\/div>\n\t\t\t\t<div class=\"elementor-element elementor-element-54acc7b elementor-widget elementor-widget-image\" data-id=\"54acc7b\" data-element_type=\"widget\" data-e-type=\"widget\" data-widget_type=\"image.default\">\n\t\t\t\t<div class=\"elementor-widget-container\">\n\t\t\t\t\t\t\t\t\t\t\t\t\t\t\t<img loading=\"lazy\" decoding=\"async\" width=\"300\" height=\"250\" src=\"data:image\/gif;base64,R0lGODlhAQABAAAAACH5BAEKAAEALAAAAAABAAEAAAICTAEAOw==\" class=\"attachment-medium size-medium wp-image-1921 lazyload\" alt=\"Ik\u00e4yst\u00e4v\u00e4llisyys ja ilmastonmuutos \u2013 mist\u00e4 on kysymys\" sizes=\"(max-width: 300px) 100vw, 300px\" data-src=\"https:\/\/forschung.fh-kaernten.at\/change\/files\/2025\/05\/Artikle_3-300x250.png\" data-srcset=\"https:\/\/forschung.fh-kaernten.at\/change\/files\/2025\/05\/Artikle_3-300x250.png 300w, https:\/\/forschung.fh-kaernten.at\/change\/files\/2025\/05\/Artikle_3-1024x852.png 1024w, https:\/\/forschung.fh-kaernten.at\/change\/files\/2025\/05\/Artikle_3-768x639.png 768w, https:\/\/forschung.fh-kaernten.at\/change\/files\/2025\/05\/Artikle_3.png 1139w\">\t\t\t\t\t\t\t\t\t\t\t\t\t\t\t<\/div>\n\t\t\t\t<\/div>\n\t\t\t\t<div class=\"elementor-element elementor-element-ed1034e elementor-widget elementor-widget-text-editor\" data-id=\"ed1034e\" data-element_type=\"widget\" data-e-type=\"widget\" data-widget_type=\"text-editor.default\">\n\t\t\t\t<div class=\"elementor-widget-container\">\n\t\t\t\t\t\t\t\t\t<p style=\"text-align: center\"><a href=\"https:\/\/www.karelia.fi\/2024\/03\/ikaystavallisyys-ja-ilmastonmuutos-mista-on-kysymys\/\" target=\"_blank\" rel=\"noopener\"><strong><span style=\"color: #61ce70\"><span style=\"color: #b5c512\">Ik\u00e4yst\u00e4v\u00e4llisyys ja ilmastonmuutos \u2013 mist\u00e4 on kysymys<\/span><\/span><\/strong><\/a><\/p><p style=\"text-align: center\">Published: 27.3.2024<\/p>\t\t\t\t\t\t\t\t<\/div>\n\t\t\t\t<\/div>\n\t\t\t\t<div class=\"elementor-element elementor-element-a9d6d47 elementor-widget elementor-widget-image\" data-id=\"a9d6d47\" data-element_type=\"widget\" data-e-type=\"widget\" data-widget_type=\"image.default\">\n\t\t\t\t<div class=\"elementor-widget-container\">\n\t\t\t\t\t\t\t\t\t\t\t\t\t\t\t<img loading=\"lazy\" decoding=\"async\" width=\"300\" height=\"264\" src=\"data:image\/gif;base64,R0lGODlhAQABAAAAACH5BAEKAAEALAAAAAABAAEAAAICTAEAOw==\" class=\"attachment-medium size-medium wp-image-1922 lazyload\" alt=\"Tuore opas: viestint\u00e4\u00e4 ilmastonmuutoksesta ja terveydest\u00e4\" sizes=\"(max-width: 300px) 100vw, 300px\" data-src=\"https:\/\/forschung.fh-kaernten.at\/change\/files\/2025\/05\/Artikle_4-300x264.png\" data-srcset=\"https:\/\/forschung.fh-kaernten.at\/change\/files\/2025\/05\/Artikle_4-300x264.png 300w, https:\/\/forschung.fh-kaernten.at\/change\/files\/2025\/05\/Artikle_4-1024x903.png 1024w, https:\/\/forschung.fh-kaernten.at\/change\/files\/2025\/05\/Artikle_4-768x677.png 768w, https:\/\/forschung.fh-kaernten.at\/change\/files\/2025\/05\/Artikle_4.png 1062w\">\t\t\t\t\t\t\t\t\t\t\t\t\t\t\t<\/div>\n\t\t\t\t<\/div>\n\t\t\t\t<div class=\"elementor-element elementor-element-7dffbb0 elementor-widget elementor-widget-text-editor\" data-id=\"7dffbb0\" data-element_type=\"widget\" data-e-type=\"widget\" data-widget_type=\"text-editor.default\">\n\t\t\t\t<div class=\"elementor-widget-container\">\n\t\t\t\t\t\t\t\t\t<p style=\"text-align: center\"><a href=\"https:\/\/www.karelia.fi\/2024\/03\/tuore-opas-viestintaa-ilmastonmuutoksesta-ja-terveydesta\/\" target=\"_blank\" rel=\"noopener\"><strong><span style=\"color: #61ce70\"><span style=\"color: #b5c512\">Tuore opas: viestint\u00e4\u00e4 ilmastonmuutoksesta ja terveydest\u00e4<\/span><\/span><\/strong><\/a><\/p><p style=\"text-align: center\">Published: 27.3.2024<\/p>\t\t\t\t\t\t\t\t<\/div>\n\t\t\t\t<\/div>\n\t\t\t\t<div class=\"elementor-element elementor-element-f19d31a elementor-widget elementor-widget-image\" data-id=\"f19d31a\" data-element_type=\"widget\" data-e-type=\"widget\" data-widget_type=\"image.default\">\n\t\t\t\t<div class=\"elementor-widget-container\">\n\t\t\t\t\t\t\t\t\t\t\t\t\t\t\t<img decoding=\"async\" src=\"data:image\/gif;base64,R0lGODlhAQABAAAAACH5BAEKAAEALAAAAAABAAEAAAICTAEAOw==\" title=\"\" alt=\"\" loading=\"lazy\" class=\"lazyload\" data-src=\"https:\/\/forschung.fh-kaernten.at\/change\/files\/2025\/05\/\u03a4\u0395\u03a5\u03a7\u039f\u03a3-69-\u039d\u03bf\u03c3\u03b7\u03bb\u03b5\u03af\u03b1-\u03ba\u03b1\u03b9-\u0388\u03c1\u03b5\u03c5\u03bd\u03b1_Seite_01-scaled.jpg\">\t\t\t\t\t\t\t\t\t\t\t\t\t\t\t<\/div>\n\t\t\t\t<\/div>\n\t\t\t\t<div class=\"elementor-element elementor-element-add9cf3 elementor-widget elementor-widget-text-editor\" data-id=\"add9cf3\" data-element_type=\"widget\" data-e-type=\"widget\" data-widget_type=\"text-editor.default\">\n\t\t\t\t<div class=\"elementor-widget-container\">\n\t\t\t\t\t\t\t\t\t<p style=\"text-align: center\"><strong><a href=\"https:\/\/forschung.fh-kaernten.at\/change\/files\/2025\/05\/\u03a4\u0395\u03a5\u03a7\u039f\u03a3-69-\u039d\u03bf\u03c3\u03b7\u03bb\u03b5\u03af\u03b1-\u03ba\u03b1\u03b9-\u0388\u03c1\u03b5\u03c5\u03bd\u03b1.pdf\" target=\"_blank\" rel=\"noopener\"><span style=\"color: #61ce70\"><span style=\"color: #b5c512\">\u03a4\u0395\u03a5\u03a7\u039f\u03a3 69 \u039d\u03bf\u03c3\u03b7\u03bb\u03b5\u03af\u03b1 \u03ba\u03b1\u03b9 \u0388\u03c1\u03b5\u03c5\u03bd\u03b1<\/span><\/span><\/a><\/strong><\/p>\n<p style=\"text-align: center\">Published: May-August 2024, Page 98<\/p>\t\t\t\t\t\t\t\t<\/div>\n\t\t\t\t<\/div>\n\t\t\t\t<div class=\"elementor-element elementor-element-e7e3b93 elementor-widget elementor-widget-image\" data-id=\"e7e3b93\" data-element_type=\"widget\" data-e-type=\"widget\" data-widget_type=\"image.default\">\n\t\t\t\t<div class=\"elementor-widget-container\">\n\t\t\t\t\t\t\t\t\t\t\t\t\t\t\t<img loading=\"lazy\" decoding=\"async\" width=\"211\" height=\"300\" src=\"data:image\/gif;base64,R0lGODlhAQABAAAAACH5BAEKAAEALAAAAAABAAEAAAICTAEAOw==\" class=\"attachment-medium size-medium wp-image-1990 lazyload\" alt=\"\" sizes=\"(max-width: 211px) 100vw, 211px\" data-src=\"https:\/\/forschung.fh-kaernten.at\/change\/files\/2025\/05\/SelectedPerspectives-211x300.jpg\" data-srcset=\"https:\/\/forschung.fh-kaernten.at\/change\/files\/2025\/05\/SelectedPerspectives-211x300.jpg 211w, https:\/\/forschung.fh-kaernten.at\/change\/files\/2025\/05\/SelectedPerspectives-721x1024.jpg 721w, https:\/\/forschung.fh-kaernten.at\/change\/files\/2025\/05\/SelectedPerspectives-768x1091.jpg 768w, https:\/\/forschung.fh-kaernten.at\/change\/files\/2025\/05\/SelectedPerspectives-1081x1536.jpg 1081w, https:\/\/forschung.fh-kaernten.at\/change\/files\/2025\/05\/SelectedPerspectives-1024x1455.jpg 1024w, https:\/\/forschung.fh-kaernten.at\/change\/files\/2025\/05\/SelectedPerspectives-760x1080.jpg 760w, https:\/\/forschung.fh-kaernten.at\/change\/files\/2025\/05\/SelectedPerspectives.jpg 1386w\">\t\t\t\t\t\t\t\t\t\t\t\t\t\t\t<\/div>\n\t\t\t\t<\/div>\n\t\t\t\t<div class=\"elementor-element elementor-element-4791a94 elementor-widget elementor-widget-text-editor\" data-id=\"4791a94\" data-element_type=\"widget\" data-e-type=\"widget\" data-widget_type=\"text-editor.default\">\n\t\t\t\t<div class=\"elementor-widget-container\">\n\t\t\t\t\t\t\t\t\t<p style=\"text-align: center\"><strong><a style=\"color: #b5c512\" href=\"https:\/\/www.theseus.fi\/handle\/10024\/872297\" target=\"_blank\" rel=\"noopener\">Selected Perspectives on Internationalisation and Applied Education and Research 2024<\/a><\/strong><\/p><p style=\"text-align: center\">Published: 2024, Page 14<\/p>\t\t\t\t\t\t\t\t<\/div>\n\t\t\t\t<\/div>\n\t\t\t\t<\/div>\n\t\t\t\t\t<\/div>\n\t\t\t\t<\/div>\n\t\t<div class=\"elementor-element elementor-element-c19ad18 e-flex e-con-boxed e-con e-parent\" data-id=\"c19ad18\" data-element_type=\"container\" data-e-type=\"container\">\n\t\t\t\t\t<div class=\"e-con-inner\">\n\t\t\t\t<div class=\"elementor-element elementor-element-f613f94 elementor-widget elementor-widget-text-editor\" data-id=\"f613f94\" data-element_type=\"widget\" data-e-type=\"widget\" data-widget_type=\"text-editor.default\">\n\t\t\t\t<div class=\"elementor-widget-container\">\n\t\t\t\t\t\t\t\t\t<p style=\"text-align: center\">Co-f<span style=\"font-size: 10pt\">unded by the European Union. Views and opinions expressed are however those of the author(s) only and do not necessarily reflect those of the European Union or the European Education and Culture Executive Agency (EACEA). Neither the European Union nor EACEA can be held responsible for them.<\/span><\/p>\t\t\t\t\t\t\t\t<\/div>\n\t\t\t\t<\/div>\n\t\t\t\t\t<\/div>\n\t\t\t\t<\/div>\n\t\t\t\t<\/div>\n\t\t","protected":false},"excerpt":{"rendered":"<p>Please see our papers published to date: TKI-hankkeista yhteiskunnallisesti vaikuttavaa tietoa Published: 5.11.2024 Muutos kohti kest\u00e4v\u00e4\u00e4 kehityst\u00e4 \u2013 Sote-alan koulutuksella osaamista ik\u00e4ihmisten muuttuviin tarpeisiin Published: 1.3.2024 Ik\u00e4yst\u00e4v\u00e4llisyys ja ilmastonmuutos \u2013 mist\u00e4 on kysymys Published: 27.3.2024 Tuore opas: viestint\u00e4\u00e4 ilmastonmuutoksesta ja terveydest\u00e4 Published: 27.3.2024 \u03a4\u0395\u03a5\u03a7\u039f\u03a3 69 \u039d\u03bf\u03c3\u03b7\u03bb\u03b5\u03af\u03b1 \u03ba\u03b1\u03b9 \u0388\u03c1\u03b5\u03c5\u03bd\u03b1 Published: May-August 2024, Page 98 Selected Perspectives&hellip; <br \/> <a class=\"read-more\" href=\"https:\/\/forschung.fh-kaernten.at\/change\/publications\/\">Read more<\/a><\/p>\n","protected":false},"author":240,"featured_media":808,"parent":0,"menu_order":0,"comment_status":"closed","ping_status":"closed","template":"","meta":{"_crdt_document":"","inline_featured_image":false,"footnotes":""},"class_list":["post-1917","page","type-page","status-publish","has-post-thumbnail","hentry"],"_links":{"self":[{"href":"https:\/\/forschung.fh-kaernten.at\/change\/wp-json\/wp\/v2\/pages\/1917","targetHints":{"allow":["GET"]}}],"collection":[{"href":"https:\/\/forschung.fh-kaernten.at\/change\/wp-json\/wp\/v2\/pages"}],"about":[{"href":"https:\/\/forschung.fh-kaernten.at\/change\/wp-json\/wp\/v2\/types\/page"}],"author":[{"embeddable":true,"href":"https:\/\/forschung.fh-kaernten.at\/change\/wp-json\/wp\/v2\/users\/240"}],"replies":[{"embeddable":true,"href":"https:\/\/forschung.fh-kaernten.at\/change\/wp-json\/wp\/v2\/comments?post=1917"}],"version-history":[{"count":0,"href":"https:\/\/forschung.fh-kaernten.at\/change\/wp-json\/wp\/v2\/pages\/1917\/revisions"}],"wp:featuredmedia":[{"embeddable":true,"href":"https:\/\/forschung.fh-kaernten.at\/change\/wp-json\/wp\/v2\/media\/808"}],"wp:attachment":[{"href":"https:\/\/forschung.fh-kaernten.at\/change\/wp-json\/wp\/v2\/media?parent=1917"}],"curies":[{"name":"wp","href":"https:\/\/api.w.org\/{rel}","templated":true}]}}