{"id":287,"date":"2018-09-18T09:41:33","date_gmt":"2018-09-18T07:41:33","guid":{"rendered":"https:\/\/forschung.fh-kaernten.at\/digital-hr\/mesmerize\/"},"modified":"2021-02-10T09:33:34","modified_gmt":"2021-02-10T08:33:34","slug":"mesmerize","status":"publish","type":"page","link":"https:\/\/forschung.fh-kaernten.at\/digital-hr\/","title":{"rendered":"Front Page"},"content":{"rendered":"<div  data-label=\"Overlappable\" data-id=\"overlappable--1\" data-export-id=\"overlappable-4\" data-category=\"overlappable\" class=\"overlappable-4 content-section content-section-spacing\" data-overlap=\"true\" id=\"overlappable\"><div  class=\"gridContainer\"> <div  data-type=\"row\" class=\"row spaced-cols text-center\"><div  class=\"col-xs-12 col-sm-4 col-padding\"> <i  class=\"fa icon shadow-large-black aligncenter color1 fa-cubes reverse round large\"><\/i> <div  data-type=\"column\" class=\"\"> <h5  class=\"\">Digitale Trends<\/h5> <p  class=\"\">Wir setzen uns proaktiv mit relevanten digitalen Trends im Bereich der Human Resources auseinander, um den Austausch und kollektives Lernen innerhalb der teilnehmenden Unternehmen der Impulsreihe zu initiieren.<\/p><\/div> <\/div> <div  class=\"col-xs-12 col-sm-4 col-padding\"> <i  class=\"fa icon shadow-large-black aligncenter color1 fa-group reverse round large\"><\/i> <div  data-type=\"column\" class=\"\"><h5  class=\"\">Digitale HR Prozesse und \nHR Agenden<\/h5> <p  class=\"\">Die TeilnehmerInnen beleuchten die eigenen HR-Prozesse und HR-Agenden unter der Brille der Digitalisierung, um daraus konsequentes Entwickeln des HR-Bereichs zu sichern.<\/p><\/div> <\/div> <div  class=\"col-xs-12 col-sm-4 col-padding\"> <i  class=\"fa icon fa-magic large shadow-large-black round aligncenter reverse color1\"><\/i> <div  data-type=\"column\" class=\"\"><h5  class=\"\">Digitale Transformation<\/h5> <p  class=\"\">Wir setzen uns mit Auswirkungen der digitalen Entwicklungen am Arbeitsplatz und in der Organisation auseinander, um aus der HR-Rolle heraus, die digitale Transformation der teilnehmenden Unternehmen zu unterst\u00fctzen.<\/p><\/div> <\/div><\/div> <\/div><\/div><div  data-label=\"Die Impulsreihe\" data-id=\"about--1\" data-export-id=\"about-1\" data-category=\"about\" class=\"about-1 content-section\" id=\"die-impulsreihe\"><div  class=\"gridContainer\"> <div  class=\"row text-center\"><div  class=\"section-title-col\" data-type=\"column\"> <h5  class=\"\">IMPULSREIHE<\/h5> <h2  class=\"\">Die Digitalisierung und die VUCA-Umwelt<br >ver\u00e4ndern die Arbeitswelt deutlich und<br >fordert damit die HR-ExpertInnen in vielfacher Weise.<\/h2> <p  class=\"lead\">Es gilt die Organisation und die Menschen zu bef\u00e4higen, den Ver\u00e4nderungen durch eine verst\u00e4rkte Digitalisierung positiv und erfolgreich zu begegnen und gleichzeitig die eigenen HR-Prozesse und HR-Agenden unter der Brille der Digitalisierung zu beleuchten und zu entwickeln.<\/p><\/div> <\/div> <div  class=\"row\"> <div  class=\"button-holder space-bottom space-bottom-small\" data-type=\"column\"> <a class=\"button color1\" href=\"https:\/\/forschung.fh-kaernten.at\/digital-hr\/lehrgangsbeschreibung\" target=\"_self\" data-cp-link=\"1\" rel=\"noopener noreferrer\">Mehr erfahren<\/a><\/div> <div  class=\"col-xs bottom-xs flexbox image-group-bottom-3-img space-bottom-xs center-xs\"> <img decoding=\"async\" class=\"left-img shadow-large-black lazyload\" data-size=\"500x300\" src=\"data:image\/gif;base64,R0lGODlhAQABAAAAACH5BAEKAAEALAAAAAABAAEAAAICTAEAOw==\" alt=\"\" title=\"cropped-laptop-2559795.jpg\" data-src=\"https:\/\/forschung.fh-kaernten.at\/digital-hr\/files\/2019\/06\/cropped-laptop-2559795.jpg\"> <img decoding=\"async\" class=\"center-img shadow-large-black lazyload\" data-size=\"500x300\" src=\"data:image\/gif;base64,R0lGODlhAQABAAAAACH5BAEKAAEALAAAAAABAAEAAAICTAEAOw==\" alt=\"\" title=\"cropped-computer-2569652.jpg\" data-src=\"https:\/\/forschung.fh-kaernten.at\/digital-hr\/files\/2019\/06\/cropped-computer-2569652.jpg\"> <img decoding=\"async\" class=\"right-img shadow-large-black lazyload\" data-size=\"500x300\" src=\"data:image\/gif;base64,R0lGODlhAQABAAAAACH5BAEKAAEALAAAAAABAAEAAAICTAEAOw==\" alt=\"\" title=\"cropped-laptop-2559795-1.jpg\" data-src=\"https:\/\/forschung.fh-kaernten.at\/digital-hr\/files\/2019\/06\/cropped-laptop-2559795-1.jpg\"><\/div> <\/div><\/div> <\/div><div  data-label=\"Partner\" data-id=\"testimonials--2\" data-export-id=\"testimonials-1\" data-category=\"testimonials\" class=\"testimonials-1 content-section content-section-spacing\" id=\"partner\"><div  class=\"gridContainer\"> <div  class=\"row\"><div  data-type=\"column\" class=\"section-title-col\"> <h2  class=\"\">Partner der Impulsreihe<\/h2> <\/div> <\/div> <div  class=\"row spaced-cols content-center-sm\" data-type=\"row\"> <div  class=\"col-sm-4\"> <img decoding=\"async\" class=\"custom-image lazyload\" src=\"data:image\/gif;base64,R0lGODlhAQABAAAAACH5BAEKAAEALAAAAAABAAEAAAICTAEAOw==\" alt=\"\" title=\"cropped-IV-Logo_Kaernten-e1537262059828.jpg\" data-src=\"https:\/\/forschung.fh-kaernten.at\/digital-hr\/files\/2018\/07\/cropped-IV-Logo_Kaernten-e1537262059828.jpg\"> <p  class=\"\">\u201eSehr erfreulich ist, dass die Industrie-Personalverantwortlichen im IV-Netzwerk unter Federf\u00fchrung der Kelag und fachlich perfekt unterst\u00fctzt durch die Fachhochschule K\u00e4rnten (Studienbereich \u201cWirtschaft &amp; Management\u201d) die Impulsreihe \u201cDigital HR\u201d ins Leben gerufen haben. Die Industrie bekr\u00e4ftigt damit wieder einmal ihre Vorreiterrolle im Land.\u201c<\/p>  <h5  class=\"\">Mag. (FH) Wolfgang Pucher<\/h5> <p  class=\"small\" style=\"font-style: italic;\">Industriellenvereinigung K\u00e4rnten<\/p><\/div>  <div  class=\"col-sm-4\"> <img decoding=\"async\" class=\"custom-image lazyload\" src=\"data:image\/gif;base64,R0lGODlhAQABAAAAACH5BAEKAAEALAAAAAABAAEAAAICTAEAOw==\" alt=\"\" title=\"cropped-Logo-FHK_web-schwarz-rot-Kopie.png\" data-src=\"https:\/\/forschung.fh-kaernten.at\/digital-hr\/files\/2019\/06\/cropped-Logo-FHK_web-schwarz-rot-Kopie.png\"><p  class=\"\">\u201eDie Digital HR Impulsreihe setzt sich zum Ziel, K\u00e4rntner Unternehmen zu vernetzen, um diese bestm\u00f6glich auf die digitale Zukunft im HR-Bereich vorzubereiten.\u201c<\/p>  <h5  class=\"\">FH-Prof. Dr. Ursula Liebhart<\/h5> <p  class=\"small\" style=\"font-style: italic;\">Lehrgangsleitung, FH-K\u00e4rnten \n<br >Studienbereich Wirtschaft &amp; Management<\/p><\/div> <div  class=\"col-sm-4\"> <img decoding=\"async\" class=\"custom-image lazyload\" src=\"data:image\/gif;base64,R0lGODlhAQABAAAAACH5BAEKAAEALAAAAAABAAEAAAICTAEAOw==\" alt=\"\" title=\"cropped-Logo_Kelag-e1537262135183-1.png\" data-src=\"https:\/\/forschung.fh-kaernten.at\/digital-hr\/files\/2018\/07\/cropped-Logo_Kelag-e1537262135183-1.png\"> <p  class=\"\">\u201eWir freuen uns, dass wir gemeinsam mit der Fachhochschule und der Industriellenvereinigung K\u00e4rnten eine innovative und unseres Erachtens nach in jeder Hinsicht erfolgreiche HR Impulsreihe initiiert haben.\u201c<\/p>  <h5  class=\"\">Mag. Christian M\u00f6rtl<\/h5> <p  class=\"small\" style=\"font-style: italic;\">HR-Management &amp; Personalentwicklung, \n<br >Kelag<\/p><\/div><\/div><\/div> <\/div><div  data-label=\"Team\" data-id=\"team--2\" data-export-id=\"team-2\" data-category=\"team\" class=\"team-2 content-section content-section-spacing\" id=\"team-2\"><div  class=\"gridContainer\"> <div  class=\"row text-center\"><div  class=\"section-title-col\" data-type=\"column\"> <h2  class=\"\">Team<\/h2> <\/div> <\/div> <div  class=\"row spaced-cols content-center-sm center-sm\" data-type=\"row\">       <div  class=\"col-sm-6 col-md-3\"> <div  class=\"card y-move no-padding bordered\"> <img decoding=\"async\" class=\"face lazyload\" src=\"data:image\/gif;base64,R0lGODlhAQABAAAAACH5BAEKAAEALAAAAAABAAEAAAICTAEAOw==\" alt=\"\" title=\"cropped-liebhart-ursula-web-5.png\" data-src=\"https:\/\/forschung.fh-kaernten.at\/digital-hr\/files\/2018\/07\/cropped-liebhart-ursula-web-5.png\"> <div  data-type=\"column\" class=\"col-padding-small col-padding-small-xs description-container\"> <h4  class=\"font-500\">FH-Prof. Dr. Ursula Liebhart<\/h4> <p  class=\"small\" style=\"font-style: italic;\">Professur f\u00fcr Allgemeine Betriebswirtschaft, Schwerpunkt: Personalwesen und Organisation Lehrgangsleitung Digital HR Impulsreihe<\/p> <div  class=\"social-icons-group\" data-type=\"group\"> <a href=\"https:\/\/www.facebook.com\/groups\/292151637498235?ref=group_browse_new\" target=\"_blank\" class=\"\" rel=\"noopener noreferrer\"><i  class=\"gray fa icon small fa-facebook-square\"><\/i><\/a> <a href=\"#\" target=\"_self\" data-reiki-hidden=\"true\" rel=\"noopener noreferrer\"><i  class=\"gray fa icon small fa-twitter-square\"><\/i><\/a> <a href=\"https:\/\/www.linkedin.com\/in\/ursula-liebhart-591b65112\" target=\"_blank\" class=\"\" rel=\"noopener noreferrer\"><i  class=\"gray fa icon small fa-linkedin-square\"><\/i><\/a> <a href=\"#\" target=\"_self\" data-reiki-hidden=\"true\" rel=\"noopener noreferrer\"><i  class=\"gray fa icon small fa-google-plus-square\"><\/i><\/a><\/div> <a class=\"link\" href=\"https:\/\/www.fh-kaernten.at\/mitarbeiter?personId=4299090529\" target=\"_blank\" data-cp-link=\"1\" rel=\"noopener noreferrer\">Homepage FH K\u00e4rnten<\/a><a class=\"link\" href=\"https:\/\/ursulaliebhart.jimdo.com\" target=\"_blank\" data-cp-link=\"1\" rel=\"noopener noreferrer\">Homepage Prof. Liebhart<\/a><\/div><\/div> <\/div> <div  class=\"col-sm-6 col-md-3\"> <div  class=\"card y-move no-padding bordered\"> <img decoding=\"async\" class=\"face lazyload\" src=\"data:image\/gif;base64,R0lGODlhAQABAAAAACH5BAEKAAEALAAAAAABAAEAAAICTAEAOw==\" alt=\"\" title=\"cropped-Sabrina-Katzenberger-web-8.png\" data-src=\"https:\/\/forschung.fh-kaernten.at\/digital-hr\/files\/2018\/07\/cropped-Sabrina-Katzenberger-web-8.png\"> <div  data-type=\"column\" class=\"col-padding-small col-padding-small-xs description-container\"> <h4  class=\"font-500\">Mag. Sabrina Katzenberger<\/h4> <p  class=\"small\" style=\"font-style: italic;\">Wissenschaftliche Mitarbeiterin Assistenz der Lehrgangsleitung Digital HR Impulsreihe<\/p> <div  class=\"social-icons-group\" data-type=\"group\"> <a href=\"#\" target=\"_self\" data-reiki-hidden=\"true\" rel=\"noopener noreferrer\"><i  class=\"gray fa icon small fa-facebook-square\"><\/i><\/a> <a href=\"#\" target=\"_self\" data-reiki-hidden=\"true\" rel=\"noopener noreferrer\"><i  class=\"gray fa icon small fa-twitter-square\"><\/i><\/a> <a href=\"https:\/\/www.linkedin.com\/in\/sabrina-katzenberger-572065157\" target=\"_blank\" class=\"\" rel=\"noopener noreferrer\"><i  class=\"gray fa icon small fa-linkedin-square\"><\/i><\/a> <a href=\"#\" target=\"_self\" data-reiki-hidden=\"true\" rel=\"noopener noreferrer\"><i  class=\"gray fa icon small fa-google-plus-square\"><\/i><\/a><\/div> <a class=\"link\" href=\"https:\/\/www.fh-kaernten.at\/mitarbeiter?personId=4295521268\" target=\"_blank\" data-cp-link=\"1\" rel=\"noopener noreferrer\">Homepage FH K\u00e4rnten<\/a><\/div><\/div> <\/div><\/div> <\/div><\/div><div  data-label=\"Statements\" data-id=\"testimonials--1\" data-export-id=\"testimonials-5\" data-category=\"testimonials\" class=\"testimonials-5 content-section content-section-spacing\" id=\"statements\"><div  class=\"gridContainer\"> <div  class=\"row\"><div  data-type=\"column\" class=\"section-title-col\"> <h2  class=\"\">Statements<\/h2> <p  class=\"lead\">Ausgew\u00e4hlte Statements zur Digital HR Impulsreihe 2017\/18<\/p><\/div> <\/div> <div  class=\"row spaced-cols start-sm content-left-sm\" data-type=\"row\"> <div  class=\"col-sm-4 col-md-3 \"> <div  class=\"card y-move bordered\" data-type=\"column\"> <a  data-cp-link=\"1\" href=\"#\" class=\"\"><i  class=\"fa fa-quote-right icon color1 small quotation-icon\"><\/i><\/a> <p  class=\"text-center\">Die \u201aDigital HR Impulsreihe\u2018 \u2013 initiiert durch FH K\u00e4rnten und Kelag \u2013 bot mir bzw. meinen HR-Kolleginnen bei STRABAG eine sehr gute Gelegenheit, zu aktuellen und k\u00fcnftig wichtigen Themen des Human Ressource Bereiches, qualifizierten praxisnahen Fach-Input zu erhalten. Es war wertvoll und hilfreich, die erhaltenen Informationen und Tipps mit Vertreterinnen anderer Unternehmen diskutieren zu k\u00f6nnen und daraus abgeleitete Ideen im eigenen Unternehmen zur Umsetzung zu bringen. Wir haben deshalb beschlossen, gerne an der Fortsetzung dieser Impulsreihe teilzunehmen.<\/p>  <h6  class=\"\">Dr. G\u00fcnter Senoner<\/h6> <p  class=\"small italic\">Head of HR-Development, Strabag SE<\/p><\/div> <\/div> <div  class=\"col-sm-4 col-md-3 \"> <div  class=\"card y-move bordered\" data-type=\"column\"> <i  class=\"fa fa-quote-right icon color1 small quotation-icon\"><\/i> <p  class=\"text-center\">Diese HR Impulsreihe ist sowohl von den Beteiligten Personen und Unternehmen als auch von den Themen und der Durchf\u00fchrung bestens konzipiert. Durch informative Inputs von Experten und spannenden Best-Practice Beispielen von HR-KollegInnen bekommt man tolle Denkanst\u00f6\u00dfe f\u00fcr die t\u00e4gliche Arbeit. Dieses tolle Format ist in K\u00e4rnten Vorreiter f\u00fcr eine \u00fcberbetriebliche Zusammenarbeit und k\u00f6nnte auch f\u00fcr andere Bereiche \u00fcber HR hinaus als eine wertvolle Austauschplattform angedacht werden.<\/p>  <h6  class=\"\">Mag. Thomas Bodner<\/h6> <p  class=\"small italic\">HR-Business Partner, Treibacher Industrie AG<\/p><\/div> <\/div> <div  class=\"col-sm-4 col-md-3 \"> <div  class=\"card y-move bordered\" data-type=\"column\"> <i  class=\"fa fa-quote-right icon color1 small quotation-icon\"><\/i> <p  class=\"text-center\">Die Digital HR Impulsreihe bot die gro\u00dfartige M\u00f6glichkeit das sehr aktuelle und relevante Thema -Digitalisierung im Personalmanagement \u2013 sowohl mit Experten zu diskutieren, als auch gemeinsam Ideen f\u00fcr die allt\u00e4gliche Umsetzung zu erarbeiten. Die Kombination aus virtuellen Seminaren und Pr\u00e4senzworkshops war daf\u00fcr optimal.<\/p>  <h6  class=\"\">Claudia Knoll, MAS<\/h6> <p  class=\"small italic\">HR-Management, Imerys Fused Minerals Villach GmbH<\/p><\/div> <\/div><div  class=\"col-sm-4 col-md-3 \"> <div  class=\"card y-move bordered\" data-type=\"column\"> <a  data-cp-link=\"1\" href=\"#\" class=\"\"><i  class=\"fa fa-quote-right icon color1 small quotation-icon\"><\/i><\/a> <p  class=\"text-center\">Kompetente Professoren und Experten vermitteln in dieser einzigartigen DIGITAL HR IMPULSREIHE international innovatives Wissen zu den vielf\u00e4ltigen Trends und aktuellen Themen im HR Bereich. Durch das \u201aortsunabh\u00e4ngige Format Webinar\u2018 kann unsere gesamte HR-Abteilung zeit\u00f6konomisch an der gesamten HR Impulsreihe teilhaben. Die fachkundige und motivierende Gesamtbetreuung durch Prof. Dr. Liebhart liefert die notwendige Professionalit\u00e4t und macht die Impulsreihe einzigartig!<\/p>  <h6  class=\"\">Hermann Gangl, MSc<\/h6> <p  class=\"small italic\">Head of HR-Management, Liebherr-Hausger\u00e4te Lienz<\/p><\/div> <\/div><\/div> <\/div><\/div><div  data-label=\"Kontakt\" data-id=\"contact--1\" data-export-id=\"contact-1\" data-category=\"contact\" class=\"contact-1 content-section content-section-spacing white-text\" data-parallax-depth=\"20\" id=\"kontakt\"><div  class=\"gridContainer\"> <div  class=\"row text-center\"><div  class=\"section-title-col\" data-type=\"column\"> <h2  class=\"\">Kontakt<\/h2> <p  class=\"lead\">Wenn Sie mehr \u00fcber die Impuslreihe erfahren m\u00f6chten, kontaktieren Sie uns einfach \u00fcber dieses Formular.<\/p><\/div> <\/div> <div  class=\"row text-center\"> <div  class=\"col-xs-12 col-sm-8 col-sm-offset-2 contact-form-wrapper inline-info\"> <div  class=\"card large-padding\"> <div  class=\"\" data-content-shortcode=\"mesmerize_contact_form shortcode=&quot;wpforms id=&amp;amp;quot;566&amp;amp;quot; title=&amp;amp;quot;false&amp;amp;quot;&quot;\" data-editable=\"true\"><div class=\"wpforms-container wpforms-container-full\" id=\"wpforms-566\"><form id=\"wpforms-form-566\" class=\"wpforms-validate wpforms-form\" data-formid=\"566\" method=\"post\" enctype=\"multipart\/form-data\" action=\"\/digital-hr\/wp-json\/wp\/v2\/pages\/287\" data-token=\"af3db188dc371033068062115f4466dc\" data-token-time=\"1777751166\"><noscript class=\"wpforms-error-noscript\">Bitte aktiviere JavaScript in deinem Browser, um dieses Formular fertigzustellen.<\/noscript><div class=\"wpforms-field-container\"><div id=\"wpforms-566-field_0-container\" class=\"wpforms-field wpforms-field-name\" data-field-id=\"0\"><label class=\"wpforms-field-label\">Name <span class=\"wpforms-required-label\">*<\/span><\/label><div class=\"wpforms-field-row wpforms-field-medium\"><div class=\"wpforms-field-row-block wpforms-first wpforms-one-half\"><input type=\"text\" id=\"wpforms-566-field_0\" class=\"wpforms-field-name-first wpforms-field-required\" name=\"wpforms[fields][0][first]\" required><label for=\"wpforms-566-field_0\" class=\"wpforms-field-sublabel after\">Vorname<\/label><\/div><div class=\"wpforms-field-row-block wpforms-one-half\"><input type=\"text\" id=\"wpforms-566-field_0-last\" class=\"wpforms-field-name-last wpforms-field-required\" name=\"wpforms[fields][0][last]\" required><label for=\"wpforms-566-field_0-last\" class=\"wpforms-field-sublabel after\">Nachname<\/label><\/div><\/div><\/div><div id=\"wpforms-566-field_1-container\" class=\"wpforms-field wpforms-field-email\" data-field-id=\"1\"><label class=\"wpforms-field-label\" for=\"wpforms-566-field_1\">E-Mail <span class=\"wpforms-required-label\">*<\/span><\/label><input type=\"email\" id=\"wpforms-566-field_1\" class=\"wpforms-field-medium wpforms-field-required\" name=\"wpforms[fields][1]\" spellcheck=\"false\" required><\/div><div id=\"wpforms-566-field_2-container\" class=\"wpforms-field wpforms-field-textarea\" data-field-id=\"2\"><label class=\"wpforms-field-label\" for=\"wpforms-566-field_2\">Kommentar oder Nachricht <span class=\"wpforms-required-label\">*<\/span><\/label><textarea id=\"wpforms-566-field_2\" class=\"wpforms-field-medium wpforms-field-required\" name=\"wpforms[fields][2]\" required><\/textarea><\/div><\/div><!-- .wpforms-field-container --><div class=\"wpforms-recaptcha-container wpforms-is-recaptcha wpforms-is-recaptcha-type-v2\" ><div class=\"g-recaptcha\" data-sitekey=\"6LfeZQ8aAAAAACPGr2osTtOiHA7-VltbD0TA8Jsg\"><\/div><input type=\"text\" name=\"g-recaptcha-hidden\" class=\"wpforms-recaptcha-hidden\" style=\"position:absolute!important;clip:rect(0,0,0,0)!important;height:1px!important;width:1px!important;border:0!important;overflow:hidden!important;padding:0!important;margin:0!important;\" data-rule-recaptcha=\"1\"><\/div><div class=\"wpforms-submit-container\" ><input type=\"hidden\" name=\"wpforms[id]\" value=\"566\"><input type=\"hidden\" name=\"page_title\" value=\"\"><input type=\"hidden\" name=\"page_url\" value=\"https:\/\/forschung.fh-kaernten.at\/digital-hr\/wp-json\/wp\/v2\/pages\/287\"><input type=\"hidden\" name=\"url_referer\" value=\"\"><button type=\"submit\" name=\"wpforms[submit]\" id=\"wpforms-submit-566\" class=\"wpforms-submit\" data-alt-text=\"Senden...\" data-submit-text=\"Absenden\" aria-live=\"assertive\" value=\"wpforms-submit\">Absenden<\/button><\/div><\/form><\/div>  <!-- .wpforms-container --><\/div><\/div> <\/div><\/div> <\/div><\/div>","protected":false},"excerpt":{"rendered":"<p>Digitale Trends Wir setzen uns proaktiv mit relevanten digitalen Trends im Bereich der Human Resources auseinander, um den Austausch und kollektives Lernen innerhalb der teilnehmenden Unternehmen der Impulsreihe zu initiieren. Digitale HR Prozesse und HR Agenden Die TeilnehmerInnen beleuchten die eigenen HR-Prozesse und HR-Agenden unter der Brille der Digitalisierung, um daraus konsequentes Entwickeln des HR-Bereichs&hellip; <br \/> <a class=\"read-more\" href=\"https:\/\/forschung.fh-kaernten.at\/digital-hr\/\">Weiterlesen<\/a><\/p>\n","protected":false},"author":119,"featured_media":0,"parent":0,"menu_order":0,"comment_status":"closed","ping_status":"closed","template":"page-templates\/homepage.php","meta":{"_crdt_document":"","inline_featured_image":false,"footnotes":""},"class_list":["post-287","page","type-page","status-publish","hentry"],"_links":{"self":[{"href":"https:\/\/forschung.fh-kaernten.at\/digital-hr\/wp-json\/wp\/v2\/pages\/287","targetHints":{"allow":["GET"]}}],"collection":[{"href":"https:\/\/forschung.fh-kaernten.at\/digital-hr\/wp-json\/wp\/v2\/pages"}],"about":[{"href":"https:\/\/forschung.fh-kaernten.at\/digital-hr\/wp-json\/wp\/v2\/types\/page"}],"author":[{"embeddable":true,"href":"https:\/\/forschung.fh-kaernten.at\/digital-hr\/wp-json\/wp\/v2\/users\/119"}],"replies":[{"embeddable":true,"href":"https:\/\/forschung.fh-kaernten.at\/digital-hr\/wp-json\/wp\/v2\/comments?post=287"}],"version-history":[{"count":0,"href":"https:\/\/forschung.fh-kaernten.at\/digital-hr\/wp-json\/wp\/v2\/pages\/287\/revisions"}],"wp:attachment":[{"href":"https:\/\/forschung.fh-kaernten.at\/digital-hr\/wp-json\/wp\/v2\/media?parent=287"}],"curies":[{"name":"wp","href":"https:\/\/api.w.org\/{rel}","templated":true}]}}