{"id":45,"date":"2018-07-12T13:44:34","date_gmt":"2018-07-12T11:44:34","guid":{"rendered":"https:\/\/forschung.fh-kaernten.at\/digital-hr\/?page_id=45"},"modified":"2019-08-06T16:43:00","modified_gmt":"2019-08-06T14:43:00","slug":"unternehmen","status":"publish","type":"page","link":"https:\/\/forschung.fh-kaernten.at\/digital-hr\/unternehmen\/","title":{"rendered":"Teilnehmende Unternehmen"},"content":{"rendered":"<p><span style=\"color: #000000\">Die HR-ExpertInnen der Digital HR Impulsreihe setzen sich aus namhaften K\u00e4rntner Industrieunternehmen zusammen, die in Summe rund 16.000 MitarbeiterInnen in K\u00e4rnten besch\u00e4ftigen.<\/span><\/p>\n<p><span style=\"color: #000000\">Die teilnehmenden Unternehmen (in alphabetischer Reihenfolge): <\/span><span style=\"color: #000000\">BKS Bank AG, <\/span><span style=\"color: #000000\">Flextronics International GmbH, <\/span><span style=\"color: #000000\">FunderMax GmbH, Hasslacher Holding GmbH, <\/span><span style=\"color: #000000\">Hirsch Armb\u00e4nder GmbH, <\/span><span style=\"color: #000000\">Imerys Fused Minerals Villach GmbH, <\/span><span style=\"color: #000000\">Infineon Technologies Austria AG, K\u00e4rntner Sparkasse, <\/span><span style=\"color: #000000\">Kelag \u2013 K\u00e4rntner Elektrizit\u00e4ts-Aktiengesellschaft, K.E.M. Montage GmbH, <\/span><span style=\"color: #000000\">Lam Research AG, <\/span><span style=\"color: #000000\">Liebherr-Hausger\u00e4te Lienz GmbH, Lindnder Recyclingtech GmbH, <\/span><span style=\"color: #000000\">Mahle Filtersysteme Austria GmbH, <\/span><span style=\"color: #000000\">Mazda Austria GmbH, Philips Austria GmbH, <\/span><span style=\"color: #000000\">Raiffeisen Landesbank K\u00e4rnten, PMS Elektro- und Automationstechnik K\u00e4rnten GmbH, <\/span><span style=\"color: #000000\">Stadtwerke Klagenfurt AG, <\/span><span style=\"color: #000000\">Strabag SE, Stadtwerke Klagenfurt AG, <\/span><span style=\"color: #000000\">Treibacher Industrie AG, Volksbank K\u00e4rnten eG, Wietersdorfer Alpacem GmbH \/ W&amp;P Zement GmbH, <\/span><span style=\"color: #000000\">Wild GmbH<\/span><\/p>\n<p><span style=\"color: #000000\">\u00a0<\/span><\/p>\n<div id=\"attachment_268\" style=\"width: 1034px\" class=\"wp-caption aligncenter\"><a href=\"https:\/\/forschung.fh-kaernten.at\/digital-hr\/files\/2018\/09\/Digi-HR-Logos-Moodle-Startbild-1.jpg\"><img loading=\"lazy\" decoding=\"async\" aria-describedby=\"caption-attachment-268\" class=\"wp-image-268 size-large lazyload\" src=\"data:image\/gif;base64,R0lGODlhAQABAAAAACH5BAEKAAEALAAAAAABAAEAAAICTAEAOw==\" alt=\"\" width=\"1024\" height=\"576\" sizes=\"auto, (max-width: 1024px) 100vw, 1024px\" data-src=\"https:\/\/forschung.fh-kaernten.at\/digital-hr\/files\/2018\/09\/Digi-HR-Logos-Moodle-Startbild-1-1024x576.jpg\" data-srcset=\"https:\/\/forschung.fh-kaernten.at\/digital-hr\/files\/2018\/09\/Digi-HR-Logos-Moodle-Startbild-1-1024x576.jpg 1024w, https:\/\/forschung.fh-kaernten.at\/digital-hr\/files\/2018\/09\/Digi-HR-Logos-Moodle-Startbild-1-300x169.jpg 300w, https:\/\/forschung.fh-kaernten.at\/digital-hr\/files\/2018\/09\/Digi-HR-Logos-Moodle-Startbild-1-768x432.jpg 768w, https:\/\/forschung.fh-kaernten.at\/digital-hr\/files\/2018\/09\/Digi-HR-Logos-Moodle-Startbild-1.jpg 1280w\"><\/a><p id=\"caption-attachment-268\" class=\"wp-caption-text\"><span style=\"color: #000000\">Teilnehmende Unternehmen 2018\/19<\/span><\/p><\/div>\n<p>&nbsp;<\/p>\n","protected":false},"excerpt":{"rendered":"<p>Die HR-ExpertInnen der Digital HR Impulsreihe setzen sich aus namhaften K\u00e4rntner Industrieunternehmen zusammen, die in Summe rund 16.000 MitarbeiterInnen in K\u00e4rnten besch\u00e4ftigen. Die teilnehmenden Unternehmen (in alphabetischer Reihenfolge): BKS Bank AG, Flextronics International GmbH, FunderMax GmbH, Hasslacher Holding GmbH, Hirsch Armb\u00e4nder GmbH, Imerys Fused Minerals Villach GmbH, Infineon Technologies Austria AG, K\u00e4rntner Sparkasse, Kelag \u2013&hellip; <br \/> <a class=\"read-more\" href=\"https:\/\/forschung.fh-kaernten.at\/digital-hr\/unternehmen\/\">Weiterlesen<\/a><\/p>\n","protected":false},"author":48,"featured_media":0,"parent":0,"menu_order":0,"comment_status":"closed","ping_status":"closed","template":"","meta":{"_crdt_document":"","inline_featured_image":false,"footnotes":""},"class_list":["post-45","page","type-page","status-publish","hentry"],"_links":{"self":[{"href":"https:\/\/forschung.fh-kaernten.at\/digital-hr\/wp-json\/wp\/v2\/pages\/45","targetHints":{"allow":["GET"]}}],"collection":[{"href":"https:\/\/forschung.fh-kaernten.at\/digital-hr\/wp-json\/wp\/v2\/pages"}],"about":[{"href":"https:\/\/forschung.fh-kaernten.at\/digital-hr\/wp-json\/wp\/v2\/types\/page"}],"author":[{"embeddable":true,"href":"https:\/\/forschung.fh-kaernten.at\/digital-hr\/wp-json\/wp\/v2\/users\/48"}],"replies":[{"embeddable":true,"href":"https:\/\/forschung.fh-kaernten.at\/digital-hr\/wp-json\/wp\/v2\/comments?post=45"}],"version-history":[{"count":0,"href":"https:\/\/forschung.fh-kaernten.at\/digital-hr\/wp-json\/wp\/v2\/pages\/45\/revisions"}],"wp:attachment":[{"href":"https:\/\/forschung.fh-kaernten.at\/digital-hr\/wp-json\/wp\/v2\/media?parent=45"}],"curies":[{"name":"wp","href":"https:\/\/api.w.org\/{rel}","templated":true}]}}