{"id":7471,"date":"2024-06-27T17:40:50","date_gmt":"2024-06-27T15:40:50","guid":{"rendered":"https:\/\/forschung.fh-kaernten.at\/enable\/about-us\/"},"modified":"2024-06-27T17:40:51","modified_gmt":"2024-06-27T15:40:51","slug":"about-us","status":"publish","type":"page","link":"https:\/\/forschung.fh-kaernten.at\/enable\/en\/about-us\/","title":{"rendered":"About Us"},"content":{"rendered":"\t\t<div data-elementor-type=\"wp-page\" data-elementor-id=\"7471\" class=\"elementor elementor-7471 elementor-7460\" data-elementor-post-type=\"page\">\n\t\t\t\t\t\t<section class=\"elementor-section elementor-top-section elementor-element elementor-element-a11a098 elementor-section-boxed elementor-section-height-default elementor-section-height-default\" data-id=\"a11a098\" data-element_type=\"section\" data-e-type=\"section\">\n\t\t\t\t\t\t<div class=\"elementor-container elementor-column-gap-default\">\n\t\t\t\t\t<div class=\"elementor-column elementor-col-100 elementor-top-column elementor-element elementor-element-ec5e7eb\" data-id=\"ec5e7eb\" data-element_type=\"column\" data-e-type=\"column\">\n\t\t\t<div class=\"elementor-widget-wrap elementor-element-populated\">\n\t\t\t\t\t\t<div class=\"elementor-element elementor-element-998aac1 elementor-widget elementor-widget-heading\" data-id=\"998aac1\" data-element_type=\"widget\" data-e-type=\"widget\" data-widget_type=\"heading.default\">\n\t\t\t\t<div class=\"elementor-widget-container\">\n\t\t\t\t\t<h1 class=\"elementor-heading-title elementor-size-default\">About us<\/h1>\t\t\t\t<\/div>\n\t\t\t\t<\/div>\n\t\t\t\t<div class=\"elementor-element elementor-element-50382c9 elementor-widget elementor-widget-text-editor\" data-id=\"50382c9\" data-element_type=\"widget\" data-e-type=\"widget\" data-widget_type=\"text-editor.default\">\n\t\t\t\t<div class=\"elementor-widget-container\">\n\t\t\t\t\t\t\t\t\t<p>At our research group <strong>ENABLE<\/strong> for health, care and inclusion we focus on two central areas of life that affect almost everyone: Health and inclusion. When one of these areas is compromised, it can significantly affect quality of life, independence and functional capacity. Our work aims to meet these challenges through innovative approaches and to develop solutions that have an immediate impact on people&#8217;s everyday lives.<\/p>\n\t\t\t\t\t\t\t\t<\/div>\n\t\t\t\t<\/div>\n\t\t\t\t\t<\/div>\n\t\t<\/div>\n\t\t\t\t\t<\/div>\n\t\t<\/section>\n\t\t\t\t<section class=\"elementor-section elementor-top-section elementor-element elementor-element-d9d5dc0 elementor-section-boxed elementor-section-height-default elementor-section-height-default\" data-id=\"d9d5dc0\" data-element_type=\"section\" data-e-type=\"section\">\n\t\t\t\t\t\t<div class=\"elementor-container elementor-column-gap-default\">\n\t\t\t\t\t<div class=\"elementor-column elementor-col-50 elementor-top-column elementor-element elementor-element-677371d\" data-id=\"677371d\" data-element_type=\"column\" data-e-type=\"column\">\n\t\t\t<div class=\"elementor-widget-wrap elementor-element-populated\">\n\t\t\t\t\t\t<div class=\"elementor-element elementor-element-6223dfa elementor-widget elementor-widget-image\" data-id=\"6223dfa\" data-element_type=\"widget\" data-e-type=\"widget\" data-widget_type=\"image.default\">\n\t\t\t\t<div class=\"elementor-widget-container\">\n\t\t\t\t\t\t\t\t\t\t\t\t\t\t\t<img fetchpriority=\"high\" decoding=\"async\" width=\"405\" height=\"310\" src=\"data:image\/gif;base64,R0lGODlhAQABAAAAACH5BAEKAAEALAAAAAABAAEAAAICTAEAOw==\" class=\"attachment-full size-full wp-image-7463 lazyload\" alt=\"\" sizes=\"(max-width: 405px) 100vw, 405px\" data-src=\"https:\/\/forschung.fh-kaernten.at\/enable\/files\/2024\/06\/Bild1-1.png\" data-srcset=\"https:\/\/forschung.fh-kaernten.at\/enable\/files\/2024\/06\/Bild1-1.png 405w, https:\/\/forschung.fh-kaernten.at\/enable\/files\/2024\/06\/Bild1-1-300x230.png 300w\">\t\t\t\t\t\t\t\t\t\t\t\t\t\t\t<\/div>\n\t\t\t\t<\/div>\n\t\t\t\t\t<\/div>\n\t\t<\/div>\n\t\t\t\t<div class=\"elementor-column elementor-col-50 elementor-top-column elementor-element elementor-element-9943df2\" data-id=\"9943df2\" data-element_type=\"column\" data-e-type=\"column\">\n\t\t\t<div class=\"elementor-widget-wrap elementor-element-populated\">\n\t\t\t\t\t\t<div class=\"elementor-element elementor-element-4ee5dd1 elementor-widget elementor-widget-heading\" data-id=\"4ee5dd1\" data-element_type=\"widget\" data-e-type=\"widget\" data-widget_type=\"heading.default\">\n\t\t\t\t<div class=\"elementor-widget-container\">\n\t\t\t\t\t<h4 class=\"elementor-heading-title elementor-size-default\">Focus areas:<\/h4>\t\t\t\t<\/div>\n\t\t\t\t<\/div>\n\t\t\t\t<div class=\"elementor-element elementor-element-cecc27c elementor-widget elementor-widget-text-editor\" data-id=\"cecc27c\" data-element_type=\"widget\" data-e-type=\"widget\" data-widget_type=\"text-editor.default\">\n\t\t\t\t<div class=\"elementor-widget-container\">\n\t\t\t\t\t\t\t\t\t<ul>\n<li>Health promotion<\/li>\n<li>Support in everyday life<\/li>\n<li>Digitalization in Healthcare<\/li>\n<li>Therapy<\/li>\n<li>Care and support<\/li>\n<li>Movement analysis<\/li>\n<li>Ethical questions<\/li>\n<li>Environment and sustainability<\/li>\n<\/ul>\n\t\t\t\t\t\t\t\t<\/div>\n\t\t\t\t<\/div>\n\t\t\t\t\t<\/div>\n\t\t<\/div>\n\t\t\t\t\t<\/div>\n\t\t<\/section>\n\t\t\t\t<section class=\"elementor-section elementor-top-section elementor-element elementor-element-a5b6aa8 elementor-section-boxed elementor-section-height-default elementor-section-height-default\" data-id=\"a5b6aa8\" data-element_type=\"section\" data-e-type=\"section\" data-settings=\"{&quot;background_background&quot;:&quot;classic&quot;}\">\n\t\t\t\t\t\t<div class=\"elementor-container elementor-column-gap-default\">\n\t\t\t\t\t<div class=\"elementor-column elementor-col-100 elementor-top-column elementor-element elementor-element-597049e\" data-id=\"597049e\" data-element_type=\"column\" data-e-type=\"column\">\n\t\t\t<div class=\"elementor-widget-wrap elementor-element-populated\">\n\t\t\t\t\t\t<div class=\"elementor-element elementor-element-3a5a231 elementor-widget elementor-widget-spacer\" data-id=\"3a5a231\" data-element_type=\"widget\" data-e-type=\"widget\" data-widget_type=\"spacer.default\">\n\t\t\t\t<div class=\"elementor-widget-container\">\n\t\t\t\t\t\t\t<div class=\"elementor-spacer\">\n\t\t\t<div class=\"elementor-spacer-inner\"><\/div>\n\t\t<\/div>\n\t\t\t\t\t\t<\/div>\n\t\t\t\t<\/div>\n\t\t\t\t\t<\/div>\n\t\t<\/div>\n\t\t\t\t\t<\/div>\n\t\t<\/section>\n\t\t\t\t<section class=\"elementor-section elementor-top-section elementor-element elementor-element-3c0e0ed elementor-section-boxed elementor-section-height-default elementor-section-height-default\" data-id=\"3c0e0ed\" data-element_type=\"section\" data-e-type=\"section\" data-settings=\"{&quot;background_background&quot;:&quot;classic&quot;}\">\n\t\t\t\t\t\t<div class=\"elementor-container elementor-column-gap-default\">\n\t\t\t\t\t<div class=\"elementor-column elementor-col-100 elementor-top-column elementor-element elementor-element-8c2cb31\" data-id=\"8c2cb31\" data-element_type=\"column\" data-e-type=\"column\">\n\t\t\t<div class=\"elementor-widget-wrap elementor-element-populated\">\n\t\t\t\t\t\t<div class=\"elementor-element elementor-element-bfc01be elementor-widget elementor-widget-spacer\" data-id=\"bfc01be\" data-element_type=\"widget\" data-e-type=\"widget\" data-widget_type=\"spacer.default\">\n\t\t\t\t<div class=\"elementor-widget-container\">\n\t\t\t\t\t\t\t<div class=\"elementor-spacer\">\n\t\t\t<div class=\"elementor-spacer-inner\"><\/div>\n\t\t<\/div>\n\t\t\t\t\t\t<\/div>\n\t\t\t\t<\/div>\n\t\t\t\t\t<\/div>\n\t\t<\/div>\n\t\t\t\t\t<\/div>\n\t\t<\/section>\n\t\t\t\t<section class=\"elementor-section elementor-top-section elementor-element elementor-element-08bf9b9 elementor-section-boxed elementor-section-height-default elementor-section-height-default\" data-id=\"08bf9b9\" data-element_type=\"section\" data-e-type=\"section\" data-settings=\"{&quot;background_background&quot;:&quot;classic&quot;}\">\n\t\t\t\t\t\t<div class=\"elementor-container elementor-column-gap-default\">\n\t\t\t\t\t<div class=\"elementor-column elementor-col-50 elementor-top-column elementor-element elementor-element-6c6423b\" data-id=\"6c6423b\" data-element_type=\"column\" data-e-type=\"column\">\n\t\t\t<div class=\"elementor-widget-wrap elementor-element-populated\">\n\t\t\t\t\t\t<div class=\"elementor-element elementor-element-9fed0bf elementor-widget elementor-widget-heading\" data-id=\"9fed0bf\" data-element_type=\"widget\" data-e-type=\"widget\" data-widget_type=\"heading.default\">\n\t\t\t\t<div class=\"elementor-widget-container\">\n\t\t\t\t\t<h4 class=\"elementor-heading-title elementor-size-default\">Methods:<\/h4>\t\t\t\t<\/div>\n\t\t\t\t<\/div>\n\t\t\t\t<div class=\"elementor-element elementor-element-8c4fb14 elementor-widget elementor-widget-text-editor\" data-id=\"8c4fb14\" data-element_type=\"widget\" data-e-type=\"widget\" data-widget_type=\"text-editor.default\">\n\t\t\t\t<div class=\"elementor-widget-container\">\n\t\t\t\t\t\t\t\t\t<p>Our research group is characterized by transdisciplinary collaboration. A core team from different disciplines works together on socially relevant issues in the areas of health, care and inclusion. We focus on participatory research or pursue an open innovation in science approach in order to develop real-world solutions. We achieve a direct social impact through close cooperation with the people affected and involved. With multi-perspective evaluations &#8211; such as impact analysis, quality of life, acceptance and user experience &#8211; we ensure that our innovations are suitable for everyday use and inclusive.<\/p>\n\t\t\t\t\t\t\t\t<\/div>\n\t\t\t\t<\/div>\n\t\t\t\t\t<\/div>\n\t\t<\/div>\n\t\t\t\t<div class=\"elementor-column elementor-col-50 elementor-top-column elementor-element elementor-element-9ec2636\" data-id=\"9ec2636\" data-element_type=\"column\" data-e-type=\"column\">\n\t\t\t<div class=\"elementor-widget-wrap elementor-element-populated\">\n\t\t\t\t\t\t<div class=\"elementor-element elementor-element-8a2455d elementor-widget elementor-widget-image\" data-id=\"8a2455d\" data-element_type=\"widget\" data-e-type=\"widget\" data-widget_type=\"image.default\">\n\t\t\t\t<div class=\"elementor-widget-container\">\n\t\t\t\t\t\t\t\t\t\t\t\t\t\t\t<img decoding=\"async\" width=\"1280\" height=\"720\" src=\"data:image\/gif;base64,R0lGODlhAQABAAAAACH5BAEKAAEALAAAAAABAAEAAAICTAEAOw==\" class=\"attachment-full size-full wp-image-3871 lazyload\" alt=\"\" sizes=\"(max-width: 1280px) 100vw, 1280px\" data-src=\"https:\/\/forschung.fh-kaernten.at\/enable\/files\/2021\/03\/Slide40.png\" data-srcset=\"https:\/\/forschung.fh-kaernten.at\/enable\/files\/2021\/03\/Slide40.png 1280w, https:\/\/forschung.fh-kaernten.at\/enable\/files\/2021\/03\/Slide40-300x169.png 300w, https:\/\/forschung.fh-kaernten.at\/enable\/files\/2021\/03\/Slide40-1024x576.png 1024w, https:\/\/forschung.fh-kaernten.at\/enable\/files\/2021\/03\/Slide40-768x432.png 768w, https:\/\/forschung.fh-kaernten.at\/enable\/files\/2021\/03\/Slide40-830x467.png 830w, https:\/\/forschung.fh-kaernten.at\/enable\/files\/2021\/03\/Slide40-230x129.png 230w, https:\/\/forschung.fh-kaernten.at\/enable\/files\/2021\/03\/Slide40-350x197.png 350w, https:\/\/forschung.fh-kaernten.at\/enable\/files\/2021\/03\/Slide40-480x270.png 480w\">\t\t\t\t\t\t\t\t\t\t\t\t\t\t\t<\/div>\n\t\t\t\t<\/div>\n\t\t\t\t\t<\/div>\n\t\t<\/div>\n\t\t\t\t\t<\/div>\n\t\t<\/section>\n\t\t\t\t<section class=\"elementor-section elementor-top-section elementor-element elementor-element-4f993ae elementor-section-boxed elementor-section-height-default elementor-section-height-default\" data-id=\"4f993ae\" data-element_type=\"section\" data-e-type=\"section\">\n\t\t\t\t\t\t<div class=\"elementor-container elementor-column-gap-default\">\n\t\t\t\t\t<div class=\"elementor-column elementor-col-100 elementor-top-column elementor-element elementor-element-9880794\" data-id=\"9880794\" data-element_type=\"column\" data-e-type=\"column\">\n\t\t\t<div class=\"elementor-widget-wrap elementor-element-populated\">\n\t\t\t\t\t\t<div class=\"elementor-element elementor-element-abf6213 elementor-widget elementor-widget-spacer\" data-id=\"abf6213\" data-element_type=\"widget\" data-e-type=\"widget\" data-widget_type=\"spacer.default\">\n\t\t\t\t<div class=\"elementor-widget-container\">\n\t\t\t\t\t\t\t<div class=\"elementor-spacer\">\n\t\t\t<div class=\"elementor-spacer-inner\"><\/div>\n\t\t<\/div>\n\t\t\t\t\t\t<\/div>\n\t\t\t\t<\/div>\n\t\t\t\t<div class=\"elementor-element elementor-element-e88baf4 elementor-widget elementor-widget-heading\" data-id=\"e88baf4\" data-element_type=\"widget\" data-e-type=\"widget\" data-widget_type=\"heading.default\">\n\t\t\t\t<div class=\"elementor-widget-container\">\n\t\t\t\t\t<h4 class=\"elementor-heading-title elementor-size-default\"><p style=\"line-height: 107%;margin-top: 0pt;margin-bottom: 8pt;margin-left: 0in;direction: ltr\"><u><span style=\"font-size:18.0pt;font-family:Calibri;color:black\">Results:<\/span><\/u><\/p><\/h4>\t\t\t\t<\/div>\n\t\t\t\t<\/div>\n\t\t\t\t<div class=\"elementor-element elementor-element-7bc85b3 elementor-widget elementor-widget-text-editor\" data-id=\"7bc85b3\" data-element_type=\"widget\" data-e-type=\"widget\" data-widget_type=\"text-editor.default\">\n\t\t\t\t<div class=\"elementor-widget-container\">\n\t\t\t\t\t\t\t\t\t<p>Central to our work is enabling people to better shape their everyday lives. We develop and evaluate social innovations that improve the quality of life &#8211; both individually and collectively. Our research results are based on comprehensive evaluations of services and products as well as on findings from the development processes themselves. The aim is to find effective solutions that can be accepted by the target groups and sustainably anchored in everyday life. At ENABLE, we rely on open innovation processes to develop social innovations together with the people affected. This type of research continuously improves our methodological approaches and processes.<\/p>\n\t\t\t\t\t\t\t\t<\/div>\n\t\t\t\t<\/div>\n\t\t\t\t\t<\/div>\n\t\t<\/div>\n\t\t\t\t\t<\/div>\n\t\t<\/section>\n\t\t\t\t<section class=\"elementor-section elementor-top-section elementor-element elementor-element-9681fb5 elementor-section-boxed elementor-section-height-default elementor-section-height-default\" data-id=\"9681fb5\" data-element_type=\"section\" data-e-type=\"section\">\n\t\t\t\t\t\t<div class=\"elementor-container elementor-column-gap-default\">\n\t\t\t\t\t<div class=\"elementor-column elementor-col-100 elementor-top-column elementor-element elementor-element-cdae3be\" data-id=\"cdae3be\" data-element_type=\"column\" data-e-type=\"column\">\n\t\t\t<div class=\"elementor-widget-wrap elementor-element-populated\">\n\t\t\t\t\t\t<div class=\"elementor-element elementor-element-445a6b1 elementor-widget elementor-widget-spacer\" data-id=\"445a6b1\" data-element_type=\"widget\" data-e-type=\"widget\" data-widget_type=\"spacer.default\">\n\t\t\t\t<div class=\"elementor-widget-container\">\n\t\t\t\t\t\t\t<div class=\"elementor-spacer\">\n\t\t\t<div class=\"elementor-spacer-inner\"><\/div>\n\t\t<\/div>\n\t\t\t\t\t\t<\/div>\n\t\t\t\t<\/div>\n\t\t\t\t\t<\/div>\n\t\t<\/div>\n\t\t\t\t\t<\/div>\n\t\t<\/section>\n\t\t\t\t<\/div>\n\t\t","protected":false},"excerpt":{"rendered":"<p>\u00dcber uns In unserer Forschungsgruppe ENABLE f\u00fcr Gesundheit, Pflege und Inklusion konzentrieren wir uns auf zwei zentrale Lebensbereiche, die fast alle Menschen betreffen: Gesundheit und Inklusion. Wenn einer dieser Bereiche gef\u00e4hrdet ist, kann dies die Lebensqualit\u00e4t, Selbstst\u00e4ndigkeit und Handlungsf\u00e4higkeit erheblich beeintr\u00e4chtigen. Unsere Arbeit zielt darauf ab, diesen Herausforderungen durch innovative Ans\u00e4tze zu begegnen und L\u00f6sungen&hellip;&nbsp;<a href=\"https:\/\/forschung.fh-kaernten.at\/enable\/en\/about-us\/\" rel=\"bookmark\">Read More &raquo;<span class=\"screen-reader-text\">About Us<\/span><\/a><\/p>\n","protected":false},"author":236,"featured_media":0,"parent":0,"menu_order":0,"comment_status":"closed","ping_status":"closed","template":"page-templates\/template-pagebuilder-full-width.php","meta":{"_crdt_document":"","inline_featured_image":false,"neve_meta_sidebar":"","neve_meta_container":"","neve_meta_enable_content_width":"","neve_meta_content_width":0,"neve_meta_title_alignment":"","neve_meta_author_avatar":"","neve_post_elements_order":"","neve_meta_disable_header":"","neve_meta_disable_footer":"","neve_meta_disable_title":"","ngg_post_thumbnail":0,"footnotes":""},"class_list":["post-7471","page","type-page","status-publish","hentry"],"_links":{"self":[{"href":"https:\/\/forschung.fh-kaernten.at\/enable\/en\/wp-json\/wp\/v2\/pages\/7471","targetHints":{"allow":["GET"]}}],"collection":[{"href":"https:\/\/forschung.fh-kaernten.at\/enable\/en\/wp-json\/wp\/v2\/pages"}],"about":[{"href":"https:\/\/forschung.fh-kaernten.at\/enable\/en\/wp-json\/wp\/v2\/types\/page"}],"author":[{"embeddable":true,"href":"https:\/\/forschung.fh-kaernten.at\/enable\/en\/wp-json\/wp\/v2\/users\/236"}],"replies":[{"embeddable":true,"href":"https:\/\/forschung.fh-kaernten.at\/enable\/en\/wp-json\/wp\/v2\/comments?post=7471"}],"version-history":[{"count":0,"href":"https:\/\/forschung.fh-kaernten.at\/enable\/en\/wp-json\/wp\/v2\/pages\/7471\/revisions"}],"wp:attachment":[{"href":"https:\/\/forschung.fh-kaernten.at\/enable\/en\/wp-json\/wp\/v2\/media?parent=7471"}],"curies":[{"name":"wp","href":"https:\/\/api.w.org\/{rel}","templated":true}]}}