{"id":173,"date":"2020-07-27T17:25:14","date_gmt":"2020-07-27T15:25:14","guid":{"rendered":"https:\/\/forschung.fh-kaernten.at\/active-and-assisted-living\/?page_id=173"},"modified":"2022-10-22T05:05:48","modified_gmt":"2022-10-22T03:05:48","slug":"crosstrail","status":"publish","type":"page","link":"https:\/\/forschung.fh-kaernten.at\/enable\/crosstrail\/","title":{"rendered":"CROSSTRAIL"},"content":{"rendered":"<h2>Crosstrail<\/h2>\n\n\n<p class=\"wp-block-paragraph\">Ziel des Projektes ist die Verbesserung des Images des Programmgebietes und die Bewerbung der einzelnen Gebiete, vor allem im Zeitraum M\u00e4rz- November. Eines der Ziele ist die bessere Nutzung der Gelegenheiten, die das Projektgebiet in der Zwischensaison bietet; dieser Aspekt wird momentan zum Gro\u00dfteil vernachl\u00e4ssigt. Um dieses Ziel zu erreichen sollen Trailrunning und Skyrunning (oder einfacher ausgedr\u00fcckt das Joggen in den Bergen) gef\u00f6rdert werden. In den letzten Jahren hat sich das Trailrunning stark entwickelt und die Zahl der Fans dieser sportlichen Disziplin nimmt stetig zu; au\u00dferdem kann diese Sportart in den Gebieten unter 1000 m \u00fc.d.M. ganzj\u00e4hrig und in den Gebieten dar\u00fcber zwischen 6-9 Monaten pro Jahr praktiziert werden. Das Projekt sieht die Kartierung der f\u00fcr das Trailrunning vorgesehenen Wegstrecken (Wege bereits vorhanden) und die Zusammenstellung eines Angebotspakets vor, das logistische, technische, naturalistische und kulturelle Aspekte b\u00fcndelt, um so die wachsende Anzahl vom Trailrunning begeisterter Touristen anzuziehen. Es wird ein gedruckter und ein digitaler Reisef\u00fchrer mit den Trailrunning-Parcours, technischen Informationen zur korrekten Trainingsform, von der Website downloadbaren GPS-Daten, Informationen \u00fcber die historisch und naturalistisch interessanten Orte und \u00fcber die Beherbergungsbetriebe erstellt. Um die neuen Parcours zu bewerben ist die Organisation einiger Trailrunning-Workshops und Veranstaltungen auf hohem Niveau geplant.<\/p>\n\n\n\n<p class=\"wp-block-paragraph\"><\/p>\n\n\n<p><img fetchpriority=\"high\" decoding=\"async\" src=\"data:image\/gif;base64,R0lGODlhAQABAAAAACH5BAEKAAEALAAAAAABAAEAAAICTAEAOw==\" alt=\"\" width=\"1024\" height=\"319\" class=\"lazyload\" data-src=\"https:\/\/forschung.fh-kaernten.at\/active-and-assisted-living\/files\/2020\/07\/Interreg_Italia-O\u00a6e\u0302sterreich-2017_4c-scaled-1-1024x319.png\">\t\t\t\t\t\t\t\t\t\t\t<\/p>\n<p style=\"text-align: center\">Das Projekt CROSSTRAIL wird im Rahmen des Kooperationsprogramms Interreg V-A Italien-\u00d6sterreich aus dem Europ\u00e4ischen Fond f\u00fcr regionale Entwicklung kofinanziert.<\/p>","protected":false},"excerpt":{"rendered":"<p>Crosstrail Ziel des Projektes ist die Verbesserung des Images des Programmgebietes und die Bewerbung der einzelnen Gebiete, vor allem im Zeitraum M\u00e4rz- November. Eines der Ziele ist die bessere Nutzung der Gelegenheiten, die das Projektgebiet in der Zwischensaison bietet; dieser Aspekt wird momentan zum Gro\u00dfteil vernachl\u00e4ssigt. Um dieses Ziel zu erreichen sollen Trailrunning und Skyrunning&hellip;&nbsp;<a href=\"https:\/\/forschung.fh-kaernten.at\/enable\/crosstrail\/\" rel=\"bookmark\">Weiterlesen &raquo;<span class=\"screen-reader-text\">CROSSTRAIL<\/span><\/a><\/p>\n","protected":false},"author":48,"featured_media":0,"parent":0,"menu_order":0,"comment_status":"closed","ping_status":"closed","template":"elementor_header_footer","meta":{"_crdt_document":"","inline_featured_image":false,"neve_meta_sidebar":"","neve_meta_container":"","neve_meta_enable_content_width":"","neve_meta_content_width":0,"neve_meta_title_alignment":"","neve_meta_author_avatar":"","neve_post_elements_order":"","neve_meta_disable_header":"","neve_meta_disable_footer":"","neve_meta_disable_title":"","ngg_post_thumbnail":0,"footnotes":""},"class_list":["post-173","page","type-page","status-publish","hentry"],"_links":{"self":[{"href":"https:\/\/forschung.fh-kaernten.at\/enable\/wp-json\/wp\/v2\/pages\/173","targetHints":{"allow":["GET"]}}],"collection":[{"href":"https:\/\/forschung.fh-kaernten.at\/enable\/wp-json\/wp\/v2\/pages"}],"about":[{"href":"https:\/\/forschung.fh-kaernten.at\/enable\/wp-json\/wp\/v2\/types\/page"}],"author":[{"embeddable":true,"href":"https:\/\/forschung.fh-kaernten.at\/enable\/wp-json\/wp\/v2\/users\/48"}],"replies":[{"embeddable":true,"href":"https:\/\/forschung.fh-kaernten.at\/enable\/wp-json\/wp\/v2\/comments?post=173"}],"version-history":[{"count":0,"href":"https:\/\/forschung.fh-kaernten.at\/enable\/wp-json\/wp\/v2\/pages\/173\/revisions"}],"wp:attachment":[{"href":"https:\/\/forschung.fh-kaernten.at\/enable\/wp-json\/wp\/v2\/media?parent=173"}],"curies":[{"name":"wp","href":"https:\/\/api.w.org\/{rel}","templated":true}]}}