{"id":254,"date":"2020-07-27T20:21:38","date_gmt":"2020-07-27T18:21:38","guid":{"rendered":"https:\/\/forschung.fh-kaernten.at\/active-and-assisted-living\/?page_id=254"},"modified":"2020-09-23T16:13:07","modified_gmt":"2020-09-23T14:13:07","slug":"reha2030","status":"publish","type":"page","link":"https:\/\/forschung.fh-kaernten.at\/enable\/reha2030\/","title":{"rendered":"REHA2030"},"content":{"rendered":"\t\t<div data-elementor-type=\"wp-page\" data-elementor-id=\"254\" class=\"elementor elementor-254\" data-elementor-post-type=\"page\">\n\t\t\t\t\t\t<section class=\"elementor-section elementor-top-section elementor-element elementor-element-3ad29e8 elementor-section-boxed elementor-section-height-default elementor-section-height-default\" data-id=\"3ad29e8\" data-element_type=\"section\" data-e-type=\"section\">\n\t\t\t\t\t\t<div class=\"elementor-container elementor-column-gap-default\">\n\t\t\t\t\t<div class=\"elementor-column elementor-col-66 elementor-top-column elementor-element elementor-element-e614afd\" data-id=\"e614afd\" data-element_type=\"column\" data-e-type=\"column\">\n\t\t\t<div class=\"elementor-widget-wrap elementor-element-populated\">\n\t\t\t\t\t\t<div class=\"elementor-element elementor-element-91acc0d elementor-widget elementor-widget-heading\" data-id=\"91acc0d\" data-element_type=\"widget\" data-e-type=\"widget\" data-widget_type=\"heading.default\">\n\t\t\t\t<div class=\"elementor-widget-container\">\n\t\t\t\t\t<h2 class=\"elementor-heading-title elementor-size-default\">Postklinische Rehabilitation von SchlaganfallpatientInnen im ruralen Raum im Jahr 2030<\/h2>\t\t\t\t<\/div>\n\t\t\t\t<\/div>\n\t\t\t\t\t<\/div>\n\t\t<\/div>\n\t\t\t\t<div class=\"elementor-column elementor-col-33 elementor-top-column elementor-element elementor-element-78dcd9c\" data-id=\"78dcd9c\" data-element_type=\"column\" data-e-type=\"column\">\n\t\t\t<div class=\"elementor-widget-wrap elementor-element-populated\">\n\t\t\t\t\t\t<div class=\"elementor-element elementor-element-9c7a452 elementor-widget elementor-widget-image\" data-id=\"9c7a452\" data-element_type=\"widget\" data-e-type=\"widget\" data-widget_type=\"image.default\">\n\t\t\t\t<div class=\"elementor-widget-container\">\n\t\t\t\t\t\t\t\t\t\t\t\t\t\t\t<img fetchpriority=\"high\" decoding=\"async\" width=\"768\" height=\"346\" src=\"data:image\/gif;base64,R0lGODlhAQABAAAAACH5BAEKAAEALAAAAAABAAEAAAICTAEAOw==\" class=\"attachment-large size-large wp-image-256 lazyload\" alt=\"\" sizes=\"(max-width: 768px) 100vw, 768px\" data-src=\"https:\/\/forschung.fh-kaernten.at\/enable\/files\/2020\/07\/Logo_Reha2030-official-trans-768x346-1.png\" data-srcset=\"https:\/\/forschung.fh-kaernten.at\/enable\/files\/2020\/07\/Logo_Reha2030-official-trans-768x346-1.png 768w, https:\/\/forschung.fh-kaernten.at\/enable\/files\/2020\/07\/Logo_Reha2030-official-trans-768x346-1-300x135.png 300w, https:\/\/forschung.fh-kaernten.at\/enable\/files\/2020\/07\/Logo_Reha2030-official-trans-768x346-1-230x104.png 230w, https:\/\/forschung.fh-kaernten.at\/enable\/files\/2020\/07\/Logo_Reha2030-official-trans-768x346-1-350x158.png 350w, https:\/\/forschung.fh-kaernten.at\/enable\/files\/2020\/07\/Logo_Reha2030-official-trans-768x346-1-480x216.png 480w\">\t\t\t\t\t\t\t\t\t\t\t\t\t\t\t<\/div>\n\t\t\t\t<\/div>\n\t\t\t\t\t<\/div>\n\t\t<\/div>\n\t\t\t\t\t<\/div>\n\t\t<\/section>\n\t\t\t\t<section class=\"elementor-section elementor-top-section elementor-element elementor-element-06a9d2a elementor-section-boxed elementor-section-height-default elementor-section-height-default\" data-id=\"06a9d2a\" data-element_type=\"section\" data-e-type=\"section\">\n\t\t\t\t\t\t<div class=\"elementor-container elementor-column-gap-default\">\n\t\t\t\t\t<div class=\"elementor-column elementor-col-100 elementor-top-column elementor-element elementor-element-182a133\" data-id=\"182a133\" data-element_type=\"column\" data-e-type=\"column\">\n\t\t\t<div class=\"elementor-widget-wrap elementor-element-populated\">\n\t\t\t\t\t\t<div class=\"elementor-element elementor-element-3d7d8e4 elementor-widget elementor-widget-text-editor\" data-id=\"3d7d8e4\" data-element_type=\"widget\" data-e-type=\"widget\" data-widget_type=\"text-editor.default\">\n\t\t\t\t<div class=\"elementor-widget-container\">\n\t\t\t\t\t\t\t\t\t<p>Im Projekt REHA2030 wird ein benutzergerechtes Dienstleistungsmodell f\u00fcr postklinische Heim-Rehabilitation von SchlaganfallpatientInnen und die daf\u00fcr erforderlichen Technologieplattform (REHA Roboter, Internetplattform) entwickelt.<\/p><p>Tele-Rehabilitation bedeutet nicht, dass die therapeutische Versorgung fernab von medizinischem Fachpersonal \u00fcber technologisierte Fernanweisungen erfolgt. Tele-Rehabilitation bedeutet vielmehr, dass Patientinnen und Patienten die M\u00f6glichkeit haben, im eigenen Heim mittels abgestimmter, technologischer Hilfsger\u00e4te und unter internetbasierter Anleitung von therapeutischem Fachpersonal ihren Rehabilitationsfortschritt selbst in die Hand nehmen und verbessern k\u00f6nnen. Die Sicherstellung der therapeutischen Nach-und Nahversorgung ist speziell im ruralen Gebiet prek\u00e4r: weite Entfernungen zu Therapiezentren und Kliniken, fehlende individuelle Mobilit\u00e4t oder eingeschr\u00e4nkter Zugang zu \u00f6ffentlicher Verkehrsanbindung, schwindende Gro\u00df-Familienstruktur zur Unterst\u00fctzung im Genesungsprozess erschweren die Weiterf\u00fchrung von Rehabilitationsma\u00dfnahmen nach dem Aufenthalt in einer Reha-Klinik. Das Interreg Si-At Projekt REHA2030 der FH K\u00e4rnten -gemeinsam mit 4 Partnern- widmet sich der Erforschung und Entwicklung von Tele-Rehabilitation nach Schlaganf\u00e4llen, welche als Dienstleistung im Heim der Patientinnen und Patienten internetbasiert erfolgen soll. Die besonderen Aspekte der Region \u2013 demographischer Wandel, Konzentrierung der medizinischen Versorgung auf den urbanen Bereich- best\u00e4rken die Wahl dieser Thematik.<\/p><p>Besuchen Sie uns auf unserem <a href=\"_wp_link_placeholder\" data-wplink-edit=\"true\">LinkedIn<\/a> Channel f\u00fcr aktuelle Neuigkeiten. <\/p>\t\t\t\t\t\t\t\t<\/div>\n\t\t\t\t<\/div>\n\t\t\t\t\t<\/div>\n\t\t<\/div>\n\t\t\t\t\t<\/div>\n\t\t<\/section>\n\t\t\t\t<section class=\"elementor-section elementor-top-section elementor-element elementor-element-9c9ccaa elementor-section-boxed elementor-section-height-default elementor-section-height-default\" data-id=\"9c9ccaa\" data-element_type=\"section\" data-e-type=\"section\">\n\t\t\t\t\t\t<div class=\"elementor-container elementor-column-gap-default\">\n\t\t\t\t\t<div class=\"elementor-column elementor-col-66 elementor-top-column elementor-element elementor-element-66d1944\" data-id=\"66d1944\" data-element_type=\"column\" data-e-type=\"column\">\n\t\t\t<div class=\"elementor-widget-wrap elementor-element-populated\">\n\t\t\t\t\t\t<div class=\"elementor-element elementor-element-fc6012e elementor-alert-info elementor-widget elementor-widget-alert\" data-id=\"fc6012e\" data-element_type=\"widget\" data-e-type=\"widget\" data-widget_type=\"alert.default\">\n\t\t\t\t<div class=\"elementor-widget-container\">\n\t\t\t\t\t\t\t<div class=\"elementor-alert\" role=\"alert\">\n\n\t\t\t\t\t\t<span class=\"elementor-alert-title\">F\u00f6rderung \/ Ko-Finanzierung<\/span>\n\t\t\t\n\t\t\t\t\t\t<span class=\"elementor-alert-description\">Das Projekt REHA2030 wird im Rahmen des Kooperationsprogramms Interreg V-A Slowenien-\u00d6sterreich aus dem Europ\u00e4ischen Fonds f\u00fcr regionale Entwicklung kofinanziert.<\/span>\n\t\t\t\n\t\t\t\n\t\t<\/div>\n\t\t\t\t\t\t<\/div>\n\t\t\t\t<\/div>\n\t\t\t\t\t<\/div>\n\t\t<\/div>\n\t\t\t\t<div class=\"elementor-column elementor-col-33 elementor-top-column elementor-element elementor-element-c52222f\" data-id=\"c52222f\" data-element_type=\"column\" data-e-type=\"column\">\n\t\t\t<div class=\"elementor-widget-wrap elementor-element-populated\">\n\t\t\t\t\t\t<div class=\"elementor-element elementor-element-12e259b elementor-widget elementor-widget-image\" data-id=\"12e259b\" data-element_type=\"widget\" data-e-type=\"widget\" data-widget_type=\"image.default\">\n\t\t\t\t<div class=\"elementor-widget-container\">\n\t\t\t\t\t\t\t\t\t\t\t\t\t\t\t<img decoding=\"async\" width=\"768\" height=\"292\" src=\"data:image\/gif;base64,R0lGODlhAQABAAAAACH5BAEKAAEALAAAAAABAAEAAAICTAEAOw==\" class=\"attachment-large size-large wp-image-214 lazyload\" alt=\"\" sizes=\"(max-width: 768px) 100vw, 768px\" data-src=\"https:\/\/forschung.fh-kaernten.at\/enable\/files\/2020\/07\/interreg_si-at_sl_de_rgb-768x292-1.png\" data-srcset=\"https:\/\/forschung.fh-kaernten.at\/enable\/files\/2020\/07\/interreg_si-at_sl_de_rgb-768x292-1.png 768w, https:\/\/forschung.fh-kaernten.at\/enable\/files\/2020\/07\/interreg_si-at_sl_de_rgb-768x292-1-300x114.png 300w, https:\/\/forschung.fh-kaernten.at\/enable\/files\/2020\/07\/interreg_si-at_sl_de_rgb-768x292-1-230x87.png 230w, https:\/\/forschung.fh-kaernten.at\/enable\/files\/2020\/07\/interreg_si-at_sl_de_rgb-768x292-1-350x133.png 350w, https:\/\/forschung.fh-kaernten.at\/enable\/files\/2020\/07\/interreg_si-at_sl_de_rgb-768x292-1-480x183.png 480w\">\t\t\t\t\t\t\t\t\t\t\t\t\t\t\t<\/div>\n\t\t\t\t<\/div>\n\t\t\t\t\t<\/div>\n\t\t<\/div>\n\t\t\t\t\t<\/div>\n\t\t<\/section>\n\t\t\t\t<\/div>\n\t\t","protected":false},"excerpt":{"rendered":"<p>Postklinische Rehabilitation von SchlaganfallpatientInnen im ruralen Raum im Jahr 2030 Im Projekt REHA2030 wird ein benutzergerechtes Dienstleistungsmodell f\u00fcr postklinische Heim-Rehabilitation von SchlaganfallpatientInnen und die daf\u00fcr erforderlichen Technologieplattform (REHA Roboter, Internetplattform) entwickelt. Tele-Rehabilitation bedeutet nicht, dass die therapeutische Versorgung fernab von medizinischem Fachpersonal \u00fcber technologisierte Fernanweisungen erfolgt. Tele-Rehabilitation bedeutet vielmehr, dass Patientinnen und Patienten die M\u00f6glichkeit&hellip;&nbsp;<a href=\"https:\/\/forschung.fh-kaernten.at\/enable\/reha2030\/\" rel=\"bookmark\">Weiterlesen &raquo;<span class=\"screen-reader-text\">REHA2030<\/span><\/a><\/p>\n","protected":false},"author":48,"featured_media":0,"parent":0,"menu_order":0,"comment_status":"closed","ping_status":"closed","template":"elementor_header_footer","meta":{"_crdt_document":"","inline_featured_image":false,"neve_meta_sidebar":"","neve_meta_container":"","neve_meta_enable_content_width":"","neve_meta_content_width":0,"neve_meta_title_alignment":"","neve_meta_author_avatar":"","neve_post_elements_order":"","neve_meta_disable_header":"","neve_meta_disable_footer":"","neve_meta_disable_title":"","ngg_post_thumbnail":0,"footnotes":""},"class_list":["post-254","page","type-page","status-publish","hentry"],"_links":{"self":[{"href":"https:\/\/forschung.fh-kaernten.at\/enable\/wp-json\/wp\/v2\/pages\/254","targetHints":{"allow":["GET"]}}],"collection":[{"href":"https:\/\/forschung.fh-kaernten.at\/enable\/wp-json\/wp\/v2\/pages"}],"about":[{"href":"https:\/\/forschung.fh-kaernten.at\/enable\/wp-json\/wp\/v2\/types\/page"}],"author":[{"embeddable":true,"href":"https:\/\/forschung.fh-kaernten.at\/enable\/wp-json\/wp\/v2\/users\/48"}],"replies":[{"embeddable":true,"href":"https:\/\/forschung.fh-kaernten.at\/enable\/wp-json\/wp\/v2\/comments?post=254"}],"version-history":[{"count":0,"href":"https:\/\/forschung.fh-kaernten.at\/enable\/wp-json\/wp\/v2\/pages\/254\/revisions"}],"wp:attachment":[{"href":"https:\/\/forschung.fh-kaernten.at\/enable\/wp-json\/wp\/v2\/media?parent=254"}],"curies":[{"name":"wp","href":"https:\/\/api.w.org\/{rel}","templated":true}]}}