{"id":262,"date":"2020-07-27T20:27:35","date_gmt":"2020-07-27T18:27:35","guid":{"rendered":"https:\/\/forschung.fh-kaernten.at\/active-and-assisted-living\/?page_id=262"},"modified":"2020-07-27T20:29:46","modified_gmt":"2020-07-27T18:29:46","slug":"senshome","status":"publish","type":"page","link":"https:\/\/forschung.fh-kaernten.at\/enable\/senshome\/","title":{"rendered":"SENSHOME"},"content":{"rendered":"\t\t<div data-elementor-type=\"wp-page\" data-elementor-id=\"262\" class=\"elementor elementor-262\" data-elementor-post-type=\"page\">\n\t\t\t\t\t\t<section class=\"elementor-section elementor-top-section elementor-element elementor-element-067b636 elementor-section-boxed elementor-section-height-default elementor-section-height-default\" data-id=\"067b636\" data-element_type=\"section\" data-e-type=\"section\">\n\t\t\t\t\t\t<div class=\"elementor-container elementor-column-gap-default\">\n\t\t\t\t\t<div class=\"elementor-column elementor-col-100 elementor-top-column elementor-element elementor-element-560a054\" data-id=\"560a054\" data-element_type=\"column\" data-e-type=\"column\">\n\t\t\t<div class=\"elementor-widget-wrap elementor-element-populated\">\n\t\t\t\t\t\t<div class=\"elementor-element elementor-element-ea314d7 elementor-widget elementor-widget-heading\" data-id=\"ea314d7\" data-element_type=\"widget\" data-e-type=\"widget\" data-widget_type=\"heading.default\">\n\t\t\t\t<div class=\"elementor-widget-container\">\n\t\t\t\t\t<h2 class=\"elementor-heading-title elementor-size-default\">SENSHOME<\/h2>\t\t\t\t<\/div>\n\t\t\t\t<\/div>\n\t\t\t\t\t<\/div>\n\t\t<\/div>\n\t\t\t\t\t<\/div>\n\t\t<\/section>\n\t\t\t\t<section class=\"elementor-section elementor-top-section elementor-element elementor-element-b1ef4e1 elementor-section-boxed elementor-section-height-default elementor-section-height-default\" data-id=\"b1ef4e1\" data-element_type=\"section\" data-e-type=\"section\">\n\t\t\t\t\t\t<div class=\"elementor-container elementor-column-gap-default\">\n\t\t\t\t\t<div class=\"elementor-column elementor-col-100 elementor-top-column elementor-element elementor-element-d85e370\" data-id=\"d85e370\" data-element_type=\"column\" data-e-type=\"column\">\n\t\t\t<div class=\"elementor-widget-wrap elementor-element-populated\">\n\t\t\t\t\t\t<div class=\"elementor-element elementor-element-73d2f63 elementor-widget elementor-widget-text-editor\" data-id=\"73d2f63\" data-element_type=\"widget\" data-e-type=\"widget\" data-widget_type=\"text-editor.default\">\n\t\t\t\t<div class=\"elementor-widget-container\">\n\t\t\t\t\t\t\t\t\t<p><strong>Sensors for Special Environments. The house as normal as possible and as special as necessary.<\/strong><\/p>\t\t\t\t\t\t\t\t<\/div>\n\t\t\t\t<\/div>\n\t\t\t\t\t<\/div>\n\t\t<\/div>\n\t\t\t\t\t<\/div>\n\t\t<\/section>\n\t\t\t\t<section class=\"elementor-section elementor-top-section elementor-element elementor-element-a580d21 elementor-section-boxed elementor-section-height-default elementor-section-height-default\" data-id=\"a580d21\" data-element_type=\"section\" data-e-type=\"section\">\n\t\t\t\t\t\t<div class=\"elementor-container elementor-column-gap-default\">\n\t\t\t\t\t<div class=\"elementor-column elementor-col-25 elementor-top-column elementor-element elementor-element-e90b627\" data-id=\"e90b627\" data-element_type=\"column\" data-e-type=\"column\">\n\t\t\t<div class=\"elementor-widget-wrap\">\n\t\t\t\t\t\t\t<\/div>\n\t\t<\/div>\n\t\t\t\t<div class=\"elementor-column elementor-col-50 elementor-top-column elementor-element elementor-element-103496b\" data-id=\"103496b\" data-element_type=\"column\" data-e-type=\"column\">\n\t\t\t<div class=\"elementor-widget-wrap elementor-element-populated\">\n\t\t\t\t\t\t<div class=\"elementor-element elementor-element-57ba050 elementor-widget elementor-widget-image\" data-id=\"57ba050\" data-element_type=\"widget\" data-e-type=\"widget\" data-widget_type=\"image.default\">\n\t\t\t\t<div class=\"elementor-widget-container\">\n\t\t\t\t\t\t\t\t\t\t\t\t\t\t\t<img fetchpriority=\"high\" decoding=\"async\" width=\"1024\" height=\"217\" src=\"data:image\/gif;base64,R0lGODlhAQABAAAAACH5BAEKAAEALAAAAAABAAEAAAICTAEAOw==\" class=\"attachment-large size-large wp-image-264 lazyload\" alt=\"\" sizes=\"(max-width: 1024px) 100vw, 1024px\" data-src=\"https:\/\/forschung.fh-kaernten.at\/enable\/files\/2020\/07\/senshome-full-1024x217.png\" data-srcset=\"https:\/\/forschung.fh-kaernten.at\/enable\/files\/2020\/07\/senshome-full-1024x217.png 1024w, https:\/\/forschung.fh-kaernten.at\/enable\/files\/2020\/07\/senshome-full-300x63.png 300w, https:\/\/forschung.fh-kaernten.at\/enable\/files\/2020\/07\/senshome-full-768x163.png 768w, https:\/\/forschung.fh-kaernten.at\/enable\/files\/2020\/07\/senshome-full-1536x325.png 1536w, https:\/\/forschung.fh-kaernten.at\/enable\/files\/2020\/07\/senshome-full-830x176.png 830w, https:\/\/forschung.fh-kaernten.at\/enable\/files\/2020\/07\/senshome-full-230x49.png 230w, https:\/\/forschung.fh-kaernten.at\/enable\/files\/2020\/07\/senshome-full-350x74.png 350w, https:\/\/forschung.fh-kaernten.at\/enable\/files\/2020\/07\/senshome-full-480x102.png 480w, https:\/\/forschung.fh-kaernten.at\/enable\/files\/2020\/07\/senshome-full.png 1810w\">\t\t\t\t\t\t\t\t\t\t\t\t\t\t\t<\/div>\n\t\t\t\t<\/div>\n\t\t\t\t\t<\/div>\n\t\t<\/div>\n\t\t\t\t<div class=\"elementor-column elementor-col-25 elementor-top-column elementor-element elementor-element-c53b607\" data-id=\"c53b607\" data-element_type=\"column\" data-e-type=\"column\">\n\t\t\t<div class=\"elementor-widget-wrap\">\n\t\t\t\t\t\t\t<\/div>\n\t\t<\/div>\n\t\t\t\t\t<\/div>\n\t\t<\/section>\n\t\t\t\t<section class=\"elementor-section elementor-top-section elementor-element elementor-element-0d2049d elementor-section-boxed elementor-section-height-default elementor-section-height-default\" data-id=\"0d2049d\" data-element_type=\"section\" data-e-type=\"section\">\n\t\t\t\t\t\t<div class=\"elementor-container elementor-column-gap-default\">\n\t\t\t\t\t<div class=\"elementor-column elementor-col-100 elementor-top-column elementor-element elementor-element-928c93d\" data-id=\"928c93d\" data-element_type=\"column\" data-e-type=\"column\">\n\t\t\t<div class=\"elementor-widget-wrap elementor-element-populated\">\n\t\t\t\t\t\t<div class=\"elementor-element elementor-element-8c3ef02 elementor-widget elementor-widget-text-editor\" data-id=\"8c3ef02\" data-element_type=\"widget\" data-e-type=\"widget\" data-widget_type=\"text-editor.default\">\n\t\t\t\t<div class=\"elementor-widget-container\">\n\t\t\t\t\t\t\t\t\t<p>In SENSHOME werden passive Sensornetzwerke verwendet, um die Raumbedingungen (z. B. Temperatur, Luftfeuchtigkeit, Akustik usw.) zu beobachten und gegebenenfalls anzupassen, um den Komfort und das Wohlbefinden der Bewohner zu verbessern. Gleichzeitig sollen gef\u00e4hrliche Ereignisse automatisch erkannt werden. Das \u00fcbergeordnete Ziel ist es, ein selbstbestimmtes, unabh\u00e4ngiges Leben f\u00fcr Menschen mit Autismus-Spektrum zu erm\u00f6glichen und ein hohes Ma\u00df an Privatsph\u00e4re zu gew\u00e4hrleisten. SENSHOME soll die L\u00fccke zwischen einer komplett unabh\u00e4ngiger Wohnumgebung und Pflegeheimen schlie\u00dfen, um betroffenen Nutzer, die einerseits auf ein gewisses Ma\u00df an Betreuung angewiesen sind, aber gleichzeitig keine st\u00e4ndige Pflege ben\u00f6tigen, zu unterst\u00fctzen. Grunds\u00e4tzlich soll das Befinden von Personen mithilfe einer zentralen Architektur und Sensoren in der Wohnumgebung abgeleitet werden.<\/p><p>Weitere Informationen finden Sie auf der\u00a0<a href=\"https:\/\/senshome.projects.unibz.it\/\">offiziellen Projektwebsite<\/a>.<\/p><p>Unser\u00a0<a href=\"https:\/\/www.linkedin.com\/showcase\/senshomeproject\">LinkedIn Kanal<\/a>\u00a0wird au\u00dferdem regelm\u00e4\u00dfig mit den neuesten Informationen aus dem Projekt bef\u00fcllt.<\/p>\t\t\t\t\t\t\t\t<\/div>\n\t\t\t\t<\/div>\n\t\t\t\t\t<\/div>\n\t\t<\/div>\n\t\t\t\t\t<\/div>\n\t\t<\/section>\n\t\t\t\t<section class=\"elementor-section elementor-top-section elementor-element elementor-element-db071f8 elementor-section-boxed elementor-section-height-default elementor-section-height-default\" data-id=\"db071f8\" data-element_type=\"section\" data-e-type=\"section\">\n\t\t\t\t\t\t<div class=\"elementor-container elementor-column-gap-default\">\n\t\t\t\t\t<div class=\"elementor-column elementor-col-25 elementor-top-column elementor-element elementor-element-0eeff0b\" data-id=\"0eeff0b\" data-element_type=\"column\" data-e-type=\"column\">\n\t\t\t<div class=\"elementor-widget-wrap\">\n\t\t\t\t\t\t\t<\/div>\n\t\t<\/div>\n\t\t\t\t<div class=\"elementor-column elementor-col-50 elementor-top-column elementor-element elementor-element-00950fa\" data-id=\"00950fa\" data-element_type=\"column\" data-e-type=\"column\">\n\t\t\t<div class=\"elementor-widget-wrap elementor-element-populated\">\n\t\t\t\t\t\t<div class=\"elementor-element elementor-element-81848d1 elementor-widget elementor-widget-image\" data-id=\"81848d1\" data-element_type=\"widget\" data-e-type=\"widget\" data-widget_type=\"image.default\">\n\t\t\t\t<div class=\"elementor-widget-container\">\n\t\t\t\t\t\t\t\t\t\t\t\t\t\t\t<img decoding=\"async\" width=\"1024\" height=\"319\" src=\"data:image\/gif;base64,R0lGODlhAQABAAAAACH5BAEKAAEALAAAAAABAAEAAAICTAEAOw==\" class=\"attachment-large size-large wp-image-175 lazyload\" alt=\"\" sizes=\"(max-width: 1024px) 100vw, 1024px\" data-src=\"https:\/\/forschung.fh-kaernten.at\/enable\/files\/2020\/07\/Interreg_Italia-O\u00a6e\u0302sterreich-2017_4c-scaled-1-1024x319.png\" data-srcset=\"https:\/\/forschung.fh-kaernten.at\/enable\/files\/2020\/07\/Interreg_Italia-O\u00a6e\u0302sterreich-2017_4c-scaled-1-1024x319.png 1024w, https:\/\/forschung.fh-kaernten.at\/enable\/files\/2020\/07\/Interreg_Italia-O\u00a6e\u0302sterreich-2017_4c-scaled-1-300x94.png 300w, https:\/\/forschung.fh-kaernten.at\/enable\/files\/2020\/07\/Interreg_Italia-O\u00a6e\u0302sterreich-2017_4c-scaled-1-768x239.png 768w, https:\/\/forschung.fh-kaernten.at\/enable\/files\/2020\/07\/Interreg_Italia-O\u00a6e\u0302sterreich-2017_4c-scaled-1-1536x479.png 1536w, https:\/\/forschung.fh-kaernten.at\/enable\/files\/2020\/07\/Interreg_Italia-O\u00a6e\u0302sterreich-2017_4c-scaled-1-2048x638.png 2048w, https:\/\/forschung.fh-kaernten.at\/enable\/files\/2020\/07\/Interreg_Italia-O\u00a6e\u0302sterreich-2017_4c-scaled-1-830x259.png 830w, https:\/\/forschung.fh-kaernten.at\/enable\/files\/2020\/07\/Interreg_Italia-O\u00a6e\u0302sterreich-2017_4c-scaled-1-230x72.png 230w, https:\/\/forschung.fh-kaernten.at\/enable\/files\/2020\/07\/Interreg_Italia-O\u00a6e\u0302sterreich-2017_4c-scaled-1-350x109.png 350w, https:\/\/forschung.fh-kaernten.at\/enable\/files\/2020\/07\/Interreg_Italia-O\u00a6e\u0302sterreich-2017_4c-scaled-1-480x150.png 480w\">\t\t\t\t\t\t\t\t\t\t\t\t\t\t\t<\/div>\n\t\t\t\t<\/div>\n\t\t\t\t\t<\/div>\n\t\t<\/div>\n\t\t\t\t<div class=\"elementor-column elementor-col-25 elementor-top-column elementor-element elementor-element-0f156e0\" data-id=\"0f156e0\" data-element_type=\"column\" data-e-type=\"column\">\n\t\t\t<div class=\"elementor-widget-wrap\">\n\t\t\t\t\t\t\t<\/div>\n\t\t<\/div>\n\t\t\t\t\t<\/div>\n\t\t<\/section>\n\t\t\t\t<section class=\"elementor-section elementor-top-section elementor-element elementor-element-f77a653 elementor-section-boxed elementor-section-height-default elementor-section-height-default\" data-id=\"f77a653\" data-element_type=\"section\" data-e-type=\"section\">\n\t\t\t\t\t\t<div class=\"elementor-container elementor-column-gap-default\">\n\t\t\t\t\t<div class=\"elementor-column elementor-col-100 elementor-top-column elementor-element elementor-element-86030eb\" data-id=\"86030eb\" data-element_type=\"column\" data-e-type=\"column\">\n\t\t\t<div class=\"elementor-widget-wrap elementor-element-populated\">\n\t\t\t\t\t\t<div class=\"elementor-element elementor-element-6d41283 elementor-widget elementor-widget-text-editor\" data-id=\"6d41283\" data-element_type=\"widget\" data-e-type=\"widget\" data-widget_type=\"text-editor.default\">\n\t\t\t\t<div class=\"elementor-widget-container\">\n\t\t\t\t\t\t\t\t\t<p>Das Projekt SENSHOME wird im Rahmen des Kooperationsprogramms Interreg V-A Italien-\u00d6sterreich aus dem Europ\u00e4ischen Fond f\u00fcr regionale Entwicklung kofinanziert.<\/p>\t\t\t\t\t\t\t\t<\/div>\n\t\t\t\t<\/div>\n\t\t\t\t\t<\/div>\n\t\t<\/div>\n\t\t\t\t\t<\/div>\n\t\t<\/section>\n\t\t\t\t<\/div>\n\t\t","protected":false},"excerpt":{"rendered":"<p>SENSHOME Sensors for Special Environments. The house as normal as possible and as special as necessary. In SENSHOME werden passive Sensornetzwerke verwendet, um die Raumbedingungen (z. B. Temperatur, Luftfeuchtigkeit, Akustik usw.) zu beobachten und gegebenenfalls anzupassen, um den Komfort und das Wohlbefinden der Bewohner zu verbessern. Gleichzeitig sollen gef\u00e4hrliche Ereignisse automatisch erkannt werden. Das \u00fcbergeordnete&hellip;&nbsp;<a href=\"https:\/\/forschung.fh-kaernten.at\/enable\/senshome\/\" rel=\"bookmark\">Weiterlesen &raquo;<span class=\"screen-reader-text\">SENSHOME<\/span><\/a><\/p>\n","protected":false},"author":48,"featured_media":0,"parent":0,"menu_order":0,"comment_status":"closed","ping_status":"closed","template":"elementor_header_footer","meta":{"_crdt_document":"","inline_featured_image":false,"neve_meta_sidebar":"","neve_meta_container":"","neve_meta_enable_content_width":"","neve_meta_content_width":0,"neve_meta_title_alignment":"","neve_meta_author_avatar":"","neve_post_elements_order":"","neve_meta_disable_header":"","neve_meta_disable_footer":"","neve_meta_disable_title":"","ngg_post_thumbnail":0,"footnotes":""},"class_list":["post-262","page","type-page","status-publish","hentry"],"_links":{"self":[{"href":"https:\/\/forschung.fh-kaernten.at\/enable\/wp-json\/wp\/v2\/pages\/262","targetHints":{"allow":["GET"]}}],"collection":[{"href":"https:\/\/forschung.fh-kaernten.at\/enable\/wp-json\/wp\/v2\/pages"}],"about":[{"href":"https:\/\/forschung.fh-kaernten.at\/enable\/wp-json\/wp\/v2\/types\/page"}],"author":[{"embeddable":true,"href":"https:\/\/forschung.fh-kaernten.at\/enable\/wp-json\/wp\/v2\/users\/48"}],"replies":[{"embeddable":true,"href":"https:\/\/forschung.fh-kaernten.at\/enable\/wp-json\/wp\/v2\/comments?post=262"}],"version-history":[{"count":0,"href":"https:\/\/forschung.fh-kaernten.at\/enable\/wp-json\/wp\/v2\/pages\/262\/revisions"}],"wp:attachment":[{"href":"https:\/\/forschung.fh-kaernten.at\/enable\/wp-json\/wp\/v2\/media?parent=262"}],"curies":[{"name":"wp","href":"https:\/\/api.w.org\/{rel}","templated":true}]}}