{"id":278,"date":"2020-07-27T20:37:26","date_gmt":"2020-07-27T18:37:26","guid":{"rendered":"https:\/\/forschung.fh-kaernten.at\/active-and-assisted-living\/?page_id=278"},"modified":"2020-09-23T14:16:21","modified_gmt":"2020-09-23T12:16:21","slug":"coop4healthcare","status":"publish","type":"page","link":"https:\/\/forschung.fh-kaernten.at\/enable\/coop4healthcare\/","title":{"rendered":"COOP4HEALTHCARE"},"content":{"rendered":"\t\t<div data-elementor-type=\"wp-page\" data-elementor-id=\"278\" class=\"elementor elementor-278\" data-elementor-post-type=\"page\">\n\t\t\t\t\t\t<section class=\"elementor-section elementor-top-section elementor-element elementor-element-6a7d566 elementor-section-full_width elementor-section-height-default elementor-section-height-default\" data-id=\"6a7d566\" data-element_type=\"section\" data-e-type=\"section\">\n\t\t\t\t\t\t<div class=\"elementor-container elementor-column-gap-default\">\n\t\t\t\t\t<div class=\"elementor-column elementor-col-100 elementor-top-column elementor-element elementor-element-279f7fa\" data-id=\"279f7fa\" data-element_type=\"column\" data-e-type=\"column\">\n\t\t\t<div class=\"elementor-widget-wrap elementor-element-populated\">\n\t\t\t\t\t\t<div class=\"elementor-element elementor-element-dfb5518 elementor-widget elementor-widget-heading\" data-id=\"dfb5518\" data-element_type=\"widget\" data-e-type=\"widget\" data-widget_type=\"heading.default\">\n\t\t\t\t<div class=\"elementor-widget-container\">\n\t\t\t\t\t<h2 class=\"elementor-heading-title elementor-size-default\">COOP4HEALTHCARE<br>Cross-sectoral Alliances for<br>Smart Healthcare Solutions<\/h2>\t\t\t\t<\/div>\n\t\t\t\t<\/div>\n\t\t\t\t\t<\/div>\n\t\t<\/div>\n\t\t\t\t\t<\/div>\n\t\t<\/section>\n\t\t\t\t<section class=\"elementor-section elementor-top-section elementor-element elementor-element-eae420e elementor-section-boxed elementor-section-height-default elementor-section-height-default\" data-id=\"eae420e\" data-element_type=\"section\" data-e-type=\"section\">\n\t\t\t\t\t\t<div class=\"elementor-container elementor-column-gap-default\">\n\t\t\t\t\t<div class=\"elementor-column elementor-col-50 elementor-top-column elementor-element elementor-element-e072ef6\" data-id=\"e072ef6\" data-element_type=\"column\" data-e-type=\"column\">\n\t\t\t<div class=\"elementor-widget-wrap elementor-element-populated\">\n\t\t\t\t\t\t<div class=\"elementor-element elementor-element-c6bb293 elementor-widget elementor-widget-image\" data-id=\"c6bb293\" data-element_type=\"widget\" data-e-type=\"widget\" data-widget_type=\"image.default\">\n\t\t\t\t<div class=\"elementor-widget-container\">\n\t\t\t\t\t\t\t\t\t\t\t\t\t\t\t<img fetchpriority=\"high\" decoding=\"async\" width=\"768\" height=\"230\" src=\"data:image\/gif;base64,R0lGODlhAQABAAAAACH5BAEKAAEALAAAAAABAAEAAAICTAEAOw==\" class=\"attachment-large size-large wp-image-273 lazyload\" alt=\"\" sizes=\"(max-width: 768px) 100vw, 768px\" data-src=\"https:\/\/forschung.fh-kaernten.at\/enable\/files\/2020\/07\/COOP4HEALTHCARE-logo-clip-768x230-1.png\" data-srcset=\"https:\/\/forschung.fh-kaernten.at\/enable\/files\/2020\/07\/COOP4HEALTHCARE-logo-clip-768x230-1.png 768w, https:\/\/forschung.fh-kaernten.at\/enable\/files\/2020\/07\/COOP4HEALTHCARE-logo-clip-768x230-1-300x90.png 300w, https:\/\/forschung.fh-kaernten.at\/enable\/files\/2020\/07\/COOP4HEALTHCARE-logo-clip-768x230-1-230x69.png 230w, https:\/\/forschung.fh-kaernten.at\/enable\/files\/2020\/07\/COOP4HEALTHCARE-logo-clip-768x230-1-350x105.png 350w, https:\/\/forschung.fh-kaernten.at\/enable\/files\/2020\/07\/COOP4HEALTHCARE-logo-clip-768x230-1-480x144.png 480w\">\t\t\t\t\t\t\t\t\t\t\t\t\t\t\t<\/div>\n\t\t\t\t<\/div>\n\t\t\t\t\t<\/div>\n\t\t<\/div>\n\t\t\t\t<div class=\"elementor-column elementor-col-50 elementor-top-column elementor-element elementor-element-8827610\" data-id=\"8827610\" data-element_type=\"column\" data-e-type=\"column\">\n\t\t\t<div class=\"elementor-widget-wrap elementor-element-populated\">\n\t\t\t\t\t\t<div class=\"elementor-element elementor-element-c10b1f5 elementor-widget elementor-widget-image\" data-id=\"c10b1f5\" data-element_type=\"widget\" data-e-type=\"widget\" data-widget_type=\"image.default\">\n\t\t\t\t<div class=\"elementor-widget-container\">\n\t\t\t\t\t\t\t\t\t\t\t\t<figure class=\"wp-caption\">\n\t\t\t\t\t\t\t\t\t\t<img decoding=\"async\" width=\"768\" height=\"292\" src=\"data:image\/gif;base64,R0lGODlhAQABAAAAACH5BAEKAAEALAAAAAABAAEAAAICTAEAOw==\" class=\"attachment-large size-large wp-image-214 lazyload\" alt=\"\" sizes=\"(max-width: 768px) 100vw, 768px\" data-src=\"https:\/\/forschung.fh-kaernten.at\/enable\/files\/2020\/07\/interreg_si-at_sl_de_rgb-768x292-1.png\" data-srcset=\"https:\/\/forschung.fh-kaernten.at\/enable\/files\/2020\/07\/interreg_si-at_sl_de_rgb-768x292-1.png 768w, https:\/\/forschung.fh-kaernten.at\/enable\/files\/2020\/07\/interreg_si-at_sl_de_rgb-768x292-1-300x114.png 300w, https:\/\/forschung.fh-kaernten.at\/enable\/files\/2020\/07\/interreg_si-at_sl_de_rgb-768x292-1-230x87.png 230w, https:\/\/forschung.fh-kaernten.at\/enable\/files\/2020\/07\/interreg_si-at_sl_de_rgb-768x292-1-350x133.png 350w, https:\/\/forschung.fh-kaernten.at\/enable\/files\/2020\/07\/interreg_si-at_sl_de_rgb-768x292-1-480x183.png 480w\">\t\t\t\t\t\t\t\t\t\t\t<figcaption class=\"widget-image-caption wp-caption-text\"><\/figcaption>\n\t\t\t\t\t\t\t\t\t\t<\/figure>\n\t\t\t\t\t\t\t\t\t<\/div>\n\t\t\t\t<\/div>\n\t\t\t\t\t<\/div>\n\t\t<\/div>\n\t\t\t\t\t<\/div>\n\t\t<\/section>\n\t\t\t\t<section class=\"elementor-section elementor-top-section elementor-element elementor-element-8a9008f elementor-section-boxed elementor-section-height-default elementor-section-height-default\" data-id=\"8a9008f\" data-element_type=\"section\" data-e-type=\"section\">\n\t\t\t\t\t\t<div class=\"elementor-container elementor-column-gap-default\">\n\t\t\t\t\t<div class=\"elementor-column elementor-col-100 elementor-top-column elementor-element elementor-element-227ac0f\" data-id=\"227ac0f\" data-element_type=\"column\" data-e-type=\"column\">\n\t\t\t<div class=\"elementor-widget-wrap elementor-element-populated\">\n\t\t\t\t\t\t<div class=\"elementor-element elementor-element-be0cb02 elementor-widget elementor-widget-text-editor\" data-id=\"be0cb02\" data-element_type=\"widget\" data-e-type=\"widget\" data-widget_type=\"text-editor.default\">\n\t\t\t\t<div class=\"elementor-widget-container\">\n\t\t\t\t\t\t\t\t\t<p><strong>Das Projekt COOP4HEALTHCARE endet am 31. Mai 2020<\/strong>. Alle Informationen zum Abschlussevent sowie hinsichtlich der Teilnahme am langfristigen Healthcare Think Tank finden Sie\u00a0<a href=\"https:\/\/forschung.fh-kaernten.at\/aal\/en\/follow-up-coop4healthcare-online-final-event\/\">hier.<\/a><\/p><p align=\"justify\">Das Projekt COOP4HEALTHCARE zielt darauf ab, das\u00a0<strong>Dienstleistungsangebot im Gesundheitsbereich<\/strong>\u00a0durch ziel- und aktionsorientierte Kooperationen zu verbessern. Im Rahmen des Projektes arbeitet man im Programmgebiet Slowenien-\u00d6sterreich derzeit gezielt an der Entwicklung und Umsetzung von 42 grenz\u00fcberschreitenden Pilotprojekten f\u00fcr integrierte Gesundheitsl\u00f6sungen und einer gemeinsamen strategischen Roadmap.<\/p><p>Weitere Informationen finden Sie auf der\u00a0<a href=\"https:\/\/www.coop4healthcare-project.eu\/\">offiziellen Projektwebsite<\/a>.<\/p><p>Unser\u00a0<a href=\"https:\/\/www.linkedin.com\/showcase\/coop4healthcare\/\">LinkedIn Kanal<\/a> wurde w\u00e4hrend der Projektlaufzeit regelm\u00e4\u00dfig mit den neuesten Informationen aus dem Projekt bef\u00fcllt und ist nun stillgelegt.<\/p>\t\t\t\t\t\t\t\t<\/div>\n\t\t\t\t<\/div>\n\t\t\t\t\t<\/div>\n\t\t<\/div>\n\t\t\t\t\t<\/div>\n\t\t<\/section>\n\t\t\t\t<section class=\"elementor-section elementor-top-section elementor-element elementor-element-6a59a34 elementor-section-boxed elementor-section-height-default elementor-section-height-default\" data-id=\"6a59a34\" data-element_type=\"section\" data-e-type=\"section\">\n\t\t\t\t\t\t<div class=\"elementor-container elementor-column-gap-default\">\n\t\t\t\t\t<div class=\"elementor-column elementor-col-100 elementor-top-column elementor-element elementor-element-9c463d9\" data-id=\"9c463d9\" data-element_type=\"column\" data-e-type=\"column\">\n\t\t\t<div class=\"elementor-widget-wrap elementor-element-populated\">\n\t\t\t\t\t\t<div class=\"elementor-element elementor-element-af7ae44 elementor-alert-success elementor-widget elementor-widget-alert\" data-id=\"af7ae44\" data-element_type=\"widget\" data-e-type=\"widget\" data-widget_type=\"alert.default\">\n\t\t\t\t<div class=\"elementor-widget-container\">\n\t\t\t\t\t\t\t<div class=\"elementor-alert\" role=\"alert\">\n\n\t\t\t\t\t\t<span class=\"elementor-alert-title\">F\u00f6rdergeber \/ Kofinanzierung<\/span>\n\t\t\t\n\t\t\t\t\t\t<span class=\"elementor-alert-description\">Das Projekt COOP4HEALTHCARE wird im Rahmen des Kooperationsprogramms Interreg V-A Slowenien-\u00d6sterreich aus dem Europ\u00e4ischen Fonds f\u00fcr regionale Entwicklung kofinanziert.\n<\/span>\n\t\t\t\n\t\t\t\n\t\t<\/div>\n\t\t\t\t\t\t<\/div>\n\t\t\t\t<\/div>\n\t\t\t\t\t<\/div>\n\t\t<\/div>\n\t\t\t\t\t<\/div>\n\t\t<\/section>\n\t\t\t\t<\/div>\n\t\t","protected":false},"excerpt":{"rendered":"<p>COOP4HEALTHCARECross-sectoral Alliances forSmart Healthcare Solutions Das Projekt COOP4HEALTHCARE endet am 31. Mai 2020. Alle Informationen zum Abschlussevent sowie hinsichtlich der Teilnahme am langfristigen Healthcare Think Tank finden Sie\u00a0hier. Das Projekt COOP4HEALTHCARE zielt darauf ab, das\u00a0Dienstleistungsangebot im Gesundheitsbereich\u00a0durch ziel- und aktionsorientierte Kooperationen zu verbessern. Im Rahmen des Projektes arbeitet man im Programmgebiet Slowenien-\u00d6sterreich derzeit gezielt an&hellip;&nbsp;<a href=\"https:\/\/forschung.fh-kaernten.at\/enable\/coop4healthcare\/\" rel=\"bookmark\">Weiterlesen &raquo;<span class=\"screen-reader-text\">COOP4HEALTHCARE<\/span><\/a><\/p>\n","protected":false},"author":48,"featured_media":0,"parent":0,"menu_order":0,"comment_status":"closed","ping_status":"closed","template":"elementor_header_footer","meta":{"_crdt_document":"","inline_featured_image":false,"neve_meta_sidebar":"","neve_meta_container":"","neve_meta_enable_content_width":"","neve_meta_content_width":0,"neve_meta_title_alignment":"","neve_meta_author_avatar":"","neve_post_elements_order":"","neve_meta_disable_header":"","neve_meta_disable_footer":"","neve_meta_disable_title":"","ngg_post_thumbnail":0,"footnotes":""},"class_list":["post-278","page","type-page","status-publish","hentry"],"_links":{"self":[{"href":"https:\/\/forschung.fh-kaernten.at\/enable\/wp-json\/wp\/v2\/pages\/278","targetHints":{"allow":["GET"]}}],"collection":[{"href":"https:\/\/forschung.fh-kaernten.at\/enable\/wp-json\/wp\/v2\/pages"}],"about":[{"href":"https:\/\/forschung.fh-kaernten.at\/enable\/wp-json\/wp\/v2\/types\/page"}],"author":[{"embeddable":true,"href":"https:\/\/forschung.fh-kaernten.at\/enable\/wp-json\/wp\/v2\/users\/48"}],"replies":[{"embeddable":true,"href":"https:\/\/forschung.fh-kaernten.at\/enable\/wp-json\/wp\/v2\/comments?post=278"}],"version-history":[{"count":0,"href":"https:\/\/forschung.fh-kaernten.at\/enable\/wp-json\/wp\/v2\/pages\/278\/revisions"}],"wp:attachment":[{"href":"https:\/\/forschung.fh-kaernten.at\/enable\/wp-json\/wp\/v2\/media?parent=278"}],"curies":[{"name":"wp","href":"https:\/\/api.w.org\/{rel}","templated":true}]}}