{"id":6878,"date":"2024-03-14T12:59:22","date_gmt":"2024-03-14T11:59:22","guid":{"rendered":"https:\/\/forschung.fh-kaernten.at\/enable\/?page_id=6878"},"modified":"2026-03-19T11:53:37","modified_gmt":"2026-03-19T10:53:37","slug":"beendete-projekte","status":"publish","type":"page","link":"https:\/\/forschung.fh-kaernten.at\/enable\/beendete-projekte\/","title":{"rendered":"Beendete Projekte"},"content":{"rendered":"\t\t<div data-elementor-type=\"wp-page\" data-elementor-id=\"6878\" class=\"elementor elementor-6878\" data-elementor-post-type=\"page\">\n\t\t\t\t\t\t<section class=\"elementor-section elementor-top-section elementor-element elementor-element-2d16b59 elementor-section-boxed elementor-section-height-default elementor-section-height-default\" data-id=\"2d16b59\" data-element_type=\"section\" data-e-type=\"section\">\n\t\t\t\t\t\t<div class=\"elementor-container elementor-column-gap-default\">\n\t\t\t\t\t<div class=\"elementor-column elementor-col-100 elementor-top-column elementor-element elementor-element-e635b55\" data-id=\"e635b55\" data-element_type=\"column\" data-e-type=\"column\">\n\t\t\t<div class=\"elementor-widget-wrap elementor-element-populated\">\n\t\t\t\t\t\t<div class=\"elementor-element elementor-element-c7c2c66 elementor-widget elementor-widget-spacer\" data-id=\"c7c2c66\" data-element_type=\"widget\" data-e-type=\"widget\" data-widget_type=\"spacer.default\">\n\t\t\t\t<div class=\"elementor-widget-container\">\n\t\t\t\t\t\t\t<div class=\"elementor-spacer\">\n\t\t\t<div class=\"elementor-spacer-inner\"><\/div>\n\t\t<\/div>\n\t\t\t\t\t\t<\/div>\n\t\t\t\t<\/div>\n\t\t\t\t<div class=\"elementor-element elementor-element-1418472 elementor-widget elementor-widget-heading\" data-id=\"1418472\" data-element_type=\"widget\" data-e-type=\"widget\" data-widget_type=\"heading.default\">\n\t\t\t\t<div class=\"elementor-widget-container\">\n\t\t\t\t\t<h2 class=\"elementor-heading-title elementor-size-default\">Beendete Projekte<\/h2>\t\t\t\t<\/div>\n\t\t\t\t<\/div>\n\t\t\t\t<div class=\"elementor-element elementor-element-3291200 elementor-widget elementor-widget-spacer\" data-id=\"3291200\" data-element_type=\"widget\" data-e-type=\"widget\" data-widget_type=\"spacer.default\">\n\t\t\t\t<div class=\"elementor-widget-container\">\n\t\t\t\t\t\t\t<div class=\"elementor-spacer\">\n\t\t\t<div class=\"elementor-spacer-inner\"><\/div>\n\t\t<\/div>\n\t\t\t\t\t\t<\/div>\n\t\t\t\t<\/div>\n\t\t\t\t<div class=\"elementor-element elementor-element-0266f44 elementor-widget elementor-widget-text-editor\" data-id=\"0266f44\" data-element_type=\"widget\" data-e-type=\"widget\" data-widget_type=\"text-editor.default\">\n\t\t\t\t<div class=\"elementor-widget-container\">\n\t\t\t\t\t\t\t\t\t<p><a href=\"https:\/\/forschung.fh-kaernten.at\/enable\/telecarehub\/\" target=\"_blank\" rel=\"noopener\">TeleCareHub <\/a>| Technische Wege f\u00fcr Menschen und Pflege<\/p><p><a href=\"https:\/\/forschung.fh-kaernten.at\/enable\/protea\/\">PROTEA<\/a> | Individuelle Prothetik<\/p><p><a href=\"https:\/\/forschung.fh-kaernten.at\/autismus-freundlich\/\">AFA &#8211; AUTISM FRIENDLY AUSTRIA<\/a>\u00a0| Gemeinsam mit Co-Forscher:innen zu autismusfreundlicheren Lebensumgebungen<\/p><p><a href=\"https:\/\/forschung.fh-kaernten.at\/aal\/senshome\/\">SENSHOME<\/a>\u00a0| Sensoren f\u00fcr besondere R\u00e4ume. Ein Haus so normal wie m\u00f6glich und so besonders wie n\u00f6tig<\/p><p><a href=\"https:\/\/forschung.fh-kaernten.at\/aal\/reha2030\/\">REHA2030\u00a0<\/a>| Postklinische Rehabilitation von SchlaganfallpatientInnen im ruralen Raum im Jahr 2030<\/p><p><a href=\"https:\/\/forschung.fh-kaernten.at\/aal\/ayudo\/\">AYUDO\u00a0<\/a>| Besseres Wohlbefinden durch innovativ digital unterst\u00fctztes pers\u00f6nliches Gesundheitsmanagement<\/p><p><a href=\"https:\/\/forschung.fh-kaernten.at\/aal\/crosstrail\/\">CROSSTRAIL<\/a>\u00a0| Entdecken Sie die Regionen Friaul und Hermagor durch das Traillaufen<em><strong><br \/><\/strong><\/em><\/p><p><a href=\"https:\/\/forschung.fh-kaernten.at\/aal\/detectconnect\/\">DETECT&amp;CONNECT\u00a0<\/a>| Technology connecting people in need to people who care<em><strong><br \/><\/strong><\/em><\/p><p><a href=\"https:\/\/forschung.fh-kaernten.at\/aal\/movinsi\/\">MOVINSI\u00a0<\/a>| Movinsi \u2013 Los geht\u2019s!<\/p><p><a href=\"https:\/\/forschung.fh-kaernten.at\/aal\/smart-vitaality\/\">Smart VitAALity<\/a><i>\u00a0| <\/i>K\u00e4rntner Testregion im Bereich \u201eHealth, Wellbeing und Social Inclusion\u201c<\/p><p><a href=\"https:\/\/forschung.fh-kaernten.at\/aal\/care4tech\/\">CARE4TECH<\/a><i>\u00a0| <\/i>Cross Sectoral Alliances for Smart Living<\/p><p><a href=\"https:\/\/forschung.fh-kaernten.at\/aal\/coop4healthcare\/\">COOP4HEALTHCARE<\/a><i style=\"font-weight: bold\">\u00a0<\/i><i>| <\/i>Cross-sectoral Alliances for Smart Healthcare Solutions<\/p>\t\t\t\t\t\t\t\t<\/div>\n\t\t\t\t<\/div>\n\t\t\t\t<div class=\"elementor-element elementor-element-64a0c1a elementor-widget elementor-widget-spacer\" data-id=\"64a0c1a\" data-element_type=\"widget\" data-e-type=\"widget\" data-widget_type=\"spacer.default\">\n\t\t\t\t<div class=\"elementor-widget-container\">\n\t\t\t\t\t\t\t<div class=\"elementor-spacer\">\n\t\t\t<div class=\"elementor-spacer-inner\"><\/div>\n\t\t<\/div>\n\t\t\t\t\t\t<\/div>\n\t\t\t\t<\/div>\n\t\t\t\t\t<\/div>\n\t\t<\/div>\n\t\t\t\t\t<\/div>\n\t\t<\/section>\n\t\t\t\t<\/div>\n\t\t","protected":false},"excerpt":{"rendered":"<p>Beendete Projekte TeleCareHub | Technische Wege f\u00fcr Menschen und Pflege PROTEA | Individuelle Prothetik AFA &#8211; AUTISM FRIENDLY AUSTRIA\u00a0| Gemeinsam mit Co-Forscher:innen zu autismusfreundlicheren Lebensumgebungen SENSHOME\u00a0| Sensoren f\u00fcr besondere R\u00e4ume. Ein Haus so normal wie m\u00f6glich und so besonders wie n\u00f6tig REHA2030\u00a0| Postklinische Rehabilitation von SchlaganfallpatientInnen im ruralen Raum im Jahr 2030 AYUDO\u00a0| Besseres Wohlbefinden&hellip;&nbsp;<a href=\"https:\/\/forschung.fh-kaernten.at\/enable\/beendete-projekte\/\" rel=\"bookmark\">Weiterlesen &raquo;<span class=\"screen-reader-text\">Beendete Projekte<\/span><\/a><\/p>\n","protected":false},"author":236,"featured_media":0,"parent":0,"menu_order":0,"comment_status":"closed","ping_status":"closed","template":"page-templates\/template-pagebuilder-full-width.php","meta":{"_crdt_document":"","inline_featured_image":false,"neve_meta_sidebar":"default","neve_meta_container":"full-width","neve_meta_enable_content_width":"","neve_meta_content_width":0,"neve_meta_title_alignment":"left","neve_meta_author_avatar":"","neve_post_elements_order":"","neve_meta_disable_header":"","neve_meta_disable_footer":"","neve_meta_disable_title":"","ngg_post_thumbnail":0,"footnotes":""},"class_list":["post-6878","page","type-page","status-publish","hentry"],"_links":{"self":[{"href":"https:\/\/forschung.fh-kaernten.at\/enable\/wp-json\/wp\/v2\/pages\/6878","targetHints":{"allow":["GET"]}}],"collection":[{"href":"https:\/\/forschung.fh-kaernten.at\/enable\/wp-json\/wp\/v2\/pages"}],"about":[{"href":"https:\/\/forschung.fh-kaernten.at\/enable\/wp-json\/wp\/v2\/types\/page"}],"author":[{"embeddable":true,"href":"https:\/\/forschung.fh-kaernten.at\/enable\/wp-json\/wp\/v2\/users\/236"}],"replies":[{"embeddable":true,"href":"https:\/\/forschung.fh-kaernten.at\/enable\/wp-json\/wp\/v2\/comments?post=6878"}],"version-history":[{"count":5,"href":"https:\/\/forschung.fh-kaernten.at\/enable\/wp-json\/wp\/v2\/pages\/6878\/revisions"}],"predecessor-version":[{"id":7909,"href":"https:\/\/forschung.fh-kaernten.at\/enable\/wp-json\/wp\/v2\/pages\/6878\/revisions\/7909"}],"wp:attachment":[{"href":"https:\/\/forschung.fh-kaernten.at\/enable\/wp-json\/wp\/v2\/media?parent=6878"}],"curies":[{"name":"wp","href":"https:\/\/api.w.org\/{rel}","templated":true}]}}