{"id":6994,"date":"2024-04-02T15:30:31","date_gmt":"2024-04-02T13:30:31","guid":{"rendered":"https:\/\/forschung.fh-kaernten.at\/enable\/?page_id=6994"},"modified":"2024-04-02T15:33:40","modified_gmt":"2024-04-02T13:33:40","slug":"peter-schubert","status":"publish","type":"page","link":"https:\/\/forschung.fh-kaernten.at\/enable\/peter-schubert\/","title":{"rendered":"Peter Schubert"},"content":{"rendered":"\t\t<div data-elementor-type=\"wp-page\" data-elementor-id=\"6994\" class=\"elementor elementor-6994\" data-elementor-post-type=\"page\">\n\t\t\t\t\t\t<section class=\"elementor-section elementor-top-section elementor-element elementor-element-c90f338 elementor-section-boxed elementor-section-height-default elementor-section-height-default\" data-id=\"c90f338\" data-element_type=\"section\" data-e-type=\"section\">\n\t\t\t\t\t\t<div class=\"elementor-container elementor-column-gap-default\">\n\t\t\t\t\t<div class=\"elementor-column elementor-col-66 elementor-top-column elementor-element elementor-element-61c1819\" data-id=\"61c1819\" data-element_type=\"column\" data-e-type=\"column\">\n\t\t\t<div class=\"elementor-widget-wrap elementor-element-populated\">\n\t\t\t\t\t\t<div class=\"elementor-element elementor-element-b90d682 elementor-widget elementor-widget-heading\" data-id=\"b90d682\" data-element_type=\"widget\" data-e-type=\"widget\" data-widget_type=\"heading.default\">\n\t\t\t\t<div class=\"elementor-widget-container\">\n\t\t\t\t\t<h2 class=\"elementor-heading-title elementor-size-default\">Peter Schubert<\/h2>\t\t\t\t<\/div>\n\t\t\t\t<\/div>\n\t\t\t\t<div class=\"elementor-element elementor-element-72293e0 elementor-widget elementor-widget-text-editor\" data-id=\"72293e0\" data-element_type=\"widget\" data-e-type=\"widget\" data-widget_type=\"text-editor.default\">\n\t\t\t\t<div class=\"elementor-widget-container\">\n\t\t\t\t\t\t\t\t\t<p>Physiotherapeut, Master in Health Assisting Engineering<br \/>Senior Researcher &amp; Lecturer am Studiengang Physiotherapie<\/p><h6>Meine Rolle bei ENABLE:<\/h6><blockquote><p><span style=\"font-family: georgia, palatino, serif;font-size: 12pt;background-color: var(--nv-site-bg);color: var(--nv-text-color);font-weight: var(--bodyfontweight);letter-spacing: var(--bodyletterspacing);text-transform: var(--bodytexttransform)\">Die transdisziplin\u00e4ren Forschungsprojekte durch mein Wissen und F\u00e4higkeiten aus dem Bereich der Gesundheit und Technik zu erg\u00e4nzen<\/span><\/p><\/blockquote><h6 style=\"margin-top: 0pt;margin-bottom: 0pt;margin-left: 0in;direction: ltr\"><span style=\"font-size: 12pt;font-family: georgia, palatino, serif\"><br \/><\/span><span style=\"font-size: 12pt;font-family: georgia, palatino, serif\">Forschungsfelder\/ Kompetenzbereiche bei ENABLE:<\/span><\/h6><p style=\"margin-top: 0pt;margin-bottom: 0pt;margin-left: 0in;direction: ltr\"><span style=\"font-size: 12pt;font-family: georgia, palatino, serif\">\u00a0<\/span><\/p><ul><li><span style=\"font-family: georgia, palatino, serif\">Assistive Technologien, Telerehabilitation<\/span><\/li><li><span style=\"font-family: georgia, palatino, serif\">Physiotherapie<\/span><\/li><li><span style=\"font-family: georgia, palatino, serif\">Angewandte Bewegungsanalyse<\/span><\/li><li><span style=\"font-family: georgia, palatino, serif\">Partizipative Forschung<\/span><\/li><\/ul>\t\t\t\t\t\t\t\t<\/div>\n\t\t\t\t<\/div>\n\t\t\t\t\t<\/div>\n\t\t<\/div>\n\t\t\t\t<div class=\"elementor-column elementor-col-33 elementor-top-column elementor-element elementor-element-7b3678b\" data-id=\"7b3678b\" data-element_type=\"column\" data-e-type=\"column\">\n\t\t\t<div class=\"elementor-widget-wrap elementor-element-populated\">\n\t\t\t\t\t\t<div class=\"elementor-element elementor-element-a43a025 elementor-widget elementor-widget-image\" data-id=\"a43a025\" data-element_type=\"widget\" data-e-type=\"widget\" data-widget_type=\"image.default\">\n\t\t\t\t<div class=\"elementor-widget-container\">\n\t\t\t\t\t\t\t\t\t\t\t\t\t\t\t<img fetchpriority=\"high\" decoding=\"async\" width=\"665\" height=\"1024\" src=\"data:image\/gif;base64,R0lGODlhAQABAAAAACH5BAEKAAEALAAAAAABAAEAAAICTAEAOw==\" class=\"attachment-large size-large wp-image-2677 lazyload\" alt=\"\" sizes=\"(max-width: 665px) 100vw, 665px\" data-src=\"https:\/\/forschung.fh-kaernten.at\/enable\/files\/2020\/11\/Peter-Schubert-01-665x1024.jpg\" data-srcset=\"https:\/\/forschung.fh-kaernten.at\/enable\/files\/2020\/11\/Peter-Schubert-01-665x1024.jpg 665w, https:\/\/forschung.fh-kaernten.at\/enable\/files\/2020\/11\/Peter-Schubert-01-195x300.jpg 195w, https:\/\/forschung.fh-kaernten.at\/enable\/files\/2020\/11\/Peter-Schubert-01-768x1182.jpg 768w, https:\/\/forschung.fh-kaernten.at\/enable\/files\/2020\/11\/Peter-Schubert-01-998x1536.jpg 998w, https:\/\/forschung.fh-kaernten.at\/enable\/files\/2020\/11\/Peter-Schubert-01-1330x2048.jpg 1330w, https:\/\/forschung.fh-kaernten.at\/enable\/files\/2020\/11\/Peter-Schubert-01-830x1278.jpg 830w, https:\/\/forschung.fh-kaernten.at\/enable\/files\/2020\/11\/Peter-Schubert-01-230x354.jpg 230w, https:\/\/forschung.fh-kaernten.at\/enable\/files\/2020\/11\/Peter-Schubert-01-350x539.jpg 350w, https:\/\/forschung.fh-kaernten.at\/enable\/files\/2020\/11\/Peter-Schubert-01-480x739.jpg 480w, https:\/\/forschung.fh-kaernten.at\/enable\/files\/2020\/11\/Peter-Schubert-01-scaled.jpg 1663w\">\t\t\t\t\t\t\t\t\t\t\t\t\t\t\t<\/div>\n\t\t\t\t<\/div>\n\t\t\t\t\t<\/div>\n\t\t<\/div>\n\t\t\t\t\t<\/div>\n\t\t<\/section>\n\t\t\t\t<\/div>\n\t\t","protected":false},"excerpt":{"rendered":"<p>Peter Schubert Physiotherapeut, Master in Health Assisting EngineeringSenior Researcher &amp; Lecturer am Studiengang Physiotherapie Meine Rolle bei ENABLE: Die transdisziplin\u00e4ren Forschungsprojekte durch mein Wissen und F\u00e4higkeiten aus dem Bereich der Gesundheit und Technik zu erg\u00e4nzen Forschungsfelder\/ Kompetenzbereiche bei ENABLE: \u00a0 Assistive Technologien, Telerehabilitation Physiotherapie Angewandte Bewegungsanalyse Partizipative Forschung<\/p>\n","protected":false},"author":236,"featured_media":0,"parent":0,"menu_order":0,"comment_status":"closed","ping_status":"closed","template":"page-templates\/template-pagebuilder-full-width.php","meta":{"_crdt_document":"","inline_featured_image":false,"neve_meta_sidebar":"","neve_meta_container":"","neve_meta_enable_content_width":"","neve_meta_content_width":0,"neve_meta_title_alignment":"","neve_meta_author_avatar":"","neve_post_elements_order":"","neve_meta_disable_header":"","neve_meta_disable_footer":"","neve_meta_disable_title":"","ngg_post_thumbnail":0,"footnotes":""},"class_list":["post-6994","page","type-page","status-publish","hentry"],"_links":{"self":[{"href":"https:\/\/forschung.fh-kaernten.at\/enable\/wp-json\/wp\/v2\/pages\/6994","targetHints":{"allow":["GET"]}}],"collection":[{"href":"https:\/\/forschung.fh-kaernten.at\/enable\/wp-json\/wp\/v2\/pages"}],"about":[{"href":"https:\/\/forschung.fh-kaernten.at\/enable\/wp-json\/wp\/v2\/types\/page"}],"author":[{"embeddable":true,"href":"https:\/\/forschung.fh-kaernten.at\/enable\/wp-json\/wp\/v2\/users\/236"}],"replies":[{"embeddable":true,"href":"https:\/\/forschung.fh-kaernten.at\/enable\/wp-json\/wp\/v2\/comments?post=6994"}],"version-history":[{"count":0,"href":"https:\/\/forschung.fh-kaernten.at\/enable\/wp-json\/wp\/v2\/pages\/6994\/revisions"}],"wp:attachment":[{"href":"https:\/\/forschung.fh-kaernten.at\/enable\/wp-json\/wp\/v2\/media?parent=6994"}],"curies":[{"name":"wp","href":"https:\/\/api.w.org\/{rel}","templated":true}]}}