{"id":7009,"date":"2024-04-02T15:49:10","date_gmt":"2024-04-02T13:49:10","guid":{"rendered":"https:\/\/forschung.fh-kaernten.at\/enable\/?page_id=7009"},"modified":"2025-07-07T08:50:57","modified_gmt":"2025-07-07T06:50:57","slug":"daniela-krainer-2","status":"publish","type":"page","link":"https:\/\/forschung.fh-kaernten.at\/enable\/daniela-krainer-2\/","title":{"rendered":"Daniela Krainer"},"content":{"rendered":"\t\t<div data-elementor-type=\"wp-page\" data-elementor-id=\"7009\" class=\"elementor elementor-7009\" data-elementor-post-type=\"page\">\n\t\t\t\t\t\t<section class=\"elementor-section elementor-top-section elementor-element elementor-element-c90f338 elementor-section-boxed elementor-section-height-default elementor-section-height-default\" data-id=\"c90f338\" data-element_type=\"section\" data-e-type=\"section\">\n\t\t\t\t\t\t<div class=\"elementor-container elementor-column-gap-default\">\n\t\t\t\t\t<div class=\"elementor-column elementor-col-66 elementor-top-column elementor-element elementor-element-61c1819\" data-id=\"61c1819\" data-element_type=\"column\" data-e-type=\"column\">\n\t\t\t<div class=\"elementor-widget-wrap elementor-element-populated\">\n\t\t\t\t\t\t<div class=\"elementor-element elementor-element-b90d682 elementor-widget elementor-widget-heading\" data-id=\"b90d682\" data-element_type=\"widget\" data-e-type=\"widget\" data-widget_type=\"heading.default\">\n\t\t\t\t<div class=\"elementor-widget-container\">\n\t\t\t\t\t<h2 class=\"elementor-heading-title elementor-size-default\">Daniela Krainer<\/h2>\t\t\t\t<\/div>\n\t\t\t\t<\/div>\n\t\t\t\t<div class=\"elementor-element elementor-element-72293e0 elementor-widget elementor-widget-text-editor\" data-id=\"72293e0\" data-element_type=\"widget\" data-e-type=\"widget\" data-widget_type=\"text-editor.default\">\n\t\t\t\t<div class=\"elementor-widget-container\">\n\t\t\t\t\t\t\t\t\t<p>Ergotherapeutin &amp; Medical Engineer<br \/>Senior Researcher &amp; Lecturer am Studiengag Ergotherapie<\/p><h6>Meine Rolle bei ENABLE:<\/h6><blockquote><p><span style=\"font-family: georgia, palatino, serif;font-size: 12pt;background-color: var(--nv-site-bg);color: var(--nv-text-color);font-weight: var(--bodyfontweight);letter-spacing: var(--bodyletterspacing);text-transform: var(--bodytexttransform)\">Bei Forschungsprojekten ist es mir wichtig, dass ein Mehrwert f\u00fcr die Nutzer*innen entsteht und sinnvolle Aktivit\u00e4ten durch unsere Forschung unterst\u00fctzt werden. Als Co-Leiterin bin ich auch f\u00fcr das Management und die strategische Planung zust\u00e4ndig.\u00a0<\/span><\/p><\/blockquote><h6 style=\"margin-top: 0pt;margin-bottom: 0pt;margin-left: 0in;direction: ltr\"><span style=\"font-size: 12pt;font-family: georgia, palatino, serif\">Forschungsfelder\/ Kompetenzbereiche bei ENABLE:<\/span><\/h6><p style=\"margin-top: 0pt;margin-bottom: 0pt;margin-left: 0in;direction: ltr\"><span style=\"font-size: 12pt;font-family: georgia, palatino, serif\">\u00a0<\/span><\/p><ul><li><span style=\"font-family: georgia, palatino, serif\">Partizipative Forschung zu digitalen Gesundheitsl\u00f6sungen<\/span><\/li><li><span style=\"font-family: georgia, palatino, serif\">Akzeptanz von Technologien und User Experience\u00a0<\/span><\/li><li><span style=\"font-family: georgia, palatino, serif\">Telerehabilitationsapplikationen und -prozesse<\/span><\/li><li><span style=\"font-family: georgia, palatino, serif\">Assistenz Technolgien<\/span><\/li><\/ul>\t\t\t\t\t\t\t\t<\/div>\n\t\t\t\t<\/div>\n\t\t\t\t\t<\/div>\n\t\t<\/div>\n\t\t\t\t<div class=\"elementor-column elementor-col-33 elementor-top-column elementor-element elementor-element-7b3678b\" data-id=\"7b3678b\" data-element_type=\"column\" data-e-type=\"column\">\n\t\t\t<div class=\"elementor-widget-wrap elementor-element-populated\">\n\t\t\t\t\t\t<div class=\"elementor-element elementor-element-a1013cc elementor-widget elementor-widget-image\" data-id=\"a1013cc\" data-element_type=\"widget\" data-e-type=\"widget\" data-widget_type=\"image.default\">\n\t\t\t\t<div class=\"elementor-widget-container\">\n\t\t\t\t\t\t\t\t\t\t\t\t\t\t\t<img fetchpriority=\"high\" decoding=\"async\" width=\"683\" height=\"1024\" src=\"data:image\/gif;base64,R0lGODlhAQABAAAAACH5BAEKAAEALAAAAAABAAEAAAICTAEAOw==\" class=\"attachment-large size-large wp-image-7717 lazyload\" alt=\"\" sizes=\"(max-width: 683px) 100vw, 683px\" data-src=\"https:\/\/forschung.fh-kaernten.at\/enable\/files\/2025\/07\/Daniela-Krainer0001-683x1024.jpg\" data-srcset=\"https:\/\/forschung.fh-kaernten.at\/enable\/files\/2025\/07\/Daniela-Krainer0001-683x1024.jpg 683w, https:\/\/forschung.fh-kaernten.at\/enable\/files\/2025\/07\/Daniela-Krainer0001-200x300.jpg 200w, https:\/\/forschung.fh-kaernten.at\/enable\/files\/2025\/07\/Daniela-Krainer0001-768x1152.jpg 768w, https:\/\/forschung.fh-kaernten.at\/enable\/files\/2025\/07\/Daniela-Krainer0001-1024x1536.jpg 1024w, https:\/\/forschung.fh-kaernten.at\/enable\/files\/2025\/07\/Daniela-Krainer0001-1366x2048.jpg 1366w, https:\/\/forschung.fh-kaernten.at\/enable\/files\/2025\/07\/Daniela-Krainer0001-scaled.jpg 1707w\">\t\t\t\t\t\t\t\t\t\t\t\t\t\t\t<\/div>\n\t\t\t\t<\/div>\n\t\t\t\t\t<\/div>\n\t\t<\/div>\n\t\t\t\t\t<\/div>\n\t\t<\/section>\n\t\t\t\t<\/div>\n\t\t","protected":false},"excerpt":{"rendered":"<p>Daniela Krainer Ergotherapeutin &amp; Medical EngineerSenior Researcher &amp; Lecturer am Studiengag Ergotherapie Meine Rolle bei ENABLE: Bei Forschungsprojekten ist es mir wichtig, dass ein Mehrwert f\u00fcr die Nutzer*innen entsteht und sinnvolle Aktivit\u00e4ten durch unsere Forschung unterst\u00fctzt werden. Als Co-Leiterin bin ich auch f\u00fcr das Management und die strategische Planung zust\u00e4ndig.\u00a0 Forschungsfelder\/ Kompetenzbereiche bei ENABLE: \u00a0&hellip;&nbsp;<a href=\"https:\/\/forschung.fh-kaernten.at\/enable\/daniela-krainer-2\/\" rel=\"bookmark\">Weiterlesen &raquo;<span class=\"screen-reader-text\">Daniela Krainer<\/span><\/a><\/p>\n","protected":false},"author":236,"featured_media":0,"parent":0,"menu_order":0,"comment_status":"closed","ping_status":"closed","template":"page-templates\/template-pagebuilder-full-width.php","meta":{"_crdt_document":"","inline_featured_image":false,"neve_meta_sidebar":"","neve_meta_container":"","neve_meta_enable_content_width":"","neve_meta_content_width":0,"neve_meta_title_alignment":"","neve_meta_author_avatar":"","neve_post_elements_order":"","neve_meta_disable_header":"","neve_meta_disable_footer":"","neve_meta_disable_title":"","ngg_post_thumbnail":0,"footnotes":""},"class_list":["post-7009","page","type-page","status-publish","hentry"],"_links":{"self":[{"href":"https:\/\/forschung.fh-kaernten.at\/enable\/wp-json\/wp\/v2\/pages\/7009","targetHints":{"allow":["GET"]}}],"collection":[{"href":"https:\/\/forschung.fh-kaernten.at\/enable\/wp-json\/wp\/v2\/pages"}],"about":[{"href":"https:\/\/forschung.fh-kaernten.at\/enable\/wp-json\/wp\/v2\/types\/page"}],"author":[{"embeddable":true,"href":"https:\/\/forschung.fh-kaernten.at\/enable\/wp-json\/wp\/v2\/users\/236"}],"replies":[{"embeddable":true,"href":"https:\/\/forschung.fh-kaernten.at\/enable\/wp-json\/wp\/v2\/comments?post=7009"}],"version-history":[{"count":0,"href":"https:\/\/forschung.fh-kaernten.at\/enable\/wp-json\/wp\/v2\/pages\/7009\/revisions"}],"wp:attachment":[{"href":"https:\/\/forschung.fh-kaernten.at\/enable\/wp-json\/wp\/v2\/media?parent=7009"}],"curies":[{"name":"wp","href":"https:\/\/api.w.org\/{rel}","templated":true}]}}