{"id":7319,"date":"2024-05-08T08:01:01","date_gmt":"2024-05-08T06:01:01","guid":{"rendered":"https:\/\/forschung.fh-kaernten.at\/enable\/?page_id=7319"},"modified":"2024-10-15T07:26:11","modified_gmt":"2024-10-15T05:26:11","slug":"health-for-all","status":"publish","type":"page","link":"https:\/\/forschung.fh-kaernten.at\/enable\/health-for-all\/","title":{"rendered":"Health for All"},"content":{"rendered":"\t\t<div data-elementor-type=\"wp-page\" data-elementor-id=\"7319\" class=\"elementor elementor-7319\" data-elementor-post-type=\"page\">\n\t\t\t\t\t\t<section class=\"elementor-section elementor-top-section elementor-element elementor-element-f27adb3 elementor-section-boxed elementor-section-height-default elementor-section-height-default\" data-id=\"f27adb3\" data-element_type=\"section\" data-e-type=\"section\">\n\t\t\t\t\t\t<div class=\"elementor-container elementor-column-gap-default\">\n\t\t\t\t\t<div class=\"elementor-column elementor-col-33 elementor-top-column elementor-element elementor-element-6a48966\" data-id=\"6a48966\" data-element_type=\"column\" data-e-type=\"column\" data-settings=\"{&quot;background_background&quot;:&quot;classic&quot;}\">\n\t\t\t<div class=\"elementor-widget-wrap elementor-element-populated\">\n\t\t\t\t\t\t<div class=\"elementor-element elementor-element-e89d1ae elementor-widget__width-initial elementor-widget elementor-widget-image\" data-id=\"e89d1ae\" data-element_type=\"widget\" data-e-type=\"widget\" data-widget_type=\"image.default\">\n\t\t\t\t<div class=\"elementor-widget-container\">\n\t\t\t\t\t\t\t\t\t\t\t\t\t\t\t<img fetchpriority=\"high\" decoding=\"async\" width=\"586\" height=\"303\" src=\"data:image\/gif;base64,R0lGODlhAQABAAAAACH5BAEKAAEALAAAAAABAAEAAAICTAEAOw==\" class=\"attachment-large size-large wp-image-6654 lazyload\" alt=\"\" sizes=\"(max-width: 586px) 100vw, 586px\" data-src=\"https:\/\/forschung.fh-kaernten.at\/enable\/files\/2023\/11\/PO2-Project-logo-Slovenia-Austria_english_Health-for-All_RGB.png\" data-srcset=\"https:\/\/forschung.fh-kaernten.at\/enable\/files\/2023\/11\/PO2-Project-logo-Slovenia-Austria_english_Health-for-All_RGB.png 586w, https:\/\/forschung.fh-kaernten.at\/enable\/files\/2023\/11\/PO2-Project-logo-Slovenia-Austria_english_Health-for-All_RGB-300x155.png 300w, https:\/\/forschung.fh-kaernten.at\/enable\/files\/2023\/11\/PO2-Project-logo-Slovenia-Austria_english_Health-for-All_RGB-230x119.png 230w, https:\/\/forschung.fh-kaernten.at\/enable\/files\/2023\/11\/PO2-Project-logo-Slovenia-Austria_english_Health-for-All_RGB-350x181.png 350w, https:\/\/forschung.fh-kaernten.at\/enable\/files\/2023\/11\/PO2-Project-logo-Slovenia-Austria_english_Health-for-All_RGB-480x248.png 480w\">\t\t\t\t\t\t\t\t\t\t\t\t\t\t\t<\/div>\n\t\t\t\t<\/div>\n\t\t\t\t\t<\/div>\n\t\t<\/div>\n\t\t\t\t<div class=\"elementor-column elementor-col-66 elementor-top-column elementor-element elementor-element-0d1ffc0\" data-id=\"0d1ffc0\" data-element_type=\"column\" data-e-type=\"column\" data-settings=\"{&quot;background_background&quot;:&quot;classic&quot;}\">\n\t\t\t<div class=\"elementor-widget-wrap elementor-element-populated\">\n\t\t\t\t\t\t<div class=\"elementor-element elementor-element-bf5b96b elementor-widget__width-initial elementor-widget elementor-widget-image\" data-id=\"bf5b96b\" data-element_type=\"widget\" data-e-type=\"widget\" data-widget_type=\"image.default\">\n\t\t\t\t<div class=\"elementor-widget-container\">\n\t\t\t\t\t\t\t\t\t\t\t\t\t\t\t<img decoding=\"async\" src=\"data:image\/gif;base64,R0lGODlhAQABAAAAACH5BAEKAAEALAAAAAABAAEAAAICTAEAOw==\" title=\"HealthforAll\" alt=\"HealthforAll\" loading=\"lazy\" class=\"lazyload\" data-src=\"https:\/\/forschung.fh-kaernten.at\/enable\/files\/2024\/05\/HealthforAll.jpg\">\t\t\t\t\t\t\t\t\t\t\t\t\t\t\t<\/div>\n\t\t\t\t<\/div>\n\t\t\t\t\t<\/div>\n\t\t<\/div>\n\t\t\t\t\t<\/div>\n\t\t<\/section>\n\t\t\t\t<section class=\"elementor-section elementor-top-section elementor-element elementor-element-91dbc05 elementor-section-boxed elementor-section-height-default elementor-section-height-default\" data-id=\"91dbc05\" data-element_type=\"section\" data-e-type=\"section\" data-settings=\"{&quot;background_background&quot;:&quot;classic&quot;}\">\n\t\t\t\t\t\t<div class=\"elementor-container elementor-column-gap-default\">\n\t\t\t\t\t<div class=\"elementor-column elementor-col-100 elementor-top-column elementor-element elementor-element-4ef377e\" data-id=\"4ef377e\" data-element_type=\"column\" data-e-type=\"column\">\n\t\t\t<div class=\"elementor-widget-wrap elementor-element-populated\">\n\t\t\t\t\t\t<div class=\"elementor-element elementor-element-c18e95f elementor-widget elementor-widget-spacer\" data-id=\"c18e95f\" data-element_type=\"widget\" data-e-type=\"widget\" data-widget_type=\"spacer.default\">\n\t\t\t\t<div class=\"elementor-widget-container\">\n\t\t\t\t\t\t\t<div class=\"elementor-spacer\">\n\t\t\t<div class=\"elementor-spacer-inner\"><\/div>\n\t\t<\/div>\n\t\t\t\t\t\t<\/div>\n\t\t\t\t<\/div>\n\t\t\t\t<div class=\"elementor-element elementor-element-129378e elementor-widget-divider--view-line elementor-widget elementor-widget-divider\" data-id=\"129378e\" data-element_type=\"widget\" data-e-type=\"widget\" data-widget_type=\"divider.default\">\n\t\t\t\t<div class=\"elementor-widget-container\">\n\t\t\t\t\t\t\t<div class=\"elementor-divider\">\n\t\t\t<span class=\"elementor-divider-separator\">\n\t\t\t\t\t\t<\/span>\n\t\t<\/div>\n\t\t\t\t\t\t<\/div>\n\t\t\t\t<\/div>\n\t\t\t\t<div class=\"elementor-element elementor-element-fad651f elementor-widget elementor-widget-heading\" data-id=\"fad651f\" data-element_type=\"widget\" data-e-type=\"widget\" data-widget_type=\"heading.default\">\n\t\t\t\t<div class=\"elementor-widget-container\">\n\t\t\t\t\t<h1 class=\"elementor-heading-title elementor-size-default\">Health for All<\/h1>\t\t\t\t<\/div>\n\t\t\t\t<\/div>\n\t\t\t\t<div class=\"elementor-element elementor-element-4025ecd elementor-widget-divider--view-line elementor-widget elementor-widget-divider\" data-id=\"4025ecd\" data-element_type=\"widget\" data-e-type=\"widget\" data-widget_type=\"divider.default\">\n\t\t\t\t<div class=\"elementor-widget-container\">\n\t\t\t\t\t\t\t<div class=\"elementor-divider\">\n\t\t\t<span class=\"elementor-divider-separator\">\n\t\t\t\t\t\t<\/span>\n\t\t<\/div>\n\t\t\t\t\t\t<\/div>\n\t\t\t\t<\/div>\n\t\t\t\t<div class=\"elementor-element elementor-element-5248277 elementor-widget elementor-widget-heading\" data-id=\"5248277\" data-element_type=\"widget\" data-e-type=\"widget\" data-widget_type=\"heading.default\">\n\t\t\t\t<div class=\"elementor-widget-container\">\n\t\t\t\t\t<h3 class=\"elementor-heading-title elementor-size-default\">St\u00e4rkung der grenz\u00fcberschreitenden \nZusammenarbeit und Entwicklung neuer L\u00f6sungen, \num allen Menschen einen umfassenden Zugang zu \nGesundheitskompetenz und Gesundheitsleistungen \nzu erm\u00f6glichen.<\/h3>\t\t\t\t<\/div>\n\t\t\t\t<\/div>\n\t\t\t\t<div class=\"elementor-element elementor-element-5282edd elementor-widget elementor-widget-spacer\" data-id=\"5282edd\" data-element_type=\"widget\" data-e-type=\"widget\" data-widget_type=\"spacer.default\">\n\t\t\t\t<div class=\"elementor-widget-container\">\n\t\t\t\t\t\t\t<div class=\"elementor-spacer\">\n\t\t\t<div class=\"elementor-spacer-inner\"><\/div>\n\t\t<\/div>\n\t\t\t\t\t\t<\/div>\n\t\t\t\t<\/div>\n\t\t\t\t\t<\/div>\n\t\t<\/div>\n\t\t\t\t\t<\/div>\n\t\t<\/section>\n\t\t\t\t<section class=\"elementor-section elementor-top-section elementor-element elementor-element-4809bc8 elementor-section-boxed elementor-section-height-default elementor-section-height-default\" data-id=\"4809bc8\" data-element_type=\"section\" data-e-type=\"section\">\n\t\t\t\t\t\t<div class=\"elementor-container elementor-column-gap-default\">\n\t\t\t\t\t<div class=\"elementor-column elementor-col-33 elementor-top-column elementor-element elementor-element-df436b3\" data-id=\"df436b3\" data-element_type=\"column\" data-e-type=\"column\" data-settings=\"{&quot;background_background&quot;:&quot;classic&quot;}\">\n\t\t\t<div class=\"elementor-widget-wrap elementor-element-populated\">\n\t\t\t\t\t\t<div class=\"elementor-element elementor-element-4aae599 elementor-widget elementor-widget-text-editor\" data-id=\"4aae599\" data-element_type=\"widget\" data-e-type=\"widget\" data-widget_type=\"text-editor.default\">\n\t\t\t\t<div class=\"elementor-widget-container\">\n\t\t\t\t\t\t\t\t\t<p>Ziel des Projekts ist es station\u00e4re und mobile Gesundheitskompetenzzentren (und Gesundheitsmobile) in \u00d6sterreich und Slowenien zu entwickeln und pilothaft zu erproben.\u00a0<\/p>\t\t\t\t\t\t\t\t<\/div>\n\t\t\t\t<\/div>\n\t\t\t\t<div class=\"elementor-element elementor-element-00024ee elementor-widget elementor-widget-text-editor\" data-id=\"00024ee\" data-element_type=\"widget\" data-e-type=\"widget\" data-widget_type=\"text-editor.default\">\n\t\t\t\t<div class=\"elementor-widget-container\">\n\t\t\t\t\t\t\t\t\t<p><strong>Projektdauer:<\/strong> 09\/2023-08\/2026<\/p><p><strong>F\u00f6rderschiene:<\/strong>\u00a0 Interreg V-A Slowenien \u00d6sterreich &amp; K\u00e4rntner Wirtschaftsf\u00f6rderungs Fonds<\/p><p><strong>F\u00f6rderumfang:<\/strong> 921.728 \u20ac<\/p><p><strong>Projektpartner*innen:<\/strong> Magistrat Graz &#8211; Gesundheitsamt, Center za zdravje in razvoj Murska Sobota, Zdravstveni dom Murska Sobota, \u00a0FH K\u00e4rnten Gemeinn\u00fctzige Gesellschaft mbH<\/p><p><strong>Assoziierte Projektpartner*innen:<\/strong> Keine<\/p>\t\t\t\t\t\t\t\t<\/div>\n\t\t\t\t<\/div>\n\t\t\t\t\t<\/div>\n\t\t<\/div>\n\t\t\t\t<div class=\"elementor-column elementor-col-66 elementor-top-column elementor-element elementor-element-260879c\" data-id=\"260879c\" data-element_type=\"column\" data-e-type=\"column\">\n\t\t\t<div class=\"elementor-widget-wrap elementor-element-populated\">\n\t\t\t\t\t\t<div class=\"elementor-element elementor-element-cae9acc elementor-widget elementor-widget-text-editor\" data-id=\"cae9acc\" data-element_type=\"widget\" data-e-type=\"widget\" data-widget_type=\"text-editor.default\">\n\t\t\t\t<div class=\"elementor-widget-container\">\n\t\t\t\t\t\t\t\t\t<p>Im Projekt Health for All (09\/2023-08\/2026) werden station\u00e4re und mobile Gesundheitskompetenzzentren (und Gesundheitsmobile) in \u00d6sterreich und Slowenien entwickelt und pilothaft erprobt. Diese bieten ein umfassendes Gesundheitsf\u00f6rderungsprogramm an und sollen den Zugang benachteiligter Bev\u00f6lkerungsgruppen (z.B. \u00f6konomisch schwache Gruppen, Migrationshintergrund, etc.) zu Gesundheitsleistungen erm\u00f6glichen und deren Gesundheitskompetenz verbessern. Dazu werden sogenannte \u201eHealth Guides\u201c und \u201eHealth Interpreter\u201c ausgebildet, welche benachteiligte Gruppen in der Inanspruchnahme von Gesundheitsleistungen unterst\u00fctzen.<\/p><p>Um zielgerichtete Ma\u00dfnahmen anbieten zu k\u00f6nnen und die Menschen bestm\u00f6glich zu erreichen, werden m\u00f6gliche Schwierigkeiten und Hindernisse beim Zugang zum Gesundheitssystem von unterschiedlichen benachteiligten Gruppen und beim gegenseitigen bilateralen Zugang (\u00d6sterreich-Slowenien) zum Gesundheitssystem analysiert. Weiters werden die Chancen von Digitalisierung zur Unterst\u00fctzung der Gesundheit von benachteiligten Zielgruppen erhoben und deren Einsatz im Rahmen einer Pilotstudie getestet. \u00a0Die Umsetzung der Ma\u00dfnahmen zur Gesundheitsf\u00f6rderung und St\u00e4rkung der Gesundheitskompetenz wird begleitend evaluiert.<\/p><p>\u00a0<\/p>\t\t\t\t\t\t\t\t<\/div>\n\t\t\t\t<\/div>\n\t\t\t\t<div class=\"elementor-element elementor-element-d216f6c elementor-widget elementor-widget-text-editor\" data-id=\"d216f6c\" data-element_type=\"widget\" data-e-type=\"widget\" data-widget_type=\"text-editor.default\">\n\t\t\t\t<div class=\"elementor-widget-container\">\n\t\t\t\t\t\t\t\t\t<p><em><span style=\"font-size: 11pt;line-height: 107%;font-family: Arial, sans-serif;background-image: initial;background-position: initial;background-size: initial;background-repeat: initial;background-attachment: initial\">Health for All\u00a0<\/span><\/em><span class=\"elementor-alert-description\"><i><span style=\"font-size: 11pt;line-height: 107%;font-family: Arial, sans-serif;background-image: initial;background-position: initial;background-size: initial;background-repeat: initial;background-attachment: initial\">wird im Rahmen des Kooperationsprogramms Interreg V-A Slowenien-\u00d6sterreich aus dem Europ\u00e4ischen Fonds f\u00fcr regionale Entwicklung\u00a0<\/span><\/i><\/span><em><span style=\"font-size: 11pt;line-height: 107%;font-family: Arial, sans-serif;background-image: initial;background-position: initial;background-size: initial;background-repeat: initial;background-attachment: initial\">sowie dem K\u00e4rntner Wirtschaftsf\u00f6rderungs Fonds (KWF)\u00a0<\/span><\/em><span class=\"elementor-alert-description\"><i><span style=\"font-size: 11pt;line-height: 107%;font-family: Arial, sans-serif;background-image: initial;background-position: initial;background-size: initial;background-repeat: initial;background-attachment: initial\">kofinanziert.<\/span><\/i><\/span><\/p>\t\t\t\t\t\t\t\t<\/div>\n\t\t\t\t<\/div>\n\t\t\t\t\t<\/div>\n\t\t<\/div>\n\t\t\t\t\t<\/div>\n\t\t<\/section>\n\t\t\t\t<section class=\"elementor-section elementor-top-section elementor-element elementor-element-2597dc9 elementor-section-boxed elementor-section-height-default elementor-section-height-default\" data-id=\"2597dc9\" data-element_type=\"section\" data-e-type=\"section\">\n\t\t\t\t\t\t<div class=\"elementor-container elementor-column-gap-default\">\n\t\t\t\t\t<div class=\"elementor-column elementor-col-100 elementor-top-column elementor-element elementor-element-af96a9b\" data-id=\"af96a9b\" data-element_type=\"column\" data-e-type=\"column\">\n\t\t\t<div class=\"elementor-widget-wrap elementor-element-populated\">\n\t\t\t\t\t\t<div class=\"elementor-element elementor-element-5ee66e7 elementor-widget elementor-widget-spacer\" data-id=\"5ee66e7\" data-element_type=\"widget\" data-e-type=\"widget\" data-widget_type=\"spacer.default\">\n\t\t\t\t<div class=\"elementor-widget-container\">\n\t\t\t\t\t\t\t<div class=\"elementor-spacer\">\n\t\t\t<div class=\"elementor-spacer-inner\"><\/div>\n\t\t<\/div>\n\t\t\t\t\t\t<\/div>\n\t\t\t\t<\/div>\n\t\t\t\t\t<\/div>\n\t\t<\/div>\n\t\t\t\t\t<\/div>\n\t\t<\/section>\n\t\t\t\t<section class=\"elementor-section elementor-top-section elementor-element elementor-element-2443f44 elementor-section-boxed elementor-section-height-default elementor-section-height-default\" data-id=\"2443f44\" data-element_type=\"section\" data-e-type=\"section\">\n\t\t\t\t\t\t<div class=\"elementor-container elementor-column-gap-default\">\n\t\t\t\t\t<div class=\"elementor-column elementor-col-25 elementor-top-column elementor-element elementor-element-3a85607\" data-id=\"3a85607\" data-element_type=\"column\" data-e-type=\"column\" data-settings=\"{&quot;background_background&quot;:&quot;classic&quot;}\">\n\t\t\t<div class=\"elementor-widget-wrap elementor-element-populated\">\n\t\t\t\t\t\t<div class=\"elementor-element elementor-element-8740aa0 elementor-widget elementor-widget-image\" data-id=\"8740aa0\" data-element_type=\"widget\" data-e-type=\"widget\" data-widget_type=\"image.default\">\n\t\t\t\t<div class=\"elementor-widget-container\">\n\t\t\t\t\t\t\t\t\t\t\t\t\t\t\t<img decoding=\"async\" width=\"353\" height=\"96\" src=\"data:image\/gif;base64,R0lGODlhAQABAAAAACH5BAEKAAEALAAAAAABAAEAAAICTAEAOw==\" class=\"attachment-large size-large wp-image-6666 lazyload\" alt=\"\" sizes=\"(max-width: 353px) 100vw, 353px\" data-src=\"https:\/\/forschung.fh-kaernten.at\/enable\/files\/2023\/11\/Graz.png\" data-srcset=\"https:\/\/forschung.fh-kaernten.at\/enable\/files\/2023\/11\/Graz.png 353w, https:\/\/forschung.fh-kaernten.at\/enable\/files\/2023\/11\/Graz-300x82.png 300w, https:\/\/forschung.fh-kaernten.at\/enable\/files\/2023\/11\/Graz-230x63.png 230w, https:\/\/forschung.fh-kaernten.at\/enable\/files\/2023\/11\/Graz-350x95.png 350w\">\t\t\t\t\t\t\t\t\t\t\t\t\t\t\t<\/div>\n\t\t\t\t<\/div>\n\t\t\t\t\t<\/div>\n\t\t<\/div>\n\t\t\t\t<div class=\"elementor-column elementor-col-25 elementor-top-column elementor-element elementor-element-2d705a2\" data-id=\"2d705a2\" data-element_type=\"column\" data-e-type=\"column\" data-settings=\"{&quot;background_background&quot;:&quot;classic&quot;}\">\n\t\t\t<div class=\"elementor-widget-wrap elementor-element-populated\">\n\t\t\t\t\t\t<div class=\"elementor-element elementor-element-06b96eb elementor-widget elementor-widget-image\" data-id=\"06b96eb\" data-element_type=\"widget\" data-e-type=\"widget\" data-widget_type=\"image.default\">\n\t\t\t\t<div class=\"elementor-widget-container\">\n\t\t\t\t\t\t\t\t\t\t\t\t\t\t\t<img decoding=\"async\" width=\"420\" height=\"121\" src=\"data:image\/gif;base64,R0lGODlhAQABAAAAACH5BAEKAAEALAAAAAABAAEAAAICTAEAOw==\" class=\"attachment-large size-large wp-image-6662 lazyload\" alt=\"\" sizes=\"(max-width: 420px) 100vw, 420px\" data-src=\"https:\/\/forschung.fh-kaernten.at\/enable\/files\/2023\/11\/Centerzazdravjeinrazvoj.png\" data-srcset=\"https:\/\/forschung.fh-kaernten.at\/enable\/files\/2023\/11\/Centerzazdravjeinrazvoj.png 420w, https:\/\/forschung.fh-kaernten.at\/enable\/files\/2023\/11\/Centerzazdravjeinrazvoj-300x86.png 300w, https:\/\/forschung.fh-kaernten.at\/enable\/files\/2023\/11\/Centerzazdravjeinrazvoj-230x66.png 230w, https:\/\/forschung.fh-kaernten.at\/enable\/files\/2023\/11\/Centerzazdravjeinrazvoj-350x101.png 350w\">\t\t\t\t\t\t\t\t\t\t\t\t\t\t\t<\/div>\n\t\t\t\t<\/div>\n\t\t\t\t\t<\/div>\n\t\t<\/div>\n\t\t\t\t<div class=\"elementor-column elementor-col-25 elementor-top-column elementor-element elementor-element-c2069b0\" data-id=\"c2069b0\" data-element_type=\"column\" data-e-type=\"column\" data-settings=\"{&quot;background_background&quot;:&quot;classic&quot;}\">\n\t\t\t<div class=\"elementor-widget-wrap elementor-element-populated\">\n\t\t\t\t\t\t<div class=\"elementor-element elementor-element-153fe45 elementor-widget elementor-widget-image\" data-id=\"153fe45\" data-element_type=\"widget\" data-e-type=\"widget\" data-widget_type=\"image.default\">\n\t\t\t\t<div class=\"elementor-widget-container\">\n\t\t\t\t\t\t\t\t\t\t\t\t\t\t\t<img loading=\"lazy\" decoding=\"async\" width=\"609\" height=\"159\" src=\"data:image\/gif;base64,R0lGODlhAQABAAAAACH5BAEKAAEALAAAAAABAAEAAAICTAEAOw==\" class=\"attachment-large size-large wp-image-7263 lazyload\" alt=\"\" sizes=\"(max-width: 609px) 100vw, 609px\" data-src=\"https:\/\/forschung.fh-kaernten.at\/enable\/files\/2024\/05\/FHK.png\" data-srcset=\"https:\/\/forschung.fh-kaernten.at\/enable\/files\/2024\/05\/FHK.png 609w, https:\/\/forschung.fh-kaernten.at\/enable\/files\/2024\/05\/FHK-300x78.png 300w\">\t\t\t\t\t\t\t\t\t\t\t\t\t\t\t<\/div>\n\t\t\t\t<\/div>\n\t\t\t\t\t<\/div>\n\t\t<\/div>\n\t\t\t\t<div class=\"elementor-column elementor-col-25 elementor-top-column elementor-element elementor-element-e0c5ff7\" data-id=\"e0c5ff7\" data-element_type=\"column\" data-e-type=\"column\" data-settings=\"{&quot;background_background&quot;:&quot;classic&quot;}\">\n\t\t\t<div class=\"elementor-widget-wrap elementor-element-populated\">\n\t\t\t\t\t\t<div class=\"elementor-element elementor-element-3d1c8bc elementor-widget elementor-widget-image\" data-id=\"3d1c8bc\" data-element_type=\"widget\" data-e-type=\"widget\" data-widget_type=\"image.default\">\n\t\t\t\t<div class=\"elementor-widget-container\">\n\t\t\t\t\t\t\t\t\t\t\t\t\t\t\t<img loading=\"lazy\" decoding=\"async\" width=\"112\" height=\"68\" src=\"data:image\/gif;base64,R0lGODlhAQABAAAAACH5BAEKAAEALAAAAAABAAEAAAICTAEAOw==\" class=\"attachment-large size-large wp-image-6658 lazyload\" alt=\"\" data-src=\"https:\/\/forschung.fh-kaernten.at\/enable\/files\/2023\/11\/MurskaSobota.png\">\t\t\t\t\t\t\t\t\t\t\t\t\t\t\t<\/div>\n\t\t\t\t<\/div>\n\t\t\t\t\t<\/div>\n\t\t<\/div>\n\t\t\t\t\t<\/div>\n\t\t<\/section>\n\t\t\t\t<section class=\"elementor-section elementor-top-section elementor-element elementor-element-70723ae elementor-section-boxed elementor-section-height-default elementor-section-height-default\" data-id=\"70723ae\" data-element_type=\"section\" data-e-type=\"section\">\n\t\t\t\t\t\t<div class=\"elementor-container elementor-column-gap-default\">\n\t\t\t\t\t<div class=\"elementor-column elementor-col-100 elementor-top-column elementor-element elementor-element-eaf74ec\" data-id=\"eaf74ec\" data-element_type=\"column\" data-e-type=\"column\">\n\t\t\t<div class=\"elementor-widget-wrap elementor-element-populated\">\n\t\t\t\t\t\t<div class=\"elementor-element elementor-element-c68c2a5 elementor-widget elementor-widget-spacer\" data-id=\"c68c2a5\" data-element_type=\"widget\" data-e-type=\"widget\" data-widget_type=\"spacer.default\">\n\t\t\t\t<div class=\"elementor-widget-container\">\n\t\t\t\t\t\t\t<div class=\"elementor-spacer\">\n\t\t\t<div class=\"elementor-spacer-inner\"><\/div>\n\t\t<\/div>\n\t\t\t\t\t\t<\/div>\n\t\t\t\t<\/div>\n\t\t\t\t\t<\/div>\n\t\t<\/div>\n\t\t\t\t\t<\/div>\n\t\t<\/section>\n\t\t\t\t<section class=\"elementor-section elementor-top-section elementor-element elementor-element-9d7e7bf elementor-section-boxed elementor-section-height-default elementor-section-height-default\" data-id=\"9d7e7bf\" data-element_type=\"section\" data-e-type=\"section\">\n\t\t\t\t\t\t<div class=\"elementor-container elementor-column-gap-default\">\n\t\t\t\t\t<div class=\"elementor-column elementor-col-25 elementor-top-column elementor-element elementor-element-6aa9d9c\" data-id=\"6aa9d9c\" data-element_type=\"column\" data-e-type=\"column\" data-settings=\"{&quot;background_background&quot;:&quot;classic&quot;}\">\n\t\t\t<div class=\"elementor-widget-wrap\">\n\t\t\t\t\t\t\t<\/div>\n\t\t<\/div>\n\t\t\t\t<div class=\"elementor-column elementor-col-25 elementor-top-column elementor-element elementor-element-210f8ea\" data-id=\"210f8ea\" data-element_type=\"column\" data-e-type=\"column\" data-settings=\"{&quot;background_background&quot;:&quot;classic&quot;}\">\n\t\t\t<div class=\"elementor-widget-wrap\">\n\t\t\t\t\t\t\t<\/div>\n\t\t<\/div>\n\t\t\t\t<div class=\"elementor-column elementor-col-25 elementor-top-column elementor-element elementor-element-b63d5e2\" data-id=\"b63d5e2\" data-element_type=\"column\" data-e-type=\"column\" data-settings=\"{&quot;background_background&quot;:&quot;classic&quot;}\">\n\t\t\t<div class=\"elementor-widget-wrap\">\n\t\t\t\t\t\t\t<\/div>\n\t\t<\/div>\n\t\t\t\t<div class=\"elementor-column elementor-col-25 elementor-top-column elementor-element elementor-element-3bc8ea1\" data-id=\"3bc8ea1\" data-element_type=\"column\" data-e-type=\"column\" data-settings=\"{&quot;background_background&quot;:&quot;classic&quot;}\">\n\t\t\t<div class=\"elementor-widget-wrap\">\n\t\t\t\t\t\t\t<\/div>\n\t\t<\/div>\n\t\t\t\t\t<\/div>\n\t\t<\/section>\n\t\t\t\t<\/div>\n\t\t","protected":false},"excerpt":{"rendered":"<p>Health for All St\u00e4rkung der grenz\u00fcberschreitenden Zusammenarbeit und Entwicklung neuer L\u00f6sungen, um allen Menschen einen umfassenden Zugang zu Gesundheitskompetenz und Gesundheitsleistungen zu erm\u00f6glichen. Ziel des Projekts ist es station\u00e4re und mobile Gesundheitskompetenzzentren (und Gesundheitsmobile) in \u00d6sterreich und Slowenien zu entwickeln und pilothaft zu erproben.\u00a0 Projektdauer: 09\/2023-08\/2026 F\u00f6rderschiene:\u00a0 Interreg V-A Slowenien \u00d6sterreich &amp; K\u00e4rntner Wirtschaftsf\u00f6rderungs Fonds&hellip;&nbsp;<a href=\"https:\/\/forschung.fh-kaernten.at\/enable\/health-for-all\/\" rel=\"bookmark\">Weiterlesen &raquo;<span class=\"screen-reader-text\">Health for All<\/span><\/a><\/p>\n","protected":false},"author":236,"featured_media":0,"parent":0,"menu_order":0,"comment_status":"closed","ping_status":"closed","template":"page-templates\/template-pagebuilder-full-width.php","meta":{"_crdt_document":"","inline_featured_image":false,"neve_meta_sidebar":"","neve_meta_container":"","neve_meta_enable_content_width":"","neve_meta_content_width":0,"neve_meta_title_alignment":"","neve_meta_author_avatar":"","neve_post_elements_order":"","neve_meta_disable_header":"","neve_meta_disable_footer":"","neve_meta_disable_title":"","ngg_post_thumbnail":0,"footnotes":""},"class_list":["post-7319","page","type-page","status-publish","hentry"],"_links":{"self":[{"href":"https:\/\/forschung.fh-kaernten.at\/enable\/wp-json\/wp\/v2\/pages\/7319","targetHints":{"allow":["GET"]}}],"collection":[{"href":"https:\/\/forschung.fh-kaernten.at\/enable\/wp-json\/wp\/v2\/pages"}],"about":[{"href":"https:\/\/forschung.fh-kaernten.at\/enable\/wp-json\/wp\/v2\/types\/page"}],"author":[{"embeddable":true,"href":"https:\/\/forschung.fh-kaernten.at\/enable\/wp-json\/wp\/v2\/users\/236"}],"replies":[{"embeddable":true,"href":"https:\/\/forschung.fh-kaernten.at\/enable\/wp-json\/wp\/v2\/comments?post=7319"}],"version-history":[{"count":0,"href":"https:\/\/forschung.fh-kaernten.at\/enable\/wp-json\/wp\/v2\/pages\/7319\/revisions"}],"wp:attachment":[{"href":"https:\/\/forschung.fh-kaernten.at\/enable\/wp-json\/wp\/v2\/media?parent=7319"}],"curies":[{"name":"wp","href":"https:\/\/api.w.org\/{rel}","templated":true}]}}