{"id":7354,"date":"2024-05-08T13:48:02","date_gmt":"2024-05-08T11:48:02","guid":{"rendered":"https:\/\/forschung.fh-kaernten.at\/enable\/?page_id=7354"},"modified":"2024-05-08T13:56:43","modified_gmt":"2024-05-08T11:56:43","slug":"il3ad","status":"publish","type":"page","link":"https:\/\/forschung.fh-kaernten.at\/enable\/il3ad\/","title":{"rendered":"iL3AD"},"content":{"rendered":"\t\t<div data-elementor-type=\"wp-page\" data-elementor-id=\"7354\" class=\"elementor elementor-7354\" data-elementor-post-type=\"page\">\n\t\t\t\t\t\t<section class=\"elementor-section elementor-top-section elementor-element elementor-element-fc718ee elementor-section-boxed elementor-section-height-default elementor-section-height-default\" data-id=\"fc718ee\" data-element_type=\"section\" data-e-type=\"section\">\n\t\t\t\t\t\t<div class=\"elementor-container elementor-column-gap-default\">\n\t\t\t\t\t<div class=\"elementor-column elementor-col-100 elementor-top-column elementor-element elementor-element-6574cb1\" data-id=\"6574cb1\" data-element_type=\"column\" data-e-type=\"column\" data-settings=\"{&quot;background_background&quot;:&quot;classic&quot;}\">\n\t\t\t<div class=\"elementor-widget-wrap elementor-element-populated\">\n\t\t\t\t\t\t<div class=\"elementor-element elementor-element-745a7c6 elementor-widget elementor-widget-image\" data-id=\"745a7c6\" data-element_type=\"widget\" data-e-type=\"widget\" data-widget_type=\"image.default\">\n\t\t\t\t<div class=\"elementor-widget-container\">\n\t\t\t\t\t\t\t\t\t\t\t\t\t\t\t<img fetchpriority=\"high\" decoding=\"async\" width=\"1024\" height=\"173\" src=\"data:image\/gif;base64,R0lGODlhAQABAAAAACH5BAEKAAEALAAAAAABAAEAAAICTAEAOw==\" class=\"attachment-large size-large wp-image-7152 lazyload\" alt=\"\" sizes=\"(max-width: 1024px) 100vw, 1024px\" data-src=\"https:\/\/forschung.fh-kaernten.at\/enable\/files\/2024\/04\/ilead-linkedin-banner-1024x173.png\" data-srcset=\"https:\/\/forschung.fh-kaernten.at\/enable\/files\/2024\/04\/ilead-linkedin-banner-1024x173.png 1024w, https:\/\/forschung.fh-kaernten.at\/enable\/files\/2024\/04\/ilead-linkedin-banner-300x51.png 300w, https:\/\/forschung.fh-kaernten.at\/enable\/files\/2024\/04\/ilead-linkedin-banner-768x130.png 768w, https:\/\/forschung.fh-kaernten.at\/enable\/files\/2024\/04\/ilead-linkedin-banner.png 1128w\">\t\t\t\t\t\t\t\t\t\t\t\t\t\t\t<\/div>\n\t\t\t\t<\/div>\n\t\t\t\t\t<\/div>\n\t\t<\/div>\n\t\t\t\t\t<\/div>\n\t\t<\/section>\n\t\t\t\t<section class=\"elementor-section elementor-top-section elementor-element elementor-element-91dbc05 elementor-section-boxed elementor-section-height-default elementor-section-height-default\" data-id=\"91dbc05\" data-element_type=\"section\" data-e-type=\"section\" data-settings=\"{&quot;background_background&quot;:&quot;classic&quot;}\">\n\t\t\t\t\t\t<div class=\"elementor-container elementor-column-gap-default\">\n\t\t\t\t\t<div class=\"elementor-column elementor-col-100 elementor-top-column elementor-element elementor-element-4ef377e\" data-id=\"4ef377e\" data-element_type=\"column\" data-e-type=\"column\">\n\t\t\t<div class=\"elementor-widget-wrap elementor-element-populated\">\n\t\t\t\t\t\t<div class=\"elementor-element elementor-element-c18e95f elementor-widget elementor-widget-spacer\" data-id=\"c18e95f\" data-element_type=\"widget\" data-e-type=\"widget\" data-widget_type=\"spacer.default\">\n\t\t\t\t<div class=\"elementor-widget-container\">\n\t\t\t\t\t\t\t<div class=\"elementor-spacer\">\n\t\t\t<div class=\"elementor-spacer-inner\"><\/div>\n\t\t<\/div>\n\t\t\t\t\t\t<\/div>\n\t\t\t\t<\/div>\n\t\t\t\t<div class=\"elementor-element elementor-element-129378e elementor-widget-divider--view-line elementor-widget elementor-widget-divider\" data-id=\"129378e\" data-element_type=\"widget\" data-e-type=\"widget\" data-widget_type=\"divider.default\">\n\t\t\t\t<div class=\"elementor-widget-container\">\n\t\t\t\t\t\t\t<div class=\"elementor-divider\">\n\t\t\t<span class=\"elementor-divider-separator\">\n\t\t\t\t\t\t<\/span>\n\t\t<\/div>\n\t\t\t\t\t\t<\/div>\n\t\t\t\t<\/div>\n\t\t\t\t<div class=\"elementor-element elementor-element-fad651f elementor-widget elementor-widget-heading\" data-id=\"fad651f\" data-element_type=\"widget\" data-e-type=\"widget\" data-widget_type=\"heading.default\">\n\t\t\t\t<div class=\"elementor-widget-container\">\n\t\t\t\t\t<h1 class=\"elementor-heading-title elementor-size-default\">iL3aD<\/h1>\t\t\t\t<\/div>\n\t\t\t\t<\/div>\n\t\t\t\t<div class=\"elementor-element elementor-element-4025ecd elementor-widget-divider--view-line elementor-widget elementor-widget-divider\" data-id=\"4025ecd\" data-element_type=\"widget\" data-e-type=\"widget\" data-widget_type=\"divider.default\">\n\t\t\t\t<div class=\"elementor-widget-container\">\n\t\t\t\t\t\t\t<div class=\"elementor-divider\">\n\t\t\t<span class=\"elementor-divider-separator\">\n\t\t\t\t\t\t<\/span>\n\t\t<\/div>\n\t\t\t\t\t\t<\/div>\n\t\t\t\t<\/div>\n\t\t\t\t<div class=\"elementor-element elementor-element-5248277 elementor-widget elementor-widget-heading\" data-id=\"5248277\" data-element_type=\"widget\" data-e-type=\"widget\" data-widget_type=\"heading.default\">\n\t\t\t\t<div class=\"elementor-widget-container\">\n\t\t\t\t\t<h3 class=\"elementor-heading-title elementor-size-default\">iLead - Neuartige 3D-Druck Technologie f\u00fcr medizinische Assistenzprodukte<\/h3>\t\t\t\t<\/div>\n\t\t\t\t<\/div>\n\t\t\t\t<div class=\"elementor-element elementor-element-5282edd elementor-widget elementor-widget-spacer\" data-id=\"5282edd\" data-element_type=\"widget\" data-e-type=\"widget\" data-widget_type=\"spacer.default\">\n\t\t\t\t<div class=\"elementor-widget-container\">\n\t\t\t\t\t\t\t<div class=\"elementor-spacer\">\n\t\t\t<div class=\"elementor-spacer-inner\"><\/div>\n\t\t<\/div>\n\t\t\t\t\t\t<\/div>\n\t\t\t\t<\/div>\n\t\t\t\t\t<\/div>\n\t\t<\/div>\n\t\t\t\t\t<\/div>\n\t\t<\/section>\n\t\t\t\t<section class=\"elementor-section elementor-top-section elementor-element elementor-element-4809bc8 elementor-section-boxed elementor-section-height-default elementor-section-height-default\" data-id=\"4809bc8\" data-element_type=\"section\" data-e-type=\"section\">\n\t\t\t\t\t\t<div class=\"elementor-container elementor-column-gap-default\">\n\t\t\t\t\t<div class=\"elementor-column elementor-col-33 elementor-top-column elementor-element elementor-element-df436b3\" data-id=\"df436b3\" data-element_type=\"column\" data-e-type=\"column\" data-settings=\"{&quot;background_background&quot;:&quot;classic&quot;}\">\n\t\t\t<div class=\"elementor-widget-wrap elementor-element-populated\">\n\t\t\t\t\t\t<div class=\"elementor-element elementor-element-4aae599 elementor-widget elementor-widget-text-editor\" data-id=\"4aae599\" data-element_type=\"widget\" data-e-type=\"widget\" data-widget_type=\"text-editor.default\">\n\t\t\t\t<div class=\"elementor-widget-container\">\n\t\t\t\t\t\t\t\t\t<p>Ziel des Projekts ist es eine neuartige 3D Druck Technologie zu entwicklen um medizinische Assistenzprodukte individuell angepasst, materialsparend, gewichtssparend und gleichzeitig mit hoher Festigkeit, kosteneffizient herzustellen.<\/p>\t\t\t\t\t\t\t\t<\/div>\n\t\t\t\t<\/div>\n\t\t\t\t<div class=\"elementor-element elementor-element-00024ee elementor-widget elementor-widget-text-editor\" data-id=\"00024ee\" data-element_type=\"widget\" data-e-type=\"widget\" data-widget_type=\"text-editor.default\">\n\t\t\t\t<div class=\"elementor-widget-container\">\n\t\t\t\t\t\t\t\t\t<p><strong>Projektdauer:<\/strong> 04\/2021-03\/2026<\/p><p><strong>F\u00f6rderschiene:<\/strong> FFG F\u00f6rderprogramm COIN, Programmlinie &#8222;Aufbau&#8220; kofanziert vom Bundesministerium f\u00fcr Digitalisierung und Wirtschaftsstandort (BMDW)<\/p><p><strong>F\u00f6rderumfang:<\/strong> 921.728 \u20ac<\/p><p><strong>Projektpartner*innen:<\/strong> Fachhochschule K\u00e4rnten &#8211; gemeinn\u00fctzige Gesellschaft mbH<\/p><p><strong>Assoziierte Projektpartner*innen:<\/strong> maierhofer GmbH, HAGE3D GmbH<\/p><p>\u00a0<\/p>\t\t\t\t\t\t\t\t<\/div>\n\t\t\t\t<\/div>\n\t\t\t\t\t<\/div>\n\t\t<\/div>\n\t\t\t\t<div class=\"elementor-column elementor-col-66 elementor-top-column elementor-element elementor-element-260879c\" data-id=\"260879c\" data-element_type=\"column\" data-e-type=\"column\">\n\t\t\t<div class=\"elementor-widget-wrap elementor-element-populated\">\n\t\t\t\t\t\t<div class=\"elementor-element elementor-element-cae9acc elementor-widget elementor-widget-text-editor\" data-id=\"cae9acc\" data-element_type=\"widget\" data-e-type=\"widget\" data-widget_type=\"text-editor.default\">\n\t\t\t\t<div class=\"elementor-widget-container\">\n\t\t\t\t\t\t\t\t\t<p>In iLead wird eine neuartige 3D Druck Technologie entwickelt um medizinische Assistenzprodukte individuell angepasst, materialsparend, gewichtssparend und gleichzeitig mit hoher Festigkeit, kosteneffizient herzustellen. Die Entwicklung erfolgt unter Einbeziehung der zuk\u00fcnftigen Nutzer*innen und Expert*innen im Bereich der Therapie. Die Zielsetzung in iLEAD ist es eine internationale Leadership und Pioneering Position im Bereich 3D-Druck Technologie mit speziellem Fokus auf medizinische Assistenzprodukte zu erreichen.\u00a0<\/p><p>Weitere Informationen finden Sie auf der iLEAD webpage:\u00a0<a href=\"https:\/\/forschung.fh-kaernten.at\/ilead\">https:\/\/forschung.fh-kaernten.at\/ilead<\/a><\/p><p>\u00a0<\/p><p>\u00a0<\/p><p>\u00a0<\/p><p>\u00a0<\/p><p>\u00a0<\/p>\t\t\t\t\t\t\t\t<\/div>\n\t\t\t\t<\/div>\n\t\t\t\t<div class=\"elementor-element elementor-element-d216f6c elementor-widget elementor-widget-text-editor\" data-id=\"d216f6c\" data-element_type=\"widget\" data-e-type=\"widget\" data-widget_type=\"text-editor.default\">\n\t\t\t\t<div class=\"elementor-widget-container\">\n\t\t\t\t\t\t\t\t\t<p style=\"background: white;margin: 0cm 0cm 22.5pt 0cm\"><i><span style=\"font-family: 'Arial',sans-serif;color: #272626;background: white\">Die vorliegenden Forschungsaktivit\u00e4ten und die daraus folgenden Ergebnisse wurden im Rahmen des F\u00f6rderprogramms COIN, Programmlinie \u201eAufbau\u201c, 8. Ausschreibung der \u00d6sterreichischen Forschungsf\u00f6rderungs GmbH (FFG) vom Bundesministerium f\u00fcr Digitalisierung und Wirtschaftsstandort (BMDW) kofinanziert \u2013 Projektnummer 884136 (iLEAD).<\/span><\/i><\/p>\t\t\t\t\t\t\t\t<\/div>\n\t\t\t\t<\/div>\n\t\t\t\t\t<\/div>\n\t\t<\/div>\n\t\t\t\t\t<\/div>\n\t\t<\/section>\n\t\t\t\t<section class=\"elementor-section elementor-top-section elementor-element elementor-element-2597dc9 elementor-section-boxed elementor-section-height-default elementor-section-height-default\" data-id=\"2597dc9\" data-element_type=\"section\" data-e-type=\"section\">\n\t\t\t\t\t\t<div class=\"elementor-container elementor-column-gap-default\">\n\t\t\t\t\t<div class=\"elementor-column elementor-col-100 elementor-top-column elementor-element elementor-element-af96a9b\" data-id=\"af96a9b\" data-element_type=\"column\" data-e-type=\"column\">\n\t\t\t<div class=\"elementor-widget-wrap elementor-element-populated\">\n\t\t\t\t\t\t<div class=\"elementor-element elementor-element-5ee66e7 elementor-widget elementor-widget-spacer\" data-id=\"5ee66e7\" data-element_type=\"widget\" data-e-type=\"widget\" data-widget_type=\"spacer.default\">\n\t\t\t\t<div class=\"elementor-widget-container\">\n\t\t\t\t\t\t\t<div class=\"elementor-spacer\">\n\t\t\t<div class=\"elementor-spacer-inner\"><\/div>\n\t\t<\/div>\n\t\t\t\t\t\t<\/div>\n\t\t\t\t<\/div>\n\t\t\t\t\t<\/div>\n\t\t<\/div>\n\t\t\t\t\t<\/div>\n\t\t<\/section>\n\t\t\t\t<section class=\"elementor-section elementor-top-section elementor-element elementor-element-2443f44 elementor-section-boxed elementor-section-height-default elementor-section-height-default\" data-id=\"2443f44\" data-element_type=\"section\" data-e-type=\"section\">\n\t\t\t\t\t\t<div class=\"elementor-container elementor-column-gap-default\">\n\t\t\t\t\t<div class=\"elementor-column elementor-col-25 elementor-top-column elementor-element elementor-element-3a85607\" data-id=\"3a85607\" data-element_type=\"column\" data-e-type=\"column\" data-settings=\"{&quot;background_background&quot;:&quot;classic&quot;}\">\n\t\t\t<div class=\"elementor-widget-wrap elementor-element-populated\">\n\t\t\t\t\t\t<div class=\"elementor-element elementor-element-8740aa0 elementor-widget elementor-widget-image\" data-id=\"8740aa0\" data-element_type=\"widget\" data-e-type=\"widget\" data-widget_type=\"image.default\">\n\t\t\t\t<div class=\"elementor-widget-container\">\n\t\t\t\t\t\t\t\t\t\t\t\t\t\t\t<img decoding=\"async\" width=\"1024\" height=\"366\" src=\"data:image\/gif;base64,R0lGODlhAQABAAAAACH5BAEKAAEALAAAAAABAAEAAAICTAEAOw==\" class=\"attachment-large size-large wp-image-7157 lazyload\" alt=\"\" sizes=\"(max-width: 1024px) 100vw, 1024px\" data-src=\"https:\/\/forschung.fh-kaernten.at\/enable\/files\/2024\/04\/BMDW_Logo_RGB_schwarz-1024x366.png\" data-srcset=\"https:\/\/forschung.fh-kaernten.at\/enable\/files\/2024\/04\/BMDW_Logo_RGB_schwarz-1024x366.png 1024w, https:\/\/forschung.fh-kaernten.at\/enable\/files\/2024\/04\/BMDW_Logo_RGB_schwarz-300x107.png 300w, https:\/\/forschung.fh-kaernten.at\/enable\/files\/2024\/04\/BMDW_Logo_RGB_schwarz-768x275.png 768w, https:\/\/forschung.fh-kaernten.at\/enable\/files\/2024\/04\/BMDW_Logo_RGB_schwarz.png 1034w\">\t\t\t\t\t\t\t\t\t\t\t\t\t\t\t<\/div>\n\t\t\t\t<\/div>\n\t\t\t\t\t<\/div>\n\t\t<\/div>\n\t\t\t\t<div class=\"elementor-column elementor-col-25 elementor-top-column elementor-element elementor-element-2d705a2\" data-id=\"2d705a2\" data-element_type=\"column\" data-e-type=\"column\" data-settings=\"{&quot;background_background&quot;:&quot;classic&quot;}\">\n\t\t\t<div class=\"elementor-widget-wrap\">\n\t\t\t\t\t\t\t<\/div>\n\t\t<\/div>\n\t\t\t\t<div class=\"elementor-column elementor-col-25 elementor-top-column elementor-element elementor-element-c2069b0\" data-id=\"c2069b0\" data-element_type=\"column\" data-e-type=\"column\" data-settings=\"{&quot;background_background&quot;:&quot;classic&quot;}\">\n\t\t\t<div class=\"elementor-widget-wrap\">\n\t\t\t\t\t\t\t<\/div>\n\t\t<\/div>\n\t\t\t\t<div class=\"elementor-column elementor-col-25 elementor-top-column elementor-element elementor-element-e0c5ff7\" data-id=\"e0c5ff7\" data-element_type=\"column\" data-e-type=\"column\" data-settings=\"{&quot;background_background&quot;:&quot;classic&quot;}\">\n\t\t\t<div class=\"elementor-widget-wrap elementor-element-populated\">\n\t\t\t\t\t\t<div class=\"elementor-element elementor-element-3d1c8bc elementor-widget elementor-widget-image\" data-id=\"3d1c8bc\" data-element_type=\"widget\" data-e-type=\"widget\" data-widget_type=\"image.default\">\n\t\t\t\t<div class=\"elementor-widget-container\">\n\t\t\t\t\t\t\t\t\t\t\t\t\t\t\t<img decoding=\"async\" width=\"1000\" height=\"569\" src=\"data:image\/gif;base64,R0lGODlhAQABAAAAACH5BAEKAAEALAAAAAABAAEAAAICTAEAOw==\" class=\"attachment-large size-large wp-image-7155 lazyload\" alt=\"\" sizes=\"(max-width: 1000px) 100vw, 1000px\" data-src=\"https:\/\/forschung.fh-kaernten.at\/enable\/files\/2024\/04\/FFG_Logo_DE_RGB_1000px.png\" data-srcset=\"https:\/\/forschung.fh-kaernten.at\/enable\/files\/2024\/04\/FFG_Logo_DE_RGB_1000px.png 1000w, https:\/\/forschung.fh-kaernten.at\/enable\/files\/2024\/04\/FFG_Logo_DE_RGB_1000px-300x171.png 300w, https:\/\/forschung.fh-kaernten.at\/enable\/files\/2024\/04\/FFG_Logo_DE_RGB_1000px-768x437.png 768w\">\t\t\t\t\t\t\t\t\t\t\t\t\t\t\t<\/div>\n\t\t\t\t<\/div>\n\t\t\t\t\t<\/div>\n\t\t<\/div>\n\t\t\t\t\t<\/div>\n\t\t<\/section>\n\t\t\t\t<\/div>\n\t\t","protected":false},"excerpt":{"rendered":"<p>iL3aD iLead &#8211; Neuartige 3D-Druck Technologie f\u00fcr medizinische Assistenzprodukte Ziel des Projekts ist es eine neuartige 3D Druck Technologie zu entwicklen um medizinische Assistenzprodukte individuell angepasst, materialsparend, gewichtssparend und gleichzeitig mit hoher Festigkeit, kosteneffizient herzustellen. Projektdauer: 04\/2021-03\/2026 F\u00f6rderschiene: FFG F\u00f6rderprogramm COIN, Programmlinie &#8222;Aufbau&#8220; kofanziert vom Bundesministerium f\u00fcr Digitalisierung und Wirtschaftsstandort (BMDW) F\u00f6rderumfang: 921.728 \u20ac Projektpartner*innen:&hellip;&nbsp;<a href=\"https:\/\/forschung.fh-kaernten.at\/enable\/il3ad\/\" rel=\"bookmark\">Weiterlesen &raquo;<span class=\"screen-reader-text\">iL3AD<\/span><\/a><\/p>\n","protected":false},"author":236,"featured_media":0,"parent":0,"menu_order":0,"comment_status":"closed","ping_status":"closed","template":"page-templates\/template-pagebuilder-full-width.php","meta":{"_crdt_document":"","inline_featured_image":false,"neve_meta_sidebar":"","neve_meta_container":"","neve_meta_enable_content_width":"","neve_meta_content_width":0,"neve_meta_title_alignment":"","neve_meta_author_avatar":"","neve_post_elements_order":"","neve_meta_disable_header":"","neve_meta_disable_footer":"","neve_meta_disable_title":"","ngg_post_thumbnail":0,"footnotes":""},"class_list":["post-7354","page","type-page","status-publish","hentry"],"_links":{"self":[{"href":"https:\/\/forschung.fh-kaernten.at\/enable\/wp-json\/wp\/v2\/pages\/7354","targetHints":{"allow":["GET"]}}],"collection":[{"href":"https:\/\/forschung.fh-kaernten.at\/enable\/wp-json\/wp\/v2\/pages"}],"about":[{"href":"https:\/\/forschung.fh-kaernten.at\/enable\/wp-json\/wp\/v2\/types\/page"}],"author":[{"embeddable":true,"href":"https:\/\/forschung.fh-kaernten.at\/enable\/wp-json\/wp\/v2\/users\/236"}],"replies":[{"embeddable":true,"href":"https:\/\/forschung.fh-kaernten.at\/enable\/wp-json\/wp\/v2\/comments?post=7354"}],"version-history":[{"count":0,"href":"https:\/\/forschung.fh-kaernten.at\/enable\/wp-json\/wp\/v2\/pages\/7354\/revisions"}],"wp:attachment":[{"href":"https:\/\/forschung.fh-kaernten.at\/enable\/wp-json\/wp\/v2\/media?parent=7354"}],"curies":[{"name":"wp","href":"https:\/\/api.w.org\/{rel}","templated":true}]}}