{"id":7371,"date":"2024-05-08T14:16:01","date_gmt":"2024-05-08T12:16:01","guid":{"rendered":"https:\/\/forschung.fh-kaernten.at\/enable\/?page_id=7371"},"modified":"2024-07-31T08:23:31","modified_gmt":"2024-07-31T06:23:31","slug":"besenshome","status":"publish","type":"page","link":"https:\/\/forschung.fh-kaernten.at\/enable\/besenshome\/","title":{"rendered":"BeSENSHome"},"content":{"rendered":"\t\t<div data-elementor-type=\"wp-page\" data-elementor-id=\"7371\" class=\"elementor elementor-7371\" data-elementor-post-type=\"page\">\n\t\t\t\t\t\t<section class=\"elementor-section elementor-top-section elementor-element elementor-element-f27adb3 elementor-section-boxed elementor-section-height-default elementor-section-height-default\" data-id=\"f27adb3\" data-element_type=\"section\" data-e-type=\"section\">\n\t\t\t\t\t\t<div class=\"elementor-container elementor-column-gap-default\">\n\t\t\t\t\t<div class=\"elementor-column elementor-col-33 elementor-top-column elementor-element elementor-element-6a48966\" data-id=\"6a48966\" data-element_type=\"column\" data-e-type=\"column\" data-settings=\"{&quot;background_background&quot;:&quot;classic&quot;}\">\n\t\t\t<div class=\"elementor-widget-wrap elementor-element-populated\">\n\t\t\t\t\t\t<div class=\"elementor-element elementor-element-e89d1ae elementor-widget__width-initial elementor-widget elementor-widget-image\" data-id=\"e89d1ae\" data-element_type=\"widget\" data-e-type=\"widget\" data-widget_type=\"image.default\">\n\t\t\t\t<div class=\"elementor-widget-container\">\n\t\t\t\t\t\t\t\t\t\t\t\t\t\t\t\t<a href=\"https:\/\/besenshome.units.it\/\" target=\"_blank\" title=\"Link to the external project website\">\n\t\t\t\t\t\t\t<img fetchpriority=\"high\" decoding=\"async\" width=\"1024\" height=\"369\" src=\"data:image\/gif;base64,R0lGODlhAQABAAAAACH5BAEKAAEALAAAAAABAAEAAAICTAEAOw==\" class=\"attachment-large size-large wp-image-7374 lazyload\" alt=\"\" data-src=\"https:\/\/forschung.fh-kaernten.at\/enable\/files\/2024\/05\/logo-IR-BeSH-prova-1_HR.jpg\">\t\t\t\t\t\t\t\t<\/a>\n\t\t\t\t\t\t\t\t\t\t\t\t\t\t\t<\/div>\n\t\t\t\t<\/div>\n\t\t\t\t\t<\/div>\n\t\t<\/div>\n\t\t\t\t<div class=\"elementor-column elementor-col-66 elementor-top-column elementor-element elementor-element-0d1ffc0\" data-id=\"0d1ffc0\" data-element_type=\"column\" data-e-type=\"column\" data-settings=\"{&quot;background_background&quot;:&quot;classic&quot;}\">\n\t\t\t<div class=\"elementor-widget-wrap elementor-element-populated\">\n\t\t\t\t\t\t<div class=\"elementor-element elementor-element-bf5b96b elementor-widget__width-initial elementor-widget elementor-widget-image\" data-id=\"bf5b96b\" data-element_type=\"widget\" data-e-type=\"widget\" data-widget_type=\"image.default\">\n\t\t\t\t<div class=\"elementor-widget-container\">\n\t\t\t\t\t\t\t\t\t\t\t\t\t\t\t<img decoding=\"async\" src=\"data:image\/gif;base64,R0lGODlhAQABAAAAACH5BAEKAAEALAAAAAABAAEAAAICTAEAOw==\" title=\"poster besenshome_A1\" alt=\"poster besenshome_A1\" loading=\"lazy\" class=\"lazyload\" data-src=\"https:\/\/forschung.fh-kaernten.at\/enable\/files\/2024\/05\/poster-besenshome_A1-scaled.jpg\">\t\t\t\t\t\t\t\t\t\t\t\t\t\t\t<\/div>\n\t\t\t\t<\/div>\n\t\t\t\t\t<\/div>\n\t\t<\/div>\n\t\t\t\t\t<\/div>\n\t\t<\/section>\n\t\t\t\t<section class=\"elementor-section elementor-top-section elementor-element elementor-element-91dbc05 elementor-section-boxed elementor-section-height-default elementor-section-height-default\" data-id=\"91dbc05\" data-element_type=\"section\" data-e-type=\"section\" data-settings=\"{&quot;background_background&quot;:&quot;classic&quot;}\">\n\t\t\t\t\t\t<div class=\"elementor-container elementor-column-gap-default\">\n\t\t\t\t\t<div class=\"elementor-column elementor-col-100 elementor-top-column elementor-element elementor-element-4ef377e\" data-id=\"4ef377e\" data-element_type=\"column\" data-e-type=\"column\">\n\t\t\t<div class=\"elementor-widget-wrap elementor-element-populated\">\n\t\t\t\t\t\t<div class=\"elementor-element elementor-element-c18e95f elementor-widget elementor-widget-spacer\" data-id=\"c18e95f\" data-element_type=\"widget\" data-e-type=\"widget\" data-widget_type=\"spacer.default\">\n\t\t\t\t<div class=\"elementor-widget-container\">\n\t\t\t\t\t\t\t<div class=\"elementor-spacer\">\n\t\t\t<div class=\"elementor-spacer-inner\"><\/div>\n\t\t<\/div>\n\t\t\t\t\t\t<\/div>\n\t\t\t\t<\/div>\n\t\t\t\t<div class=\"elementor-element elementor-element-129378e elementor-widget-divider--view-line elementor-widget elementor-widget-divider\" data-id=\"129378e\" data-element_type=\"widget\" data-e-type=\"widget\" data-widget_type=\"divider.default\">\n\t\t\t\t<div class=\"elementor-widget-container\">\n\t\t\t\t\t\t\t<div class=\"elementor-divider\">\n\t\t\t<span class=\"elementor-divider-separator\">\n\t\t\t\t\t\t<\/span>\n\t\t<\/div>\n\t\t\t\t\t\t<\/div>\n\t\t\t\t<\/div>\n\t\t\t\t<div class=\"elementor-element elementor-element-fad651f elementor-widget elementor-widget-heading\" data-id=\"fad651f\" data-element_type=\"widget\" data-e-type=\"widget\" data-widget_type=\"heading.default\">\n\t\t\t\t<div class=\"elementor-widget-container\">\n\t\t\t\t\t<h1 class=\"elementor-heading-title elementor-size-default\">BeSENSHome<\/h1>\t\t\t\t<\/div>\n\t\t\t\t<\/div>\n\t\t\t\t<div class=\"elementor-element elementor-element-4025ecd elementor-widget-divider--view-line elementor-widget elementor-widget-divider\" data-id=\"4025ecd\" data-element_type=\"widget\" data-e-type=\"widget\" data-widget_type=\"divider.default\">\n\t\t\t\t<div class=\"elementor-widget-container\">\n\t\t\t\t\t\t\t<div class=\"elementor-divider\">\n\t\t\t<span class=\"elementor-divider-separator\">\n\t\t\t\t\t\t<\/span>\n\t\t<\/div>\n\t\t\t\t\t\t<\/div>\n\t\t\t\t<\/div>\n\t\t\t\t<div class=\"elementor-element elementor-element-5248277 elementor-widget elementor-widget-heading\" data-id=\"5248277\" data-element_type=\"widget\" data-e-type=\"widget\" data-widget_type=\"heading.default\">\n\t\t\t\t<div class=\"elementor-widget-container\">\n\t\t\t\t\t<h3 class=\"elementor-heading-title elementor-size-default\">Inklusive R\u00e4ume f\u00fcr Menschen mit Neurodiversit\u00e4t<\/h3>\t\t\t\t<\/div>\n\t\t\t\t<\/div>\n\t\t\t\t<div class=\"elementor-element elementor-element-5282edd elementor-widget elementor-widget-spacer\" data-id=\"5282edd\" data-element_type=\"widget\" data-e-type=\"widget\" data-widget_type=\"spacer.default\">\n\t\t\t\t<div class=\"elementor-widget-container\">\n\t\t\t\t\t\t\t<div class=\"elementor-spacer\">\n\t\t\t<div class=\"elementor-spacer-inner\"><\/div>\n\t\t<\/div>\n\t\t\t\t\t\t<\/div>\n\t\t\t\t<\/div>\n\t\t\t\t\t<\/div>\n\t\t<\/div>\n\t\t\t\t\t<\/div>\n\t\t<\/section>\n\t\t\t\t<section class=\"elementor-section elementor-top-section elementor-element elementor-element-4809bc8 elementor-section-boxed elementor-section-height-default elementor-section-height-default\" data-id=\"4809bc8\" data-element_type=\"section\" data-e-type=\"section\">\n\t\t\t\t\t\t<div class=\"elementor-container elementor-column-gap-default\">\n\t\t\t\t\t<div class=\"elementor-column elementor-col-33 elementor-top-column elementor-element elementor-element-df436b3\" data-id=\"df436b3\" data-element_type=\"column\" data-e-type=\"column\" data-settings=\"{&quot;background_background&quot;:&quot;classic&quot;}\">\n\t\t\t<div class=\"elementor-widget-wrap elementor-element-populated\">\n\t\t\t\t\t\t<div class=\"elementor-element elementor-element-4aae599 elementor-widget elementor-widget-text-editor\" data-id=\"4aae599\" data-element_type=\"widget\" data-e-type=\"widget\" data-widget_type=\"text-editor.default\">\n\t\t\t\t<div class=\"elementor-widget-container\">\n\t\t\t\t\t\t\t\t\t<p>Ziel des Projektes ist es eine intelligente Umgebung f\u00fcr neurodivergente Menschen zu schaffen.<\/p>\t\t\t\t\t\t\t\t<\/div>\n\t\t\t\t<\/div>\n\t\t\t\t<div class=\"elementor-element elementor-element-00024ee elementor-widget elementor-widget-text-editor\" data-id=\"00024ee\" data-element_type=\"widget\" data-e-type=\"widget\" data-widget_type=\"text-editor.default\">\n\t\t\t\t<div class=\"elementor-widget-container\">\n\t\t\t\t\t\t\t\t\t<p><strong>Projektdauer:<\/strong> 10\/2023-01\/2026<\/p>\n<p><strong>F\u00f6rderschiene:<\/strong> Interreg VI-A Italien-\u00d6sterreich&nbsp;<\/p>\n<p><strong>F\u00f6rderumfang:<\/strong> 971.002,42 \u20ac<\/p>\n<p><strong>Projektpartner*innen:<\/strong>&nbsp;Freie Universit\u00e4t Bozen,&nbsp; Universit\u00e0 degli Studi di Trieste, Fachhochschule K\u00e4rnten &#8211; gemeinn\u00fctzige Gesellschaft mbH, Eureka System s.r.l,&nbsp; MCI Management Center Innsbruck GmbH, Fondazione Progettoautismo FVG onlus<\/p>\n<p><strong>Assoziierte Projektpartner*innen:<\/strong> P.SYS caring systems GmbH<\/p>\n<p><\/p>\t\t\t\t\t\t\t\t<\/div>\n\t\t\t\t<\/div>\n\t\t\t\t\t<\/div>\n\t\t<\/div>\n\t\t\t\t<div class=\"elementor-column elementor-col-66 elementor-top-column elementor-element elementor-element-260879c\" data-id=\"260879c\" data-element_type=\"column\" data-e-type=\"column\">\n\t\t\t<div class=\"elementor-widget-wrap elementor-element-populated\">\n\t\t\t\t\t\t<div class=\"elementor-element elementor-element-cae9acc elementor-widget elementor-widget-text-editor\" data-id=\"cae9acc\" data-element_type=\"widget\" data-e-type=\"widget\" data-widget_type=\"text-editor.default\">\n\t\t\t\t<div class=\"elementor-widget-container\">\n\t\t\t\t\t\t\t\t\t<p style=\"text-align: justify;background: white;margin: 0cm 0cm 22.5pt 0cm\"><span style=\"font-family: 'Arial',sans-serif;color: #272626\">Das Projekt BeSENSHome (10\/2023-01\/2026) besch\u00e4ftigt sich mit der Entwicklung und Umsetzung einer intelligenten Umgebung f\u00fcr Menschen mit Neurodiversit\u00e4t (z.B. Autismus, ADHS).<br \/>Diese Umgebung soll mittels Umweltsensorik das Wohlbefinden, die Sicherheit und die Selbstst\u00e4ndigkeit erh\u00f6hen. Das System soll unter anderem im privaten und betreuten Wohnbereich als auch dem Arbeitsplatz einsetzbar sein.<\/span><\/p><p style=\"text-align: justify;background: white;margin: 0cm 0cm 22.5pt 0cm\"><span style=\"font-family: 'Arial',sans-serif;color: #272626\">Um diese Ziele zu erreichen, werden im Projekt die sp\u00e4teren Anwender*innen und andere Beteiligte in die Entwicklung miteinbezogen. Dadurch wird die Benutzerfreundlichkeit und N\u00fctzlichkeit des Systems gew\u00e4hrleistet. Weiters wird so eine genaue Anpassung an die Nutzer*innen und eine unauff\u00e4llige Integration in bestehende Wohn- oder Arbeitsumgebungen erm\u00f6glicht.<\/span><\/p><p style=\"text-align: justify;background: white;margin: 0cm 0cm 22.5pt 0cm\"><span style=\"font-family: 'Arial',sans-serif;color: #272626\">Durch die Entwicklung einer k\u00fcnstlichen Intelligenz (KI), die mit dem Sensornetz gekoppelt ist, wird das BeSENSHome System in der Lage sein, die Routinen und Anforderungen der Nutzer*innen zu erlernen. So k\u00f6nnen ung\u00fcnstige Umweltbedingungen erkannt und<br \/>die Bedingungen so angepasst werden, dass potentiell unangenehme oder gef\u00e4hrliche Situationen verhindert werden.<\/span><\/p><p style=\"text-align: justify;background: white;margin: 0cm 0cm 22.5pt 0cm\"><span style=\"font-family: 'Arial',sans-serif;color: #272626\">\u00a0<\/span><\/p><p style=\"text-align: justify;background: white;margin: 0cm 0cm 22.5pt 0cm\"><span style=\"font-family: 'Arial',sans-serif;color: #272626\">\u00a0<\/span><\/p>\t\t\t\t\t\t\t\t<\/div>\n\t\t\t\t<\/div>\n\t\t\t\t<div class=\"elementor-element elementor-element-d216f6c elementor-widget elementor-widget-text-editor\" data-id=\"d216f6c\" data-element_type=\"widget\" data-e-type=\"widget\" data-widget_type=\"text-editor.default\">\n\t\t\t\t<div class=\"elementor-widget-container\">\n\t\t\t\t\t\t\t\t\t<p><em>Das Projekt BeSENSHome wird im Rahmen des Kooperationsprogramms Interreg VI-A Italien-\u00d6sterreich 2021-2027 aus dem Europ\u00e4ischen Fond f\u00fcr regionale Entwicklung kofinanziert.<\/em><\/p>\t\t\t\t\t\t\t\t<\/div>\n\t\t\t\t<\/div>\n\t\t\t\t\t<\/div>\n\t\t<\/div>\n\t\t\t\t\t<\/div>\n\t\t<\/section>\n\t\t\t\t<section class=\"elementor-section elementor-top-section elementor-element elementor-element-2597dc9 elementor-section-boxed elementor-section-height-default elementor-section-height-default\" data-id=\"2597dc9\" data-element_type=\"section\" data-e-type=\"section\">\n\t\t\t\t\t\t<div class=\"elementor-container elementor-column-gap-default\">\n\t\t\t\t\t<div class=\"elementor-column elementor-col-100 elementor-top-column elementor-element elementor-element-af96a9b\" data-id=\"af96a9b\" data-element_type=\"column\" data-e-type=\"column\">\n\t\t\t<div class=\"elementor-widget-wrap elementor-element-populated\">\n\t\t\t\t\t\t<div class=\"elementor-element elementor-element-5ee66e7 elementor-widget elementor-widget-spacer\" data-id=\"5ee66e7\" data-element_type=\"widget\" data-e-type=\"widget\" data-widget_type=\"spacer.default\">\n\t\t\t\t<div class=\"elementor-widget-container\">\n\t\t\t\t\t\t\t<div class=\"elementor-spacer\">\n\t\t\t<div class=\"elementor-spacer-inner\"><\/div>\n\t\t<\/div>\n\t\t\t\t\t\t<\/div>\n\t\t\t\t<\/div>\n\t\t\t\t\t<\/div>\n\t\t<\/div>\n\t\t\t\t\t<\/div>\n\t\t<\/section>\n\t\t\t\t<section class=\"elementor-section elementor-top-section elementor-element elementor-element-2443f44 elementor-section-boxed elementor-section-height-default elementor-section-height-default\" data-id=\"2443f44\" data-element_type=\"section\" data-e-type=\"section\">\n\t\t\t\t\t\t<div class=\"elementor-container elementor-column-gap-default\">\n\t\t\t\t\t<div class=\"elementor-column elementor-col-25 elementor-top-column elementor-element elementor-element-3a85607\" data-id=\"3a85607\" data-element_type=\"column\" data-e-type=\"column\" data-settings=\"{&quot;background_background&quot;:&quot;classic&quot;}\">\n\t\t\t<div class=\"elementor-widget-wrap elementor-element-populated\">\n\t\t\t\t\t\t<div class=\"elementor-element elementor-element-8740aa0 elementor-widget elementor-widget-image\" data-id=\"8740aa0\" data-element_type=\"widget\" data-e-type=\"widget\" data-widget_type=\"image.default\">\n\t\t\t\t<div class=\"elementor-widget-container\">\n\t\t\t\t\t\t\t\t\t\t\t\t\t\t\t<img decoding=\"async\" width=\"1000\" height=\"198\" src=\"data:image\/gif;base64,R0lGODlhAQABAAAAACH5BAEKAAEALAAAAAABAAEAAAICTAEAOw==\" class=\"attachment-large size-large wp-image-7378 lazyload\" alt=\"\" sizes=\"(max-width: 1000px) 100vw, 1000px\" data-src=\"https:\/\/forschung.fh-kaernten.at\/enable\/files\/2024\/05\/logo-unibz.jpg\" data-srcset=\"https:\/\/forschung.fh-kaernten.at\/enable\/files\/2024\/05\/logo-unibz.jpg 1000w, https:\/\/forschung.fh-kaernten.at\/enable\/files\/2024\/05\/logo-unibz-300x59.jpg 300w, https:\/\/forschung.fh-kaernten.at\/enable\/files\/2024\/05\/logo-unibz-768x152.jpg 768w\">\t\t\t\t\t\t\t\t\t\t\t\t\t\t\t<\/div>\n\t\t\t\t<\/div>\n\t\t\t\t\t<\/div>\n\t\t<\/div>\n\t\t\t\t<div class=\"elementor-column elementor-col-25 elementor-top-column elementor-element elementor-element-2d705a2\" data-id=\"2d705a2\" data-element_type=\"column\" data-e-type=\"column\" data-settings=\"{&quot;background_background&quot;:&quot;classic&quot;}\">\n\t\t\t<div class=\"elementor-widget-wrap elementor-element-populated\">\n\t\t\t\t\t\t<div class=\"elementor-element elementor-element-06b96eb elementor-widget elementor-widget-image\" data-id=\"06b96eb\" data-element_type=\"widget\" data-e-type=\"widget\" data-widget_type=\"image.default\">\n\t\t\t\t<div class=\"elementor-widget-container\">\n\t\t\t\t\t\t\t\t\t\t\t\t\t\t\t<img decoding=\"async\" width=\"300\" height=\"101\" src=\"data:image\/gif;base64,R0lGODlhAQABAAAAACH5BAEKAAEALAAAAAABAAEAAAICTAEAOw==\" class=\"attachment-medium size-medium wp-image-7380 lazyload\" alt=\"\" sizes=\"(max-width: 300px) 100vw, 300px\" data-src=\"https:\/\/forschung.fh-kaernten.at\/enable\/files\/2024\/05\/LOGO-units-300x101.jpg\" data-srcset=\"https:\/\/forschung.fh-kaernten.at\/enable\/files\/2024\/05\/LOGO-units-300x101.jpg 300w, https:\/\/forschung.fh-kaernten.at\/enable\/files\/2024\/05\/LOGO-units-1024x345.jpg 1024w, https:\/\/forschung.fh-kaernten.at\/enable\/files\/2024\/05\/LOGO-units-768x259.jpg 768w, https:\/\/forschung.fh-kaernten.at\/enable\/files\/2024\/05\/LOGO-units.jpg 1200w\">\t\t\t\t\t\t\t\t\t\t\t\t\t\t\t<\/div>\n\t\t\t\t<\/div>\n\t\t\t\t\t<\/div>\n\t\t<\/div>\n\t\t\t\t<div class=\"elementor-column elementor-col-25 elementor-top-column elementor-element elementor-element-c2069b0\" data-id=\"c2069b0\" data-element_type=\"column\" data-e-type=\"column\" data-settings=\"{&quot;background_background&quot;:&quot;classic&quot;}\">\n\t\t\t<div class=\"elementor-widget-wrap elementor-element-populated\">\n\t\t\t\t\t\t<div class=\"elementor-element elementor-element-153fe45 elementor-widget elementor-widget-image\" data-id=\"153fe45\" data-element_type=\"widget\" data-e-type=\"widget\" data-widget_type=\"image.default\">\n\t\t\t\t<div class=\"elementor-widget-container\">\n\t\t\t\t\t\t\t\t\t\t\t\t\t\t\t<img loading=\"lazy\" decoding=\"async\" width=\"300\" height=\"78\" src=\"data:image\/gif;base64,R0lGODlhAQABAAAAACH5BAEKAAEALAAAAAABAAEAAAICTAEAOw==\" class=\"attachment-medium size-medium wp-image-7263 lazyload\" alt=\"\" sizes=\"(max-width: 300px) 100vw, 300px\" data-src=\"https:\/\/forschung.fh-kaernten.at\/enable\/files\/2024\/05\/FHK-300x78.png\" data-srcset=\"https:\/\/forschung.fh-kaernten.at\/enable\/files\/2024\/05\/FHK-300x78.png 300w, https:\/\/forschung.fh-kaernten.at\/enable\/files\/2024\/05\/FHK.png 609w\">\t\t\t\t\t\t\t\t\t\t\t\t\t\t\t<\/div>\n\t\t\t\t<\/div>\n\t\t\t\t\t<\/div>\n\t\t<\/div>\n\t\t\t\t<div class=\"elementor-column elementor-col-25 elementor-top-column elementor-element elementor-element-e0c5ff7\" data-id=\"e0c5ff7\" data-element_type=\"column\" data-e-type=\"column\" data-settings=\"{&quot;background_background&quot;:&quot;classic&quot;}\">\n\t\t\t<div class=\"elementor-widget-wrap elementor-element-populated\">\n\t\t\t\t\t\t<div class=\"elementor-element elementor-element-3d1c8bc elementor-widget elementor-widget-image\" data-id=\"3d1c8bc\" data-element_type=\"widget\" data-e-type=\"widget\" data-widget_type=\"image.default\">\n\t\t\t\t<div class=\"elementor-widget-container\">\n\t\t\t\t\t\t\t\t\t\t\t\t\t\t\t<img loading=\"lazy\" decoding=\"async\" width=\"1024\" height=\"1024\" src=\"data:image\/gif;base64,R0lGODlhAQABAAAAACH5BAEKAAEALAAAAAABAAEAAAICTAEAOw==\" class=\"attachment-large size-large wp-image-7382 lazyload\" alt=\"\" data-src=\"https:\/\/forschung.fh-kaernten.at\/enable\/files\/2024\/05\/Eureka_System_logo_payoff_eng.svg\">\t\t\t\t\t\t\t\t\t\t\t\t\t\t\t<\/div>\n\t\t\t\t<\/div>\n\t\t\t\t\t<\/div>\n\t\t<\/div>\n\t\t\t\t\t<\/div>\n\t\t<\/section>\n\t\t\t\t<section class=\"elementor-section elementor-top-section elementor-element elementor-element-4ec5bbd elementor-section-boxed elementor-section-height-default elementor-section-height-default\" data-id=\"4ec5bbd\" data-element_type=\"section\" data-e-type=\"section\">\n\t\t\t\t\t\t<div class=\"elementor-container elementor-column-gap-default\">\n\t\t\t\t\t<div class=\"elementor-column elementor-col-25 elementor-top-column elementor-element elementor-element-70990da\" data-id=\"70990da\" data-element_type=\"column\" data-e-type=\"column\" data-settings=\"{&quot;background_background&quot;:&quot;classic&quot;}\">\n\t\t\t<div class=\"elementor-widget-wrap elementor-element-populated\">\n\t\t\t\t\t\t<div class=\"elementor-element elementor-element-d9efc55 elementor-widget elementor-widget-image\" data-id=\"d9efc55\" data-element_type=\"widget\" data-e-type=\"widget\" data-widget_type=\"image.default\">\n\t\t\t\t<div class=\"elementor-widget-container\">\n\t\t\t\t\t\t\t\t\t\t\t\t\t\t\t<img loading=\"lazy\" decoding=\"async\" width=\"241\" height=\"128\" src=\"data:image\/gif;base64,R0lGODlhAQABAAAAACH5BAEKAAEALAAAAAABAAEAAAICTAEAOw==\" class=\"attachment-large size-large wp-image-7384 lazyload\" alt=\"\" data-src=\"https:\/\/forschung.fh-kaernten.at\/enable\/files\/2024\/05\/MCI-positive-Web.png\">\t\t\t\t\t\t\t\t\t\t\t\t\t\t\t<\/div>\n\t\t\t\t<\/div>\n\t\t\t\t\t<\/div>\n\t\t<\/div>\n\t\t\t\t<div class=\"elementor-column elementor-col-25 elementor-top-column elementor-element elementor-element-59d5227\" data-id=\"59d5227\" data-element_type=\"column\" data-e-type=\"column\" data-settings=\"{&quot;background_background&quot;:&quot;classic&quot;}\">\n\t\t\t<div class=\"elementor-widget-wrap elementor-element-populated\">\n\t\t\t\t\t\t<div class=\"elementor-element elementor-element-cc4de30 elementor-widget elementor-widget-image\" data-id=\"cc4de30\" data-element_type=\"widget\" data-e-type=\"widget\" data-widget_type=\"image.default\">\n\t\t\t\t<div class=\"elementor-widget-container\">\n\t\t\t\t\t\t\t\t\t\t\t\t\t\t\t<img loading=\"lazy\" decoding=\"async\" width=\"662\" height=\"492\" src=\"data:image\/gif;base64,R0lGODlhAQABAAAAACH5BAEKAAEALAAAAAABAAEAAAICTAEAOw==\" class=\"attachment-full size-full wp-image-7390 lazyload\" alt=\"\" sizes=\"(max-width: 662px) 100vw, 662px\" data-src=\"https:\/\/forschung.fh-kaernten.at\/enable\/files\/2024\/05\/Screenshot-2024-05-08-144659.png\" data-srcset=\"https:\/\/forschung.fh-kaernten.at\/enable\/files\/2024\/05\/Screenshot-2024-05-08-144659.png 662w, https:\/\/forschung.fh-kaernten.at\/enable\/files\/2024\/05\/Screenshot-2024-05-08-144659-300x223.png 300w\">\t\t\t\t\t\t\t\t\t\t\t\t\t\t\t<\/div>\n\t\t\t\t<\/div>\n\t\t\t\t\t<\/div>\n\t\t<\/div>\n\t\t\t\t<div class=\"elementor-column elementor-col-25 elementor-top-column elementor-element elementor-element-b3c3ac4\" data-id=\"b3c3ac4\" data-element_type=\"column\" data-e-type=\"column\" data-settings=\"{&quot;background_background&quot;:&quot;classic&quot;}\">\n\t\t\t<div class=\"elementor-widget-wrap\">\n\t\t\t\t\t\t\t<\/div>\n\t\t<\/div>\n\t\t\t\t<div class=\"elementor-column elementor-col-25 elementor-top-column elementor-element elementor-element-3e87c3c\" data-id=\"3e87c3c\" data-element_type=\"column\" data-e-type=\"column\" data-settings=\"{&quot;background_background&quot;:&quot;classic&quot;}\">\n\t\t\t<div class=\"elementor-widget-wrap\">\n\t\t\t\t\t\t\t<\/div>\n\t\t<\/div>\n\t\t\t\t\t<\/div>\n\t\t<\/section>\n\t\t\t\t<\/div>\n\t\t","protected":false},"excerpt":{"rendered":"<p>BeSENSHome Inklusive R\u00e4ume f\u00fcr Menschen mit Neurodiversit\u00e4t Ziel des Projektes ist es eine intelligente Umgebung f\u00fcr neurodivergente Menschen zu schaffen. Projektdauer: 10\/2023-01\/2026 F\u00f6rderschiene: Interreg VI-A Italien-\u00d6sterreich&nbsp; F\u00f6rderumfang: 971.002,42 \u20ac Projektpartner*innen:&nbsp;Freie Universit\u00e4t Bozen,&nbsp; Universit\u00e0 degli Studi di Trieste, Fachhochschule K\u00e4rnten &#8211; gemeinn\u00fctzige Gesellschaft mbH, Eureka System s.r.l,&nbsp; MCI Management Center Innsbruck GmbH, Fondazione Progettoautismo FVG onlus&hellip;&nbsp;<a href=\"https:\/\/forschung.fh-kaernten.at\/enable\/besenshome\/\" rel=\"bookmark\">Weiterlesen &raquo;<span class=\"screen-reader-text\">BeSENSHome<\/span><\/a><\/p>\n","protected":false},"author":236,"featured_media":0,"parent":0,"menu_order":0,"comment_status":"closed","ping_status":"closed","template":"page-templates\/template-pagebuilder-full-width.php","meta":{"_crdt_document":"","inline_featured_image":false,"neve_meta_sidebar":"","neve_meta_container":"","neve_meta_enable_content_width":"","neve_meta_content_width":0,"neve_meta_title_alignment":"","neve_meta_author_avatar":"","neve_post_elements_order":"","neve_meta_disable_header":"","neve_meta_disable_footer":"","neve_meta_disable_title":"","ngg_post_thumbnail":0,"footnotes":""},"class_list":["post-7371","page","type-page","status-publish","hentry"],"_links":{"self":[{"href":"https:\/\/forschung.fh-kaernten.at\/enable\/wp-json\/wp\/v2\/pages\/7371","targetHints":{"allow":["GET"]}}],"collection":[{"href":"https:\/\/forschung.fh-kaernten.at\/enable\/wp-json\/wp\/v2\/pages"}],"about":[{"href":"https:\/\/forschung.fh-kaernten.at\/enable\/wp-json\/wp\/v2\/types\/page"}],"author":[{"embeddable":true,"href":"https:\/\/forschung.fh-kaernten.at\/enable\/wp-json\/wp\/v2\/users\/236"}],"replies":[{"embeddable":true,"href":"https:\/\/forschung.fh-kaernten.at\/enable\/wp-json\/wp\/v2\/comments?post=7371"}],"version-history":[{"count":0,"href":"https:\/\/forschung.fh-kaernten.at\/enable\/wp-json\/wp\/v2\/pages\/7371\/revisions"}],"wp:attachment":[{"href":"https:\/\/forschung.fh-kaernten.at\/enable\/wp-json\/wp\/v2\/media?parent=7371"}],"curies":[{"name":"wp","href":"https:\/\/api.w.org\/{rel}","templated":true}]}}