{"id":1834,"date":"2021-11-24T10:59:42","date_gmt":"2021-11-24T09:59:42","guid":{"rendered":"https:\/\/forschung.fh-kaernten.at\/ffh2022\/?page_id=1834"},"modified":"2022-01-13T11:28:23","modified_gmt":"2022-01-13T10:28:23","slug":"track3-topics","status":"publish","type":"page","link":"https:\/\/forschung.fh-kaernten.at\/ffh2022\/track3-topics\/","title":{"rendered":"Track 3 &#8211; Call for Papers"},"content":{"rendered":"<h1>Track 3 &#8211; Call for Papers<\/h1>\n<p>\t\t\t<a href=\"https:\/\/forschung.fh-kaernten.at\/ffh2022\/autorinnen-info\/\" role=\"button\"><br \/>\n\t\t\t\t\t\tZur\u00fcck zur Track \u00dcbersicht<br \/>\n\t\t\t\t\t<\/a><br \/>\n\t\t\t<a href=\"https:\/\/forschung.fh-kaernten.at\/ffh2022\/call-for-papers-overview\/\" role=\"button\"><br \/>\n\t\t\t\t\t\tZu allen Themen (Tracks &amp; Panels)<br \/>\n\t\t\t\t\t<\/a><\/p>\n<h2>Track 3: Together towards Sustainability &amp; Resilience\u200b<\/h2>\n<h3>Gemeinsam in Richtung einer nachhaltigen &amp; widerstandsf\u00e4higen Zukunft<\/h3>\n<p>Durch den European Green Deal und den Nachhaltigen Entwicklungszielen (SDGs) der Vereinten Nationen ist das Schlagwort Sustainability auch aus der Forschung nicht mehr wegzudenken. Gemeinsam mit Schaffung und St\u00e4rkung von Resilienz kann dem klimatisch bedingten Wandel von Umwelt, Leben, Wirtschaft, Gesellschaft und Gesundheit entgegengewirkt werden. <strong>Die Forschung von morgen steht unter dem Lichte der Nachhaltigkeit und Widerstandsf\u00e4higkeit f\u00fcr den Planeten, die Gesellschaft und die \u00d6konomie. Unter dem Motto \u201eTogether towards Sustainability &amp; Resilience\u201c werden unterschiedliche Perspektiven der Nachhaltigkeit und Widerstandsf\u00e4higkeit beleuchtet und er\u00f6rtert.<\/strong><\/p>\n<p>Zu den Panelthemen geh\u00f6ren u.a.<\/p>\n<ul>\n<li>Nachhaltiges Bauen<\/li>\n<li>Nachhaltiger Konsum, Kreislaufwirtschaft, frugale Innovation<\/li>\n<li>Nachhaltiger Tourismus<\/li>\n<li>Soziale und Unternehmens-Resilienz, neue Arbeitswelten, nachhaltige Gesundheitsf\u00f6rderung<\/li>\n<li>Nachhaltige Technologien, Energie und Mobilit\u00e4t, Green Chemistry<\/li>\n<li>Partizipative Forschung<\/li>\n<\/ul>\n<p>Es ist angedacht, die Projekte und Arbeiten von etablierten Forscher*innen sowie\u00a0 Nachwuchsforscher*innen auf die B\u00fchne zu bringen, sowie Projekte mit Citizen Science Aspekten.<\/p>\n<h2>\u00dcberblick der Panels und Sub-Themen<\/h2>\n<h2 id=\"elementor-tab-title-2971\" data-tab=\"1\" role=\"tab\">\n\t\t\t\t\t\t\t\t\t\t\t\t<a href=\"\">Panel 1: Klima- und ressourcenschonende Ans\u00e4tze im Ingenieurbau der Zukunft<\/a><br \/>\n\t\t\t\t\t<\/h2>\n<ul>\n<li>\u00d6kobaustoffe der Zukunft<\/li>\n<li>Ressourcenschonende und energieeffiziente Bauweisen<\/li>\n<li>Materialeinsparung durch Tragwerksoptimierung<\/li>\n<li>Recyclingkonzepte im Massivbau<\/li>\n<li>\u00d6kobilanz und Lebenszyklusanalyse f\u00fcr Bauwerke<\/li>\n<li>Nachhaltiges Bauen im Bestand<\/li>\n<li>Innovative Konzepte f\u00fcr resiliente Instandsetzung \/ Ert\u00fcchtigung<\/li>\n<li>Citizen Science \u2013 Die Stadt der Zukunft im Klimawandel<\/li>\n<\/ul>\n<h2 id=\"elementor-tab-title-2972\" data-tab=\"2\" role=\"tab\">\n\t\t\t\t\t\t\t\t\t\t\t\t<a href=\"\">Panel 2: Bewusst, ethisch, umweltfreundlich? Nachhaltiger Konsum zur St\u00e4rkung der Resilienz von St\u00e4dten, Gemeinden und Regionen<\/a><br \/>\n\t\t\t\t\t<\/h2>\n<ul>\n<li>Beschreibung und Erforschung von nachhaltigen Konsum- und Prosumptionspraktiken sowie Suffizienzstrategien in unterschiedlichen Konsumkontexten<\/li>\n<li>Erforschung von Motiven f\u00fcr nachhaltigen Konsum in unterschiedlichsten Konsumkontexten wie etwa Ern\u00e4hrung, Mobilit\u00e4t, und Energie<\/li>\n<li>Verst\u00e4ndnis der vorherrschenden Hindernisse f\u00fcr nachhaltigen Konsum sowie der Faktoren, die m\u00f6glicherweise die \u00dcbernahme nachhaltiger Konsummuster behindern<\/li>\n<li>Theorien, die nachhaltiges Konsumverhalten erkl\u00e4ren oder modellieren<\/li>\n<li>Entwicklung und Untersuchung von Ma\u00dfnahmen um nachhaltigen Konsum zu f\u00f6rdern und VerbraucherInnen f\u00fcr die Umweltauswirkungen ihrer Konsumpraktiken zu sensibilisieren<\/li>\n<\/ul>\n<h2 id=\"elementor-tab-title-2973\" data-tab=\"3\" role=\"tab\">\n\t\t\t\t\t\t\t\t\t\t\t\t<a href=\"\">Panel 3: Future Trends in Green Additive Manufacturing<\/a><br \/>\n\t\t\t\t\t<\/h2>\n<p>AM Technology and Process:<\/p>\n<ul>\n<li>Printhead and machinery<\/li>\n<li>Path planning<\/li>\n<li>Measurement and monitoring<\/li>\n<li>Process optimization<\/li>\n<\/ul>\n<p>AM Materials and Design:<\/p>\n<ul>\n<li>Novel and green materials<\/li>\n<li>Design strategies for green components<\/li>\n<li>Design optimization<\/li>\n<li>Recycling strategies<\/li>\n<\/ul>\n<p>AM Technology Impact:<\/p>\n<ul>\n<li>Economical studies<\/li>\n<li>Life-cycle analysis<\/li>\n<li>Start-up or network development in AM area<\/li>\n<li>Opportunities and pitfalls for AM mass production<\/li>\n<\/ul>\n<h2 id=\"elementor-tab-title-2974\" data-tab=\"4\" role=\"tab\">\n\t\t\t\t\t\t\t\t\t\t\t\t<a href=\"\">Panel 4: Energy, Environment &amp; Mobility<\/a><br \/>\n\t\t\t\t\t<\/h2>\n<ul>\n<li>Energiesysteme,<\/li>\n<li>Energieversorgung,<\/li>\n<li>Mobilit\u00e4tsl\u00f6sungen,<\/li>\n<li>Nachhaltige Ressourcen,<\/li>\n<li>Luftreinhaltung,<\/li>\n<li>Wasserreinhaltung,<\/li>\n<\/ul>\n<h2 id=\"elementor-tab-title-2975\" data-tab=\"5\" role=\"tab\">\n\t\t\t\t\t\t\t\t\t\t\t\t<a href=\"\">Panel 5: Partizipative Forschung an und mit Fachhochschulen \u2013 Wirksamkeit und Herausforderungen<\/a><br \/>\n\t\t\t\t\t<\/h2>\n<ul>\n<li>Erfahrungen mit partizipativen Forschungsdesigns: Kollaboration im Forschungszyklus \u2013 von der Projektkonzeption, \u00fcber die Erhebung, Auswertung, Validierung bis hin zur Dissemination<\/li>\n<li>Prinzipien und Arbeitsweisen im Zusammenwirken mit Praxispartner:innen, Co-Forscher:innen und Akteur:innen der Zivilgesellschaft in verschiedensten Forschungsfeldern, wie etwa partizipative Alternsforschung, partizipative Migrationsforschung oder partizipative Bildungsforschung<\/li>\n<li>Erfolgsfaktoren f\u00fcr die Erreichbarkeit, Aktivierung und Einbindung diverser, auch schwer erreichbarer und vulnerabler Zielgruppen wie Sch\u00fcler:innen, Senior:innen oder Migrant:innen sowie diverse Anwendungsfelder partizipativer Forschung (z.B. partizipative Gesundheitsforschung, Community Studies, partizipative Alternsforschung, partizipative Technologieentwicklung) \u2013 Erfahrungen aus aktuellen Projektbez\u00fcgen<\/li>\n<li>Einsatz partizipativer Methoden und Tools in unterschiedlichen kollaborativen Forschungsrealit\u00e4ten \u2013 M\u00f6glichkeiten und Grenzen<\/li>\n<li>Integration von partizipativen Forschungsmethoden in Studienprogramme und Curricula \u2013 M\u00f6glichkeiten zur und Erfahrungen aus der Einbindung von Studierenden und Nachwuchswissenschafter:innen in partizipative Forschungsprozesse<\/li>\n<li>Nachhaltigkeit und Wirksamkeit: Was kommt nach dem Abschluss des kollaborativen Forschungsprozesses \u2013 was bleibt, was geht weiter, was etabliert sich?<\/li>\n<li>Methoden, Instrumente und partizipative Ans\u00e4tze zur Messung der Wirksamkeit partizipativer Forschung \u2013 partizipative Forschung zwischen G\u00fctekriterien der Wissenschaftlichkeit und Wirkungsentfaltung<\/li>\n<li>Kollaborativ entwickelte Forschungsergebnisse kommunizieren \u2013 in die disziplin\u00e4r aufgef\u00e4cherte wissenschaftliche Community, die Alltagsrealit\u00e4t der Zivilgesellschaft, die Medien oder Politik: kritische Fragen, Fallstricke, wissenschaftstheoretische und praktische Antworten<\/li>\n<\/ul>\n<h2 id=\"elementor-tab-title-2976\" data-tab=\"6\" role=\"tab\">\n\t\t\t\t\t\t\t\t\t\t\t\t<a href=\"\">Panel 6: Gesellschaftliche Gestaltung nachhaltiger Gesundheitsf\u00f6rderung und Pr\u00e4vention in Hinblick auf eine konstruktive und ressourcen-orientierte Wertsch\u00f6pfung<\/a><br \/>\n\t\t\t\t\t<\/h2>\n<ul>\n<li>Umsetzung von SGDs<\/li>\n<li>Natur als Ressource f\u00fcr therapeutische Interventionen<\/li>\n<li>Stressreduzierung<\/li>\n<li>Physische und physische Gesundheitserhaltung von Menschen mit unterschiedlichen Bed\u00fcrfnissen<\/li>\n<li>Gesundheitsf\u00f6rderung und Pr\u00e4vention in allen gesellschaftlichen Ebenen<\/li>\n<li>Gesundheitliche Chancengerechtigkeit<\/li>\n<li>Partizipative Entwicklung der Gesundheitsangeboten aus Perspektive der Gesundheitsberufe, Gesundheitsmanager und diversen Stakeholdern in der Gesellschaft<\/li>\n<\/ul>\n<h2 id=\"elementor-tab-title-2977\" data-tab=\"7\" role=\"tab\">\n\t\t\t\t\t\t\t\t\t\t\t\t<a href=\"\">Panel 7: Kreislaufwirtschaft f\u00fcr alle \u2013 Nachhaltiges Wirtschaften im Spannungsfeld von Digitalisierung und \u00d6kologisierung<\/a><br \/>\n\t\t\t\t\t<\/h2>\n<ul>\n<li>Kreislaufwirtschaft<\/li>\n<li>Konsumverhalten<\/li>\n<li>Digitalisierung<\/li>\n<li>\u00d6kologisierung<\/li>\n<li>Inklusion<\/li>\n<li>Soziale Innovation<\/li>\n<\/ul>\n<h2 id=\"elementor-tab-title-2978\" data-tab=\"8\" role=\"tab\">\n\t\t\t\t\t\t\t\t\t\t\t\t<a href=\"\">Panel 8: Potentials of Robotic Devices and Embodied Agents for Health &amp; Care Services Towards a Resilient Society<\/a><br \/>\n\t\t\t\t\t<\/h2>\n<p>Robotics and embodied agents<\/p>\n<ul>\n<li>in rehabilitation, health &amp; care<\/li>\n<li>in everyday life assistance<\/li>\n<li>at work (industrial assistance)<\/li>\n<li>for communication and communication support<\/li>\n<\/ul>\n<p>Design criteria for robotics and embodied agents regarding<\/p>\n<ul>\n<li>system intelligence and autonomy<\/li>\n<li>interaction concepts<\/li>\n<li>hardware and construction<\/li>\n<li>ethical issues, privacy and security risks<\/li>\n<\/ul>\n<h2 id=\"elementor-tab-title-2979\" data-tab=\"9\" role=\"tab\">\n\t\t\t\t\t\t\t\t\t\t\t\t<a href=\"\">Panel 9: Strategien f\u00fcr eine nachhaltige Tourismusentwicklung<\/a><br \/>\n\t\t\t\t\t<\/h2>\n<ul>\n<li>Lebensqualit\u00e4t, Lebensraummanagement und nachhaltige Regionalentwicklung in Destinationen unter Einbeziehung\/Ber\u00fccksichtigung der Bed\u00fcrfnisse von Einheimischen und Tourist:innen<\/li>\n<li>Entwicklung der Regionalit\u00e4t und regionaler Wirtschaftskreisl\u00e4ufe hinsichtlich Kultur, Landwirtschaft und Ern\u00e4hrung\/Gastronomie (z.B. Slow Food etc.)<\/li>\n<li>Fachkr\u00e4ftesicherung und Ans\u00e4tze f\u00fcr sozial nachhaltiges Personalmanagement in touristischen Betrieben, Kompetenzen und Kompetenzentwicklung von (potenziellen) Mitarbeiter:innen und F\u00fchrungskr\u00e4ften<\/li>\n<li>Innovationen in touristischen KMUs und unternehmerische Strategien auf den Klimawandel, Nachhaltige Gesch\u00e4ftsmodelle und Entrepreneurship<\/li>\n<li>(Digitale) Steuerung und Lenkung von Tourismusstr\u00f6men in Destinationen, nachhaltige Mobilit\u00e4tskonzepte im Tourismus (\u201elast mile\u201c)<\/li>\n<li>SDG\u2019s und deren Umsetzung in Destinationen und touristischen Betrieben, Nachhaltigkeitszertifizierungen im Tourismus (GSTC etc.).<\/li>\n<li>Resilienz im Tourismus (nachhaltige Betriebsf\u00fchrung und Organisation, Kennzahlensysteme etc.)<\/li>\n<\/ul>\n<h2 id=\"elementor-tab-title-29710\" data-tab=\"10\" role=\"tab\">\n\t\t\t\t\t\t\t\t\t\t\t\t<a href=\"\">Panel 10: Sozial gerechter Austausch \u2013 gemeinsam handeln und verantworten<\/a><br \/>\n\t\t\t\t\t<\/h2>\n<ul>\n<li>Sozialarbeitswissenschaft zu methodischen, ethischen und herrschaftskritischen Fragestellungen<\/li>\n<li>Digitale Kommunikation und digitale Partizipation<\/li>\n<li>Beteiligungs- und Unterst\u00fctzungsprozesse von Arbeitnehmer*innen<\/li>\n<li>Demokratische Willensbildung bis hin zu politische Radikalisierung<\/li>\n<li>Wahrung und Reflexion der Rechte von Patient*innen<\/li>\n<\/ul>\n<h2 id=\"elementor-tab-title-29711\" data-tab=\"11\" role=\"tab\">\n\t\t\t\t\t\t\t\t\t\t\t\t<a href=\"\">Panel 11: New Work, Digital Transformation and Responsible Leadership<\/a><br \/>\n\t\t\t\t\t<\/h2>\n<p><strong>Themen im Schwerpunkt \u201eNew Work\u201c <\/strong><\/p>\n<ul>\n<li>Mobile und hybride Arbeitsformen in der aktuellen laufenden Back-to-Office-Phase und ihre Implikationen;<\/li>\n<li>Weiterentwicklung der Nutzung mobil-flexibler Arbeitsweisen (z.B. Homeoffice) nach der Pandemie und ihre Implikationen (z.B. Wiederaufbau des \u201eGef\u00fchls der Verbundenheit\u201c, Organisational Engagement, Commitment, Organisational Identification, etc.);<\/li>\n<li>Forcierung der Digitalisierung des Arbeitsplatzes (inklusive des Blicks auf Gesch\u00e4ftsmodelle, Gesch\u00e4ftsprozesse, Customer Journey, neue Formen der Interaktion mit KundenInnen und Lieferantenorganisationen);<\/li>\n<li>Neue B\u00fcronutzungskonzepte und Arbeitsorganisation (z.B. f\u00fcr hybride Arbeitsformen);<\/li>\n<li>Neue, bzw. ver\u00e4nderte Anforderungen an MitarbeiterInnen und Kompetenzprofile;<\/li>\n<li>Ver\u00e4nderung von F\u00fchrung durch vermehrte Zusammenarbeit auf Distanz.<\/li>\n<\/ul>\n<p><strong>Themen im Schwerpunkt \u201eIndustrie 4.0 und Gesamtgellschaftliche Entwicklungen\u201c:<\/strong><\/p>\n<ul>\n<li>New Consciousness in Business and Society: Attitudes, Values or Organizational Culture to master climate change<\/li>\n<li>Change towards Responsible, Inclusive or Sustainable Leadership<\/li>\n<li>Impact of Mindfulness and Emotional Intelligence in changing Organizations<\/li>\n<li>Resilience as Individual, Organization or Industry<\/li>\n<li>Innovation with Impact for (international) Citizens or Society<\/li>\n<li>Tradeoffs between the three dimensions of sustainability and their impact for leadership<\/li>\n<li>Transformation of entire value chains and generation of business ecosystems<\/li>\n<\/ul>\n<h2 id=\"elementor-tab-title-29712\" data-tab=\"12\" role=\"tab\">\n\t\t\t\t\t\t\t\t\t\t\t\t<a href=\"\">Panel 12: Green Chemistry and Sustainable Methods<\/a><br \/>\n\t\t\t\t\t<\/h2>\n<ul>\n<li>Green and sustainable chemical processes<\/li>\n<li>Application of renewable resources in industry (large scale and special products)<\/li>\n<li>Reduction and utilization of waste<\/li>\n<li>Environmental remediation<\/li>\n<\/ul>\n<h2 id=\"elementor-tab-title-29713\" data-tab=\"13\" role=\"tab\">\n\t\t\t\t\t\t\t\t\t\t\t\t<a href=\"\">Panel 13: Frugale Innovation<\/a><br \/>\n\t\t\t\t\t<\/h2>\n<ul>\n<li>Frugale Innovationen und deren positive Wirkungen<\/li>\n<li>Ressourcendenken als Innovationstreiber (Bricolage etc.)<\/li>\n<li>Nachhaltige Innovationen mit Bezug zur Ressourcenschonung<\/li>\n<li>Frugale Ideen (Produkte, Dienstleistungen, Gesch\u00e4ftsmodelle)<\/li>\n<li>Bewertungsans\u00e4tze f\u00fcr Frugale Innovationen<\/li>\n<li>Chancen und Nutzen Frugaler Innovationen in entwickelten M\u00e4rkten<\/li>\n<\/ul>\n<h2>Ablauf und Deadlines<\/h2>\n<ul>\n<li>Der <strong>Call for Papers<\/strong> wird von den Organisatoren der FFH 2022 auf der <a href=\"https:\/\/forschung.fh-kaernten.at\/ffh2022\"><strong>Konferenz-Website<\/strong><\/a> ver\u00f6ffentlicht.<\/li>\n<li>Im gegenst\u00e4ndlichen Call for Papers sind Forschende und Lehrende eingeladen, <strong>Short Paper zu den jeweiligen Panel-Themen des Track 3 <\/strong>einzureichen<strong>. <\/strong><\/li>\n<li>Die <a href=\"https:\/\/forschung.fh-kaernten.at\/ffh2022\/track3-topics\/\"><strong>Panel Themen<\/strong><\/a> sind der Konferenz Webseite zu entnehmen.<\/li>\n<li>Die Einreichung der Beitr\u00e4ge erfolgt ausschlie\u00dflich \u00fcber das <strong>Konferenzmanagementsystem <\/strong><a href=\"https:\/\/www.conftool.net\/ffh2022\/\"><strong>Conftool<\/strong><\/a>.<\/li>\n<li>F\u00fcr die Einreichung ist die <strong>vorbereitete Formatvorlage<\/strong> zu verwenden.<\/li>\n<li>Die maximale Seitenanzahl pro Einreichung betr\u00e4gt <strong>5 Seiten inkl. Literaturverzeichnis<\/strong>.<\/li>\n<li>Alle Beitr\u00e4ge werden anonym (double-blind peer review) durch <strong>mindestens zwei Gutachter*innen<\/strong> nach den vorgegebenen Kriterien bewertet. Die Begutachtung wird durch den Panel Chair in Kooperation mit den Co-Chairs koordiniert.<\/li>\n<li>Die Autor*innenversionen der akzeptierten Beitr\u00e4ge werden im <strong>Tagungsband der FFH<\/strong> (FFH open access repository &#8211; http:\/\/ffhoarep.fh-ooe.at) ver\u00f6ffentlicht (vorbehaltlich Einhaltung der Formatvorlagen).<\/li>\n<li>Ausgew\u00e4hlte Beitr\u00e4ge (Auswahl nach ranking) werden in einem special issue bei <strong>Springer <\/strong>oder einem<strong> gleichwertigen Publisher ver\u00f6ffentlicht<\/strong>.<\/li>\n<\/ul>\n<p>\t\t\t\t\t\t\t\t\t\t\t\t\t\t\t<img decoding=\"async\" width=\"550\" height=\"400\" src=\"data:image\/gif;base64,R0lGODlhAQABAAAAACH5BAEKAAEALAAAAAABAAEAAAICTAEAOw==\" alt=\"\" loading=\"lazy\" class=\"lazyload\" data-src=\"https:\/\/forschung.fh-kaernten.at\/ffh2022\/files\/2022\/01\/Track3-timeline-NEW-550x400.png\">\t\t\t\t\t\t\t\t\t\t\t\t\t\t\t<\/p>\n<h2>Einreichkriterien Call For Papers &#8211; Track 3<\/h2>\n<table style=\"width: 100.537%\">\n<tbody>\n<tr>\n<td style=\"text-align: left;width: 171.967px\"><strong>Einreichbar<\/strong><\/td>\n<td style=\"text-align: left;width: 254.4px\" colspan=\"2\">Einreichbar sind Projekte zu den Panelthemen<\/td>\n<\/tr>\n<tr>\n<td style=\"text-align: left;width: 171.967px\"><strong>Einreichung<\/strong><\/td>\n<td style=\"text-align: left;width: 254.4px\" colspan=\"2\">\n<ul>\n<li>Die Einreichung erfolgt ausschlie\u00dflich \u00fcber das Konferenzmanagementsystem Conftool<\/li>\n<li>F\u00fcr die Einreichung ist die Formatvorlage zu verwenden<\/li>\n<li>Es kann in den Sprachen Deutsch oder Englisch eingereicht werden<\/li>\n<li>Die Einreichung erfolgt als Short Paper<\/li>\n<li>Seitenbeschr\u00e4nkung: max. 5 Seiten inkl. Literaturverzeichnis<\/li>\n<\/ul>\n<\/td>\n<\/tr>\n<tr>\n<td style=\"text-align: left;width: 171.967px\"><strong>Einreichfrist<\/strong><\/td>\n<td style=\"text-align: left;width: 254.4px\" colspan=\"2\">Die Einreichfrist endet am <del>13.01.2022<\/del> 07.02.2022.<br \/>Die Information \u00fcber Zu- oder Absage erfolgt bis <del>24.02.2022<\/del> 10.03.2022.<\/td>\n<\/tr>\n<tr>\n<td style=\"text-align: left;width: 171.967px\"><strong>Bewertung<br \/><\/strong><\/td>\n<td style=\"text-align: left;width: 254.4px\" colspan=\"2\">Die Bewertung erfolgt anonym (double-blind peer review) durch mindestens zwei Gutachter*innen nach den unten genannten Kriterien.<\/td>\n<\/tr>\n<tr>\n<td style=\"text-align: left;width: 171.967px\"><strong>Auswahl<\/strong><\/td>\n<td style=\"text-align: left\" colspan=\"2\">Die Panel-Chairs und Co-Chairs treffen die Auswahl auf Basis der eingelangten Gutachten<\/td>\n<\/tr>\n<tr>\n<td style=\"text-align: left;width: 171.967px\"><strong>Bewertungskriterien<br \/><\/strong><\/td>\n<td style=\"text-align: left;width: 254.4px\" colspan=\"2\">\n<ol>\n<li>Relevanz und Aktualit\u00e4t (35%)<\/li>\n<li>Inhaltliche, wissenschaftliche Qualit\u00e4t (25%)<\/li>\n<li>Anwendungsorientierung\u00a0 (20%)<\/li>\n<li>Qualit\u00e4t der Darstellung (20%)<\/li>\n<li>Ausschlaggebende Gesamtempfehlung (y\/n)<\/li>\n<\/ol>\n<\/td>\n<\/tr>\n<\/tbody>\n<\/table>\n<h2>Templates<\/h2>\n<p>\t\t\t<a href=\"https:\/\/www.fh-kaernten.at\/fileadmin\/documents\/servicebereiche\/ffh2022\/FFH2022-Full-Paper-template-vFINAL.docx\" role=\"button\"><br \/>\n\t\t\t\t\t\tCall for Papers &#8211; Template Download<br \/>\n\t\t\t\t\t<\/a><\/p>\n","protected":false},"excerpt":{"rendered":"<p>Track 3 &#8211; Call for Papers Zur\u00fcck zur Track \u00dcbersicht Zu allen Themen (Tracks &amp; [&hellip;]<\/p>\n","protected":false},"author":151,"featured_media":0,"parent":0,"menu_order":0,"comment_status":"closed","ping_status":"closed","template":"page-templates\/page_front-page.php","meta":{"_crdt_document":"","inline_featured_image":false,"footnotes":""},"class_list":["post-1834","page","type-page","status-publish","hentry"],"_links":{"self":[{"href":"https:\/\/forschung.fh-kaernten.at\/ffh2022\/wp-json\/wp\/v2\/pages\/1834","targetHints":{"allow":["GET"]}}],"collection":[{"href":"https:\/\/forschung.fh-kaernten.at\/ffh2022\/wp-json\/wp\/v2\/pages"}],"about":[{"href":"https:\/\/forschung.fh-kaernten.at\/ffh2022\/wp-json\/wp\/v2\/types\/page"}],"author":[{"embeddable":true,"href":"https:\/\/forschung.fh-kaernten.at\/ffh2022\/wp-json\/wp\/v2\/users\/151"}],"replies":[{"embeddable":true,"href":"https:\/\/forschung.fh-kaernten.at\/ffh2022\/wp-json\/wp\/v2\/comments?post=1834"}],"version-history":[{"count":0,"href":"https:\/\/forschung.fh-kaernten.at\/ffh2022\/wp-json\/wp\/v2\/pages\/1834\/revisions"}],"wp:attachment":[{"href":"https:\/\/forschung.fh-kaernten.at\/ffh2022\/wp-json\/wp\/v2\/media?parent=1834"}],"curies":[{"name":"wp","href":"https:\/\/api.w.org\/{rel}","templated":true}]}}