{"id":751,"date":"2021-08-09T15:49:38","date_gmt":"2021-08-09T13:49:38","guid":{"rendered":"https:\/\/forschung.fh-kaernten.at\/ffh2022\/?page_id=751"},"modified":"2021-09-23T08:29:24","modified_gmt":"2021-09-23T06:29:24","slug":"ffh-2022","status":"publish","type":"page","link":"https:\/\/forschung.fh-kaernten.at\/ffh2022\/ffh-2022\/","title":{"rendered":"\u00dcber FFH2022"},"content":{"rendered":"<h1>\u00dcber das FFH 2022<\/h1>\n<h2>Creating Impact &#8211; gemeinsam wirksam werden<\/h2>\n<p>Das Motto des FFH 2022 vereint Kooperation und Impact &#8211; Auswirkung und Wirksamkeit der FH Forschung im Kontext der gemeinschaftlichen Forschung. Impact sowie Kooperation haben unterschiedliche Bedeutungen sowie Dimensionen und sollen umfassend dargestellt werden:<\/p>\n<ul>\n<li>gemeinschaftliche Forschung mit non-research Organisationen (Vereine, NGOs, Unternehmen unterschiedlicher Gr\u00f6\u00dfen, \u00f6ffentl. Verwaltung, etc.)<\/li>\n<li>Cross-border Forschung mit \u00fcberregionalen Partnern<\/li>\n<li>Generationen\u00fcbergreifende und nachhaltige Bearbeitung von Zukunftsthemen<\/li>\n<\/ul>\n<p>Die Darstellung der unterschiedlichen Dimensionen findet sich in den Tracks wieder:<\/p>\n<ul>\n<li><strong>Track 1<\/strong>: Creating Impact \u2013 FH Forschung wird wirksam<\/li>\n<li><strong>Track 2:<\/strong> Cross-border Cooperation \u2013 Vorsprung durch grenz\u00fcberschreitende FH Forschung<\/li>\n<li><strong>Track 3 \u2013 Panels:<\/strong> Together towards Sustainability &amp; Resilience \u2013 Gemeinsam in Richtung einer nachhaltigen &amp; widerstandsf\u00e4higen Zukunft<\/li>\n<\/ul>\n","protected":false},"excerpt":{"rendered":"<p>\u00dcber das FFH 2022 Creating Impact &#8211; gemeinsam wirksam werden Das Motto des FFH 2022 [&hellip;]<\/p>\n","protected":false},"author":151,"featured_media":0,"parent":0,"menu_order":0,"comment_status":"closed","ping_status":"closed","template":"page-templates\/page_front-page.php","meta":{"_crdt_document":"","inline_featured_image":false,"footnotes":""},"class_list":["post-751","page","type-page","status-publish","hentry"],"_links":{"self":[{"href":"https:\/\/forschung.fh-kaernten.at\/ffh2022\/wp-json\/wp\/v2\/pages\/751","targetHints":{"allow":["GET"]}}],"collection":[{"href":"https:\/\/forschung.fh-kaernten.at\/ffh2022\/wp-json\/wp\/v2\/pages"}],"about":[{"href":"https:\/\/forschung.fh-kaernten.at\/ffh2022\/wp-json\/wp\/v2\/types\/page"}],"author":[{"embeddable":true,"href":"https:\/\/forschung.fh-kaernten.at\/ffh2022\/wp-json\/wp\/v2\/users\/151"}],"replies":[{"embeddable":true,"href":"https:\/\/forschung.fh-kaernten.at\/ffh2022\/wp-json\/wp\/v2\/comments?post=751"}],"version-history":[{"count":0,"href":"https:\/\/forschung.fh-kaernten.at\/ffh2022\/wp-json\/wp\/v2\/pages\/751\/revisions"}],"wp:attachment":[{"href":"https:\/\/forschung.fh-kaernten.at\/ffh2022\/wp-json\/wp\/v2\/media?parent=751"}],"curies":[{"name":"wp","href":"https:\/\/api.w.org\/{rel}","templated":true}]}}