{"id":2,"date":"2019-01-09T13:29:47","date_gmt":"2019-01-09T12:29:47","guid":{"rendered":"https:\/\/forschung.fh-kaernten.at\/lipa\/?page_id=2"},"modified":"2021-05-10T10:07:23","modified_gmt":"2021-05-10T08:07:23","slug":"beispiel-seite","status":"publish","type":"page","link":"https:\/\/forschung.fh-kaernten.at\/lipa\/beispiel-seite\/","title":{"rendered":"\u00dcBER LiPA"},"content":{"rendered":"<p style=\"text-align: justify\"><span style=\"font-family: arial, helvetica, sans-serif\">Die Forschungsgruppe LiPA wurde mit Jahresbeginn 2019 von Vertreter*innen der Studieng\u00e4nge <strong>Disability &amp; Diversity Studies<\/strong> und <strong>Soziale Arbeit<\/strong> an der Fachhochschule K\u00e4rnten gegr\u00fcndet.<\/span><\/p>\n<p><span style=\"font-family: arial, helvetica, sans-serif\">Prim\u00e4re Aufgabe der Forschungsgruppe ist es, die <strong>Inklusivit\u00e4t der Erwerbswelt<\/strong> bezogen auf Menschen, die mit besonderen Herausforderungen und Schwierigkeiten in der Teilhabe am ersten Arbeitsmarkt konfrontiert sind, zu <strong>analysieren<\/strong> und hierdurch Best-Practice-Beispiele zu definieren.<\/span><\/p>\n<p><span style=\"font-family: arial, helvetica, sans-serif\">LiPA ist mit einer <strong>5-j\u00e4hrigen Entwicklungsphase<\/strong> angelegt und soll sich in dieser Zeit zu einer Kompetenzadresse f\u00fcr <strong>Beratung, Evaluation und Wirkungsforschung<\/strong> im Bereich der Arbeitsmarktintegration entwickeln.<\/span><\/p>\n<p>&nbsp;<\/p>\n<h2><span style=\"font-family: arial, helvetica, sans-serif\"><span style=\"font-size: 18pt\"><b>Fo<\/b><\/span><span style=\"font-size: 18pt\"><b>rschungsinteresse<\/b><\/span><\/span><\/h2>\n<p><span style=\"font-family: arial, helvetica, sans-serif\"><strong><span style=\"color: #d92525\">WANDEL<\/span><\/strong><\/span><\/p>\n<p><span style=\"font-family: arial, helvetica, sans-serif\">Durch Individualisierung und Spezialisierung, Digitalisierung und Rationalisierung unterliegt die sp\u00e4tmoderne Arbeitsgesellschaft einem beschleunigten Wandel. Diese Dynamik erfordert hohe Anpassungsleistungen: Wer nicht Schritt halten kann, ger\u00e4t rasch auf das Abstellgleis.<\/span><\/p>\n<p><span style=\"color: #d92525;font-family: arial, helvetica, sans-serif\"><b>PROBLEMATIK<\/b><\/span><\/p>\n<p><span style=\"font-family: arial, helvetica, sans-serif\">Der Weg der (Re-)Integration in den ersten Erwerbsarbeitsmarkt ist mit zahlreichen Barrieren gepflastert. Einige Personengruppen k\u00f6nnen diesen Anforderungen jedoch nicht nachkommen. Trotz vielfacher sozialpolitischer Bem\u00fchungen und Ma\u00dfnahmen konnten bisher nur wenig praktikable L\u00f6sungen, die dem Ausschluss dieser marginalisierten Personen aus dem Erwerbsleben angemessen begegnen k\u00f6nnen, entwickelt werden.<\/span><\/p>\n<p><span style=\"color: #d92525;font-family: arial, helvetica, sans-serif\"><b>L\u00d6SUNG<\/b><\/span><\/p>\n<p><span style=\"font-family: arial, helvetica, sans-serif\">Das Forschungsprojekt nimmt nicht nur die aktuellen Herausforderungen am Erwerbsarbeitsmarkt von besonders benachteiligten Personengruppen in den Blick, sondern versucht ebenso m\u00f6gliche innovative L\u00f6sungsans\u00e4tze (Good- &amp; Best-Practice-Beispiele) f\u00fcr den Abbau besagter Barrieren zu finden.<\/span><\/p>\n<p>&nbsp;<\/p>\n<h2><span style=\"font-family: arial, helvetica, sans-serif\"><b>Zielgruppen<\/b><\/span><\/h2>\n<p><span style=\"font-family: arial, helvetica, sans-serif\">Im Rahmen der Forschungst\u00e4tigkeit werden folgende <strong>vier Zielgruppen<\/strong> und ihre Inklusion in die Arbeitswelt fokussiert:<\/span><\/p>\n<p><span style=\"color: #d92525;font-family: arial, helvetica, sans-serif\"><b>(1) JUGENDLICHE bzw. JUNGE ERWACHSENE (inkl. \u201eCARE-LEAVER)<\/b><\/span><\/p>\n<p><span style=\"font-family: arial, helvetica, sans-serif\">\u2026scheitern oft bereits an der ersten Schwelle in den Arbeitsmarkt anl\u00e4sslich fehlender Qualifikationen und zu gro\u00dfen Herausforderungen.<\/span><\/p>\n<p><span style=\"color: #d92525;font-family: arial, helvetica, sans-serif\"><b>(2) ERWACHSENE ERWERBSLOSE bzw. LANGZEITARBEITSLOSE<\/b><\/span><\/p>\n<p><span style=\"font-family: arial, helvetica, sans-serif\">\u2026befinden sich angesichts der Arbeitslosigkeit h\u00e4ufig in einer Abw\u00e4rtsspirale von Ablehnung, Resignation und R\u00fcckzug<\/span><\/p>\n<p><span style=\"color: #d92525;font-family: arial, helvetica, sans-serif\"><b>(3) MENSCHEN MIT BEHINDERUNGEN UND CHRONISCHEN ERKRANKUNGEN (inkl. psychischen Erkrankungen)<\/b><\/span><\/p>\n<p><span style=\"font-family: arial, helvetica, sans-serif\">\u2026finden meist aufgrund des Mehraufwandes, der ihre Einstellung bedeuten w\u00fcrde, keine zufriedenstellende Besch\u00e4ftigung<\/span><\/p>\n<p><span style=\"color: #d92525;font-family: arial, helvetica, sans-serif\"><b>(4) MENSCHEN MIT MIGRATIONSHINTERGRUND bzw. FLUCHTERFAHRUNGEN<\/b><\/span><\/p>\n<p><span style=\"font-family: arial, helvetica, sans-serif\">\u2026r\u00fccken in den letzten Jahren st\u00e4rker in die Fach\u00f6ffentlichkeit infolge der besonderen Hindernisse und Schwierigkeiten, die sich aus Integrationsversuchen in den ersten Erwerbsarbeitsmarkt ergeben<\/span><\/p>\n<h2><\/h2>\n<h2><strong><span style=\"font-family: arial, helvetica, sans-serif\">Was wir tun<\/span><\/strong><\/h2>\n<p><span style=\"font-family: arial, helvetica, sans-serif\">LiPA verfolgt <strong>6 Aufgaben<\/strong>:<\/span><\/p>\n<p><span style=\"font-family: arial, helvetica, sans-serif\"><b><span style=\"color: #d92525\">(1) ERHEBEN<\/span><\/b><\/span><\/p>\n<p><span style=\"font-family: arial, helvetica, sans-serif\">Die Inklusivit\u00e4t der Erwerbsarbeit bezogen auf die vier Zielgruppen untersuchen.<\/span><\/p>\n<p><span style=\"color: #d92525;font-family: arial, helvetica, sans-serif\"><b>(2) ERMITTELN<\/b><\/span><\/p>\n<p><span style=\"font-family: arial, helvetica, sans-serif\">Geeignete Ma\u00dfnahmen zur Inklusion dieser Zielgruppen ermitteln (Good- und Best-Practice-Modelle).<\/span><\/p>\n<p><span style=\"color: #d92525;font-family: arial, helvetica, sans-serif\"><b>(3) VERGEICHEN<\/b><\/span><\/p>\n<p><span style=\"font-family: arial, helvetica, sans-serif\">Vergleich innovativer Ans\u00e4tze zur Arbeitsmarktinklusion, nicht nur in nationalen sondern ebenso im internationalen Raum.<\/span><\/p>\n<p><span style=\"color: #d92525;font-family: arial, helvetica, sans-serif\"><b>(4) VERNETZEN<\/b><\/span><\/p>\n<p><span style=\"font-family: arial, helvetica, sans-serif\">Synergien herstellen einerseits zwischen den vier Zielgruppen, andererseits hinsichtlich der fachlichen Expertisen<\/span><\/p>\n<p><span style=\"color: #d92525;font-family: arial, helvetica, sans-serif\"><b>(5) BERATEN<\/b><\/span><\/p>\n<p><span style=\"font-family: arial, helvetica, sans-serif\">Entwicklung einer Evaluations- und Wirkungsforschung zum Themengebiet und deren Umsetzung in drittmittelf\u00e4hige Praxis- und Politikberatung.<\/span><\/p>\n<p><span style=\"font-family: arial, helvetica, sans-serif\"><b><span style=\"color: #d92525\">(6) INTEGRIEREN<\/span><\/b><\/span><\/p>\n<p><span style=\"font-family: arial, helvetica, sans-serif\">Integration des Erkenntnisgewinns in Lehre, Aus- und Weiterbildung.<\/span><\/p>\n<p>&nbsp;<\/p>\n<h2><strong><span style=\"font-family: arial, helvetica, sans-serif\">Ergebnisse<\/span><\/strong><\/h2>\n<p><span style=\"color: #d92525;font-size: 12pt;font-family: arial, helvetica, sans-serif\"><b>2021<\/b><\/span><\/p>\n<p><span style=\"font-family: arial, helvetica, sans-serif\"><strong>Sammelband<\/strong> &#8222;Wandel der Erwerbsarbeit &#8211; Innovative Ans\u00e4tze der Inklusion&#8220;<\/span><\/p>\n<p><span style=\"color: #d92525;font-size: 12pt;font-family: arial, helvetica, sans-serif\"><b>2019<\/b><\/span><\/p>\n<p><span style=\"font-family: arial, helvetica, sans-serif\"><strong>Workshop:<\/strong> EUSE (European Union for Supported Employment)<\/span><\/p>\n<p><span style=\"font-family: arial, helvetica, sans-serif\"><strong>F\u00fchrungskr\u00e4ftedialog<\/strong> 2019 zum Thema: \u201eArbeitsmarktintegration und -inklusion\u201c an der FH K\u00e4rnten<\/span><\/p>\n<p><span style=\"font-family: arial, helvetica, sans-serif\"><strong>Masterprojekt:<\/strong> \u201eSummerschool2019 \u2013 Inklusion am Arbeitsmarkt\u201c<\/span><\/p>\n<p>&nbsp;<\/p>\n<h2><span style=\"color: #000000;font-size: 18pt;font-family: arial, helvetica, sans-serif\"><b>Aus- und Weiterbildungen<\/b><\/span><\/h2>\n<p><span style=\"color: #000000;font-family: arial, helvetica, sans-serif\"><a style=\"color: #000000\" href=\"https:\/\/www.fh-kaernten.at\/weiterbildung\/gesundheit-soziales\/soziale-handlungskompetenzen-fuer-betriebsratstaetigkeit\" target=\"_blank\" rel=\"noopener\">Soziale Handlungskompetenzen f\u00fcr die Betriebsratst\u00e4tigkeit (Zertifikatslehrgang)<\/a><\/span><\/p>\n<p><span style=\"color: #000000;font-family: arial, helvetica, sans-serif\"><a style=\"color: #000000\" href=\"https:\/\/www.fh-kaernten.at\/weiterbildung\/gesundheit-soziales\/systemische-beratungskompetenzen\" target=\"_blank\" rel=\"noopener\">Systemische Beratungskompetenzen (Zertifikatslehrgang)<\/a><\/span><\/p>\n<p>&nbsp;<\/p>\n","protected":false},"excerpt":{"rendered":"<p>Die Forschungsgruppe LiPA wurde mit Jahresbeginn 2019 von Vertreter*innen der Studieng\u00e4nge Disability &amp; Diversity Studies und Soziale Arbeit an der Fachhochschule K\u00e4rnten gegr\u00fcndet. Prim\u00e4re Aufgabe der Forschungsgruppe ist es, die Inklusivit\u00e4t der Erwerbswelt bezogen auf Menschen, die mit besonderen Herausforderungen und Schwierigkeiten in der Teilhabe am ersten Arbeitsmarkt konfrontiert sind, zu analysieren und hierdurch Best-Practice-Beispiele [&hellip;]<\/p>\n","protected":false},"author":67,"featured_media":5,"parent":0,"menu_order":0,"comment_status":"closed","ping_status":"open","template":"","meta":{"_crdt_document":"","inline_featured_image":false,"footnotes":""},"class_list":["post-2","page","type-page","status-publish","has-post-thumbnail","hentry"],"_links":{"self":[{"href":"https:\/\/forschung.fh-kaernten.at\/lipa\/wp-json\/wp\/v2\/pages\/2","targetHints":{"allow":["GET"]}}],"collection":[{"href":"https:\/\/forschung.fh-kaernten.at\/lipa\/wp-json\/wp\/v2\/pages"}],"about":[{"href":"https:\/\/forschung.fh-kaernten.at\/lipa\/wp-json\/wp\/v2\/types\/page"}],"author":[{"embeddable":true,"href":"https:\/\/forschung.fh-kaernten.at\/lipa\/wp-json\/wp\/v2\/users\/67"}],"replies":[{"embeddable":true,"href":"https:\/\/forschung.fh-kaernten.at\/lipa\/wp-json\/wp\/v2\/comments?post=2"}],"version-history":[{"count":0,"href":"https:\/\/forschung.fh-kaernten.at\/lipa\/wp-json\/wp\/v2\/pages\/2\/revisions"}],"wp:featuredmedia":[{"embeddable":true,"href":"https:\/\/forschung.fh-kaernten.at\/lipa\/wp-json\/wp\/v2\/media\/5"}],"wp:attachment":[{"href":"https:\/\/forschung.fh-kaernten.at\/lipa\/wp-json\/wp\/v2\/media?parent=2"}],"curies":[{"name":"wp","href":"https:\/\/api.w.org\/{rel}","templated":true}]}}