{"id":99,"date":"2019-10-24T21:10:15","date_gmt":"2019-10-24T19:10:15","guid":{"rendered":"https:\/\/forschung.fh-kaernten.at\/lipa\/?page_id=99"},"modified":"2021-09-29T08:37:34","modified_gmt":"2021-09-29T06:37:34","slug":"publikationen","status":"publish","type":"page","link":"https:\/\/forschung.fh-kaernten.at\/lipa\/publikationen\/","title":{"rendered":"PUBLIKATIONEN"},"content":{"rendered":"<p><span style=\"font-family: arial, helvetica, sans-serif;color: #d92500;font-size: 14pt\"><strong>2021: <\/strong><\/span><\/p>\n<p><span style=\"font-family: 'Arial',sans-serif\">Arnold, Helmut\/Dungs, Susanne\/Klemenjak, Martin\/Pichler, Christine (Hrsg.) (2021): Wandel der Erwerbsarbeit \u2013 Innovative Ans\u00e4tze der Inklusion. Beltz Juventa.<\/span><\/p>\n<p><span style=\"font-family: 'Arial',sans-serif\">Arnold, Helmut\/Dungs, Susanne\/Klemenjak, Martin\/Pichler, Christine (2021): Zum Wandel der Erwerbsarbeitswelt \u2013 Innovative Ans\u00e4tze der Inklusion. In: Arnold, Helmut\/Dungs, Susanne\/Klemenjak, Martin\/Pichler, Christine (Hrsg.): Wandel der Erwerbsarbeit \u2013 Innovative Ans\u00e4tze der Inklusion, Beltz Juventa Verlag, Weinheim\/Basel, S. 7-14.\u00a0<\/span><\/p>\n<p><span style=\"font-family: 'Arial',sans-serif\">Bergmann, Stephanie\/Pichler, Christine (2021): Der Stakeholder-Dialog als partizipativer Ansatz der Expert*inneneinbindung im Prozess in den Sozialwissenschaften. In: Arnold, Helmut\/Dungs, Susanne\/Klemenjak, Martin\/Pichler, Christine (Hrsg.) (2021): Wandel der Erwerbsarbeitswelt \u2013 Innovative Ans\u00e4tze der Inklusion. Beltz Juventa, S. 174-183.\u00a0<\/span><\/p>\n<p><span style=\"font-family: 'Arial',sans-serif\">Dungs, Susanne (2021): Druck und Selbstoptimierung in einer sich wandelnden Arbeitswelt. In: Arnold, Helmut\/Dungs, Susanne\/Klemenjak, Martin\/Pichler, Christine (Hrsg.) (2021): Wandel der Erwerbsarbeit \u2013 Innovative Ans\u00e4tze der Inklusion. Beltz Juventa, S. 39-58.<\/span><\/p>\n<p><span style=\"font-family: 'Arial',sans-serif\">Gangl, Beatrice\/Klemenjak, Martin\/Waditzer, Richard (2021): Berufliche Integration und duales Berufsausbildungssystem in \u00d6sterreich \u2013 \u00dcberbetriebliche Lehrausbildung, verl\u00e4ngerte Lehrzeit, Teilqualifikation und Berufsausbildungsassistenz. In: Arnold, Helmut\/Dungs, Susanne\/Klemenjak, Martin\/Pichler, Christine (Hrsg.): Wandel der Erwerbsarbeit \u2013 Innovative Ans\u00e4tze der Inklusion, Beltz Juventa, Weinheim, S. 60-69.\u00a0<\/span><\/p>\n<p><span style=\"font-family: 'Arial',sans-serif\">Kerschbaumer, Florian\/Klemenjak, Martin (2021): Partizipation von Kindern und Jugendlichen in Gemeinden. In: Stainer-H\u00e4mmerle, Kathrin\/Oppitz, Florian (Hrsg.): Handbuch Gemeindepolitik, Verlag \u00d6sterreich, Wien, S. 91 bis 103.<\/span><\/p>\n<p><span style=\"font-family: 'Arial',sans-serif\">Klemenjak, Martin (2021): Arbeitsmarktintegration von benachteiligten Jugendlichen und jungen Erwachsenen \u2013 exemplarisch ausgew\u00e4hlte Ans\u00e4tze. In: Die \u00d6sterreichische Volkshochschule \u2013 Magazin f\u00fcr Erwachsenenbildung, 72. Jg., Fr\u00fchjahr\/Sommer 2021, Heft 273, S. 27 bis 29.<\/span><\/p>\n<p><span style=\"font-family: 'Arial',sans-serif\">Klemenjak, Martin\/Pichler, Heinz (2021): \u201eBildet euch, denn wir brauchen all eure Klugheit\u201c \u2013 Zertifikatslehrgang \u201eSoziale Handlungskompetenzen f\u00fcr die Betriebsratst\u00e4tigkeit\u201c. In: Arnold, Helmut\/Dungs, Susanne\/Klemenjak, Martin\/Pichler, Christine (Hrsg.): Wandel der Erwerbsarbeit \u2013 Innovative Ans\u00e4tze der Inklusion, Beltz\/Juventa, Weinheim, S.160-173.\u00a0<\/span><\/p>\n<p><span style=\"font-family: 'Arial',sans-serif\">Klemenjak, Martin\/Pichler, Heinz\/Weidlitsch, Daniel (2021): Einleitendes zur Tagungsdokumentation durch die Herausgeber. In: Klemenjak, Martin\/Pichler, Heinz\/Weidlitsch, Daniel (Hrsg.): Corona-Krise \u2013 Herausforderungen f\u00fcr die Demokratie? R\u00fcckblick &amp; Ausblick \u2013 Dokumentation der \u201eK\u00e4rntner Gespr\u00e4che zur demokratiepolitischen Bildung 2020\u201c, Kammer f\u00fcr Arbeiter und Angestellte f\u00fcr K\u00e4rnten, Klagenfurt. (Schriftenreihe \u201eArbeit &amp; Bildung\u201c, hrsg. von der Kammer f\u00fcr Arbeiter und Angestellte f\u00fcr K\u00e4rnten), S. 4 bis 6.<\/span><\/p>\n<p><span style=\"font-family: 'Arial',sans-serif\">Klemenjak, Martin\/Pichler, Heinz\/Weidlitsch, Daniel (Hrsg.) (2021): Corona-Krise \u2013 Herausforderungen f\u00fcr die Demokratie? R\u00fcckblick &amp; Ausblick \u2013 Dokumentation der \u201eK\u00e4rntner Gespr\u00e4che zur demokratiepolitischen Bildung 2020\u201c, Kammer f\u00fcr Arbeiter und Angestellte f\u00fcr K\u00e4rnten, Klagenfurt. (Schriftenreihe \u201eArbeit &amp; Bildung\u201c, hrsg. von der Kammer f\u00fcr Arbeiter und Angestellte f\u00fcr K\u00e4rnten)<\/span><\/p>\n<p><span style=\"font-family: 'Arial',sans-serif\">Pichler, Christine (2021): Der Zusammenhang von Arbeit und Bildung im Kontext von lebenslangem Lernen und Diversit\u00e4t in der Erwerbswelt. Eine intersektionale Perspektive der Diversity Studies f\u00fcr die Umsetzung von Supported Employment in die Praxis. In: Arnold, Helmut\/Dungs, Susanne\/Klemenjak, Martin\/Pichler, Christine (Hrsg.) (2021): Wandel der Erwerbsarbeit \u2013 Innovative Ans\u00e4tze der Inklusion. Beltz Juventa, S. 31-38.\u00a0<\/span><\/p>\n<p>&nbsp;<\/p>\n<p><span style=\"font-family: arial, helvetica, sans-serif;color: #d92500;font-size: 14pt\"><strong>2020:<\/strong><\/span><\/p>\n<p><span style=\"font-family: arial, helvetica, sans-serif\">Arnold, Helmut (2020): Erwerbslosigkeit im Erwachsenenalter \u2013 Lebensbew\u00e4ltigung in der Arbeitsgesellschaft. In: Stecklina, Gerd\/Wienforth, Jan (Hrsg.): Lebensbew\u00e4ltigung und Soziale Arbeit \u2013 Praxis, Theorie und Empirie. Weinheim: Beltz Juventa, S. 207-216.<\/span><\/p>\n<p><span style=\"font-family: arial, helvetica, sans-serif\">Bergmann, Stephanie\/Pichler, Christine\/Salzmann, Katharina (2020): Intercultural Communication as the Basis for a Diversity-sensitive Corporate Culture. An Intersectional Analysis of Perspectives in the Context of the Diversity Studies. Workshopbeitrag International Conference on Diversity in Organizations, Communities &amp; Nations. University of Milan. Juni 2020. (Status: Proposal Accepted\/Konferenz aufgrund COVID-19 abgesagt)<\/span><\/p>\n<p><span style=\"font-family: arial, helvetica, sans-serif\">Bliemetsrieder, Sandro\/Dungs, Susanne (2020): Stellvertretende Hoffnung. Das tut mir so gut! Du hast es geschafft (ver\u00f6ffentlich in der Hochschulbibliothek Esslingen).<\/span><\/p>\n<p><span style=\"font-family: arial, helvetica, sans-serif\">Cennamo, Irene\/Klemenjak, Martin (2020): Digitale Lern-\/Handlungsr\u00e4ume in der Erwachsenenbildung \u2013 Arenen f\u00fcr soziale und politische Teilhabe. In: Klemenjak, Martin\/Pichler, Heinz\/Weidlitsch, Daniel (Hrsg.): Digitalisierung \u2013 Chancen und Risiken der Digitalisierung f\u00fcr das demokratische Gemeinwesen \u2013 Dokumentation der \u201eK\u00e4rntner Gespr\u00e4che zur demokratiepolitischen Bildung 2019\u201c, Kammer f\u00fcr Arbeiter und Angestellte f\u00fcr K\u00e4rnten, Klagenfurt. (Schriftenreihe \u201eArbeit &amp; Bildung\u201c, hrsg. von der Kammer f\u00fcr Arbeiter und Angestellte f\u00fcr K\u00e4rnten), S. 26-35.<\/span><\/p>\n<p><span style=\"font-family: arial, helvetica, sans-serif\">Dungs, Susanne\/Pichler, Christine\/Reiche, Ralf (2020): Disability &amp; Diversity Studies als Basis einer diversit\u00e4tssensiblen medizinischen Aus- und Weiterbildung\/ Disability &amp; Diversity Studies as a professional basis for diversity-aware education and training in medicine. In: GMS Journal for Medical Education-Themenheft \u201eDiversit\u00e4t in der medizinischen Aus- und Weiterbildung. Vol. 37(2) ISSN 2366-5017.<\/span><\/p>\n<p><span style=\"font-family: arial, helvetica, sans-serif\">Klemenjak, Martin\/Pichler, Heinz\/Weidlitsch, Daniel (2020): Grunds\u00e4tzliches zur Tagungsdokumentation. In: Klemenjak, Martin\/Pichler, Heinz\/Weidlitsch, Daniel (Hrsg.): Demokratie und Digitalisierung \u2013 Chancen &amp; Risiken der Digitalisierung f\u00fcr das demokratische Gemeinwesen \u2013 Dokumentation der \u201eK\u00e4rntner Gespr\u00e4che zur demokratiepolitischen Bildung 2019\u201c, Kammer f\u00fcr Arbeiter und Angestellte f\u00fcr K\u00e4rnten, Klagenfurt. (Schriftenreihe \u201eArbeit &amp; Bildung\u201c, hrsg. von der Kammer f\u00fcr Arbeiter und Angestellte f\u00fcr K\u00e4rnten), S. 4-5.<\/span><\/p>\n<p><span style=\"font-family: arial, helvetica, sans-serif\">Klemenjak, Martin\/Pichler, Heinz\/Weidlitsch, Daniel (Hrsg.) (2020): Demokratie und Digitalisierung \u2013 Chancen und Risiken der Digitalisierung f\u00fcr das demokratische Gemeinwesen \u2013 Dokumentation der \u201eK\u00e4rntner Gespr\u00e4che zur demokratiepolitischen Bildung 2019\u201c, Kammer f\u00fcr Arbeiter und Angestellte f\u00fcr K\u00e4rnten, Klagenfurt. (Schriftenreihe \u201eArbeit &amp; Bildung\u201c, hrsg. von der Kammer f\u00fcr Arbeiter und Angestellte f\u00fcr K\u00e4rnten).<\/span><\/p>\n<p><span style=\"font-family: arial, helvetica, sans-serif\">Pichler, Christine (2020): Interkulturelle Kommunikation als gelebte Praxis in der Hochschuldidaktik. In: Schneider-Reisinger, Robert\/Oberlechner, Manfred (Hrsg.): Diversit\u00e4tssensible P\u00e4dagogInnenbildung in Forschung und Praxis. Utopien, Anspr\u00fcche und Herausforderungen. Budrich Verlag. Opladen. S. 139-147.<\/span><\/p>\n<p>&nbsp;<\/p>\n<p><span style=\"font-family: arial, helvetica, sans-serif;color: #d92500;font-size: 14pt\"><strong>2019: <\/strong><\/span><\/p>\n<p><span style=\"font-family: arial, helvetica, sans-serif\">Klemenjak, Martin (2019): Benachteiligte und marginalisierte Jugendliche \u2013 Perspektiven im Kontext der Lehrlingsausbildung. In: Niederer, Elisabeth\/J\u00e4ger, Norbert (Hrsg.): Bildungsbenachteiligung \u2013 Positionen, Kontexte und Perspektiven, Studien Verlag, Innsbruck\/Wien\/Bozen. (Reihe hrsg. von der P\u00e4dagogischen Hochschule K\u00e4rnten \u2013 Viktor Frankl Hochschule: Klagenfurter Beitr\u00e4ge zur Bildungsforschung und Entwicklung, Band 2), S. 90-99.<\/span><\/p>\n<p><span style=\"font-family: arial, helvetica, sans-serif\">Klemenjak, Martin (2019): Beruf und Bildung: Begegnungen mit Elke Gruber. In: Kastner, Monika\/Lenz, Werner\/Schl\u00f6gl, Peter (Hrsg.): Kritisch sind wir hoffentlich alle: Erwachsenenbildung im Spannungsfeld von Subjekt, Arbeit und Gesellschaft, L\u00f6cker Verlag, Wien, S. 273-281.<\/span><\/p>\n<p><span style=\"font-family: arial, helvetica, sans-serif\">Klemenjak, Martin (2019): Die Sozialpartnerschaft in \u00d6sterreich und K\u00e4rnten \u2013 Eine (Zwischen-)Bilanz. In: Anderwald, Karl\/Hren, Karl\/Stainer-H\u00e4mmerle, Kathrin (Hrsg.): K\u00e4rntner Jahrbuch f\u00fcr Politik 2019\/Koro\u0161ki politi\u010dni zbornik 2019, Verlag Hermagoras\/Mohorjeva, Klagenfurt\/Ljubljana\/Wien, S. 132-140.<\/span><\/p>\n<p><span style=\"font-family: arial, helvetica, sans-serif\">Klemenjak, Martin\/Pichler, Heinz (2019): Vorbemerkungen zur Tagungsdokumentation. In: Klemenjak, Martin\/Pichler, Heinz (Hrsg.): Demokratie oder Neoliberalismus? Wie der Neoliberalismus unsere Lebenswelten durchdringt \u2013 Dokumentation der \u201eK\u00e4rntner Gespr\u00e4che zur demokratiepolitischen Bildung 2018\u201c, Kammer f\u00fcr Arbeiter und Angestellte f\u00fcr K\u00e4rnten, Klagenfurt. (Schriftenreihe \u201eArbeit &amp; Bildung\u201c, hrsg. von der Kammer f\u00fcr Arbeiter und Angestellte f\u00fcr K\u00e4rnten), S. 4-5.<\/span><\/p>\n<p><span style=\"font-family: arial, helvetica, sans-serif\">Klemenjak, Martin\/Pichler, Heinz (Hrsg.) (2019): Demokratie oder Neoliberalismus? Wie der Neoliberalismus unsere Lebenswelten durchdringt \u2013 Dokumentation der \u201eK\u00e4rntner Gespr\u00e4che zur demokratiepolitischen Bildung 2018\u201c, Kammer f\u00fcr Arbeiter und Angestellte f\u00fcr K\u00e4rnten, Klagenfurt. (Schriftenreihe \u201eArbeit &amp; Bildung\u201c, hrsg. von der Kammer f\u00fcr Arbeiter und Angestellte f\u00fcr K\u00e4rnten)<\/span><\/p>\n<p><span style=\"font-family: arial, helvetica, sans-serif\">Ribolits, Erich\/Klemenjak, Martin (2019): Bildung \u2013 Macht \u2013 Gesellschaft? In: Klemenjak, Martin\/Pichler, Heinz (Hrsg.): Demokratie oder Neoliberalismus? Wie der Neoliberalismus unsere Lebenswelten durchdringt \u2013 Dokumentation der \u201eK\u00e4rntner Gespr\u00e4che zur demokratiepolitischen Bildung 2018\u201c, Kammer f\u00fcr Arbeiter und Angestellte f\u00fcr K\u00e4rnten, Klagenfurt. (Schriftenreihe \u201eArbeit &amp; Bildung\u201c, hrsg. von der Kammer f\u00fcr Arbeiter und Angestellte f\u00fcr K\u00e4rnten), S. 26-37.<\/span><\/p>\n<p>&nbsp;<\/p>\n<p><span style=\"font-family: arial, helvetica, sans-serif;color: #d92500;font-size: 14pt\"><strong>Zuk\u00fcnftige Publikationen: <\/strong><\/span><\/p>\n<p><span style=\"font-family: arial, helvetica, sans-serif\">Kolanoski, Martina\/ K\u00fcffner, Carla\/ L\u00f6ffler, Marlen\/ Terjung, Clara (in Vorbereitung): Die Trans-sequentielle Analyse.<\/span><\/p>\n<p><span style=\"font-family: arial, helvetica, sans-serif\">K\u00fcffner, Carla (in Vorbereitung): Un\/Doing Deportation \u2013 Die Arbeit an der Ausreisepflicht.<\/span><\/p>\n<p><span style=\"font-family: arial, helvetica, sans-serif\">Pichler, Christine\/K\u00fcffner, Carla (Hrsg.) (2022): Arbeit, Prekariat und Covid-19. In Planung und Umsetzung, avisierte Erscheinung mit Feber 2022.<\/span><\/p>\n<p>&nbsp;<\/p>\n","protected":false},"excerpt":{"rendered":"<p>2021: Arnold, Helmut\/Dungs, Susanne\/Klemenjak, Martin\/Pichler, Christine (Hrsg.) (2021): Wandel der Erwerbsarbeit \u2013 Innovative Ans\u00e4tze der Inklusion. Beltz Juventa. Arnold, Helmut\/Dungs, Susanne\/Klemenjak, Martin\/Pichler, Christine (2021): Zum Wandel der Erwerbsarbeitswelt \u2013 Innovative Ans\u00e4tze der Inklusion. In: Arnold, Helmut\/Dungs, Susanne\/Klemenjak, Martin\/Pichler, Christine (Hrsg.): Wandel der Erwerbsarbeit \u2013 Innovative Ans\u00e4tze der Inklusion, Beltz Juventa Verlag, Weinheim\/Basel, S. 7-14.\u00a0 Bergmann, [&hellip;]<\/p>\n","protected":false},"author":67,"featured_media":218,"parent":0,"menu_order":4,"comment_status":"closed","ping_status":"closed","template":"","meta":{"_crdt_document":"","inline_featured_image":false,"footnotes":""},"class_list":["post-99","page","type-page","status-publish","has-post-thumbnail","hentry"],"_links":{"self":[{"href":"https:\/\/forschung.fh-kaernten.at\/lipa\/wp-json\/wp\/v2\/pages\/99","targetHints":{"allow":["GET"]}}],"collection":[{"href":"https:\/\/forschung.fh-kaernten.at\/lipa\/wp-json\/wp\/v2\/pages"}],"about":[{"href":"https:\/\/forschung.fh-kaernten.at\/lipa\/wp-json\/wp\/v2\/types\/page"}],"author":[{"embeddable":true,"href":"https:\/\/forschung.fh-kaernten.at\/lipa\/wp-json\/wp\/v2\/users\/67"}],"replies":[{"embeddable":true,"href":"https:\/\/forschung.fh-kaernten.at\/lipa\/wp-json\/wp\/v2\/comments?post=99"}],"version-history":[{"count":0,"href":"https:\/\/forschung.fh-kaernten.at\/lipa\/wp-json\/wp\/v2\/pages\/99\/revisions"}],"wp:featuredmedia":[{"embeddable":true,"href":"https:\/\/forschung.fh-kaernten.at\/lipa\/wp-json\/wp\/v2\/media\/218"}],"wp:attachment":[{"href":"https:\/\/forschung.fh-kaernten.at\/lipa\/wp-json\/wp\/v2\/media?parent=99"}],"curies":[{"name":"wp","href":"https:\/\/api.w.org\/{rel}","templated":true}]}}