{"id":42,"date":"2018-02-26T08:51:24","date_gmt":"2018-02-26T08:51:24","guid":{"rendered":"http:\/\/10.44.205.152\/free-1\/mesmerize\/"},"modified":"2019-06-13T19:53:48","modified_gmt":"2019-06-13T17:53:48","slug":"mesmerize","status":"publish","type":"page","link":"https:\/\/forschung.fh-kaernten.at\/mmo-3d\/","title":{"rendered":"Front Page"},"content":{"rendered":"<div  data-label=\"Overlappable\" data-id=\"overlappable--1\" data-export-id=\"overlappable-4\" data-category=\"overlappable\" class=\"overlappable-4 content-section content-section-spacing\" data-overlap=\"true\" id=\"overlappable-5\" style=\"background-image: none; background-color: rgba(75, 99, 150, 0.23);\">\n<div  class=\"gridContainer\">\n<div  data-type=\"row\" class=\"row spaced-cols text-center\">\n<div  class=\"col-xs-12 col-sm-4 col-padding\">\n\n<i  class=\"fa icon fa-clone large shadow-large-black round aligncenter reverse color1\"><\/i>\n<div  data-type=\"column\" class=\"\">\n<h5  class=\"\">Roboterzelle f\u00fcr 3D Drucker<\/h5>\n<\/div>\n<\/div>\n<div  class=\"col-xs-12 col-sm-4 col-padding\">\n\n<i  class=\"fa icon fa-cogs large shadow-large-black round aligncenter reverse color1\"><\/i>\n<div  data-type=\"column\" class=\"\">\n<h5  class=\"\">Innovative 3D-Druckkopfentwicklung<\/h5>\n<\/div>\n<\/div>\n<div  class=\"col-xs-12 col-sm-4 col-padding\">\n\n<i  class=\"fa icon fa-magic large shadow-large-black round aligncenter reverse color1\"><\/i>\n<div  data-type=\"column\" class=\"\">\n<h5  class=\"\">Hochleistungsfaser-verbundwerkstoff<\/h5>\n<\/div>\n<\/div>\n<\/div>\n<\/div>\n<\/div><div  data-label=\"PROJEKT MMO 3D\" data-id=\"about--1\" data-export-id=\"about-image-text\" data-category=\"about\" class=\"about-image-text content-section content-section-spacing content-relative\" id=\"projekt-mmo-3d-1\" style=\"background-color: rgb(255, 255, 255);\"><div  class=\"section-separator-top\">\n    <svg  class=\"section-separator-top\" data-separator-name=\"triangle-asymmetrical-negative\" preserveAspectRatio=\"none\" viewBox=\"0 0 1000 100\" xmlns=\"http:\/\/www.w3.org\/2000\/svg\">\n        <path  class=\"svg-white-bg\" d=\"M737.9,94.7L0,0v100h1000V0L737.9,94.7z\"><\/path>\n    <\/svg>\n<\/div><div  class=\"gridContainer\"> <div  class=\"row\"><div  class=\"col-sm-6 flexbox-strech center-xs middle-xs no-gutter-col\"> <div  class=\"shadow-large overlap-right-large flexbox middle-xs center-xs left-img\" data-bg=\"image\" style=\"background-image: url(&quot;https:\/\/forschung.fh-kaernten.at\/mmo-3d\/files\/2019\/01\/cropped-MMO4-1.jpg&quot;);\"><\/div><\/div> <div  class=\"col-sm-6 space-bottom-xs col-padding-small-xs col-sm-padding-large bg-color5 white-text content-col\" data-type=\"column\"><h5  class=\"\">Herausforderungen und L\u00f6sungsans\u00e4tze<\/h5> <h2  class=\"\">Transfer von Technologie und Know-How<\/h2> <p  class=\"\">Der Ausgangspunkt der F&amp;E in diesem Projekt ist, dass die frei am Markt erh\u00e4ltlichen 3D Drucker f\u00fcr Faserverbundwerkstoffe einen zu geringen Faservolumenanteil erzeugen, wodurch der 3D gedruckte Werkstoff schlechte Festigkeits- und Steifigkeitseigenschaften erh\u00e4lt (nur etwa 2\/3 der Festigkeit und Steifigkeit von handlaminierten Faserverbundwerkstoffen). Das Problem ist, dass die kommerziellen 3D-Drucker Black-Box L\u00f6sungen darstellen, so dass eine selbstst\u00e4ndige Weiterentwicklung der Technologie in F&amp;E Institutionen nicht m\u00f6glich ist.<\/p><a  class=\"button color2\" href=\"\/mmo-3d\/innovation-am-3d-druck-sekor\" target=\"_self\" data-cp-link=\"1\" data-icon=\"\">Innovation am 3D Druck Sektor<\/a><\/div> <\/div><\/div> <\/div><div  data-label=\"Mehrwert\" data-id=\"about--2\" data-export-id=\"about-text-image\" data-category=\"about\" class=\"about-text-image content-section content-section-spacing content-relative\" id=\"mehrwert-1\" style=\"background-color: rgb(245, 250, 253);\"><div  class=\"section-separator-top\">\n    <svg  class=\"section-separator-top\" data-separator-name=\"triangle-asymmetrical-negative\" preserveAspectRatio=\"none\" viewBox=\"0 0 1000 100\" xmlns=\"http:\/\/www.w3.org\/2000\/svg\">\n        <path  class=\"svg-white-bg\" d=\"M737.9,94.7L0,0v100h1000V0L737.9,94.7z\"><\/path>\n    <\/svg>\n<\/div><div  class=\"gridContainer\"> <div  class=\"row\"><div  class=\"col-sm-6 col-padding-small-xs col-sm-padding-large bg-color5 white-text content-col\" data-type=\"column\"> <h5  class=\"\">Grenz\u00fcberschreitende Zusammenarbeit<\/h5> <h2  class=\"\">Innovative L\u00f6sungen f\u00fcr erheblichen Mehrwert<\/h2> <p  class=\"\">Das Besondere an der 3D-Druckplattform ist, dass sie systemoffen entwickelt wurde. Alle Schritte und Komponenten k\u00f6nnen an der FH K\u00e4rnten selbst ver\u00e4ndert und optimiert werden. So ist es in Zusammenarbeit im Konsortium m\u00f6glich den Testaufbau in Hinblick auf die Mikrostrukturerfordernisse von Hochleistungs-Faserverbundwerkstoffen zu erweitern.<\/p><a  class=\"button color2\" href=\"\/mmo-3d\/moeglichkeiten-der-3d-plattform\" target=\"_self\" data-cp-link=\"1\" data-icon=\"\">M\u00f6glichkeiten der 3D Plattform<\/a><\/div> <div  class=\"col-sm-6 flexbox-strech center-xs middle-xs no-gutter-col\"><div  class=\"shadow-large overlap-left-large flexbox middle-xs center-xs right-img\" data-bg=\"image\" style=\"background-image: url(&quot;https:\/\/forschung.fh-kaernten.at\/mmo-3d\/files\/2019\/01\/cropped-MMO3-1.jpg&quot;);\"><\/div><\/div> <\/div><\/div> <\/div><div  data-label=\"PROJEKTPARTNER\" data-id=\"features--2\" data-export-id=\"features-16\" data-category=\"features\" class=\"features-16 content-section content-section-spacing content-relative\" id=\"projektpartner-1\" style=\"background-color: rgb(255, 255, 255);\"><div  class=\"section-separator-top\">\n    <svg  class=\"section-separator-top\" data-separator-name=\"triangle-asymmetrical-negative\" preserveAspectRatio=\"none\" viewBox=\"0 0 1000 100\" xmlns=\"http:\/\/www.w3.org\/2000\/svg\">\n        <path  class=\"svg-white-bg\" d=\"M737.9,94.7L0,0v100h1000V0L737.9,94.7z\"><\/path>\n    <\/svg>\n<\/div><div  class=\"gridContainer\"> <div  class=\"row text-center\"><div  class=\"section-title-col\" data-type=\"column\"> <h2  class=\"\">Projektpartner<\/h2> <p  class=\"lead\">Die Outputs des Projekts nutzen den Entwicklungsinstitutionen und der Wirtschaft der Region, die stark in dem Bereich des Maschinenbaus, Technologien, Technik und computergest\u00fctzte Prozesse integriert ist sowie auch Studierenden der jeweiligen Hochschulen. Das Konsortium besteht aus Partnern, die bereits Erfahrungen in diesem Bereich haben. Die Ergebnisse sind ohne grenz\u00fcberschreitende Zusammenarbeit nicht erreichbar, die Partner auf beiden Seiten der Grenze erg\u00e4nzen einander, was einen erheblichen Mehrwert darstellt. Die Outputs des Projekts nutzen den Entwicklungsinstitutionen und der Wirtschaft der Region, die stark in dem Bereich des Maschinenbaus, Technologien, Technik und computergest\u00fctzte Prozesse integriert ist sowie auch Studierenden der jeweiligen Hochschulen. Das Konsortium besteht aus Partnern, die bereits Erfahrungen in diesem Bereich haben. Die Ergebnisse sind ohne grenz\u00fcberschreitende Zusammenarbeit nicht erreichbar, die Partner auf beiden Seiten der Grenze erg\u00e4nzen einander, was einen erheblichen Mehrwert darstellt.<\/p><\/div> <\/div> <div  class=\"row spaced-cols center-sm\" data-type=\"row\">  <div  class=\"col-xs-12 col-sm-6 space-bottom col-md-12 \"> <img decoding=\"async\" class=\"face lazyload\" src=\"data:image\/gif;base64,R0lGODlhAQABAAAAACH5BAEKAAEALAAAAAABAAEAAAICTAEAOw==\" alt=\"\" title=\"cropped-interreg_si-at_sl_de_rgb-6.png\" data-src=\"https:\/\/forschung.fh-kaernten.at\/mmo-3d\/files\/2018\/10\/cropped-interreg_si-at_sl_de_rgb-6.png\"> <div  data-type=\"column\" class=\"col-padding-small col-padding-small-xs description-container\"> <h4  class=\"font-500\"><span  style=\"font-weight: 700;\">Partner:<\/span><\/h4> <p  class=\"\"><a  data-mce-href=\"http:\/\/www.opremaravne.si\/slo\" href=\"http:\/\/www.opremaravne.si\/slo\" target=\"_self\" data-mce-selected=\"inline-boundary\" data-cp-link=\"1\" class=\"\">OPREMA RAVNE<\/a> pnevmatika, hidravlika, orodja in tehnolo\u0161ke linije d.o.o.<br >\n<a  data-mce-href=\"https:\/\/www.wood-kplus.at\/de\" href=\"https:\/\/www.wood-kplus.at\/de\" target=\"_self\" data-mce-selected=\"inline-boundary\" data-cp-link=\"1\" class=\"\">Wood Carinthian Competence Center<\/a> ROBOTEH avtomatizacija in robotizacija d.o.o.<br >\n<a  data-mce-href=\"https:\/\/www.fe.uni-lj.si\/\" href=\"https:\/\/www.fe.uni-lj.si\" target=\"_self\" data-mce-selected=\"inline-boundary\" data-cp-link=\"1\" class=\"\">Fakulteta za elektrotehniko<\/a>, Univerza v Ljubljani<br >\n<a  data-mce-href=\"http:\/\/www.wood-kplus.at\/\" href=\"http:\/\/www.wood-kplus.at\" target=\"_self\" data-mce-selected=\"inline-boundary\" data-cp-link=\"1\" class=\"\">Holzkompetenzzentrum W3C<\/a> (K\u00e4rnten)<br >\n<a  data-mce-href=\"http:\/\/www.uni-lj.si\/\" href=\"http:\/\/www.uni-lj.si\" target=\"_self\" data-mce-selected=\"inline-boundary\" data-cp-link=\"1\" class=\"\">Universit\u00e4t Ljubljana<\/a> (Slowenien, Institut f\u00fcr Robotik)<br >\n<a  data-mce-href=\"http:\/\/www.roboteh.si\/\" href=\"http:\/\/www.roboteh.si\" target=\"_self\" data-mce-selected=\"inline-boundary\" data-cp-link=\"1\" class=\"\">Roboteh<\/a> (Slowenien)<\/p> <\/div> <\/div> <\/div> <\/div><\/div><div  data-label=\"Team\" data-id=\"team--1\" data-export-id=\"team-2\" data-category=\"team\" class=\"team-2 content-section content-section-spacing content-relative\" id=\"team-1\" style=\"background-color: rgb(255, 255, 255); background-image: none;\"><div  class=\"section-separator-top\">\n    <svg  class=\"section-separator-top\" data-separator-name=\"triangle-asymmetrical-negative\" preserveAspectRatio=\"none\" viewBox=\"0 0 1000 100\" xmlns=\"http:\/\/www.w3.org\/2000\/svg\">\n        <path  class=\"svg-white-bg\" d=\"M737.9,94.7L0,0v100h1000V0L737.9,94.7z\"><\/path>\n    <\/svg>\n<\/div><div  class=\"gridContainer\"> <div  class=\"row text-center\"><div  class=\"section-title-col\" data-type=\"column\"> <h2  class=\"\">Unser Team<\/h2> <\/div> <\/div> <div  class=\"row spaced-cols content-center-sm\" data-type=\"row\"> <div  class=\"col-sm-6 col-md-12 \"> <div  class=\"card y-move no-padding bordered\"> <img decoding=\"async\" class=\"face lazyload\" src=\"data:image\/gif;base64,R0lGODlhAQABAAAAACH5BAEKAAEALAAAAAABAAEAAAICTAEAOw==\" alt=\"\" title=\"cropped-mmo3_1-4.jpg\" data-src=\"https:\/\/forschung.fh-kaernten.at\/mmo-3d\/files\/2019\/01\/cropped-mmo3_1-4.jpg\"> <div  data-type=\"column\" class=\"col-padding-small col-padding-small-xs description-container\">   <div  class=\"social-icons-group\" data-type=\"group\"> <a  href=\"#\" target=\"_self\" data-reiki-hidden=\"true\"><i  class=\"fa icon fa-facebook-square gray\"><\/i><\/a> <a  href=\"#\" target=\"_self\" data-reiki-hidden=\"true\"><i  class=\"fa icon fa-twitter-square gray\"><\/i><\/a> <a  href=\"#\" target=\"_self\" data-reiki-hidden=\"true\"><i  class=\"fa icon fa-linkedin-square gray\"><\/i><\/a> <a  href=\"#\" target=\"_self\" data-reiki-hidden=\"true\"><i  class=\"fa icon fa-google-plus-square gray\"><\/i><\/a><\/div> <p  class=\"\">v.l.n.r.: Monika Decleva, Jona Bushati, Pia Zupan-Angerer, Bernhard Heiden, Clarissa Becker, Hannes Oberlercher, Franz Riemelmoser\n<br >NICHT am Bild ist: Alfred Wieser<\/p><\/div><\/div> <\/div> <div  class=\"col-sm-6 col-md-12 \"> <div  class=\"card y-move no-padding bordered\"> <img decoding=\"async\" class=\"face lazyload\" src=\"data:image\/gif;base64,R0lGODlhAQABAAAAACH5BAEKAAEALAAAAAABAAEAAAICTAEAOw==\" alt=\"\" title=\"cropped-mmo3_2-11.jpg\" data-src=\"https:\/\/forschung.fh-kaernten.at\/mmo-3d\/files\/2019\/01\/cropped-mmo3_2-11.jpg\"> <div  data-type=\"column\" class=\"col-padding-small col-padding-small-xs description-container\">   <div  class=\"social-icons-group\" data-type=\"group\"> <a  href=\"#\" target=\"_self\" data-reiki-hidden=\"true\"><i  class=\"fa icon fa-facebook-square gray\"><\/i><\/a> <a  href=\"#\" target=\"_self\" data-reiki-hidden=\"true\"><i  class=\"fa icon fa-twitter-square gray\"><\/i><\/a> <a  href=\"#\" target=\"_self\" data-reiki-hidden=\"true\"><i  class=\"fa icon fa-linkedin-square gray\"><\/i><\/a> <a  href=\"#\" target=\"_self\" data-reiki-hidden=\"true\"><i  class=\"fa icon fa-google-plus-square gray\"><\/i><\/a><\/div> <\/div><\/div> <\/div>      <\/div> <\/div><\/div><div  data-label=\"Kontakt\" data-id=\"features--1\" data-export-id=\"features-12\" data-category=\"features\" class=\"features-12 content-section content-section-spacing\" id=\"kontakt\" style=\"background-color: rgba(75, 99, 150, 0.23); background-image: none;\"><div  class=\"gridContainer\"> <div  class=\"row text-center\"><div  class=\"section-title-col\" data-type=\"column\"> <h2  class=\"\">Kontakt<\/h2> <\/div> <\/div> <div  class=\"row spaced-cols\" data-type=\"row\"> <div  class=\"col-sm-6\"> <div  class=\"row space-bottom\"> <div  class=\"col-sm-fit icon-column\"> <i  class=\"fa icon fa-address-card bordered round color1\"><\/i> <\/div> <div  class=\"col-sm\" data-type=\"column\"> <h5  class=\"color2\">FH-Prof. DI Dr. Franz Riemelmoser, MBA<\/h5> <p  class=\"\">Projektleitung<br >\n+43 (0)5 90500-2112<br >\n<a  data-mce-href=\"mailto:f.riemelmoser@fh-kaernten.at\" href=\"mailto:f.riemelmoser@fh-kaernten.at\" target=\"_self\" data-mce-selected=\"inline-boundary\" data-cp-link=\"1\">f.riemelmoser@cuas.at<\/a><\/p><\/div> <\/div><\/div> <div  class=\"col-sm-6\"><div  class=\"row space-bottom\"> <div  class=\"col-sm-fit icon-column\"><i  class=\"fa icon fa-address-card-o bordered round color1\"><\/i><\/div> <div  class=\"col-sm\" data-type=\"column\"><h5  class=\"color2\">Monika Decleva, BSc<\/h5> <p  class=\"\">Projektassistenz<br >\n+43 (0)5 90500-2449<br >\n<a  data-mce-href=\"mailto:m.decleva@fh-kaernten.at\" href=\"mailto:m.decleva@fh-kaernten.at\" target=\"_self\" data-mce-selected=\"inline-boundary\" data-cp-link=\"1\">m.decleva@cuas.at<\/a><\/p><\/div> <\/div><\/div>   <\/div><\/div> <\/div>","protected":false},"excerpt":{"rendered":"<p>Roboterzelle f\u00fcr 3D Drucker Innovative 3D-Druckkopfentwicklung Hochleistungsfaser-verbundwerkstoff Herausforderungen und L\u00f6sungsans\u00e4tze Transfer von Technologie und Know-How Der Ausgangspunkt der F&amp;E in diesem Projekt ist, dass die frei am Markt erh\u00e4ltlichen 3D Drucker f\u00fcr Faserverbundwerkstoffe einen zu geringen Faservolumenanteil erzeugen, wodurch der 3D gedruckte Werkstoff schlechte Festigkeits- und Steifigkeitseigenschaften erh\u00e4lt (nur etwa 2\/3 der Festigkeit und Steifigkeit&hellip; <br \/> <a class=\"read-more\" href=\"https:\/\/forschung.fh-kaernten.at\/mmo-3d\/\">Weiterlesen<\/a><\/p>\n","protected":false},"author":48,"featured_media":0,"parent":0,"menu_order":0,"comment_status":"closed","ping_status":"closed","template":"page-templates\/homepage.php","meta":{"_crdt_document":"","inline_featured_image":false,"footnotes":""},"class_list":["post-42","page","type-page","status-publish","hentry"],"_links":{"self":[{"href":"https:\/\/forschung.fh-kaernten.at\/mmo-3d\/wp-json\/wp\/v2\/pages\/42","targetHints":{"allow":["GET"]}}],"collection":[{"href":"https:\/\/forschung.fh-kaernten.at\/mmo-3d\/wp-json\/wp\/v2\/pages"}],"about":[{"href":"https:\/\/forschung.fh-kaernten.at\/mmo-3d\/wp-json\/wp\/v2\/types\/page"}],"author":[{"embeddable":true,"href":"https:\/\/forschung.fh-kaernten.at\/mmo-3d\/wp-json\/wp\/v2\/users\/48"}],"replies":[{"embeddable":true,"href":"https:\/\/forschung.fh-kaernten.at\/mmo-3d\/wp-json\/wp\/v2\/comments?post=42"}],"version-history":[{"count":0,"href":"https:\/\/forschung.fh-kaernten.at\/mmo-3d\/wp-json\/wp\/v2\/pages\/42\/revisions"}],"wp:attachment":[{"href":"https:\/\/forschung.fh-kaernten.at\/mmo-3d\/wp-json\/wp\/v2\/media?parent=42"}],"curies":[{"name":"wp","href":"https:\/\/api.w.org\/{rel}","templated":true}]}}