{"id":112,"date":"2020-05-06T14:23:00","date_gmt":"2020-05-06T12:23:00","guid":{"rendered":"https:\/\/forschung.fh-kaernten.at\/movinsi\/?page_id=112"},"modified":"2021-06-09T08:50:53","modified_gmt":"2021-06-09T06:50:53","slug":"startseite-english","status":"publish","type":"page","link":"https:\/\/forschung.fh-kaernten.at\/movinsi\/","title":{"rendered":"Projektinformation"},"content":{"rendered":"<img decoding=\"async\" width=\"640\" height=\"93\" src=\"data:image\/gif;base64,R0lGODlhAQABAAAAACH5BAEKAAEALAAAAAABAAEAAAICTAEAOw==\" alt=\"\" loading=\"lazy\" class=\"lazyload\" data-src=\"https:\/\/forschung.fh-kaernten.at\/movinsi\/files\/2020\/05\/Logoleiste_neu-1024x149.png\">\t\t\t\t\t\t\t\t\t\t\t\t\t\t\n\t\t<p style=\"text-align: justify\">Das Projekt MOVINSI! Los Geht\u2019s! m\u00f6chte das Wohlbefinden und die gesellschaftliche Teilhabe \u00e4lterer Menschen der \u00d6sterreichisch Italienischen HEurOpen \u2013 Regionen: Region Hermagor, Euroleader und Openleader f\u00f6rdern und Bewegung sowie soziales Miteinander durch Einsatz und Unterst\u00fctzung modernster Technologien anregen.<\/p>\n<p style=\"text-align: justify\">Um dieses Ziel zu erreichen, b\u00fcndelt das Projekt die Kompetenzen verschiedener Akteure: die wissenschaftlichen Kompetenzen der Universit\u00e4t Udine, die technologischen und \u00f6konomischen Kompetenzen des Forschungszentrums IARA der Fachhochschule K\u00e4rnten, die sozialen Kompetenzen des Gesundheitsbetriebs AAS3 und des Sozialvereins ASOLE. Finanzielle Unterst\u00fctzung f\u00fcr die Zielerreichung wird durch die Europ\u00e4ische Union gew\u00e4hrleistet.<\/p>\n<p style=\"text-align: justify\">Das Projekt sieht vor \u00e4lteren Personen die Teilnahme an einem von einschl\u00e4gigen Expert*innen begleiteten Bewegungsprogramm anzubieten. \u00c4ltere Menschen k\u00f6nnen das Programm nutzen, um ihre sozialen F\u00e4higkeiten, ihr Wissen \u00fcber neue Technologien und ihre k\u00f6rperliche Fitness zu st\u00e4rken und ihre Lebensqualit\u00e4t zu verbessern. MOVINSI strebt dar\u00fcber hinaus an, die Kooperation zwischen den im grenz\u00fcberschreitenden Raum t\u00e4tigen Einrichtungen durch F\u00f6rderung des Informationsaustauschs und des Voneinander-Lernens zu optimieren.<\/p>\n<p>Das Projekt Movinsi! Los Geht&#8217;s! ist gef\u00f6rdert durch den Europ\u00e4ischen Fonds f\u00fcr regionale Entwicklung und Interreg V-A Italien-\u00d6sterreich 2014-2020.<\/p>\n<p>\u00a0<\/p>\n<h1 style=\"text-align: center\">TRIFF DAS PROJEKTTEAM<\/h1>\n<p>\u00a0<\/p>\n<p><strong>\u00a0<\/strong><\/p>\n<p>\u00a0<\/p>\n<p><\/p>\t\t\n\t\t\t\t\t\t\t\t\t\t\t\t<img decoding=\"async\" width=\"640\" height=\"200\" src=\"data:image\/gif;base64,R0lGODlhAQABAAAAACH5BAEKAAEALAAAAAABAAEAAAICTAEAOw==\" alt=\"\" loading=\"lazy\" class=\"lazyload\" data-src=\"https:\/\/forschung.fh-kaernten.at\/movinsi\/files\/2021\/06\/Photo_6-1024x320.jpg\">\t\t\t\t\t\t\t\t\t\t\t\t\t\t\n\t\t<p style=\"text-align: center\"><strong>Universit\u00e4t UDINE<\/strong><br \/><em>Proejektleitung<\/em><\/p>\n<p style=\"text-align: center\">Kontakt: Stefano Lazzer<\/p>\n<p style=\"text-align: center\">E-Mail: stefano.lazzer@uniud.it<\/p>\n<p style=\"text-align: center\">Tel.: +3943249433 3<\/p><p style=\"text-align: center\"><strong>Fachhochschule K\u00e4rnten<br \/><\/strong><em>Forschungszentrum IARA<\/em><strong><br \/><\/strong><\/p>\n<p style=\"text-align: center\">Kontakt: Daniela Elisabeth Str\u00f6ckl<\/p>\n<p style=\"text-align: center\">E-Mail: d.stroeckl@cuas.at<\/p>\n<p style=\"text-align: center\">Tel.: +435905003266<\/p><p style=\"text-align: center\"><strong>ASU FC<\/strong><br \/><em>Sozialpartner aus Italien<\/em><\/p>\n<p style=\"text-align: center\">Kontakt: Paola Dario<\/p>\n<p style=\"text-align: center\">E-Mail: paola.dario@aas3.sanita.fvg.it<\/p>\n<p style=\"text-align: center\">Tel.: +39433488823<\/p><p style=\"text-align: center\"><strong>ALSOLE <\/strong><br \/><em>Sozialpart. aus \u00d6sterreich<\/em><\/p>\n<p style=\"text-align: center\">Kontakt: Kathrin Weger<\/p>\n<p style=\"text-align: center\">E-Mail: kathrin.weger@dellach.at<\/p>\n<p style=\"text-align: center\">Tel.: +43471830144<\/p>","protected":false},"excerpt":{"rendered":"<p>Das Projekt MOVINSI! Los Geht\u2019s! m\u00f6chte das Wohlbefinden und die gesellschaftliche Teilhabe \u00e4lterer Menschen der \u00d6sterreichisch Italienischen HEurOpen \u2013 Regionen: Region Hermagor, Euroleader und Openleader f\u00f6rdern und Bewegung sowie soziales Miteinander durch Einsatz und Unterst\u00fctzung modernster Technologien anregen. Um dieses Ziel zu erreichen, b\u00fcndelt das Projekt die Kompetenzen verschiedener Akteure: die wissenschaftlichen Kompetenzen der Universit\u00e4t [&hellip;]<\/p>\n","protected":false},"author":104,"featured_media":0,"parent":0,"menu_order":0,"comment_status":"closed","ping_status":"closed","template":"","meta":{"_crdt_document":"","inline_featured_image":false,"ngg_post_thumbnail":0,"footnotes":""},"class_list":["post-112","page","type-page","status-publish","hentry"],"_links":{"self":[{"href":"https:\/\/forschung.fh-kaernten.at\/movinsi\/wp-json\/wp\/v2\/pages\/112","targetHints":{"allow":["GET"]}}],"collection":[{"href":"https:\/\/forschung.fh-kaernten.at\/movinsi\/wp-json\/wp\/v2\/pages"}],"about":[{"href":"https:\/\/forschung.fh-kaernten.at\/movinsi\/wp-json\/wp\/v2\/types\/page"}],"author":[{"embeddable":true,"href":"https:\/\/forschung.fh-kaernten.at\/movinsi\/wp-json\/wp\/v2\/users\/104"}],"replies":[{"embeddable":true,"href":"https:\/\/forschung.fh-kaernten.at\/movinsi\/wp-json\/wp\/v2\/comments?post=112"}],"version-history":[{"count":0,"href":"https:\/\/forschung.fh-kaernten.at\/movinsi\/wp-json\/wp\/v2\/pages\/112\/revisions"}],"wp:attachment":[{"href":"https:\/\/forschung.fh-kaernten.at\/movinsi\/wp-json\/wp\/v2\/media?parent=112"}],"curies":[{"name":"wp","href":"https:\/\/api.w.org\/{rel}","templated":true}]}}