{"id":204,"date":"2020-09-09T07:18:21","date_gmt":"2020-09-09T05:18:21","guid":{"rendered":"https:\/\/forschung.fh-kaernten.at\/movinsi\/?page_id=204"},"modified":"2020-09-09T07:20:26","modified_gmt":"2020-09-09T05:20:26","slug":"204-2","status":"publish","type":"page","link":"https:\/\/forschung.fh-kaernten.at\/movinsi\/204-2\/","title":{"rendered":""},"content":{"rendered":"<p>[ux_banner height=&#8220;23%&#8220; bg=&#8220;147&#8243; bg_color=&#8220;rgb(255,255,255)&#8220; bg_pos=&#8220;49% 55%&#8220;]<\/p>\n<p>[text_box width__sm=&#8220;60&#8243; position_x=&#8220;50&#8243; position_y=&#8220;50&#8243;]<\/p>\n<p>[\/text_box]<\/p>\n<p>[\/ux_banner]<\/p>\n\n\n<p>[divider align=&#8220;center&#8220; width=&#8220;1050px&#8220; color=&#8220;rgb(110, 159, 0)&#8220;]<\/p>\n\n\n\n<p class=\"wp-block-paragraph\">Das Projekt MOVINSI! Los Geht\u2019s! m\u00f6chte das Wohlbefinden und die gesellschaftliche Teilhabe \u00e4lterer Menschen der \u00d6sterreichisch Italienischen HEurOpen \u2013 Regionen: Region Hermagor, Euroleader und Openleader f\u00f6rdern und Bewegung sowie soziales Miteinander durch Einsatz und Unterst\u00fctzung modernster Technologien anregen.<\/p>\n\n\n\n<p class=\"wp-block-paragraph\">Um dieses Ziel zu erreichen, b\u00fcndelt das Projekt die Kompetenzen verschiedener Akteure: die wissenschaftlichen Kompetenzen der Universit\u00e4t Udine, die technologischen und \u00f6konomischen Kompetenzen des Forschungszentrums IARA der Fachhochschule K\u00e4rnten, die sozialen Kompetenzen des Gesundheitsbetriebs AAS3 und des Sozialvereins ASOLE. Finanzielle Unterst\u00fctzung f\u00fcr die Zielerreichung wird durch die Europ\u00e4ische Union gew\u00e4hrleistet.<\/p>\n\n\n\n<p class=\"wp-block-paragraph\">Das Projekt sieht vor \u00e4lteren Personen die Teilnahme an einem von einschl\u00e4gigen Expert*innen begleiteten Bewegungsprogramm anzubieten. \u00c4ltere Menschen k\u00f6nnen das Programm nutzen, um ihre sozialen F\u00e4higkeiten, ihr Wissen \u00fcber neue Technologien und ihre k\u00f6rperliche Fitness zu st\u00e4rken und ihre Lebensqualit\u00e4t zu verbessern. MOVINSI strebt dar\u00fcber hinaus an, die Kooperation zwischen den im grenz\u00fcberschreitenden Raum t\u00e4tigen Einrichtungen durch F\u00f6rderung des Informationsaustauschs und des Voneinander-Lernens zu optimieren.<\/p>\n\n\n\n<p class=\"wp-block-paragraph\">Das Projekt Movinsi! Los Geht\u2019s! ist gef\u00f6rdert durch den Europ\u00e4ischen Fonds f\u00fcr regionale Entwicklung und Interreg V-A Italien-\u00d6sterreich 2014-2020.<\/p>\n\n\n<p>[gap height=&#8220;49px&#8220;]<\/p>\n\n\n<p>[section padding=&#8220;16px&#8220;]<\/p>\n<h1 style=\"text-align: center\"><span style=\"font-size: 120%\">MEET THE PROJECT TEAM<\/span><\/h1>\n<p>[divider align=&#8220;center&#8220; width=&#8220;213px&#8220; color=&#8220;rgb(110, 159, 0)&#8220;]<\/p>\n<p>[\/section]<\/p>\n\n\n<p>[ux_image id=&#8220;69&#8243; margin=&#8220;0px 0px 0px px&#8220;]<\/p>\n\n\n<p>[ux_banner bg=&#8220;193&#8243; bg_size=&#8220;original&#8220; bg_color=&#8220;rgb(255,255,255)&#8220; bg_overlay=&#8220;rgba(0, 109, 255, 0.03)&#8220; bg_pos=&#8220;51% 53%&#8220; border=&#8220;1px 1px 1px 1px&#8220; border_color=&#8220;rgb(110, 159, 0)&#8220; target=&#8220;_blank&#8220;]<\/p>\n<p>[text_box width__sm=&#8220;60&#8243; position_x=&#8220;50&#8243; position_y=&#8220;50&#8243;]<\/p>\n<p>[\/text_box]<\/p>\n<p>[\/ux_banner]<\/p>\n\n\n<p>[row style=&#8220;collapse&#8220;]<\/p>\n<p>[col span=&#8220;3&#8243; span__sm=&#8220;12&#8243;]<\/p>\n<p class=\"uppercase\" style=\"text-align: center\"><span class=\"person-name\"><br \/>\n<strong>UniversiTY of UDINE<\/strong><br \/>\n<em>Leadpartner<\/em><\/span><\/p>\n<p style=\"text-align: center\">Contact: Stefano Lazzer<\/p>\n<p>[follow align=&#8220;center&#8220; email=&#8220;stefano.lazzer@uniud.it&#8220; phone=&#8220;+3943249433 3&#8243;]<\/p>\n<p>[\/col]<br \/>\n[col span=&#8220;3&#8243; span__sm=&#8220;12&#8243;]<\/p>\n<p class=\"uppercase\" style=\"text-align: center\"><span class=\"person-name\"><br \/>\n<strong>Carinthia University of Applied Sciences<\/strong><\/span><\/p>\n<p style=\"text-align: center\">Contact: Daniela Elisabeth Str\u00f6ckl<\/p>\n<p>[follow align=&#8220;center&#8220; email=&#8220;d.stroeckl@cuas.at&#8220; phone=&#8220;+435905003266&#8243;]<\/p>\n<p>[\/col]<br \/>\n[col span=&#8220;3&#8243; span__sm=&#8220;12&#8243;]<\/p>\n<p class=\"uppercase\" style=\"text-align: center\"><span class=\"person-name\"><br \/>\n<strong>ASU FC<\/strong><br \/>\n<\/span><em>Social Partner Italy<\/em><\/p>\n<p style=\"text-align: center\">Contact: Paola Dario<\/p>\n<p>[follow align=&#8220;center&#8220; email=&#8220;paola.dario@aas3.sanita.fvg.it&#8220; phone=&#8220;+39433488823&#8243;]<\/p>\n<p>[\/col]<br \/>\n[col span=&#8220;3&#8243; span__sm=&#8220;12&#8243;]<\/p>\n<p class=\"uppercase\" style=\"text-align: center\"><span class=\"person-name\"><br \/>\n<strong>ALSOLE <\/strong><br \/>\n<em>Social Partner Austria<\/em><\/span><\/p>\n<p style=\"text-align: center\">Contact: Kathrin Weger<\/p>\n<p>[follow align=&#8220;center&#8220; email=&#8220;kathrin.weger@dellach.at&#8220; phone=&#8220;+43471830144&#8243;]<\/p>\n<p>[\/col]<\/p>\n<p>[\/row]<\/p>\n\n\n<p>[gap height=&#8220;64px&#8220;]<\/p>\n","protected":false},"excerpt":{"rendered":"<p>Das Projekt MOVINSI! Los Geht\u2019s! m\u00f6chte das Wohlbefinden und die gesellschaftliche Teilhabe \u00e4lterer Menschen der \u00d6sterreichisch Italienischen HEurOpen \u2013 Regionen: Region Hermagor, Euroleader und Openleader f\u00f6rdern und Bewegung sowie soziales Miteinander durch Einsatz und Unterst\u00fctzung modernster Technologien anregen. Um dieses Ziel zu erreichen, b\u00fcndelt das Projekt die Kompetenzen verschiedener Akteure: die wissenschaftlichen Kompetenzen der Universit\u00e4t [&hellip;]<\/p>\n","protected":false},"author":48,"featured_media":0,"parent":0,"menu_order":0,"comment_status":"closed","ping_status":"closed","template":"","meta":{"_crdt_document":"","inline_featured_image":false,"ngg_post_thumbnail":0,"footnotes":""},"class_list":["post-204","page","type-page","status-publish","hentry"],"_links":{"self":[{"href":"https:\/\/forschung.fh-kaernten.at\/movinsi\/wp-json\/wp\/v2\/pages\/204","targetHints":{"allow":["GET"]}}],"collection":[{"href":"https:\/\/forschung.fh-kaernten.at\/movinsi\/wp-json\/wp\/v2\/pages"}],"about":[{"href":"https:\/\/forschung.fh-kaernten.at\/movinsi\/wp-json\/wp\/v2\/types\/page"}],"author":[{"embeddable":true,"href":"https:\/\/forschung.fh-kaernten.at\/movinsi\/wp-json\/wp\/v2\/users\/48"}],"replies":[{"embeddable":true,"href":"https:\/\/forschung.fh-kaernten.at\/movinsi\/wp-json\/wp\/v2\/comments?post=204"}],"version-history":[{"count":0,"href":"https:\/\/forschung.fh-kaernten.at\/movinsi\/wp-json\/wp\/v2\/pages\/204\/revisions"}],"wp:attachment":[{"href":"https:\/\/forschung.fh-kaernten.at\/movinsi\/wp-json\/wp\/v2\/media?parent=204"}],"curies":[{"name":"wp","href":"https:\/\/api.w.org\/{rel}","templated":true}]}}