{"id":2,"date":"2022-01-20T08:52:42","date_gmt":"2022-01-20T07:52:42","guid":{"rendered":"https:\/\/forschung.fh-kaernten.at\/perezoso\/?page_id=2"},"modified":"2022-07-15T14:29:42","modified_gmt":"2022-07-15T12:29:42","slug":"impressum","status":"publish","type":"page","link":"https:\/\/forschung.fh-kaernten.at\/perezoso\/impressum\/","title":{"rendered":"Impressum"},"content":{"rendered":"\t\t<div data-elementor-type=\"wp-page\" data-elementor-id=\"2\" class=\"elementor elementor-2\" data-elementor-post-type=\"page\">\n\t\t\t\t\t\t<section class=\"elementor-section elementor-top-section elementor-element elementor-element-a755c30 elementor-section-boxed elementor-section-height-default elementor-section-height-default\" data-id=\"a755c30\" data-element_type=\"section\" data-e-type=\"section\">\n\t\t\t\t\t\t<div class=\"elementor-container elementor-column-gap-default\">\n\t\t\t\t\t<div class=\"elementor-column elementor-col-100 elementor-top-column elementor-element elementor-element-53040a3\" data-id=\"53040a3\" data-element_type=\"column\" data-e-type=\"column\">\n\t\t\t<div class=\"elementor-widget-wrap elementor-element-populated\">\n\t\t\t\t\t\t<div class=\"elementor-element elementor-element-ee694bf elementor-widget elementor-widget-heading\" data-id=\"ee694bf\" data-element_type=\"widget\" data-e-type=\"widget\" data-widget_type=\"heading.default\">\n\t\t\t\t<div class=\"elementor-widget-container\">\n\t\t\t\t\t<h2 class=\"elementor-heading-title elementor-size-default\">Impressum<\/h2>\t\t\t\t<\/div>\n\t\t\t\t<\/div>\n\t\t\t\t<div class=\"elementor-element elementor-element-779c8dd7 elementor-widget elementor-widget-text-editor\" data-id=\"779c8dd7\" data-element_type=\"widget\" data-e-type=\"widget\" data-widget_type=\"text-editor.default\">\n\t\t\t\t<div class=\"elementor-widget-container\">\n\t\t\t\t\t\t\t\t\t<p>\u00a0<\/p>\n<p><strong>Impressum\/Informationspflicht lt. \u00a7 5 Abs. 1 E-Commerce Gesetz<\/strong><\/p>\n<p><strong>FH K\u00e4rnten \u2013 gemeinn\u00fctzige Gesellschaft mbH<\/strong><\/p>\n<p>Europastra\u00dfe 4, 9524 Villach<br \/>T: +43 5 90500<br \/>F: +43 (0)5 \/ 90500-9910<br \/><a>info@fh-kaernten.at<\/a>\u00a0<\/p>\n<p><strong><br \/>Erweiterte Informationen zur Offenlegungspflicht gem\u00e4\u00df \u00a7 25 MedienG:<\/strong><br \/><a href=\"http:\/\/www.fh-kaernten.at\/ueber-die-fh\/organisation\/hochschulleitung\/organe-der-privatstiftung\">http:\/\/www.fh-kaernten.at\/ueber-die-fh\/organisation\/hochschulleitung\/organe-der-privatstiftung<\/a><\/p>\n<p>\u00a0<\/p>\n<p><strong>Standort<\/strong><br \/>Europastra\u00dfe 4, 9524 Villach.<br \/>Eingetragen im Firmenbuch des Landgerichts Klagenfurt<\/p>\n<p>\u00a0<\/p>\n<p>FN566373b<br \/>UID-Nr:\u00a0\u00a0 \u00a0ATU77483224<br \/>IBAN: AT88 1200 0100 3503 8529<br \/>BIC: BKAUATWW<\/p>\n<p>\u00a0<\/p>\n<p><strong>Haftung und Copyright<\/strong><br \/>S\u00e4mtliche Texte auf dem Blog der FH K\u00e4rnten wurden sorgf\u00e4ltig gepr\u00fcft. Dessen ungeachtet kann keine Garantie f\u00fcr die Richtigkeit, Vollst\u00e4ndigkeit und Aktualit\u00e4t der Angaben \u00fcbernommen werden. Eine Haftung der FH K\u00e4rnten wird daher ausgeschlossen. Die Links zu anderen Webseiten wurden sorgf\u00e4ltig ausgew\u00e4hlt. Da die FH K\u00e4rnten auf deren Inhalt keinen Einfluss hat, \u00fcbernimmt die FH K\u00e4rnten daf\u00fcr keine Verantwortung. Die FH K\u00e4rnten haftet dar\u00fcber hinaus nicht f\u00fcr unautorisierte Bewerbung ihrer Angebote.<br \/>\u00a9 Das Copyright liegt bei der FH K\u00e4rnten.<\/p>\n<p>\u00a0<\/p>\n<p><strong>Fotos:<\/strong><br \/>* Colourbox\u00a0<a href=\"http:\/\/www.colourbox.de\/\">www.colourbox.de<\/a><br \/>* Fotolia\u00a0<a href=\"http:\/\/www.fotolia.de\/\">www.fotolia.de<\/a><br \/>* Shutterstock\u00a0<a href=\"http:\/\/www.shutterstock.com\/\">www.shutterstock.com<\/a><br \/>* K\u00e4rnten Werbung\u00a0<a href=\"http:\/\/www.kaernten.at\/\">www.kaernten.at<\/a><br \/>* Helge Bauer\u00a0<a href=\"http:\/\/www.helgebauer.at\/\">www.helgebauer.at<\/a><\/p>\n<p>\u00a0<\/p>\n<p>Die FH K\u00e4rnten geht mit Ihren personenbezogenen Daten sorgf\u00e4ltig und gewissenhaft um. Bei der Datenverarbeitung beachten wir die rechtlichen nationalen und europ\u00e4ischen Datenschutzbestimmungen. Alle Daten werden auf Servern gespeichert, die mit einem hohen Sicherheitsstandard betrieben und vor dem Zugriff unberechtigter Personen und Missbrauch gesch\u00fctzt werden.<\/p>\n<p>\u00a0<\/p>\n<p>F\u00fcr Fragen und Anliegen in Zusammenhang mit dem Datenschutz an der FH K\u00e4rnten steht Ihnen gerne unsere interne Ansprechperson zur Verf\u00fcgung, welche Sie per E-Mail unter\u00a0<a href=\"mailto:datenschutz@fh-kaernten.at\">datenschutz@fh-kaernten.at<\/a>\u00a0 erreichen k\u00f6nnen.<\/p>\n<p>\u00a0<\/p>\t\t\t\t\t\t\t\t<\/div>\n\t\t\t\t<\/div>\n\t\t\t\t\t<\/div>\n\t\t<\/div>\n\t\t\t\t\t<\/div>\n\t\t<\/section>\n\t\t\t\t<\/div>\n\t\t","protected":false},"excerpt":{"rendered":"<p>\/*! elementor &#8211; v3.5.6 &#8211; 28-02-2022 *\/ .elementor-heading-title{padding:0;margin:0;line-height:1}.elementor-widget-heading .elementor-heading-title[class*=elementor-size-]&gt;a{color:inherit;font-size:inherit;line-height:inherit}.elementor-widget-heading .elementor-heading-title.elementor-size-small{font-size:15px}.elementor-widget-heading .elementor-heading-title.elementor-size-medium{font-size:19px}.elementor-widget-heading .elementor-heading-title.elementor-size-large{font-size:29px}.elementor-widget-heading [&hellip;]<\/p>\n","protected":false},"author":48,"featured_media":0,"parent":0,"menu_order":0,"comment_status":"closed","ping_status":"closed","template":"elementor_header_footer","meta":{"_crdt_document":"","inline_featured_image":false,"footnotes":""},"class_list":["post-2","page","type-page","status-publish","hentry"],"yoast_head":"<!-- This site is optimized with the Yoast SEO plugin v27.5 - https:\/\/yoast.com\/product\/yoast-seo-wordpress\/ -->\n<title>Impressum - PEREZOSO<\/title>\n<meta name=\"robots\" content=\"noindex, follow\" \/>\n<meta property=\"og:locale\" content=\"de_DE\" \/>\n<meta property=\"og:type\" content=\"article\" \/>\n<meta property=\"og:title\" content=\"Impressum - PEREZOSO\" \/>\n<meta property=\"og:description\" content=\"\/*! elementor &#8211; v3.5.6 &#8211; 28-02-2022 *\/ .elementor-heading-title{padding:0;margin:0;line-height:1}.elementor-widget-heading .elementor-heading-title[class*=elementor-size-]&gt;a{color:inherit;font-size:inherit;line-height:inherit}.elementor-widget-heading .elementor-heading-title.elementor-size-small{font-size:15px}.elementor-widget-heading .elementor-heading-title.elementor-size-medium{font-size:19px}.elementor-widget-heading .elementor-heading-title.elementor-size-large{font-size:29px}.elementor-widget-heading [&hellip;]\" \/>\n<meta property=\"og:url\" content=\"https:\/\/forschung.fh-kaernten.at\/perezoso\/impressum\/\" \/>\n<meta property=\"og:site_name\" content=\"PEREZOSO\" \/>\n<meta property=\"article:modified_time\" content=\"2022-07-15T12:29:42+00:00\" \/>\n<meta name=\"twitter:card\" content=\"summary_large_image\" \/>\n<meta name=\"twitter:label1\" content=\"Gesch\u00e4tzte Lesezeit\" \/>\n\t<meta name=\"twitter:data1\" content=\"2\u00a0Minuten\" \/>\n<script type=\"application\/ld+json\" class=\"yoast-schema-graph\">{\"@context\":\"https:\\\/\\\/schema.org\",\"@graph\":[{\"@type\":\"WebPage\",\"@id\":\"https:\\\/\\\/forschung.fh-kaernten.at\\\/perezoso\\\/impressum\\\/\",\"url\":\"https:\\\/\\\/forschung.fh-kaernten.at\\\/perezoso\\\/impressum\\\/\",\"name\":\"Impressum - PEREZOSO\",\"isPartOf\":{\"@id\":\"https:\\\/\\\/forschung.fh-kaernten.at\\\/perezoso\\\/#website\"},\"datePublished\":\"2022-01-20T07:52:42+00:00\",\"dateModified\":\"2022-07-15T12:29:42+00:00\",\"breadcrumb\":{\"@id\":\"https:\\\/\\\/forschung.fh-kaernten.at\\\/perezoso\\\/impressum\\\/#breadcrumb\"},\"inLanguage\":\"de\",\"potentialAction\":[{\"@type\":\"ReadAction\",\"target\":[\"https:\\\/\\\/forschung.fh-kaernten.at\\\/perezoso\\\/impressum\\\/\"]}]},{\"@type\":\"BreadcrumbList\",\"@id\":\"https:\\\/\\\/forschung.fh-kaernten.at\\\/perezoso\\\/impressum\\\/#breadcrumb\",\"itemListElement\":[{\"@type\":\"ListItem\",\"position\":1,\"name\":\"Startseite\",\"item\":\"https:\\\/\\\/forschung.fh-kaernten.at\\\/perezoso\\\/\"},{\"@type\":\"ListItem\",\"position\":2,\"name\":\"Impressum\"}]},{\"@type\":\"WebSite\",\"@id\":\"https:\\\/\\\/forschung.fh-kaernten.at\\\/perezoso\\\/#website\",\"url\":\"https:\\\/\\\/forschung.fh-kaernten.at\\\/perezoso\\\/\",\"name\":\"PEREZOSO\",\"description\":\"\",\"publisher\":{\"@id\":\"https:\\\/\\\/forschung.fh-kaernten.at\\\/perezoso\\\/#organization\"},\"potentialAction\":[{\"@type\":\"SearchAction\",\"target\":{\"@type\":\"EntryPoint\",\"urlTemplate\":\"https:\\\/\\\/forschung.fh-kaernten.at\\\/perezoso\\\/?s={search_term_string}\"},\"query-input\":{\"@type\":\"PropertyValueSpecification\",\"valueRequired\":true,\"valueName\":\"search_term_string\"}}],\"inLanguage\":\"de\"},{\"@type\":\"Organization\",\"@id\":\"https:\\\/\\\/forschung.fh-kaernten.at\\\/perezoso\\\/#organization\",\"name\":\"FH K\u00e4rnten - Forschung\",\"url\":\"https:\\\/\\\/forschung.fh-kaernten.at\\\/perezoso\\\/\",\"logo\":{\"@type\":\"ImageObject\",\"inLanguage\":\"de\",\"@id\":\"https:\\\/\\\/forschung.fh-kaernten.at\\\/perezoso\\\/#\\\/schema\\\/logo\\\/image\\\/\",\"url\":\"https:\\\/\\\/forschung.fh-kaernten.at\\\/perezoso\\\/files\\\/2022\\\/07\\\/Logo-FHK_web-schwarz-rot.png\",\"contentUrl\":\"https:\\\/\\\/forschung.fh-kaernten.at\\\/perezoso\\\/files\\\/2022\\\/07\\\/Logo-FHK_web-schwarz-rot.png\",\"width\":1006,\"height\":334,\"caption\":\"FH K\u00e4rnten - Forschung\"},\"image\":{\"@id\":\"https:\\\/\\\/forschung.fh-kaernten.at\\\/perezoso\\\/#\\\/schema\\\/logo\\\/image\\\/\"}}]}<\/script>\n<!-- \/ Yoast SEO plugin. -->","yoast_head_json":{"title":"Impressum - PEREZOSO","robots":{"index":"noindex","follow":"follow"},"og_locale":"de_DE","og_type":"article","og_title":"Impressum - PEREZOSO","og_description":"\/*! elementor &#8211; v3.5.6 &#8211; 28-02-2022 *\/ .elementor-heading-title{padding:0;margin:0;line-height:1}.elementor-widget-heading .elementor-heading-title[class*=elementor-size-]&gt;a{color:inherit;font-size:inherit;line-height:inherit}.elementor-widget-heading .elementor-heading-title.elementor-size-small{font-size:15px}.elementor-widget-heading .elementor-heading-title.elementor-size-medium{font-size:19px}.elementor-widget-heading .elementor-heading-title.elementor-size-large{font-size:29px}.elementor-widget-heading [&hellip;]","og_url":"https:\/\/forschung.fh-kaernten.at\/perezoso\/impressum\/","og_site_name":"PEREZOSO","article_modified_time":"2022-07-15T12:29:42+00:00","twitter_card":"summary_large_image","twitter_misc":{"Gesch\u00e4tzte Lesezeit":"2\u00a0Minuten"},"schema":{"@context":"https:\/\/schema.org","@graph":[{"@type":"WebPage","@id":"https:\/\/forschung.fh-kaernten.at\/perezoso\/impressum\/","url":"https:\/\/forschung.fh-kaernten.at\/perezoso\/impressum\/","name":"Impressum - PEREZOSO","isPartOf":{"@id":"https:\/\/forschung.fh-kaernten.at\/perezoso\/#website"},"datePublished":"2022-01-20T07:52:42+00:00","dateModified":"2022-07-15T12:29:42+00:00","breadcrumb":{"@id":"https:\/\/forschung.fh-kaernten.at\/perezoso\/impressum\/#breadcrumb"},"inLanguage":"de","potentialAction":[{"@type":"ReadAction","target":["https:\/\/forschung.fh-kaernten.at\/perezoso\/impressum\/"]}]},{"@type":"BreadcrumbList","@id":"https:\/\/forschung.fh-kaernten.at\/perezoso\/impressum\/#breadcrumb","itemListElement":[{"@type":"ListItem","position":1,"name":"Startseite","item":"https:\/\/forschung.fh-kaernten.at\/perezoso\/"},{"@type":"ListItem","position":2,"name":"Impressum"}]},{"@type":"WebSite","@id":"https:\/\/forschung.fh-kaernten.at\/perezoso\/#website","url":"https:\/\/forschung.fh-kaernten.at\/perezoso\/","name":"PEREZOSO","description":"","publisher":{"@id":"https:\/\/forschung.fh-kaernten.at\/perezoso\/#organization"},"potentialAction":[{"@type":"SearchAction","target":{"@type":"EntryPoint","urlTemplate":"https:\/\/forschung.fh-kaernten.at\/perezoso\/?s={search_term_string}"},"query-input":{"@type":"PropertyValueSpecification","valueRequired":true,"valueName":"search_term_string"}}],"inLanguage":"de"},{"@type":"Organization","@id":"https:\/\/forschung.fh-kaernten.at\/perezoso\/#organization","name":"FH K\u00e4rnten - Forschung","url":"https:\/\/forschung.fh-kaernten.at\/perezoso\/","logo":{"@type":"ImageObject","inLanguage":"de","@id":"https:\/\/forschung.fh-kaernten.at\/perezoso\/#\/schema\/logo\/image\/","url":"https:\/\/forschung.fh-kaernten.at\/perezoso\/files\/2022\/07\/Logo-FHK_web-schwarz-rot.png","contentUrl":"https:\/\/forschung.fh-kaernten.at\/perezoso\/files\/2022\/07\/Logo-FHK_web-schwarz-rot.png","width":1006,"height":334,"caption":"FH K\u00e4rnten - Forschung"},"image":{"@id":"https:\/\/forschung.fh-kaernten.at\/perezoso\/#\/schema\/logo\/image\/"}}]}},"_links":{"self":[{"href":"https:\/\/forschung.fh-kaernten.at\/perezoso\/wp-json\/wp\/v2\/pages\/2","targetHints":{"allow":["GET"]}}],"collection":[{"href":"https:\/\/forschung.fh-kaernten.at\/perezoso\/wp-json\/wp\/v2\/pages"}],"about":[{"href":"https:\/\/forschung.fh-kaernten.at\/perezoso\/wp-json\/wp\/v2\/types\/page"}],"author":[{"embeddable":true,"href":"https:\/\/forschung.fh-kaernten.at\/perezoso\/wp-json\/wp\/v2\/users\/48"}],"replies":[{"embeddable":true,"href":"https:\/\/forschung.fh-kaernten.at\/perezoso\/wp-json\/wp\/v2\/comments?post=2"}],"version-history":[{"count":0,"href":"https:\/\/forschung.fh-kaernten.at\/perezoso\/wp-json\/wp\/v2\/pages\/2\/revisions"}],"wp:attachment":[{"href":"https:\/\/forschung.fh-kaernten.at\/perezoso\/wp-json\/wp\/v2\/media?parent=2"}],"curies":[{"name":"wp","href":"https:\/\/api.w.org\/{rel}","templated":true}]}}