{"id":2,"date":"2019-02-20T14:23:05","date_gmt":"2019-02-20T13:23:05","guid":{"rendered":"https:\/\/forschung.fh-kaernten.at\/reha2030\/?page_id=2"},"modified":"2022-01-24T10:00:47","modified_gmt":"2022-01-24T09:00:47","slug":"beispiel-seite","status":"publish","type":"page","link":"https:\/\/forschung.fh-kaernten.at\/reha2030\/kontakt\/beispiel-seite\/","title":{"rendered":"IMPRESSUM"},"content":{"rendered":"<header class=\"entry-header\">\r\n<h1 class=\"entry-title\"><span style=\"font-size: 18pt;\"><strong>Impressum\/Informationspflicht lt. \u00a7 5 Abs. 1 E-CommerceGesetz<\/strong><\/span><\/h1>\r\n<\/header>\r\n<div class=\"entry-content\">\r\n\r\n<strong>FH K\u00e4rnten \u2013 gemeinn\u00fctzige Gesellschaft mbH\r\n<\/strong>Europastra\u00dfe 4, 9524 Villach\r\nT: +43 5 90500\r\nF: +43 (0)5 \/ 90500-9910\r\n<a href=\"mailto:info@fh-kaernten.at\">info@fh-kaernten.at<\/a>\r\n\r\n<strong>Gesch\u00e4ftsf\u00fchrender Vorstandsvorsitzender\r\n<\/strong>DI Siegfried Spanz\r\n\r\n<strong>Organisation\r\n<\/strong><a href=\"https:\/\/www.fh-kaernten.at\/fachhochschule\">https:\/\/www.fh-kaernten.at\/fachhochschule<\/a>\r\n\r\n<strong>Standort\r\n<\/strong>FH K\u00e4rnten \u2013 gemeinn\u00fctzige Gesellschaft mbH\r\nEuropastra\u00dfe 4\r\n9524 Villach\r\n\r\nFN566373b, LG Klagenfurt\r\nUID-Nr:\u00a0\u00a0 \u00a0ATU77483224\r\nIBAN\u00a0\u00a0\u00a0\u00a0\u00a0 AT88 1200 0100 3503 8529\r\nBIC\u00a0\u00a0\u00a0\u00a0\u00a0\u00a0\u00a0\u00a0 BKAUATWW\r\n\r\n<strong>Erweiterte Informationen zur Offenlegungspflicht gem\u00e4\u00df \u00a7 25 MedienG:<\/strong>\r\n<a href=\"http:\/\/www.fh-kaernten.at\/ueber-die-fh\/organisation\/hochschulleitung\/organe-der-privatstiftung\">http:\/\/www.fh-kaernten.at\/ueber-die-fh\/organisation\/hochschulleitung\/organe-der-privatstiftung<\/a>\r\n\r\n<strong>Haftung und Copyright<\/strong>\r\nS\u00e4mtliche Texte auf dem Blog der FH K\u00e4rnten wurden sorgf\u00e4ltig gepr\u00fcft. Dessen ungeachtet kann keine Garantie f\u00fcr die Richtigkeit, Vollst\u00e4ndigkeit und Aktualit\u00e4t der Angaben \u00fcbernommen werden. Eine Haftung der FH K\u00e4rnten wird daher ausgeschlossen. Die Links zu anderen Webseiten wurden sorgf\u00e4ltig ausgew\u00e4hlt. Da die FH K\u00e4rnten auf deren Inhalt keinen Einfluss hat, \u00fcbernimmt die FH K\u00e4rnten daf\u00fcr keine Verantwortung. Die FH K\u00e4rnten haftet dar\u00fcber hinaus nicht f\u00fcr unautorisierte Bewerbung ihrer Angebote.\r\n\u00a9 Das Copyright liegt bei der FH K\u00e4rnten.\r\n\r\n<strong>Fotos:<\/strong>\r\n* Colourbox\u00a0<a href=\"http:\/\/www.colourbox.de\/\">www.colourbox.de<\/a>\r\n* Fotolia\u00a0<a href=\"http:\/\/www.fotolia.de\/\">www.fotolia.de<\/a>\r\n* Shutterstock\u00a0<a href=\"http:\/\/www.shutterstock.com\/\">www.shutterstock.com<\/a>\r\n\r\nDie FH K\u00e4rnten geht mit Ihren personenbezogenen Daten sorgf\u00e4ltig und gewissenhaft um. Bei der Datenverarbeitung beachten wir die rechtlichen nationalen und europ\u00e4ischen Datenschutzbestimmungen. Alle Daten werden auf Servern gespeichert, die mit einem hohen Sicherheitsstandard betrieben und vor dem Zugriff unberechtigter Personen und Missbrauch gesch\u00fctzt werden.\r\n\r\nF\u00fcr Fragen und Anliegen in Zusammenhang mit dem Datenschutz an der FH K\u00e4rnten steht Ihnen gerne unsere interne Ansprechperson zur Verf\u00fcgung, welche Sie per E-Mail unter\u00a0<a>datenschutz@fh-kaernten.at<\/a>\u00a0 erreichen k\u00f6nnen.\r\n\r\n<\/div>\r\n\r\n\r\n&nbsp;<!-- \/wp:post-content -->","protected":false},"excerpt":{"rendered":"<p>Impressum\/Informationspflicht lt. \u00a7 5 Abs. 1 E-CommerceGesetz FH K\u00e4rnten \u2013 gemeinn\u00fctzige Gesellschaft mbH Europastra\u00dfe 4, 9524 Villach T: +43 5 90500 F: +43 (0)5 \/ 90500-9910 info@fh-kaernten.at Gesch\u00e4ftsf\u00fchrender Vorstandsvorsitzender DI Siegfried Spanz Organisation https:\/\/www.fh-kaernten.at\/fachhochschule Standort FH K\u00e4rnten \u2013 gemeinn\u00fctzige Gesellschaft mbH Europastra\u00dfe 4 9524 Villach FN566373b, LG Klagenfurt UID-Nr:\u00a0\u00a0 \u00a0ATU77483224 IBAN\u00a0\u00a0\u00a0\u00a0\u00a0 AT88 1200 0100 3503&hellip; <br \/> <a class=\"read-more\" href=\"https:\/\/forschung.fh-kaernten.at\/reha2030\/kontakt\/beispiel-seite\/\">Weiterlesen<\/a><\/p>\n","protected":false},"author":133,"featured_media":0,"parent":104,"menu_order":0,"comment_status":"closed","ping_status":"closed","template":"","meta":{"_crdt_document":"","inline_featured_image":false,"footnotes":""},"class_list":["post-2","page","type-page","status-publish","hentry"],"_links":{"self":[{"href":"https:\/\/forschung.fh-kaernten.at\/reha2030\/wp-json\/wp\/v2\/pages\/2","targetHints":{"allow":["GET"]}}],"collection":[{"href":"https:\/\/forschung.fh-kaernten.at\/reha2030\/wp-json\/wp\/v2\/pages"}],"about":[{"href":"https:\/\/forschung.fh-kaernten.at\/reha2030\/wp-json\/wp\/v2\/types\/page"}],"author":[{"embeddable":true,"href":"https:\/\/forschung.fh-kaernten.at\/reha2030\/wp-json\/wp\/v2\/users\/133"}],"replies":[{"embeddable":true,"href":"https:\/\/forschung.fh-kaernten.at\/reha2030\/wp-json\/wp\/v2\/comments?post=2"}],"version-history":[{"count":0,"href":"https:\/\/forschung.fh-kaernten.at\/reha2030\/wp-json\/wp\/v2\/pages\/2\/revisions"}],"up":[{"embeddable":true,"href":"https:\/\/forschung.fh-kaernten.at\/reha2030\/wp-json\/wp\/v2\/pages\/104"}],"wp:attachment":[{"href":"https:\/\/forschung.fh-kaernten.at\/reha2030\/wp-json\/wp\/v2\/media?parent=2"}],"curies":[{"name":"wp","href":"https:\/\/api.w.org\/{rel}","templated":true}]}}