{"id":31,"date":"2019-03-08T10:12:57","date_gmt":"2019-03-08T09:12:57","guid":{"rendered":"https:\/\/forschung.fh-kaernten.at\/reha2030\/?page_id=31"},"modified":"2022-05-09T06:47:47","modified_gmt":"2022-05-09T04:47:47","slug":"reha2030-consortium","status":"publish","type":"page","link":"https:\/\/forschung.fh-kaernten.at\/reha2030\/mesmerize\/reha2030-consortium\/","title":{"rendered":"PROJEKTPARTNER"},"content":{"rendered":"<table style=\"height: 349px; width: 100.203%; border-collapse: collapse; border-style: none;\">\n<tbody>\n<tr style=\"height: 73px;\">\n<td style=\"width: 38.83%; height: 73px; border-style: none; vertical-align: top;\"><img loading=\"lazy\" decoding=\"async\" class=\" wp-image-52 alignleft\" src=\"https:\/\/forschung.fh-kaernten.at\/reha2030\/files\/2019\/03\/FH_Logo-300x82.jpg\" alt=\"\" width=\"245\" height=\"67\" \/><\/td>\n<td style=\"width: 61.16%; height: 73px; border-style: none; vertical-align: top;\">\n<p style=\"text-align: justify;\"><span style=\"font-family: arial,helvetica,sans-serif; font-size: 12pt;\"><span style=\"font-family: arial,helvetica,sans-serif; font-size: 12pt;\"><strong>Fachhochschule K\u00e4rnten, \u00d6sterreich <\/strong><\/span><\/span><\/p>\n<p style=\"text-align: justify;\"><span style=\"font-family: arial, helvetica, sans-serif; font-size: 12pt;\">An der FH K\u00e4rnten wirken <a href=\"https:\/\/www.fh-kaernten.at\/forschung\" target=\"_blank\" rel=\"noopener noreferrer\">zwei Forschungsgruppen<\/a> am Projekt REHA2030 mit:<\/span><\/p>\n<p style=\"text-align: justify;\"><span style=\"font-family: arial, helvetica, sans-serif; font-size: 12pt;\"> Die Forschungsgruppe <a href=\"https:\/\/forschung.fh-kaernten.at\/aal\/\" target=\"_blank\" rel=\"noopener noreferrer\">Active &amp; Assisted Living<\/a> besch\u00e4ftigt sich mit der Entwicklung und Evaluierung von bedarfsorientierten, technischen L\u00f6sungen zur Unterst\u00fctzung eines selbstbestimmten Lebens \u00e4lterer Personen mit Fokus auf N\u00fctzlichkeit und Alltagsintegration.<\/span><\/p>\n<p style=\"text-align: justify;\"><span style=\"font-family: arial, helvetica, sans-serif; font-size: 12pt;\">Die Forschungsgruppe <a href=\"https:\/\/forschung.fh-kaernten.at\/triple-e\/\" target=\"_blank\" rel=\"noopener noreferrer\">Entrepreneurship &amp; Entrepreneurship Education<\/a> entwickelt ein Dienstleistungsmodell unter Ber\u00fccksichtigung aller relevanten Interessensvertreter und Beforschung der Marktdiffusion von radikaler Innovationen.<\/span><\/p>\n<p>Das <a href=\"https:\/\/www.iara.ac.at\" target=\"_blank\" rel=\"noopener\">Institute for Applied Research on Ageing (IARA)<\/a> ist das erste Forschungszentrum, das an der Fachhochschule K\u00e4rnten gegr\u00fcndet wurde. Damit wurde ein klarer Schwerpunkt in der disziplinen\u00fcbergreifenden Alternsforschung gesetzt. Das IARA besteht seit 2016 mit der Zielsetzung, die Herausforderungen und Potentiale einer \u00e4lter werdenden Gesellschaft durch praxisnahe Forschung zu unterst\u00fctzen.<\/td>\n<\/tr>\n<tr style=\"height: 35px;\">\n<td style=\"width: 38.83%; height: 35px; border-style: none;\"><\/td>\n<td style=\"width: 61.16%; height: 35px; border-style: none; vertical-align: top;\"><\/td>\n<\/tr>\n<tr style=\"height: 63px;\">\n<td style=\"width: 38.83%; height: 63px; border-style: none;\"><img loading=\"lazy\" decoding=\"async\" class=\"alignnone wp-image-55 lazyload\" src=\"data:image\/gif;base64,R0lGODlhAQABAAAAACH5BAEKAAEALAAAAAABAAEAAAICTAEAOw==\" alt=\"\" width=\"208\" height=\"66\" data-src=\"https:\/\/forschung.fh-kaernten.at\/reha2030\/files\/2019\/03\/ULFE_Logo.png\"><\/td>\n<td style=\"width: 61.16%; height: 63px; border-style: none; vertical-align: top;\">\n<p style=\"text-align: left;\"><strong><span style=\"font-family: arial,helvetica,sans-serif; font-size: 12pt;\">Univerza v Ljubljani Fakulteta za elektrotehniko, Slowenien<\/span><\/strong><\/p>\n<p style=\"text-align: justify;\"><span style=\"font-family: arial, helvetica, sans-serif; font-size: 12pt;\"><a href=\"http:\/\/www.robolab.si\/\" target=\"_blank\" rel=\"noopener noreferrer\">Das RoboLab<\/a> der Universit\u00e4t Ljubljana, Fakult\u00e4t f\u00fcr Elektrotechnik entwickelt ein robotisches Therapieger\u00e4te zur Mobilisierung von Hand und Finger.<\/span><\/p>\n<\/td>\n<\/tr>\n<tr style=\"height: 24px;\">\n<td style=\"width: 38.83%; height: 24px; border-style: none;\"><\/td>\n<td style=\"width: 61.16%; height: 24px; border-style: none; text-align: left; vertical-align: top;\"><\/td>\n<\/tr>\n<tr style=\"height: 24px;\">\n<td style=\"width: 38.83%; height: 24px; border-style: none;\"><img loading=\"lazy\" decoding=\"async\" class=\"alignnone wp-image-53 lazyload\" src=\"data:image\/gif;base64,R0lGODlhAQABAAAAACH5BAEKAAEALAAAAAABAAEAAAICTAEAOw==\" alt=\"\" width=\"311\" height=\"57\" sizes=\"auto, (max-width: 311px) 100vw, 311px\" data-src=\"https:\/\/forschung.fh-kaernten.at\/reha2030\/files\/2019\/03\/MKS_Logo-300x55.png\" data-srcset=\"https:\/\/forschung.fh-kaernten.at\/reha2030\/files\/2019\/03\/MKS_Logo-300x55.png 300w, https:\/\/forschung.fh-kaernten.at\/reha2030\/files\/2019\/03\/MKS_Logo.png 306w\"><\/td>\n<td style=\"width: 61.16%; height: 24px; border-style: none; vertical-align: top;\">\n<p style=\"text-align: justify;\"><strong><span style=\"font-family: arial,helvetica,sans-serif; font-size: 12pt;\">MKS Elektronski sistemi d.o.o, Slowenien<\/span><\/strong><\/p>\n<p style=\"text-align: justify;\"><span style=\"font-family: arial, helvetica, sans-serif; font-size: 12pt;\"><a href=\"http:\/\/www.mks.si\/\" target=\"_blank\" rel=\"noopener noreferrer\">MKS d.o.o.\u00a0<\/a> besitzt IKT L\u00f6sungen f\u00fcr den Telecare Bereich mit Fokus auf die Bed\u00fcrfnisse \u00e4lterer Menschen.<\/span><\/p>\n<\/td>\n<\/tr>\n<tr style=\"height: 24px;\">\n<td style=\"width: 38.83%; height: 24px; border-style: none;\"><\/td>\n<td style=\"width: 61.16%; height: 24px; border-style: none; vertical-align: top;\"><\/td>\n<\/tr>\n<tr style=\"height: 24px;\">\n<td style=\"width: 38.83%; height: 24px; border-style: none;\"><img loading=\"lazy\" decoding=\"async\" class=\"alignnone wp-image-54 lazyload\" src=\"data:image\/gif;base64,R0lGODlhAQABAAAAACH5BAEKAAEALAAAAAABAAEAAAICTAEAOw==\" alt=\"\" width=\"257\" height=\"57\" data-src=\"https:\/\/forschung.fh-kaernten.at\/reha2030\/files\/2019\/03\/TYM_Logo.png\"><\/td>\n<td style=\"width: 61.16%; height: 24px; border-style: none; vertical-align: top;\">\n<p style=\"text-align: left;\"><strong><span style=\"font-family: arial,helvetica,sans-serif;\"><span style=\"font-size: 12pt;\">Tyromotion GmbH, \u00d6sterreich<\/span><\/span><\/strong><\/p>\n<p style=\"text-align: justify;\"><span style=\"font-family: arial, helvetica, sans-serif; font-size: 12pt;\"><a href=\"https:\/\/tyromotion.com\/\" target=\"_blank\" rel=\"noopener noreferrer\">Tyromotion GmbH<\/a> bringt die Umsetzungsexpertise f\u00fcr technologiegest\u00fctzte Therapie und Therapieger\u00e4te f\u00fcr alle Altersgruppen, alle Phasen der Rehabilitation, alle Grade motorischer Beeintr\u00e4chtigung und alle K\u00f6rperbereiche ein. <\/span><\/p>\n<\/td>\n<\/tr>\n<tr style=\"height: 24px;\">\n<td style=\"width: 38.83%; height: 24px; border-style: none;\"><\/td>\n<td style=\"width: 61.16%; height: 24px; border-style: none; vertical-align: top;\"><\/td>\n<\/tr>\n<tr style=\"height: 24px;\">\n<td style=\"width: 38.83%; height: 24px; border-style: none;\"><img loading=\"lazy\" decoding=\"async\" class=\"alignnone wp-image-56 \" src=\"https:\/\/forschung.fh-kaernten.at\/reha2030\/files\/2019\/03\/URI_Logo-e1559721847568.png\" alt=\"\" width=\"169\" height=\"61\" \/><\/td>\n<td style=\"width: 61.16%; height: 24px; border-style: none; vertical-align: top;\">\n<p style=\"text-align: justify;\"><strong><span style=\"font-family: arial,helvetica,sans-serif; font-size: 12pt;\">University Rehabilitation Institute der Republic of Slovenia &#8211; Uri So\u010da, Slowenien<\/span><\/strong><\/p>\n<p style=\"text-align: justify;\"><span style=\"font-family: arial, helvetica, sans-serif; font-size: 12pt;\">Die Rehabilitationsklinik f\u00fcr Schlaganfallpatienten <a href=\"http:\/\/www.ir-rs.si\/\" target=\"_blank\" rel=\"noopener noreferrer\">Uri So\u010da<\/a> bringt klinische Expertise im Bereich der Schlaganfallrehabilitation in Slowenien ein.<br \/>\n<\/span><\/p>\n<\/td>\n<\/tr>\n<tr style=\"height: 30px;\">\n<td style=\"width: 38.83%; height: 10px; border-style: none;\"><\/td>\n<td style=\"width: 61.16%; height: 10px; border-style: none; vertical-align: top;\"><\/td>\n<\/tr>\n<tr style=\"height: 24px;\">\n<td style=\"width: 38.83%; height: 24px; border-style: none;\"><img loading=\"lazy\" decoding=\"async\" class=\"alignnone size-full wp-image-310 lazyload\" src=\"data:image\/gif;base64,R0lGODlhAQABAAAAACH5BAEKAAEALAAAAAABAAEAAAICTAEAOw==\" alt=\"\" width=\"276\" height=\"104\" data-src=\"https:\/\/forschung.fh-kaernten.at\/reha2030\/files\/2020\/02\/la\u00dfnitz.png\"><\/td>\n<td style=\"width: 61.16%; height: 24px; border-style: none; vertical-align: top; text-align: justify;\">\n<p style=\"text-align: justify;\"><strong><span style=\"font-size: 12pt; font-family: arial, helvetica, sans-serif;\">Privatklinik La\u00dfnitzh\u00f6he, \u00d6sterreich<\/span><\/strong><\/p>\n<p><span style=\"font-family: arial, helvetica, sans-serif; font-size: 12pt;\">Als Drittleister und assoziierter Partner bringt die <a href=\"https:\/\/sanlas.at\/einrichtungen\/privatklinik-lassnitzhoehe\/\" target=\"_blank\" rel=\"noopener noreferrer\">Privatklinik La\u00dfnitzh\u00f6he<\/a> klinische Expertise im Bereich der Schlaganfallrehabilitation in \u00d6sterreich ein.<br \/>\n<\/span><\/td>\n<\/tr>\n<\/tbody>\n<\/table>\n<p>&nbsp;<\/p>\n","protected":false},"excerpt":{"rendered":"<p>Fachhochschule K\u00e4rnten, \u00d6sterreich An der FH K\u00e4rnten wirken zwei Forschungsgruppen am Projekt REHA2030 mit: Die Forschungsgruppe Active &amp; Assisted Living besch\u00e4ftigt sich mit der Entwicklung und Evaluierung von bedarfsorientierten, technischen L\u00f6sungen zur Unterst\u00fctzung eines selbstbestimmten Lebens \u00e4lterer Personen mit Fokus auf N\u00fctzlichkeit und Alltagsintegration. Die Forschungsgruppe Entrepreneurship &amp; Entrepreneurship Education entwickelt ein Dienstleistungsmodell unter Ber\u00fccksichtigung&hellip; <br \/> <a class=\"read-more\" href=\"https:\/\/forschung.fh-kaernten.at\/reha2030\/mesmerize\/reha2030-consortium\/\">Weiterlesen<\/a><\/p>\n","protected":false},"author":165,"featured_media":0,"parent":165,"menu_order":0,"comment_status":"closed","ping_status":"closed","template":"","meta":{"_crdt_document":"","inline_featured_image":false,"footnotes":""},"class_list":["post-31","page","type-page","status-publish","hentry"],"_links":{"self":[{"href":"https:\/\/forschung.fh-kaernten.at\/reha2030\/wp-json\/wp\/v2\/pages\/31","targetHints":{"allow":["GET"]}}],"collection":[{"href":"https:\/\/forschung.fh-kaernten.at\/reha2030\/wp-json\/wp\/v2\/pages"}],"about":[{"href":"https:\/\/forschung.fh-kaernten.at\/reha2030\/wp-json\/wp\/v2\/types\/page"}],"author":[{"embeddable":true,"href":"https:\/\/forschung.fh-kaernten.at\/reha2030\/wp-json\/wp\/v2\/users\/165"}],"replies":[{"embeddable":true,"href":"https:\/\/forschung.fh-kaernten.at\/reha2030\/wp-json\/wp\/v2\/comments?post=31"}],"version-history":[{"count":0,"href":"https:\/\/forschung.fh-kaernten.at\/reha2030\/wp-json\/wp\/v2\/pages\/31\/revisions"}],"up":[{"embeddable":true,"href":"https:\/\/forschung.fh-kaernten.at\/reha2030\/wp-json\/wp\/v2\/pages\/165"}],"wp:attachment":[{"href":"https:\/\/forschung.fh-kaernten.at\/reha2030\/wp-json\/wp\/v2\/media?parent=31"}],"curies":[{"name":"wp","href":"https:\/\/api.w.org\/{rel}","templated":true}]}}