{"id":632,"date":"2020-07-31T07:26:54","date_gmt":"2020-07-31T05:26:54","guid":{"rendered":"https:\/\/forschung.fh-kaernten.at\/reha2030\/?page_id=632"},"modified":"2020-07-31T07:26:54","modified_gmt":"2020-07-31T05:26:54","slug":"kontakt","status":"publish","type":"page","link":"https:\/\/forschung.fh-kaernten.at\/reha2030\/kontakt\/?lang=sl","title":{"rendered":"KONTAKT"},"content":{"rendered":"<h2>Kontaktirajte nas!<\/h2>\n<p>\u010ce imate kakr\u0161nakoli vpra\u0161anja ali druga sporo\u010dila o raziskovalni temi ali spodbude, nam lahko preprosto pi\u0161ete prek obrazca za stik ali pa se obrnete neposredno na go. dr. Christina Paril, <a href=\"tel:+435905007032\">+43 (0)5 90500-7032<\/a>, <a href=\"mailto:c.paril@fh-kaernten.at\">c.paril@fh-kaernten.at<\/a>, Europastra\u00dfe 4, 9524 Beljak.<\/p>\n","protected":false},"excerpt":{"rendered":"<p>Kontaktirajte nas! \u010ce imate kakr\u0161nakoli vpra\u0161anja ali druga sporo\u010dila o raziskovalni temi ali spodbude, nam lahko preprosto pi\u0161ete prek obrazca za stik ali pa se obrnete neposredno na go. dr. Christina Paril, +43 (0)5 90500-7032, c.paril@fh-kaernten.at, Europastra\u00dfe 4, 9524 Beljak.<\/p>\n","protected":false},"author":48,"featured_media":0,"parent":0,"menu_order":0,"comment_status":"closed","ping_status":"closed","template":"","meta":{"_crdt_document":"","inline_featured_image":false,"footnotes":""},"class_list":["post-632","page","type-page","status-publish","hentry"],"_links":{"self":[{"href":"https:\/\/forschung.fh-kaernten.at\/reha2030\/wp-json\/wp\/v2\/pages\/632","targetHints":{"allow":["GET"]}}],"collection":[{"href":"https:\/\/forschung.fh-kaernten.at\/reha2030\/wp-json\/wp\/v2\/pages"}],"about":[{"href":"https:\/\/forschung.fh-kaernten.at\/reha2030\/wp-json\/wp\/v2\/types\/page"}],"author":[{"embeddable":true,"href":"https:\/\/forschung.fh-kaernten.at\/reha2030\/wp-json\/wp\/v2\/users\/48"}],"replies":[{"embeddable":true,"href":"https:\/\/forschung.fh-kaernten.at\/reha2030\/wp-json\/wp\/v2\/comments?post=632"}],"version-history":[{"count":0,"href":"https:\/\/forschung.fh-kaernten.at\/reha2030\/wp-json\/wp\/v2\/pages\/632\/revisions"}],"wp:attachment":[{"href":"https:\/\/forschung.fh-kaernten.at\/reha2030\/wp-json\/wp\/v2\/media?parent=632"}],"curies":[{"name":"wp","href":"https:\/\/api.w.org\/{rel}","templated":true}]}}