{"id":635,"date":"2020-07-31T07:28:07","date_gmt":"2020-07-31T05:28:07","guid":{"rendered":"https:\/\/forschung.fh-kaernten.at\/reha2030\/?page_id=635"},"modified":"2020-07-31T07:28:07","modified_gmt":"2020-07-31T05:28:07","slug":"kolofon","status":"publish","type":"page","link":"https:\/\/forschung.fh-kaernten.at\/reha2030\/kontakt\/kolofon\/?lang=sl","title":{"rendered":"Kolofon"},"content":{"rendered":"<p><strong>Kolofon\/obveznost o informiranju skladno s 1. odst. 5. \u010dlena avstrijskega Zakona\u00a0 o elektronskem poslovanju.<\/strong><\/p>\n<p><strong>Avstrijskokoro\u0161ka visoka strokovna \u0161ola<\/strong><br \/>\n<strong>Splo\u0161no koristna zasebna fundacija<\/strong><\/p>\n<p>Villacher Stra\u00dfe 1<br \/>\nA-9800 \u0160pital ob Dravi<br \/>\n+43 (0)5 \/ 90500<br \/>\nF: +43 (0)5 \/ 90500-9910<br \/>\ninfo@fh-kaernten.at<\/p>\n<p><strong>Dodatne informacije o dol\u017enosti razkritja skladno s 25. \u010dlenom avstrijskega Zakona o medijih.<\/strong><br \/>\n<a href=\"http:\/\/www.fh-kaernten.at\/ueber-die-fh\/organisation\/hochschulleitung\/organe-der-privatstiftung\">http:\/\/www.fh-kaernten.at\/ueber-die-fh\/organisation\/hochschulleitung\/organe-der-privatstiftung<\/a><\/p>\n<p><strong>Lokacija<\/strong><br \/>\nSede\u017e fundacije je v \u0160pitalu ob Dravi.<br \/>\nVneseno v sodni register De\u017eelnega sodi\u0161\u010da Celovec,<br \/>\n\u0161t:213371g<br \/>\nIBAN:AT671100002814205700<br \/>\nBIC:BKAUATWW<br \/>\nID za DDV: ATU53233709<\/p>\n<p><strong>Jamstvo in avtorske pravice<\/strong><br \/>\nVsa besedila na blogu avstrijskokoro\u0161ke visoke strokovne \u0161ole so bila skrbno preverjena. Kljub temu ne jam\u010dimo za pravilnost, popolnost ali a\u017eurnost navedb. Jamstvo avstrijskokoro\u0161ke visoke strokovne \u0161ole je torej izklju\u010deno. Povezave na druge spletne strani so bile skrbno izbrane. Ker pa avstrijskokoro\u0161ka visoka strokovna \u0161ola nima vpliva na njihovo vsebino, ne more prevzeti odgovornosti za le-to. Avstrijskokoro\u0161ka visoka strokovna \u0161ola poleg tega tudi ne jam\u010di za neavtorizirano ogla\u0161evanje njihovih ponudb.<br \/>\n\u00a9 Avtorske pravice: Avstrijskokoro\u0161ka visoka strokovna \u0161ola.<\/p>\n<p><strong>Fotografije:<\/strong><br \/>\n* Colourbox\u00a0<a href=\"http:\/\/www.colourbox.de\/\">www.colourbox.de<\/a><br \/>\n* Fotolia\u00a0<a href=\"http:\/\/www.fotolia.de\/\">www.fotolia.de<\/a><br \/>\n* Shutterstock\u00a0<a href=\"http:\/\/www.shutterstock.com\/\">www.shutterstock.com<\/a><\/p>\n<p>Avstrijskokoro\u0161ka visoka strokovna \u0161ola z va\u0161imi osebnimi podatki ravna skrbno in vestno. Pri obdelavi podatkov upo\u0161tevamo dr\u017eavne in evropske pravne dolo\u010dbe o varstvu podatkov. Vsi podatki so shranjeni na stre\u017enikih, ki delujejo z visokim varnostnim standardom in so za\u0161\u010diteni pred dostopom nepoobla\u0161\u010denih oseb in zlorabo.<\/p>\n<p>Za morebitna vpra\u0161anja in zahteve v zvezi z varstvom podatkov na avstrijskokoro\u0161ki visoki strokovni \u0161oli vam je na voljo kontaktna oseba na e-po\u0161tnem naslovu datenschutz@fh-kaernten.at.<\/p>\n","protected":false},"excerpt":{"rendered":"<p>Kolofon\/obveznost o informiranju skladno s 1. odst. 5. \u010dlena avstrijskega Zakona\u00a0 o elektronskem poslovanju. Avstrijskokoro\u0161ka visoka strokovna \u0161ola Splo\u0161no koristna zasebna fundacija Villacher Stra\u00dfe 1 A-9800 \u0160pital ob Dravi +43 (0)5 \/ 90500 F: +43 (0)5 \/ 90500-9910 info@fh-kaernten.at Dodatne informacije o dol\u017enosti razkritja skladno s 25. \u010dlenom avstrijskega Zakona o medijih. http:\/\/www.fh-kaernten.at\/ueber-die-fh\/organisation\/hochschulleitung\/organe-der-privatstiftung Lokacija Sede\u017e&hellip; <br \/> <a class=\"read-more\" href=\"https:\/\/forschung.fh-kaernten.at\/reha2030\/kontakt\/kolofon\/?lang=sl\">Weiterlesen<\/a><\/p>\n","protected":false},"author":48,"featured_media":0,"parent":632,"menu_order":0,"comment_status":"closed","ping_status":"closed","template":"","meta":{"_crdt_document":"","inline_featured_image":false,"footnotes":""},"class_list":["post-635","page","type-page","status-publish","hentry"],"_links":{"self":[{"href":"https:\/\/forschung.fh-kaernten.at\/reha2030\/wp-json\/wp\/v2\/pages\/635","targetHints":{"allow":["GET"]}}],"collection":[{"href":"https:\/\/forschung.fh-kaernten.at\/reha2030\/wp-json\/wp\/v2\/pages"}],"about":[{"href":"https:\/\/forschung.fh-kaernten.at\/reha2030\/wp-json\/wp\/v2\/types\/page"}],"author":[{"embeddable":true,"href":"https:\/\/forschung.fh-kaernten.at\/reha2030\/wp-json\/wp\/v2\/users\/48"}],"replies":[{"embeddable":true,"href":"https:\/\/forschung.fh-kaernten.at\/reha2030\/wp-json\/wp\/v2\/comments?post=635"}],"version-history":[{"count":0,"href":"https:\/\/forschung.fh-kaernten.at\/reha2030\/wp-json\/wp\/v2\/pages\/635\/revisions"}],"up":[{"embeddable":true,"href":"https:\/\/forschung.fh-kaernten.at\/reha2030\/wp-json\/wp\/v2\/pages\/632"}],"wp:attachment":[{"href":"https:\/\/forschung.fh-kaernten.at\/reha2030\/wp-json\/wp\/v2\/media?parent=635"}],"curies":[{"name":"wp","href":"https:\/\/api.w.org\/{rel}","templated":true}]}}