{"id":638,"date":"2020-07-31T07:29:22","date_gmt":"2020-07-31T05:29:22","guid":{"rendered":"https:\/\/forschung.fh-kaernten.at\/reha2030\/dobrodosli-v-reha-2030\/projektni-partnerji\/"},"modified":"2020-07-31T07:29:24","modified_gmt":"2020-07-31T05:29:24","slug":"projektni-partnerji","status":"publish","type":"page","link":"https:\/\/forschung.fh-kaernten.at\/reha2030\/dobrodosli-v-reha-2030\/projektni-partnerji\/?lang=sl","title":{"rendered":"PROJEKTNI PARTNERJI"},"content":{"rendered":"<p><strong>Avstrijskokoro\u0161ka visoka strokovna \u0161ola, Avstrija <\/strong><\/p>\n<p>Na avstrijskokoro\u0161ki visoki strokovni \u0161oli sta <a href=\"https:\/\/www.fh-kaernten.at\/forschung\">dve raziskovalni skupini<\/a>, ki sodelujeta pri projektu REHA2030:<\/p>\n<p>Raziskovalna skupina <a href=\"https:\/\/forschung.fh-kaernten.at\/aal\/\">Active &amp; Assisted Living<\/a> se ukvarja z razvojem in ovrednotenjem v potrebe usmerjenih, tehni\u010dnih re\u0161itev kot podporo samodolo\u010dljivega \u017eivljenja starej\u0161ih ljudi z osredoto\u010denjem na uporabnost in vsakodnevno integracijo.<\/p>\n<p>Raziskovalna skupina <a href=\"https:\/\/forschung.fh-kaernten.at\/triple-e\/\">Entrepreneurship &amp; Entrepreneurship Education<\/a> razvija storitveni model ob upo\u0161tevanju vseh relevantnih zastopnikov interesov in raziskovanja tr\u017ene difuzije radikalnih inovacij.<\/p>\n<p><strong>Univerza v Ljubljani Fakulteta za elektrotehniko, Slovenija<\/strong><\/p>\n<p><a href=\"http:\/\/www.robolab.si\/\">RoboLab<\/a> Univerze v Ljubljani, Fakultete za elektrotehniko razvija robotsko terapevtsko napravo za mobilizirane roke in prstov.<\/p>\n<p><strong>MKS Elektronski sistemi d.o.o, Slovenija<\/strong><\/p>\n<p><a href=\"http:\/\/www.mks.si\/\">MKS d.o.o.\u00a0<\/a> ima v lasti informacijsko-komunikacijske re\u0161itve za podro\u010dje oskrbe na daljavo s poudarkom na potrebah starej\u0161ih ljudi.<\/p>\n<p><strong>Tyromotion GmbH, Avstrija<\/strong><\/p>\n<p><a href=\"https:\/\/tyromotion.com\/\">Tyromotion GmbH<\/a> prispeva ekspertizo realiziranja za tehnolo\u0161ko podprto terapijo in terapevtske naprave za vse starostne skupine, vse stopnje rehabilitacije, vse stopnje motori\u010dnih ovir in vse predele telesa.<\/p>\n<p><strong>Univerzitetni rehabilitacijski in\u0161titut \u2013 URI So\u010da, Slovenija<\/strong><\/p>\n<p>Rehabilitacijska klinika za paciente s kapjo <a href=\"http:\/\/www.ir-rs.si\/\">URI So\u010da<\/a> prispeva v Sloveniji klini\u010dne ekspertize na podro\u010dju rehabilitacije po kapi.<\/p>\n<p>&nbsp;<\/p>\n<p><strong>Zasebna klinika La\u00dfnitzh\u00f6he, Avstrija<\/strong><\/p>\n<p>Kot tretji izvajalec storitev in asociiran partner <a href=\"https:\/\/sanlas.at\/einrichtungen\/privatklinik-lassnitzhoehe\/\">Zasebna klinika La\u00dfnitzh\u00f6he<\/a> prispeva v Avstriji klini\u010dne ekspertize na podro\u010dju rehabilitacije po kapi.<\/p>\n","protected":false},"excerpt":{"rendered":"<p>Avstrijskokoro\u0161ka visoka strokovna \u0161ola, Avstrija Na avstrijskokoro\u0161ki visoki strokovni \u0161oli sta dve raziskovalni skupini, ki sodelujeta pri projektu REHA2030: Raziskovalna skupina Active &amp; Assisted Living se ukvarja z razvojem in ovrednotenjem v potrebe usmerjenih, tehni\u010dnih re\u0161itev kot podporo samodolo\u010dljivega \u017eivljenja starej\u0161ih ljudi z osredoto\u010denjem na uporabnost in vsakodnevno integracijo. Raziskovalna skupina Entrepreneurship &amp; Entrepreneurship Education&hellip; <br \/> <a class=\"read-more\" href=\"https:\/\/forschung.fh-kaernten.at\/reha2030\/dobrodosli-v-reha-2030\/projektni-partnerji\/?lang=sl\">Weiterlesen<\/a><\/p>\n","protected":false},"author":165,"featured_media":0,"parent":592,"menu_order":0,"comment_status":"closed","ping_status":"closed","template":"","meta":{"_crdt_document":"","inline_featured_image":false,"footnotes":""},"class_list":["post-638","page","type-page","status-publish","hentry"],"_links":{"self":[{"href":"https:\/\/forschung.fh-kaernten.at\/reha2030\/wp-json\/wp\/v2\/pages\/638","targetHints":{"allow":["GET"]}}],"collection":[{"href":"https:\/\/forschung.fh-kaernten.at\/reha2030\/wp-json\/wp\/v2\/pages"}],"about":[{"href":"https:\/\/forschung.fh-kaernten.at\/reha2030\/wp-json\/wp\/v2\/types\/page"}],"author":[{"embeddable":true,"href":"https:\/\/forschung.fh-kaernten.at\/reha2030\/wp-json\/wp\/v2\/users\/165"}],"replies":[{"embeddable":true,"href":"https:\/\/forschung.fh-kaernten.at\/reha2030\/wp-json\/wp\/v2\/comments?post=638"}],"version-history":[{"count":0,"href":"https:\/\/forschung.fh-kaernten.at\/reha2030\/wp-json\/wp\/v2\/pages\/638\/revisions"}],"up":[{"embeddable":true,"href":"https:\/\/forschung.fh-kaernten.at\/reha2030\/wp-json\/wp\/v2\/pages\/592"}],"wp:attachment":[{"href":"https:\/\/forschung.fh-kaernten.at\/reha2030\/wp-json\/wp\/v2\/media?parent=638"}],"curies":[{"name":"wp","href":"https:\/\/api.w.org\/{rel}","templated":true}]}}