{"id":447931,"date":"2025-02-20T11:17:24","date_gmt":"2025-02-20T10:17:24","guid":{"rendered":"https:\/\/forschung.fh-kaernten.at\/siena\/?page_id=447931"},"modified":"2025-02-20T11:29:01","modified_gmt":"2025-02-20T10:29:01","slug":"drone-risk-austria-update-25","status":"publish","type":"page","link":"https:\/\/forschung.fh-kaernten.at\/siena\/drone-risk-austria-update-25\/","title":{"rendered":"Drone Risk Austria Aktualisierung"},"content":{"rendered":"\t\t<div data-elementor-type=\"wp-page\" data-elementor-id=\"447931\" class=\"elementor elementor-447931\">\n\t\t\t\t\t\t<section class=\"elementor-section elementor-top-section elementor-element elementor-element-7d6f7ad elementor-section-boxed elementor-section-height-default elementor-section-height-default\" data-id=\"7d6f7ad\" data-element_type=\"section\" data-e-type=\"section\">\n\t\t\t\t\t\t<div class=\"elementor-container elementor-column-gap-default\">\n\t\t\t\t\t<div class=\"elementor-column elementor-col-100 elementor-top-column elementor-element elementor-element-40f6116\" data-id=\"40f6116\" data-element_type=\"column\" data-e-type=\"column\">\n\t\t\t<div class=\"elementor-widget-wrap elementor-element-populated\">\n\t\t\t\t\t\t<div class=\"elementor-element elementor-element-56c5716 elementor-widget elementor-widget-spacer\" data-id=\"56c5716\" data-element_type=\"widget\" data-e-type=\"widget\" data-widget_type=\"spacer.default\">\n\t\t\t\t<div class=\"elementor-widget-container\">\n\t\t\t\t\t\t\t<div class=\"elementor-spacer\">\n\t\t\t<div class=\"elementor-spacer-inner\"><\/div>\n\t\t<\/div>\n\t\t\t\t\t\t<\/div>\n\t\t\t\t<\/div>\n\t\t\t\t<div class=\"elementor-element elementor-element-6d031c4 elementor-widget elementor-widget-heading\" data-id=\"6d031c4\" data-element_type=\"widget\" data-e-type=\"widget\" data-widget_type=\"heading.default\">\n\t\t\t\t<div class=\"elementor-widget-container\">\n\t\t\t\t\t<h2 class=\"elementor-heading-title elementor-size-default\">Drone Risk Austria Aktualisierung<\/h2>\t\t\t\t<\/div>\n\t\t\t\t<\/div>\n\t\t\t\t\t<\/div>\n\t\t<\/div>\n\t\t\t\t\t<\/div>\n\t\t<\/section>\n\t\t\t\t<section class=\"elementor-section elementor-top-section elementor-element elementor-element-be2da8c elementor-section-boxed elementor-section-height-default elementor-section-height-default\" data-id=\"be2da8c\" data-element_type=\"section\" data-e-type=\"section\">\n\t\t\t\t\t\t<div class=\"elementor-container elementor-column-gap-default\">\n\t\t\t\t\t<div class=\"elementor-column elementor-col-100 elementor-top-column elementor-element elementor-element-315e4e7\" data-id=\"315e4e7\" data-element_type=\"column\" data-e-type=\"column\">\n\t\t\t<div class=\"elementor-widget-wrap elementor-element-populated\">\n\t\t\t\t\t\t<div class=\"elementor-element elementor-element-7abfb09 elementor-widget elementor-widget-spacer\" data-id=\"7abfb09\" data-element_type=\"widget\" data-e-type=\"widget\" data-widget_type=\"spacer.default\">\n\t\t\t\t<div class=\"elementor-widget-container\">\n\t\t\t\t\t\t\t<div class=\"elementor-spacer\">\n\t\t\t<div class=\"elementor-spacer-inner\"><\/div>\n\t\t<\/div>\n\t\t\t\t\t\t<\/div>\n\t\t\t\t<\/div>\n\t\t\t\t\t<\/div>\n\t\t<\/div>\n\t\t\t\t\t<\/div>\n\t\t<\/section>\n\t\t\t\t<section class=\"elementor-section elementor-top-section elementor-element elementor-element-14beb58 elementor-section-boxed elementor-section-height-default elementor-section-height-default\" data-id=\"14beb58\" data-element_type=\"section\" data-e-type=\"section\">\n\t\t\t\t\t\t<div class=\"elementor-container elementor-column-gap-default\">\n\t\t\t\t\t<div class=\"elementor-column elementor-col-100 elementor-top-column elementor-element elementor-element-e1a0e42\" data-id=\"e1a0e42\" data-element_type=\"column\" data-e-type=\"column\">\n\t\t\t<div class=\"elementor-widget-wrap elementor-element-populated\">\n\t\t\t\t\t\t<div class=\"elementor-element elementor-element-1eb5630 elementor-widget elementor-widget-text-editor\" data-id=\"1eb5630\" data-element_type=\"widget\" data-e-type=\"widget\" data-widget_type=\"text-editor.default\">\n\t\t\t\t<div class=\"elementor-widget-container\">\n\t\t\t\t\t\t\t\t\t<p><span style=\"font-size: 14pt\">Vielleicht fragt ihr euch, was mit dem Prototyp der Drone Risk-Webanwendung passiert ist?<\/span><\/p>\t\t\t\t\t\t\t\t<\/div>\n\t\t\t\t<\/div>\n\t\t\t\t\t<\/div>\n\t\t<\/div>\n\t\t\t\t\t<\/div>\n\t\t<\/section>\n\t\t\t\t<section class=\"elementor-section elementor-top-section elementor-element elementor-element-d4a93e9 elementor-section-boxed elementor-section-height-default elementor-section-height-default\" data-id=\"d4a93e9\" data-element_type=\"section\" data-e-type=\"section\">\n\t\t\t\t\t\t<div class=\"elementor-container elementor-column-gap-default\">\n\t\t\t\t\t<div class=\"elementor-column elementor-col-100 elementor-top-column elementor-element elementor-element-340a4c6\" data-id=\"340a4c6\" data-element_type=\"column\" data-e-type=\"column\">\n\t\t\t<div class=\"elementor-widget-wrap elementor-element-populated\">\n\t\t\t\t\t\t<div class=\"elementor-element elementor-element-7f37a71 elementor-widget elementor-widget-image\" data-id=\"7f37a71\" data-element_type=\"widget\" data-e-type=\"widget\" data-widget_type=\"image.default\">\n\t\t\t\t<div class=\"elementor-widget-container\">\n\t\t\t\t\t\t\t\t\t\t\t\t\t\t\t<img fetchpriority=\"high\" decoding=\"async\" width=\"750\" height=\"464\" src=\"data:image\/gif;base64,R0lGODlhAQABAAAAACH5BAEKAAEALAAAAAABAAEAAAICTAEAOw==\" class=\"attachment-large size-large wp-image-447924 lazyload\" alt=\"\" sizes=\"(max-width: 750px) 100vw, 750px\" data-src=\"https:\/\/forschung.fh-kaernten.at\/siena\/files\/2025\/02\/risk_layers_gmd-1024x633.png\" data-srcset=\"https:\/\/forschung.fh-kaernten.at\/siena\/files\/2025\/02\/risk_layers_gmd-1024x633.png 1024w, https:\/\/forschung.fh-kaernten.at\/siena\/files\/2025\/02\/risk_layers_gmd-300x186.png 300w, https:\/\/forschung.fh-kaernten.at\/siena\/files\/2025\/02\/risk_layers_gmd-768x475.png 768w, https:\/\/forschung.fh-kaernten.at\/siena\/files\/2025\/02\/risk_layers_gmd-1536x950.png 1536w, https:\/\/forschung.fh-kaernten.at\/siena\/files\/2025\/02\/risk_layers_gmd.png 1756w\">\t\t\t\t\t\t\t\t\t\t\t\t\t\t\t<\/div>\n\t\t\t\t<\/div>\n\t\t\t\t\t<\/div>\n\t\t<\/div>\n\t\t\t\t\t<\/div>\n\t\t<\/section>\n\t\t\t\t<section class=\"elementor-section elementor-top-section elementor-element elementor-element-25a1669 elementor-section-boxed elementor-section-height-default elementor-section-height-default\" data-id=\"25a1669\" data-element_type=\"section\" data-e-type=\"section\">\n\t\t\t\t\t\t<div class=\"elementor-container elementor-column-gap-default\">\n\t\t\t\t\t<div class=\"elementor-column elementor-col-100 elementor-top-column elementor-element elementor-element-19649c3\" data-id=\"19649c3\" data-element_type=\"column\" data-e-type=\"column\">\n\t\t\t<div class=\"elementor-widget-wrap\">\n\t\t\t\t\t\t\t<\/div>\n\t\t<\/div>\n\t\t\t\t\t<\/div>\n\t\t<\/section>\n\t\t\t\t<section class=\"elementor-section elementor-top-section elementor-element elementor-element-08fd659 elementor-section-boxed elementor-section-height-default elementor-section-height-default\" data-id=\"08fd659\" data-element_type=\"section\" data-e-type=\"section\">\n\t\t\t\t\t\t<div class=\"elementor-container elementor-column-gap-default\">\n\t\t\t\t\t<div class=\"elementor-column elementor-col-100 elementor-top-column elementor-element elementor-element-707626d\" data-id=\"707626d\" data-element_type=\"column\" data-e-type=\"column\">\n\t\t\t<div class=\"elementor-widget-wrap elementor-element-populated\">\n\t\t\t\t\t\t<div class=\"elementor-element elementor-element-571e5ef elementor-widget elementor-widget-text-editor\" data-id=\"571e5ef\" data-element_type=\"widget\" data-e-type=\"widget\" data-widget_type=\"text-editor.default\">\n\t\t\t\t<div class=\"elementor-widget-container\">\n\t\t\t\t\t\t\t\t\t<p><span style=\"font-size: 14pt\">Wir haben 2020 den Prototyp der Drone Risk Austria Webanwendung als Proof-of-Concept entwickelt, um zu demonstrieren, wie eine automatische Risikobewertung von Drohnenoperationen in Zukunft aussehen k\u00f6nnte, wenn umfassende und dynamische Geodaten verf\u00fcgbar sind. F\u00fcnf Jahre sp\u00e4ter bestehen weiterhin Herausforderungen bei der Verf\u00fcgbarkeit dieser Daten, und durch viele rechtliche \u00c4nderungen sind einige fr\u00fchere Risikobewertungsans\u00e4tze nicht mehr g\u00fcltig. Auch die Webtechnologie hat sich stark weiterentwickelt. Daher haben wir uns entschieden, die Drone Risk App von Grund auf neu zu entwickeln. Die Beta-Version soll Anfang August 2025 \u00f6ffentlich zug\u00e4nglich sein. Bis dann!<\/span><\/p>\t\t\t\t\t\t\t\t<\/div>\n\t\t\t\t<\/div>\n\t\t\t\t\t<\/div>\n\t\t<\/div>\n\t\t\t\t\t<\/div>\n\t\t<\/section>\n\t\t\t\t<section class=\"elementor-section elementor-top-section elementor-element elementor-element-2fd5422 elementor-section-boxed elementor-section-height-default elementor-section-height-default\" data-id=\"2fd5422\" data-element_type=\"section\" data-e-type=\"section\">\n\t\t\t\t\t\t<div class=\"elementor-container elementor-column-gap-default\">\n\t\t\t\t\t<div class=\"elementor-column elementor-col-100 elementor-top-column elementor-element elementor-element-971f898\" data-id=\"971f898\" data-element_type=\"column\" data-e-type=\"column\">\n\t\t\t<div class=\"elementor-widget-wrap elementor-element-populated\">\n\t\t\t\t\t\t<div class=\"elementor-element elementor-element-629167e elementor-widget elementor-widget-spacer\" data-id=\"629167e\" data-element_type=\"widget\" data-e-type=\"widget\" data-widget_type=\"spacer.default\">\n\t\t\t\t<div class=\"elementor-widget-container\">\n\t\t\t\t\t\t\t<div class=\"elementor-spacer\">\n\t\t\t<div class=\"elementor-spacer-inner\"><\/div>\n\t\t<\/div>\n\t\t\t\t\t\t<\/div>\n\t\t\t\t<\/div>\n\t\t\t\t\t<\/div>\n\t\t<\/div>\n\t\t\t\t\t<\/div>\n\t\t<\/section>\n\t\t\t\t<\/div>\n\t\t","protected":false},"excerpt":{"rendered":"<p>Drone Risk Austria Aktualisierung Vielleicht fragt ihr euch, was mit dem Prototyp der Drone Risk-Webanwendung passiert ist? Wir haben 2020 den Prototyp der Drone Risk Austria Webanwendung als Proof-of-Concept entwickelt, um zu demonstrieren, wie eine automatische Risikobewertung von Drohnenoperationen in Zukunft aussehen k\u00f6nnte, wenn umfassende und dynamische Geodaten verf\u00fcgbar sind.<a class=\"moretag\" href=\"https:\/\/forschung.fh-kaernten.at\/siena\/drone-risk-austria-update-25\/\"> Weiterlesen<\/a><\/p>\n","protected":false},"author":172,"featured_media":0,"parent":0,"menu_order":0,"comment_status":"closed","ping_status":"closed","template":"page-templates\/template-pagebuilder-full-width.php","meta":{"_crdt_document":"","inline_featured_image":false,"ngg_post_thumbnail":0,"footnotes":""},"class_list":["post-447931","page","type-page","status-publish","hentry"],"_links":{"self":[{"href":"https:\/\/forschung.fh-kaernten.at\/siena\/wp-json\/wp\/v2\/pages\/447931","targetHints":{"allow":["GET"]}}],"collection":[{"href":"https:\/\/forschung.fh-kaernten.at\/siena\/wp-json\/wp\/v2\/pages"}],"about":[{"href":"https:\/\/forschung.fh-kaernten.at\/siena\/wp-json\/wp\/v2\/types\/page"}],"author":[{"embeddable":true,"href":"https:\/\/forschung.fh-kaernten.at\/siena\/wp-json\/wp\/v2\/users\/172"}],"replies":[{"embeddable":true,"href":"https:\/\/forschung.fh-kaernten.at\/siena\/wp-json\/wp\/v2\/comments?post=447931"}],"version-history":[{"count":0,"href":"https:\/\/forschung.fh-kaernten.at\/siena\/wp-json\/wp\/v2\/pages\/447931\/revisions"}],"wp:attachment":[{"href":"https:\/\/forschung.fh-kaernten.at\/siena\/wp-json\/wp\/v2\/media?parent=447931"}],"curies":[{"name":"wp","href":"https:\/\/api.w.org\/{rel}","templated":true}]}}