{"id":236,"date":"2022-06-16T18:30:32","date_gmt":"2022-06-16T16:30:32","guid":{"rendered":"https:\/\/forschung.fh-kaernten.at\/sirad\/?page_id=236"},"modified":"2026-03-31T16:11:38","modified_gmt":"2026-03-31T14:11:38","slug":"home-2","status":"publish","type":"page","link":"https:\/\/forschung.fh-kaernten.at\/sirad\/","title":{"rendered":"Willkommen bei SIRaD"},"content":{"rendered":"\n<h1 id=\"ueber\" class=\"wp-block-heading has-black-color has-text-color has-link-color has-medium-font-size wp-elements-5561bcef335ad14dddc94c1d8ab77fe2\"><strong>\u00dcber die Forschungsgruppe<\/strong><\/h1>\n\n\n\n<p class=\"has-text-align-left wp-block-paragraph\">Wir besch\u00e4ftigen uns mit <strong>innovativen Ans\u00e4tzen <\/strong>unter dem <strong>Gesichtspunkt der Nachhaltigkeit<\/strong> und nutzen <strong>interdisziplin\u00e4re Forschungsans\u00e4tze <\/strong>und <strong>transdisziplin\u00e4ren<\/strong> <strong>Herangehensweisen<\/strong>, um Fragen <strong>ganzheitlich <\/strong>aus <strong>\u00f6kologischer, \u00f6konomischer <\/strong>sowie<strong> gesellschaftlicher<\/strong> Perspektive zu beantworten. In enger Zusammenarbeit von <strong>Wissenschaft und Praxis<\/strong> werden durch angewandte Forschung, <strong>innovative L\u00f6sungen<\/strong> f\u00fcr real existierende Probleme <strong>entwickelt<\/strong> und <strong>erforscht<\/strong>.<\/p>\n\n\n\n<p class=\"wp-block-paragraph\"><\/p>\n\n\n\n<h1 id=\"forschungsschwerpunkte\" class=\"wp-block-heading has-medium-font-size\"><strong>Unsere aktuellen Forschungsschwerpunkte:<\/strong><\/h1>\n\n\n\n<div class=\"wp-block-media-text has-media-on-the-right is-stacked-on-mobile\" style=\"grid-template-columns:auto 21%\"><div class=\"wp-block-media-text__content\">\n<ul class=\"wp-block-list\">\n<li>Innovationsforschung und -management<\/li>\n\n\n\n<li>Stakeholderprozessbegleitung<\/li>\n\n\n\n<li>Energiesystemmodellierung<\/li>\n\n\n\n<li>Klimawandelanpassung in Unternehmen<\/li>\n<\/ul>\n<\/div><figure class=\"wp-block-media-text__media\"><img loading=\"lazy\" decoding=\"async\" width=\"771\" height=\"1024\" src=\"data:image\/gif;base64,R0lGODlhAQABAAAAACH5BAEKAAEALAAAAAABAAEAAAICTAEAOw==\" alt=\"\" class=\"wp-image-579 size-full lazyload\" sizes=\"auto, (max-width: 771px) 100vw, 771px\" data-src=\"https:\/\/forschung.fh-kaernten.at\/sirad\/files\/2024\/11\/AdobeStock_961043590-771x1024.jpeg\" data-srcset=\"https:\/\/forschung.fh-kaernten.at\/sirad\/files\/2024\/11\/AdobeStock_961043590-771x1024.jpeg 771w, https:\/\/forschung.fh-kaernten.at\/sirad\/files\/2024\/11\/AdobeStock_961043590-226x300.jpeg 226w, https:\/\/forschung.fh-kaernten.at\/sirad\/files\/2024\/11\/AdobeStock_961043590-768x1020.jpeg 768w, https:\/\/forschung.fh-kaernten.at\/sirad\/files\/2024\/11\/AdobeStock_961043590-1157x1536.jpeg 1157w, https:\/\/forschung.fh-kaernten.at\/sirad\/files\/2024\/11\/AdobeStock_961043590-1543x2048.jpeg 1543w, https:\/\/forschung.fh-kaernten.at\/sirad\/files\/2024\/11\/AdobeStock_961043590-1000x1328.jpeg 1000w, https:\/\/forschung.fh-kaernten.at\/sirad\/files\/2024\/11\/AdobeStock_961043590-230x305.jpeg 230w, https:\/\/forschung.fh-kaernten.at\/sirad\/files\/2024\/11\/AdobeStock_961043590-350x465.jpeg 350w, https:\/\/forschung.fh-kaernten.at\/sirad\/files\/2024\/11\/AdobeStock_961043590-480x637.jpeg 480w, https:\/\/forschung.fh-kaernten.at\/sirad\/files\/2024\/11\/AdobeStock_961043590-scaled.jpeg 1928w\"><\/figure><\/div>\n\n\n\n<hr class=\"wp-block-separator aligncenter has-alpha-channel-opacity is-style-dots\" \/>\n\n\n\n<p class=\"wp-block-paragraph\"><strong>Weitere Kompetenzfelder:<\/strong><\/p>\n\n\n\n<ul class=\"wp-block-list\">\n<li>Technologiefolgenabsch\u00e4tzung<br>(z.B. Adoption, Barrieren, Chancen, Risiken, Nutzung und Erfolg von Innovationen)<\/li>\n\n\n\n<li>Begleitung und Durchf\u00fchrung von innovativen Veranstaltungskonzepten <br>Innovationsworkshops, Digitalisierungsinitiativen, Design-Thinking-Prozessen, Hackathons, Klimawerkst\u00e4tten, KlimaLab\u2019s uvm.<\/li>\n\n\n\n<li>Konzeptionierung innovativer L\u00f6sungen<br>z.B. im Bereich nachhaltige Mobilit\u00e4t, Zukunft Nahversorgung, Revitalisierung und St\u00e4rkung von Ortskernen uvm.<\/li>\n\n\n\n<li>Sozialwissenschaftliche Begleitung sowie Unterst\u00fctzung bei Innovationsprozessen <br>(z.B. Identifikation, Analyse, Entwicklung, Implementierung und Pilotierung von Innovationssystemen)<\/li>\n<\/ul>\n\n\n\n<hr class=\"wp-block-separator has-alpha-channel-opacity\" \/>\n\n\n\n<h1 id=\"team\" class=\"wp-block-heading\">Unser Team<\/h1>\n\n\n\n<div class=\"wp-block-columns is-layout-flex wp-container-core-columns-is-layout-7387b849 wp-block-columns-is-layout-flex\">\n<div class=\"wp-block-column is-layout-flow wp-block-column-is-layout-flow\">\n<figure class=\"wp-block-image size-full\"><img loading=\"lazy\" decoding=\"async\" width=\"209\" height=\"189\" src=\"data:image\/gif;base64,R0lGODlhAQABAAAAACH5BAEKAAEALAAAAAABAAEAAAICTAEAOw==\" alt=\"\" class=\"wp-image-901 lazyload\" data-src=\"https:\/\/forschung.fh-kaernten.at\/sirad\/files\/2025\/07\/Kathrin-runde-Auswahl.png\"><\/figure>\n\n\n\n<p class=\"wp-block-paragraph\">Dr.<sup>in<\/sup> <strong>Hilgarter Kathrin<\/strong>, BBSc, MSc, MA<br>Senior Researcher<br>Head of Research group SIRaD<br><a href=\"https:\/\/forschung.fh-kaernten.at\/sirad\">SIRaD<\/a><\/p>\n<\/div>\n\n\n\n<div class=\"wp-block-column is-layout-flow wp-block-column-is-layout-flow\">\n<figure class=\"wp-block-image size-full is-resized\"><img loading=\"lazy\" decoding=\"async\" width=\"209\" height=\"189\" src=\"data:image\/gif;base64,R0lGODlhAQABAAAAACH5BAEKAAEALAAAAAABAAEAAAICTAEAOw==\" alt=\"\" class=\"wp-image-905 lazyload\" style=\"aspect-ratio:1.1058315334773219;width:206px;height:auto\" data-src=\"https:\/\/forschung.fh-kaernten.at\/sirad\/files\/2025\/07\/Michael-runde-Auwahl-1.png\"><\/figure>\n\n\n\n<p class=\"wp-block-paragraph\">FH-Prof. Mag. Dr. <strong>Jungmeier Michael<br><\/strong>UNESCO Chair for the Sustainable Management of Conservation Areas<br>Professur f\u00fcr Naturschutz und Nachhaltigkeit<br><a href=\"https:\/\/www.fh-kaernten.at\/en\/further-education\/unesco-chair\">UNESCO CHAIR<\/a><\/p>\n<\/div>\n\n\n\n<div class=\"wp-block-column is-layout-flow wp-block-column-is-layout-flow\">\n<figure class=\"wp-block-image size-full is-resized\"><img loading=\"lazy\" decoding=\"async\" width=\"203\" height=\"189\" src=\"data:image\/gif;base64,R0lGODlhAQABAAAAACH5BAEKAAEALAAAAAABAAEAAAICTAEAOw==\" alt=\"\" class=\"wp-image-904 lazyload\" style=\"width:205px;height:auto\" data-src=\"https:\/\/forschung.fh-kaernten.at\/sirad\/files\/2025\/07\/Holger.png\"><\/figure>\n\n\n\n<p class=\"wp-block-paragraph\">FH-Prof. Mag. Dr. <strong>Penz Holger<br><\/strong>Studienbereichsleiter Gesundheit und Soziales<br>Professur f\u00fcr Methoden der empirischen Sozialforschung<br><a href=\"https:\/\/www.fh-kaernten.at\/studium\/gesundheit-soziales\">Gesundheit &amp; Soziales<\/a><\/p>\n<\/div>\n<\/div>\n\n\n\n<div class=\"wp-block-columns is-layout-flex wp-container-core-columns-is-layout-7387b849 wp-block-columns-is-layout-flex\">\n<div class=\"wp-block-column is-layout-flow wp-block-column-is-layout-flow\">\n<figure class=\"wp-block-image size-full\"><img loading=\"lazy\" decoding=\"async\" width=\"205\" height=\"189\" src=\"data:image\/gif;base64,R0lGODlhAQABAAAAACH5BAEKAAEALAAAAAABAAEAAAICTAEAOw==\" alt=\"\" class=\"wp-image-906 lazyload\" data-src=\"https:\/\/forschung.fh-kaernten.at\/sirad\/files\/2025\/07\/Kloss_Brandstaetter.png\"><\/figure>\n\n\n\n<p class=\"wp-block-paragraph\">FH-Prof.<sup>in<\/sup> Dr.<sup>in<\/sup> Priv.-Doz. DI Mag.<sup>a<\/sup><br><strong>Kloss-Brandst\u00e4tter Anita<br><\/strong>Professur f\u00fcr Mathematik und Statistik<br><a href=\"https:\/\/www.widsvillach.org\/\">WiDS Villach<\/a><\/p>\n<\/div>\n\n\n\n<div class=\"wp-block-column is-layout-flow wp-block-column-is-layout-flow\">\n<figure class=\"wp-block-image size-full\"><img loading=\"lazy\" decoding=\"async\" width=\"211\" height=\"189\" src=\"data:image\/gif;base64,R0lGODlhAQABAAAAACH5BAEKAAEALAAAAAABAAEAAAICTAEAOw==\" alt=\"\" class=\"wp-image-907 lazyload\" data-src=\"https:\/\/forschung.fh-kaernten.at\/sirad\/files\/2025\/07\/Dungs.png\"><\/figure>\n\n\n\n<p class=\"wp-block-paragraph\">FH-Prof.<sup>in<\/sup> Mag.<sup>a<\/sup> Dr.<sup>in<\/sup> habil. <strong>Dungs Susanne<br><\/strong>Professur f\u00fcr Ethik und Sozialphilosophie<br>Studiengangsleitung Disability &amp; Diversity Studies<br><a href=\"https:\/\/www.fh-kaernten.at\/studium\/gesundheit-soziales-berufsfreundlich\/master\/disability-diversity-digitalisierung-ddd\">Disability, Diversity &amp; Digitalisierung<\/a><\/p>\n<\/div>\n\n\n\n<div class=\"wp-block-column is-layout-flow wp-block-column-is-layout-flow\">\n<figure class=\"wp-block-image size-full is-resized\"><img loading=\"lazy\" decoding=\"async\" width=\"569\" height=\"560\" src=\"data:image\/gif;base64,R0lGODlhAQABAAAAACH5BAEKAAEALAAAAAABAAEAAAICTAEAOw==\" alt=\"\" class=\"wp-image-908 lazyload\" style=\"aspect-ratio:1.0161124662986263;width:199px;height:auto\" sizes=\"auto, (max-width: 569px) 100vw, 569px\" data-src=\"https:\/\/forschung.fh-kaernten.at\/sirad\/files\/2025\/07\/Robert.png\" data-srcset=\"https:\/\/forschung.fh-kaernten.at\/sirad\/files\/2025\/07\/Robert.png 569w, https:\/\/forschung.fh-kaernten.at\/sirad\/files\/2025\/07\/Robert-300x295.png 300w, https:\/\/forschung.fh-kaernten.at\/sirad\/files\/2025\/07\/Robert-230x226.png 230w, https:\/\/forschung.fh-kaernten.at\/sirad\/files\/2025\/07\/Robert-350x344.png 350w, https:\/\/forschung.fh-kaernten.at\/sirad\/files\/2025\/07\/Robert-480x472.png 480w\"><\/figure>\n\n\n\n<p class=\"wp-block-paragraph\">FH-Prof. Dipl.-Ing. Dr. techn. <strong>Robert Hauser<br><\/strong>Studiengangsleitung Maschinenbau, <br>Maschinenbau\/Leichtbau<br><a href=\"https:\/\/www.fh-kaernten.at\/studium\/engineering-it\/master\/maschinenbau-\/-leichtbau\">Maschinen- \/ Leichtbau <\/a><\/p>\n<\/div>\n<\/div>\n\n\n\n<div class=\"wp-block-columns is-layout-flex wp-container-core-columns-is-layout-7387b849 wp-block-columns-is-layout-flex\">\n<div class=\"wp-block-column is-layout-flow wp-block-column-is-layout-flow\">\n<figure class=\"wp-block-image size-full is-resized\"><img loading=\"lazy\" decoding=\"async\" width=\"334\" height=\"380\" src=\"data:image\/gif;base64,R0lGODlhAQABAAAAACH5BAEKAAEALAAAAAABAAEAAAICTAEAOw==\" alt=\"\" class=\"wp-image-910 lazyload\" style=\"aspect-ratio:0.878949414181798;width:192px;height:auto\" sizes=\"auto, (max-width: 334px) 100vw, 334px\" data-src=\"https:\/\/forschung.fh-kaernten.at\/sirad\/files\/2025\/07\/Marco-neu.png\" data-srcset=\"https:\/\/forschung.fh-kaernten.at\/sirad\/files\/2025\/07\/Marco-neu.png 334w, https:\/\/forschung.fh-kaernten.at\/sirad\/files\/2025\/07\/Marco-neu-264x300.png 264w, https:\/\/forschung.fh-kaernten.at\/sirad\/files\/2025\/07\/Marco-neu-230x262.png 230w\"><\/figure>\n\n\n\n<p class=\"wp-block-paragraph\"><strong>Marco Cecon<\/strong>, Bakk. rer. nat., MSc.<strong><br><\/strong>Junior Researcher<\/p>\n<\/div>\n\n\n\n<div class=\"wp-block-column is-layout-flow wp-block-column-is-layout-flow\">\n<figure class=\"wp-block-image size-full is-resized\"><img loading=\"lazy\" decoding=\"async\" width=\"279\" height=\"317\" src=\"data:image\/gif;base64,R0lGODlhAQABAAAAACH5BAEKAAEALAAAAAABAAEAAAICTAEAOw==\" alt=\"\" class=\"wp-image-1022 lazyload\" style=\"aspect-ratio:0.8801396160558465;width:194px;height:auto\" sizes=\"auto, (max-width: 279px) 100vw, 279px\" data-src=\"https:\/\/forschung.fh-kaernten.at\/sirad\/files\/2026\/03\/Haifeng.png\" data-srcset=\"https:\/\/forschung.fh-kaernten.at\/sirad\/files\/2026\/03\/Haifeng.png 279w, https:\/\/forschung.fh-kaernten.at\/sirad\/files\/2026\/03\/Haifeng-264x300.png 264w, https:\/\/forschung.fh-kaernten.at\/sirad\/files\/2026\/03\/Haifeng-230x261.png 230w\"><\/figure>\n\n\n\n<p class=\"wp-block-paragraph\"><strong>Haifeng Zhou<\/strong>, MSc.<strong><br><\/strong>Junior Researcher<\/p>\n<\/div>\n\n\n\n<div class=\"wp-block-column is-layout-flow wp-block-column-is-layout-flow\">\n<p class=\"wp-block-paragraph\"><\/p>\n<\/div>\n<\/div>\n\n\n\n<div class=\"wp-block-columns is-layout-flex wp-container-core-columns-is-layout-7387b849 wp-block-columns-is-layout-flex\">\n<div class=\"wp-block-column is-layout-flow wp-block-column-is-layout-flow\"><\/div>\n\n\n\n<div class=\"wp-block-column is-layout-flow wp-block-column-is-layout-flow\"><\/div>\n<\/div>\n\n\n\n<hr class=\"wp-block-separator has-alpha-channel-opacity\" \/>\n\n\n\n<h1 id=\"kontakt\" class=\"wp-block-heading has-large-font-size\"><strong>Kontakt<\/strong><\/h1>\n\n\n\n<h5 class=\"wp-block-heading\"><strong>Forschungsgruppe SIRaD<br><\/strong>Sustainable Innovation Research and Development<\/h5>\n\n\n\n<p class=\"wp-block-paragraph\"><strong>FH K\u00e4rnten<\/strong><br>gemeinn\u00fctzige Gesellschaft mbH<br>9524 Villach, Europastra\u00dfe 4<br>K\u00e4rnten, \u00d6sterreich<\/p>\n\n\n\n<p class=\"wp-block-paragraph\"><strong>Dr.<sup>in<\/sup> Kathrin Hilgarter, BBSc, MSc, MA<\/strong><\/p>\n\n\n\n<p class=\"wp-block-paragraph\">+43 (0)5 90500-4122<br>k.hilgarter@fh-kaernten.at<br><a href=\"https:\/\/www.fh-kaernten.at\/mitarbeiter-details?personId=4303800052&amp;cHash=98709aedc56b1dc30ec1f2414b0411dc&amp;moLo=1&amp;no_cache=1\" target=\"_blank\" rel=\"noopener\">Employee profile<\/a><\/p>\n\n\n\n<p class=\"wp-block-paragraph\"><\/p>\n","protected":false},"excerpt":{"rendered":"<p>\u00dcber die Forschungsgruppe Wir besch\u00e4ftigen uns mit innovativen Ans\u00e4tzen unter dem Gesichtspunkt der Nachhaltigkeit und nutzen interdisziplin\u00e4re Forschungsans\u00e4tze und transdisziplin\u00e4ren Herangehensweisen, um [&hellip;]<\/p>\n","protected":false},"author":48,"featured_media":0,"parent":0,"menu_order":0,"comment_status":"closed","ping_status":"closed","template":"","meta":{"_crdt_document":"","inline_featured_image":false,"footnotes":""},"class_list":["post-236","page","type-page","status-publish","hentry"],"yoast_head":"<!-- This site is optimized with the Yoast SEO plugin v27.4 - https:\/\/yoast.com\/product\/yoast-seo-wordpress\/ -->\n<title>Willkommen bei SIRaD - SIRaD<\/title>\n<meta name=\"robots\" content=\"index, follow, max-snippet:-1, max-image-preview:large, max-video-preview:-1\" \/>\n<link rel=\"canonical\" href=\"https:\/\/forschung.fh-kaernten.at\/sirad\/\" \/>\n<meta property=\"og:locale\" content=\"de_DE\" \/>\n<meta property=\"og:type\" content=\"article\" \/>\n<meta property=\"og:title\" content=\"Willkommen bei SIRaD - SIRaD\" \/>\n<meta property=\"og:description\" content=\"\u00dcber die Forschungsgruppe Wir besch\u00e4ftigen uns mit innovativen Ans\u00e4tzen unter dem Gesichtspunkt der Nachhaltigkeit und nutzen interdisziplin\u00e4re Forschungsans\u00e4tze und transdisziplin\u00e4ren Herangehensweisen, um [&hellip;]\" \/>\n<meta property=\"og:url\" content=\"https:\/\/forschung.fh-kaernten.at\/sirad\/\" \/>\n<meta property=\"og:site_name\" content=\"SIRaD\" \/>\n<meta property=\"article:modified_time\" content=\"2026-03-31T14:11:38+00:00\" \/>\n<meta property=\"og:image\" content=\"https:\/\/forschung.fh-kaernten.at\/sirad\/files\/2024\/11\/AdobeStock_961043590-scaled.jpeg\" \/>\n\t<meta property=\"og:image:width\" content=\"1928\" \/>\n\t<meta property=\"og:image:height\" content=\"2560\" \/>\n\t<meta property=\"og:image:type\" content=\"image\/jpeg\" \/>\n<meta name=\"twitter:card\" content=\"summary_large_image\" \/>\n<meta name=\"twitter:label1\" content=\"Gesch\u00e4tzte Lesezeit\" \/>\n\t<meta name=\"twitter:data1\" content=\"4\u00a0Minuten\" \/>\n<script type=\"application\/ld+json\" class=\"yoast-schema-graph\">{\"@context\":\"https:\\\/\\\/schema.org\",\"@graph\":[{\"@type\":\"WebPage\",\"@id\":\"https:\\\/\\\/forschung.fh-kaernten.at\\\/sirad\\\/\",\"url\":\"https:\\\/\\\/forschung.fh-kaernten.at\\\/sirad\\\/\",\"name\":\"Willkommen bei SIRaD - SIRaD\",\"isPartOf\":{\"@id\":\"https:\\\/\\\/forschung.fh-kaernten.at\\\/sirad\\\/#website\"},\"primaryImageOfPage\":{\"@id\":\"https:\\\/\\\/forschung.fh-kaernten.at\\\/sirad\\\/#primaryimage\"},\"image\":{\"@id\":\"https:\\\/\\\/forschung.fh-kaernten.at\\\/sirad\\\/#primaryimage\"},\"thumbnailUrl\":\"https:\\\/\\\/forschung.fh-kaernten.at\\\/sirad\\\/files\\\/2024\\\/11\\\/AdobeStock_961043590-771x1024.jpeg\",\"datePublished\":\"2022-06-16T16:30:32+00:00\",\"dateModified\":\"2026-03-31T14:11:38+00:00\",\"breadcrumb\":{\"@id\":\"https:\\\/\\\/forschung.fh-kaernten.at\\\/sirad\\\/#breadcrumb\"},\"inLanguage\":\"de\",\"potentialAction\":[{\"@type\":\"ReadAction\",\"target\":[\"https:\\\/\\\/forschung.fh-kaernten.at\\\/sirad\\\/\"]}]},{\"@type\":\"ImageObject\",\"inLanguage\":\"de\",\"@id\":\"https:\\\/\\\/forschung.fh-kaernten.at\\\/sirad\\\/#primaryimage\",\"url\":\"https:\\\/\\\/forschung.fh-kaernten.at\\\/sirad\\\/files\\\/2024\\\/11\\\/AdobeStock_961043590-scaled.jpeg\",\"contentUrl\":\"https:\\\/\\\/forschung.fh-kaernten.at\\\/sirad\\\/files\\\/2024\\\/11\\\/AdobeStock_961043590-scaled.jpeg\",\"width\":1928,\"height\":2560},{\"@type\":\"BreadcrumbList\",\"@id\":\"https:\\\/\\\/forschung.fh-kaernten.at\\\/sirad\\\/#breadcrumb\",\"itemListElement\":[{\"@type\":\"ListItem\",\"position\":1,\"name\":\"Startseite\",\"item\":\"https:\\\/\\\/forschung.fh-kaernten.at\\\/sirad\\\/\"},{\"@type\":\"ListItem\",\"position\":2,\"name\":\"Willkommen bei SIRaD\"}]},{\"@type\":\"WebSite\",\"@id\":\"https:\\\/\\\/forschung.fh-kaernten.at\\\/sirad\\\/#website\",\"url\":\"https:\\\/\\\/forschung.fh-kaernten.at\\\/sirad\\\/\",\"name\":\"SIRaD\",\"description\":\"Sustainable Innovation Research and Development\",\"potentialAction\":[{\"@type\":\"SearchAction\",\"target\":{\"@type\":\"EntryPoint\",\"urlTemplate\":\"https:\\\/\\\/forschung.fh-kaernten.at\\\/sirad\\\/?s={search_term_string}\"},\"query-input\":{\"@type\":\"PropertyValueSpecification\",\"valueRequired\":true,\"valueName\":\"search_term_string\"}}],\"inLanguage\":\"de\"}]}<\/script>\n<!-- \/ Yoast SEO plugin. -->","yoast_head_json":{"title":"Willkommen bei SIRaD - SIRaD","robots":{"index":"index","follow":"follow","max-snippet":"max-snippet:-1","max-image-preview":"max-image-preview:large","max-video-preview":"max-video-preview:-1"},"canonical":"https:\/\/forschung.fh-kaernten.at\/sirad\/","og_locale":"de_DE","og_type":"article","og_title":"Willkommen bei SIRaD - SIRaD","og_description":"\u00dcber die Forschungsgruppe Wir besch\u00e4ftigen uns mit innovativen Ans\u00e4tzen unter dem Gesichtspunkt der Nachhaltigkeit und nutzen interdisziplin\u00e4re Forschungsans\u00e4tze und transdisziplin\u00e4ren Herangehensweisen, um [&hellip;]","og_url":"https:\/\/forschung.fh-kaernten.at\/sirad\/","og_site_name":"SIRaD","article_modified_time":"2026-03-31T14:11:38+00:00","og_image":[{"width":1928,"height":2560,"url":"https:\/\/forschung.fh-kaernten.at\/sirad\/files\/2024\/11\/AdobeStock_961043590-scaled.jpeg","type":"image\/jpeg"}],"twitter_card":"summary_large_image","twitter_misc":{"Gesch\u00e4tzte Lesezeit":"4\u00a0Minuten"},"schema":{"@context":"https:\/\/schema.org","@graph":[{"@type":"WebPage","@id":"https:\/\/forschung.fh-kaernten.at\/sirad\/","url":"https:\/\/forschung.fh-kaernten.at\/sirad\/","name":"Willkommen bei SIRaD - SIRaD","isPartOf":{"@id":"https:\/\/forschung.fh-kaernten.at\/sirad\/#website"},"primaryImageOfPage":{"@id":"https:\/\/forschung.fh-kaernten.at\/sirad\/#primaryimage"},"image":{"@id":"https:\/\/forschung.fh-kaernten.at\/sirad\/#primaryimage"},"thumbnailUrl":"https:\/\/forschung.fh-kaernten.at\/sirad\/files\/2024\/11\/AdobeStock_961043590-771x1024.jpeg","datePublished":"2022-06-16T16:30:32+00:00","dateModified":"2026-03-31T14:11:38+00:00","breadcrumb":{"@id":"https:\/\/forschung.fh-kaernten.at\/sirad\/#breadcrumb"},"inLanguage":"de","potentialAction":[{"@type":"ReadAction","target":["https:\/\/forschung.fh-kaernten.at\/sirad\/"]}]},{"@type":"ImageObject","inLanguage":"de","@id":"https:\/\/forschung.fh-kaernten.at\/sirad\/#primaryimage","url":"https:\/\/forschung.fh-kaernten.at\/sirad\/files\/2024\/11\/AdobeStock_961043590-scaled.jpeg","contentUrl":"https:\/\/forschung.fh-kaernten.at\/sirad\/files\/2024\/11\/AdobeStock_961043590-scaled.jpeg","width":1928,"height":2560},{"@type":"BreadcrumbList","@id":"https:\/\/forschung.fh-kaernten.at\/sirad\/#breadcrumb","itemListElement":[{"@type":"ListItem","position":1,"name":"Startseite","item":"https:\/\/forschung.fh-kaernten.at\/sirad\/"},{"@type":"ListItem","position":2,"name":"Willkommen bei SIRaD"}]},{"@type":"WebSite","@id":"https:\/\/forschung.fh-kaernten.at\/sirad\/#website","url":"https:\/\/forschung.fh-kaernten.at\/sirad\/","name":"SIRaD","description":"Sustainable Innovation Research and Development","potentialAction":[{"@type":"SearchAction","target":{"@type":"EntryPoint","urlTemplate":"https:\/\/forschung.fh-kaernten.at\/sirad\/?s={search_term_string}"},"query-input":{"@type":"PropertyValueSpecification","valueRequired":true,"valueName":"search_term_string"}}],"inLanguage":"de"}]}},"_links":{"self":[{"href":"https:\/\/forschung.fh-kaernten.at\/sirad\/wp-json\/wp\/v2\/pages\/236","targetHints":{"allow":["GET"]}}],"collection":[{"href":"https:\/\/forschung.fh-kaernten.at\/sirad\/wp-json\/wp\/v2\/pages"}],"about":[{"href":"https:\/\/forschung.fh-kaernten.at\/sirad\/wp-json\/wp\/v2\/types\/page"}],"author":[{"embeddable":true,"href":"https:\/\/forschung.fh-kaernten.at\/sirad\/wp-json\/wp\/v2\/users\/48"}],"replies":[{"embeddable":true,"href":"https:\/\/forschung.fh-kaernten.at\/sirad\/wp-json\/wp\/v2\/comments?post=236"}],"version-history":[{"count":3,"href":"https:\/\/forschung.fh-kaernten.at\/sirad\/wp-json\/wp\/v2\/pages\/236\/revisions"}],"predecessor-version":[{"id":1025,"href":"https:\/\/forschung.fh-kaernten.at\/sirad\/wp-json\/wp\/v2\/pages\/236\/revisions\/1025"}],"wp:attachment":[{"href":"https:\/\/forschung.fh-kaernten.at\/sirad\/wp-json\/wp\/v2\/media?parent=236"}],"curies":[{"name":"wp","href":"https:\/\/api.w.org\/{rel}","templated":true}]}}