{"id":424,"date":"2023-10-10T16:41:05","date_gmt":"2023-10-10T14:41:05","guid":{"rendered":"https:\/\/forschung.fh-kaernten.at\/sirad\/?page_id=424"},"modified":"2024-11-01T15:39:06","modified_gmt":"2024-11-01T14:39:06","slug":"kig-kmu","status":"publish","type":"page","link":"https:\/\/forschung.fh-kaernten.at\/sirad\/kig-kmu\/","title":{"rendered":"KiG-KMU"},"content":{"rendered":"\n<figure class=\"wp-block-image alignright size-full is-resized\"><img loading=\"lazy\" decoding=\"async\" width=\"1020\" height=\"875\" src=\"data:image\/gif;base64,R0lGODlhAQABAAAAACH5BAEKAAEALAAAAAABAAEAAAICTAEAOw==\" alt=\"\" class=\"wp-image-494 lazyload\" style=\"width:261px;height:auto\" sizes=\"auto, (max-width: 1020px) 100vw, 1020px\" data-src=\"https:\/\/forschung.fh-kaernten.at\/sirad\/files\/2023\/12\/klimafonds_2D_RBG1-2.jpg\" data-srcset=\"https:\/\/forschung.fh-kaernten.at\/sirad\/files\/2023\/12\/klimafonds_2D_RBG1-2.jpg 1020w, https:\/\/forschung.fh-kaernten.at\/sirad\/files\/2023\/12\/klimafonds_2D_RBG1-2-300x257.jpg 300w, https:\/\/forschung.fh-kaernten.at\/sirad\/files\/2023\/12\/klimafonds_2D_RBG1-2-768x659.jpg 768w, https:\/\/forschung.fh-kaernten.at\/sirad\/files\/2023\/12\/klimafonds_2D_RBG1-2-1000x858.jpg 1000w, https:\/\/forschung.fh-kaernten.at\/sirad\/files\/2023\/12\/klimafonds_2D_RBG1-2-230x197.jpg 230w, https:\/\/forschung.fh-kaernten.at\/sirad\/files\/2023\/12\/klimafonds_2D_RBG1-2-350x300.jpg 350w, https:\/\/forschung.fh-kaernten.at\/sirad\/files\/2023\/12\/klimafonds_2D_RBG1-2-480x412.jpg 480w\"><\/figure>\n\n\n\n<h2 class=\"wp-block-heading has-medium-font-size\">Klimaresilient-integrative Gesch\u00e4ftmodelle in KMU<\/h2>\n\n\n\n<p class=\"wp-block-paragraph\"><\/p>\n\n\n\n<figure class=\"wp-block-image size-full is-resized\"><img loading=\"lazy\" decoding=\"async\" width=\"302\" height=\"219\" src=\"data:image\/gif;base64,R0lGODlhAQABAAAAACH5BAEKAAEALAAAAAABAAEAAAICTAEAOw==\" alt=\"\" class=\"wp-image-588 lazyload\" style=\"width:294px;height:auto\" sizes=\"auto, (max-width: 302px) 100vw, 302px\" data-src=\"https:\/\/forschung.fh-kaernten.at\/sirad\/files\/2024\/11\/Natur_2.jpg\" data-srcset=\"https:\/\/forschung.fh-kaernten.at\/sirad\/files\/2024\/11\/Natur_2.jpg 302w, https:\/\/forschung.fh-kaernten.at\/sirad\/files\/2024\/11\/Natur_2-300x218.jpg 300w, https:\/\/forschung.fh-kaernten.at\/sirad\/files\/2024\/11\/Natur_2-230x167.jpg 230w\"><\/figure>\n\n\n<h2>About<\/h2>\n<p style=\"text-align: left\">Das Projekt soll den Grundstein f\u00fcr die Entwicklung eines niederschwelligen und praxisrelevanten Tools legen, welches kleine und mittlere Unternehmen (KMU) bei der Umsetzung von Ma\u00dfnahmen zur Klimawandelanpassung unterst\u00fctzen und eine Integration in die t\u00e4gliche Gesch\u00e4ftsf\u00fchrung erm\u00f6glichen soll. Diesem Anliegen folgt das Projekt &#8222;Pilotkonzept eines Tools f\u00fcr klimaresilient-integrative Gesch\u00e4ftsmodelle f\u00fcr KMU in \u00d6sterreich&#8220; kurz &#8222;KiG-KMU&#8220;. Abzielend auf Bewusstseinsbildung, den Ansto\u00df zur Umsetzung von Klimawandelanpassungsma\u00dfnahmen, den Impuls f\u00fcr ein verantwortungsvolles Wirtschaften sowie das Empowerment von KMU, soll ein Pilotkonzept eines Tools f\u00fcr klimaresilient-integrative Gesch\u00e4ftsmodelle entwickelt werden. Dabei sollen wesentliche Fragen der DIN EN ISO-Norm 14090 und 14091 mit den &#8222;Sustainable Business Modell&#8220; verkn\u00fcpft sowie zielgruppengerecht heruntergebrochen und aufbereitet werden.<\/p>\n<h2>\u00a0<\/h2>\n<h2>Projektbeschreibung<\/h2>\n<p><a href=\"https:\/\/forschung.fh-kaernten.at\/sirad\/files\/2023\/10\/Dok2-1-scaled.jpg\" data-elementor-open-lightbox=\"yes\" data-elementor-lightbox-title=\"Dok2-1\" data-e-action-hash=\"#elementor-action%3Aaction%3Dlightbox%26settings%3DeyJpZCI6IjQ2MiIsInVybCI6Imh0dHBzOlwvXC9mb3JzY2h1bmcuZmgta2Flcm50ZW4uYXRcL3NpcmFkXC9maWxlc1wvMjAyM1wvMTBcL0RvazItMS1zY2FsZWQuanBnIn0%3D\"><br \/><img loading=\"lazy\" decoding=\"async\" class=\"aligncenter lazyload\" src=\"data:image\/gif;base64,R0lGODlhAQABAAAAACH5BAEKAAEALAAAAAABAAEAAAICTAEAOw==\" alt=\"\" width=\"1024\" height=\"405\" data-src=\"https:\/\/forschung.fh-kaernten.at\/sirad\/files\/2023\/10\/Dok2-1-1024x405.jpg\"> <\/a><\/p>\n\n\n<hr class=\"wp-block-separator has-alpha-channel-opacity\" \/>\n\n\n\n<h1 class=\"wp-block-heading\">About us<\/h1>\n\n\n\n<h4 class=\"wp-block-heading\">Projektteam<\/h4>\n\n\n\n<div class=\"wp-block-media-text has-media-on-the-right is-stacked-on-mobile\"><div class=\"wp-block-media-text__content\">\n<p class=\"wp-block-paragraph\"><strong>Dr. Kathrin Hilgarter<\/strong><br>Projektleitung, Bedarfserhebung<br><a href=\"https:\/\/at.linkedin.com\/in\/kathrin-hilgarter-668867140\" target=\"_blank\" rel=\"noreferrer noopener\">Linkedin<\/a><\/p>\n<\/div><figure class=\"wp-block-media-text__media\"><a href=\"https:\/\/www.fh-kaernten.at\/\"><img loading=\"lazy\" decoding=\"async\" width=\"1024\" height=\"390\" src=\"data:image\/gif;base64,R0lGODlhAQABAAAAACH5BAEKAAEALAAAAAABAAEAAAICTAEAOw==\" alt=\"\" class=\"wp-image-501 size-full lazyload\" sizes=\"auto, (max-width: 1024px) 100vw, 1024px\" data-src=\"https:\/\/forschung.fh-kaernten.at\/sirad\/files\/2023\/12\/FH_LOGO_kombi_SIRaD_transparent-1024x390.png\" data-srcset=\"https:\/\/forschung.fh-kaernten.at\/sirad\/files\/2023\/12\/FH_LOGO_kombi_SIRaD_transparent-1024x390.png 1024w, https:\/\/forschung.fh-kaernten.at\/sirad\/files\/2023\/12\/FH_LOGO_kombi_SIRaD_transparent-300x114.png 300w, https:\/\/forschung.fh-kaernten.at\/sirad\/files\/2023\/12\/FH_LOGO_kombi_SIRaD_transparent-768x293.png 768w, https:\/\/forschung.fh-kaernten.at\/sirad\/files\/2023\/12\/FH_LOGO_kombi_SIRaD_transparent-1536x585.png 1536w, https:\/\/forschung.fh-kaernten.at\/sirad\/files\/2023\/12\/FH_LOGO_kombi_SIRaD_transparent-2048x780.png 2048w, https:\/\/forschung.fh-kaernten.at\/sirad\/files\/2023\/12\/FH_LOGO_kombi_SIRaD_transparent-1000x381.png 1000w, https:\/\/forschung.fh-kaernten.at\/sirad\/files\/2023\/12\/FH_LOGO_kombi_SIRaD_transparent-230x88.png 230w, https:\/\/forschung.fh-kaernten.at\/sirad\/files\/2023\/12\/FH_LOGO_kombi_SIRaD_transparent-350x133.png 350w, https:\/\/forschung.fh-kaernten.at\/sirad\/files\/2023\/12\/FH_LOGO_kombi_SIRaD_transparent-480x183.png 480w\"><\/a><\/figure><\/div>\n\n\n\n<div class=\"wp-block-media-text has-media-on-the-right is-stacked-on-mobile\"><div class=\"wp-block-media-text__content\">\n<p class=\"wp-block-paragraph\"><strong>Dr. Sabine Seidler<\/strong><br>Kommunikation und Dissemination<br><a href=\"https:\/\/at.linkedin.com\/in\/sabine-seidler-dr-8b261041\" target=\"_blank\" rel=\"noreferrer noopener\">Linkedin<\/a><\/p>\n<\/div><figure class=\"wp-block-media-text__media\"><a href=\"https:\/\/www.alpine-nature-campus.com\/\"><img loading=\"lazy\" decoding=\"async\" width=\"300\" height=\"50\" src=\"data:image\/gif;base64,R0lGODlhAQABAAAAACH5BAEKAAEALAAAAAABAAEAAAICTAEAOw==\" alt=\"\" class=\"wp-image-502 size-full lazyload\" sizes=\"auto, (max-width: 300px) 100vw, 300px\" data-src=\"https:\/\/forschung.fh-kaernten.at\/sirad\/files\/2023\/12\/AlpineNature.png\" data-srcset=\"https:\/\/forschung.fh-kaernten.at\/sirad\/files\/2023\/12\/AlpineNature.png 300w, https:\/\/forschung.fh-kaernten.at\/sirad\/files\/2023\/12\/AlpineNature-230x38.png 230w\"><\/a><\/figure><\/div>\n\n\n\n<div class=\"wp-block-media-text has-media-on-the-right is-stacked-on-mobile\"><div class=\"wp-block-media-text__content\">\n<p class=\"wp-block-paragraph\"><strong>DI Andreas Gsch\u00f6pf<\/strong><br>Integration von Klimawandelanpassung in Gesch\u00e4ftsmodelle<br><a href=\"https:\/\/at.linkedin.com\/in\/andreasgsch%C3%B6pf\" target=\"_blank\" rel=\"noreferrer noopener\">Linkedin<\/a><\/p>\n<\/div><figure class=\"wp-block-media-text__media\"><a href=\"https:\/\/www.inits.at\/\"><img loading=\"lazy\" decoding=\"async\" width=\"1024\" height=\"488\" src=\"data:image\/gif;base64,R0lGODlhAQABAAAAACH5BAEKAAEALAAAAAABAAEAAAICTAEAOw==\" alt=\"\" class=\"wp-image-503 size-full lazyload\" sizes=\"auto, (max-width: 1024px) 100vw, 1024px\" data-src=\"https:\/\/forschung.fh-kaernten.at\/sirad\/files\/2023\/12\/INiTS-Logo-RGB-1024x488.png\" data-srcset=\"https:\/\/forschung.fh-kaernten.at\/sirad\/files\/2023\/12\/INiTS-Logo-RGB-1024x488.png 1024w, https:\/\/forschung.fh-kaernten.at\/sirad\/files\/2023\/12\/INiTS-Logo-RGB-300x143.png 300w, https:\/\/forschung.fh-kaernten.at\/sirad\/files\/2023\/12\/INiTS-Logo-RGB-768x366.png 768w, https:\/\/forschung.fh-kaernten.at\/sirad\/files\/2023\/12\/INiTS-Logo-RGB-1000x476.png 1000w, https:\/\/forschung.fh-kaernten.at\/sirad\/files\/2023\/12\/INiTS-Logo-RGB-230x110.png 230w, https:\/\/forschung.fh-kaernten.at\/sirad\/files\/2023\/12\/INiTS-Logo-RGB-350x167.png 350w, https:\/\/forschung.fh-kaernten.at\/sirad\/files\/2023\/12\/INiTS-Logo-RGB-480x229.png 480w, https:\/\/forschung.fh-kaernten.at\/sirad\/files\/2023\/12\/INiTS-Logo-RGB.png 1050w\"><\/a><\/figure><\/div>\n\n\n\n<div class=\"wp-block-media-text has-media-on-the-right is-stacked-on-mobile\"><div class=\"wp-block-media-text__content\">\n<p class=\"wp-block-paragraph\"><strong>DI Patricia Erler<\/strong><br>Anforderungen, Interviews &amp; Kontakte<br><a href=\"https:\/\/at.linkedin.com\/in\/patricia-erler-42ab21aa\" target=\"_blank\" rel=\"noreferrer noopener\">Linkedin<\/a><br><\/p>\n\n\n\n<p class=\"wp-block-paragraph\"><strong>Mag. Anabel Heger<\/strong><br>Anforderungen, Interviews &amp; Kontakte<br><a href=\"https:\/\/at.linkedin.com\/in\/anabelheger\" target=\"_blank\" rel=\"noreferrer noopener\">Linkedin<\/a><\/p>\n<\/div><figure class=\"wp-block-media-text__media\"><a href=\"https:\/\/tirol.klimabuendnis.at\/\"><img loading=\"lazy\" decoding=\"async\" width=\"1024\" height=\"537\" src=\"data:image\/gif;base64,R0lGODlhAQABAAAAACH5BAEKAAEALAAAAAABAAEAAAICTAEAOw==\" alt=\"\" class=\"wp-image-504 size-full lazyload\" sizes=\"auto, (max-width: 1024px) 100vw, 1024px\" data-src=\"https:\/\/forschung.fh-kaernten.at\/sirad\/files\/2023\/12\/klimabuendnis_tirol_black_web-1-1024x537.png\" data-srcset=\"https:\/\/forschung.fh-kaernten.at\/sirad\/files\/2023\/12\/klimabuendnis_tirol_black_web-1-1024x537.png 1024w, https:\/\/forschung.fh-kaernten.at\/sirad\/files\/2023\/12\/klimabuendnis_tirol_black_web-1-300x157.png 300w, https:\/\/forschung.fh-kaernten.at\/sirad\/files\/2023\/12\/klimabuendnis_tirol_black_web-1-768x403.png 768w, https:\/\/forschung.fh-kaernten.at\/sirad\/files\/2023\/12\/klimabuendnis_tirol_black_web-1-1536x806.png 1536w, https:\/\/forschung.fh-kaernten.at\/sirad\/files\/2023\/12\/klimabuendnis_tirol_black_web-1-1000x525.png 1000w, https:\/\/forschung.fh-kaernten.at\/sirad\/files\/2023\/12\/klimabuendnis_tirol_black_web-1-230x121.png 230w, https:\/\/forschung.fh-kaernten.at\/sirad\/files\/2023\/12\/klimabuendnis_tirol_black_web-1-350x184.png 350w, https:\/\/forschung.fh-kaernten.at\/sirad\/files\/2023\/12\/klimabuendnis_tirol_black_web-1-480x252.png 480w, https:\/\/forschung.fh-kaernten.at\/sirad\/files\/2023\/12\/klimabuendnis_tirol_black_web-1.png 2000w\"><\/a><\/figure><\/div>\n\n\n\n<div class=\"wp-block-media-text has-media-on-the-right is-stacked-on-mobile\"><div class=\"wp-block-media-text__content\">\n<p class=\"wp-block-paragraph\"><strong>Mag. Norbert Ellinger<\/strong><br>Anforderungen, Interviews &amp; Kontakte<br><a href=\"https:\/\/at.linkedin.com\/company\/klimab%C3%BCndnis-o%C3%B6\" target=\"_blank\" rel=\"noreferrer noopener\">Linkedin<\/a><\/p>\n\n\n\n<p class=\"wp-block-paragraph\"><strong>Thomas Zwirnitz, BSc<\/strong><br>Anforderungen, Interviews, Kontakte <\/p>\n<\/div><figure class=\"wp-block-media-text__media\"><a href=\"https:\/\/oberoesterreich.klimabuendnis.at\/\"><img loading=\"lazy\" decoding=\"async\" width=\"1024\" height=\"446\" src=\"data:image\/gif;base64,R0lGODlhAQABAAAAACH5BAEKAAEALAAAAAABAAEAAAICTAEAOw==\" alt=\"\" class=\"wp-image-507 size-full lazyload\" sizes=\"auto, (max-width: 1024px) 100vw, 1024px\" data-src=\"https:\/\/forschung.fh-kaernten.at\/sirad\/files\/2023\/12\/LOGO_Klimabuendnis_Oberoesterreich_klein-1024x446.jpg\" data-srcset=\"https:\/\/forschung.fh-kaernten.at\/sirad\/files\/2023\/12\/LOGO_Klimabuendnis_Oberoesterreich_klein-1024x446.jpg 1024w, https:\/\/forschung.fh-kaernten.at\/sirad\/files\/2023\/12\/LOGO_Klimabuendnis_Oberoesterreich_klein-300x131.jpg 300w, https:\/\/forschung.fh-kaernten.at\/sirad\/files\/2023\/12\/LOGO_Klimabuendnis_Oberoesterreich_klein-768x334.jpg 768w, https:\/\/forschung.fh-kaernten.at\/sirad\/files\/2023\/12\/LOGO_Klimabuendnis_Oberoesterreich_klein-1000x435.jpg 1000w, https:\/\/forschung.fh-kaernten.at\/sirad\/files\/2023\/12\/LOGO_Klimabuendnis_Oberoesterreich_klein-230x100.jpg 230w, https:\/\/forschung.fh-kaernten.at\/sirad\/files\/2023\/12\/LOGO_Klimabuendnis_Oberoesterreich_klein-350x152.jpg 350w, https:\/\/forschung.fh-kaernten.at\/sirad\/files\/2023\/12\/LOGO_Klimabuendnis_Oberoesterreich_klein-480x209.jpg 480w, https:\/\/forschung.fh-kaernten.at\/sirad\/files\/2023\/12\/LOGO_Klimabuendnis_Oberoesterreich_klein.jpg 1500w\"><\/a><\/figure><\/div>\n\n\n\n<h4 class=\"wp-block-heading\">Weitere Partner*innen<\/h4>\n\n\n\n<div class=\"wp-block-media-text has-media-on-the-right is-stacked-on-mobile\"><div class=\"wp-block-media-text__content\">\n<p class=\"wp-block-paragraph\"><strong>Mag. Christian Salmhofer<\/strong><br>Interviews, Kontakte &amp; KMU Dialog<\/p>\n\n\n\n<p class=\"wp-block-paragraph\"><\/p>\n<\/div><figure class=\"wp-block-media-text__media\"><a href=\"https:\/\/kaernten.klimabuendnis.at\"><img loading=\"lazy\" decoding=\"async\" width=\"1024\" height=\"412\" src=\"data:image\/gif;base64,R0lGODlhAQABAAAAACH5BAEKAAEALAAAAAABAAEAAAICTAEAOw==\" alt=\"\" class=\"wp-image-509 size-full lazyload\" sizes=\"auto, (max-width: 1024px) 100vw, 1024px\" data-src=\"https:\/\/forschung.fh-kaernten.at\/sirad\/files\/2023\/12\/Klimabuendnis_23-1024x412.png\" data-srcset=\"https:\/\/forschung.fh-kaernten.at\/sirad\/files\/2023\/12\/Klimabuendnis_23-1024x412.png 1024w, https:\/\/forschung.fh-kaernten.at\/sirad\/files\/2023\/12\/Klimabuendnis_23-300x121.png 300w, https:\/\/forschung.fh-kaernten.at\/sirad\/files\/2023\/12\/Klimabuendnis_23-768x309.png 768w, https:\/\/forschung.fh-kaernten.at\/sirad\/files\/2023\/12\/Klimabuendnis_23-1000x402.png 1000w, https:\/\/forschung.fh-kaernten.at\/sirad\/files\/2023\/12\/Klimabuendnis_23-230x92.png 230w, https:\/\/forschung.fh-kaernten.at\/sirad\/files\/2023\/12\/Klimabuendnis_23-350x141.png 350w, https:\/\/forschung.fh-kaernten.at\/sirad\/files\/2023\/12\/Klimabuendnis_23-480x193.png 480w, https:\/\/forschung.fh-kaernten.at\/sirad\/files\/2023\/12\/Klimabuendnis_23.png 1169w\"><\/a><\/figure><\/div>\n","protected":false},"excerpt":{"rendered":"<p>Klimaresilient-integrative Gesch\u00e4ftmodelle in KMU About Das Projekt soll den Grundstein f\u00fcr die Entwicklung eines niederschwelligen und praxisrelevanten Tools legen, welches kleine und [&hellip;]<\/p>\n","protected":false},"author":199,"featured_media":0,"parent":0,"menu_order":0,"comment_status":"closed","ping_status":"closed","template":"","meta":{"_crdt_document":"","inline_featured_image":false,"footnotes":""},"class_list":["post-424","page","type-page","status-publish","hentry"],"yoast_head":"<!-- This site is optimized with the Yoast SEO plugin v27.4 - https:\/\/yoast.com\/product\/yoast-seo-wordpress\/ -->\n<title>KiG-KMU - SIRaD<\/title>\n<meta name=\"robots\" content=\"index, follow, max-snippet:-1, max-image-preview:large, max-video-preview:-1\" \/>\n<link rel=\"canonical\" href=\"https:\/\/forschung.fh-kaernten.at\/sirad\/kig-kmu\/\" \/>\n<meta property=\"og:locale\" content=\"de_DE\" \/>\n<meta property=\"og:type\" content=\"article\" \/>\n<meta property=\"og:title\" content=\"KiG-KMU - SIRaD\" \/>\n<meta property=\"og:description\" content=\"Klimaresilient-integrative Gesch\u00e4ftmodelle in KMU About Das Projekt soll den Grundstein f\u00fcr die Entwicklung eines niederschwelligen und praxisrelevanten Tools legen, welches kleine und [&hellip;]\" \/>\n<meta property=\"og:url\" content=\"https:\/\/forschung.fh-kaernten.at\/sirad\/kig-kmu\/\" \/>\n<meta property=\"og:site_name\" content=\"SIRaD\" \/>\n<meta property=\"article:modified_time\" content=\"2024-11-01T14:39:06+00:00\" \/>\n<meta property=\"og:image\" content=\"https:\/\/forschung.fh-kaernten.at\/sirad\/files\/2023\/12\/klimafonds_2D_RBG1-2.jpg\" \/>\n<meta name=\"twitter:card\" content=\"summary_large_image\" \/>\n<meta name=\"twitter:label1\" content=\"Gesch\u00e4tzte Lesezeit\" \/>\n\t<meta name=\"twitter:data1\" content=\"1\u00a0Minute\" \/>\n<script type=\"application\/ld+json\" class=\"yoast-schema-graph\">{\"@context\":\"https:\\\/\\\/schema.org\",\"@graph\":[{\"@type\":\"WebPage\",\"@id\":\"https:\\\/\\\/forschung.fh-kaernten.at\\\/sirad\\\/kig-kmu\\\/\",\"url\":\"https:\\\/\\\/forschung.fh-kaernten.at\\\/sirad\\\/kig-kmu\\\/\",\"name\":\"KiG-KMU - SIRaD\",\"isPartOf\":{\"@id\":\"https:\\\/\\\/forschung.fh-kaernten.at\\\/sirad\\\/#website\"},\"primaryImageOfPage\":{\"@id\":\"https:\\\/\\\/forschung.fh-kaernten.at\\\/sirad\\\/kig-kmu\\\/#primaryimage\"},\"image\":{\"@id\":\"https:\\\/\\\/forschung.fh-kaernten.at\\\/sirad\\\/kig-kmu\\\/#primaryimage\"},\"thumbnailUrl\":\"https:\\\/\\\/forschung.fh-kaernten.at\\\/sirad\\\/files\\\/2023\\\/12\\\/klimafonds_2D_RBG1-2.jpg\",\"datePublished\":\"2023-10-10T14:41:05+00:00\",\"dateModified\":\"2024-11-01T14:39:06+00:00\",\"breadcrumb\":{\"@id\":\"https:\\\/\\\/forschung.fh-kaernten.at\\\/sirad\\\/kig-kmu\\\/#breadcrumb\"},\"inLanguage\":\"de\",\"potentialAction\":[{\"@type\":\"ReadAction\",\"target\":[\"https:\\\/\\\/forschung.fh-kaernten.at\\\/sirad\\\/kig-kmu\\\/\"]}]},{\"@type\":\"ImageObject\",\"inLanguage\":\"de\",\"@id\":\"https:\\\/\\\/forschung.fh-kaernten.at\\\/sirad\\\/kig-kmu\\\/#primaryimage\",\"url\":\"https:\\\/\\\/forschung.fh-kaernten.at\\\/sirad\\\/files\\\/2023\\\/12\\\/klimafonds_2D_RBG1-2.jpg\",\"contentUrl\":\"https:\\\/\\\/forschung.fh-kaernten.at\\\/sirad\\\/files\\\/2023\\\/12\\\/klimafonds_2D_RBG1-2.jpg\",\"width\":1020,\"height\":875},{\"@type\":\"BreadcrumbList\",\"@id\":\"https:\\\/\\\/forschung.fh-kaernten.at\\\/sirad\\\/kig-kmu\\\/#breadcrumb\",\"itemListElement\":[{\"@type\":\"ListItem\",\"position\":1,\"name\":\"Startseite\",\"item\":\"https:\\\/\\\/forschung.fh-kaernten.at\\\/sirad\\\/\"},{\"@type\":\"ListItem\",\"position\":2,\"name\":\"KiG-KMU\"}]},{\"@type\":\"WebSite\",\"@id\":\"https:\\\/\\\/forschung.fh-kaernten.at\\\/sirad\\\/#website\",\"url\":\"https:\\\/\\\/forschung.fh-kaernten.at\\\/sirad\\\/\",\"name\":\"SIRaD\",\"description\":\"Sustainable Innovation Research and Development\",\"potentialAction\":[{\"@type\":\"SearchAction\",\"target\":{\"@type\":\"EntryPoint\",\"urlTemplate\":\"https:\\\/\\\/forschung.fh-kaernten.at\\\/sirad\\\/?s={search_term_string}\"},\"query-input\":{\"@type\":\"PropertyValueSpecification\",\"valueRequired\":true,\"valueName\":\"search_term_string\"}}],\"inLanguage\":\"de\"}]}<\/script>\n<!-- \/ Yoast SEO plugin. -->","yoast_head_json":{"title":"KiG-KMU - SIRaD","robots":{"index":"index","follow":"follow","max-snippet":"max-snippet:-1","max-image-preview":"max-image-preview:large","max-video-preview":"max-video-preview:-1"},"canonical":"https:\/\/forschung.fh-kaernten.at\/sirad\/kig-kmu\/","og_locale":"de_DE","og_type":"article","og_title":"KiG-KMU - SIRaD","og_description":"Klimaresilient-integrative Gesch\u00e4ftmodelle in KMU About Das Projekt soll den Grundstein f\u00fcr die Entwicklung eines niederschwelligen und praxisrelevanten Tools legen, welches kleine und [&hellip;]","og_url":"https:\/\/forschung.fh-kaernten.at\/sirad\/kig-kmu\/","og_site_name":"SIRaD","article_modified_time":"2024-11-01T14:39:06+00:00","og_image":[{"url":"https:\/\/forschung.fh-kaernten.at\/sirad\/files\/2023\/12\/klimafonds_2D_RBG1-2.jpg","type":"","width":"","height":""}],"twitter_card":"summary_large_image","twitter_misc":{"Gesch\u00e4tzte Lesezeit":"1\u00a0Minute"},"schema":{"@context":"https:\/\/schema.org","@graph":[{"@type":"WebPage","@id":"https:\/\/forschung.fh-kaernten.at\/sirad\/kig-kmu\/","url":"https:\/\/forschung.fh-kaernten.at\/sirad\/kig-kmu\/","name":"KiG-KMU - SIRaD","isPartOf":{"@id":"https:\/\/forschung.fh-kaernten.at\/sirad\/#website"},"primaryImageOfPage":{"@id":"https:\/\/forschung.fh-kaernten.at\/sirad\/kig-kmu\/#primaryimage"},"image":{"@id":"https:\/\/forschung.fh-kaernten.at\/sirad\/kig-kmu\/#primaryimage"},"thumbnailUrl":"https:\/\/forschung.fh-kaernten.at\/sirad\/files\/2023\/12\/klimafonds_2D_RBG1-2.jpg","datePublished":"2023-10-10T14:41:05+00:00","dateModified":"2024-11-01T14:39:06+00:00","breadcrumb":{"@id":"https:\/\/forschung.fh-kaernten.at\/sirad\/kig-kmu\/#breadcrumb"},"inLanguage":"de","potentialAction":[{"@type":"ReadAction","target":["https:\/\/forschung.fh-kaernten.at\/sirad\/kig-kmu\/"]}]},{"@type":"ImageObject","inLanguage":"de","@id":"https:\/\/forschung.fh-kaernten.at\/sirad\/kig-kmu\/#primaryimage","url":"https:\/\/forschung.fh-kaernten.at\/sirad\/files\/2023\/12\/klimafonds_2D_RBG1-2.jpg","contentUrl":"https:\/\/forschung.fh-kaernten.at\/sirad\/files\/2023\/12\/klimafonds_2D_RBG1-2.jpg","width":1020,"height":875},{"@type":"BreadcrumbList","@id":"https:\/\/forschung.fh-kaernten.at\/sirad\/kig-kmu\/#breadcrumb","itemListElement":[{"@type":"ListItem","position":1,"name":"Startseite","item":"https:\/\/forschung.fh-kaernten.at\/sirad\/"},{"@type":"ListItem","position":2,"name":"KiG-KMU"}]},{"@type":"WebSite","@id":"https:\/\/forschung.fh-kaernten.at\/sirad\/#website","url":"https:\/\/forschung.fh-kaernten.at\/sirad\/","name":"SIRaD","description":"Sustainable Innovation Research and Development","potentialAction":[{"@type":"SearchAction","target":{"@type":"EntryPoint","urlTemplate":"https:\/\/forschung.fh-kaernten.at\/sirad\/?s={search_term_string}"},"query-input":{"@type":"PropertyValueSpecification","valueRequired":true,"valueName":"search_term_string"}}],"inLanguage":"de"}]}},"_links":{"self":[{"href":"https:\/\/forschung.fh-kaernten.at\/sirad\/wp-json\/wp\/v2\/pages\/424","targetHints":{"allow":["GET"]}}],"collection":[{"href":"https:\/\/forschung.fh-kaernten.at\/sirad\/wp-json\/wp\/v2\/pages"}],"about":[{"href":"https:\/\/forschung.fh-kaernten.at\/sirad\/wp-json\/wp\/v2\/types\/page"}],"author":[{"embeddable":true,"href":"https:\/\/forschung.fh-kaernten.at\/sirad\/wp-json\/wp\/v2\/users\/199"}],"replies":[{"embeddable":true,"href":"https:\/\/forschung.fh-kaernten.at\/sirad\/wp-json\/wp\/v2\/comments?post=424"}],"version-history":[{"count":1,"href":"https:\/\/forschung.fh-kaernten.at\/sirad\/wp-json\/wp\/v2\/pages\/424\/revisions"}],"predecessor-version":[{"id":996,"href":"https:\/\/forschung.fh-kaernten.at\/sirad\/wp-json\/wp\/v2\/pages\/424\/revisions\/996"}],"wp:attachment":[{"href":"https:\/\/forschung.fh-kaernten.at\/sirad\/wp-json\/wp\/v2\/media?parent=424"}],"curies":[{"name":"wp","href":"https:\/\/api.w.org\/{rel}","templated":true}]}}