{"id":771,"date":"2025-07-29T17:24:47","date_gmt":"2025-07-29T15:24:47","guid":{"rendered":"https:\/\/forschung.fh-kaernten.at\/sirad\/?page_id=771"},"modified":"2025-10-03T13:00:11","modified_gmt":"2025-10-03T11:00:11","slug":"ccm2040","status":"publish","type":"page","link":"https:\/\/forschung.fh-kaernten.at\/sirad\/ccm2040\/","title":{"rendered":"CCM2040"},"content":{"rendered":"\n<h2 class=\"wp-block-heading\">Climate Compass for Municipalities<\/h2>\n\n\n\n<figure class=\"wp-block-image size-large\"><img loading=\"lazy\" decoding=\"async\" width=\"1024\" height=\"106\" src=\"data:image\/gif;base64,R0lGODlhAQABAAAAACH5BAEKAAEALAAAAAABAAEAAAICTAEAOw==\" alt=\"\" class=\"wp-image-772 lazyload\" sizes=\"auto, (max-width: 1024px) 100vw, 1024px\" data-src=\"https:\/\/forschung.fh-kaernten.at\/sirad\/files\/2025\/07\/Logo_INTERREG_Project_CCM2040_03-1024x106.png\" data-srcset=\"https:\/\/forschung.fh-kaernten.at\/sirad\/files\/2025\/07\/Logo_INTERREG_Project_CCM2040_03-1024x106.png 1024w, https:\/\/forschung.fh-kaernten.at\/sirad\/files\/2025\/07\/Logo_INTERREG_Project_CCM2040_03-300x31.png 300w, https:\/\/forschung.fh-kaernten.at\/sirad\/files\/2025\/07\/Logo_INTERREG_Project_CCM2040_03-768x80.png 768w, https:\/\/forschung.fh-kaernten.at\/sirad\/files\/2025\/07\/Logo_INTERREG_Project_CCM2040_03-1536x159.png 1536w, https:\/\/forschung.fh-kaernten.at\/sirad\/files\/2025\/07\/Logo_INTERREG_Project_CCM2040_03-1000x104.png 1000w, https:\/\/forschung.fh-kaernten.at\/sirad\/files\/2025\/07\/Logo_INTERREG_Project_CCM2040_03-230x24.png 230w, https:\/\/forschung.fh-kaernten.at\/sirad\/files\/2025\/07\/Logo_INTERREG_Project_CCM2040_03-350x36.png 350w, https:\/\/forschung.fh-kaernten.at\/sirad\/files\/2025\/07\/Logo_INTERREG_Project_CCM2040_03-480x50.png 480w, https:\/\/forschung.fh-kaernten.at\/sirad\/files\/2025\/07\/Logo_INTERREG_Project_CCM2040_03.png 1603w\"><\/figure>\n\n\n\n<h2 class=\"wp-block-heading\">About<\/h2>\n\n\n\n<p class=\"wp-block-paragraph\">Durch das Interreg-Projekt \u201eClimate Compass for Municipalities\u201c werden Gemeinden auf den Weg zur Klimaneutralit\u00e4t, durch interdisziplin\u00e4re Zusammenarbeit, unterst\u00fctzt. Das Ziel des Projektes ist ein Klimaplan. Ein Instrument das Gemeinden hilft, einen konkreten Weg zur Klimaneutralit\u00e4t zu finden und neue wirtschaftliche Entwicklungsm\u00f6glichkeiten, f\u00fcr die drei Gemeinden Tarvisio, Ritten und Moosburg, zu schaffen.&nbsp;&nbsp;<\/p>\n\n\n\n<h2 class=\"wp-block-heading\">Projektbeschreibung<\/h2>\n\n\n\n<p class=\"wp-block-paragraph\">Das Projekt wird durch WP entwickelt, die folgendes umfassen:&nbsp;<\/p>\n\n\n\n<details class=\"wp-block-details is-layout-flow wp-block-details-is-layout-flow\"><summary>WP1<\/summary>\n<p class=\"wp-block-paragraph\">Datensammlung und Analyse in den Gemeinden, zu den Themen: Energie, CO2, Entsorgung, in den Bereichen Wohnen, Dienstleistungen, Industrie und Tourismus.&nbsp;<\/p>\n<\/details>\n\n\n\n<details class=\"wp-block-details is-layout-flow wp-block-details-is-layout-flow\"><summary>WP2<\/summary>\n<p class=\"wp-block-paragraph\">Entwicklung von Energieszenarien und Vergleich mit Interessengruppen und der lokalen Gemeinschaft.\u202f&nbsp;<\/p>\n<\/details>\n\n\n\n<details class=\"wp-block-details is-layout-flow wp-block-details-is-layout-flow\"><summary>WP3<\/summary>\n<p class=\"wp-block-paragraph\">\u00dcbersetzung von theoretischen Modellen, in konkrete Praktiken: Einbeziehung von Gemeinschaften, Verb\u00e4nden und Schulen zur Entwicklung nachhaltiger Praktiken in der Energie-, Abfall- und Wasserverwaltung, sowie zur F\u00f6rderung der Umweltverantwortung.<\/p>\n<\/details>\n\n\n\n<details class=\"wp-block-details is-layout-flow wp-block-details-is-layout-flow\"><summary>WP4<\/summary>\n<p class=\"wp-block-paragraph\">F\u00f6rderung und Kapitalisierung von Ergebnissen durch gemeinsame BP-Nutzung, Organisation grenz\u00fcberschreitender Veranstaltungen, Durchf\u00fchrung von Pilotprojekten und \u00dcberwachung der Energieleistung im Laufe der Zeit.<\/p>\n<\/details>\n\n\n\n<details class=\"wp-block-details is-layout-flow wp-block-details-is-layout-flow\"><summary>WP5<\/summary>\n<p class=\"wp-block-paragraph\">Bewerbung des Klimakompasses: Auf die Vernetzung und \u00dcbertragbarkeit auf andere Gebiete wird abgezielt.<\/p>\n<\/details>\n\n\n\n<p class=\"wp-block-paragraph\"><\/p>\n\n\n\n<h2 class=\"wp-block-heading\">Kick-off-Meeting Tarvis Februar 2025<\/h2>\n\n\n\n<figure class=\"wp-block-gallery has-nested-images columns-default is-cropped is-style-default wp-block-gallery-1 is-layout-flex wp-block-gallery-is-layout-flex\">\n<figure class=\"wp-block-image size-full\"><img loading=\"lazy\" decoding=\"async\" width=\"640\" height=\"480\" data-id=\"804\" src=\"data:image\/gif;base64,R0lGODlhAQABAAAAACH5BAEKAAEALAAAAAABAAEAAAICTAEAOw==\" alt=\"\" class=\"wp-image-804 lazyload\" sizes=\"auto, (max-width: 640px) 100vw, 640px\" data-src=\"https:\/\/forschung.fh-kaernten.at\/sirad\/files\/2025\/07\/1-klein-1.jpg\" data-srcset=\"https:\/\/forschung.fh-kaernten.at\/sirad\/files\/2025\/07\/1-klein-1.jpg 640w, https:\/\/forschung.fh-kaernten.at\/sirad\/files\/2025\/07\/1-klein-1-300x225.jpg 300w, https:\/\/forschung.fh-kaernten.at\/sirad\/files\/2025\/07\/1-klein-1-230x173.jpg 230w, https:\/\/forschung.fh-kaernten.at\/sirad\/files\/2025\/07\/1-klein-1-350x263.jpg 350w, https:\/\/forschung.fh-kaernten.at\/sirad\/files\/2025\/07\/1-klein-1-480x360.jpg 480w\"><\/figure>\n\n\n\n<figure class=\"wp-block-image size-full\"><img loading=\"lazy\" decoding=\"async\" width=\"640\" height=\"480\" data-id=\"805\" src=\"data:image\/gif;base64,R0lGODlhAQABAAAAACH5BAEKAAEALAAAAAABAAEAAAICTAEAOw==\" alt=\"\" class=\"wp-image-805 lazyload\" sizes=\"auto, (max-width: 640px) 100vw, 640px\" data-src=\"https:\/\/forschung.fh-kaernten.at\/sirad\/files\/2025\/07\/2-klein.jpg\" data-srcset=\"https:\/\/forschung.fh-kaernten.at\/sirad\/files\/2025\/07\/2-klein.jpg 640w, https:\/\/forschung.fh-kaernten.at\/sirad\/files\/2025\/07\/2-klein-300x225.jpg 300w, https:\/\/forschung.fh-kaernten.at\/sirad\/files\/2025\/07\/2-klein-230x173.jpg 230w, https:\/\/forschung.fh-kaernten.at\/sirad\/files\/2025\/07\/2-klein-350x263.jpg 350w, https:\/\/forschung.fh-kaernten.at\/sirad\/files\/2025\/07\/2-klein-480x360.jpg 480w\"><\/figure>\n<\/figure>\n\n\n\n<h2 class=\"wp-block-heading\">About us<\/h2>\n\n\n\n<p class=\"has-medium-font-size wp-block-paragraph\">Partnerliste<\/p>\n\n\n\n<p>Leadpartner: Consorzio di Promozione Turistica del Tarvisiano, di Sella Nevea e di passo Pramollo<\/p>\n<p><img loading=\"lazy\" decoding=\"async\" class=\"alignnone size-medium wp-image-778 lazyload\" src=\"data:image\/gif;base64,R0lGODlhAQABAAAAACH5BAEKAAEALAAAAAABAAEAAAICTAEAOw==\" alt=\"\" width=\"300\" height=\"161\" sizes=\"auto, (max-width: 300px) 100vw, 300px\" data-src=\"https:\/\/forschung.fh-kaernten.at\/sirad\/files\/2025\/07\/consorzio-tarvisiano-520b-300x161.png\" data-srcset=\"https:\/\/forschung.fh-kaernten.at\/sirad\/files\/2025\/07\/consorzio-tarvisiano-520b-300x161.png 300w, https:\/\/forschung.fh-kaernten.at\/sirad\/files\/2025\/07\/consorzio-tarvisiano-520b-230x124.png 230w, https:\/\/forschung.fh-kaernten.at\/sirad\/files\/2025\/07\/consorzio-tarvisiano-520b-350x188.png 350w, https:\/\/forschung.fh-kaernten.at\/sirad\/files\/2025\/07\/consorzio-tarvisiano-520b-480x258.png 480w, https:\/\/forschung.fh-kaernten.at\/sirad\/files\/2025\/07\/consorzio-tarvisiano-520b.png 517w\"><\/p>\n\n\n\n<p class=\"wp-block-paragraph\">Projektpartner 1: \u00d6koinstitut S\u00fcdtirol Alto Adige<\/p>\n\n\n\n<figure class=\"wp-block-image\"><img loading=\"lazy\" decoding=\"async\" width=\"300\" height=\"83\" src=\"data:image\/gif;base64,R0lGODlhAQABAAAAACH5BAEKAAEALAAAAAABAAEAAAICTAEAOw==\" alt=\"\" class=\"wp-image-779 lazyload\" sizes=\"auto, (max-width: 300px) 100vw, 300px\" data-src=\"https:\/\/forschung.fh-kaernten.at\/sirad\/files\/2025\/07\/520b-OEKI_logo_CMYK-300x83.jpg\" data-srcset=\"https:\/\/forschung.fh-kaernten.at\/sirad\/files\/2025\/07\/520b-OEKI_logo_CMYK-300x83.jpg 300w, https:\/\/forschung.fh-kaernten.at\/sirad\/files\/2025\/07\/520b-OEKI_logo_CMYK-230x64.jpg 230w, https:\/\/forschung.fh-kaernten.at\/sirad\/files\/2025\/07\/520b-OEKI_logo_CMYK-350x97.jpg 350w, https:\/\/forschung.fh-kaernten.at\/sirad\/files\/2025\/07\/520b-OEKI_logo_CMYK-480x133.jpg 480w, https:\/\/forschung.fh-kaernten.at\/sirad\/files\/2025\/07\/520b-OEKI_logo_CMYK.jpg 520w\"><\/figure>\n\n\n\n<p><span class=\"TextRun SCXW55860944 BCX8\" lang=\"IT-IT\" xml:lang=\"IT-IT\" data-contrast=\"auto\"><span class=\"NormalTextRun SCXW55860944 BCX8\">Projektpartner 2: Universit\u00e0 degli Studi di Udine &#8211; Dipartimento di Lingue e letterature, comunicazione, formazione e societ\u00e0 \u2013 (DILL)<\/span><\/span><\/p>\n<p><img loading=\"lazy\" decoding=\"async\" class=\"alignnone size-medium wp-image-780 lazyload\" src=\"data:image\/gif;base64,R0lGODlhAQABAAAAACH5BAEKAAEALAAAAAABAAEAAAICTAEAOw==\" alt=\"\" width=\"300\" height=\"109\" sizes=\"auto, (max-width: 300px) 100vw, 300px\" data-src=\"https:\/\/forschung.fh-kaernten.at\/sirad\/files\/2025\/07\/520b-LOGOUNIUD2024-300x109.jpg\" data-srcset=\"https:\/\/forschung.fh-kaernten.at\/sirad\/files\/2025\/07\/520b-LOGOUNIUD2024-300x109.jpg 300w, https:\/\/forschung.fh-kaernten.at\/sirad\/files\/2025\/07\/520b-LOGOUNIUD2024-230x84.jpg 230w, https:\/\/forschung.fh-kaernten.at\/sirad\/files\/2025\/07\/520b-LOGOUNIUD2024-350x127.jpg 350w, https:\/\/forschung.fh-kaernten.at\/sirad\/files\/2025\/07\/520b-LOGOUNIUD2024-480x174.jpg 480w, https:\/\/forschung.fh-kaernten.at\/sirad\/files\/2025\/07\/520b-LOGOUNIUD2024.jpg 520w\"><\/p>\n\n\n\n<p>Projektpartner 3: Comune di Tarvisio<\/p>\n<p><img loading=\"lazy\" decoding=\"async\" class=\"alignnone size-full wp-image-783 lazyload\" src=\"data:image\/gif;base64,R0lGODlhAQABAAAAACH5BAEKAAEALAAAAAABAAEAAAICTAEAOw==\" alt=\"\" width=\"132\" height=\"180\" data-src=\"https:\/\/forschung.fh-kaernten.at\/sirad\/files\/2025\/07\/189h-tarvisio.png\"><\/p>\n\n\n\n<p>Projektpartner 4: FH K\u00e4rnten &#8211; gemeinn\u00fctzige Gesellschaft mbH<\/p>\n<p><img loading=\"lazy\" decoding=\"async\" class=\"alignnone size-medium wp-image-784 lazyload\" src=\"data:image\/gif;base64,R0lGODlhAQABAAAAACH5BAEKAAEALAAAAAABAAEAAAICTAEAOw==\" alt=\"\" width=\"300\" height=\"95\" sizes=\"auto, (max-width: 300px) 100vw, 300px\" data-src=\"https:\/\/forschung.fh-kaernten.at\/sirad\/files\/2025\/07\/520b-LOGO_FHK_rs_CMYK-300x95.jpg\" data-srcset=\"https:\/\/forschung.fh-kaernten.at\/sirad\/files\/2025\/07\/520b-LOGO_FHK_rs_CMYK-300x95.jpg 300w, https:\/\/forschung.fh-kaernten.at\/sirad\/files\/2025\/07\/520b-LOGO_FHK_rs_CMYK-230x73.jpg 230w, https:\/\/forschung.fh-kaernten.at\/sirad\/files\/2025\/07\/520b-LOGO_FHK_rs_CMYK-350x110.jpg 350w, https:\/\/forschung.fh-kaernten.at\/sirad\/files\/2025\/07\/520b-LOGO_FHK_rs_CMYK-480x151.jpg 480w, https:\/\/forschung.fh-kaernten.at\/sirad\/files\/2025\/07\/520b-LOGO_FHK_rs_CMYK.jpg 520w\"><\/p>\n\n\n\n<p class=\"wp-block-paragraph\"><\/p>\n","protected":false},"excerpt":{"rendered":"<p>Climate Compass for Municipalities About Durch das Interreg-Projekt \u201eClimate Compass for Municipalities\u201c werden Gemeinden auf den Weg zur Klimaneutralit\u00e4t, durch interdisziplin\u00e4re Zusammenarbeit, [&hellip;]<\/p>\n","protected":false},"author":257,"featured_media":0,"parent":0,"menu_order":0,"comment_status":"closed","ping_status":"closed","template":"","meta":{"_crdt_document":"","inline_featured_image":false,"footnotes":""},"class_list":["post-771","page","type-page","status-publish","hentry"],"yoast_head":"<!-- This site is optimized with the Yoast SEO plugin v27.6 - https:\/\/yoast.com\/product\/yoast-seo-wordpress\/ -->\n<title>CCM2040 - SIRaD<\/title>\n<meta name=\"robots\" content=\"index, follow, max-snippet:-1, max-image-preview:large, max-video-preview:-1\" \/>\n<link rel=\"canonical\" href=\"https:\/\/forschung.fh-kaernten.at\/sirad\/ccm2040\/\" \/>\n<meta property=\"og:locale\" content=\"de_DE\" \/>\n<meta property=\"og:type\" content=\"article\" \/>\n<meta property=\"og:title\" content=\"CCM2040 - SIRaD\" \/>\n<meta property=\"og:description\" content=\"Climate Compass for Municipalities About Durch das Interreg-Projekt \u201eClimate Compass for Municipalities\u201c werden Gemeinden auf den Weg zur Klimaneutralit\u00e4t, durch interdisziplin\u00e4re Zusammenarbeit, [&hellip;]\" \/>\n<meta property=\"og:url\" content=\"https:\/\/forschung.fh-kaernten.at\/sirad\/ccm2040\/\" \/>\n<meta property=\"og:site_name\" content=\"SIRaD\" \/>\n<meta property=\"article:modified_time\" content=\"2025-10-03T11:00:11+00:00\" \/>\n<meta property=\"og:image\" content=\"https:\/\/forschung.fh-kaernten.at\/sirad\/files\/2025\/07\/Logo_INTERREG_Project_CCM2040_03.png\" \/>\n\t<meta property=\"og:image:width\" content=\"1603\" \/>\n\t<meta property=\"og:image:height\" content=\"166\" \/>\n\t<meta property=\"og:image:type\" content=\"image\/png\" \/>\n<meta name=\"twitter:card\" content=\"summary_large_image\" \/>\n<meta name=\"twitter:label1\" content=\"Gesch\u00e4tzte Lesezeit\" \/>\n\t<meta name=\"twitter:data1\" content=\"3\u00a0Minuten\" \/>\n<script type=\"application\/ld+json\" class=\"yoast-schema-graph\">{\"@context\":\"https:\\\/\\\/schema.org\",\"@graph\":[{\"@type\":\"WebPage\",\"@id\":\"https:\\\/\\\/forschung.fh-kaernten.at\\\/sirad\\\/ccm2040\\\/\",\"url\":\"https:\\\/\\\/forschung.fh-kaernten.at\\\/sirad\\\/ccm2040\\\/\",\"name\":\"CCM2040 - SIRaD\",\"isPartOf\":{\"@id\":\"https:\\\/\\\/forschung.fh-kaernten.at\\\/sirad\\\/#website\"},\"primaryImageOfPage\":{\"@id\":\"https:\\\/\\\/forschung.fh-kaernten.at\\\/sirad\\\/ccm2040\\\/#primaryimage\"},\"image\":{\"@id\":\"https:\\\/\\\/forschung.fh-kaernten.at\\\/sirad\\\/ccm2040\\\/#primaryimage\"},\"thumbnailUrl\":\"https:\\\/\\\/forschung.fh-kaernten.at\\\/sirad\\\/files\\\/2025\\\/07\\\/Logo_INTERREG_Project_CCM2040_03-1024x106.png\",\"datePublished\":\"2025-07-29T15:24:47+00:00\",\"dateModified\":\"2025-10-03T11:00:11+00:00\",\"breadcrumb\":{\"@id\":\"https:\\\/\\\/forschung.fh-kaernten.at\\\/sirad\\\/ccm2040\\\/#breadcrumb\"},\"inLanguage\":\"de\",\"potentialAction\":[{\"@type\":\"ReadAction\",\"target\":[\"https:\\\/\\\/forschung.fh-kaernten.at\\\/sirad\\\/ccm2040\\\/\"]}]},{\"@type\":\"ImageObject\",\"inLanguage\":\"de\",\"@id\":\"https:\\\/\\\/forschung.fh-kaernten.at\\\/sirad\\\/ccm2040\\\/#primaryimage\",\"url\":\"https:\\\/\\\/forschung.fh-kaernten.at\\\/sirad\\\/files\\\/2025\\\/07\\\/Logo_INTERREG_Project_CCM2040_03.png\",\"contentUrl\":\"https:\\\/\\\/forschung.fh-kaernten.at\\\/sirad\\\/files\\\/2025\\\/07\\\/Logo_INTERREG_Project_CCM2040_03.png\",\"width\":1603,\"height\":166},{\"@type\":\"BreadcrumbList\",\"@id\":\"https:\\\/\\\/forschung.fh-kaernten.at\\\/sirad\\\/ccm2040\\\/#breadcrumb\",\"itemListElement\":[{\"@type\":\"ListItem\",\"position\":1,\"name\":\"Startseite\",\"item\":\"https:\\\/\\\/forschung.fh-kaernten.at\\\/sirad\\\/\"},{\"@type\":\"ListItem\",\"position\":2,\"name\":\"CCM2040\"}]},{\"@type\":\"WebSite\",\"@id\":\"https:\\\/\\\/forschung.fh-kaernten.at\\\/sirad\\\/#website\",\"url\":\"https:\\\/\\\/forschung.fh-kaernten.at\\\/sirad\\\/\",\"name\":\"SIRaD\",\"description\":\"Sustainable Innovation Research and Development\",\"potentialAction\":[{\"@type\":\"SearchAction\",\"target\":{\"@type\":\"EntryPoint\",\"urlTemplate\":\"https:\\\/\\\/forschung.fh-kaernten.at\\\/sirad\\\/?s={search_term_string}\"},\"query-input\":{\"@type\":\"PropertyValueSpecification\",\"valueRequired\":true,\"valueName\":\"search_term_string\"}}],\"inLanguage\":\"de\"}]}<\/script>\n<!-- \/ Yoast SEO plugin. -->","yoast_head_json":{"title":"CCM2040 - SIRaD","robots":{"index":"index","follow":"follow","max-snippet":"max-snippet:-1","max-image-preview":"max-image-preview:large","max-video-preview":"max-video-preview:-1"},"canonical":"https:\/\/forschung.fh-kaernten.at\/sirad\/ccm2040\/","og_locale":"de_DE","og_type":"article","og_title":"CCM2040 - SIRaD","og_description":"Climate Compass for Municipalities About Durch das Interreg-Projekt \u201eClimate Compass for Municipalities\u201c werden Gemeinden auf den Weg zur Klimaneutralit\u00e4t, durch interdisziplin\u00e4re Zusammenarbeit, [&hellip;]","og_url":"https:\/\/forschung.fh-kaernten.at\/sirad\/ccm2040\/","og_site_name":"SIRaD","article_modified_time":"2025-10-03T11:00:11+00:00","og_image":[{"width":1603,"height":166,"url":"https:\/\/forschung.fh-kaernten.at\/sirad\/files\/2025\/07\/Logo_INTERREG_Project_CCM2040_03.png","type":"image\/png"}],"twitter_card":"summary_large_image","twitter_misc":{"Gesch\u00e4tzte Lesezeit":"3\u00a0Minuten"},"schema":{"@context":"https:\/\/schema.org","@graph":[{"@type":"WebPage","@id":"https:\/\/forschung.fh-kaernten.at\/sirad\/ccm2040\/","url":"https:\/\/forschung.fh-kaernten.at\/sirad\/ccm2040\/","name":"CCM2040 - SIRaD","isPartOf":{"@id":"https:\/\/forschung.fh-kaernten.at\/sirad\/#website"},"primaryImageOfPage":{"@id":"https:\/\/forschung.fh-kaernten.at\/sirad\/ccm2040\/#primaryimage"},"image":{"@id":"https:\/\/forschung.fh-kaernten.at\/sirad\/ccm2040\/#primaryimage"},"thumbnailUrl":"https:\/\/forschung.fh-kaernten.at\/sirad\/files\/2025\/07\/Logo_INTERREG_Project_CCM2040_03-1024x106.png","datePublished":"2025-07-29T15:24:47+00:00","dateModified":"2025-10-03T11:00:11+00:00","breadcrumb":{"@id":"https:\/\/forschung.fh-kaernten.at\/sirad\/ccm2040\/#breadcrumb"},"inLanguage":"de","potentialAction":[{"@type":"ReadAction","target":["https:\/\/forschung.fh-kaernten.at\/sirad\/ccm2040\/"]}]},{"@type":"ImageObject","inLanguage":"de","@id":"https:\/\/forschung.fh-kaernten.at\/sirad\/ccm2040\/#primaryimage","url":"https:\/\/forschung.fh-kaernten.at\/sirad\/files\/2025\/07\/Logo_INTERREG_Project_CCM2040_03.png","contentUrl":"https:\/\/forschung.fh-kaernten.at\/sirad\/files\/2025\/07\/Logo_INTERREG_Project_CCM2040_03.png","width":1603,"height":166},{"@type":"BreadcrumbList","@id":"https:\/\/forschung.fh-kaernten.at\/sirad\/ccm2040\/#breadcrumb","itemListElement":[{"@type":"ListItem","position":1,"name":"Startseite","item":"https:\/\/forschung.fh-kaernten.at\/sirad\/"},{"@type":"ListItem","position":2,"name":"CCM2040"}]},{"@type":"WebSite","@id":"https:\/\/forschung.fh-kaernten.at\/sirad\/#website","url":"https:\/\/forschung.fh-kaernten.at\/sirad\/","name":"SIRaD","description":"Sustainable Innovation Research and Development","potentialAction":[{"@type":"SearchAction","target":{"@type":"EntryPoint","urlTemplate":"https:\/\/forschung.fh-kaernten.at\/sirad\/?s={search_term_string}"},"query-input":{"@type":"PropertyValueSpecification","valueRequired":true,"valueName":"search_term_string"}}],"inLanguage":"de"}]}},"_links":{"self":[{"href":"https:\/\/forschung.fh-kaernten.at\/sirad\/wp-json\/wp\/v2\/pages\/771","targetHints":{"allow":["GET"]}}],"collection":[{"href":"https:\/\/forschung.fh-kaernten.at\/sirad\/wp-json\/wp\/v2\/pages"}],"about":[{"href":"https:\/\/forschung.fh-kaernten.at\/sirad\/wp-json\/wp\/v2\/types\/page"}],"author":[{"embeddable":true,"href":"https:\/\/forschung.fh-kaernten.at\/sirad\/wp-json\/wp\/v2\/users\/257"}],"replies":[{"embeddable":true,"href":"https:\/\/forschung.fh-kaernten.at\/sirad\/wp-json\/wp\/v2\/comments?post=771"}],"version-history":[{"count":2,"href":"https:\/\/forschung.fh-kaernten.at\/sirad\/wp-json\/wp\/v2\/pages\/771\/revisions"}],"predecessor-version":[{"id":958,"href":"https:\/\/forschung.fh-kaernten.at\/sirad\/wp-json\/wp\/v2\/pages\/771\/revisions\/958"}],"wp:attachment":[{"href":"https:\/\/forschung.fh-kaernten.at\/sirad\/wp-json\/wp\/v2\/media?parent=771"}],"curies":[{"name":"wp","href":"https:\/\/api.w.org\/{rel}","templated":true}]}}