{"id":789,"date":"2025-07-29T17:30:17","date_gmt":"2025-07-29T15:30:17","guid":{"rendered":"https:\/\/forschung.fh-kaernten.at\/sirad\/?page_id=789"},"modified":"2025-07-29T17:30:17","modified_gmt":"2025-07-29T15:30:17","slug":"pasterze","status":"publish","type":"page","link":"https:\/\/forschung.fh-kaernten.at\/sirad\/pasterze\/","title":{"rendered":"PASTERZE."},"content":{"rendered":"\n<p class=\"wp-block-paragraph\">Self-willed nature as a legal subject.<\/p>\n\n\n\n<figure class=\"wp-block-image size-full\"><img loading=\"lazy\" decoding=\"async\" width=\"473\" height=\"76\" src=\"data:image\/gif;base64,R0lGODlhAQABAAAAACH5BAEKAAEALAAAAAABAAEAAAICTAEAOw==\" alt=\"\" class=\"wp-image-793 lazyload\" sizes=\"auto, (max-width: 473px) 100vw, 473px\" data-src=\"https:\/\/forschung.fh-kaernten.at\/sirad\/files\/2025\/07\/Wissenschaftsfond.png\" data-srcset=\"https:\/\/forschung.fh-kaernten.at\/sirad\/files\/2025\/07\/Wissenschaftsfond.png 473w, https:\/\/forschung.fh-kaernten.at\/sirad\/files\/2025\/07\/Wissenschaftsfond-300x48.png 300w, https:\/\/forschung.fh-kaernten.at\/sirad\/files\/2025\/07\/Wissenschaftsfond-230x37.png 230w, https:\/\/forschung.fh-kaernten.at\/sirad\/files\/2025\/07\/Wissenschaftsfond-350x56.png 350w\"><\/figure>\n\n\n\n<figure class=\"wp-block-image size-large\"><img loading=\"lazy\" decoding=\"async\" width=\"1024\" height=\"264\" src=\"data:image\/gif;base64,R0lGODlhAQABAAAAACH5BAEKAAEALAAAAAABAAEAAAICTAEAOw==\" alt=\"\" class=\"wp-image-791 lazyload\" sizes=\"auto, (max-width: 1024px) 100vw, 1024px\" data-src=\"https:\/\/forschung.fh-kaernten.at\/sirad\/files\/2025\/07\/1080b-Bild1-1024x264.png\" data-srcset=\"https:\/\/forschung.fh-kaernten.at\/sirad\/files\/2025\/07\/1080b-Bild1-1024x264.png 1024w, https:\/\/forschung.fh-kaernten.at\/sirad\/files\/2025\/07\/1080b-Bild1-300x77.png 300w, https:\/\/forschung.fh-kaernten.at\/sirad\/files\/2025\/07\/1080b-Bild1-768x198.png 768w, https:\/\/forschung.fh-kaernten.at\/sirad\/files\/2025\/07\/1080b-Bild1-1000x257.png 1000w, https:\/\/forschung.fh-kaernten.at\/sirad\/files\/2025\/07\/1080b-Bild1-230x59.png 230w, https:\/\/forschung.fh-kaernten.at\/sirad\/files\/2025\/07\/1080b-Bild1-350x90.png 350w, https:\/\/forschung.fh-kaernten.at\/sirad\/files\/2025\/07\/1080b-Bild1-480x124.png 480w, https:\/\/forschung.fh-kaernten.at\/sirad\/files\/2025\/07\/1080b-Bild1.png 1080w\"><\/figure>\n\n\n\n<h2 class=\"wp-block-heading\">About<\/h2>\n\n\n\n<p class=\"wp-block-paragraph\">Die Pasterze, der l\u00e4ngste Gletscher der Ostalpen unterliegt einem anthropogenem Druck. Laut aktueller Forschung, k\u00f6nnte die Gletscherzunge bis 2050 verschwunden sein. Das Forschungsprojekt \u201ePasterze\u201c untersucht, wie man der Pasterze fiktiv eine Rechtspers\u00f6nlichkeit und somit das Recht auf Selbstvertretung im Rechtssystem zusprechen k\u00f6nnte. Ausgangspunkt ist der Diskurs \u00fcber die Mensch-Natur-Beziehungen im Anthropoz\u00e4n und die internationale Bedeutung der Rights of Nature (RoN)-Bewegung. Die Forschung erfolgt am Praxisbeispiel des Pasterzengletschers.&nbsp;<\/p>\n\n\n\n<p class=\"wp-block-paragraph\">Der Fokus des Ansatzes verfolgt keinen prim\u00e4r juristischen Zugang. Die Expertise kommt aus den Bereichen Soziologie, \u00d6kologie, Humangeographie, Rechtswissenschaft. Den Kern bildet jedoch Transdisziplinarit\u00e4t, unter Einbeziehung weiterer Akteur:innen aus Kunst, Bildung und Gesellschaft, indem ein offener Raum f\u00fcr Austausch geschaffen wird. In diesem Raum, k\u00f6nnen neue Denkweisen \u00fcber Natur entwickelt werden. Das Ziel ist die theoretische und praktische Untersuchung, was es bedeutet, Natur als eigenrechtsf\u00e4hige Entit\u00e4t zu denken.<\/p>\n\n\n\n<h2 class=\"wp-block-heading\">Vier S\u00e4ulen Forschungsdesign:&nbsp;<\/h2>\n\n\n\n<details class=\"wp-block-details is-layout-flow wp-block-details-is-layout-flow\"><summary>S\u00e4ule 1<\/summary>\n<div class=\"wp-block-group has-global-padding is-layout-constrained wp-block-group-is-layout-constrained\">\n<h5 class=\"has-medium-font-size\">Pachamama Framework f\u00fcr die Pasterze\u00a0<\/h5>\n<p>Hier besch\u00e4ftigen wir uns mit der Frage, wie das Recht der Natur auf Selbstvertretung speziell im Kontext des Pasterzengletschers umgesetzt werden k\u00f6nnte. Hierzu wird zur Identifizierung bestehender rechtlicher Modelle und theoretische Konzepte, eine Literaturrecherche durchgef\u00fchrt.\u00a0<\/p>\n<p>Im n\u00e4chsten Schritt wird analysiert, wie diese bestehenden Theorien und Modelle auf das spezifische Beispiel der Pasterze angewendet werden k\u00f6nnen, um eine Vorstellung davon zu haben, wie ein rechtlicher Rahmen f\u00fcr die Pasterze aussehen kann.<\/p>\n<\/div>\n<\/details>\n\n\n\n<details class=\"wp-block-details is-layout-flow wp-block-details-is-layout-flow\"><summary>S\u00e4ule 2<\/summary>\n<div class=\"wp-block-group has-global-padding is-layout-constrained wp-block-group-is-layout-constrained\">\n<h5>Pachamama Philosophicum<\/h5>\n<p>Im Rahmen des Pachamama Philosophicum, einer zweit\u00e4gigen Veranstaltung vor Ort an der Pasterze, gehen wir der Frage nach was \u201eEigenwille der Natur\u201c bedeuten kann, indem wir durch die Expert:innen und Teilnehmer:innen,\u00a0wissenschaftliche, spirituelle und k\u00fcnstlerische Perspektiven miteinander vereinen.\u00a0<\/p>\n<p>Das Ziel dieser interdisziplin\u00e4ren und transdisziplin\u00e4ren Zusammenkunft ist es, einen Katalog von Anspr\u00fcchen im \u201cManifest der Pasterze\u201d zu erarbeiten, welches die ethischen und philosophischen Grundlagen unseres Projekts weiter untermauert und formuliert.<\/p>\n<\/div>\n<\/details>\n\n\n\n<details class=\"wp-block-details is-layout-flow wp-block-details-is-layout-flow\"><summary>S\u00e4ule 3<\/summary>\n<div class=\"wp-block-group has-global-padding is-layout-constrained wp-block-group-is-layout-constrained\">\n<h5 class=\"has-medium-font-size\"><span class=\"TextRun SCXW174749538 BCX8\" lang=\"DE-DE\" xml:lang=\"DE-DE\" data-contrast=\"auto\"><span class=\"NormalTextRun SpellingErrorV2Themed SCXW174749538 BCX8\">Pachamama<\/span><span class=\"NormalTextRun SCXW174749538 BCX8\"> \u00f6ffentliche Debatte<\/span><\/span><\/h5>\n<p><span data-contrast=\"auto\">Die fiktive \u201eStimme der Natur\u201c, die im Manifest der Pasterze zum Ausdruck kommt wird in diesem Schritt ver\u00f6ffentlicht. Durch diese provokante und symbolische Darstellung m\u00f6chten wir einen Dialog zwischen der Natur und der Gesellschaft ansto\u00dfen und gleichzeitig unsere Forschung einem breiten Publikum zug\u00e4nglich machen.<\/span><span data-ccp-props=\"{&quot;335559685&quot;:0}\">\u00a0<\/span><\/p>\n<p><span data-contrast=\"auto\">Die Reaktionen der \u00d6ffentlichkeit werden systematisch dokumentiert und in Form von z.B. Presseausschnitten gesammelt um die Resonanz und den Diskurs rund um das Projekt zu verfolgen und zu analysieren.<\/span><span data-ccp-props=\"{&quot;335559685&quot;:0}\">\u00a0<\/span><\/p>\n<\/div>\n<\/details>\n\n\n\n<details class=\"wp-block-details is-layout-flow wp-block-details-is-layout-flow\"><summary>S\u00e4ule 4<\/summary>\n<div class=\"wp-block-group has-global-padding is-layout-constrained wp-block-group-is-layout-constrained\">\n<h5><span class=\"TextRun SCXW120771058 BCX8\" lang=\"DE-DE\" xml:lang=\"DE-DE\" data-contrast=\"auto\"><span class=\"NormalTextRun SpellingErrorV2Themed SCXW120771058 BCX8\">Pachamama<\/span><span class=\"NormalTextRun SCXW120771058 BCX8\"> Experiment<\/span><\/span><\/h5>\n<p><span data-contrast=\"auto\">Den Abschluss des Projektes, bildet ein imagin\u00e4ren Genehmigungsverfahren f\u00fcr eine Infrastrukturentwicklung in der Kernzone. Die Pasterze wird, als nat\u00fcrliche Entit\u00e4t selbst Partei des Verfahrens, entsprechend rechtlich vertreten und ihre Stimme erh\u00e4lt direkten Einfluss auf den Entscheidungsprozess.<\/span><span data-ccp-props=\"{&quot;335559685&quot;:0}\">\u00a0<\/span><\/p>\n<p><span data-contrast=\"auto\">Der Fokus verschiebt sich von der Frage was \u201enaturvertr\u00e4glich\u201c, hin zu einer, die \u201enaturunterst\u00fctzend\u201c f\u00fcr die Pasterze ist. Das Verfahren soll mit einer hypothetischen Entscheidung enden, die den Einfluss der Natur auf den Genehmigungsprozess verdeutlichen soll.<\/span><span data-ccp-props=\"{&quot;335559685&quot;:0}\">\u00a0<\/span><\/p>\n\n\n\n<p class=\"wp-block-paragraph\">Die Ergebnisse werden systematisch dokumentiert, reflektiert und analysiert, um neue Impulse f\u00fcr den Naturschutz und die Weiterentwicklung des Konzepts der Rights of Nature im 21. Jahrhundert zu liefern.&nbsp;<\/p>\n<\/div>\n<\/details>\n\n\n\n<h2 class=\"wp-block-heading\">About us<\/h2>\n\n\n\n<div class=\"wp-block-media-text has-media-on-the-right is-stacked-on-mobile\"><div class=\"wp-block-media-text__content\">\n<p class=\"wp-block-paragraph\"><strong>Dr. Kathrin Hilgarter<\/strong><br>Projektleitung<br><a href=\"https:\/\/at.linkedin.com\/in\/kathrin-hilgarter-668867140\" target=\"_blank\" rel=\"noreferrer noopener\">Linkedin<\/a><\/p>\n<\/div><figure class=\"wp-block-media-text__media\"><a href=\"https:\/\/www.fh-kaernten.at\/\"><img loading=\"lazy\" decoding=\"async\" width=\"1024\" height=\"390\" src=\"data:image\/gif;base64,R0lGODlhAQABAAAAACH5BAEKAAEALAAAAAABAAEAAAICTAEAOw==\" alt=\"\" class=\"wp-image-501 size-full lazyload\" sizes=\"auto, (max-width: 1024px) 100vw, 1024px\" data-src=\"https:\/\/forschung.fh-kaernten.at\/sirad\/files\/2023\/12\/FH_LOGO_kombi_SIRaD_transparent-1024x390.png\" data-srcset=\"https:\/\/forschung.fh-kaernten.at\/sirad\/files\/2023\/12\/FH_LOGO_kombi_SIRaD_transparent-1024x390.png 1024w, https:\/\/forschung.fh-kaernten.at\/sirad\/files\/2023\/12\/FH_LOGO_kombi_SIRaD_transparent-300x114.png 300w, https:\/\/forschung.fh-kaernten.at\/sirad\/files\/2023\/12\/FH_LOGO_kombi_SIRaD_transparent-768x293.png 768w, https:\/\/forschung.fh-kaernten.at\/sirad\/files\/2023\/12\/FH_LOGO_kombi_SIRaD_transparent-1536x585.png 1536w, https:\/\/forschung.fh-kaernten.at\/sirad\/files\/2023\/12\/FH_LOGO_kombi_SIRaD_transparent-2048x780.png 2048w, https:\/\/forschung.fh-kaernten.at\/sirad\/files\/2023\/12\/FH_LOGO_kombi_SIRaD_transparent-1000x381.png 1000w, https:\/\/forschung.fh-kaernten.at\/sirad\/files\/2023\/12\/FH_LOGO_kombi_SIRaD_transparent-230x88.png 230w, https:\/\/forschung.fh-kaernten.at\/sirad\/files\/2023\/12\/FH_LOGO_kombi_SIRaD_transparent-350x133.png 350w, https:\/\/forschung.fh-kaernten.at\/sirad\/files\/2023\/12\/FH_LOGO_kombi_SIRaD_transparent-480x183.png 480w\"><\/a><\/figure><\/div>\n\n\n\n<div class=\"wp-block-media-text has-media-on-the-right is-stacked-on-mobile\"><div class=\"wp-block-media-text__content\">\n<p class=\"wp-block-paragraph\"><strong>Dr. Michael Jungmaier<\/strong><br>Supervision<br><a href=\"https:\/\/at.linkedin.com\/in\/michael-jungmeier-7880a4181\" target=\"_blank\" rel=\"noreferrer noopener\">Linkedin<\/a><\/p>\n<\/div><figure class=\"wp-block-media-text__media\"><a href=\"https:\/\/www.fh-kaernten.at\/\"><img loading=\"lazy\" decoding=\"async\" width=\"1024\" height=\"390\" src=\"data:image\/gif;base64,R0lGODlhAQABAAAAACH5BAEKAAEALAAAAAABAAEAAAICTAEAOw==\" alt=\"\" class=\"wp-image-501 size-full lazyload\" sizes=\"auto, (max-width: 1024px) 100vw, 1024px\" data-src=\"https:\/\/forschung.fh-kaernten.at\/sirad\/files\/2023\/12\/FH_LOGO_kombi_SIRaD_transparent-1024x390.png\" data-srcset=\"https:\/\/forschung.fh-kaernten.at\/sirad\/files\/2023\/12\/FH_LOGO_kombi_SIRaD_transparent-1024x390.png 1024w, https:\/\/forschung.fh-kaernten.at\/sirad\/files\/2023\/12\/FH_LOGO_kombi_SIRaD_transparent-300x114.png 300w, https:\/\/forschung.fh-kaernten.at\/sirad\/files\/2023\/12\/FH_LOGO_kombi_SIRaD_transparent-768x293.png 768w, https:\/\/forschung.fh-kaernten.at\/sirad\/files\/2023\/12\/FH_LOGO_kombi_SIRaD_transparent-1536x585.png 1536w, https:\/\/forschung.fh-kaernten.at\/sirad\/files\/2023\/12\/FH_LOGO_kombi_SIRaD_transparent-2048x780.png 2048w, https:\/\/forschung.fh-kaernten.at\/sirad\/files\/2023\/12\/FH_LOGO_kombi_SIRaD_transparent-1000x381.png 1000w, https:\/\/forschung.fh-kaernten.at\/sirad\/files\/2023\/12\/FH_LOGO_kombi_SIRaD_transparent-230x88.png 230w, https:\/\/forschung.fh-kaernten.at\/sirad\/files\/2023\/12\/FH_LOGO_kombi_SIRaD_transparent-350x133.png 350w, https:\/\/forschung.fh-kaernten.at\/sirad\/files\/2023\/12\/FH_LOGO_kombi_SIRaD_transparent-480x183.png 480w\"><\/a><\/figure><\/div>\n\n\n\n<p class=\"wp-block-paragraph\"><\/p>\n","protected":false},"excerpt":{"rendered":"<p>Self-willed nature as a legal subject. About Die Pasterze, der l\u00e4ngste Gletscher der Ostalpen unterliegt einem anthropogenem Druck. Laut aktueller Forschung, k\u00f6nnte [&hellip;]<\/p>\n","protected":false},"author":257,"featured_media":0,"parent":0,"menu_order":0,"comment_status":"closed","ping_status":"closed","template":"","meta":{"_crdt_document":"","inline_featured_image":false,"footnotes":""},"class_list":["post-789","page","type-page","status-publish","hentry"],"yoast_head":"<!-- This site is optimized with the Yoast SEO plugin v27.4 - https:\/\/yoast.com\/product\/yoast-seo-wordpress\/ -->\n<title>PASTERZE. - SIRaD<\/title>\n<meta name=\"robots\" content=\"index, follow, max-snippet:-1, max-image-preview:large, max-video-preview:-1\" \/>\n<link rel=\"canonical\" href=\"https:\/\/forschung.fh-kaernten.at\/sirad\/pasterze\/\" \/>\n<meta property=\"og:locale\" content=\"de_DE\" \/>\n<meta property=\"og:type\" content=\"article\" \/>\n<meta property=\"og:title\" content=\"PASTERZE. - SIRaD\" \/>\n<meta property=\"og:description\" content=\"Self-willed nature as a legal subject. About Die Pasterze, der l\u00e4ngste Gletscher der Ostalpen unterliegt einem anthropogenem Druck. Laut aktueller Forschung, k\u00f6nnte [&hellip;]\" \/>\n<meta property=\"og:url\" content=\"https:\/\/forschung.fh-kaernten.at\/sirad\/pasterze\/\" \/>\n<meta property=\"og:site_name\" content=\"SIRaD\" \/>\n<meta property=\"og:image\" content=\"https:\/\/forschung.fh-kaernten.at\/sirad\/files\/2025\/07\/Wissenschaftsfond.png\" \/>\n\t<meta property=\"og:image:width\" content=\"473\" \/>\n\t<meta property=\"og:image:height\" content=\"76\" \/>\n\t<meta property=\"og:image:type\" content=\"image\/png\" \/>\n<meta name=\"twitter:card\" content=\"summary_large_image\" \/>\n<meta name=\"twitter:label1\" content=\"Gesch\u00e4tzte Lesezeit\" \/>\n\t<meta name=\"twitter:data1\" content=\"4\u00a0Minuten\" \/>\n<script type=\"application\/ld+json\" class=\"yoast-schema-graph\">{\"@context\":\"https:\\\/\\\/schema.org\",\"@graph\":[{\"@type\":\"WebPage\",\"@id\":\"https:\\\/\\\/forschung.fh-kaernten.at\\\/sirad\\\/pasterze\\\/\",\"url\":\"https:\\\/\\\/forschung.fh-kaernten.at\\\/sirad\\\/pasterze\\\/\",\"name\":\"PASTERZE. - SIRaD\",\"isPartOf\":{\"@id\":\"https:\\\/\\\/forschung.fh-kaernten.at\\\/sirad\\\/#website\"},\"primaryImageOfPage\":{\"@id\":\"https:\\\/\\\/forschung.fh-kaernten.at\\\/sirad\\\/pasterze\\\/#primaryimage\"},\"image\":{\"@id\":\"https:\\\/\\\/forschung.fh-kaernten.at\\\/sirad\\\/pasterze\\\/#primaryimage\"},\"thumbnailUrl\":\"https:\\\/\\\/forschung.fh-kaernten.at\\\/sirad\\\/files\\\/2025\\\/07\\\/Wissenschaftsfond.png\",\"datePublished\":\"2025-07-29T15:30:17+00:00\",\"breadcrumb\":{\"@id\":\"https:\\\/\\\/forschung.fh-kaernten.at\\\/sirad\\\/pasterze\\\/#breadcrumb\"},\"inLanguage\":\"de\",\"potentialAction\":[{\"@type\":\"ReadAction\",\"target\":[\"https:\\\/\\\/forschung.fh-kaernten.at\\\/sirad\\\/pasterze\\\/\"]}]},{\"@type\":\"ImageObject\",\"inLanguage\":\"de\",\"@id\":\"https:\\\/\\\/forschung.fh-kaernten.at\\\/sirad\\\/pasterze\\\/#primaryimage\",\"url\":\"https:\\\/\\\/forschung.fh-kaernten.at\\\/sirad\\\/files\\\/2025\\\/07\\\/Wissenschaftsfond.png\",\"contentUrl\":\"https:\\\/\\\/forschung.fh-kaernten.at\\\/sirad\\\/files\\\/2025\\\/07\\\/Wissenschaftsfond.png\",\"width\":473,\"height\":76},{\"@type\":\"BreadcrumbList\",\"@id\":\"https:\\\/\\\/forschung.fh-kaernten.at\\\/sirad\\\/pasterze\\\/#breadcrumb\",\"itemListElement\":[{\"@type\":\"ListItem\",\"position\":1,\"name\":\"Startseite\",\"item\":\"https:\\\/\\\/forschung.fh-kaernten.at\\\/sirad\\\/\"},{\"@type\":\"ListItem\",\"position\":2,\"name\":\"PASTERZE.\"}]},{\"@type\":\"WebSite\",\"@id\":\"https:\\\/\\\/forschung.fh-kaernten.at\\\/sirad\\\/#website\",\"url\":\"https:\\\/\\\/forschung.fh-kaernten.at\\\/sirad\\\/\",\"name\":\"SIRaD\",\"description\":\"Sustainable Innovation Research and Development\",\"potentialAction\":[{\"@type\":\"SearchAction\",\"target\":{\"@type\":\"EntryPoint\",\"urlTemplate\":\"https:\\\/\\\/forschung.fh-kaernten.at\\\/sirad\\\/?s={search_term_string}\"},\"query-input\":{\"@type\":\"PropertyValueSpecification\",\"valueRequired\":true,\"valueName\":\"search_term_string\"}}],\"inLanguage\":\"de\"}]}<\/script>\n<!-- \/ Yoast SEO plugin. -->","yoast_head_json":{"title":"PASTERZE. - SIRaD","robots":{"index":"index","follow":"follow","max-snippet":"max-snippet:-1","max-image-preview":"max-image-preview:large","max-video-preview":"max-video-preview:-1"},"canonical":"https:\/\/forschung.fh-kaernten.at\/sirad\/pasterze\/","og_locale":"de_DE","og_type":"article","og_title":"PASTERZE. - SIRaD","og_description":"Self-willed nature as a legal subject. About Die Pasterze, der l\u00e4ngste Gletscher der Ostalpen unterliegt einem anthropogenem Druck. Laut aktueller Forschung, k\u00f6nnte [&hellip;]","og_url":"https:\/\/forschung.fh-kaernten.at\/sirad\/pasterze\/","og_site_name":"SIRaD","og_image":[{"width":473,"height":76,"url":"https:\/\/forschung.fh-kaernten.at\/sirad\/files\/2025\/07\/Wissenschaftsfond.png","type":"image\/png"}],"twitter_card":"summary_large_image","twitter_misc":{"Gesch\u00e4tzte Lesezeit":"4\u00a0Minuten"},"schema":{"@context":"https:\/\/schema.org","@graph":[{"@type":"WebPage","@id":"https:\/\/forschung.fh-kaernten.at\/sirad\/pasterze\/","url":"https:\/\/forschung.fh-kaernten.at\/sirad\/pasterze\/","name":"PASTERZE. - SIRaD","isPartOf":{"@id":"https:\/\/forschung.fh-kaernten.at\/sirad\/#website"},"primaryImageOfPage":{"@id":"https:\/\/forschung.fh-kaernten.at\/sirad\/pasterze\/#primaryimage"},"image":{"@id":"https:\/\/forschung.fh-kaernten.at\/sirad\/pasterze\/#primaryimage"},"thumbnailUrl":"https:\/\/forschung.fh-kaernten.at\/sirad\/files\/2025\/07\/Wissenschaftsfond.png","datePublished":"2025-07-29T15:30:17+00:00","breadcrumb":{"@id":"https:\/\/forschung.fh-kaernten.at\/sirad\/pasterze\/#breadcrumb"},"inLanguage":"de","potentialAction":[{"@type":"ReadAction","target":["https:\/\/forschung.fh-kaernten.at\/sirad\/pasterze\/"]}]},{"@type":"ImageObject","inLanguage":"de","@id":"https:\/\/forschung.fh-kaernten.at\/sirad\/pasterze\/#primaryimage","url":"https:\/\/forschung.fh-kaernten.at\/sirad\/files\/2025\/07\/Wissenschaftsfond.png","contentUrl":"https:\/\/forschung.fh-kaernten.at\/sirad\/files\/2025\/07\/Wissenschaftsfond.png","width":473,"height":76},{"@type":"BreadcrumbList","@id":"https:\/\/forschung.fh-kaernten.at\/sirad\/pasterze\/#breadcrumb","itemListElement":[{"@type":"ListItem","position":1,"name":"Startseite","item":"https:\/\/forschung.fh-kaernten.at\/sirad\/"},{"@type":"ListItem","position":2,"name":"PASTERZE."}]},{"@type":"WebSite","@id":"https:\/\/forschung.fh-kaernten.at\/sirad\/#website","url":"https:\/\/forschung.fh-kaernten.at\/sirad\/","name":"SIRaD","description":"Sustainable Innovation Research and Development","potentialAction":[{"@type":"SearchAction","target":{"@type":"EntryPoint","urlTemplate":"https:\/\/forschung.fh-kaernten.at\/sirad\/?s={search_term_string}"},"query-input":{"@type":"PropertyValueSpecification","valueRequired":true,"valueName":"search_term_string"}}],"inLanguage":"de"}]}},"_links":{"self":[{"href":"https:\/\/forschung.fh-kaernten.at\/sirad\/wp-json\/wp\/v2\/pages\/789","targetHints":{"allow":["GET"]}}],"collection":[{"href":"https:\/\/forschung.fh-kaernten.at\/sirad\/wp-json\/wp\/v2\/pages"}],"about":[{"href":"https:\/\/forschung.fh-kaernten.at\/sirad\/wp-json\/wp\/v2\/types\/page"}],"author":[{"embeddable":true,"href":"https:\/\/forschung.fh-kaernten.at\/sirad\/wp-json\/wp\/v2\/users\/257"}],"replies":[{"embeddable":true,"href":"https:\/\/forschung.fh-kaernten.at\/sirad\/wp-json\/wp\/v2\/comments?post=789"}],"version-history":[{"count":0,"href":"https:\/\/forschung.fh-kaernten.at\/sirad\/wp-json\/wp\/v2\/pages\/789\/revisions"}],"wp:attachment":[{"href":"https:\/\/forschung.fh-kaernten.at\/sirad\/wp-json\/wp\/v2\/media?parent=789"}],"curies":[{"name":"wp","href":"https:\/\/api.w.org\/{rel}","templated":true}]}}