{"id":839,"date":"2025-07-29T16:58:26","date_gmt":"2025-07-29T14:58:26","guid":{"rendered":"https:\/\/forschung.fh-kaernten.at\/sirad\/?page_id=839"},"modified":"2025-10-03T14:19:39","modified_gmt":"2025-10-03T12:19:39","slug":"suraaa-smart-urban-region-austria-alps-adriatic","status":"publish","type":"page","link":"https:\/\/forschung.fh-kaernten.at\/sirad\/suraaa-smart-urban-region-austria-alps-adriatic\/","title":{"rendered":"SURAAA &#8211; Smart Urban Region Austria Alps Adriatic"},"content":{"rendered":"\n<p class=\"wp-block-paragraph\"><a>SURAAA Smart Urban Region Austria Alps Adriatic<\/a><\/p>\n\n\n\n<p class=\"wp-block-paragraph\">Mit dem angewandten F&amp;E-Leitprojekt \u201eSmart Urban Region Austria Alps Adriatic (SURAAA)\u201c setzt die pdcp GmbH gemeinsam mit dem Land K\u00e4rnten, der FH K\u00e4rnten und Gemeinde P\u00f6rtschach eine einzigartige Initiative im Bereich Mobilit\u00e4t der Zukunft um.<\/p>\n\n\n\n<p class=\"wp-block-paragraph\">Ziel des Projektes ist, den \u00f6ffentlichen Personennahverkehr in Zukunft durch ein integriertes multimodales Mobilit\u00e4tsangebot mit Fokus auf die erste\/letzte Meile attraktiver, leistungsf\u00e4higer und umweltfreundlicher zu gestalten. Durch das Projekt soll es K\u00e4rnten gelingen, sich als innovative Mobilit\u00e4ts-Vorzeigeregion im \u00d6PNV und Tourismus zu positionieren.Ziel des Projektes ist, den \u00f6ffentlichen Personennahverkehr in Zukunft durch ein integriertes multimodales Mobilit\u00e4tsangebot mit Fokus auf die erste\/letzte Meile attraktiver, leistungsf\u00e4higer und umweltfreundlicher zu gestalten. Durch das Projekt soll es K\u00e4rnten gelingen, sich als innovative Mobilit\u00e4ts-Vorzeigeregion im \u00d6PNV und Tourismus zu positionieren.<\/p>\n\n\n\n<figure class=\"wp-block-image\"><a href=\"https:\/\/forschung.fh-kaernten.at\/sirad\/files\/2022\/06\/Foto3_SURAAA.jpg\" target=\"_blank\" rel=\"noopener\"><img loading=\"lazy\" decoding=\"async\" width=\"300\" height=\"200\" src=\"data:image\/gif;base64,R0lGODlhAQABAAAAACH5BAEKAAEALAAAAAABAAEAAAICTAEAOw==\" alt=\"\" class=\"wp-image-842 lazyload\" sizes=\"auto, (max-width: 300px) 100vw, 300px\" data-src=\"https:\/\/forschung.fh-kaernten.at\/sirad\/files\/2025\/07\/Foto3_SURAAA-300x200-1.jpg\" data-srcset=\"https:\/\/forschung.fh-kaernten.at\/sirad\/files\/2025\/07\/Foto3_SURAAA-300x200-1.jpg 300w, https:\/\/forschung.fh-kaernten.at\/sirad\/files\/2025\/07\/Foto3_SURAAA-300x200-1-230x153.jpg 230w\"><\/a><\/figure>\n\n\n\n<p class=\"wp-block-paragraph\"><a href=\"https:\/\/www.suraaa.at\/\" target=\"_blank\" rel=\"noopener\">Partner-LINK: <\/a><a href=\"https:\/\/www.suraaa.at\/\">https:\/\/www.suraaa.at\/<\/a><\/p>\n\n\n\n<p class=\"wp-block-paragraph\"><\/p>\n","protected":false},"excerpt":{"rendered":"<p>SURAAA Smart Urban Region Austria Alps Adriatic Mit dem angewandten F&amp;E-Leitprojekt \u201eSmart Urban Region Austria Alps Adriatic (SURAAA)\u201c setzt die pdcp GmbH [&hellip;]<\/p>\n","protected":false},"author":257,"featured_media":0,"parent":0,"menu_order":0,"comment_status":"closed","ping_status":"closed","template":"","meta":{"_crdt_document":"","inline_featured_image":false,"footnotes":""},"class_list":["post-839","page","type-page","status-publish","hentry"],"yoast_head":"<!-- This site is optimized with the Yoast SEO plugin v27.4 - https:\/\/yoast.com\/product\/yoast-seo-wordpress\/ -->\n<title>SURAAA - Smart Urban Region Austria Alps Adriatic - SIRaD<\/title>\n<meta name=\"robots\" content=\"index, follow, max-snippet:-1, max-image-preview:large, max-video-preview:-1\" \/>\n<link rel=\"canonical\" href=\"https:\/\/forschung.fh-kaernten.at\/sirad\/suraaa-smart-urban-region-austria-alps-adriatic\/\" \/>\n<meta property=\"og:locale\" content=\"de_DE\" \/>\n<meta property=\"og:type\" content=\"article\" \/>\n<meta property=\"og:title\" content=\"SURAAA - Smart Urban Region Austria Alps Adriatic - SIRaD\" \/>\n<meta property=\"og:description\" content=\"SURAAA Smart Urban Region Austria Alps Adriatic Mit dem angewandten F&amp;E-Leitprojekt \u201eSmart Urban Region Austria Alps Adriatic (SURAAA)\u201c setzt die pdcp GmbH [&hellip;]\" \/>\n<meta property=\"og:url\" content=\"https:\/\/forschung.fh-kaernten.at\/sirad\/suraaa-smart-urban-region-austria-alps-adriatic\/\" \/>\n<meta property=\"og:site_name\" content=\"SIRaD\" \/>\n<meta property=\"article:modified_time\" content=\"2025-10-03T12:19:39+00:00\" \/>\n<meta property=\"og:image\" content=\"https:\/\/forschung.fh-kaernten.at\/sirad\/files\/2025\/07\/Foto3_SURAAA-300x200-1.jpg\" \/>\n\t<meta property=\"og:image:width\" content=\"300\" \/>\n\t<meta property=\"og:image:height\" content=\"200\" \/>\n\t<meta property=\"og:image:type\" content=\"image\/jpeg\" \/>\n<meta name=\"twitter:card\" content=\"summary_large_image\" \/>\n<meta name=\"twitter:label1\" content=\"Gesch\u00e4tzte Lesezeit\" \/>\n\t<meta name=\"twitter:data1\" content=\"1\u00a0Minute\" \/>\n<script type=\"application\/ld+json\" class=\"yoast-schema-graph\">{\"@context\":\"https:\\\/\\\/schema.org\",\"@graph\":[{\"@type\":\"WebPage\",\"@id\":\"https:\\\/\\\/forschung.fh-kaernten.at\\\/sirad\\\/suraaa-smart-urban-region-austria-alps-adriatic\\\/\",\"url\":\"https:\\\/\\\/forschung.fh-kaernten.at\\\/sirad\\\/suraaa-smart-urban-region-austria-alps-adriatic\\\/\",\"name\":\"SURAAA - Smart Urban Region Austria Alps Adriatic - SIRaD\",\"isPartOf\":{\"@id\":\"https:\\\/\\\/forschung.fh-kaernten.at\\\/sirad\\\/#website\"},\"primaryImageOfPage\":{\"@id\":\"https:\\\/\\\/forschung.fh-kaernten.at\\\/sirad\\\/suraaa-smart-urban-region-austria-alps-adriatic\\\/#primaryimage\"},\"image\":{\"@id\":\"https:\\\/\\\/forschung.fh-kaernten.at\\\/sirad\\\/suraaa-smart-urban-region-austria-alps-adriatic\\\/#primaryimage\"},\"thumbnailUrl\":\"https:\\\/\\\/forschung.fh-kaernten.at\\\/sirad\\\/files\\\/2025\\\/07\\\/Foto3_SURAAA-300x200-1.jpg\",\"datePublished\":\"2025-07-29T14:58:26+00:00\",\"dateModified\":\"2025-10-03T12:19:39+00:00\",\"breadcrumb\":{\"@id\":\"https:\\\/\\\/forschung.fh-kaernten.at\\\/sirad\\\/suraaa-smart-urban-region-austria-alps-adriatic\\\/#breadcrumb\"},\"inLanguage\":\"de\",\"potentialAction\":[{\"@type\":\"ReadAction\",\"target\":[\"https:\\\/\\\/forschung.fh-kaernten.at\\\/sirad\\\/suraaa-smart-urban-region-austria-alps-adriatic\\\/\"]}]},{\"@type\":\"ImageObject\",\"inLanguage\":\"de\",\"@id\":\"https:\\\/\\\/forschung.fh-kaernten.at\\\/sirad\\\/suraaa-smart-urban-region-austria-alps-adriatic\\\/#primaryimage\",\"url\":\"https:\\\/\\\/forschung.fh-kaernten.at\\\/sirad\\\/files\\\/2025\\\/07\\\/Foto3_SURAAA-300x200-1.jpg\",\"contentUrl\":\"https:\\\/\\\/forschung.fh-kaernten.at\\\/sirad\\\/files\\\/2025\\\/07\\\/Foto3_SURAAA-300x200-1.jpg\",\"width\":300,\"height\":200},{\"@type\":\"BreadcrumbList\",\"@id\":\"https:\\\/\\\/forschung.fh-kaernten.at\\\/sirad\\\/suraaa-smart-urban-region-austria-alps-adriatic\\\/#breadcrumb\",\"itemListElement\":[{\"@type\":\"ListItem\",\"position\":1,\"name\":\"Startseite\",\"item\":\"https:\\\/\\\/forschung.fh-kaernten.at\\\/sirad\\\/\"},{\"@type\":\"ListItem\",\"position\":2,\"name\":\"SURAAA &#8211; Smart Urban Region Austria Alps Adriatic\"}]},{\"@type\":\"WebSite\",\"@id\":\"https:\\\/\\\/forschung.fh-kaernten.at\\\/sirad\\\/#website\",\"url\":\"https:\\\/\\\/forschung.fh-kaernten.at\\\/sirad\\\/\",\"name\":\"SIRaD\",\"description\":\"Sustainable Innovation Research and Development\",\"potentialAction\":[{\"@type\":\"SearchAction\",\"target\":{\"@type\":\"EntryPoint\",\"urlTemplate\":\"https:\\\/\\\/forschung.fh-kaernten.at\\\/sirad\\\/?s={search_term_string}\"},\"query-input\":{\"@type\":\"PropertyValueSpecification\",\"valueRequired\":true,\"valueName\":\"search_term_string\"}}],\"inLanguage\":\"de\"}]}<\/script>\n<!-- \/ Yoast SEO plugin. -->","yoast_head_json":{"title":"SURAAA - Smart Urban Region Austria Alps Adriatic - SIRaD","robots":{"index":"index","follow":"follow","max-snippet":"max-snippet:-1","max-image-preview":"max-image-preview:large","max-video-preview":"max-video-preview:-1"},"canonical":"https:\/\/forschung.fh-kaernten.at\/sirad\/suraaa-smart-urban-region-austria-alps-adriatic\/","og_locale":"de_DE","og_type":"article","og_title":"SURAAA - Smart Urban Region Austria Alps Adriatic - SIRaD","og_description":"SURAAA Smart Urban Region Austria Alps Adriatic Mit dem angewandten F&amp;E-Leitprojekt \u201eSmart Urban Region Austria Alps Adriatic (SURAAA)\u201c setzt die pdcp GmbH [&hellip;]","og_url":"https:\/\/forschung.fh-kaernten.at\/sirad\/suraaa-smart-urban-region-austria-alps-adriatic\/","og_site_name":"SIRaD","article_modified_time":"2025-10-03T12:19:39+00:00","og_image":[{"width":300,"height":200,"url":"https:\/\/forschung.fh-kaernten.at\/sirad\/files\/2025\/07\/Foto3_SURAAA-300x200-1.jpg","type":"image\/jpeg"}],"twitter_card":"summary_large_image","twitter_misc":{"Gesch\u00e4tzte Lesezeit":"1\u00a0Minute"},"schema":{"@context":"https:\/\/schema.org","@graph":[{"@type":"WebPage","@id":"https:\/\/forschung.fh-kaernten.at\/sirad\/suraaa-smart-urban-region-austria-alps-adriatic\/","url":"https:\/\/forschung.fh-kaernten.at\/sirad\/suraaa-smart-urban-region-austria-alps-adriatic\/","name":"SURAAA - Smart Urban Region Austria Alps Adriatic - SIRaD","isPartOf":{"@id":"https:\/\/forschung.fh-kaernten.at\/sirad\/#website"},"primaryImageOfPage":{"@id":"https:\/\/forschung.fh-kaernten.at\/sirad\/suraaa-smart-urban-region-austria-alps-adriatic\/#primaryimage"},"image":{"@id":"https:\/\/forschung.fh-kaernten.at\/sirad\/suraaa-smart-urban-region-austria-alps-adriatic\/#primaryimage"},"thumbnailUrl":"https:\/\/forschung.fh-kaernten.at\/sirad\/files\/2025\/07\/Foto3_SURAAA-300x200-1.jpg","datePublished":"2025-07-29T14:58:26+00:00","dateModified":"2025-10-03T12:19:39+00:00","breadcrumb":{"@id":"https:\/\/forschung.fh-kaernten.at\/sirad\/suraaa-smart-urban-region-austria-alps-adriatic\/#breadcrumb"},"inLanguage":"de","potentialAction":[{"@type":"ReadAction","target":["https:\/\/forschung.fh-kaernten.at\/sirad\/suraaa-smart-urban-region-austria-alps-adriatic\/"]}]},{"@type":"ImageObject","inLanguage":"de","@id":"https:\/\/forschung.fh-kaernten.at\/sirad\/suraaa-smart-urban-region-austria-alps-adriatic\/#primaryimage","url":"https:\/\/forschung.fh-kaernten.at\/sirad\/files\/2025\/07\/Foto3_SURAAA-300x200-1.jpg","contentUrl":"https:\/\/forschung.fh-kaernten.at\/sirad\/files\/2025\/07\/Foto3_SURAAA-300x200-1.jpg","width":300,"height":200},{"@type":"BreadcrumbList","@id":"https:\/\/forschung.fh-kaernten.at\/sirad\/suraaa-smart-urban-region-austria-alps-adriatic\/#breadcrumb","itemListElement":[{"@type":"ListItem","position":1,"name":"Startseite","item":"https:\/\/forschung.fh-kaernten.at\/sirad\/"},{"@type":"ListItem","position":2,"name":"SURAAA &#8211; Smart Urban Region Austria Alps Adriatic"}]},{"@type":"WebSite","@id":"https:\/\/forschung.fh-kaernten.at\/sirad\/#website","url":"https:\/\/forschung.fh-kaernten.at\/sirad\/","name":"SIRaD","description":"Sustainable Innovation Research and Development","potentialAction":[{"@type":"SearchAction","target":{"@type":"EntryPoint","urlTemplate":"https:\/\/forschung.fh-kaernten.at\/sirad\/?s={search_term_string}"},"query-input":{"@type":"PropertyValueSpecification","valueRequired":true,"valueName":"search_term_string"}}],"inLanguage":"de"}]}},"_links":{"self":[{"href":"https:\/\/forschung.fh-kaernten.at\/sirad\/wp-json\/wp\/v2\/pages\/839","targetHints":{"allow":["GET"]}}],"collection":[{"href":"https:\/\/forschung.fh-kaernten.at\/sirad\/wp-json\/wp\/v2\/pages"}],"about":[{"href":"https:\/\/forschung.fh-kaernten.at\/sirad\/wp-json\/wp\/v2\/types\/page"}],"author":[{"embeddable":true,"href":"https:\/\/forschung.fh-kaernten.at\/sirad\/wp-json\/wp\/v2\/users\/257"}],"replies":[{"embeddable":true,"href":"https:\/\/forschung.fh-kaernten.at\/sirad\/wp-json\/wp\/v2\/comments?post=839"}],"version-history":[{"count":3,"href":"https:\/\/forschung.fh-kaernten.at\/sirad\/wp-json\/wp\/v2\/pages\/839\/revisions"}],"predecessor-version":[{"id":982,"href":"https:\/\/forschung.fh-kaernten.at\/sirad\/wp-json\/wp\/v2\/pages\/839\/revisions\/982"}],"wp:attachment":[{"href":"https:\/\/forschung.fh-kaernten.at\/sirad\/wp-json\/wp\/v2\/media?parent=839"}],"curies":[{"name":"wp","href":"https:\/\/api.w.org\/{rel}","templated":true}]}}