{"id":852,"date":"2025-07-29T17:04:22","date_gmt":"2025-07-29T15:04:22","guid":{"rendered":"https:\/\/forschung.fh-kaernten.at\/sirad\/?page_id=852"},"modified":"2025-07-29T17:04:22","modified_gmt":"2025-07-29T15:04:22","slug":"kooperationsprojekt-fachhochschule-kaernten-und-nationalpark-hohe-tauern","status":"publish","type":"page","link":"https:\/\/forschung.fh-kaernten.at\/sirad\/kooperationsprojekt-fachhochschule-kaernten-und-nationalpark-hohe-tauern\/","title":{"rendered":"Kooperationsprojekt Fachhochschule K\u00e4rnten und Nationalpark Hohe Tauern"},"content":{"rendered":"\n<p class=\"wp-block-paragraph\"><a>Kooperationsprojekt Fachhochschule K\u00e4rnten und Nationalpark Hohe Tauern <\/a><\/p>\n\n\n\n<p class=\"wp-block-paragraph\">Am 13. Oktober 2021 erfolgte der Auftakt f\u00fcr die Kooperation zwischen der Fachhochschule K\u00e4rnten und dem K\u00e4rntner Anteil des Nationalparks Hohe Tauern zur St\u00e4rkung der Zusammenarbeit in Bildung und Forschung. Die Kooperation wurde anl\u00e4sslich des 50. Jubil\u00e4ums der Heiligenbluter Vereinbarung abgeschlossen. Beide Institutionen sind in ihrer Ausrichtung als Forschungs- und Bildungseinrichtung durch ihren starken Regions- und Praxisbezug charakterisiert. Auf Basis dieser Kooperation soll eine langfristige Zusammenarbeit begr\u00fcndet werden, um dadurch neue Perspektiven und Handlungsr\u00e4ume f\u00fcr die Region, das Land K\u00e4rnten und auch eine internationale Zusammenarbeit zu er\u00f6ffnen.<\/p>\n\n\n\n<figure class=\"wp-block-image size-full\"><img loading=\"lazy\" decoding=\"async\" width=\"300\" height=\"169\" src=\"data:image\/gif;base64,R0lGODlhAQABAAAAACH5BAEKAAEALAAAAAABAAEAAAICTAEAOw==\" alt=\"\" class=\"wp-image-853 lazyload\" sizes=\"auto, (max-width: 300px) 100vw, 300px\" data-src=\"https:\/\/forschung.fh-kaernten.at\/sirad\/files\/2025\/07\/image-1.jpeg\" data-srcset=\"https:\/\/forschung.fh-kaernten.at\/sirad\/files\/2025\/07\/image-1.jpeg 300w, https:\/\/forschung.fh-kaernten.at\/sirad\/files\/2025\/07\/image-1-230x130.jpeg 230w\"><\/figure>\n","protected":false},"excerpt":{"rendered":"<p>Kooperationsprojekt Fachhochschule K\u00e4rnten und Nationalpark Hohe Tauern Am 13. Oktober 2021 erfolgte der Auftakt f\u00fcr die Kooperation zwischen der Fachhochschule K\u00e4rnten und [&hellip;]<\/p>\n","protected":false},"author":257,"featured_media":0,"parent":0,"menu_order":0,"comment_status":"closed","ping_status":"closed","template":"","meta":{"_crdt_document":"","inline_featured_image":false,"footnotes":""},"class_list":["post-852","page","type-page","status-publish","hentry"],"yoast_head":"<!-- This site is optimized with the Yoast SEO plugin v27.4 - https:\/\/yoast.com\/product\/yoast-seo-wordpress\/ -->\n<title>Kooperationsprojekt Fachhochschule K\u00e4rnten und Nationalpark Hohe Tauern - SIRaD<\/title>\n<meta name=\"robots\" content=\"index, follow, max-snippet:-1, max-image-preview:large, max-video-preview:-1\" \/>\n<link rel=\"canonical\" href=\"https:\/\/forschung.fh-kaernten.at\/sirad\/kooperationsprojekt-fachhochschule-kaernten-und-nationalpark-hohe-tauern\/\" \/>\n<meta property=\"og:locale\" content=\"de_DE\" \/>\n<meta property=\"og:type\" content=\"article\" \/>\n<meta property=\"og:title\" content=\"Kooperationsprojekt Fachhochschule K\u00e4rnten und Nationalpark Hohe Tauern - SIRaD\" \/>\n<meta property=\"og:description\" content=\"Kooperationsprojekt Fachhochschule K\u00e4rnten und Nationalpark Hohe Tauern Am 13. Oktober 2021 erfolgte der Auftakt f\u00fcr die Kooperation zwischen der Fachhochschule K\u00e4rnten und [&hellip;]\" \/>\n<meta property=\"og:url\" content=\"https:\/\/forschung.fh-kaernten.at\/sirad\/kooperationsprojekt-fachhochschule-kaernten-und-nationalpark-hohe-tauern\/\" \/>\n<meta property=\"og:site_name\" content=\"SIRaD\" \/>\n<meta property=\"og:image\" content=\"https:\/\/forschung.fh-kaernten.at\/sirad\/files\/2025\/07\/image-1.jpeg\" \/>\n\t<meta property=\"og:image:width\" content=\"300\" \/>\n\t<meta property=\"og:image:height\" content=\"169\" \/>\n\t<meta property=\"og:image:type\" content=\"image\/jpeg\" \/>\n<meta name=\"twitter:card\" content=\"summary_large_image\" \/>\n<meta name=\"twitter:label1\" content=\"Gesch\u00e4tzte Lesezeit\" \/>\n\t<meta name=\"twitter:data1\" content=\"1\u00a0Minute\" \/>\n<script type=\"application\/ld+json\" class=\"yoast-schema-graph\">{\"@context\":\"https:\\\/\\\/schema.org\",\"@graph\":[{\"@type\":\"WebPage\",\"@id\":\"https:\\\/\\\/forschung.fh-kaernten.at\\\/sirad\\\/kooperationsprojekt-fachhochschule-kaernten-und-nationalpark-hohe-tauern\\\/\",\"url\":\"https:\\\/\\\/forschung.fh-kaernten.at\\\/sirad\\\/kooperationsprojekt-fachhochschule-kaernten-und-nationalpark-hohe-tauern\\\/\",\"name\":\"Kooperationsprojekt Fachhochschule K\u00e4rnten und Nationalpark Hohe Tauern - SIRaD\",\"isPartOf\":{\"@id\":\"https:\\\/\\\/forschung.fh-kaernten.at\\\/sirad\\\/#website\"},\"primaryImageOfPage\":{\"@id\":\"https:\\\/\\\/forschung.fh-kaernten.at\\\/sirad\\\/kooperationsprojekt-fachhochschule-kaernten-und-nationalpark-hohe-tauern\\\/#primaryimage\"},\"image\":{\"@id\":\"https:\\\/\\\/forschung.fh-kaernten.at\\\/sirad\\\/kooperationsprojekt-fachhochschule-kaernten-und-nationalpark-hohe-tauern\\\/#primaryimage\"},\"thumbnailUrl\":\"https:\\\/\\\/forschung.fh-kaernten.at\\\/sirad\\\/files\\\/2025\\\/07\\\/image-1.jpeg\",\"datePublished\":\"2025-07-29T15:04:22+00:00\",\"breadcrumb\":{\"@id\":\"https:\\\/\\\/forschung.fh-kaernten.at\\\/sirad\\\/kooperationsprojekt-fachhochschule-kaernten-und-nationalpark-hohe-tauern\\\/#breadcrumb\"},\"inLanguage\":\"de\",\"potentialAction\":[{\"@type\":\"ReadAction\",\"target\":[\"https:\\\/\\\/forschung.fh-kaernten.at\\\/sirad\\\/kooperationsprojekt-fachhochschule-kaernten-und-nationalpark-hohe-tauern\\\/\"]}]},{\"@type\":\"ImageObject\",\"inLanguage\":\"de\",\"@id\":\"https:\\\/\\\/forschung.fh-kaernten.at\\\/sirad\\\/kooperationsprojekt-fachhochschule-kaernten-und-nationalpark-hohe-tauern\\\/#primaryimage\",\"url\":\"https:\\\/\\\/forschung.fh-kaernten.at\\\/sirad\\\/files\\\/2025\\\/07\\\/image-1.jpeg\",\"contentUrl\":\"https:\\\/\\\/forschung.fh-kaernten.at\\\/sirad\\\/files\\\/2025\\\/07\\\/image-1.jpeg\",\"width\":300,\"height\":169},{\"@type\":\"BreadcrumbList\",\"@id\":\"https:\\\/\\\/forschung.fh-kaernten.at\\\/sirad\\\/kooperationsprojekt-fachhochschule-kaernten-und-nationalpark-hohe-tauern\\\/#breadcrumb\",\"itemListElement\":[{\"@type\":\"ListItem\",\"position\":1,\"name\":\"Startseite\",\"item\":\"https:\\\/\\\/forschung.fh-kaernten.at\\\/sirad\\\/\"},{\"@type\":\"ListItem\",\"position\":2,\"name\":\"Kooperationsprojekt Fachhochschule K\u00e4rnten und Nationalpark Hohe Tauern\"}]},{\"@type\":\"WebSite\",\"@id\":\"https:\\\/\\\/forschung.fh-kaernten.at\\\/sirad\\\/#website\",\"url\":\"https:\\\/\\\/forschung.fh-kaernten.at\\\/sirad\\\/\",\"name\":\"SIRaD\",\"description\":\"Sustainable Innovation Research and Development\",\"potentialAction\":[{\"@type\":\"SearchAction\",\"target\":{\"@type\":\"EntryPoint\",\"urlTemplate\":\"https:\\\/\\\/forschung.fh-kaernten.at\\\/sirad\\\/?s={search_term_string}\"},\"query-input\":{\"@type\":\"PropertyValueSpecification\",\"valueRequired\":true,\"valueName\":\"search_term_string\"}}],\"inLanguage\":\"de\"}]}<\/script>\n<!-- \/ Yoast SEO plugin. -->","yoast_head_json":{"title":"Kooperationsprojekt Fachhochschule K\u00e4rnten und Nationalpark Hohe Tauern - SIRaD","robots":{"index":"index","follow":"follow","max-snippet":"max-snippet:-1","max-image-preview":"max-image-preview:large","max-video-preview":"max-video-preview:-1"},"canonical":"https:\/\/forschung.fh-kaernten.at\/sirad\/kooperationsprojekt-fachhochschule-kaernten-und-nationalpark-hohe-tauern\/","og_locale":"de_DE","og_type":"article","og_title":"Kooperationsprojekt Fachhochschule K\u00e4rnten und Nationalpark Hohe Tauern - SIRaD","og_description":"Kooperationsprojekt Fachhochschule K\u00e4rnten und Nationalpark Hohe Tauern Am 13. Oktober 2021 erfolgte der Auftakt f\u00fcr die Kooperation zwischen der Fachhochschule K\u00e4rnten und [&hellip;]","og_url":"https:\/\/forschung.fh-kaernten.at\/sirad\/kooperationsprojekt-fachhochschule-kaernten-und-nationalpark-hohe-tauern\/","og_site_name":"SIRaD","og_image":[{"width":300,"height":169,"url":"https:\/\/forschung.fh-kaernten.at\/sirad\/files\/2025\/07\/image-1.jpeg","type":"image\/jpeg"}],"twitter_card":"summary_large_image","twitter_misc":{"Gesch\u00e4tzte Lesezeit":"1\u00a0Minute"},"schema":{"@context":"https:\/\/schema.org","@graph":[{"@type":"WebPage","@id":"https:\/\/forschung.fh-kaernten.at\/sirad\/kooperationsprojekt-fachhochschule-kaernten-und-nationalpark-hohe-tauern\/","url":"https:\/\/forschung.fh-kaernten.at\/sirad\/kooperationsprojekt-fachhochschule-kaernten-und-nationalpark-hohe-tauern\/","name":"Kooperationsprojekt Fachhochschule K\u00e4rnten und Nationalpark Hohe Tauern - SIRaD","isPartOf":{"@id":"https:\/\/forschung.fh-kaernten.at\/sirad\/#website"},"primaryImageOfPage":{"@id":"https:\/\/forschung.fh-kaernten.at\/sirad\/kooperationsprojekt-fachhochschule-kaernten-und-nationalpark-hohe-tauern\/#primaryimage"},"image":{"@id":"https:\/\/forschung.fh-kaernten.at\/sirad\/kooperationsprojekt-fachhochschule-kaernten-und-nationalpark-hohe-tauern\/#primaryimage"},"thumbnailUrl":"https:\/\/forschung.fh-kaernten.at\/sirad\/files\/2025\/07\/image-1.jpeg","datePublished":"2025-07-29T15:04:22+00:00","breadcrumb":{"@id":"https:\/\/forschung.fh-kaernten.at\/sirad\/kooperationsprojekt-fachhochschule-kaernten-und-nationalpark-hohe-tauern\/#breadcrumb"},"inLanguage":"de","potentialAction":[{"@type":"ReadAction","target":["https:\/\/forschung.fh-kaernten.at\/sirad\/kooperationsprojekt-fachhochschule-kaernten-und-nationalpark-hohe-tauern\/"]}]},{"@type":"ImageObject","inLanguage":"de","@id":"https:\/\/forschung.fh-kaernten.at\/sirad\/kooperationsprojekt-fachhochschule-kaernten-und-nationalpark-hohe-tauern\/#primaryimage","url":"https:\/\/forschung.fh-kaernten.at\/sirad\/files\/2025\/07\/image-1.jpeg","contentUrl":"https:\/\/forschung.fh-kaernten.at\/sirad\/files\/2025\/07\/image-1.jpeg","width":300,"height":169},{"@type":"BreadcrumbList","@id":"https:\/\/forschung.fh-kaernten.at\/sirad\/kooperationsprojekt-fachhochschule-kaernten-und-nationalpark-hohe-tauern\/#breadcrumb","itemListElement":[{"@type":"ListItem","position":1,"name":"Startseite","item":"https:\/\/forschung.fh-kaernten.at\/sirad\/"},{"@type":"ListItem","position":2,"name":"Kooperationsprojekt Fachhochschule K\u00e4rnten und Nationalpark Hohe Tauern"}]},{"@type":"WebSite","@id":"https:\/\/forschung.fh-kaernten.at\/sirad\/#website","url":"https:\/\/forschung.fh-kaernten.at\/sirad\/","name":"SIRaD","description":"Sustainable Innovation Research and Development","potentialAction":[{"@type":"SearchAction","target":{"@type":"EntryPoint","urlTemplate":"https:\/\/forschung.fh-kaernten.at\/sirad\/?s={search_term_string}"},"query-input":{"@type":"PropertyValueSpecification","valueRequired":true,"valueName":"search_term_string"}}],"inLanguage":"de"}]}},"_links":{"self":[{"href":"https:\/\/forschung.fh-kaernten.at\/sirad\/wp-json\/wp\/v2\/pages\/852","targetHints":{"allow":["GET"]}}],"collection":[{"href":"https:\/\/forschung.fh-kaernten.at\/sirad\/wp-json\/wp\/v2\/pages"}],"about":[{"href":"https:\/\/forschung.fh-kaernten.at\/sirad\/wp-json\/wp\/v2\/types\/page"}],"author":[{"embeddable":true,"href":"https:\/\/forschung.fh-kaernten.at\/sirad\/wp-json\/wp\/v2\/users\/257"}],"replies":[{"embeddable":true,"href":"https:\/\/forschung.fh-kaernten.at\/sirad\/wp-json\/wp\/v2\/comments?post=852"}],"version-history":[{"count":1,"href":"https:\/\/forschung.fh-kaernten.at\/sirad\/wp-json\/wp\/v2\/pages\/852\/revisions"}],"predecessor-version":[{"id":966,"href":"https:\/\/forschung.fh-kaernten.at\/sirad\/wp-json\/wp\/v2\/pages\/852\/revisions\/966"}],"wp:attachment":[{"href":"https:\/\/forschung.fh-kaernten.at\/sirad\/wp-json\/wp\/v2\/media?parent=852"}],"curies":[{"name":"wp","href":"https:\/\/api.w.org\/{rel}","templated":true}]}}