{"id":889,"date":"2025-07-30T13:51:18","date_gmt":"2025-07-30T11:51:18","guid":{"rendered":"https:\/\/forschung.fh-kaernten.at\/sirad\/?page_id=889"},"modified":"2025-07-30T13:56:56","modified_gmt":"2025-07-30T11:56:56","slug":"projektarbeit","status":"publish","type":"page","link":"https:\/\/forschung.fh-kaernten.at\/sirad\/projektarbeit\/","title":{"rendered":"Projektarbeit"},"content":{"rendered":"\n<p class=\"wp-block-paragraph\">Unsere Projektarbeit spiegelt die Vielfalt und Tiefe wissenschaftlicher Fragestellungen wider. Mit einem interdisziplin\u00e4ren Ansatz und einem klaren Fokus auf aktuelle Themen bearbeiten wir Projekte, die Theorie und Praxis miteinander verbinden. Hier finden Sie eine \u00dcbersicht laufender und abgeschlossener Projekte, die Ihnen Einblicke in die methodischen Ans\u00e4tze, Zielsetzungen und Ergebnisse geben und die Bandbreite unserer Arbeit besser zu verstehen. Entdecken Sie m\u00f6gliche Ankn\u00fcpfungspunkte, f\u00fcr Ihre eigenen Interessen.<\/p>\n\n\n\n<figure class=\"wp-block-embed is-type-wp-embed is-provider-sirad wp-block-embed-sirad\"><div class=\"wp-block-embed__wrapper\">\n<blockquote class=\"wp-embedded-content\" data-secret=\"HNyJwGNglF\"><a href=\"https:\/\/forschung.fh-kaernten.at\/sirad\/ccm2040\/\">CCM2040<\/a><\/blockquote><iframe loading=\"lazy\" class=\"wp-embedded-content lazyload\" sandbox=\"allow-scripts\" security=\"restricted\" style=\"position: absolute; visibility: hidden;\" title=\"&#8222;CCM2040&#8220; &#8212; SIRaD\" src=\"about:blank\" data-secret=\"HNyJwGNglF\" width=\"600\" height=\"338\" frameborder=\"0\" marginwidth=\"0\" marginheight=\"0\" scrolling=\"no\" data-src=\"https:\/\/forschung.fh-kaernten.at\/sirad\/ccm2040\/embed\/#?secret=ujHwI0gSSb#?secret=HNyJwGNglF\"><\/iframe>\n<\/div><\/figure>\n\n\n\n<figure class=\"wp-block-embed is-type-wp-embed is-provider-sirad wp-block-embed-sirad\"><div class=\"wp-block-embed__wrapper\">\n<blockquote class=\"wp-embedded-content\" data-secret=\"s0RPyFAl2P\"><a href=\"https:\/\/forschung.fh-kaernten.at\/sirad\/kem-nationalparkgemeinden\/\">KEM Nationalparkgemeinden Oberes M\u00f6lltal<\/a><\/blockquote><iframe loading=\"lazy\" class=\"wp-embedded-content lazyload\" sandbox=\"allow-scripts\" security=\"restricted\" style=\"position: absolute; visibility: hidden;\" title=\"&#8222;KEM Nationalparkgemeinden Oberes M\u00f6lltal&#8220; &#8212; SIRaD\" src=\"about:blank\" data-secret=\"s0RPyFAl2P\" width=\"600\" height=\"338\" frameborder=\"0\" marginwidth=\"0\" marginheight=\"0\" scrolling=\"no\" data-src=\"https:\/\/forschung.fh-kaernten.at\/sirad\/kem-nationalparkgemeinden\/embed\/#?secret=aCIwoLQGYj#?secret=s0RPyFAl2P\"><\/iframe>\n<\/div><\/figure>\n\n\n\n<figure class=\"wp-block-embed is-type-wp-embed is-provider-sirad wp-block-embed-sirad\"><div class=\"wp-block-embed__wrapper\">\n<blockquote class=\"wp-embedded-content\" data-secret=\"FoQblATDyS\"><a href=\"https:\/\/forschung.fh-kaernten.at\/sirad\/klar-nationalparkgemeinden-oberes-moelltal\/\">KLAR! Nationalparkgemeinden Oberes M\u00f6lltal<\/a><\/blockquote><iframe loading=\"lazy\" class=\"wp-embedded-content lazyload\" sandbox=\"allow-scripts\" security=\"restricted\" style=\"position: absolute; visibility: hidden;\" title=\"&#8222;KLAR! Nationalparkgemeinden Oberes M\u00f6lltal&#8220; &#8212; SIRaD\" src=\"about:blank\" data-secret=\"FoQblATDyS\" width=\"600\" height=\"338\" frameborder=\"0\" marginwidth=\"0\" marginheight=\"0\" scrolling=\"no\" data-src=\"https:\/\/forschung.fh-kaernten.at\/sirad\/klar-nationalparkgemeinden-oberes-moelltal\/embed\/#?secret=1isB8zwzsu#?secret=FoQblATDyS\"><\/iframe>\n<\/div><\/figure>\n\n\n\n<figure class=\"wp-block-embed is-type-wp-embed is-provider-sirad wp-block-embed-sirad\"><div class=\"wp-block-embed__wrapper\">\n<blockquote class=\"wp-embedded-content\" data-secret=\"g5B03863IY\"><a href=\"https:\/\/forschung.fh-kaernten.at\/sirad\/kooperationsprojekt-fachhochschule-kaernten-und-nationalpark-hohe-tauern\/\">Kooperationsprojekt Fachhochschule K\u00e4rnten und Nationalpark Hohe Tauern<\/a><\/blockquote><iframe loading=\"lazy\" class=\"wp-embedded-content lazyload\" sandbox=\"allow-scripts\" security=\"restricted\" style=\"position: absolute; visibility: hidden;\" title=\"&#8222;Kooperationsprojekt Fachhochschule K\u00e4rnten und Nationalpark Hohe Tauern&#8220; &#8212; SIRaD\" src=\"about:blank\" data-secret=\"g5B03863IY\" width=\"600\" height=\"338\" frameborder=\"0\" marginwidth=\"0\" marginheight=\"0\" scrolling=\"no\" data-src=\"https:\/\/forschung.fh-kaernten.at\/sirad\/kooperationsprojekt-fachhochschule-kaernten-und-nationalpark-hohe-tauern\/embed\/#?secret=i81pz9ae6p#?secret=g5B03863IY\"><\/iframe>\n<\/div><\/figure>\n\n\n\n<figure class=\"wp-block-embed is-type-wp-embed is-provider-sirad wp-block-embed-sirad\"><div class=\"wp-block-embed__wrapper\">\n<blockquote class=\"wp-embedded-content\" data-secret=\"3x25ADKbWO\"><a href=\"https:\/\/forschung.fh-kaernten.at\/sirad\/kig-kmu\/\">KiG-KMU<\/a><\/blockquote><iframe loading=\"lazy\" class=\"wp-embedded-content lazyload\" sandbox=\"allow-scripts\" security=\"restricted\" style=\"position: absolute; visibility: hidden;\" title=\"&#8222;KiG-KMU&#8220; &#8212; SIRaD\" src=\"about:blank\" data-secret=\"3x25ADKbWO\" width=\"600\" height=\"338\" frameborder=\"0\" marginwidth=\"0\" marginheight=\"0\" scrolling=\"no\" data-src=\"https:\/\/forschung.fh-kaernten.at\/sirad\/kig-kmu\/embed\/#?secret=KclMnPKDKs#?secret=3x25ADKbWO\"><\/iframe>\n<\/div><\/figure>\n\n\n\n<figure class=\"wp-block-embed is-type-wp-embed is-provider-sirad wp-block-embed-sirad\"><div class=\"wp-block-embed__wrapper\">\n<blockquote class=\"wp-embedded-content\" data-secret=\"JeGK6uTyPl\"><a href=\"https:\/\/forschung.fh-kaernten.at\/sirad\/pasterze\/\">PASTERZE.<\/a><\/blockquote><iframe loading=\"lazy\" class=\"wp-embedded-content lazyload\" sandbox=\"allow-scripts\" security=\"restricted\" style=\"position: absolute; visibility: hidden;\" title=\"&#8222;PASTERZE.&#8220; &#8212; SIRaD\" src=\"about:blank\" data-secret=\"JeGK6uTyPl\" width=\"600\" height=\"338\" frameborder=\"0\" marginwidth=\"0\" marginheight=\"0\" scrolling=\"no\" data-src=\"https:\/\/forschung.fh-kaernten.at\/sirad\/pasterze\/embed\/#?secret=oNIuQMgspO#?secret=JeGK6uTyPl\"><\/iframe>\n<\/div><\/figure>\n\n\n\n<figure class=\"wp-block-embed is-type-wp-embed is-provider-sirad wp-block-embed-sirad\"><div class=\"wp-block-embed__wrapper\">\n<blockquote class=\"wp-embedded-content\" data-secret=\"wf3hZCi15p\"><a href=\"https:\/\/forschung.fh-kaernten.at\/sirad\/suraaa-smart-urban-region-austria-alps-adriatic\/\">SURAAA &#8211; Smart Urban Region Austria Alps Adriatic<\/a><\/blockquote><iframe loading=\"lazy\" class=\"wp-embedded-content lazyload\" sandbox=\"allow-scripts\" security=\"restricted\" style=\"position: absolute; visibility: hidden;\" title=\"&#8222;SURAAA &#8211; Smart Urban Region Austria Alps Adriatic&#8220; &#8212; SIRaD\" src=\"about:blank\" data-secret=\"wf3hZCi15p\" width=\"600\" height=\"338\" frameborder=\"0\" marginwidth=\"0\" marginheight=\"0\" scrolling=\"no\" data-src=\"https:\/\/forschung.fh-kaernten.at\/sirad\/suraaa-smart-urban-region-austria-alps-adriatic\/embed\/#?secret=Rtey8YcMdC#?secret=wf3hZCi15p\"><\/iframe>\n<\/div><\/figure>\n","protected":false},"excerpt":{"rendered":"<p>Unsere Projektarbeit spiegelt die Vielfalt und Tiefe wissenschaftlicher Fragestellungen wider. Mit einem interdisziplin\u00e4ren Ansatz und einem klaren Fokus auf aktuelle Themen bearbeiten [&hellip;]<\/p>\n","protected":false},"author":257,"featured_media":0,"parent":0,"menu_order":0,"comment_status":"closed","ping_status":"closed","template":"","meta":{"_crdt_document":"","inline_featured_image":false,"footnotes":""},"class_list":["post-889","page","type-page","status-publish","hentry"],"yoast_head":"<!-- This site is optimized with the Yoast SEO plugin v27.4 - https:\/\/yoast.com\/product\/yoast-seo-wordpress\/ -->\n<title>Projektarbeit - SIRaD<\/title>\n<meta name=\"robots\" content=\"index, follow, max-snippet:-1, max-image-preview:large, max-video-preview:-1\" \/>\n<link rel=\"canonical\" href=\"https:\/\/forschung.fh-kaernten.at\/sirad\/projektarbeit\/\" \/>\n<meta property=\"og:locale\" content=\"de_DE\" \/>\n<meta property=\"og:type\" content=\"article\" \/>\n<meta property=\"og:title\" content=\"Projektarbeit - SIRaD\" \/>\n<meta property=\"og:description\" content=\"Unsere Projektarbeit spiegelt die Vielfalt und Tiefe wissenschaftlicher Fragestellungen wider. Mit einem interdisziplin\u00e4ren Ansatz und einem klaren Fokus auf aktuelle Themen bearbeiten [&hellip;]\" \/>\n<meta property=\"og:url\" content=\"https:\/\/forschung.fh-kaernten.at\/sirad\/projektarbeit\/\" \/>\n<meta property=\"og:site_name\" content=\"SIRaD\" \/>\n<meta property=\"article:modified_time\" content=\"2025-07-30T11:56:56+00:00\" \/>\n<meta name=\"twitter:card\" content=\"summary_large_image\" \/>\n<meta name=\"twitter:label1\" content=\"Gesch\u00e4tzte Lesezeit\" \/>\n\t<meta name=\"twitter:data1\" content=\"1\u00a0Minute\" \/>\n<script type=\"application\/ld+json\" class=\"yoast-schema-graph\">{\"@context\":\"https:\\\/\\\/schema.org\",\"@graph\":[{\"@type\":\"WebPage\",\"@id\":\"https:\\\/\\\/forschung.fh-kaernten.at\\\/sirad\\\/projektarbeit\\\/\",\"url\":\"https:\\\/\\\/forschung.fh-kaernten.at\\\/sirad\\\/projektarbeit\\\/\",\"name\":\"Projektarbeit - SIRaD\",\"isPartOf\":{\"@id\":\"https:\\\/\\\/forschung.fh-kaernten.at\\\/sirad\\\/#website\"},\"datePublished\":\"2025-07-30T11:51:18+00:00\",\"dateModified\":\"2025-07-30T11:56:56+00:00\",\"breadcrumb\":{\"@id\":\"https:\\\/\\\/forschung.fh-kaernten.at\\\/sirad\\\/projektarbeit\\\/#breadcrumb\"},\"inLanguage\":\"de\",\"potentialAction\":[{\"@type\":\"ReadAction\",\"target\":[\"https:\\\/\\\/forschung.fh-kaernten.at\\\/sirad\\\/projektarbeit\\\/\"]}]},{\"@type\":\"BreadcrumbList\",\"@id\":\"https:\\\/\\\/forschung.fh-kaernten.at\\\/sirad\\\/projektarbeit\\\/#breadcrumb\",\"itemListElement\":[{\"@type\":\"ListItem\",\"position\":1,\"name\":\"Startseite\",\"item\":\"https:\\\/\\\/forschung.fh-kaernten.at\\\/sirad\\\/\"},{\"@type\":\"ListItem\",\"position\":2,\"name\":\"Projektarbeit\"}]},{\"@type\":\"WebSite\",\"@id\":\"https:\\\/\\\/forschung.fh-kaernten.at\\\/sirad\\\/#website\",\"url\":\"https:\\\/\\\/forschung.fh-kaernten.at\\\/sirad\\\/\",\"name\":\"SIRaD\",\"description\":\"Sustainable Innovation Research and Development\",\"potentialAction\":[{\"@type\":\"SearchAction\",\"target\":{\"@type\":\"EntryPoint\",\"urlTemplate\":\"https:\\\/\\\/forschung.fh-kaernten.at\\\/sirad\\\/?s={search_term_string}\"},\"query-input\":{\"@type\":\"PropertyValueSpecification\",\"valueRequired\":true,\"valueName\":\"search_term_string\"}}],\"inLanguage\":\"de\"}]}<\/script>\n<!-- \/ Yoast SEO plugin. -->","yoast_head_json":{"title":"Projektarbeit - SIRaD","robots":{"index":"index","follow":"follow","max-snippet":"max-snippet:-1","max-image-preview":"max-image-preview:large","max-video-preview":"max-video-preview:-1"},"canonical":"https:\/\/forschung.fh-kaernten.at\/sirad\/projektarbeit\/","og_locale":"de_DE","og_type":"article","og_title":"Projektarbeit - SIRaD","og_description":"Unsere Projektarbeit spiegelt die Vielfalt und Tiefe wissenschaftlicher Fragestellungen wider. Mit einem interdisziplin\u00e4ren Ansatz und einem klaren Fokus auf aktuelle Themen bearbeiten [&hellip;]","og_url":"https:\/\/forschung.fh-kaernten.at\/sirad\/projektarbeit\/","og_site_name":"SIRaD","article_modified_time":"2025-07-30T11:56:56+00:00","twitter_card":"summary_large_image","twitter_misc":{"Gesch\u00e4tzte Lesezeit":"1\u00a0Minute"},"schema":{"@context":"https:\/\/schema.org","@graph":[{"@type":"WebPage","@id":"https:\/\/forschung.fh-kaernten.at\/sirad\/projektarbeit\/","url":"https:\/\/forschung.fh-kaernten.at\/sirad\/projektarbeit\/","name":"Projektarbeit - SIRaD","isPartOf":{"@id":"https:\/\/forschung.fh-kaernten.at\/sirad\/#website"},"datePublished":"2025-07-30T11:51:18+00:00","dateModified":"2025-07-30T11:56:56+00:00","breadcrumb":{"@id":"https:\/\/forschung.fh-kaernten.at\/sirad\/projektarbeit\/#breadcrumb"},"inLanguage":"de","potentialAction":[{"@type":"ReadAction","target":["https:\/\/forschung.fh-kaernten.at\/sirad\/projektarbeit\/"]}]},{"@type":"BreadcrumbList","@id":"https:\/\/forschung.fh-kaernten.at\/sirad\/projektarbeit\/#breadcrumb","itemListElement":[{"@type":"ListItem","position":1,"name":"Startseite","item":"https:\/\/forschung.fh-kaernten.at\/sirad\/"},{"@type":"ListItem","position":2,"name":"Projektarbeit"}]},{"@type":"WebSite","@id":"https:\/\/forschung.fh-kaernten.at\/sirad\/#website","url":"https:\/\/forschung.fh-kaernten.at\/sirad\/","name":"SIRaD","description":"Sustainable Innovation Research and Development","potentialAction":[{"@type":"SearchAction","target":{"@type":"EntryPoint","urlTemplate":"https:\/\/forschung.fh-kaernten.at\/sirad\/?s={search_term_string}"},"query-input":{"@type":"PropertyValueSpecification","valueRequired":true,"valueName":"search_term_string"}}],"inLanguage":"de"}]}},"_links":{"self":[{"href":"https:\/\/forschung.fh-kaernten.at\/sirad\/wp-json\/wp\/v2\/pages\/889","targetHints":{"allow":["GET"]}}],"collection":[{"href":"https:\/\/forschung.fh-kaernten.at\/sirad\/wp-json\/wp\/v2\/pages"}],"about":[{"href":"https:\/\/forschung.fh-kaernten.at\/sirad\/wp-json\/wp\/v2\/types\/page"}],"author":[{"embeddable":true,"href":"https:\/\/forschung.fh-kaernten.at\/sirad\/wp-json\/wp\/v2\/users\/257"}],"replies":[{"embeddable":true,"href":"https:\/\/forschung.fh-kaernten.at\/sirad\/wp-json\/wp\/v2\/comments?post=889"}],"version-history":[{"count":1,"href":"https:\/\/forschung.fh-kaernten.at\/sirad\/wp-json\/wp\/v2\/pages\/889\/revisions"}],"predecessor-version":[{"id":970,"href":"https:\/\/forschung.fh-kaernten.at\/sirad\/wp-json\/wp\/v2\/pages\/889\/revisions\/970"}],"wp:attachment":[{"href":"https:\/\/forschung.fh-kaernten.at\/sirad\/wp-json\/wp\/v2\/media?parent=889"}],"curies":[{"name":"wp","href":"https:\/\/api.w.org\/{rel}","templated":true}]}}