{"id":959,"date":"2025-10-03T13:10:24","date_gmt":"2025-10-03T11:10:24","guid":{"rendered":"https:\/\/forschung.fh-kaernten.at\/sirad\/?page_id=959"},"modified":"2025-10-03T13:13:34","modified_gmt":"2025-10-03T11:13:34","slug":"kem-nationalparkgemeinden-oberes-moelltal","status":"publish","type":"page","link":"https:\/\/forschung.fh-kaernten.at\/sirad\/en\/kem-nationalparkgemeinden-oberes-moelltal\/","title":{"rendered":"KEM Nationalpark Municipalities  Upper M\u00f6llvalley"},"content":{"rendered":"\n<p class=\"wp-block-paragraph\">The objective of the project is to support the National Park municipalities of Oberes M\u00f6lltal (Gro\u00dfkirchheim, Winklern, M\u00f6rtschach) in implementing Climate and Energy Model (KEM) measures to achieve the highest possible levels of CO2 neutrality and energy self-sufficiency. This is to be accomplished by utilizing solar and hydropower and identifying energy-efficient solutions. A key focus is to raise awareness among the population and establish new practices through incentives.<\/p>\n\n\n\n<figure class=\"wp-block-image\"><a href=\"https:\/\/forschung.fh-kaernten.at\/sirad\/files\/2022\/06\/Foto1_KEM.jpeg\" target=\"_blank\" rel=\"noopener\"><img loading=\"lazy\" decoding=\"async\" width=\"300\" height=\"212\" src=\"data:image\/gif;base64,R0lGODlhAQABAAAAACH5BAEKAAEALAAAAAABAAEAAAICTAEAOw==\" alt=\"Grafik: Ma\u00dfnahmen\" class=\"wp-image-812 lazyload\" sizes=\"auto, (max-width: 300px) 100vw, 300px\" data-src=\"https:\/\/forschung.fh-kaernten.at\/sirad\/files\/2025\/07\/Foto1_KEM-300x212-1.jpg\" data-srcset=\"https:\/\/forschung.fh-kaernten.at\/sirad\/files\/2025\/07\/Foto1_KEM-300x212-1.jpg 300w, https:\/\/forschung.fh-kaernten.at\/sirad\/files\/2025\/07\/Foto1_KEM-300x212-1-230x163.jpg 230w\"><\/a><\/figure>\n\n\n\n<p class=\"wp-block-paragraph\">Partner-LINK: <a href=\"https:\/\/www.alpine-nature-campus.com\/kem-region\/\" target=\"_blank\" rel=\"noopener\">https:\/\/www.alpine-nature-campus.com\/kem-region\/<\/a><\/p>\n","protected":false},"excerpt":{"rendered":"<p>The objective of the project is to support the National Park municipalities of Oberes M\u00f6lltal (Gro\u00dfkirchheim, Winklern, M\u00f6rtschach) in implementing Climate and [&hellip;]<\/p>\n","protected":false},"author":257,"featured_media":0,"parent":0,"menu_order":0,"comment_status":"closed","ping_status":"closed","template":"","meta":{"_crdt_document":"","inline_featured_image":false,"footnotes":""},"class_list":["post-959","page","type-page","status-publish","hentry"],"yoast_head":"<!-- This site is optimized with the Yoast SEO plugin v27.6 - https:\/\/yoast.com\/product\/yoast-seo-wordpress\/ -->\n<title>KEM Nationalpark Municipalities Upper M\u00f6llvalley - SIRaD<\/title>\n<meta name=\"robots\" content=\"index, follow, max-snippet:-1, max-image-preview:large, max-video-preview:-1\" \/>\n<link rel=\"canonical\" href=\"https:\/\/forschung.fh-kaernten.at\/sirad\/en\/kem-nationalparkgemeinden-oberes-moelltal\/\" \/>\n<meta property=\"og:locale\" content=\"de_DE\" \/>\n<meta property=\"og:type\" content=\"article\" \/>\n<meta property=\"og:title\" content=\"KEM Nationalpark Municipalities Upper M\u00f6llvalley - SIRaD\" \/>\n<meta property=\"og:description\" content=\"The objective of the project is to support the National Park municipalities of Oberes M\u00f6lltal (Gro\u00dfkirchheim, Winklern, M\u00f6rtschach) in implementing Climate and [&hellip;]\" \/>\n<meta property=\"og:url\" content=\"https:\/\/forschung.fh-kaernten.at\/sirad\/en\/kem-nationalparkgemeinden-oberes-moelltal\/\" \/>\n<meta property=\"og:site_name\" content=\"SIRaD\" \/>\n<meta property=\"article:modified_time\" content=\"2025-10-03T11:13:34+00:00\" \/>\n<meta property=\"og:image\" content=\"https:\/\/forschung.fh-kaernten.at\/sirad\/files\/2025\/07\/Foto1_KEM-300x212-1.jpg\" \/>\n\t<meta property=\"og:image:width\" content=\"300\" \/>\n\t<meta property=\"og:image:height\" content=\"212\" \/>\n\t<meta property=\"og:image:type\" content=\"image\/jpeg\" \/>\n<meta name=\"twitter:card\" content=\"summary_large_image\" \/>\n<meta name=\"twitter:label1\" content=\"Gesch\u00e4tzte Lesezeit\" \/>\n\t<meta name=\"twitter:data1\" content=\"1\u00a0Minute\" \/>\n<script type=\"application\/ld+json\" class=\"yoast-schema-graph\">{\"@context\":\"https:\\\/\\\/schema.org\",\"@graph\":[{\"@type\":\"WebPage\",\"@id\":\"https:\\\/\\\/forschung.fh-kaernten.at\\\/sirad\\\/en\\\/kem-nationalparkgemeinden-oberes-moelltal\\\/\",\"url\":\"https:\\\/\\\/forschung.fh-kaernten.at\\\/sirad\\\/en\\\/kem-nationalparkgemeinden-oberes-moelltal\\\/\",\"name\":\"KEM Nationalpark Municipalities Upper M\u00f6llvalley - SIRaD\",\"isPartOf\":{\"@id\":\"https:\\\/\\\/forschung.fh-kaernten.at\\\/sirad\\\/#website\"},\"primaryImageOfPage\":{\"@id\":\"https:\\\/\\\/forschung.fh-kaernten.at\\\/sirad\\\/en\\\/kem-nationalparkgemeinden-oberes-moelltal\\\/#primaryimage\"},\"image\":{\"@id\":\"https:\\\/\\\/forschung.fh-kaernten.at\\\/sirad\\\/en\\\/kem-nationalparkgemeinden-oberes-moelltal\\\/#primaryimage\"},\"thumbnailUrl\":\"https:\\\/\\\/forschung.fh-kaernten.at\\\/sirad\\\/files\\\/2025\\\/07\\\/Foto1_KEM-300x212-1.jpg\",\"datePublished\":\"2025-10-03T11:10:24+00:00\",\"dateModified\":\"2025-10-03T11:13:34+00:00\",\"breadcrumb\":{\"@id\":\"https:\\\/\\\/forschung.fh-kaernten.at\\\/sirad\\\/en\\\/kem-nationalparkgemeinden-oberes-moelltal\\\/#breadcrumb\"},\"inLanguage\":\"de\",\"potentialAction\":[{\"@type\":\"ReadAction\",\"target\":[\"https:\\\/\\\/forschung.fh-kaernten.at\\\/sirad\\\/en\\\/kem-nationalparkgemeinden-oberes-moelltal\\\/\"]}]},{\"@type\":\"ImageObject\",\"inLanguage\":\"de\",\"@id\":\"https:\\\/\\\/forschung.fh-kaernten.at\\\/sirad\\\/en\\\/kem-nationalparkgemeinden-oberes-moelltal\\\/#primaryimage\",\"url\":\"https:\\\/\\\/forschung.fh-kaernten.at\\\/sirad\\\/files\\\/2025\\\/07\\\/Foto1_KEM-300x212-1.jpg\",\"contentUrl\":\"https:\\\/\\\/forschung.fh-kaernten.at\\\/sirad\\\/files\\\/2025\\\/07\\\/Foto1_KEM-300x212-1.jpg\",\"width\":300,\"height\":212},{\"@type\":\"BreadcrumbList\",\"@id\":\"https:\\\/\\\/forschung.fh-kaernten.at\\\/sirad\\\/en\\\/kem-nationalparkgemeinden-oberes-moelltal\\\/#breadcrumb\",\"itemListElement\":[{\"@type\":\"ListItem\",\"position\":1,\"name\":\"Startseite\",\"item\":\"https:\\\/\\\/forschung.fh-kaernten.at\\\/sirad\\\/\"},{\"@type\":\"ListItem\",\"position\":2,\"name\":\"KEM Nationalpark Municipalities Upper M\u00f6llvalley\"}]},{\"@type\":\"WebSite\",\"@id\":\"https:\\\/\\\/forschung.fh-kaernten.at\\\/sirad\\\/#website\",\"url\":\"https:\\\/\\\/forschung.fh-kaernten.at\\\/sirad\\\/\",\"name\":\"SIRaD\",\"description\":\"Sustainable Innovation Research and Development\",\"potentialAction\":[{\"@type\":\"SearchAction\",\"target\":{\"@type\":\"EntryPoint\",\"urlTemplate\":\"https:\\\/\\\/forschung.fh-kaernten.at\\\/sirad\\\/?s={search_term_string}\"},\"query-input\":{\"@type\":\"PropertyValueSpecification\",\"valueRequired\":true,\"valueName\":\"search_term_string\"}}],\"inLanguage\":\"de\"}]}<\/script>\n<!-- \/ Yoast SEO plugin. -->","yoast_head_json":{"title":"KEM Nationalpark Municipalities Upper M\u00f6llvalley - SIRaD","robots":{"index":"index","follow":"follow","max-snippet":"max-snippet:-1","max-image-preview":"max-image-preview:large","max-video-preview":"max-video-preview:-1"},"canonical":"https:\/\/forschung.fh-kaernten.at\/sirad\/en\/kem-nationalparkgemeinden-oberes-moelltal\/","og_locale":"de_DE","og_type":"article","og_title":"KEM Nationalpark Municipalities Upper M\u00f6llvalley - SIRaD","og_description":"The objective of the project is to support the National Park municipalities of Oberes M\u00f6lltal (Gro\u00dfkirchheim, Winklern, M\u00f6rtschach) in implementing Climate and [&hellip;]","og_url":"https:\/\/forschung.fh-kaernten.at\/sirad\/en\/kem-nationalparkgemeinden-oberes-moelltal\/","og_site_name":"SIRaD","article_modified_time":"2025-10-03T11:13:34+00:00","og_image":[{"width":300,"height":212,"url":"https:\/\/forschung.fh-kaernten.at\/sirad\/files\/2025\/07\/Foto1_KEM-300x212-1.jpg","type":"image\/jpeg"}],"twitter_card":"summary_large_image","twitter_misc":{"Gesch\u00e4tzte Lesezeit":"1\u00a0Minute"},"schema":{"@context":"https:\/\/schema.org","@graph":[{"@type":"WebPage","@id":"https:\/\/forschung.fh-kaernten.at\/sirad\/en\/kem-nationalparkgemeinden-oberes-moelltal\/","url":"https:\/\/forschung.fh-kaernten.at\/sirad\/en\/kem-nationalparkgemeinden-oberes-moelltal\/","name":"KEM Nationalpark Municipalities Upper M\u00f6llvalley - SIRaD","isPartOf":{"@id":"https:\/\/forschung.fh-kaernten.at\/sirad\/#website"},"primaryImageOfPage":{"@id":"https:\/\/forschung.fh-kaernten.at\/sirad\/en\/kem-nationalparkgemeinden-oberes-moelltal\/#primaryimage"},"image":{"@id":"https:\/\/forschung.fh-kaernten.at\/sirad\/en\/kem-nationalparkgemeinden-oberes-moelltal\/#primaryimage"},"thumbnailUrl":"https:\/\/forschung.fh-kaernten.at\/sirad\/files\/2025\/07\/Foto1_KEM-300x212-1.jpg","datePublished":"2025-10-03T11:10:24+00:00","dateModified":"2025-10-03T11:13:34+00:00","breadcrumb":{"@id":"https:\/\/forschung.fh-kaernten.at\/sirad\/en\/kem-nationalparkgemeinden-oberes-moelltal\/#breadcrumb"},"inLanguage":"de","potentialAction":[{"@type":"ReadAction","target":["https:\/\/forschung.fh-kaernten.at\/sirad\/en\/kem-nationalparkgemeinden-oberes-moelltal\/"]}]},{"@type":"ImageObject","inLanguage":"de","@id":"https:\/\/forschung.fh-kaernten.at\/sirad\/en\/kem-nationalparkgemeinden-oberes-moelltal\/#primaryimage","url":"https:\/\/forschung.fh-kaernten.at\/sirad\/files\/2025\/07\/Foto1_KEM-300x212-1.jpg","contentUrl":"https:\/\/forschung.fh-kaernten.at\/sirad\/files\/2025\/07\/Foto1_KEM-300x212-1.jpg","width":300,"height":212},{"@type":"BreadcrumbList","@id":"https:\/\/forschung.fh-kaernten.at\/sirad\/en\/kem-nationalparkgemeinden-oberes-moelltal\/#breadcrumb","itemListElement":[{"@type":"ListItem","position":1,"name":"Startseite","item":"https:\/\/forschung.fh-kaernten.at\/sirad\/"},{"@type":"ListItem","position":2,"name":"KEM Nationalpark Municipalities Upper M\u00f6llvalley"}]},{"@type":"WebSite","@id":"https:\/\/forschung.fh-kaernten.at\/sirad\/#website","url":"https:\/\/forschung.fh-kaernten.at\/sirad\/","name":"SIRaD","description":"Sustainable Innovation Research and Development","potentialAction":[{"@type":"SearchAction","target":{"@type":"EntryPoint","urlTemplate":"https:\/\/forschung.fh-kaernten.at\/sirad\/?s={search_term_string}"},"query-input":{"@type":"PropertyValueSpecification","valueRequired":true,"valueName":"search_term_string"}}],"inLanguage":"de"}]}},"_links":{"self":[{"href":"https:\/\/forschung.fh-kaernten.at\/sirad\/wp-json\/wp\/v2\/pages\/959","targetHints":{"allow":["GET"]}}],"collection":[{"href":"https:\/\/forschung.fh-kaernten.at\/sirad\/wp-json\/wp\/v2\/pages"}],"about":[{"href":"https:\/\/forschung.fh-kaernten.at\/sirad\/wp-json\/wp\/v2\/types\/page"}],"author":[{"embeddable":true,"href":"https:\/\/forschung.fh-kaernten.at\/sirad\/wp-json\/wp\/v2\/users\/257"}],"replies":[{"embeddable":true,"href":"https:\/\/forschung.fh-kaernten.at\/sirad\/wp-json\/wp\/v2\/comments?post=959"}],"version-history":[{"count":2,"href":"https:\/\/forschung.fh-kaernten.at\/sirad\/wp-json\/wp\/v2\/pages\/959\/revisions"}],"predecessor-version":[{"id":963,"href":"https:\/\/forschung.fh-kaernten.at\/sirad\/wp-json\/wp\/v2\/pages\/959\/revisions\/963"}],"wp:attachment":[{"href":"https:\/\/forschung.fh-kaernten.at\/sirad\/wp-json\/wp\/v2\/media?parent=959"}],"curies":[{"name":"wp","href":"https:\/\/api.w.org\/{rel}","templated":true}]}}