{"id":961,"date":"2025-10-03T13:12:35","date_gmt":"2025-10-03T11:12:35","guid":{"rendered":"https:\/\/forschung.fh-kaernten.at\/sirad\/?page_id=961"},"modified":"2025-10-03T13:12:35","modified_gmt":"2025-10-03T11:12:35","slug":"klar-nationalpark-municipalities-upper-moellvalley","status":"publish","type":"page","link":"https:\/\/forschung.fh-kaernten.at\/sirad\/en\/klar-nationalpark-municipalities-upper-moellvalley\/","title":{"rendered":"KLAR! Nationalpark Municipalities Upper M\u00f6llvalley"},"content":{"rendered":"\n<p class=\"wp-block-paragraph\"><a>LAR! Nationalparkgemeinden Oberes M\u00f6lltal<\/a><\/p>\n\n\n\n<p class=\"wp-block-paragraph\">The objective of the project is to support the National Park municipalities of Oberes M\u00f6lltal (Gro\u00dfkirchheim, Winklern, M\u00f6rtschach) in implementing KLAR! measures. This aims to enable them to prepare for climate change through adaptation strategies, minimize the negative impacts of climate change, and successfully leverage the opportunities it presents.<\/p>\n\n\n\n<figure class=\"wp-block-image size-full\"><img loading=\"lazy\" decoding=\"async\" width=\"300\" height=\"212\" src=\"data:image\/gif;base64,R0lGODlhAQABAAAAACH5BAEKAAEALAAAAAABAAEAAAICTAEAOw==\" alt=\"\" class=\"wp-image-848 lazyload\" sizes=\"auto, (max-width: 300px) 100vw, 300px\" data-src=\"https:\/\/forschung.fh-kaernten.at\/sirad\/files\/2025\/07\/image.jpeg\" data-srcset=\"https:\/\/forschung.fh-kaernten.at\/sirad\/files\/2025\/07\/image.jpeg 300w, https:\/\/forschung.fh-kaernten.at\/sirad\/files\/2025\/07\/image-230x163.jpeg 230w\"><\/figure>\n\n\n\n<p class=\"wp-block-paragraph\">Partner-LINK: <a href=\"https:\/\/www.alpine-nature-campus.com\/klar-region\/\" target=\"_blank\" rel=\"noopener\">https:\/\/www.alpine-nature-campus.com\/klar-region\/<\/a><\/p>\n","protected":false},"excerpt":{"rendered":"<p>LAR! Nationalparkgemeinden Oberes M\u00f6lltal The objective of the project is to support the National Park municipalities of Oberes M\u00f6lltal (Gro\u00dfkirchheim, Winklern, M\u00f6rtschach) [&hellip;]<\/p>\n","protected":false},"author":257,"featured_media":0,"parent":0,"menu_order":0,"comment_status":"closed","ping_status":"closed","template":"","meta":{"_crdt_document":"","inline_featured_image":false,"footnotes":""},"class_list":["post-961","page","type-page","status-publish","hentry"],"yoast_head":"<!-- This site is optimized with the Yoast SEO plugin v27.6 - https:\/\/yoast.com\/product\/yoast-seo-wordpress\/ -->\n<title>KLAR! Nationalpark Municipalities Upper M\u00f6llvalley - SIRaD<\/title>\n<meta name=\"robots\" content=\"index, follow, max-snippet:-1, max-image-preview:large, max-video-preview:-1\" \/>\n<link rel=\"canonical\" href=\"https:\/\/forschung.fh-kaernten.at\/sirad\/en\/klar-nationalpark-municipalities-upper-moellvalley\/\" \/>\n<meta property=\"og:locale\" content=\"de_DE\" \/>\n<meta property=\"og:type\" content=\"article\" \/>\n<meta property=\"og:title\" content=\"KLAR! Nationalpark Municipalities Upper M\u00f6llvalley - SIRaD\" \/>\n<meta property=\"og:description\" content=\"LAR! Nationalparkgemeinden Oberes M\u00f6lltal The objective of the project is to support the National Park municipalities of Oberes M\u00f6lltal (Gro\u00dfkirchheim, Winklern, M\u00f6rtschach) [&hellip;]\" \/>\n<meta property=\"og:url\" content=\"https:\/\/forschung.fh-kaernten.at\/sirad\/en\/klar-nationalpark-municipalities-upper-moellvalley\/\" \/>\n<meta property=\"og:site_name\" content=\"SIRaD\" \/>\n<meta property=\"og:image\" content=\"https:\/\/forschung.fh-kaernten.at\/sirad\/files\/2025\/07\/image.jpeg\" \/>\n\t<meta property=\"og:image:width\" content=\"300\" \/>\n\t<meta property=\"og:image:height\" content=\"212\" \/>\n\t<meta property=\"og:image:type\" content=\"image\/jpeg\" \/>\n<meta name=\"twitter:card\" content=\"summary_large_image\" \/>\n<meta name=\"twitter:label1\" content=\"Gesch\u00e4tzte Lesezeit\" \/>\n\t<meta name=\"twitter:data1\" content=\"1\u00a0Minute\" \/>\n<script type=\"application\/ld+json\" class=\"yoast-schema-graph\">{\"@context\":\"https:\\\/\\\/schema.org\",\"@graph\":[{\"@type\":\"WebPage\",\"@id\":\"https:\\\/\\\/forschung.fh-kaernten.at\\\/sirad\\\/en\\\/klar-nationalpark-municipalities-upper-moellvalley\\\/\",\"url\":\"https:\\\/\\\/forschung.fh-kaernten.at\\\/sirad\\\/en\\\/klar-nationalpark-municipalities-upper-moellvalley\\\/\",\"name\":\"KLAR! Nationalpark Municipalities Upper M\u00f6llvalley - SIRaD\",\"isPartOf\":{\"@id\":\"https:\\\/\\\/forschung.fh-kaernten.at\\\/sirad\\\/#website\"},\"primaryImageOfPage\":{\"@id\":\"https:\\\/\\\/forschung.fh-kaernten.at\\\/sirad\\\/en\\\/klar-nationalpark-municipalities-upper-moellvalley\\\/#primaryimage\"},\"image\":{\"@id\":\"https:\\\/\\\/forschung.fh-kaernten.at\\\/sirad\\\/en\\\/klar-nationalpark-municipalities-upper-moellvalley\\\/#primaryimage\"},\"thumbnailUrl\":\"https:\\\/\\\/forschung.fh-kaernten.at\\\/sirad\\\/files\\\/2025\\\/07\\\/image.jpeg\",\"datePublished\":\"2025-10-03T11:12:35+00:00\",\"breadcrumb\":{\"@id\":\"https:\\\/\\\/forschung.fh-kaernten.at\\\/sirad\\\/en\\\/klar-nationalpark-municipalities-upper-moellvalley\\\/#breadcrumb\"},\"inLanguage\":\"de\",\"potentialAction\":[{\"@type\":\"ReadAction\",\"target\":[\"https:\\\/\\\/forschung.fh-kaernten.at\\\/sirad\\\/en\\\/klar-nationalpark-municipalities-upper-moellvalley\\\/\"]}]},{\"@type\":\"ImageObject\",\"inLanguage\":\"de\",\"@id\":\"https:\\\/\\\/forschung.fh-kaernten.at\\\/sirad\\\/en\\\/klar-nationalpark-municipalities-upper-moellvalley\\\/#primaryimage\",\"url\":\"https:\\\/\\\/forschung.fh-kaernten.at\\\/sirad\\\/files\\\/2025\\\/07\\\/image.jpeg\",\"contentUrl\":\"https:\\\/\\\/forschung.fh-kaernten.at\\\/sirad\\\/files\\\/2025\\\/07\\\/image.jpeg\",\"width\":300,\"height\":212},{\"@type\":\"BreadcrumbList\",\"@id\":\"https:\\\/\\\/forschung.fh-kaernten.at\\\/sirad\\\/en\\\/klar-nationalpark-municipalities-upper-moellvalley\\\/#breadcrumb\",\"itemListElement\":[{\"@type\":\"ListItem\",\"position\":1,\"name\":\"Startseite\",\"item\":\"https:\\\/\\\/forschung.fh-kaernten.at\\\/sirad\\\/\"},{\"@type\":\"ListItem\",\"position\":2,\"name\":\"KLAR! Nationalpark Municipalities Upper M\u00f6llvalley\"}]},{\"@type\":\"WebSite\",\"@id\":\"https:\\\/\\\/forschung.fh-kaernten.at\\\/sirad\\\/#website\",\"url\":\"https:\\\/\\\/forschung.fh-kaernten.at\\\/sirad\\\/\",\"name\":\"SIRaD\",\"description\":\"Sustainable Innovation Research and Development\",\"potentialAction\":[{\"@type\":\"SearchAction\",\"target\":{\"@type\":\"EntryPoint\",\"urlTemplate\":\"https:\\\/\\\/forschung.fh-kaernten.at\\\/sirad\\\/?s={search_term_string}\"},\"query-input\":{\"@type\":\"PropertyValueSpecification\",\"valueRequired\":true,\"valueName\":\"search_term_string\"}}],\"inLanguage\":\"de\"}]}<\/script>\n<!-- \/ Yoast SEO plugin. -->","yoast_head_json":{"title":"KLAR! Nationalpark Municipalities Upper M\u00f6llvalley - SIRaD","robots":{"index":"index","follow":"follow","max-snippet":"max-snippet:-1","max-image-preview":"max-image-preview:large","max-video-preview":"max-video-preview:-1"},"canonical":"https:\/\/forschung.fh-kaernten.at\/sirad\/en\/klar-nationalpark-municipalities-upper-moellvalley\/","og_locale":"de_DE","og_type":"article","og_title":"KLAR! Nationalpark Municipalities Upper M\u00f6llvalley - SIRaD","og_description":"LAR! Nationalparkgemeinden Oberes M\u00f6lltal The objective of the project is to support the National Park municipalities of Oberes M\u00f6lltal (Gro\u00dfkirchheim, Winklern, M\u00f6rtschach) [&hellip;]","og_url":"https:\/\/forschung.fh-kaernten.at\/sirad\/en\/klar-nationalpark-municipalities-upper-moellvalley\/","og_site_name":"SIRaD","og_image":[{"width":300,"height":212,"url":"https:\/\/forschung.fh-kaernten.at\/sirad\/files\/2025\/07\/image.jpeg","type":"image\/jpeg"}],"twitter_card":"summary_large_image","twitter_misc":{"Gesch\u00e4tzte Lesezeit":"1\u00a0Minute"},"schema":{"@context":"https:\/\/schema.org","@graph":[{"@type":"WebPage","@id":"https:\/\/forschung.fh-kaernten.at\/sirad\/en\/klar-nationalpark-municipalities-upper-moellvalley\/","url":"https:\/\/forschung.fh-kaernten.at\/sirad\/en\/klar-nationalpark-municipalities-upper-moellvalley\/","name":"KLAR! Nationalpark Municipalities Upper M\u00f6llvalley - SIRaD","isPartOf":{"@id":"https:\/\/forschung.fh-kaernten.at\/sirad\/#website"},"primaryImageOfPage":{"@id":"https:\/\/forschung.fh-kaernten.at\/sirad\/en\/klar-nationalpark-municipalities-upper-moellvalley\/#primaryimage"},"image":{"@id":"https:\/\/forschung.fh-kaernten.at\/sirad\/en\/klar-nationalpark-municipalities-upper-moellvalley\/#primaryimage"},"thumbnailUrl":"https:\/\/forschung.fh-kaernten.at\/sirad\/files\/2025\/07\/image.jpeg","datePublished":"2025-10-03T11:12:35+00:00","breadcrumb":{"@id":"https:\/\/forschung.fh-kaernten.at\/sirad\/en\/klar-nationalpark-municipalities-upper-moellvalley\/#breadcrumb"},"inLanguage":"de","potentialAction":[{"@type":"ReadAction","target":["https:\/\/forschung.fh-kaernten.at\/sirad\/en\/klar-nationalpark-municipalities-upper-moellvalley\/"]}]},{"@type":"ImageObject","inLanguage":"de","@id":"https:\/\/forschung.fh-kaernten.at\/sirad\/en\/klar-nationalpark-municipalities-upper-moellvalley\/#primaryimage","url":"https:\/\/forschung.fh-kaernten.at\/sirad\/files\/2025\/07\/image.jpeg","contentUrl":"https:\/\/forschung.fh-kaernten.at\/sirad\/files\/2025\/07\/image.jpeg","width":300,"height":212},{"@type":"BreadcrumbList","@id":"https:\/\/forschung.fh-kaernten.at\/sirad\/en\/klar-nationalpark-municipalities-upper-moellvalley\/#breadcrumb","itemListElement":[{"@type":"ListItem","position":1,"name":"Startseite","item":"https:\/\/forschung.fh-kaernten.at\/sirad\/"},{"@type":"ListItem","position":2,"name":"KLAR! Nationalpark Municipalities Upper M\u00f6llvalley"}]},{"@type":"WebSite","@id":"https:\/\/forschung.fh-kaernten.at\/sirad\/#website","url":"https:\/\/forschung.fh-kaernten.at\/sirad\/","name":"SIRaD","description":"Sustainable Innovation Research and Development","potentialAction":[{"@type":"SearchAction","target":{"@type":"EntryPoint","urlTemplate":"https:\/\/forschung.fh-kaernten.at\/sirad\/?s={search_term_string}"},"query-input":{"@type":"PropertyValueSpecification","valueRequired":true,"valueName":"search_term_string"}}],"inLanguage":"de"}]}},"_links":{"self":[{"href":"https:\/\/forschung.fh-kaernten.at\/sirad\/wp-json\/wp\/v2\/pages\/961","targetHints":{"allow":["GET"]}}],"collection":[{"href":"https:\/\/forschung.fh-kaernten.at\/sirad\/wp-json\/wp\/v2\/pages"}],"about":[{"href":"https:\/\/forschung.fh-kaernten.at\/sirad\/wp-json\/wp\/v2\/types\/page"}],"author":[{"embeddable":true,"href":"https:\/\/forschung.fh-kaernten.at\/sirad\/wp-json\/wp\/v2\/users\/257"}],"replies":[{"embeddable":true,"href":"https:\/\/forschung.fh-kaernten.at\/sirad\/wp-json\/wp\/v2\/comments?post=961"}],"version-history":[{"count":1,"href":"https:\/\/forschung.fh-kaernten.at\/sirad\/wp-json\/wp\/v2\/pages\/961\/revisions"}],"predecessor-version":[{"id":962,"href":"https:\/\/forschung.fh-kaernten.at\/sirad\/wp-json\/wp\/v2\/pages\/961\/revisions\/962"}],"wp:attachment":[{"href":"https:\/\/forschung.fh-kaernten.at\/sirad\/wp-json\/wp\/v2\/media?parent=961"}],"curies":[{"name":"wp","href":"https:\/\/api.w.org\/{rel}","templated":true}]}}