{"id":298,"date":"2025-06-27T10:52:01","date_gmt":"2025-06-27T08:52:01","guid":{"rendered":"https:\/\/forschung.fh-kaernten.at\/sitar\/contenuto-del-progetto\/"},"modified":"2026-03-10T11:35:07","modified_gmt":"2026-03-10T10:35:07","slug":"contenuto-del-progetto","status":"publish","type":"page","link":"https:\/\/forschung.fh-kaernten.at\/sitar\/it\/contenuto-del-progetto\/","title":{"rendered":"Contenuto del progetto"},"content":{"rendered":"\t\t<div data-elementor-type=\"wp-page\" data-elementor-id=\"298\" class=\"elementor elementor-298 elementor-284\" data-elementor-post-type=\"page\">\n\t\t\t\t<div class=\"elementor-element elementor-element-2811594 e-flex e-con-boxed e-con e-parent\" data-id=\"2811594\" data-element_type=\"container\" data-e-type=\"container\">\n\t\t\t\t\t<div class=\"e-con-inner\">\n\t\t\t\t<div class=\"elementor-element elementor-element-57eb146 elementor-widget elementor-widget-heading\" data-id=\"57eb146\" data-element_type=\"widget\" data-e-type=\"widget\" data-widget_type=\"heading.default\">\n\t\t\t\t<div class=\"elementor-widget-container\">\n\t\t\t\t\t<h2 class=\"elementor-heading-title elementor-size-default\">WP1_ Gestione e comunicazione del progetto<\/h2>\t\t\t\t<\/div>\n\t\t\t\t<\/div>\n\t\t\t\t\t<\/div>\n\t\t\t\t<\/div>\n\t\t<div class=\"elementor-element elementor-element-7b39238 e-flex e-con-boxed e-con e-parent\" data-id=\"7b39238\" data-element_type=\"container\" data-e-type=\"container\">\n\t\t\t\t\t<div class=\"e-con-inner\">\n\t\t\t\t<div class=\"elementor-element elementor-element-a4c4966 elementor-widget elementor-widget-text-editor\" data-id=\"a4c4966\" data-element_type=\"widget\" data-e-type=\"widget\" data-widget_type=\"text-editor.default\">\n\t\t\t\t<div class=\"elementor-widget-container\">\n\t\t\t\t\t\t\t\t\t<p>Il WP1 si occuper\u00e0 dell&#8217;organizzazione amministrativa (attivit\u00e0 1.1) del progetto SITAR e della diffusione (attivit\u00e0 1.2) dei suoi risultati. L&#8217;attivit\u00e0 1.1 sar\u00e0 svolta dal CUAS, mentre tutti gli altri partecipanti svolgeranno le attivit\u00e0 di divulgazione insieme al CUAS. L&#8217;obiettivo principale dell&#8217;attivit\u00e0 1.1 sar\u00e0 quello di garantire uno svolgimento regolare del progetto e di consentire al consorzio di consegnare i risultati nei tempi previsti, essendo al contempo pronto a superare qualsiasi ostacolo che possa influire sul progetto stesso. L&#8217;attivit\u00e0 1.2 si concentrer\u00e0 sulla diffusione dei risultati. A tal fine, verr\u00e0 creato un sito web contenente una descrizione generale del progetto SITAR e un&#8217;area di download dove gli utenti potranno accedere ai risultati del progetto. Inoltre, le attivit\u00e0 di divulgazione coinvolgeranno anche la comunit\u00e0 scientifica attraverso la pubblicazione di articoli su riviste e la partecipazione dei partner a conferenze di alto livello. Al fine di massimizzare la portata delle pubblicazioni scientifiche, saranno privilegiate le opzioni di licenza ad accesso aperto per rendere i risultati del progetto disponibili a un pubblico pi\u00f9 ampio.      <\/p>\t\t\t\t\t\t\t\t<\/div>\n\t\t\t\t<\/div>\n\t\t\t\t\t<\/div>\n\t\t\t\t<\/div>\n\t\t<div class=\"elementor-element elementor-element-57ea88a e-flex e-con-boxed e-con e-parent\" data-id=\"57ea88a\" data-element_type=\"container\" data-e-type=\"container\">\n\t\t\t\t\t<div class=\"e-con-inner\">\n\t\t\t\t<div class=\"elementor-element elementor-element-afb7a69 elementor-widget elementor-widget-heading\" data-id=\"afb7a69\" data-element_type=\"widget\" data-e-type=\"widget\" data-widget_type=\"heading.default\">\n\t\t\t\t<div class=\"elementor-widget-container\">\n\t\t\t\t\t<h2 class=\"elementor-heading-title elementor-size-default\">WP2_ Raccolta di informazioni<\/h2>\t\t\t\t<\/div>\n\t\t\t\t<\/div>\n\t\t\t\t\t<\/div>\n\t\t\t\t<\/div>\n\t\t<div class=\"elementor-element elementor-element-4a4ea5d e-flex e-con-boxed e-con e-parent\" data-id=\"4a4ea5d\" data-element_type=\"container\" data-e-type=\"container\">\n\t\t\t\t\t<div class=\"e-con-inner\">\n\t\t\t\t<div class=\"elementor-element elementor-element-e25c314 elementor-widget elementor-widget-text-editor\" data-id=\"e25c314\" data-element_type=\"widget\" data-e-type=\"widget\" data-widget_type=\"text-editor.default\">\n\t\t\t\t<div class=\"elementor-widget-container\">\n\t\t\t\t\t\t\t\t\t<p>Il WP2 si occuper\u00e0 della mappatura delle conoscenze esistenti in materia di progettazione, costruzione e demolizione di strutture ingegneristiche rispettose del clima. Ci\u00f2 sar\u00e0 necessario per valutare l&#8217;esistenza di potenziali ostacoli a tali attivit\u00e0. Queste barriere possono essere di diverso tipo, tra cui legali, pratiche ed economiche. Il WP2 si concentrer\u00e0 su questi aspetti e su come vengono affrontati o implementati sia in Italia che in Austria. Inoltre, verranno raccolte informazioni su come vengono gestite queste attivit\u00e0 in altri Paesi che sperimentano approcci rispettosi del clima nel settore dell&#8217;edilizia e delle costruzioni, confrontandole con i Paesi coinvolti nel progetto. Ogni partner si concentrer\u00e0 su diversi argomenti di interesse per il settore edilizio e rappresenter\u00e0 il punto di vista di diversi attori del settore in base alle proprie competenze. In particolare, CUAS e UNIUD si concentreranno sugli ultimi sviluppi nell&#8217;uso di materiali da costruzione rispettosi del clima e sugli approcci disponibili nella letteratura scientifica; ISB si concentrer\u00e0 sull&#8217;uso e la produzione di materiali cementizi rispettosi del clima, compreso l&#8217;uso di cementi miscelati o alternativi con il supporto di Alpacem; Bergmeister GmbH si concentrer\u00e0 sulla progettazione di strutture rispettose del clima, affrontando gli aspetti relativi ai limiti delle normative attuali e degli strumenti disponibili; Antonio Basso S. p.A. si concentrer\u00e0 sui limiti della prefabbricazione e dei materiali da costruzione, compresi gli aspetti legali, pratici ed economici; Friul Julia Appalti si concentrer\u00e0 sulle questioni relative alla gestione, alla separazione, al riutilizzo e al riciclo dei materiali da costruzione.     <\/p>\t\t\t\t\t\t\t\t<\/div>\n\t\t\t\t<\/div>\n\t\t\t\t\t<\/div>\n\t\t\t\t<\/div>\n\t\t<div class=\"elementor-element elementor-element-ab2cad0 e-flex e-con-boxed e-con e-parent\" data-id=\"ab2cad0\" data-element_type=\"container\" data-e-type=\"container\">\n\t\t\t\t\t<div class=\"e-con-inner\">\n\t\t\t\t<div class=\"elementor-element elementor-element-0d6779d elementor-widget elementor-widget-heading\" data-id=\"0d6779d\" data-element_type=\"widget\" data-e-type=\"widget\" data-widget_type=\"heading.default\">\n\t\t\t\t<div class=\"elementor-widget-container\">\n\t\t\t\t\t<h4 class=\"elementor-heading-title elementor-size-default\">Elenco dei risultati raggiunti\n<\/h4>\t\t\t\t<\/div>\n\t\t\t\t<\/div>\n\t\t<div class=\"elementor-element elementor-element-a1225ba e-con-full e-flex e-con e-child\" data-id=\"a1225ba\" data-element_type=\"container\" data-e-type=\"container\">\n\t\t\t\t<div class=\"elementor-element elementor-element-3f2a5eb elementor-widget elementor-widget-text-editor\" data-id=\"3f2a5eb\" data-element_type=\"widget\" data-e-type=\"widget\" data-widget_type=\"text-editor.default\">\n\t\t\t\t<div class=\"elementor-widget-container\">\n\t\t\t\t\t\t\t\t\t<ul><li><span style=\"font-size: 14pt\"><strong>Rapporto sui limiti dell&#8217;uso di materiali cementizi innovativi e Rapporto sui limiti dell&#8217;uso di soluzioni innovative di rinforzo strutturale <\/strong><\/span>&#8211; a cura del CUAS &#8211; per scaricare il rapporto <span style=\"color: #0000ff\"><a style=\"color: #0000ff\" href=\"https:\/\/forschung.fh-kaernten.at\/sitar\/files\/2026\/03\/Technical-report_01-FINAL-ZENODO-online.pdf\" target=\"_blank\" rel=\"noopener\">qui <\/a><\/span>(attualmente \u00e8 disponibile solo la versione in inglese).<\/li><li><span style=\"font-size: 14pt\"><strong>Valutazione dei limiti sui materiali <\/strong><\/span>&#8211; da ISB &#8211; per scaricare il rapporto <span style=\"color: #0000ff\"><a style=\"color: #0000ff\" href=\"https:\/\/forschung.fh-kaernten.at\/sitar\/files\/2025\/10\/Deliverable-WP2-ISB-Englisch.pdf\" target=\"_blank\" rel=\"noopener\">qui <\/a><\/span>(attualmente \u00e8 disponibile solo la versione in inglese).<\/li><li><strong><span style=\"font-size: 14pt\">Relazione sull&#8217;utilizzo dei materiali di scarto nel calcestruzzo <\/span><\/strong>&#8211; a cura dell&#8217;Universit\u00e0 degli Studi di Udine &#8211; per scaricare la relazione <span style=\"color: #0000ff\"><a style=\"color: #0000ff\" href=\"https:\/\/forschung.fh-kaernten.at\/sitar\/files\/2025\/10\/rendicontazione-scientifica_wp2.1.pdf\" target=\"_blank\" rel=\"noopener\">qui <\/a><\/span>(attualmente \u00e8 disponibile solo la versione italiana).<\/li><li><span style=\"font-size: 14pt\"><strong>Relazione sui limiti di utilizzo di armature non tradizionali <\/strong><\/span>&#8211; a cura dell&#8217;Universit\u00e0 degli Studi di Udine &#8211; per scaricare la relazione <span style=\"color: #0000ff\"><a style=\"color: #0000ff\" href=\"https:\/\/forschung.fh-kaernten.at\/sitar\/files\/2025\/10\/rendicontazione-scientifica_wp2.2.pdf\" target=\"_blank\" rel=\"noopener\">qui <\/a><\/span>(attualmente \u00e8 disponibile solo la versione italiana).<\/li><li><span style=\"font-size: 14pt\"><strong><span data-teams=\"true\">Relazione sull&#8217;utilizzo di aggregati riciclati, additivi e ottimizzazione dell&#8217;armatura<\/span> <\/strong><\/span>&#8211; di Bergmeister &#8211; per scaricare la relazione <a style=\"background-color: #ffffff\" href=\"https:\/\/forschung.fh-kaernten.at\/sitar\/files\/2025\/10\/Abschlussbericht_WP2_20250814.pdf\" target=\"_blank\" rel=\"noopener\"><span style=\"color: #0000ff\">qui<\/span> <\/a>(attualmente \u00e8 disponibile solo la versione tedesca).<\/li><li><span style=\"font-size: 14pt\"><strong>Analisi delle normative vigenti sulla gestione dei rifiuti da costruzione e demolizione, sui rifiuti inerti e sulle terre e rocce da scavo <\/strong><\/span>&#8211; a cura di Fiul Julia Appalti S.r.l. &#8211; per scaricare il rapporto <span style=\"color: #0000ff\"><a style=\"color: #0000ff\" href=\"https:\/\/forschung.fh-kaernten.at\/sitar\/files\/2025\/10\/PP4_DEFINITIVA-INVIATA-Relazione-normativa-rifiuti-komp.pdf\" target=\"_blank\" rel=\"noopener\">qui <\/a><\/span>(attualmente \u00e8 disponibile solo la versione italiana).<\/li><li><span style=\"font-size: 14pt\"><strong>Relazione sui limiti pratici nella produzione di strutture a basso impatto<\/strong><\/span> &#8211; a cura di Antonio Basso S.p.A. &#8211; per scaricare la relazione<span style=\"color: #0000ff\"> <a style=\"color: #0000ff\" href=\"https:\/\/forschung.fh-kaernten.at\/sitar\/files\/2025\/10\/Deliverable-AB-WP2.pdf\" target=\"_blank\" rel=\"noopener\">qui<\/a><\/span> (attualmente \u00e8 disponibile solo la versione italiana).<\/li><\/ul>\t\t\t\t\t\t\t\t<\/div>\n\t\t\t\t<\/div>\n\t\t\t\t<\/div>\n\t\t\t\t\t<\/div>\n\t\t\t\t<\/div>\n\t\t<div class=\"elementor-element elementor-element-609f156 e-flex e-con-boxed e-con e-parent\" data-id=\"609f156\" data-element_type=\"container\" data-e-type=\"container\">\n\t\t\t\t\t<div class=\"e-con-inner\">\n\t\t\t\t<div class=\"elementor-element elementor-element-aab5ebf elementor-widget elementor-widget-heading\" data-id=\"aab5ebf\" data-element_type=\"widget\" data-e-type=\"widget\" data-widget_type=\"heading.default\">\n\t\t\t\t<div class=\"elementor-widget-container\">\n\t\t\t\t\t<h2 class=\"elementor-heading-title elementor-size-default\">WP3_ Sviluppo di soluzioni<\/h2>\t\t\t\t<\/div>\n\t\t\t\t<\/div>\n\t\t\t\t\t<\/div>\n\t\t\t\t<\/div>\n\t\t<div class=\"elementor-element elementor-element-1521c4c e-flex e-con-boxed e-con e-parent\" data-id=\"1521c4c\" data-element_type=\"container\" data-e-type=\"container\">\n\t\t\t\t\t<div class=\"e-con-inner\">\n\t\t\t\t<div class=\"elementor-element elementor-element-5985257 elementor-widget elementor-widget-text-editor\" data-id=\"5985257\" data-element_type=\"widget\" data-e-type=\"widget\" data-widget_type=\"text-editor.default\">\n\t\t\t\t<div class=\"elementor-widget-container\">\n\t\t\t\t\t\t\t\t\t<p>Il WP3 svilupper\u00e0 e fornir\u00e0 soluzioni per superare le barriere e i vincoli identificati nel WP2 che potrebbero ostacolare la transizione dell&#8217;industria delle costruzioni verso pratiche rispettose del clima. Il WP3 sar\u00e0 suddiviso in quattro attivit\u00e0 principali: 3.1 &#8211; Sviluppo di soluzioni per i materiali; 3.2 &#8211; Sviluppo di soluzioni per le strutture; 3.3 &#8211; Sviluppo di una metodologia di valutazione semplificata e rapida per la valutazione preliminare dell&#8217;impatto ambientale delle attivit\u00e0 di costruzione e rinforzo; 3.4 &#8211; Test di dimostratori sperimentali. L&#8217;attivit\u00e0 3.1 svilupper\u00e0 soluzioni che consentano e\/o accelerino l&#8217;uso di materiali rispettosi del clima per la costruzione di elementi strutturali e non strutturali. CUAS, UNIUD, ISB e FJA parteciperanno a questa attivit\u00e0 con il supporto di Alpacem. L&#8217;attivit\u00e0 3.2 svilupper\u00e0 soluzioni per una migliore pianificazione, progettazione e costruzione di strutture rispettose del clima. CUAS, UNIUD, BM e AB saranno coinvolti in questa attivit\u00e0. L&#8217;attivit\u00e0 3.3 svilupper\u00e0 una metodologia di valutazione ex-ante per definire le prestazioni ambientali di diverse soluzioni. CUAS, UNIUD, ISB e BM saranno coinvolti in questa attivit\u00e0. L&#8217;attivit\u00e0 3.4 prevede la realizzazione di un numero molto limitato di test sperimentali su elementi strutturali progettati secondo criteri di compatibilit\u00e0 ambientale per dimostrarli. Il CUAS eseguir\u00e0 questi test nel suo laboratorio strutturale. Gli altri partner contribuiranno alla progettazione degli elementi.          <\/p>\t\t\t\t\t\t\t\t<\/div>\n\t\t\t\t<\/div>\n\t\t\t\t\t<\/div>\n\t\t\t\t<\/div>\n\t\t<div class=\"elementor-element elementor-element-dd53364 e-flex e-con-boxed e-con e-parent\" data-id=\"dd53364\" data-element_type=\"container\" data-e-type=\"container\">\n\t\t\t\t\t<div class=\"e-con-inner\">\n\t\t\t\t<div class=\"elementor-element elementor-element-2a4da2a elementor-widget elementor-widget-heading\" data-id=\"2a4da2a\" data-element_type=\"widget\" data-e-type=\"widget\" data-widget_type=\"heading.default\">\n\t\t\t\t<div class=\"elementor-widget-container\">\n\t\t\t\t\t<h2 class=\"elementor-heading-title elementor-size-default\">WP4_ <span lang=\"IT\">Attuazione<\/span>delle misure di supporto<\/h2>\t\t\t\t<\/div>\n\t\t\t\t<\/div>\n\t\t\t\t\t<\/div>\n\t\t\t\t<\/div>\n\t\t<div class=\"elementor-element elementor-element-c9a4a82 e-flex e-con-boxed e-con e-parent\" data-id=\"c9a4a82\" data-element_type=\"container\" data-e-type=\"container\">\n\t\t\t\t\t<div class=\"e-con-inner\">\n\t\t\t\t<div class=\"elementor-element elementor-element-0a641e6 elementor-widget elementor-widget-text-editor\" data-id=\"0a641e6\" data-element_type=\"widget\" data-e-type=\"widget\" data-widget_type=\"text-editor.default\">\n\t\t\t\t<div class=\"elementor-widget-container\">\n\t\t\t\t\t\t\t\t\t<p>Il WP4 utilizzer\u00e0 i risultati ottenuti nei WP2 e WP3 per sviluppare e implementare misure di supporto che possano aiutare il settore edilizio nella transizione verso pratiche rispettose del clima. Questo pacchetto di lavoro consister\u00e0 in tre attivit\u00e0 principali: 4.1 &#8211; Creazione di manuali; 4.2 &#8211; Sviluppo di corsi di formazione; 4.3 &#8211; Sviluppo di strumenti. L&#8217;attivit\u00e0 4.1 mira a sviluppare documenti che possano supportare i diversi attori del settore edile. Questi manuali conterranno spiegazioni dettagliate su come implementare pratiche rispettose del clima nelle diverse attivit\u00e0 del settore edile. Inoltre, i manuali saranno integrati da una serie di esempi per fornire agli utenti un approccio pratico e facilitare l&#8217;applicazione delle soluzioni proposte. L&#8217;attivit\u00e0 4.2 prevede corsi di formazione per studenti e diverse categorie di operatori e stakeholder del settore edile sull&#8217;attuazione di pratiche ecocompatibili. Il contenuto dei corsi sar\u00e0, in una certa misura, lo stesso dei manuali. Tuttavia, i corsi saranno adattati a categorie specifiche e quindi consentiranno spiegazioni pi\u00f9 approfondite e dettagliate. Durante il periodo del progetto, questi corsi assumeranno principalmente la forma di seminari. Tuttavia, si prevede che dopo il completamento del progetto SITAR, questi corsi saranno ulteriormente sviluppati in modo pi\u00f9 strutturato, ad esempio attraverso l&#8217;inserimento in programmi di laurea e master, corsi certificati per professionisti (ad esempio, formazione continua), ecc. L&#8217;attivit\u00e0 4.3 svilupper\u00e0 strumenti per aiutare i diversi attori del settore edile a implementare soluzioni rispettose del clima. Questi strumenti possono riguardare una variet\u00e0 di argomenti, come la valutazione ambientale rapida, la progettazione e la pianificazione, l&#8217;ottimizzazione degli elementi, ecc. e possono assumere la forma di software, diagrammi grafici, tabelle, questionari, ecc.<\/p>\t\t\t\t\t\t\t\t<\/div>\n\t\t\t\t<\/div>\n\t\t\t\t\t<\/div>\n\t\t\t\t<\/div>\n\t\t\t\t<\/div>\n\t\t","protected":false},"excerpt":{"rendered":"<p>WP1_ Gestione e comunicazione del progetto Il WP1 si occuper\u00e0 dell&#8217;organizzazione amministrativa (attivit\u00e0 1.1) del progetto SITAR e della diffusione (attivit\u00e0 1.2) [&hellip;]<\/p>\n","protected":false},"author":107,"featured_media":0,"parent":0,"menu_order":0,"comment_status":"closed","ping_status":"closed","template":"","meta":{"_crdt_document":"","inline_featured_image":false,"footnotes":""},"class_list":["post-298","page","type-page","status-publish","hentry"],"yoast_head":"<!-- This site is optimized with the Yoast SEO plugin v27.4 - https:\/\/yoast.com\/product\/yoast-seo-wordpress\/ -->\n<title>Contenuto del progetto -<\/title>\n<meta name=\"robots\" content=\"index, follow, max-snippet:-1, max-image-preview:large, max-video-preview:-1\" \/>\n<link rel=\"canonical\" href=\"https:\/\/forschung.fh-kaernten.at\/sitar\/it\/contenuto-del-progetto\/\" \/>\n<meta property=\"og:locale\" content=\"it_IT\" \/>\n<meta property=\"og:type\" content=\"article\" \/>\n<meta property=\"og:title\" content=\"Contenuto del progetto -\" \/>\n<meta property=\"og:description\" content=\"WP1_ Gestione e comunicazione del progetto Il WP1 si occuper\u00e0 dell&#8217;organizzazione amministrativa (attivit\u00e0 1.1) del progetto SITAR e della diffusione (attivit\u00e0 1.2) [&hellip;]\" \/>\n<meta property=\"og:url\" content=\"https:\/\/forschung.fh-kaernten.at\/sitar\/it\/contenuto-del-progetto\/\" \/>\n<meta property=\"article:modified_time\" content=\"2026-03-10T10:35:07+00:00\" \/>\n<meta name=\"twitter:card\" content=\"summary_large_image\" \/>\n<meta name=\"twitter:label1\" content=\"Tempo di lettura stimato\" \/>\n\t<meta name=\"twitter:data1\" content=\"5 minuti\" \/>\n<script type=\"application\/ld+json\" class=\"yoast-schema-graph\">{\"@context\":\"https:\\\/\\\/schema.org\",\"@graph\":[{\"@type\":\"WebPage\",\"@id\":\"https:\\\/\\\/forschung.fh-kaernten.at\\\/sitar\\\/it\\\/contenuto-del-progetto\\\/\",\"url\":\"https:\\\/\\\/forschung.fh-kaernten.at\\\/sitar\\\/it\\\/contenuto-del-progetto\\\/\",\"name\":\"Contenuto del progetto -\",\"isPartOf\":{\"@id\":\"https:\\\/\\\/forschung.fh-kaernten.at\\\/sitar\\\/#website\"},\"datePublished\":\"2025-06-27T08:52:01+00:00\",\"dateModified\":\"2026-03-10T10:35:07+00:00\",\"breadcrumb\":{\"@id\":\"https:\\\/\\\/forschung.fh-kaernten.at\\\/sitar\\\/it\\\/contenuto-del-progetto\\\/#breadcrumb\"},\"inLanguage\":\"it-IT\",\"potentialAction\":[{\"@type\":\"ReadAction\",\"target\":[\"https:\\\/\\\/forschung.fh-kaernten.at\\\/sitar\\\/it\\\/contenuto-del-progetto\\\/\"]}]},{\"@type\":\"BreadcrumbList\",\"@id\":\"https:\\\/\\\/forschung.fh-kaernten.at\\\/sitar\\\/it\\\/contenuto-del-progetto\\\/#breadcrumb\",\"itemListElement\":[{\"@type\":\"ListItem\",\"position\":1,\"name\":\"Startseite\",\"item\":\"https:\\\/\\\/forschung.fh-kaernten.at\\\/sitar\\\/it\\\/informazioni-su-sitar\\\/\"},{\"@type\":\"ListItem\",\"position\":2,\"name\":\"Contenuto del progetto\"}]},{\"@type\":\"WebSite\",\"@id\":\"https:\\\/\\\/forschung.fh-kaernten.at\\\/sitar\\\/#website\",\"url\":\"https:\\\/\\\/forschung.fh-kaernten.at\\\/sitar\\\/\",\"name\":\"\",\"description\":\"\",\"potentialAction\":[{\"@type\":\"SearchAction\",\"target\":{\"@type\":\"EntryPoint\",\"urlTemplate\":\"https:\\\/\\\/forschung.fh-kaernten.at\\\/sitar\\\/?s={search_term_string}\"},\"query-input\":{\"@type\":\"PropertyValueSpecification\",\"valueRequired\":true,\"valueName\":\"search_term_string\"}}],\"inLanguage\":\"it-IT\"}]}<\/script>\n<!-- \/ Yoast SEO plugin. -->","yoast_head_json":{"title":"Contenuto del progetto -","robots":{"index":"index","follow":"follow","max-snippet":"max-snippet:-1","max-image-preview":"max-image-preview:large","max-video-preview":"max-video-preview:-1"},"canonical":"https:\/\/forschung.fh-kaernten.at\/sitar\/it\/contenuto-del-progetto\/","og_locale":"it_IT","og_type":"article","og_title":"Contenuto del progetto -","og_description":"WP1_ Gestione e comunicazione del progetto Il WP1 si occuper\u00e0 dell&#8217;organizzazione amministrativa (attivit\u00e0 1.1) del progetto SITAR e della diffusione (attivit\u00e0 1.2) [&hellip;]","og_url":"https:\/\/forschung.fh-kaernten.at\/sitar\/it\/contenuto-del-progetto\/","article_modified_time":"2026-03-10T10:35:07+00:00","twitter_card":"summary_large_image","twitter_misc":{"Tempo di lettura stimato":"5 minuti"},"schema":{"@context":"https:\/\/schema.org","@graph":[{"@type":"WebPage","@id":"https:\/\/forschung.fh-kaernten.at\/sitar\/it\/contenuto-del-progetto\/","url":"https:\/\/forschung.fh-kaernten.at\/sitar\/it\/contenuto-del-progetto\/","name":"Contenuto del progetto -","isPartOf":{"@id":"https:\/\/forschung.fh-kaernten.at\/sitar\/#website"},"datePublished":"2025-06-27T08:52:01+00:00","dateModified":"2026-03-10T10:35:07+00:00","breadcrumb":{"@id":"https:\/\/forschung.fh-kaernten.at\/sitar\/it\/contenuto-del-progetto\/#breadcrumb"},"inLanguage":"it-IT","potentialAction":[{"@type":"ReadAction","target":["https:\/\/forschung.fh-kaernten.at\/sitar\/it\/contenuto-del-progetto\/"]}]},{"@type":"BreadcrumbList","@id":"https:\/\/forschung.fh-kaernten.at\/sitar\/it\/contenuto-del-progetto\/#breadcrumb","itemListElement":[{"@type":"ListItem","position":1,"name":"Startseite","item":"https:\/\/forschung.fh-kaernten.at\/sitar\/it\/informazioni-su-sitar\/"},{"@type":"ListItem","position":2,"name":"Contenuto del progetto"}]},{"@type":"WebSite","@id":"https:\/\/forschung.fh-kaernten.at\/sitar\/#website","url":"https:\/\/forschung.fh-kaernten.at\/sitar\/","name":"","description":"","potentialAction":[{"@type":"SearchAction","target":{"@type":"EntryPoint","urlTemplate":"https:\/\/forschung.fh-kaernten.at\/sitar\/?s={search_term_string}"},"query-input":{"@type":"PropertyValueSpecification","valueRequired":true,"valueName":"search_term_string"}}],"inLanguage":"it-IT"}]}},"_links":{"self":[{"href":"https:\/\/forschung.fh-kaernten.at\/sitar\/it\/wp-json\/wp\/v2\/pages\/298","targetHints":{"allow":["GET"]}}],"collection":[{"href":"https:\/\/forschung.fh-kaernten.at\/sitar\/it\/wp-json\/wp\/v2\/pages"}],"about":[{"href":"https:\/\/forschung.fh-kaernten.at\/sitar\/it\/wp-json\/wp\/v2\/types\/page"}],"author":[{"embeddable":true,"href":"https:\/\/forschung.fh-kaernten.at\/sitar\/it\/wp-json\/wp\/v2\/users\/107"}],"replies":[{"embeddable":true,"href":"https:\/\/forschung.fh-kaernten.at\/sitar\/it\/wp-json\/wp\/v2\/comments?post=298"}],"version-history":[{"count":3,"href":"https:\/\/forschung.fh-kaernten.at\/sitar\/it\/wp-json\/wp\/v2\/pages\/298\/revisions"}],"predecessor-version":[{"id":743,"href":"https:\/\/forschung.fh-kaernten.at\/sitar\/it\/wp-json\/wp\/v2\/pages\/298\/revisions\/743"}],"wp:attachment":[{"href":"https:\/\/forschung.fh-kaernten.at\/sitar\/it\/wp-json\/wp\/v2\/media?parent=298"}],"curies":[{"name":"wp","href":"https:\/\/api.w.org\/{rel}","templated":true}]}}