{"id":619,"date":"2025-12-16T17:37:32","date_gmt":"2025-12-16T16:37:32","guid":{"rendered":"https:\/\/forschung.fh-kaernten.at\/sitar\/scuola-estiva\/"},"modified":"2026-03-25T09:30:24","modified_gmt":"2026-03-25T08:30:24","slug":"scuola-estiva","status":"publish","type":"page","link":"https:\/\/forschung.fh-kaernten.at\/sitar\/it\/scuola-estiva\/","title":{"rendered":"Scuola estiva"},"content":{"rendered":"\t\t<div data-elementor-type=\"wp-page\" data-elementor-id=\"619\" class=\"elementor elementor-619 elementor-595\" data-elementor-post-type=\"page\">\n\t\t\t\t<div class=\"elementor-element elementor-element-dea9e17 e-flex e-con-boxed e-con e-parent\" data-id=\"dea9e17\" data-element_type=\"container\" data-e-type=\"container\">\n\t\t\t\t\t<div class=\"e-con-inner\">\n\t\t\t\t<div class=\"elementor-element elementor-element-26635bb elementor-widget elementor-widget-heading\" data-id=\"26635bb\" data-element_type=\"widget\" data-e-type=\"widget\" data-widget_type=\"heading.default\">\n\t\t\t\t<div class=\"elementor-widget-container\">\n\t\t\t\t\t<h2 class=\"elementor-heading-title elementor-size-default\">Scuola estiva SITAR (Interreg Italia - Austria)<\/h2>\t\t\t\t<\/div>\n\t\t\t\t<\/div>\n\t\t\t\t\t<\/div>\n\t\t\t\t<\/div>\n\t\t<div class=\"elementor-element elementor-element-39684b4 e-flex e-con-boxed e-con e-parent\" data-id=\"39684b4\" data-element_type=\"container\" data-e-type=\"container\">\n\t\t\t\t\t<div class=\"e-con-inner\">\n\t\t\t\t<div class=\"elementor-element elementor-element-ab4918c elementor-widget elementor-widget-image\" data-id=\"ab4918c\" data-element_type=\"widget\" data-e-type=\"widget\" data-widget_type=\"image.default\">\n\t\t\t\t<div class=\"elementor-widget-container\">\n\t\t\t\t\t\t\t\t\t\t\t\t\t\t\t<img fetchpriority=\"high\" decoding=\"async\" width=\"576\" height=\"324\" src=\"data:image\/gif;base64,R0lGODlhAQABAAAAACH5BAEKAAEALAAAAAABAAEAAAICTAEAOw==\" class=\"attachment-large size-large wp-image-600 lazyload\" alt=\"\" sizes=\"(max-width: 576px) 100vw, 576px\" data-src=\"https:\/\/forschung.fh-kaernten.at\/sitar\/files\/2025\/12\/Foto_Summer_School_Hintergrund.png\" data-srcset=\"https:\/\/forschung.fh-kaernten.at\/sitar\/files\/2025\/12\/Foto_Summer_School_Hintergrund.png 576w, https:\/\/forschung.fh-kaernten.at\/sitar\/files\/2025\/12\/Foto_Summer_School_Hintergrund-300x169.png 300w, https:\/\/forschung.fh-kaernten.at\/sitar\/files\/2025\/12\/Foto_Summer_School_Hintergrund-230x129.png 230w, https:\/\/forschung.fh-kaernten.at\/sitar\/files\/2025\/12\/Foto_Summer_School_Hintergrund-350x197.png 350w, https:\/\/forschung.fh-kaernten.at\/sitar\/files\/2025\/12\/Foto_Summer_School_Hintergrund-480x270.png 480w\">\t\t\t\t\t\t\t\t\t\t\t\t\t\t\t<\/div>\n\t\t\t\t<\/div>\n\t\t\t\t\t<\/div>\n\t\t\t\t<\/div>\n\t\t<div class=\"elementor-element elementor-element-51270f8 e-flex e-con-boxed e-con e-parent\" data-id=\"51270f8\" data-element_type=\"container\" data-e-type=\"container\">\n\t\t\t\t\t<div class=\"e-con-inner\">\n\t\t\t\t<div class=\"elementor-element elementor-element-4d351f8 elementor-widget elementor-widget-text-editor\" data-id=\"4d351f8\" data-element_type=\"widget\" data-e-type=\"widget\" data-widget_type=\"text-editor.default\">\n\t\t\t\t<div class=\"elementor-widget-container\">\n\t\t\t\t\t\t\t\t\t<p style=\"text-align: center\"><span style=\"font-size: 18pt\"><strong>Pratiche rispettose del clima nell&#8217;industria delle costruzioni<\/strong><\/span><\/p><p style=\"text-align: center\"><span style=\"font-size: 14pt\"><strong>08 luglio 2026 &#8211; 10 luglio 2026<\/strong><\/span><\/p><p style=\"text-align: center\">La Summer School on Practices in Construction \u00e8 un programma unico per studenti e professionisti del settore che vogliono contribuire a plasmare il futuro dell&#8217;edilizia sostenibile. Questo programma intensivo di tre giorni combina lezioni di esperti, esercitazioni pratiche di laboratorio e casi di studio reali di aziende e istituzioni leader. I partecipanti esploreranno temi caldi come le alternative di cemento a basse emissioni di carbonio, il calcestruzzo ad altissima resistenza, la progettazione strutturale sostenibile e i materiali avanzati per le riparazioni e le ristrutturazioni. Questa scuola estiva \u00e8 organizzata in collaborazione con partner del mondo accademico e industriale e pone un accento particolare sulle soluzioni strutturali innovative ed eco-efficienti. Offre una piattaforma potente per approfondire le tue competenze, ampliare la tua rete di contatti e contribuire alla transizione ecologica nell&#8217;edilizia.    <\/p><p style=\"text-align: center\"><strong>Periodo:<\/strong><br>08 luglio 2026 08:45 &#8211; 18:00<br>09 luglio 2026 09:00 &#8211; 18:00<br>10 luglio 2026 09:00 &#8211; 18:00 10 luglio 2026 08:45 &#8211; 18:00 09 luglio 2026 09:00 &#8211; 18:00  Luglio 2026 09:00 &#8211; 18:00<\/p><p style=\"text-align: center\"><strong>Sede: <\/strong>Universit\u00e0 di Scienze Applicate della Carinzia &#8211; Campus Villach, Europastra\u00dfe 4, 9524 Villach, Austria<\/p><p style=\"text-align: center\"><strong>Lingua: <\/strong>inglese<\/p><p style=\"text-align: center\"><strong>Gruppo target:<\/strong><br>Studenti di ingegneria civile (3\u00b0 anno)<br>Studenti di master e dottorato<br>Postdoc<br>Professionisti<\/p><p style=\"text-align: center\"><strong>Costi:<\/strong> <strong>La tua partecipazione \u00e8 gratuita!<\/strong><\/p><p style=\"text-align: center\"><strong>Volantino:<\/strong> <span style=\"color: #0000ff\"><a style=\"color: #0000ff\" href=\"https:\/\/forschung.fh-kaernten.at\/sitar\/files\/2026\/02\/Summer-School-July-2026_v3.pdf\" target=\"_blank\" rel=\"noopener\">Scarica qui<\/a><\/span><\/p><p style=\"text-align: center\"><strong>Programma:<\/strong><\/p><p><img decoding=\"async\" class=\"alignnone size-full wp-image-675 lazyload\" src=\"data:image\/gif;base64,R0lGODlhAQABAAAAACH5BAEKAAEALAAAAAABAAEAAAICTAEAOw==\" alt=\"\" width=\"1611\" height=\"832\" data-src=\"https:\/\/forschung.fh-kaernten.at\/sitar\/files\/2026\/01\/Summer-School-July-2026-schedule_v1.png\"><\/p><p style=\"text-align: center\"><span style=\"font-size: 18pt\"><strong>L&#8217;iscrizione \u00e8 possibile fino al 19 giugno 2026. <span style=\"color: #0000ff\"><a style=\"color: #0000ff\" href=\"https:\/\/docs.google.com\/forms\/d\/e\/1FAIpQLSfAmznNp5a-Mwsp26lQylaPk7iCMIgoV41yBL3utK0gNPy9PQ\/viewform\" target=\"_blank\" rel=\"noopener\">Registrati ora!<\/a><\/span><\/strong><\/span><\/p><hr><p style=\"text-align: center\"><span style=\"font-size: 10pt;font-family: arial, helvetica, sans-serif\"><strong>Persone di contatto:<\/strong><\/span><br><span style=\"font-size: 10pt;font-family: arial, helvetica, sans-serif\">Antroula Georgiou (contenuti), <a href=\"mailto:A.Georgiou@fh-kaernten.at\">A.Georgiou@fh-kaernten.at,<\/a> <a href=\"tel:+435905005119\">+43 59 0500 5119<\/a><\/span><br><span style=\"font-family: arial, helvetica, sans-serif;font-size: 10pt\">Claudia Zdol\u0161ek (organizzazione), <a href=\"mailto:C.Zdolsek@fh-kaernten.at\" target=\"_blank\" rel=\"noopener\">C.Zdolsek@fh-kaernten.at,<\/a> <a href=\"tel:+435905004319\">+43 59 0500 4319<\/a><\/span><\/p><p style=\"text-align: center\"><span style=\"font-size: 10pt;font-family: arial, helvetica, sans-serif\"><strong>Politica di cancellazione:<\/strong> <\/span><br><span style=\"font-size: 10pt;font-family: arial, helvetica, sans-serif\">La cancellazione gratuita \u00e8 possibile per iscritto fino a 10 giorni prima dell&#8217;inizio del seminario. In seguito, verr\u00e0 addebitato l&#8217;intero costo del seminario. \u00c8 possibile sostituire la persona iscritta.  <\/span><\/p>\t\t\t\t\t\t\t\t<\/div>\n\t\t\t\t<\/div>\n\t\t\t\t\t<\/div>\n\t\t\t\t<\/div>\n\t\t\t\t<\/div>\n\t\t","protected":false},"excerpt":{"rendered":"<p>Scuola estiva SITAR (Interreg Italia &#8211; Austria) Pratiche rispettose del clima nell&#8217;industria delle costruzioni 08 luglio 2026 &#8211; 10 luglio 2026 La [&hellip;]<\/p>\n","protected":false},"author":107,"featured_media":0,"parent":0,"menu_order":0,"comment_status":"closed","ping_status":"closed","template":"","meta":{"_crdt_document":"","inline_featured_image":false,"footnotes":""},"class_list":["post-619","page","type-page","status-publish","hentry"],"yoast_head":"<!-- This site is optimized with the Yoast SEO plugin v27.4 - https:\/\/yoast.com\/product\/yoast-seo-wordpress\/ -->\n<title>Scuola estiva -<\/title>\n<meta name=\"robots\" content=\"index, follow, max-snippet:-1, max-image-preview:large, max-video-preview:-1\" \/>\n<link rel=\"canonical\" href=\"https:\/\/forschung.fh-kaernten.at\/sitar\/it\/scuola-estiva\/\" \/>\n<meta property=\"og:locale\" content=\"it_IT\" \/>\n<meta property=\"og:type\" content=\"article\" \/>\n<meta property=\"og:title\" content=\"Scuola estiva -\" \/>\n<meta property=\"og:description\" content=\"Scuola estiva SITAR (Interreg Italia &#8211; Austria) Pratiche rispettose del clima nell&#8217;industria delle costruzioni 08 luglio 2026 &#8211; 10 luglio 2026 La [&hellip;]\" \/>\n<meta property=\"og:url\" content=\"https:\/\/forschung.fh-kaernten.at\/sitar\/it\/scuola-estiva\/\" \/>\n<meta property=\"article:modified_time\" content=\"2026-03-25T08:30:24+00:00\" \/>\n<meta property=\"og:image\" content=\"https:\/\/forschung.fh-kaernten.at\/sitar\/files\/2025\/12\/Foto_Summer_School_Hintergrund.png\" \/>\n<meta name=\"twitter:card\" content=\"summary_large_image\" \/>\n<meta name=\"twitter:label1\" content=\"Tempo di lettura stimato\" \/>\n\t<meta name=\"twitter:data1\" content=\"1 minuto\" \/>\n<script type=\"application\/ld+json\" class=\"yoast-schema-graph\">{\"@context\":\"https:\\\/\\\/schema.org\",\"@graph\":[{\"@type\":\"WebPage\",\"@id\":\"https:\\\/\\\/forschung.fh-kaernten.at\\\/sitar\\\/it\\\/scuola-estiva\\\/\",\"url\":\"https:\\\/\\\/forschung.fh-kaernten.at\\\/sitar\\\/it\\\/scuola-estiva\\\/\",\"name\":\"Scuola estiva -\",\"isPartOf\":{\"@id\":\"https:\\\/\\\/forschung.fh-kaernten.at\\\/sitar\\\/#website\"},\"primaryImageOfPage\":{\"@id\":\"https:\\\/\\\/forschung.fh-kaernten.at\\\/sitar\\\/it\\\/scuola-estiva\\\/#primaryimage\"},\"image\":{\"@id\":\"https:\\\/\\\/forschung.fh-kaernten.at\\\/sitar\\\/it\\\/scuola-estiva\\\/#primaryimage\"},\"thumbnailUrl\":\"https:\\\/\\\/forschung.fh-kaernten.at\\\/sitar\\\/files\\\/2025\\\/12\\\/Foto_Summer_School_Hintergrund.png\",\"datePublished\":\"2025-12-16T16:37:32+00:00\",\"dateModified\":\"2026-03-25T08:30:24+00:00\",\"breadcrumb\":{\"@id\":\"https:\\\/\\\/forschung.fh-kaernten.at\\\/sitar\\\/it\\\/scuola-estiva\\\/#breadcrumb\"},\"inLanguage\":\"it-IT\",\"potentialAction\":[{\"@type\":\"ReadAction\",\"target\":[\"https:\\\/\\\/forschung.fh-kaernten.at\\\/sitar\\\/it\\\/scuola-estiva\\\/\"]}]},{\"@type\":\"ImageObject\",\"inLanguage\":\"it-IT\",\"@id\":\"https:\\\/\\\/forschung.fh-kaernten.at\\\/sitar\\\/it\\\/scuola-estiva\\\/#primaryimage\",\"url\":\"https:\\\/\\\/forschung.fh-kaernten.at\\\/sitar\\\/files\\\/2025\\\/12\\\/Foto_Summer_School_Hintergrund.png\",\"contentUrl\":\"https:\\\/\\\/forschung.fh-kaernten.at\\\/sitar\\\/files\\\/2025\\\/12\\\/Foto_Summer_School_Hintergrund.png\"},{\"@type\":\"BreadcrumbList\",\"@id\":\"https:\\\/\\\/forschung.fh-kaernten.at\\\/sitar\\\/it\\\/scuola-estiva\\\/#breadcrumb\",\"itemListElement\":[{\"@type\":\"ListItem\",\"position\":1,\"name\":\"Startseite\",\"item\":\"https:\\\/\\\/forschung.fh-kaernten.at\\\/sitar\\\/it\\\/informazioni-su-sitar\\\/\"},{\"@type\":\"ListItem\",\"position\":2,\"name\":\"Scuola estiva\"}]},{\"@type\":\"WebSite\",\"@id\":\"https:\\\/\\\/forschung.fh-kaernten.at\\\/sitar\\\/#website\",\"url\":\"https:\\\/\\\/forschung.fh-kaernten.at\\\/sitar\\\/\",\"name\":\"\",\"description\":\"\",\"potentialAction\":[{\"@type\":\"SearchAction\",\"target\":{\"@type\":\"EntryPoint\",\"urlTemplate\":\"https:\\\/\\\/forschung.fh-kaernten.at\\\/sitar\\\/?s={search_term_string}\"},\"query-input\":{\"@type\":\"PropertyValueSpecification\",\"valueRequired\":true,\"valueName\":\"search_term_string\"}}],\"inLanguage\":\"it-IT\"}]}<\/script>\n<!-- \/ Yoast SEO plugin. -->","yoast_head_json":{"title":"Scuola estiva -","robots":{"index":"index","follow":"follow","max-snippet":"max-snippet:-1","max-image-preview":"max-image-preview:large","max-video-preview":"max-video-preview:-1"},"canonical":"https:\/\/forschung.fh-kaernten.at\/sitar\/it\/scuola-estiva\/","og_locale":"it_IT","og_type":"article","og_title":"Scuola estiva -","og_description":"Scuola estiva SITAR (Interreg Italia &#8211; Austria) Pratiche rispettose del clima nell&#8217;industria delle costruzioni 08 luglio 2026 &#8211; 10 luglio 2026 La [&hellip;]","og_url":"https:\/\/forschung.fh-kaernten.at\/sitar\/it\/scuola-estiva\/","article_modified_time":"2026-03-25T08:30:24+00:00","og_image":[{"url":"https:\/\/forschung.fh-kaernten.at\/sitar\/files\/2025\/12\/Foto_Summer_School_Hintergrund.png","type":"","width":"","height":""}],"twitter_card":"summary_large_image","twitter_misc":{"Tempo di lettura stimato":"1 minuto"},"schema":{"@context":"https:\/\/schema.org","@graph":[{"@type":"WebPage","@id":"https:\/\/forschung.fh-kaernten.at\/sitar\/it\/scuola-estiva\/","url":"https:\/\/forschung.fh-kaernten.at\/sitar\/it\/scuola-estiva\/","name":"Scuola estiva -","isPartOf":{"@id":"https:\/\/forschung.fh-kaernten.at\/sitar\/#website"},"primaryImageOfPage":{"@id":"https:\/\/forschung.fh-kaernten.at\/sitar\/it\/scuola-estiva\/#primaryimage"},"image":{"@id":"https:\/\/forschung.fh-kaernten.at\/sitar\/it\/scuola-estiva\/#primaryimage"},"thumbnailUrl":"https:\/\/forschung.fh-kaernten.at\/sitar\/files\/2025\/12\/Foto_Summer_School_Hintergrund.png","datePublished":"2025-12-16T16:37:32+00:00","dateModified":"2026-03-25T08:30:24+00:00","breadcrumb":{"@id":"https:\/\/forschung.fh-kaernten.at\/sitar\/it\/scuola-estiva\/#breadcrumb"},"inLanguage":"it-IT","potentialAction":[{"@type":"ReadAction","target":["https:\/\/forschung.fh-kaernten.at\/sitar\/it\/scuola-estiva\/"]}]},{"@type":"ImageObject","inLanguage":"it-IT","@id":"https:\/\/forschung.fh-kaernten.at\/sitar\/it\/scuola-estiva\/#primaryimage","url":"https:\/\/forschung.fh-kaernten.at\/sitar\/files\/2025\/12\/Foto_Summer_School_Hintergrund.png","contentUrl":"https:\/\/forschung.fh-kaernten.at\/sitar\/files\/2025\/12\/Foto_Summer_School_Hintergrund.png"},{"@type":"BreadcrumbList","@id":"https:\/\/forschung.fh-kaernten.at\/sitar\/it\/scuola-estiva\/#breadcrumb","itemListElement":[{"@type":"ListItem","position":1,"name":"Startseite","item":"https:\/\/forschung.fh-kaernten.at\/sitar\/it\/informazioni-su-sitar\/"},{"@type":"ListItem","position":2,"name":"Scuola estiva"}]},{"@type":"WebSite","@id":"https:\/\/forschung.fh-kaernten.at\/sitar\/#website","url":"https:\/\/forschung.fh-kaernten.at\/sitar\/","name":"","description":"","potentialAction":[{"@type":"SearchAction","target":{"@type":"EntryPoint","urlTemplate":"https:\/\/forschung.fh-kaernten.at\/sitar\/?s={search_term_string}"},"query-input":{"@type":"PropertyValueSpecification","valueRequired":true,"valueName":"search_term_string"}}],"inLanguage":"it-IT"}]}},"_links":{"self":[{"href":"https:\/\/forschung.fh-kaernten.at\/sitar\/it\/wp-json\/wp\/v2\/pages\/619","targetHints":{"allow":["GET"]}}],"collection":[{"href":"https:\/\/forschung.fh-kaernten.at\/sitar\/it\/wp-json\/wp\/v2\/pages"}],"about":[{"href":"https:\/\/forschung.fh-kaernten.at\/sitar\/it\/wp-json\/wp\/v2\/types\/page"}],"author":[{"embeddable":true,"href":"https:\/\/forschung.fh-kaernten.at\/sitar\/it\/wp-json\/wp\/v2\/users\/107"}],"replies":[{"embeddable":true,"href":"https:\/\/forschung.fh-kaernten.at\/sitar\/it\/wp-json\/wp\/v2\/comments?post=619"}],"version-history":[{"count":5,"href":"https:\/\/forschung.fh-kaernten.at\/sitar\/it\/wp-json\/wp\/v2\/pages\/619\/revisions"}],"predecessor-version":[{"id":749,"href":"https:\/\/forschung.fh-kaernten.at\/sitar\/it\/wp-json\/wp\/v2\/pages\/619\/revisions\/749"}],"wp:attachment":[{"href":"https:\/\/forschung.fh-kaernten.at\/sitar\/it\/wp-json\/wp\/v2\/media?parent=619"}],"curies":[{"name":"wp","href":"https:\/\/api.w.org\/{rel}","templated":true}]}}