{"id":71,"date":"2024-02-07T17:56:57","date_gmt":"2024-02-07T16:56:57","guid":{"rendered":"https:\/\/forschung.fh-kaernten.at\/sitar\/informazioni-su-sitar\/"},"modified":"2026-01-28T13:07:03","modified_gmt":"2026-01-28T12:07:03","slug":"informazioni-su-sitar","status":"publish","type":"page","link":"https:\/\/forschung.fh-kaernten.at\/sitar\/it\/","title":{"rendered":"SITAR"},"content":{"rendered":"\t\t<div data-elementor-type=\"wp-page\" data-elementor-id=\"71\" class=\"elementor elementor-71 elementor-2\" data-elementor-post-type=\"page\">\n\t\t\t\t<div class=\"elementor-element elementor-element-1d5d0e39 e-flex e-con-boxed e-con e-parent\" data-id=\"1d5d0e39\" data-element_type=\"container\" data-e-type=\"container\">\n\t\t\t\t\t<div class=\"e-con-inner\">\n\t\t\t\t<div class=\"elementor-element elementor-element-47ce98b6 elementor-widget elementor-widget-text-editor\" data-id=\"47ce98b6\" data-element_type=\"widget\" data-e-type=\"widget\" data-widget_type=\"text-editor.default\">\n\t\t\t\t<div class=\"elementor-widget-container\">\n\t\t\t\t\t\t\t\t\t<p style=\"text-align: justify\"><span style=\"font-size: 12pt\">Il progetto<strong> SITAR<\/strong> sta contribuendo ad accelerare la transizione del settore edile<span style=\"color: var(--sydney-text-color)\">verso pratiche rispettose del clima nella <\/span> Regione Alpina <span style=\"font-weight: 600;color: var(--sydney-text-color)\">\u21d2<\/span><span style=\"font-weight: 600;color: var(--sydney-text-color)\">  <\/span><span style=\"color: var(--sydney-text-color)\">Sostenere il <\/span><span style=\"color: var(--sydney-text-color)\">settore <\/span><span style=\"color: var(--sydney-text-color)\">edile <\/span><span style=\"color: var(--sydney-text-color)\">nella <\/span><span style=\"color: var(--sydney-text-color)\">transizione verso pratiche rispettose del clima nella <\/span><span style=\"color: var(--sydney-text-color)\">Regione<\/span><span style=\"color: var(--sydney-text-color)\">Alpina <\/span><span style=\"color: var(--sydney-text-color)\">.<\/span><\/span><\/p><p style=\"text-align: justify\"><span style=\"font-size: 12pt\">A tal fine, vengono analizzate le possibilit\u00e0 offerte dalle moderne tecnologie e dagli approcci progressivi per la progettazione, la costruzione, la ristrutturazione e l&#8217;ammodernamento degli edifici da una prospettiva ecologica.  <\/span><\/p><p style=\"text-align: justify\"><span style=\"font-size: 12pt\">Inoltre, il <strong>SITAR<\/strong> valuta l&#8217;esistenza di barriere (legali, pratiche, economiche, ecc.) che impediscono o rallentano tale transizione e sviluppa soluzioni moderne per superarle.<\/span><\/p>\t\t\t\t\t\t\t\t<\/div>\n\t\t\t\t<\/div>\n\t\t\t\t\t<\/div>\n\t\t\t\t<\/div>\n\t\t<div class=\"elementor-element elementor-element-240f32b e-flex e-con-boxed e-con e-parent\" data-id=\"240f32b\" data-element_type=\"container\" data-e-type=\"container\" data-settings=\"{&quot;background_background&quot;:&quot;gradient&quot;}\">\n\t\t\t\t\t<div class=\"e-con-inner\">\n\t\t<div class=\"elementor-element elementor-element-90c4143 e-con-full e-flex e-con e-child\" data-id=\"90c4143\" data-element_type=\"container\" data-e-type=\"container\" data-settings=\"{&quot;background_background&quot;:&quot;classic&quot;,&quot;shape_divider_top&quot;:&quot;arrow&quot;}\">\n\t\t\t\t<div class=\"elementor-shape elementor-shape-top\" aria-hidden=\"true\" data-negative=\"false\">\n\t\t\t<svg xmlns=\"http:\/\/www.w3.org\/2000\/svg\" viewBox=\"0 0 700 10\" preserveAspectRatio=\"none\">\n\t<path class=\"elementor-shape-fill\" d=\"M350,10L340,0h20L350,10z\"\/>\n<\/svg>\t\t<\/div>\n\t\t\t\t<div class=\"elementor-element elementor-element-cb975c2 elementor-widget elementor-widget-text-editor\" data-id=\"cb975c2\" data-element_type=\"widget\" data-e-type=\"widget\" data-widget_type=\"text-editor.default\">\n\t\t\t\t<div class=\"elementor-widget-container\">\n\t\t\t\t\t\t\t\t\t<p style=\"text-align: center\"><span style=\"font-size: 14pt;color: #ffffff\"><strong>Durata del progetto<\/strong><\/span><br><span style=\"font-size: 14pt;color: #ffffff\">02.2024 &#8211; 10.2026<\/span><\/p>\t\t\t\t\t\t\t\t<\/div>\n\t\t\t\t<\/div>\n\t\t\t\t<\/div>\n\t\t<div class=\"elementor-element elementor-element-141bb33 e-con-full e-flex e-con e-child\" data-id=\"141bb33\" data-element_type=\"container\" data-e-type=\"container\" data-settings=\"{&quot;background_background&quot;:&quot;classic&quot;,&quot;shape_divider_top&quot;:&quot;arrow&quot;}\">\n\t\t\t\t<div class=\"elementor-shape elementor-shape-top\" aria-hidden=\"true\" data-negative=\"false\">\n\t\t\t<svg xmlns=\"http:\/\/www.w3.org\/2000\/svg\" viewBox=\"0 0 700 10\" preserveAspectRatio=\"none\">\n\t<path class=\"elementor-shape-fill\" d=\"M350,10L340,0h20L350,10z\"\/>\n<\/svg>\t\t<\/div>\n\t\t\t\t<div class=\"elementor-element elementor-element-6b1c4ee elementor-widget elementor-widget-text-editor\" data-id=\"6b1c4ee\" data-element_type=\"widget\" data-e-type=\"widget\" data-widget_type=\"text-editor.default\">\n\t\t\t\t<div class=\"elementor-widget-container\">\n\t\t\t\t\t\t\t\t\t<p style=\"text-align: center\"><span style=\"font-size: 14pt;color: #ffffff\"><strong>Bilancio totale<\/strong><\/span><br><span style=\"font-size: 14pt;color: #ffffff\">\u20ac 1 195 529.00<\/span><\/p>\t\t\t\t\t\t\t\t<\/div>\n\t\t\t\t<\/div>\n\t\t\t\t<\/div>\n\t\t<div class=\"elementor-element elementor-element-6292914 e-con-full e-flex e-con e-child\" data-id=\"6292914\" data-element_type=\"container\" data-e-type=\"container\" data-settings=\"{&quot;background_background&quot;:&quot;classic&quot;,&quot;shape_divider_top&quot;:&quot;arrow&quot;}\">\n\t\t\t\t<div class=\"elementor-shape elementor-shape-top\" aria-hidden=\"true\" data-negative=\"false\">\n\t\t\t<svg xmlns=\"http:\/\/www.w3.org\/2000\/svg\" viewBox=\"0 0 700 10\" preserveAspectRatio=\"none\">\n\t<path class=\"elementor-shape-fill\" d=\"M350,10L340,0h20L350,10z\"\/>\n<\/svg>\t\t<\/div>\n\t\t\t\t<div class=\"elementor-element elementor-element-0bd6346 elementor-widget elementor-widget-text-editor\" data-id=\"0bd6346\" data-element_type=\"widget\" data-e-type=\"widget\" data-widget_type=\"text-editor.default\">\n\t\t\t\t<div class=\"elementor-widget-container\">\n\t\t\t\t\t\t\t\t\t<p style=\"text-align: center\"><span style=\"font-size: 14pt;color: #ffffff\"><strong>Finanziamento parziale dell&#8217;UE<\/strong><\/span><br><span style=\"font-size: 14pt;color: #ffffff\">\u20ac 874 657.20<\/span><\/p>\t\t\t\t\t\t\t\t<\/div>\n\t\t\t\t<\/div>\n\t\t\t\t<\/div>\n\t\t\t\t\t<\/div>\n\t\t\t\t<\/div>\n\t\t<div class=\"elementor-element elementor-element-24565c0 e-flex e-con-boxed e-con e-parent\" data-id=\"24565c0\" data-element_type=\"container\" data-e-type=\"container\">\n\t\t\t\t\t<div class=\"e-con-inner\">\n\t\t\t\t<div class=\"elementor-element elementor-element-5752666 elementor-widget elementor-widget-video\" data-id=\"5752666\" data-element_type=\"widget\" data-e-type=\"widget\" data-settings=\"{&quot;youtube_url&quot;:&quot;https:\\\/\\\/www.youtube.com\\\/watch?v=t-CBTMQ1Fys&quot;,&quot;video_type&quot;:&quot;youtube&quot;,&quot;controls&quot;:&quot;yes&quot;}\" data-widget_type=\"video.default\">\n\t\t\t\t<div class=\"elementor-widget-container\">\n\t\t\t\t\t\t\t<div class=\"elementor-wrapper elementor-open-inline\">\n\t\t\t<div class=\"elementor-video\"><\/div>\t\t<\/div>\n\t\t\t\t\t\t<\/div>\n\t\t\t\t<\/div>\n\t\t\t\t\t<\/div>\n\t\t\t\t<\/div>\n\t\t<div class=\"elementor-element elementor-element-360f508 e-flex e-con-boxed e-con e-parent\" data-id=\"360f508\" data-element_type=\"container\" data-e-type=\"container\">\n\t\t\t\t\t<div class=\"e-con-inner\">\n\t\t<div class=\"elementor-element elementor-element-468f48b e-con-full e-flex e-con e-child\" data-id=\"468f48b\" data-element_type=\"container\" data-e-type=\"container\">\n\t\t\t\t<div class=\"elementor-element elementor-element-f057020 elementor-widget__width-initial elementor-widget elementor-widget-text-editor\" data-id=\"f057020\" data-element_type=\"widget\" data-e-type=\"widget\" data-widget_type=\"text-editor.default\">\n\t\t\t\t<div class=\"elementor-widget-container\">\n\t\t\t\t\t\t\t\t\t<p style=\"text-align: left\"><span style=\"font-size: 14pt\"><strong>ECKDATA SITAR<\/strong><\/span><\/p><p style=\"text-align: left\"><strong>Bando di gara: <\/strong>Interreg VI-A Italia-Austria &#8211; Bando 2023  <\/p><p style=\"text-align: left\"><strong>ASSE PRIORITARIO:<\/strong> 1 &#8211; Innovazione e impresa<\/p><p style=\"text-align: left\"><strong style=\"color: var(--sydney-text-color)\">OBIETTIVO POLITICO:<\/strong><span style=\"color: var(--sydney-text-color)\"> 1 &#8211; Un&#8217;Europa pi\u00f9 competitiva e pi\u00f9 intelligente promuovendo una trasformazione economica innovativa e intelligente e la connettivit\u00e0 regionale delle TIC.<\/span><\/p><p style=\"text-align: left\"><strong>OBIETTIVO SPECIFICO:<\/strong> RSO1.1 &#8211; Sviluppare ed espandere le capacit\u00e0 di ricerca e innovazione e l&#8217;introduzione di tecnologie avanzate<\/p><p style=\"text-align: left\"><strong>TIPO DI AZIONE:<\/strong> 3 &#8211; Sviluppo, adozione e trasferimento di tecnologie, know-how e migliori pratiche<\/p><p style=\"text-align: left\"><strong>AREA DI INTERVENTO PRIORITARIA:<\/strong> 4 &#8211; Tecnologie nuove e sostenibili<\/p><p style=\"text-align: left\"><strong>TITOLO DEL PROGETTO:<\/strong> Sostenere l&#8217;industria edile nella transizione verso pratiche costruttive rispettose del clima nella regione alpina<\/p><p><strong>NUMERO DEL PROGETTO:<\/strong> ITAT-11-028<\/p><p style=\"text-align: left\"><strong>FINANZIAMENTO<\/strong>: Il progetto \u00e8 finanziato dal Fondo Europeo di Sviluppo Regionale (FESR) e da Interreg VI &#8211; Italia &#8211; Austria 2021-2027.<\/p><hr><p><span style=\"font-size: 10pt\">Per qualsiasi domanda sul progetto, contatta il responsabile del progetto<span style=\"color: #0000ff\"> <a style=\"color: #0000ff\" href=\"https:\/\/www.fh-kaernten.at\/mitarbeiter-details?person=a.georgiou\" target=\"_blank\" rel=\"noopener\">Antroula Georgiou<\/a> <\/span>\u00e8 a tua disposizione in qualsiasi momento: <span style=\"font-family: helvetica, arial, sans-serif\"><span style=\"color: #373737;text-align: var(--text-align)\">+43(0)590500-5119; <\/span><\/span><\/span><span style=\"color: #0000ff;font-size: 10pt\"><a style=\"color: #0000ff\" href=\"mailto:a.georgiou@fh-kaernten.at\" target=\"_blank\" rel=\"noopener\">a.georgiou@fh-kaernten.at<\/a><\/span><\/p><p><span style=\"font-size: 10pt\">I dettagli del progetto sono riassunti qui: <span style=\"color: #0000ff\"><a style=\"color: #0000ff\" href=\"https:\/\/forschung.fh-kaernten.at\/sitar\/files\/2025\/02\/Poster-EN.pdf\" target=\"_blank\" rel=\"noopener\">Scheda tecnica del progetto in inglese<\/a><\/span> o <span style=\"color: #0000ff\"><a style=\"color: #0000ff\" href=\"https:\/\/forschung.fh-kaernten.at\/sitar\/files\/2025\/02\/DE-IT-poster_v1.0.2.pdf\" target=\"_blank\" rel=\"noopener\">Scheda tecnica del progetto in tedesco\/italiano<\/a><\/span><\/span><\/p>\t\t\t\t\t\t\t\t<\/div>\n\t\t\t\t<\/div>\n\t\t\t\t<\/div>\n\t\t\t\t\t<\/div>\n\t\t\t\t<\/div>\n\t\t<div class=\"elementor-element elementor-element-97c4e87 e-flex e-con-boxed e-con e-parent\" data-id=\"97c4e87\" data-element_type=\"container\" data-e-type=\"container\">\n\t\t\t\t\t<div class=\"e-con-inner\">\n\t\t<div class=\"elementor-element elementor-element-a7c1146 e-con-full e-flex e-con e-child\" data-id=\"a7c1146\" data-element_type=\"container\" data-e-type=\"container\">\n\t\t\t\t<div class=\"elementor-element elementor-element-bc7e26d elementor-widget elementor-widget-text-editor\" data-id=\"bc7e26d\" data-element_type=\"widget\" data-e-type=\"widget\" data-widget_type=\"text-editor.default\">\n\t\t\t\t<div class=\"elementor-widget-container\">\n\t\t\t\t\t\t\t\t\t<p style=\"text-align: center\">Ti invitiamo a seguirci anche su YouTube e Instagram: basta cliccare sul rispettivo pulsante qui sotto per essere indirizzati alla piattaforma di social media SITAR corrispondente.<\/p>\t\t\t\t\t\t\t\t<\/div>\n\t\t\t\t<\/div>\n\t\t\t\t<\/div>\n\t\t<div class=\"elementor-element elementor-element-d8fe260 e-con-full e-flex e-con e-child\" data-id=\"d8fe260\" data-element_type=\"container\" data-e-type=\"container\">\n\t\t\t\t<div class=\"elementor-element elementor-element-2415594 elementor-view-default elementor-widget elementor-widget-icon\" data-id=\"2415594\" data-element_type=\"widget\" data-e-type=\"widget\" data-widget_type=\"icon.default\">\n\t\t\t\t<div class=\"elementor-widget-container\">\n\t\t\t\t\t\t\t<div class=\"elementor-icon-wrapper\">\n\t\t\t<a class=\"elementor-icon\" href=\"https:\/\/www.youtube.com\/@ProgettoSitar\" target=\"_blank\">\n\t\t\t<svg aria-hidden=\"true\" class=\"e-font-icon-svg e-fab-youtube\" viewBox=\"0 0 576 512\" xmlns=\"http:\/\/www.w3.org\/2000\/svg\"><path d=\"M549.655 124.083c-6.281-23.65-24.787-42.276-48.284-48.597C458.781 64 288 64 288 64S117.22 64 74.629 75.486c-23.497 6.322-42.003 24.947-48.284 48.597-11.412 42.867-11.412 132.305-11.412 132.305s0 89.438 11.412 132.305c6.281 23.65 24.787 41.5 48.284 47.821C117.22 448 288 448 288 448s170.78 0 213.371-11.486c23.497-6.321 42.003-24.171 48.284-47.821 11.412-42.867 11.412-132.305 11.412-132.305s0-89.438-11.412-132.305zm-317.51 213.508V175.185l142.739 81.205-142.739 81.201z\"><\/path><\/svg>\t\t\t<\/a>\n\t\t<\/div>\n\t\t\t\t\t\t<\/div>\n\t\t\t\t<\/div>\n\t\t\t\t<\/div>\n\t\t<div class=\"elementor-element elementor-element-4ecba27 e-con-full e-flex e-con e-child\" data-id=\"4ecba27\" data-element_type=\"container\" data-e-type=\"container\">\n\t\t\t\t<div class=\"elementor-element elementor-element-af2a849 elementor-view-default elementor-widget elementor-widget-icon\" data-id=\"af2a849\" data-element_type=\"widget\" data-e-type=\"widget\" data-widget_type=\"icon.default\">\n\t\t\t\t<div class=\"elementor-widget-container\">\n\t\t\t\t\t\t\t<div class=\"elementor-icon-wrapper\">\n\t\t\t<a class=\"elementor-icon\" href=\"https:\/\/www.instagram.com\/progettositar\/\" target=\"_blank\">\n\t\t\t<svg aria-hidden=\"true\" class=\"e-font-icon-svg e-fab-instagram\" viewBox=\"0 0 448 512\" xmlns=\"http:\/\/www.w3.org\/2000\/svg\"><path d=\"M224.1 141c-63.6 0-114.9 51.3-114.9 114.9s51.3 114.9 114.9 114.9S339 319.5 339 255.9 287.7 141 224.1 141zm0 189.6c-41.1 0-74.7-33.5-74.7-74.7s33.5-74.7 74.7-74.7 74.7 33.5 74.7 74.7-33.6 74.7-74.7 74.7zm146.4-194.3c0 14.9-12 26.8-26.8 26.8-14.9 0-26.8-12-26.8-26.8s12-26.8 26.8-26.8 26.8 12 26.8 26.8zm76.1 27.2c-1.7-35.9-9.9-67.7-36.2-93.9-26.2-26.2-58-34.4-93.9-36.2-37-2.1-147.9-2.1-184.9 0-35.8 1.7-67.6 9.9-93.9 36.1s-34.4 58-36.2 93.9c-2.1 37-2.1 147.9 0 184.9 1.7 35.9 9.9 67.7 36.2 93.9s58 34.4 93.9 36.2c37 2.1 147.9 2.1 184.9 0 35.9-1.7 67.7-9.9 93.9-36.2 26.2-26.2 34.4-58 36.2-93.9 2.1-37 2.1-147.8 0-184.8zM398.8 388c-7.8 19.6-22.9 34.7-42.6 42.6-29.5 11.7-99.5 9-132.1 9s-102.7 2.6-132.1-9c-19.6-7.8-34.7-22.9-42.6-42.6-11.7-29.5-9-99.5-9-132.1s-2.6-102.7 9-132.1c7.8-19.6 22.9-34.7 42.6-42.6 29.5-11.7 99.5-9 132.1-9s102.7-2.6 132.1 9c19.6 7.8 34.7 22.9 42.6 42.6 11.7 29.5 9 99.5 9 132.1s2.7 102.7-9 132.1z\"><\/path><\/svg>\t\t\t<\/a>\n\t\t<\/div>\n\t\t\t\t\t\t<\/div>\n\t\t\t\t<\/div>\n\t\t\t\t<\/div>\n\t\t\t\t\t<\/div>\n\t\t\t\t<\/div>\n\t\t<div class=\"elementor-element elementor-element-2e3195d e-flex e-con-boxed e-con e-parent\" data-id=\"2e3195d\" data-element_type=\"container\" data-e-type=\"container\">\n\t\t\t\t\t<div class=\"e-con-inner\">\n\t\t\t\t<div class=\"elementor-element elementor-element-a2394e6 elementor-widget elementor-widget-text-editor\" data-id=\"a2394e6\" data-element_type=\"widget\" data-e-type=\"widget\" data-widget_type=\"text-editor.default\">\n\t\t\t\t<div class=\"elementor-widget-container\">\n\t\t\t\t\t\t\t\t\t<p style=\"text-align: center\">Per iscriverti alla newsletter via e-mail, registrati utilizzando il seguente codice QR:<\/p>\n<p><img decoding=\"async\" class=\"wp-image-694 aligncenter lazyload\" src=\"data:image\/gif;base64,R0lGODlhAQABAAAAACH5BAEKAAEALAAAAAABAAEAAAICTAEAOw==\" alt=\"\" width=\"150\" height=\"150\" data-src=\"https:\/\/forschung.fh-kaernten.at\/sitar\/files\/2026\/01\/QR-Code-email-newsletter.jpg\"><\/p>\t\t\t\t\t\t\t\t<\/div>\n\t\t\t\t<\/div>\n\t\t\t\t\t<\/div>\n\t\t\t\t<\/div>\n\t\t\t\t<\/div>\n\t\t","protected":false},"excerpt":{"rendered":"<p>Il progetto SITAR sta contribuendo ad accelerare la transizione del settore edileverso pratiche rispettose del clima nella Regione Alpina \u21d2 Sostenere il [&hellip;]<\/p>\n","protected":false},"author":48,"featured_media":0,"parent":0,"menu_order":0,"comment_status":"closed","ping_status":"closed","template":"","meta":{"_crdt_document":"","inline_featured_image":false,"footnotes":""},"class_list":["post-71","page","type-page","status-publish","hentry"],"yoast_head":"<!-- This site is optimized with the Yoast SEO plugin v27.4 - https:\/\/yoast.com\/product\/yoast-seo-wordpress\/ -->\n<title>SITAR -<\/title>\n<meta name=\"robots\" content=\"index, follow, max-snippet:-1, max-image-preview:large, max-video-preview:-1\" \/>\n<link rel=\"canonical\" href=\"https:\/\/forschung.fh-kaernten.at\/sitar\/it\/informazioni-su-sitar\/\" \/>\n<meta property=\"og:locale\" content=\"it_IT\" \/>\n<meta property=\"og:type\" content=\"article\" \/>\n<meta property=\"og:title\" content=\"SITAR -\" \/>\n<meta property=\"og:description\" content=\"Il progetto SITAR sta contribuendo ad accelerare la transizione del settore edileverso pratiche rispettose del clima nella Regione Alpina \u21d2 Sostenere il [&hellip;]\" \/>\n<meta property=\"og:url\" content=\"https:\/\/forschung.fh-kaernten.at\/sitar\/it\/informazioni-su-sitar\/\" \/>\n<meta property=\"article:modified_time\" content=\"2026-01-28T12:07:03+00:00\" \/>\n<meta property=\"og:image\" content=\"https:\/\/forschung.fh-kaernten.at\/sitar\/files\/2026\/01\/QR-Code-email-newsletter.jpg\" \/>\n<meta name=\"twitter:card\" content=\"summary_large_image\" \/>\n<meta name=\"twitter:label1\" content=\"Tempo di lettura stimato\" \/>\n\t<meta name=\"twitter:data1\" content=\"2 minuti\" \/>\n<script type=\"application\/ld+json\" class=\"yoast-schema-graph\">{\"@context\":\"https:\\\/\\\/schema.org\",\"@graph\":[{\"@type\":\"WebPage\",\"@id\":\"https:\\\/\\\/forschung.fh-kaernten.at\\\/sitar\\\/it\\\/informazioni-su-sitar\\\/\",\"url\":\"https:\\\/\\\/forschung.fh-kaernten.at\\\/sitar\\\/it\\\/informazioni-su-sitar\\\/\",\"name\":\"SITAR -\",\"isPartOf\":{\"@id\":\"https:\\\/\\\/forschung.fh-kaernten.at\\\/sitar\\\/#website\"},\"primaryImageOfPage\":{\"@id\":\"https:\\\/\\\/forschung.fh-kaernten.at\\\/sitar\\\/it\\\/informazioni-su-sitar\\\/#primaryimage\"},\"image\":{\"@id\":\"https:\\\/\\\/forschung.fh-kaernten.at\\\/sitar\\\/it\\\/informazioni-su-sitar\\\/#primaryimage\"},\"thumbnailUrl\":\"https:\\\/\\\/forschung.fh-kaernten.at\\\/sitar\\\/files\\\/2026\\\/01\\\/QR-Code-email-newsletter.jpg\",\"datePublished\":\"2024-02-07T16:56:57+00:00\",\"dateModified\":\"2026-01-28T12:07:03+00:00\",\"breadcrumb\":{\"@id\":\"https:\\\/\\\/forschung.fh-kaernten.at\\\/sitar\\\/it\\\/informazioni-su-sitar\\\/#breadcrumb\"},\"inLanguage\":\"it-IT\",\"potentialAction\":[{\"@type\":\"ReadAction\",\"target\":[\"https:\\\/\\\/forschung.fh-kaernten.at\\\/sitar\\\/it\\\/informazioni-su-sitar\\\/\"]}]},{\"@type\":\"ImageObject\",\"inLanguage\":\"it-IT\",\"@id\":\"https:\\\/\\\/forschung.fh-kaernten.at\\\/sitar\\\/it\\\/informazioni-su-sitar\\\/#primaryimage\",\"url\":\"https:\\\/\\\/forschung.fh-kaernten.at\\\/sitar\\\/files\\\/2026\\\/01\\\/QR-Code-email-newsletter.jpg\",\"contentUrl\":\"https:\\\/\\\/forschung.fh-kaernten.at\\\/sitar\\\/files\\\/2026\\\/01\\\/QR-Code-email-newsletter.jpg\"},{\"@type\":\"BreadcrumbList\",\"@id\":\"https:\\\/\\\/forschung.fh-kaernten.at\\\/sitar\\\/it\\\/informazioni-su-sitar\\\/#breadcrumb\",\"itemListElement\":[{\"@type\":\"ListItem\",\"position\":1,\"name\":\"Startseite\",\"item\":\"https:\\\/\\\/forschung.fh-kaernten.at\\\/sitar\\\/it\\\/informazioni-su-sitar\\\/\"},{\"@type\":\"ListItem\",\"position\":2,\"name\":\"SITAR\"}]},{\"@type\":\"WebSite\",\"@id\":\"https:\\\/\\\/forschung.fh-kaernten.at\\\/sitar\\\/#website\",\"url\":\"https:\\\/\\\/forschung.fh-kaernten.at\\\/sitar\\\/\",\"name\":\"\",\"description\":\"\",\"potentialAction\":[{\"@type\":\"SearchAction\",\"target\":{\"@type\":\"EntryPoint\",\"urlTemplate\":\"https:\\\/\\\/forschung.fh-kaernten.at\\\/sitar\\\/?s={search_term_string}\"},\"query-input\":{\"@type\":\"PropertyValueSpecification\",\"valueRequired\":true,\"valueName\":\"search_term_string\"}}],\"inLanguage\":\"it-IT\"}]}<\/script>\n<!-- \/ Yoast SEO plugin. -->","yoast_head_json":{"title":"SITAR -","robots":{"index":"index","follow":"follow","max-snippet":"max-snippet:-1","max-image-preview":"max-image-preview:large","max-video-preview":"max-video-preview:-1"},"canonical":"https:\/\/forschung.fh-kaernten.at\/sitar\/it\/informazioni-su-sitar\/","og_locale":"it_IT","og_type":"article","og_title":"SITAR -","og_description":"Il progetto SITAR sta contribuendo ad accelerare la transizione del settore edileverso pratiche rispettose del clima nella Regione Alpina \u21d2 Sostenere il [&hellip;]","og_url":"https:\/\/forschung.fh-kaernten.at\/sitar\/it\/informazioni-su-sitar\/","article_modified_time":"2026-01-28T12:07:03+00:00","og_image":[{"url":"https:\/\/forschung.fh-kaernten.at\/sitar\/files\/2026\/01\/QR-Code-email-newsletter.jpg","type":"","width":"","height":""}],"twitter_card":"summary_large_image","twitter_misc":{"Tempo di lettura stimato":"2 minuti"},"schema":{"@context":"https:\/\/schema.org","@graph":[{"@type":"WebPage","@id":"https:\/\/forschung.fh-kaernten.at\/sitar\/it\/informazioni-su-sitar\/","url":"https:\/\/forschung.fh-kaernten.at\/sitar\/it\/informazioni-su-sitar\/","name":"SITAR -","isPartOf":{"@id":"https:\/\/forschung.fh-kaernten.at\/sitar\/#website"},"primaryImageOfPage":{"@id":"https:\/\/forschung.fh-kaernten.at\/sitar\/it\/informazioni-su-sitar\/#primaryimage"},"image":{"@id":"https:\/\/forschung.fh-kaernten.at\/sitar\/it\/informazioni-su-sitar\/#primaryimage"},"thumbnailUrl":"https:\/\/forschung.fh-kaernten.at\/sitar\/files\/2026\/01\/QR-Code-email-newsletter.jpg","datePublished":"2024-02-07T16:56:57+00:00","dateModified":"2026-01-28T12:07:03+00:00","breadcrumb":{"@id":"https:\/\/forschung.fh-kaernten.at\/sitar\/it\/informazioni-su-sitar\/#breadcrumb"},"inLanguage":"it-IT","potentialAction":[{"@type":"ReadAction","target":["https:\/\/forschung.fh-kaernten.at\/sitar\/it\/informazioni-su-sitar\/"]}]},{"@type":"ImageObject","inLanguage":"it-IT","@id":"https:\/\/forschung.fh-kaernten.at\/sitar\/it\/informazioni-su-sitar\/#primaryimage","url":"https:\/\/forschung.fh-kaernten.at\/sitar\/files\/2026\/01\/QR-Code-email-newsletter.jpg","contentUrl":"https:\/\/forschung.fh-kaernten.at\/sitar\/files\/2026\/01\/QR-Code-email-newsletter.jpg"},{"@type":"BreadcrumbList","@id":"https:\/\/forschung.fh-kaernten.at\/sitar\/it\/informazioni-su-sitar\/#breadcrumb","itemListElement":[{"@type":"ListItem","position":1,"name":"Startseite","item":"https:\/\/forschung.fh-kaernten.at\/sitar\/it\/informazioni-su-sitar\/"},{"@type":"ListItem","position":2,"name":"SITAR"}]},{"@type":"WebSite","@id":"https:\/\/forschung.fh-kaernten.at\/sitar\/#website","url":"https:\/\/forschung.fh-kaernten.at\/sitar\/","name":"","description":"","potentialAction":[{"@type":"SearchAction","target":{"@type":"EntryPoint","urlTemplate":"https:\/\/forschung.fh-kaernten.at\/sitar\/?s={search_term_string}"},"query-input":{"@type":"PropertyValueSpecification","valueRequired":true,"valueName":"search_term_string"}}],"inLanguage":"it-IT"}]}},"_links":{"self":[{"href":"https:\/\/forschung.fh-kaernten.at\/sitar\/it\/wp-json\/wp\/v2\/pages\/71","targetHints":{"allow":["GET"]}}],"collection":[{"href":"https:\/\/forschung.fh-kaernten.at\/sitar\/it\/wp-json\/wp\/v2\/pages"}],"about":[{"href":"https:\/\/forschung.fh-kaernten.at\/sitar\/it\/wp-json\/wp\/v2\/types\/page"}],"author":[{"embeddable":true,"href":"https:\/\/forschung.fh-kaernten.at\/sitar\/it\/wp-json\/wp\/v2\/users\/48"}],"replies":[{"embeddable":true,"href":"https:\/\/forschung.fh-kaernten.at\/sitar\/it\/wp-json\/wp\/v2\/comments?post=71"}],"version-history":[{"count":5,"href":"https:\/\/forschung.fh-kaernten.at\/sitar\/it\/wp-json\/wp\/v2\/pages\/71\/revisions"}],"predecessor-version":[{"id":707,"href":"https:\/\/forschung.fh-kaernten.at\/sitar\/it\/wp-json\/wp\/v2\/pages\/71\/revisions\/707"}],"wp:attachment":[{"href":"https:\/\/forschung.fh-kaernten.at\/sitar\/it\/wp-json\/wp\/v2\/media?parent=71"}],"curies":[{"name":"wp","href":"https:\/\/api.w.org\/{rel}","templated":true}]}}