{"id":16,"date":"2024-02-08T08:12:30","date_gmt":"2024-02-08T07:12:30","guid":{"rendered":"https:\/\/forschung.fh-kaernten.at\/sitar\/?page_id=16"},"modified":"2024-04-17T09:28:14","modified_gmt":"2024-04-17T07:28:14","slug":"data-privacy","status":"publish","type":"page","link":"https:\/\/forschung.fh-kaernten.at\/sitar\/data-privacy\/","title":{"rendered":"Datenschutz"},"content":{"rendered":"\n<h3 class=\"wp-block-heading\">Wer wir sind<\/h3>\n\n\n\n<p class=\"wp-block-paragraph\">Die Adresse unserer Website ist: <a href=\"https:\/\/www.interreg-sitar.eu\"><a href=\"http:\/\/www.interreg-sitar.eu\" target=\"_blank\" rel=\"noreferrer noopener\">www.interreg-sitar.eu<\/a><\/a><\/p>\n\n\n\n<h3 class=\"wp-block-heading\">Welche personenbezogenen Daten wir sammeln und warum wir sie sammeln<\/h3>\n\n\n\n<p class=\"wp-block-paragraph\"><strong>Kommentare<br><\/strong>Wenn Besucher Kommentare auf der Website schreiben, sammeln wir die Daten, die im Kommentar-Formular angezeigt werden, au\u00dferdem die IP-Adresse des Besuchers und den User-Agent-String (damit wird der Browser identifiziert), um die Erkennung von Spam zu unterst\u00fctzen.<\/p>\n\n\n\n<p class=\"wp-block-paragraph\">Aus deiner E-Mail-Adresse kann eine anonymisierte Zeichenfolge erstellt (auch Hash genannt) und dem Gravatar-Dienst \u00fcbergeben werden, um zu pr\u00fcfen, ob du diesen benutzt. Die Datenschutzerkl\u00e4rung des Gravatar-Dienstes findest du hier:&nbsp;<a href=\"https:\/\/automattic.com\/privacy\/\">https:\/\/automattic.com\/privacy\/<\/a>. Nachdem dein Kommentar freigegeben wurde, ist dein Profilbild \u00f6ffentlich im Kontext deines Kommentars sichtbar.<\/p>\n\n\n\n<p class=\"wp-block-paragraph\"><strong>Medien<br><\/strong>Wenn du ein registrierter Benutzer bist und Fotos auf diese Website l\u00e4dst, solltest du vermeiden, Fotos mit einem EXIF-GPS-Standort hochzuladen. Besucher dieser Website k\u00f6nnten Fotos, die auf dieser Website gespeichert sind, herunterladen und deren Standort-Informationen extrahieren.<\/p>\n\n\n\n<p class=\"wp-block-paragraph\"><strong><br>Kontakt (siehe auch unten Deine Kontakt-Informationen)<br><\/strong>Verantwortlich f\u00fcr die Datenverarbeitung:<br><strong>FH K\u00e4rnten \u2013 gemeinn\u00fctzige Gesellschaft mbH<br><\/strong>Europastra\u00dfe 4<br>A-9524 Villach<br><a href=\"mailto:info@fh-kaernten.at\">info@fh-kaernten.at<\/a><br>+43 5 90500-0<\/p>\n\n\n\n<p class=\"wp-block-paragraph\">F\u00fcr Fragen und Anliegen im Zusammenhang mit dem Datenschutz an der FH K\u00e4rnten steht Dir gerne unsere interne Ansprechperson zur Verf\u00fcgung, welche Du per E-Mail unter&nbsp;<a href=\"mailto:datenschutz@fh-kaernten.at\">datenschutz@fh-kaernten.at<\/a>erreichen kannst.<\/p>\n\n\n\n<p class=\"wp-block-paragraph\"><strong>Cookies<br><\/strong>Wenn du einen Kommentar auf unserer Website schreibst, kann das eine Einwilligung sein, deinen Namen, E-Mail-Adresse und Website in Cookies zu speichern. Dies ist eine Komfortfunktion, damit du nicht, wenn du einen weiteren Kommentar schreibst, all diese Daten erneut eingeben musst. Diese Cookies werden ein Jahr lang gespeichert.<\/p>\n\n\n\n<p class=\"wp-block-paragraph\">Falls du ein Konto hast und dich auf dieser Website anmeldest, werden wir ein tempor\u00e4res Cookie setzen, um festzustellen, ob dein Browser Cookies akzeptiert. Dieses Cookie enth\u00e4lt keine personenbezogenen Daten und wird verworfen, wenn du deinen Browser schlie\u00dft.<\/p>\n\n\n\n<p class=\"wp-block-paragraph\">Wenn du dich anmeldest, werden wir einige Cookies einrichten, um deine Anmeldeinformationen und Anzeigeoptionen zu speichern. Anmelde-Cookies verfallen nach zwei Tagen und Cookies f\u00fcr die Anzeigeoptionen nach einem Jahr. Falls du bei der Anmeldung \u201eAngemeldet bleiben\u201c ausw\u00e4hlst, wird deine Anmeldung zwei Wochen lang aufrechterhalten. Mit der Abmeldung aus deinem Konto werden die Anmelde-Cookies gel\u00f6scht.<\/p>\n\n\n\n<p class=\"wp-block-paragraph\">Wenn du einen Artikel bearbeitest oder ver\u00f6ffentlichst, wird ein zus\u00e4tzlicher Cookie in deinem Browser gespeichert. Dieser Cookie enth\u00e4lt keine personenbezogenen Daten und verweist nur auf die Beitrags-ID des Artikels, den du gerade bearbeitet hast. Der Cookie verf\u00e4llt nach einem Tag.<\/p>\n\n\n\n<h3 class=\"wp-block-heading\">Eingebettete Inhalte von anderen Websites<\/h3>\n\n\n\n<p class=\"wp-block-paragraph\">Beitr\u00e4ge auf dieser Website k\u00f6nnen eingebettete Inhalte beinhalten (z.&nbsp;B. Videos, Bilder, Beitr\u00e4ge etc.). Eingebettete Inhalte von anderen Websites verhalten sich exakt so, als ob der Besucher die andere Website besucht h\u00e4tte.<\/p>\n\n\n\n<p class=\"wp-block-paragraph\">Diese Websites k\u00f6nnen Daten \u00fcber dich sammeln, Cookies benutzen, zus\u00e4tzliche Tracking-Dienste von Dritten einbetten und deine Interaktion mit diesem eingebetteten Inhalt aufzeichnen, inklusive deiner Interaktion mit dem eingebetteten Inhalt, falls du ein Konto hast und auf dieser Website angemeldet bist.<\/p>\n\n\n\n<h3 class=\"wp-block-heading\">Mit wem wir deine Daten teilen<\/h3>\n\n\n\n<p class=\"wp-block-paragraph\">Wir m\u00f6chten dich dar\u00fcber informieren, dass alle personenbezogen Daten, die du uns bei der Nutzung des Blogs bekannt gibst, ausschlie\u00dflich durch Mitarbeiterinnen und Mitarbeiter der FH K\u00e4rnten verarbeitet und ausschlie\u00dflich f\u00fcr interne Zwecke verwendet werden und diese auch nicht an Dritte weitergeben werden. Ausgenommen davon sind jene Daten, die wir aufgrund von gesetzlichen Bestimmungen an Beh\u00f6rden und \u00c4mter weiterleiten m\u00fcssen.<\/p>\n\n\n\n<h3 class=\"wp-block-heading\">Wie lange wir deine Daten speichern<\/h3>\n\n\n\n<p class=\"wp-block-paragraph\">Wenn du einen Kommentar schreibst, wird dieser inklusive Metadaten zeitlich unbegrenzt gespeichert. Auf diese Art k\u00f6nnen wir Folgekommentare automatisch erkennen und freigeben, anstelle sie in einer Moderations-Warteschlange festzuhalten.<\/p>\n\n\n\n<p class=\"wp-block-paragraph\">F\u00fcr Benutzer, die sich auf unserer Website registrieren, speichern wir zus\u00e4tzlich die pers\u00f6nlichen Informationen, die sie in ihren Benutzerprofilen angeben. Alle Benutzer k\u00f6nnen jederzeit ihre pers\u00f6nlichen Informationen einsehen, ver\u00e4ndern oder l\u00f6schen (der Benutzername kann nicht ver\u00e4ndert werden). Administratoren der Website k\u00f6nnen diese Informationen ebenfalls einsehen und ver\u00e4ndern.<\/p>\n\n\n\n<h3 class=\"wp-block-heading\">Welche Rechte du an deinen Daten hast<\/h3>\n\n\n\n<p class=\"wp-block-paragraph\">Wenn du ein Konto auf dieser Website besitzt oder Kommentare geschrieben hast, kannst du einen Export deiner personenbezogenen Daten bei uns anfordern, inklusive aller Daten, die du uns mitgeteilt hast. Dar\u00fcber hinaus kannst du die L\u00f6schung aller personenbezogenen Daten, die wir von dir gespeichert haben, anfordern. Dies umfasst nicht die Daten, die wir aufgrund administrativer, rechtlicher oder sicherheitsrelevanter Notwendigkeiten aufbewahren m\u00fcssen.<\/p>\n\n\n\n<h3 class=\"wp-block-heading\">Wohin wir deine Daten senden<\/h3>\n\n\n\n<p class=\"wp-block-paragraph\">Besucher-Kommentare k\u00f6nnten von einem automatisierten Dienst zur Spam-Erkennung untersucht werden.<\/p>\n\n\n\n<h3 class=\"wp-block-heading\">Deine Kontakt-Informationen<\/h3>\n\n\n\n<p class=\"wp-block-paragraph\">Verantwortlich f\u00fcr die Datenverarbeitung:<br><strong>FH K\u00e4rnten \u2013 gemeinn\u00fctzige Gesellschaft mbH<br><\/strong>Europastra\u00dfe 4<br>A-9524 Villach<br><a href=\"mailto:info@fh-kaernten.at\">info@fh-kaernten.at<\/a><br>+43 5 90500-0<\/p>\n\n\n\n<p class=\"wp-block-paragraph\">F\u00fcr Fragen und Anliegen in Zusammenhang mit dem Datenschutz an der FH K\u00e4rnten steht dir gerne unsere interne Ansprechperson zur Verf\u00fcgung, welche du per E-Mail unter&nbsp;<a href=\"mailto:datenschutz@fh-kaernten.at\">datenschutz@fh-kaernten.at<\/a>erreichen kannst.<\/p>\n\n\n\n<h3 class=\"wp-block-heading\">Weitere Informationen rund um den Datenschutz<\/h3>\n\n\n\n<p class=\"wp-block-paragraph\"><strong>Wie wir deine Daten sch\u00fctzen<br><\/strong>Die FH K\u00e4rnten geht mit Ihren personenbezogenen Daten sorgf\u00e4ltig und gewissenhaft um. Bei der Datenverarbeitung beachten wir die rechtlichen nationalen und europ\u00e4ischen Datenschutzbestimmungen. Alle Daten werden auf Servern gespeichert, die mit einem hohen Sicherheitsstandard betrieben und vor dem Zugriff unberechtigter Personen und Missbrauch gesch\u00fctzt werden.<\/p>\n\n\n\n<p class=\"wp-block-paragraph\"><strong>Welche Rechte du rund um den Datenschutz hast<br><\/strong>Gerne weisen wir Sie darauf hin, dass du hinsichtlich deiner personenbezogenen Daten im Rahmen des gesetzlich vorgesehenen Umfangs ein Recht auf Auskunft, auf Berichtigung, auf L\u00f6schung, auf Einschr\u00e4nkung der Verarbeitung sowie auf Widerspruch gegen die Verarbeitung hast. Des Weiteren hast du Rechte betreffend automatisierter Einzelentscheidungen und Profiling. Anfragen beziehungsweise Antr\u00e4ge in diesem Zusammenhang kannst du jederzeit an&nbsp;<a href=\"mailto:datenschutz@fh-kaernten.at\">datenschutz@fh-kaernten.at<\/a>&nbsp;richten.<\/p>\n\n\n\n<p class=\"wp-block-paragraph\">Sofern die Verarbeitung aufgrund einer Einwilligung erfolgt, kannst du diese jederzeit ebenfalls mittels E-Mail an&nbsp;<a href=\"mailto:datenschutz@fh-kaernten.at\">datenschutz@fh-kaernten.at<\/a>widerrufen, wobei die Rechtm\u00e4\u00dfigkeit der bis zum Widerruf erfolgten Datenverarbeitungen vom Widerruf unber\u00fchrt bleibt.<\/p>\n\n\n\n<p class=\"wp-block-paragraph\">Gegen rechtswidrige Datenverarbeitungen hast du das Recht auf Beschwerde, welche du bei der \u00d6sterreichischen Datenschutzbeh\u00f6rde, Wickenburggasse 8, 1080 Wien, Telefon: +43 1 52 152-0, E-Mail:&nbsp;<a href=\"mailto:dsb@dsb.gv.at\">dsb@dsb.gv.at<\/a>&nbsp;als zust\u00e4ndige Aufsichtsbeh\u00f6rde einbringen musst.<\/p>\n","protected":false},"excerpt":{"rendered":"<p>Wer wir sind Die Adresse unserer Website ist: www.interreg-sitar.eu Welche personenbezogenen Daten wir sammeln und warum wir sie sammeln KommentareWenn Besucher Kommentare [&hellip;]<\/p>\n","protected":false},"author":48,"featured_media":0,"parent":0,"menu_order":0,"comment_status":"closed","ping_status":"closed","template":"","meta":{"_crdt_document":"","inline_featured_image":false,"footnotes":""},"class_list":["post-16","page","type-page","status-publish","hentry"],"yoast_head":"<!-- This site is optimized with the Yoast SEO plugin v27.4 - https:\/\/yoast.com\/product\/yoast-seo-wordpress\/ -->\n<title>Datenschutz -<\/title>\n<meta name=\"robots\" content=\"index, follow, max-snippet:-1, max-image-preview:large, max-video-preview:-1\" \/>\n<link rel=\"canonical\" href=\"https:\/\/forschung.fh-kaernten.at\/sitar\/data-privacy\/\" \/>\n<meta property=\"og:locale\" content=\"de_DE\" \/>\n<meta property=\"og:type\" content=\"article\" \/>\n<meta property=\"og:title\" content=\"Datenschutz -\" \/>\n<meta property=\"og:description\" content=\"Wer wir sind Die Adresse unserer Website ist: www.interreg-sitar.eu Welche personenbezogenen Daten wir sammeln und warum wir sie sammeln KommentareWenn Besucher Kommentare [&hellip;]\" \/>\n<meta property=\"og:url\" content=\"https:\/\/forschung.fh-kaernten.at\/sitar\/data-privacy\/\" \/>\n<meta property=\"article:modified_time\" content=\"2024-04-17T07:28:14+00:00\" \/>\n<meta name=\"twitter:card\" content=\"summary_large_image\" \/>\n<meta name=\"twitter:label1\" content=\"Gesch\u00e4tzte Lesezeit\" \/>\n\t<meta name=\"twitter:data1\" content=\"6\u00a0Minuten\" \/>\n<script type=\"application\/ld+json\" class=\"yoast-schema-graph\">{\"@context\":\"https:\\\/\\\/schema.org\",\"@graph\":[{\"@type\":\"WebPage\",\"@id\":\"https:\\\/\\\/forschung.fh-kaernten.at\\\/sitar\\\/data-privacy\\\/\",\"url\":\"https:\\\/\\\/forschung.fh-kaernten.at\\\/sitar\\\/data-privacy\\\/\",\"name\":\"Datenschutz -\",\"isPartOf\":{\"@id\":\"https:\\\/\\\/forschung.fh-kaernten.at\\\/sitar\\\/#website\"},\"datePublished\":\"2024-02-08T07:12:30+00:00\",\"dateModified\":\"2024-04-17T07:28:14+00:00\",\"breadcrumb\":{\"@id\":\"https:\\\/\\\/forschung.fh-kaernten.at\\\/sitar\\\/data-privacy\\\/#breadcrumb\"},\"inLanguage\":\"de\",\"potentialAction\":[{\"@type\":\"ReadAction\",\"target\":[\"https:\\\/\\\/forschung.fh-kaernten.at\\\/sitar\\\/data-privacy\\\/\"]}]},{\"@type\":\"BreadcrumbList\",\"@id\":\"https:\\\/\\\/forschung.fh-kaernten.at\\\/sitar\\\/data-privacy\\\/#breadcrumb\",\"itemListElement\":[{\"@type\":\"ListItem\",\"position\":1,\"name\":\"Startseite\",\"item\":\"https:\\\/\\\/forschung.fh-kaernten.at\\\/sitar\\\/\"},{\"@type\":\"ListItem\",\"position\":2,\"name\":\"Datenschutz\"}]},{\"@type\":\"WebSite\",\"@id\":\"https:\\\/\\\/forschung.fh-kaernten.at\\\/sitar\\\/#website\",\"url\":\"https:\\\/\\\/forschung.fh-kaernten.at\\\/sitar\\\/\",\"name\":\"\",\"description\":\"\",\"potentialAction\":[{\"@type\":\"SearchAction\",\"target\":{\"@type\":\"EntryPoint\",\"urlTemplate\":\"https:\\\/\\\/forschung.fh-kaernten.at\\\/sitar\\\/?s={search_term_string}\"},\"query-input\":{\"@type\":\"PropertyValueSpecification\",\"valueRequired\":true,\"valueName\":\"search_term_string\"}}],\"inLanguage\":\"de\"}]}<\/script>\n<!-- \/ Yoast SEO plugin. -->","yoast_head_json":{"title":"Datenschutz -","robots":{"index":"index","follow":"follow","max-snippet":"max-snippet:-1","max-image-preview":"max-image-preview:large","max-video-preview":"max-video-preview:-1"},"canonical":"https:\/\/forschung.fh-kaernten.at\/sitar\/data-privacy\/","og_locale":"de_DE","og_type":"article","og_title":"Datenschutz -","og_description":"Wer wir sind Die Adresse unserer Website ist: www.interreg-sitar.eu Welche personenbezogenen Daten wir sammeln und warum wir sie sammeln KommentareWenn Besucher Kommentare [&hellip;]","og_url":"https:\/\/forschung.fh-kaernten.at\/sitar\/data-privacy\/","article_modified_time":"2024-04-17T07:28:14+00:00","twitter_card":"summary_large_image","twitter_misc":{"Gesch\u00e4tzte Lesezeit":"6\u00a0Minuten"},"schema":{"@context":"https:\/\/schema.org","@graph":[{"@type":"WebPage","@id":"https:\/\/forschung.fh-kaernten.at\/sitar\/data-privacy\/","url":"https:\/\/forschung.fh-kaernten.at\/sitar\/data-privacy\/","name":"Datenschutz -","isPartOf":{"@id":"https:\/\/forschung.fh-kaernten.at\/sitar\/#website"},"datePublished":"2024-02-08T07:12:30+00:00","dateModified":"2024-04-17T07:28:14+00:00","breadcrumb":{"@id":"https:\/\/forschung.fh-kaernten.at\/sitar\/data-privacy\/#breadcrumb"},"inLanguage":"de","potentialAction":[{"@type":"ReadAction","target":["https:\/\/forschung.fh-kaernten.at\/sitar\/data-privacy\/"]}]},{"@type":"BreadcrumbList","@id":"https:\/\/forschung.fh-kaernten.at\/sitar\/data-privacy\/#breadcrumb","itemListElement":[{"@type":"ListItem","position":1,"name":"Startseite","item":"https:\/\/forschung.fh-kaernten.at\/sitar\/"},{"@type":"ListItem","position":2,"name":"Datenschutz"}]},{"@type":"WebSite","@id":"https:\/\/forschung.fh-kaernten.at\/sitar\/#website","url":"https:\/\/forschung.fh-kaernten.at\/sitar\/","name":"","description":"","potentialAction":[{"@type":"SearchAction","target":{"@type":"EntryPoint","urlTemplate":"https:\/\/forschung.fh-kaernten.at\/sitar\/?s={search_term_string}"},"query-input":{"@type":"PropertyValueSpecification","valueRequired":true,"valueName":"search_term_string"}}],"inLanguage":"de"}]}},"_links":{"self":[{"href":"https:\/\/forschung.fh-kaernten.at\/sitar\/wp-json\/wp\/v2\/pages\/16","targetHints":{"allow":["GET"]}}],"collection":[{"href":"https:\/\/forschung.fh-kaernten.at\/sitar\/wp-json\/wp\/v2\/pages"}],"about":[{"href":"https:\/\/forschung.fh-kaernten.at\/sitar\/wp-json\/wp\/v2\/types\/page"}],"author":[{"embeddable":true,"href":"https:\/\/forschung.fh-kaernten.at\/sitar\/wp-json\/wp\/v2\/users\/48"}],"replies":[{"embeddable":true,"href":"https:\/\/forschung.fh-kaernten.at\/sitar\/wp-json\/wp\/v2\/comments?post=16"}],"version-history":[{"count":0,"href":"https:\/\/forschung.fh-kaernten.at\/sitar\/wp-json\/wp\/v2\/pages\/16\/revisions"}],"wp:attachment":[{"href":"https:\/\/forschung.fh-kaernten.at\/sitar\/wp-json\/wp\/v2\/media?parent=16"}],"curies":[{"name":"wp","href":"https:\/\/api.w.org\/{rel}","templated":true}]}}