{"id":2,"date":"2024-02-07T17:56:57","date_gmt":"2024-02-07T16:56:57","guid":{"rendered":"https:\/\/forschung.fh-kaernten.at\/sitar\/?page_id=2"},"modified":"2026-01-28T12:57:28","modified_gmt":"2026-01-28T11:57:28","slug":"about-sitar","status":"publish","type":"page","link":"https:\/\/forschung.fh-kaernten.at\/sitar\/","title":{"rendered":"SITAR"},"content":{"rendered":"\t\t<div data-elementor-type=\"wp-page\" data-elementor-id=\"2\" class=\"elementor elementor-2\" data-elementor-post-type=\"page\">\n\t\t\t\t<div class=\"elementor-element elementor-element-1d5d0e39 e-flex e-con-boxed e-con e-parent\" data-id=\"1d5d0e39\" data-element_type=\"container\" data-e-type=\"container\">\n\t\t\t\t\t<div class=\"e-con-inner\">\n\t\t\t\t<div class=\"elementor-element elementor-element-47ce98b6 elementor-widget elementor-widget-text-editor\" data-id=\"47ce98b6\" data-element_type=\"widget\" data-e-type=\"widget\" data-widget_type=\"text-editor.default\">\n\t\t\t\t<div class=\"elementor-widget-container\">\n\t\t\t\t\t\t\t\t\t<p style=\"text-align: justify\"><span style=\"font-size: 12pt\">Das Projekt<strong> SITAR<\/strong> tr\u00e4gt dazu bei, den \u00dcbergang der Bauindustrie zu klimafreundlichen Praktiken in der Alpenregion zu beschleunigen\u00a0<span style=\"font-weight: 600;color: var(--sydney-text-color)\">\u21d2<\/span><span style=\"font-weight: 600;color: var(--sydney-text-color)\">\u00a0\u00a0<\/span><span style=\"color: var(--sydney-text-color);font-weight: 600\">S<\/span><span style=\"color: var(--sydney-text-color)\">upporting the constrution\u00a0<\/span><span style=\"color: var(--sydney-text-color);font-weight: 600\">I<\/span><span style=\"color: var(--sydney-text-color)\">ndustry in\u00a0<\/span><span style=\"color: var(--sydney-text-color);font-weight: 600\">T<\/span><span style=\"color: var(--sydney-text-color)\">ransitioning towards climate-friendly practises in the\u00a0<\/span><span style=\"color: var(--sydney-text-color);font-weight: 600\">A<\/span><span style=\"color: var(--sydney-text-color)\">lpine\u00a0<\/span><span style=\"color: var(--sydney-text-color);font-weight: 600\">R<\/span><span style=\"color: var(--sydney-text-color)\">egion.<\/span><\/span><\/p><p style=\"text-align: justify\"><span style=\"font-size: 12pt\">Hierzu werden M\u00f6glichkeiten analysiert, welche sich aus modernen Technologien und fortschrittlichen Ans\u00e4tzen f\u00fcr die Planung, den Bau, die Sanierung und die Ert\u00fcchtigung von Geb\u00e4uden aus \u00f6kologischer Sicht bieten.\u00a0<\/span><\/p><p style=\"text-align: justify\"><span style=\"font-size: 12pt\">Dar\u00fcber hinaus evaluiert <strong>SITAR<\/strong> die Existenz von Barrieren (rechtlicher, praktischer, wirtschaftlicher Art usw.), die einen solchen \u00dcbergang verhindern oder verlangsamen, und entwickelt moderne L\u00f6sungen, um diese zu \u00fcberwinden.<\/span><\/p>\t\t\t\t\t\t\t\t<\/div>\n\t\t\t\t<\/div>\n\t\t\t\t\t<\/div>\n\t\t\t\t<\/div>\n\t\t<div class=\"elementor-element elementor-element-240f32b e-flex e-con-boxed e-con e-parent\" data-id=\"240f32b\" data-element_type=\"container\" data-e-type=\"container\" data-settings=\"{&quot;background_background&quot;:&quot;gradient&quot;}\">\n\t\t\t\t\t<div class=\"e-con-inner\">\n\t\t<div class=\"elementor-element elementor-element-90c4143 e-con-full e-flex e-con e-child\" data-id=\"90c4143\" data-element_type=\"container\" data-e-type=\"container\" data-settings=\"{&quot;background_background&quot;:&quot;classic&quot;,&quot;shape_divider_top&quot;:&quot;arrow&quot;}\">\n\t\t\t\t<div class=\"elementor-shape elementor-shape-top\" aria-hidden=\"true\" data-negative=\"false\">\n\t\t\t<svg xmlns=\"http:\/\/www.w3.org\/2000\/svg\" viewBox=\"0 0 700 10\" preserveAspectRatio=\"none\">\n\t<path class=\"elementor-shape-fill\" d=\"M350,10L340,0h20L350,10z\"\/>\n<\/svg>\t\t<\/div>\n\t\t\t\t<div class=\"elementor-element elementor-element-cb975c2 elementor-widget elementor-widget-text-editor\" data-id=\"cb975c2\" data-element_type=\"widget\" data-e-type=\"widget\" data-widget_type=\"text-editor.default\">\n\t\t\t\t<div class=\"elementor-widget-container\">\n\t\t\t\t\t\t\t\t\t<p style=\"text-align: center\"><span style=\"font-size: 14pt;color: #ffffff\"><strong>Projektdauer<\/strong><\/span><br \/><span style=\"font-size: 14pt;color: #ffffff\">02.2024 \u2013 10.2026<\/span><\/p>\t\t\t\t\t\t\t\t<\/div>\n\t\t\t\t<\/div>\n\t\t\t\t<\/div>\n\t\t<div class=\"elementor-element elementor-element-141bb33 e-con-full e-flex e-con e-child\" data-id=\"141bb33\" data-element_type=\"container\" data-e-type=\"container\" data-settings=\"{&quot;background_background&quot;:&quot;classic&quot;,&quot;shape_divider_top&quot;:&quot;arrow&quot;}\">\n\t\t\t\t<div class=\"elementor-shape elementor-shape-top\" aria-hidden=\"true\" data-negative=\"false\">\n\t\t\t<svg xmlns=\"http:\/\/www.w3.org\/2000\/svg\" viewBox=\"0 0 700 10\" preserveAspectRatio=\"none\">\n\t<path class=\"elementor-shape-fill\" d=\"M350,10L340,0h20L350,10z\"\/>\n<\/svg>\t\t<\/div>\n\t\t\t\t<div class=\"elementor-element elementor-element-6b1c4ee elementor-widget elementor-widget-text-editor\" data-id=\"6b1c4ee\" data-element_type=\"widget\" data-e-type=\"widget\" data-widget_type=\"text-editor.default\">\n\t\t\t\t<div class=\"elementor-widget-container\">\n\t\t\t\t\t\t\t\t\t<p style=\"text-align: center\"><span style=\"font-size: 14pt;color: #ffffff\"><strong>Gesamtbudget<\/strong><\/span><br \/><span style=\"font-size: 14pt;color: #ffffff\">\u20ac 1 195 529.00<\/span><\/p>\t\t\t\t\t\t\t\t<\/div>\n\t\t\t\t<\/div>\n\t\t\t\t<\/div>\n\t\t<div class=\"elementor-element elementor-element-6292914 e-con-full e-flex e-con e-child\" data-id=\"6292914\" data-element_type=\"container\" data-e-type=\"container\" data-settings=\"{&quot;background_background&quot;:&quot;classic&quot;,&quot;shape_divider_top&quot;:&quot;arrow&quot;}\">\n\t\t\t\t<div class=\"elementor-shape elementor-shape-top\" aria-hidden=\"true\" data-negative=\"false\">\n\t\t\t<svg xmlns=\"http:\/\/www.w3.org\/2000\/svg\" viewBox=\"0 0 700 10\" preserveAspectRatio=\"none\">\n\t<path class=\"elementor-shape-fill\" d=\"M350,10L340,0h20L350,10z\"\/>\n<\/svg>\t\t<\/div>\n\t\t\t\t<div class=\"elementor-element elementor-element-0bd6346 elementor-widget elementor-widget-text-editor\" data-id=\"0bd6346\" data-element_type=\"widget\" data-e-type=\"widget\" data-widget_type=\"text-editor.default\">\n\t\t\t\t<div class=\"elementor-widget-container\">\n\t\t\t\t\t\t\t\t\t<p style=\"text-align: center\"><span style=\"font-size: 14pt;color: #ffffff\"><strong>EU Teilfinanzierung<\/strong><\/span><br \/><span style=\"font-size: 14pt;color: #ffffff\">\u20ac 874 657.20<\/span><\/p>\t\t\t\t\t\t\t\t<\/div>\n\t\t\t\t<\/div>\n\t\t\t\t<\/div>\n\t\t\t\t\t<\/div>\n\t\t\t\t<\/div>\n\t\t<div class=\"elementor-element elementor-element-24565c0 e-flex e-con-boxed e-con e-parent\" data-id=\"24565c0\" data-element_type=\"container\" data-e-type=\"container\">\n\t\t\t\t\t<div class=\"e-con-inner\">\n\t\t\t\t<div class=\"elementor-element elementor-element-5752666 elementor-widget elementor-widget-video\" data-id=\"5752666\" data-element_type=\"widget\" data-e-type=\"widget\" data-settings=\"{&quot;youtube_url&quot;:&quot;https:\\\/\\\/www.youtube.com\\\/watch?v=t-CBTMQ1Fys&quot;,&quot;video_type&quot;:&quot;youtube&quot;,&quot;controls&quot;:&quot;yes&quot;}\" data-widget_type=\"video.default\">\n\t\t\t\t<div class=\"elementor-widget-container\">\n\t\t\t\t\t\t\t<div class=\"elementor-wrapper elementor-open-inline\">\n\t\t\t<div class=\"elementor-video\"><\/div>\t\t<\/div>\n\t\t\t\t\t\t<\/div>\n\t\t\t\t<\/div>\n\t\t\t\t\t<\/div>\n\t\t\t\t<\/div>\n\t\t<div class=\"elementor-element elementor-element-360f508 e-flex e-con-boxed e-con e-parent\" data-id=\"360f508\" data-element_type=\"container\" data-e-type=\"container\">\n\t\t\t\t\t<div class=\"e-con-inner\">\n\t\t<div class=\"elementor-element elementor-element-468f48b e-con-full e-flex e-con e-child\" data-id=\"468f48b\" data-element_type=\"container\" data-e-type=\"container\">\n\t\t\t\t<div class=\"elementor-element elementor-element-f057020 elementor-widget__width-initial elementor-widget elementor-widget-text-editor\" data-id=\"f057020\" data-element_type=\"widget\" data-e-type=\"widget\" data-widget_type=\"text-editor.default\">\n\t\t\t\t<div class=\"elementor-widget-container\">\n\t\t\t\t\t\t\t\t\t<p style=\"text-align: left\"><span style=\"font-size: 14pt\"><strong>ECKDATEN SITAR<\/strong><\/span><\/p><p style=\"text-align: left\"><strong>AUSSCHREIBUNG: <\/strong>Interreg VI-A Italien-\u00d6sterreich \u2013 Aufruf 2023\u00a0<\/p><p style=\"text-align: left\"><strong>PRIORIT\u00c4TSACHSE:<\/strong> 1 \u2013 Innovation und Unternehmen<\/p><p style=\"text-align: left\"><strong style=\"color: var(--sydney-text-color)\">POLITISCHES ZIEL:<\/strong><span style=\"color: var(--sydney-text-color)\"> 1 \u2013 Ein wettbewerbsf\u00e4higeres und intelligenteres Europa durch die F\u00f6rderung eines innovativen und intelligenten wirtschaftlichen Wandels und der regionalen IKT-Konnektivit\u00e4t<\/span><\/p><p style=\"text-align: left\"><strong>SPEZIFISCHES ZIEL:<\/strong> RSO1.1 \u2013 Entwicklung und Ausbau der Forschungs- und Innovationskapazit\u00e4ten und der Einf\u00fchrung fortschrittlicher Technologien<\/p><p style=\"text-align: left\"><strong>ART DER MASSNAHME:<\/strong> 3 \u2013 Entwicklung, \u00dcbernahme und Transfer von Technologien, Know-how und bew\u00e4hrten Verfahren<\/p><p style=\"text-align: left\"><strong>PRIORIT\u00c4RER INTERVENTIONSBEREICH:<\/strong> 4 \u2013 Neue und nachhaltige Technologien<\/p><p style=\"text-align: left\"><strong>PROJEKTTITEL:<\/strong> Unterst\u00fctzung der Bauindustrie beim \u00dcbergang zu klimafreundlichen Praktiken des Bauens im alpinen Raum<\/p><p><strong>PROJEKTNUMMER:<\/strong> ITAT-11-028<\/p><p style=\"text-align: left\"><strong>FINANZIERUNG:<\/strong> Das Projekt wird von den Europ\u00e4ischen Fonds f\u00fcr regionale Entwicklung (EFRE) und Interreg VI- Italien- \u00d6sterreich 2021-2027 finanziert.<\/p><hr \/><p><span style=\"font-size: 10pt\">Falls Sie Fragen zum Projekt haben, steht Ihnen der Projektleiter<span style=\"color: #0000ff\"> <a style=\"color: #0000ff\" href=\"https:\/\/www.fh-kaernten.at\/mitarbeiter-details?person=a.georgiou\" target=\"_blank\" rel=\"noopener\">Antroula Georgiou<\/a> <\/span>gerne jederzeit zur Verf\u00fcgung:\u00a0<span style=\"font-family: helvetica, arial, sans-serif\"><span style=\"color: #373737;text-align: var(--text-align)\">+43(0)590500\u20105119; <\/span><\/span><\/span><span style=\"color: #0000ff;font-size: 10pt\"><a style=\"color: #0000ff\" href=\"mailto:a.georgiou@fh-kaernten.at\" target=\"_blank\" rel=\"noopener\">a.georgiou@fh-kaernten.at<\/a><\/span><\/p><p><span style=\"font-size: 10pt\">Die Projektdetails finden Sie zusammengefasst hier: <span style=\"color: #0000ff\"><a style=\"color: #0000ff\" href=\"https:\/\/forschung.fh-kaernten.at\/sitar\/files\/2025\/02\/Poster-EN.pdf\" target=\"_blank\" rel=\"noopener\">Projektdatenblatt Englisch<\/a><\/span> bzw. <span style=\"color: #0000ff\"><a style=\"color: #0000ff\" href=\"https:\/\/forschung.fh-kaernten.at\/sitar\/files\/2025\/02\/DE-IT-poster_v1.0.2.pdf\" target=\"_blank\" rel=\"noopener\">Projektdatenblatt Deutsch\/Italienisch<\/a><\/span><\/span><\/p>\t\t\t\t\t\t\t\t<\/div>\n\t\t\t\t<\/div>\n\t\t\t\t<\/div>\n\t\t\t\t\t<\/div>\n\t\t\t\t<\/div>\n\t\t<div class=\"elementor-element elementor-element-97c4e87 e-flex e-con-boxed e-con e-parent\" data-id=\"97c4e87\" data-element_type=\"container\" data-e-type=\"container\">\n\t\t\t\t\t<div class=\"e-con-inner\">\n\t\t<div class=\"elementor-element elementor-element-a7c1146 e-con-full e-flex e-con e-child\" data-id=\"a7c1146\" data-element_type=\"container\" data-e-type=\"container\">\n\t\t\t\t<div class=\"elementor-element elementor-element-bc7e26d elementor-widget elementor-widget-text-editor\" data-id=\"bc7e26d\" data-element_type=\"widget\" data-e-type=\"widget\" data-widget_type=\"text-editor.default\">\n\t\t\t\t<div class=\"elementor-widget-container\">\n\t\t\t\t\t\t\t\t\t<p style=\"text-align: center\">Gerne k\u00f6nnen Sie uns auch auf YouTube und Instagram folgen &#8211; klicken Sie einfach auf den jeweiligen Button unterhalb und Sie werden zu der dazugeh\u00f6rigen Social Media Plattform von SITAR gef\u00fchrt.<\/p>\t\t\t\t\t\t\t\t<\/div>\n\t\t\t\t<\/div>\n\t\t\t\t<\/div>\n\t\t<div class=\"elementor-element elementor-element-d8fe260 e-con-full e-flex e-con e-child\" data-id=\"d8fe260\" data-element_type=\"container\" data-e-type=\"container\">\n\t\t\t\t<div class=\"elementor-element elementor-element-2415594 elementor-view-default elementor-widget elementor-widget-icon\" data-id=\"2415594\" data-element_type=\"widget\" data-e-type=\"widget\" data-widget_type=\"icon.default\">\n\t\t\t\t<div class=\"elementor-widget-container\">\n\t\t\t\t\t\t\t<div class=\"elementor-icon-wrapper\">\n\t\t\t<a class=\"elementor-icon\" href=\"https:\/\/www.youtube.com\/@ProgettoSitar\" target=\"_blank\">\n\t\t\t<svg aria-hidden=\"true\" class=\"e-font-icon-svg e-fab-youtube\" viewBox=\"0 0 576 512\" xmlns=\"http:\/\/www.w3.org\/2000\/svg\"><path d=\"M549.655 124.083c-6.281-23.65-24.787-42.276-48.284-48.597C458.781 64 288 64 288 64S117.22 64 74.629 75.486c-23.497 6.322-42.003 24.947-48.284 48.597-11.412 42.867-11.412 132.305-11.412 132.305s0 89.438 11.412 132.305c6.281 23.65 24.787 41.5 48.284 47.821C117.22 448 288 448 288 448s170.78 0 213.371-11.486c23.497-6.321 42.003-24.171 48.284-47.821 11.412-42.867 11.412-132.305 11.412-132.305s0-89.438-11.412-132.305zm-317.51 213.508V175.185l142.739 81.205-142.739 81.201z\"><\/path><\/svg>\t\t\t<\/a>\n\t\t<\/div>\n\t\t\t\t\t\t<\/div>\n\t\t\t\t<\/div>\n\t\t\t\t<\/div>\n\t\t<div class=\"elementor-element elementor-element-4ecba27 e-con-full e-flex e-con e-child\" data-id=\"4ecba27\" data-element_type=\"container\" data-e-type=\"container\">\n\t\t\t\t<div class=\"elementor-element elementor-element-af2a849 elementor-view-default elementor-widget elementor-widget-icon\" data-id=\"af2a849\" data-element_type=\"widget\" data-e-type=\"widget\" data-widget_type=\"icon.default\">\n\t\t\t\t<div class=\"elementor-widget-container\">\n\t\t\t\t\t\t\t<div class=\"elementor-icon-wrapper\">\n\t\t\t<a class=\"elementor-icon\" href=\"https:\/\/www.instagram.com\/progettositar\/\" target=\"_blank\">\n\t\t\t<svg aria-hidden=\"true\" class=\"e-font-icon-svg e-fab-instagram\" viewBox=\"0 0 448 512\" xmlns=\"http:\/\/www.w3.org\/2000\/svg\"><path d=\"M224.1 141c-63.6 0-114.9 51.3-114.9 114.9s51.3 114.9 114.9 114.9S339 319.5 339 255.9 287.7 141 224.1 141zm0 189.6c-41.1 0-74.7-33.5-74.7-74.7s33.5-74.7 74.7-74.7 74.7 33.5 74.7 74.7-33.6 74.7-74.7 74.7zm146.4-194.3c0 14.9-12 26.8-26.8 26.8-14.9 0-26.8-12-26.8-26.8s12-26.8 26.8-26.8 26.8 12 26.8 26.8zm76.1 27.2c-1.7-35.9-9.9-67.7-36.2-93.9-26.2-26.2-58-34.4-93.9-36.2-37-2.1-147.9-2.1-184.9 0-35.8 1.7-67.6 9.9-93.9 36.1s-34.4 58-36.2 93.9c-2.1 37-2.1 147.9 0 184.9 1.7 35.9 9.9 67.7 36.2 93.9s58 34.4 93.9 36.2c37 2.1 147.9 2.1 184.9 0 35.9-1.7 67.7-9.9 93.9-36.2 26.2-26.2 34.4-58 36.2-93.9 2.1-37 2.1-147.8 0-184.8zM398.8 388c-7.8 19.6-22.9 34.7-42.6 42.6-29.5 11.7-99.5 9-132.1 9s-102.7 2.6-132.1-9c-19.6-7.8-34.7-22.9-42.6-42.6-11.7-29.5-9-99.5-9-132.1s-2.6-102.7 9-132.1c7.8-19.6 22.9-34.7 42.6-42.6 29.5-11.7 99.5-9 132.1-9s102.7-2.6 132.1 9c19.6 7.8 34.7 22.9 42.6 42.6 11.7 29.5 9 99.5 9 132.1s2.7 102.7-9 132.1z\"><\/path><\/svg>\t\t\t<\/a>\n\t\t<\/div>\n\t\t\t\t\t\t<\/div>\n\t\t\t\t<\/div>\n\t\t\t\t<\/div>\n\t\t\t\t\t<\/div>\n\t\t\t\t<\/div>\n\t\t<div class=\"elementor-element elementor-element-2e3195d e-flex e-con-boxed e-con e-parent\" data-id=\"2e3195d\" data-element_type=\"container\" data-e-type=\"container\">\n\t\t\t\t\t<div class=\"e-con-inner\">\n\t\t\t\t<div class=\"elementor-element elementor-element-a2394e6 elementor-widget elementor-widget-text-editor\" data-id=\"a2394e6\" data-element_type=\"widget\" data-e-type=\"widget\" data-widget_type=\"text-editor.default\">\n\t\t\t\t<div class=\"elementor-widget-container\">\n\t\t\t\t\t\t\t\t\t<p style=\"text-align: center\">Zur Anmeldung f\u00fcr den E-Mail Newsletter registrieren Sie sich bitte unter folgendem QR-Code:<\/p>\n<p><img decoding=\"async\" class=\"wp-image-694 aligncenter lazyload\" src=\"data:image\/gif;base64,R0lGODlhAQABAAAAACH5BAEKAAEALAAAAAABAAEAAAICTAEAOw==\" alt=\"\" width=\"150\" height=\"150\" data-src=\"https:\/\/forschung.fh-kaernten.at\/sitar\/files\/2026\/01\/QR-Code-email-newsletter.jpg\"><\/p>\t\t\t\t\t\t\t\t<\/div>\n\t\t\t\t<\/div>\n\t\t\t\t\t<\/div>\n\t\t\t\t<\/div>\n\t\t\t\t<\/div>\n\t\t","protected":false},"excerpt":{"rendered":"<p>Das Projekt SITAR tr\u00e4gt dazu bei, den \u00dcbergang der Bauindustrie zu klimafreundlichen Praktiken in der Alpenregion zu beschleunigen\u00a0\u21d2\u00a0\u00a0Supporting the constrution\u00a0Industry in\u00a0Transitioning towards [&hellip;]<\/p>\n","protected":false},"author":48,"featured_media":0,"parent":0,"menu_order":0,"comment_status":"closed","ping_status":"closed","template":"","meta":{"_crdt_document":"","inline_featured_image":false,"footnotes":""},"class_list":["post-2","page","type-page","status-publish","hentry"],"yoast_head":"<!-- This site is optimized with the Yoast SEO plugin v27.4 - https:\/\/yoast.com\/product\/yoast-seo-wordpress\/ -->\n<title>SITAR -<\/title>\n<meta name=\"robots\" content=\"index, follow, max-snippet:-1, max-image-preview:large, max-video-preview:-1\" \/>\n<link rel=\"canonical\" href=\"https:\/\/forschung.fh-kaernten.at\/sitar\/\" \/>\n<meta property=\"og:locale\" content=\"de_DE\" \/>\n<meta property=\"og:type\" content=\"article\" \/>\n<meta property=\"og:title\" content=\"SITAR -\" \/>\n<meta property=\"og:description\" content=\"Das Projekt SITAR tr\u00e4gt dazu bei, den \u00dcbergang der Bauindustrie zu klimafreundlichen Praktiken in der Alpenregion zu beschleunigen\u00a0\u21d2\u00a0\u00a0Supporting the constrution\u00a0Industry in\u00a0Transitioning towards [&hellip;]\" \/>\n<meta property=\"og:url\" content=\"https:\/\/forschung.fh-kaernten.at\/sitar\/\" \/>\n<meta property=\"article:modified_time\" content=\"2026-01-28T11:57:28+00:00\" \/>\n<meta property=\"og:image\" content=\"https:\/\/forschung.fh-kaernten.at\/sitar\/files\/2026\/01\/QR-Code-email-newsletter.jpg\" \/>\n\t<meta property=\"og:image:width\" content=\"340\" \/>\n\t<meta property=\"og:image:height\" content=\"339\" \/>\n\t<meta property=\"og:image:type\" content=\"image\/jpeg\" \/>\n<meta name=\"twitter:card\" content=\"summary_large_image\" \/>\n<meta name=\"twitter:label1\" content=\"Gesch\u00e4tzte Lesezeit\" \/>\n\t<meta name=\"twitter:data1\" content=\"2\u00a0Minuten\" \/>\n<script type=\"application\/ld+json\" class=\"yoast-schema-graph\">{\"@context\":\"https:\\\/\\\/schema.org\",\"@graph\":[{\"@type\":\"WebPage\",\"@id\":\"https:\\\/\\\/forschung.fh-kaernten.at\\\/sitar\\\/\",\"url\":\"https:\\\/\\\/forschung.fh-kaernten.at\\\/sitar\\\/\",\"name\":\"SITAR -\",\"isPartOf\":{\"@id\":\"https:\\\/\\\/forschung.fh-kaernten.at\\\/sitar\\\/#website\"},\"primaryImageOfPage\":{\"@id\":\"https:\\\/\\\/forschung.fh-kaernten.at\\\/sitar\\\/#primaryimage\"},\"image\":{\"@id\":\"https:\\\/\\\/forschung.fh-kaernten.at\\\/sitar\\\/#primaryimage\"},\"thumbnailUrl\":\"https:\\\/\\\/forschung.fh-kaernten.at\\\/sitar\\\/files\\\/2026\\\/01\\\/QR-Code-email-newsletter.jpg\",\"datePublished\":\"2024-02-07T16:56:57+00:00\",\"dateModified\":\"2026-01-28T11:57:28+00:00\",\"breadcrumb\":{\"@id\":\"https:\\\/\\\/forschung.fh-kaernten.at\\\/sitar\\\/#breadcrumb\"},\"inLanguage\":\"de\",\"potentialAction\":[{\"@type\":\"ReadAction\",\"target\":[\"https:\\\/\\\/forschung.fh-kaernten.at\\\/sitar\\\/\"]}]},{\"@type\":\"ImageObject\",\"inLanguage\":\"de\",\"@id\":\"https:\\\/\\\/forschung.fh-kaernten.at\\\/sitar\\\/#primaryimage\",\"url\":\"https:\\\/\\\/forschung.fh-kaernten.at\\\/sitar\\\/files\\\/2026\\\/01\\\/QR-Code-email-newsletter.jpg\",\"contentUrl\":\"https:\\\/\\\/forschung.fh-kaernten.at\\\/sitar\\\/files\\\/2026\\\/01\\\/QR-Code-email-newsletter.jpg\",\"width\":340,\"height\":339},{\"@type\":\"BreadcrumbList\",\"@id\":\"https:\\\/\\\/forschung.fh-kaernten.at\\\/sitar\\\/#breadcrumb\",\"itemListElement\":[{\"@type\":\"ListItem\",\"position\":1,\"name\":\"Startseite\",\"item\":\"https:\\\/\\\/forschung.fh-kaernten.at\\\/sitar\\\/\"},{\"@type\":\"ListItem\",\"position\":2,\"name\":\"SITAR\"}]},{\"@type\":\"WebSite\",\"@id\":\"https:\\\/\\\/forschung.fh-kaernten.at\\\/sitar\\\/#website\",\"url\":\"https:\\\/\\\/forschung.fh-kaernten.at\\\/sitar\\\/\",\"name\":\"\",\"description\":\"\",\"potentialAction\":[{\"@type\":\"SearchAction\",\"target\":{\"@type\":\"EntryPoint\",\"urlTemplate\":\"https:\\\/\\\/forschung.fh-kaernten.at\\\/sitar\\\/?s={search_term_string}\"},\"query-input\":{\"@type\":\"PropertyValueSpecification\",\"valueRequired\":true,\"valueName\":\"search_term_string\"}}],\"inLanguage\":\"de\"}]}<\/script>\n<!-- \/ Yoast SEO plugin. -->","yoast_head_json":{"title":"SITAR -","robots":{"index":"index","follow":"follow","max-snippet":"max-snippet:-1","max-image-preview":"max-image-preview:large","max-video-preview":"max-video-preview:-1"},"canonical":"https:\/\/forschung.fh-kaernten.at\/sitar\/","og_locale":"de_DE","og_type":"article","og_title":"SITAR -","og_description":"Das Projekt SITAR tr\u00e4gt dazu bei, den \u00dcbergang der Bauindustrie zu klimafreundlichen Praktiken in der Alpenregion zu beschleunigen\u00a0\u21d2\u00a0\u00a0Supporting the constrution\u00a0Industry in\u00a0Transitioning towards [&hellip;]","og_url":"https:\/\/forschung.fh-kaernten.at\/sitar\/","article_modified_time":"2026-01-28T11:57:28+00:00","og_image":[{"width":340,"height":339,"url":"https:\/\/forschung.fh-kaernten.at\/sitar\/files\/2026\/01\/QR-Code-email-newsletter.jpg","type":"image\/jpeg"}],"twitter_card":"summary_large_image","twitter_misc":{"Gesch\u00e4tzte Lesezeit":"2\u00a0Minuten"},"schema":{"@context":"https:\/\/schema.org","@graph":[{"@type":"WebPage","@id":"https:\/\/forschung.fh-kaernten.at\/sitar\/","url":"https:\/\/forschung.fh-kaernten.at\/sitar\/","name":"SITAR -","isPartOf":{"@id":"https:\/\/forschung.fh-kaernten.at\/sitar\/#website"},"primaryImageOfPage":{"@id":"https:\/\/forschung.fh-kaernten.at\/sitar\/#primaryimage"},"image":{"@id":"https:\/\/forschung.fh-kaernten.at\/sitar\/#primaryimage"},"thumbnailUrl":"https:\/\/forschung.fh-kaernten.at\/sitar\/files\/2026\/01\/QR-Code-email-newsletter.jpg","datePublished":"2024-02-07T16:56:57+00:00","dateModified":"2026-01-28T11:57:28+00:00","breadcrumb":{"@id":"https:\/\/forschung.fh-kaernten.at\/sitar\/#breadcrumb"},"inLanguage":"de","potentialAction":[{"@type":"ReadAction","target":["https:\/\/forschung.fh-kaernten.at\/sitar\/"]}]},{"@type":"ImageObject","inLanguage":"de","@id":"https:\/\/forschung.fh-kaernten.at\/sitar\/#primaryimage","url":"https:\/\/forschung.fh-kaernten.at\/sitar\/files\/2026\/01\/QR-Code-email-newsletter.jpg","contentUrl":"https:\/\/forschung.fh-kaernten.at\/sitar\/files\/2026\/01\/QR-Code-email-newsletter.jpg","width":340,"height":339},{"@type":"BreadcrumbList","@id":"https:\/\/forschung.fh-kaernten.at\/sitar\/#breadcrumb","itemListElement":[{"@type":"ListItem","position":1,"name":"Startseite","item":"https:\/\/forschung.fh-kaernten.at\/sitar\/"},{"@type":"ListItem","position":2,"name":"SITAR"}]},{"@type":"WebSite","@id":"https:\/\/forschung.fh-kaernten.at\/sitar\/#website","url":"https:\/\/forschung.fh-kaernten.at\/sitar\/","name":"","description":"","potentialAction":[{"@type":"SearchAction","target":{"@type":"EntryPoint","urlTemplate":"https:\/\/forschung.fh-kaernten.at\/sitar\/?s={search_term_string}"},"query-input":{"@type":"PropertyValueSpecification","valueRequired":true,"valueName":"search_term_string"}}],"inLanguage":"de"}]}},"_links":{"self":[{"href":"https:\/\/forschung.fh-kaernten.at\/sitar\/wp-json\/wp\/v2\/pages\/2","targetHints":{"allow":["GET"]}}],"collection":[{"href":"https:\/\/forschung.fh-kaernten.at\/sitar\/wp-json\/wp\/v2\/pages"}],"about":[{"href":"https:\/\/forschung.fh-kaernten.at\/sitar\/wp-json\/wp\/v2\/types\/page"}],"author":[{"embeddable":true,"href":"https:\/\/forschung.fh-kaernten.at\/sitar\/wp-json\/wp\/v2\/users\/48"}],"replies":[{"embeddable":true,"href":"https:\/\/forschung.fh-kaernten.at\/sitar\/wp-json\/wp\/v2\/comments?post=2"}],"version-history":[{"count":5,"href":"https:\/\/forschung.fh-kaernten.at\/sitar\/wp-json\/wp\/v2\/pages\/2\/revisions"}],"predecessor-version":[{"id":706,"href":"https:\/\/forschung.fh-kaernten.at\/sitar\/wp-json\/wp\/v2\/pages\/2\/revisions\/706"}],"wp:attachment":[{"href":"https:\/\/forschung.fh-kaernten.at\/sitar\/wp-json\/wp\/v2\/media?parent=2"}],"curies":[{"name":"wp","href":"https:\/\/api.w.org\/{rel}","templated":true}]}}