{"id":595,"date":"2025-12-16T17:37:32","date_gmt":"2025-12-16T16:37:32","guid":{"rendered":"https:\/\/forschung.fh-kaernten.at\/sitar\/?page_id=595"},"modified":"2026-03-25T09:29:06","modified_gmt":"2026-03-25T08:29:06","slug":"summer-school","status":"publish","type":"page","link":"https:\/\/forschung.fh-kaernten.at\/sitar\/summer-school\/","title":{"rendered":"Summer School"},"content":{"rendered":"\t\t<div data-elementor-type=\"wp-page\" data-elementor-id=\"595\" class=\"elementor elementor-595\" data-elementor-post-type=\"page\">\n\t\t\t\t<div class=\"elementor-element elementor-element-dea9e17 e-flex e-con-boxed e-con e-parent\" data-id=\"dea9e17\" data-element_type=\"container\" data-e-type=\"container\">\n\t\t\t\t\t<div class=\"e-con-inner\">\n\t\t\t\t<div class=\"elementor-element elementor-element-26635bb elementor-widget elementor-widget-heading\" data-id=\"26635bb\" data-element_type=\"widget\" data-e-type=\"widget\" data-widget_type=\"heading.default\">\n\t\t\t\t<div class=\"elementor-widget-container\">\n\t\t\t\t\t<h2 class=\"elementor-heading-title elementor-size-default\">SITAR Summer School (Interreg Italia - \u00d6sterreich)<\/h2>\t\t\t\t<\/div>\n\t\t\t\t<\/div>\n\t\t\t\t\t<\/div>\n\t\t\t\t<\/div>\n\t\t<div class=\"elementor-element elementor-element-39684b4 e-flex e-con-boxed e-con e-parent\" data-id=\"39684b4\" data-element_type=\"container\" data-e-type=\"container\">\n\t\t\t\t\t<div class=\"e-con-inner\">\n\t\t\t\t<div class=\"elementor-element elementor-element-ab4918c elementor-widget elementor-widget-image\" data-id=\"ab4918c\" data-element_type=\"widget\" data-e-type=\"widget\" data-widget_type=\"image.default\">\n\t\t\t\t<div class=\"elementor-widget-container\">\n\t\t\t\t\t\t\t\t\t\t\t\t\t\t\t<img fetchpriority=\"high\" decoding=\"async\" width=\"576\" height=\"324\" src=\"data:image\/gif;base64,R0lGODlhAQABAAAAACH5BAEKAAEALAAAAAABAAEAAAICTAEAOw==\" class=\"attachment-large size-large wp-image-598 lazyload\" alt=\"\" sizes=\"(max-width: 576px) 100vw, 576px\" data-src=\"https:\/\/forschung.fh-kaernten.at\/sitar\/files\/2025\/12\/Foto_Summer_School_Hintergrund.png\" data-srcset=\"https:\/\/forschung.fh-kaernten.at\/sitar\/files\/2025\/12\/Foto_Summer_School_Hintergrund.png 576w, https:\/\/forschung.fh-kaernten.at\/sitar\/files\/2025\/12\/Foto_Summer_School_Hintergrund-300x169.png 300w, https:\/\/forschung.fh-kaernten.at\/sitar\/files\/2025\/12\/Foto_Summer_School_Hintergrund-230x129.png 230w, https:\/\/forschung.fh-kaernten.at\/sitar\/files\/2025\/12\/Foto_Summer_School_Hintergrund-350x197.png 350w, https:\/\/forschung.fh-kaernten.at\/sitar\/files\/2025\/12\/Foto_Summer_School_Hintergrund-480x270.png 480w\">\t\t\t\t\t\t\t\t\t\t\t\t\t\t\t<\/div>\n\t\t\t\t<\/div>\n\t\t\t\t\t<\/div>\n\t\t\t\t<\/div>\n\t\t<div class=\"elementor-element elementor-element-51270f8 e-flex e-con-boxed e-con e-parent\" data-id=\"51270f8\" data-element_type=\"container\" data-e-type=\"container\">\n\t\t\t\t\t<div class=\"e-con-inner\">\n\t\t\t\t<div class=\"elementor-element elementor-element-4d351f8 elementor-widget elementor-widget-text-editor\" data-id=\"4d351f8\" data-element_type=\"widget\" data-e-type=\"widget\" data-widget_type=\"text-editor.default\">\n\t\t\t\t<div class=\"elementor-widget-container\">\n\t\t\t\t\t\t\t\t\t<p style=\"text-align: center\"><span style=\"font-size: 18pt\"><strong>Klimafreundliche Praktiken in der Bauindustrie<\/strong><\/span><\/p><p style=\"text-align: center\"><span style=\"font-size: 14pt\"><strong>08. Juli 2026 \u2013 10. Juli 2026<\/strong><\/span><\/p><p style=\"text-align: center\">Die Summer School zu Praktiken im Bauwesen ist ein einzigartiges Programm f\u00fcr Studierende und Fachleute aus der Industrie, die die Zukunft des nachhaltigen Bauens mitgestalten m\u00f6chten. Dieses intensive dreit\u00e4gige Programm kombiniert Vortr\u00e4ge von Experten, praktische Labor\u00fcbungen und Fallstudien aus der Praxis von f\u00fchrenden Unternehmen und Institutionen. Die Teilnehmer befassen sich mit aktuellen Themen wie kohlenstoffarmen Zementalternativen, ultrahochfestem Beton, nachhaltiger Tragwerksplanung und fortschrittlichen Materialien f\u00fcr Reparaturen und Nachr\u00fcstungen. Diese Sommerschule wird in Zusammenarbeit mit Partnern aus Wissenschaft und Industrie veranstaltet und legt einen besonderen Schwerpunkt auf innovative \u00f6koeffiziente Tragwerksl\u00f6sungen. Sie bietet eine leistungsstarke Plattform, um Ihr Fachwissen zu vertiefen, Ihr Netzwerk zu erweitern und einen Beitrag zum \u00f6kologischen Wandel im Bauwesen zu leisten.<\/p><p style=\"text-align: center\"><strong>Zeitraum:<\/strong><br \/>08. Juli 2026 08:45 &#8211; 18:00 Uhr<br \/>09. Juli 2026 09:00 &#8211; 18:00 Uhr<br \/>10. Juli 2026 09:00 &#8211; 18:00 Uhr<\/p><p style=\"text-align: center\"><strong>Ort: <\/strong>Fachhochschule K\u00e4rnten \u2013 Campus Villach, Europastra\u00dfe 4, 9524 Villach, \u00d6sterreich<\/p><p style=\"text-align: center\"><strong>Sprache: <\/strong>Englisch<\/p><p style=\"text-align: center\"><strong>Zielgruppe:<\/strong><br \/>Studierende des Bauingenieurwesens (3. Jahr)<br \/>Master- und Doktoratsstudierende<br \/>Postdoktoranden<br \/>Fachleute<\/p><p style=\"text-align: center\"><strong>Kosten:<\/strong> <strong>Ihre Teilnahme ist gratis!<\/strong><\/p><p style=\"text-align: center\"><strong>Flyer:<\/strong> <span style=\"color: #0000ff\"><a style=\"color: #0000ff\" href=\"https:\/\/forschung.fh-kaernten.at\/sitar\/files\/2026\/02\/Summer-School-July-2026_v3.pdf\" target=\"_blank\" rel=\"noopener\">Download hier<\/a><\/span><\/p><p style=\"text-align: center\"><strong>Programm:<\/strong><\/p><p><img decoding=\"async\" class=\"alignnone size-full wp-image-675 lazyload\" src=\"data:image\/gif;base64,R0lGODlhAQABAAAAACH5BAEKAAEALAAAAAABAAEAAAICTAEAOw==\" alt=\"\" width=\"1611\" height=\"832\" data-src=\"https:\/\/forschung.fh-kaernten.at\/sitar\/files\/2026\/01\/Summer-School-July-2026-schedule_v1.png\"><\/p><p style=\"text-align: center\"><span style=\"font-size: 18pt\"><strong>Anmeldung bis zum 19. Juni 2026 m\u00f6glich. <span style=\"color: #0000ff\"><a style=\"color: #0000ff\" href=\"https:\/\/docs.google.com\/forms\/d\/e\/1FAIpQLSfAmznNp5a-Mwsp26lQylaPk7iCMIgoV41yBL3utK0gNPy9PQ\/viewform\" target=\"_blank\" rel=\"noopener\">Jetzt anmelden!<\/a><\/span><\/strong><\/span><\/p><hr \/><p style=\"text-align: center\"><span style=\"font-size: 10pt;font-family: arial, helvetica, sans-serif\"><strong>Ansprechpartnerinnen:<\/strong><\/span><br \/><span style=\"font-size: 10pt;font-family: arial, helvetica, sans-serif\">Antroula Georgiou (inhaltlich), <a href=\"mailto:A.Georgiou@fh-kaernten.at\">A.Georgiou@fh-kaernten.at<\/a>, <a href=\"tel:+435905005119\">+43 59 0500 5119<\/a><\/span><br \/><span style=\"font-family: arial, helvetica, sans-serif;font-size: 10pt\">Claudia Zdol\u0161ek (Organisation), <a href=\"mailto:C.Zdolsek@fh-kaernten.at\" target=\"_blank\" rel=\"noopener\">C.Zdolsek@fh-kaernten.at<\/a>, <a href=\"tel:+435905004319\">+43 59 0500 4319<\/a><\/span><\/p><p style=\"text-align: center\"><span style=\"font-size: 10pt;font-family: arial, helvetica, sans-serif\"><strong>Stornierungsbedingungen:<\/strong> <\/span><br \/><span style=\"font-size: 10pt;font-family: arial, helvetica, sans-serif\">Eine kostenlose Stornierung ist bis 10 Tage vor Seminarbeginn schriftlich m\u00f6glich. Danach wird die gesamte Seminargeb\u00fchr in Rechnung gestellt. Eine Vertretung der angemeldeten Person ist m\u00f6glich.<\/span><\/p>\t\t\t\t\t\t\t\t<\/div>\n\t\t\t\t<\/div>\n\t\t\t\t\t<\/div>\n\t\t\t\t<\/div>\n\t\t\t\t<\/div>\n\t\t","protected":false},"excerpt":{"rendered":"<p>SITAR Summer School (Interreg Italia &#8211; \u00d6sterreich) Klimafreundliche Praktiken in der Bauindustrie 08. Juli 2026 \u2013 10. Juli 2026 Die Summer School [&hellip;]<\/p>\n","protected":false},"author":107,"featured_media":0,"parent":0,"menu_order":0,"comment_status":"closed","ping_status":"closed","template":"","meta":{"_crdt_document":"","inline_featured_image":false,"footnotes":""},"class_list":["post-595","page","type-page","status-publish","hentry"],"yoast_head":"<!-- This site is optimized with the Yoast SEO plugin v27.4 - https:\/\/yoast.com\/product\/yoast-seo-wordpress\/ -->\n<title>Summer School -<\/title>\n<meta name=\"robots\" content=\"index, follow, max-snippet:-1, max-image-preview:large, max-video-preview:-1\" \/>\n<link rel=\"canonical\" href=\"https:\/\/forschung.fh-kaernten.at\/sitar\/summer-school\/\" \/>\n<meta property=\"og:locale\" content=\"de_DE\" \/>\n<meta property=\"og:type\" content=\"article\" \/>\n<meta property=\"og:title\" content=\"Summer School -\" \/>\n<meta property=\"og:description\" content=\"SITAR Summer School (Interreg Italia &#8211; \u00d6sterreich) Klimafreundliche Praktiken in der Bauindustrie 08. Juli 2026 \u2013 10. Juli 2026 Die Summer School [&hellip;]\" \/>\n<meta property=\"og:url\" content=\"https:\/\/forschung.fh-kaernten.at\/sitar\/summer-school\/\" \/>\n<meta property=\"article:modified_time\" content=\"2026-03-25T08:29:06+00:00\" \/>\n<meta property=\"og:image\" content=\"https:\/\/forschung.fh-kaernten.at\/sitar\/files\/2025\/12\/Foto_Summer_School_Hintergrund.png\" \/>\n\t<meta property=\"og:image:width\" content=\"576\" \/>\n\t<meta property=\"og:image:height\" content=\"324\" \/>\n\t<meta property=\"og:image:type\" content=\"image\/png\" \/>\n<meta name=\"twitter:card\" content=\"summary_large_image\" \/>\n<meta name=\"twitter:label1\" content=\"Gesch\u00e4tzte Lesezeit\" \/>\n\t<meta name=\"twitter:data1\" content=\"2\u00a0Minuten\" \/>\n<script type=\"application\/ld+json\" class=\"yoast-schema-graph\">{\"@context\":\"https:\\\/\\\/schema.org\",\"@graph\":[{\"@type\":\"WebPage\",\"@id\":\"https:\\\/\\\/forschung.fh-kaernten.at\\\/sitar\\\/summer-school\\\/\",\"url\":\"https:\\\/\\\/forschung.fh-kaernten.at\\\/sitar\\\/summer-school\\\/\",\"name\":\"Summer School -\",\"isPartOf\":{\"@id\":\"https:\\\/\\\/forschung.fh-kaernten.at\\\/sitar\\\/#website\"},\"primaryImageOfPage\":{\"@id\":\"https:\\\/\\\/forschung.fh-kaernten.at\\\/sitar\\\/summer-school\\\/#primaryimage\"},\"image\":{\"@id\":\"https:\\\/\\\/forschung.fh-kaernten.at\\\/sitar\\\/summer-school\\\/#primaryimage\"},\"thumbnailUrl\":\"https:\\\/\\\/forschung.fh-kaernten.at\\\/sitar\\\/files\\\/2025\\\/12\\\/Foto_Summer_School_Hintergrund.png\",\"datePublished\":\"2025-12-16T16:37:32+00:00\",\"dateModified\":\"2026-03-25T08:29:06+00:00\",\"breadcrumb\":{\"@id\":\"https:\\\/\\\/forschung.fh-kaernten.at\\\/sitar\\\/summer-school\\\/#breadcrumb\"},\"inLanguage\":\"de\",\"potentialAction\":[{\"@type\":\"ReadAction\",\"target\":[\"https:\\\/\\\/forschung.fh-kaernten.at\\\/sitar\\\/summer-school\\\/\"]}]},{\"@type\":\"ImageObject\",\"inLanguage\":\"de\",\"@id\":\"https:\\\/\\\/forschung.fh-kaernten.at\\\/sitar\\\/summer-school\\\/#primaryimage\",\"url\":\"https:\\\/\\\/forschung.fh-kaernten.at\\\/sitar\\\/files\\\/2025\\\/12\\\/Foto_Summer_School_Hintergrund.png\",\"contentUrl\":\"https:\\\/\\\/forschung.fh-kaernten.at\\\/sitar\\\/files\\\/2025\\\/12\\\/Foto_Summer_School_Hintergrund.png\",\"width\":576,\"height\":324},{\"@type\":\"BreadcrumbList\",\"@id\":\"https:\\\/\\\/forschung.fh-kaernten.at\\\/sitar\\\/summer-school\\\/#breadcrumb\",\"itemListElement\":[{\"@type\":\"ListItem\",\"position\":1,\"name\":\"Startseite\",\"item\":\"https:\\\/\\\/forschung.fh-kaernten.at\\\/sitar\\\/\"},{\"@type\":\"ListItem\",\"position\":2,\"name\":\"Summer School\"}]},{\"@type\":\"WebSite\",\"@id\":\"https:\\\/\\\/forschung.fh-kaernten.at\\\/sitar\\\/#website\",\"url\":\"https:\\\/\\\/forschung.fh-kaernten.at\\\/sitar\\\/\",\"name\":\"\",\"description\":\"\",\"potentialAction\":[{\"@type\":\"SearchAction\",\"target\":{\"@type\":\"EntryPoint\",\"urlTemplate\":\"https:\\\/\\\/forschung.fh-kaernten.at\\\/sitar\\\/?s={search_term_string}\"},\"query-input\":{\"@type\":\"PropertyValueSpecification\",\"valueRequired\":true,\"valueName\":\"search_term_string\"}}],\"inLanguage\":\"de\"}]}<\/script>\n<!-- \/ Yoast SEO plugin. -->","yoast_head_json":{"title":"Summer School -","robots":{"index":"index","follow":"follow","max-snippet":"max-snippet:-1","max-image-preview":"max-image-preview:large","max-video-preview":"max-video-preview:-1"},"canonical":"https:\/\/forschung.fh-kaernten.at\/sitar\/summer-school\/","og_locale":"de_DE","og_type":"article","og_title":"Summer School -","og_description":"SITAR Summer School (Interreg Italia &#8211; \u00d6sterreich) Klimafreundliche Praktiken in der Bauindustrie 08. Juli 2026 \u2013 10. Juli 2026 Die Summer School [&hellip;]","og_url":"https:\/\/forschung.fh-kaernten.at\/sitar\/summer-school\/","article_modified_time":"2026-03-25T08:29:06+00:00","og_image":[{"width":576,"height":324,"url":"https:\/\/forschung.fh-kaernten.at\/sitar\/files\/2025\/12\/Foto_Summer_School_Hintergrund.png","type":"image\/png"}],"twitter_card":"summary_large_image","twitter_misc":{"Gesch\u00e4tzte Lesezeit":"2\u00a0Minuten"},"schema":{"@context":"https:\/\/schema.org","@graph":[{"@type":"WebPage","@id":"https:\/\/forschung.fh-kaernten.at\/sitar\/summer-school\/","url":"https:\/\/forschung.fh-kaernten.at\/sitar\/summer-school\/","name":"Summer School -","isPartOf":{"@id":"https:\/\/forschung.fh-kaernten.at\/sitar\/#website"},"primaryImageOfPage":{"@id":"https:\/\/forschung.fh-kaernten.at\/sitar\/summer-school\/#primaryimage"},"image":{"@id":"https:\/\/forschung.fh-kaernten.at\/sitar\/summer-school\/#primaryimage"},"thumbnailUrl":"https:\/\/forschung.fh-kaernten.at\/sitar\/files\/2025\/12\/Foto_Summer_School_Hintergrund.png","datePublished":"2025-12-16T16:37:32+00:00","dateModified":"2026-03-25T08:29:06+00:00","breadcrumb":{"@id":"https:\/\/forschung.fh-kaernten.at\/sitar\/summer-school\/#breadcrumb"},"inLanguage":"de","potentialAction":[{"@type":"ReadAction","target":["https:\/\/forschung.fh-kaernten.at\/sitar\/summer-school\/"]}]},{"@type":"ImageObject","inLanguage":"de","@id":"https:\/\/forschung.fh-kaernten.at\/sitar\/summer-school\/#primaryimage","url":"https:\/\/forschung.fh-kaernten.at\/sitar\/files\/2025\/12\/Foto_Summer_School_Hintergrund.png","contentUrl":"https:\/\/forschung.fh-kaernten.at\/sitar\/files\/2025\/12\/Foto_Summer_School_Hintergrund.png","width":576,"height":324},{"@type":"BreadcrumbList","@id":"https:\/\/forschung.fh-kaernten.at\/sitar\/summer-school\/#breadcrumb","itemListElement":[{"@type":"ListItem","position":1,"name":"Startseite","item":"https:\/\/forschung.fh-kaernten.at\/sitar\/"},{"@type":"ListItem","position":2,"name":"Summer School"}]},{"@type":"WebSite","@id":"https:\/\/forschung.fh-kaernten.at\/sitar\/#website","url":"https:\/\/forschung.fh-kaernten.at\/sitar\/","name":"","description":"","potentialAction":[{"@type":"SearchAction","target":{"@type":"EntryPoint","urlTemplate":"https:\/\/forschung.fh-kaernten.at\/sitar\/?s={search_term_string}"},"query-input":{"@type":"PropertyValueSpecification","valueRequired":true,"valueName":"search_term_string"}}],"inLanguage":"de"}]}},"_links":{"self":[{"href":"https:\/\/forschung.fh-kaernten.at\/sitar\/wp-json\/wp\/v2\/pages\/595","targetHints":{"allow":["GET"]}}],"collection":[{"href":"https:\/\/forschung.fh-kaernten.at\/sitar\/wp-json\/wp\/v2\/pages"}],"about":[{"href":"https:\/\/forschung.fh-kaernten.at\/sitar\/wp-json\/wp\/v2\/types\/page"}],"author":[{"embeddable":true,"href":"https:\/\/forschung.fh-kaernten.at\/sitar\/wp-json\/wp\/v2\/users\/107"}],"replies":[{"embeddable":true,"href":"https:\/\/forschung.fh-kaernten.at\/sitar\/wp-json\/wp\/v2\/comments?post=595"}],"version-history":[{"count":5,"href":"https:\/\/forschung.fh-kaernten.at\/sitar\/wp-json\/wp\/v2\/pages\/595\/revisions"}],"predecessor-version":[{"id":748,"href":"https:\/\/forschung.fh-kaernten.at\/sitar\/wp-json\/wp\/v2\/pages\/595\/revisions\/748"}],"wp:attachment":[{"href":"https:\/\/forschung.fh-kaernten.at\/sitar\/wp-json\/wp\/v2\/media?parent=595"}],"curies":[{"name":"wp","href":"https:\/\/api.w.org\/{rel}","templated":true}]}}